{"id":24797,"date":"2024-02-12T15:00:56","date_gmt":"2024-02-12T15:00:56","guid":{"rendered":"https:\/\/likeink.se\/gnuggis\/sagieart\/"},"modified":"2024-02-14T16:13:37","modified_gmt":"2024-02-14T16:13:37","slug":"von-sagie-tattoo","status":"publish","type":"product","link":"https:\/\/likeink.com\/de\/tatowierungen\/von-sagie-tattoo\/","title":{"rendered":"Flash &#8220;Unicum Gallery&#8221; von Sagie Tattoo"},"content":{"rendered":"","protected":false},"excerpt":{"rendered":"<p>Dieses Blatt wurde vom T\u00e4towierer und Graffiti-K\u00fcnstler Sagie Tattoo entworfen! Es ist wirklich toll, diese farbenfrohen Tattoo-Kunstwerke in Form von qualitativ hochwertigen tempor\u00e4ren Tattoos anbieten zu k\u00f6nnen.<\/p>\n<h2>Bestelle tempor\u00e4re Tattoos, entworfen von Sagie Tattoo.<\/h2>\n<p><strong>Dies ist Christofer \u201dSagie\u201d:<\/strong> Christofer ist ein anerkannt talentierter Graffiti-Maler und T\u00e4towierer. Er arbeitet t\u00e4glich in seinem eigenen Studio, Unikum Gallery in J\u00f6nk\u00f6ping. Christofer arbeitet viel mit Aquarell-Tattoos und Stilen, die der Graffiti- und Streetart nahekommen, gerne auch mit etwas Farbe au\u00dferhalb der Linien! Sagie besch\u00e4ftigt sich seit \u00fcber 10 Jahren mit dem T\u00e4towieren und hat sich fast drei Jahrzehnte lang mit Graffiti auseinandergesetzt.<br \/>\nDie fertigen Bl\u00e4tter von Like inks mit tempor\u00e4ren Tattoos sind ungef\u00e4hr 20\u00d714 cm gro\u00df und gef\u00fcllt mit den Motiven, die du auf dem Bild siehst. Wir drucken und versenden dein Blatt mit Tattoos innerhalb von 24 Stunden nach deiner Bestellung.<\/p>\n<p><strong>Blattgr\u00f6\u00dfe:<\/strong> A5<br \/>\n<strong>Tattoogr\u00f6\u00dfe:<\/strong> 6-10 cm<\/p>\n<p><strong>Kontaktiere Christofer:<\/strong><\/p>\n<p><strong>Instagram:<\/strong><br \/>\nsagietattoo<br \/>\nsagieart<\/p>\n<p><strong>Studio:<\/strong><br \/>\nUnikum Gallery<\/p>\n<p><strong>Adresse:<\/strong><br \/>\nFornkullegatan 2, J\u00f6nk\u00f6ping<\/p>\n<p><strong>Webseite:<\/strong><br \/>\nsagie.se<\/p>\n","protected":false},"featured_media":24790,"template":"","meta":[],"product_brand":[],"product_cat":[55,503,522],"product_tag":[],"class_list":{"0":"post-24797","1":"product","2":"type-product","3":"status-publish","4":"has-post-thumbnail","6":"product_cat-fertige-boegen","7":"product_cat-kooperationen-mit-taetowierern","8":"product_cat-tiere-natur","10":"first","11":"instock","12":"taxable","13":"shipping-taxable","14":"purchasable","15":"product-type-simple"},"yoast_head":"<!-- This site is optimized with the Yoast SEO Premium plugin v26.2 (Yoast SEO v27.5) - https:\/\/yoast.com\/product\/yoast-seo-premium-wordpress\/ -->\n<title>Flash &quot;Unicum Gallery&quot; von Sagie Tattoo - Like ink<\/title>\n<meta name=\"description\" content=\"Dieses Blatt wurde vom T\u00e4towierer und Graffiti-K\u00fcnstler Sagie Tattoo entworfen. Wundersch\u00f6ne tempor\u00e4re Tattoos von hoher Qualit\u00e4t! - Like ink\" \/>\n<meta name=\"robots\" content=\"index, follow, max-snippet:-1, max-image-preview:large, max-video-preview:-1\" \/>\n<link rel=\"canonical\" href=\"https:\/\/likeink.com\/de\/tatowierungen\/von-sagie-tattoo\/\" \/>\n<meta property=\"og:locale\" content=\"de_DE\" \/>\n<meta property=\"og:type\" content=\"article\" \/>\n<meta property=\"og:title\" content=\"Flash &quot;Unicum Gallery&quot; von Sagie Tattoo\" \/>\n<meta property=\"og:description\" content=\"Dieses Blatt wurde vom T\u00e4towierer und Graffiti-K\u00fcnstler Sagie Tattoo entworfen! Es ist wirklich toll, diese farbenfrohen Tattoo-Kunstwerke in Form von qualitativ hochwertigen tempor\u00e4ren Tattoos anbieten zu k\u00f6nnen. Bestelle tempor\u00e4re Tattoos, entworfen von Sagie Tattoo. Dies ist Christofer \u201dSagie\u201d: Christofer ist ein anerkannt talentierter Graffiti-Maler und T\u00e4towierer. Er arbeitet t\u00e4glich in seinem eigenen Studio, Unikum Gallery in J\u00f6nk\u00f6ping. Christofer arbeitet viel mit Aquarell-Tattoos und Stilen, die der Graffiti- und Streetart nahekommen, gerne auch mit etwas Farbe au\u00dferhalb der Linien! Sagie besch\u00e4ftigt sich seit \u00fcber 10 Jahren mit dem T\u00e4towieren und hat sich fast drei Jahrzehnte lang mit Graffiti auseinandergesetzt. Die fertigen Bl\u00e4tter von Like inks mit tempor\u00e4ren Tattoos sind ungef\u00e4hr 20\u00d714 cm gro\u00df und gef\u00fcllt mit den Motiven, die du auf dem Bild siehst. Wir drucken und versenden dein Blatt mit Tattoos innerhalb von 24 Stunden nach deiner Bestellung.  Blattgr\u00f6\u00dfe: A5 Tattoogr\u00f6\u00dfe: 6-10 cm  Kontaktiere Christofer:  Instagram: sagietattoo sagieart  Studio: Unikum Gallery  Adresse: Fornkullegatan 2, J\u00f6nk\u00f6ping  Webseite: sagie.se\" \/>\n<meta property=\"og:url\" content=\"https:\/\/likeink.com\/de\/tatowierungen\/von-sagie-tattoo\/\" \/>\n<meta property=\"og:site_name\" content=\"Like ink\" \/>\n<meta property=\"article:publisher\" content=\"https:\/\/www.facebook.com\/LikeInkSe\" \/>\n<meta property=\"article:modified_time\" content=\"2024-02-14T16:13:37+00:00\" \/>\n<meta property=\"og:image\" content=\"https:\/\/likeink.com\/wp-content\/uploads\/2024\/02\/SAGIE-UNIKUM-GALLERY-TATTOOS-LIKEINK-1.jpg\" \/>\n\t<meta property=\"og:image:width\" content=\"1702\" \/>\n\t<meta property=\"og:image:height\" content=\"1200\" \/>\n\t<meta property=\"og:image:type\" content=\"image\/jpeg\" \/>\n<meta name=\"twitter:card\" content=\"summary_large_image\" \/>\n<meta name=\"twitter:label1\" content=\"Gesch\u00e4tzte Lesezeit\" \/>\n\t<meta name=\"twitter:data1\" content=\"1\u00a0Minute\" \/>\n<!-- \/ Yoast SEO Premium plugin. -->","yoast_head_json":{"title":"Flash \"Unicum Gallery\" von Sagie Tattoo - Like ink","description":"Dieses Blatt wurde vom T\u00e4towierer und Graffiti-K\u00fcnstler Sagie Tattoo entworfen. Wundersch\u00f6ne tempor\u00e4re Tattoos von hoher Qualit\u00e4t! - Like ink","robots":{"index":"index","follow":"follow","max-snippet":"max-snippet:-1","max-image-preview":"max-image-preview:large","max-video-preview":"max-video-preview:-1"},"canonical":"https:\/\/likeink.com\/de\/tatowierungen\/von-sagie-tattoo\/","og_locale":"de_DE","og_type":"article","og_title":"Flash \"Unicum Gallery\" von Sagie Tattoo","og_description":"Dieses Blatt wurde vom T\u00e4towierer und Graffiti-K\u00fcnstler Sagie Tattoo entworfen! Es ist wirklich toll, diese farbenfrohen Tattoo-Kunstwerke in Form von qualitativ hochwertigen tempor\u00e4ren Tattoos anbieten zu k\u00f6nnen. Bestelle tempor\u00e4re Tattoos, entworfen von Sagie Tattoo. Dies ist Christofer \u201dSagie\u201d: Christofer ist ein anerkannt talentierter Graffiti-Maler und T\u00e4towierer. Er arbeitet t\u00e4glich in seinem eigenen Studio, Unikum Gallery in J\u00f6nk\u00f6ping. Christofer arbeitet viel mit Aquarell-Tattoos und Stilen, die der Graffiti- und Streetart nahekommen, gerne auch mit etwas Farbe au\u00dferhalb der Linien! Sagie besch\u00e4ftigt sich seit \u00fcber 10 Jahren mit dem T\u00e4towieren und hat sich fast drei Jahrzehnte lang mit Graffiti auseinandergesetzt. Die fertigen Bl\u00e4tter von Like inks mit tempor\u00e4ren Tattoos sind ungef\u00e4hr 20\u00d714 cm gro\u00df und gef\u00fcllt mit den Motiven, die du auf dem Bild siehst. Wir drucken und versenden dein Blatt mit Tattoos innerhalb von 24 Stunden nach deiner Bestellung.  Blattgr\u00f6\u00dfe: A5 Tattoogr\u00f6\u00dfe: 6-10 cm  Kontaktiere Christofer:  Instagram: sagietattoo sagieart  Studio: Unikum Gallery  Adresse: Fornkullegatan 2, J\u00f6nk\u00f6ping  Webseite: sagie.se","og_url":"https:\/\/likeink.com\/de\/tatowierungen\/von-sagie-tattoo\/","og_site_name":"Like ink","article_publisher":"https:\/\/www.facebook.com\/LikeInkSe","article_modified_time":"2024-02-14T16:13:37+00:00","og_image":[{"width":1702,"height":1200,"url":"https:\/\/likeink.com\/wp-content\/uploads\/2024\/02\/SAGIE-UNIKUM-GALLERY-TATTOOS-LIKEINK-1.jpg","type":"image\/jpeg"}],"twitter_card":"summary_large_image","twitter_misc":{"Gesch\u00e4tzte Lesezeit":"1\u00a0Minute"},"schema":{"@context":"https:\/\/schema.org","@graph":[{"@type":"WebPage","@id":"https:\/\/likeink.com\/de\/tatowierungen\/von-sagie-tattoo\/","url":"https:\/\/likeink.com\/de\/tatowierungen\/von-sagie-tattoo\/","name":"Flash \"Unicum Gallery\" von Sagie Tattoo - Like ink","isPartOf":{"@id":"https:\/\/likeink.com\/de\/#website"},"primaryImageOfPage":{"@id":"https:\/\/likeink.com\/de\/tatowierungen\/von-sagie-tattoo\/#primaryimage"},"image":{"@id":"https:\/\/likeink.com\/de\/tatowierungen\/von-sagie-tattoo\/#primaryimage"},"thumbnailUrl":"https:\/\/likeink.com\/wp-content\/uploads\/2024\/02\/SAGIE-UNIKUM-GALLERY-TATTOOS-LIKEINK-1.jpg","datePublished":"2024-02-12T15:00:56+00:00","dateModified":"2024-02-14T16:13:37+00:00","description":"Dieses Blatt wurde vom T\u00e4towierer und Graffiti-K\u00fcnstler Sagie Tattoo entworfen. Wundersch\u00f6ne tempor\u00e4re Tattoos von hoher Qualit\u00e4t! - Like ink","breadcrumb":{"@id":"https:\/\/likeink.com\/de\/tatowierungen\/von-sagie-tattoo\/#breadcrumb"},"inLanguage":"de","potentialAction":[{"@type":"ReadAction","target":["https:\/\/likeink.com\/de\/tatowierungen\/von-sagie-tattoo\/"]}]},{"@type":"ImageObject","inLanguage":"de","@id":"https:\/\/likeink.com\/de\/tatowierungen\/von-sagie-tattoo\/#primaryimage","url":"https:\/\/likeink.com\/wp-content\/uploads\/2024\/02\/SAGIE-UNIKUM-GALLERY-TATTOOS-LIKEINK-1.jpg","contentUrl":"https:\/\/likeink.com\/wp-content\/uploads\/2024\/02\/SAGIE-UNIKUM-GALLERY-TATTOOS-LIKEINK-1.jpg","width":1702,"height":1200,"caption":"5 gro\u00dfe Tier-Tattoos in Aquarell"},{"@type":"BreadcrumbList","@id":"https:\/\/likeink.com\/de\/tatowierungen\/von-sagie-tattoo\/#breadcrumb","itemListElement":[{"@type":"ListItem","position":1,"name":"Hem","item":"https:\/\/likeink.com\/de\/"},{"@type":"ListItem","position":2,"name":"Shop","item":"https:\/\/likeink.com\/de\/shop\/"},{"@type":"ListItem","position":3,"name":"Flash &#8222;Unicum Gallery&#8220; von Sagie Tattoo"}]},{"@type":"WebSite","@id":"https:\/\/likeink.com\/de\/#website","url":"https:\/\/likeink.com\/de\/","name":"Like ink","description":"Gestalten Sie Ihre eigenen tempor\u00e4ren Tattoos","potentialAction":[{"@type":"SearchAction","target":{"@type":"EntryPoint","urlTemplate":"https:\/\/likeink.com\/de\/?s={search_term_string}"},"query-input":{"@type":"PropertyValueSpecification","valueRequired":true,"valueName":"search_term_string"}}],"inLanguage":"de"}]}},"_links":{"self":[{"href":"https:\/\/likeink.com\/de\/wp-json\/wp\/v2\/product\/24797","targetHints":{"allow":["GET"]}}],"collection":[{"href":"https:\/\/likeink.com\/de\/wp-json\/wp\/v2\/product"}],"about":[{"href":"https:\/\/likeink.com\/de\/wp-json\/wp\/v2\/types\/product"}],"wp:featuredmedia":[{"embeddable":true,"href":"https:\/\/likeink.com\/de\/wp-json\/wp\/v2\/media\/24790"}],"wp:attachment":[{"href":"https:\/\/likeink.com\/de\/wp-json\/wp\/v2\/media?parent=24797"}],"wp:term":[{"taxonomy":"product_brand","embeddable":true,"href":"https:\/\/likeink.com\/de\/wp-json\/wp\/v2\/product_brand?post=24797"},{"taxonomy":"product_cat","embeddable":true,"href":"https:\/\/likeink.com\/de\/wp-json\/wp\/v2\/product_cat?post=24797"},{"taxonomy":"product_tag","embeddable":true,"href":"https:\/\/likeink.com\/de\/wp-json\/wp\/v2\/product_tag?post=24797"}],"curies":[{"name":"wp","href":"https:\/\/api.w.org\/{rel}","templated":true}]}}