{"id":26833,"date":"2024-05-01T08:11:43","date_gmt":"2024-05-01T08:11:43","guid":{"rendered":"https:\/\/likeink.se\/gnuggis\/eu-flaggor-samling\/"},"modified":"2024-05-01T08:25:39","modified_gmt":"2024-05-01T08:25:39","slug":"eu-flaggensammlung","status":"publish","type":"product","link":"https:\/\/likeink.com\/de\/tatowierungen\/eu-flaggensammlung\/","title":{"rendered":"EU-Flaggensammlung A4"},"content":{"rendered":"","protected":false},"excerpt":{"rendered":"<p>EU-Flaggensammlung, Fake-Tattoos auf A4. In dieser Sammlung findest du die Landesflaggen von 29 EU-L\u00e4ndern. Diese Sammlung ist ideal f\u00fcr EM-Spiele, um Menschen bei verschiedenen Sportveranstaltungen, auf Festivals und Events zu vereinen!<\/p>\n<h2>Bestellen Sie EU-Flaggen als Fake-Tattoos.<\/h2>\n<p>Wenn du nur eine spezifische Landesflagge m\u00f6chtest, die wir nicht einzeln verkaufen, kannst du uns mit Informationen \u00fcber die gew\u00fcnschte Flagge, Gr\u00f6\u00dfe und Anzahl der Tattoos kontaktieren, und wir helfen dir!<br \/>\nUnsere Tattoos sind einfach anzubringen und zu entfernen. Sie sind allergikerfreundlich, vegan und erf\u00fcllen nat\u00fcrlich alle Gesetzgebungen f\u00fcr kosmetische Produkte in Europa und dem UK.<\/p>\n<p><strong>Blattgr\u00f6\u00dfe:<\/strong> A4<br \/>\n<strong>Anzahl der Tattoos:<\/strong> 29<br \/>\n<strong>Gr\u00f6\u00dfe von 13 Tattoos:<\/strong> 50mm<\/p>\n","protected":false},"featured_media":26353,"template":"","meta":[],"product_brand":[],"product_cat":[185,55],"product_tag":[],"class_list":{"0":"post-26833","1":"product","2":"type-product","3":"status-publish","4":"has-post-thumbnail","6":"product_cat-feiertags-tattoos","7":"product_cat-fertige-boegen","9":"first","10":"instock","11":"taxable","12":"shipping-taxable","13":"purchasable","14":"product-type-simple"},"yoast_head":"<!-- This site is optimized with the Yoast SEO Premium plugin v26.2 (Yoast SEO v27.4) - https:\/\/yoast.com\/product\/yoast-seo-premium-wordpress\/ -->\n<title>EU-Flaggensammlung mit Fake-Tattoos - Like ink<\/title>\n<meta name=\"description\" content=\"EU-Flaggensammlung: 29 Flaggen als Fake-Tattoos. Tempor\u00e4re Tattoos sind perfekt f\u00fcr L\u00e4nderspiele und Festivals. Schnelle Lieferung - Like ink\" \/>\n<meta name=\"robots\" content=\"index, follow, max-snippet:-1, max-image-preview:large, max-video-preview:-1\" \/>\n<link rel=\"canonical\" href=\"https:\/\/likeink.com\/de\/tatowierungen\/eu-flaggensammlung\/\" \/>\n<meta property=\"og:locale\" content=\"de_DE\" \/>\n<meta property=\"og:type\" content=\"article\" \/>\n<meta property=\"og:title\" content=\"EU-Flaggensammlung A4\" \/>\n<meta property=\"og:description\" content=\"EU-Flaggensammlung, Fake-Tattoos auf A4. In dieser Sammlung findest du die Landesflaggen von 29 EU-L\u00e4ndern. Diese Sammlung ist ideal f\u00fcr EM-Spiele, um Menschen bei verschiedenen Sportveranstaltungen, auf Festivals und Events zu vereinen! Bestellen Sie EU-Flaggen als Fake-Tattoos. Wenn du nur eine spezifische Landesflagge m\u00f6chtest, die wir nicht einzeln verkaufen, kannst du uns mit Informationen \u00fcber die gew\u00fcnschte Flagge, Gr\u00f6\u00dfe und Anzahl der Tattoos kontaktieren, und wir helfen dir! Unsere Tattoos sind einfach anzubringen und zu entfernen. Sie sind allergikerfreundlich, vegan und erf\u00fcllen nat\u00fcrlich alle Gesetzgebungen f\u00fcr kosmetische Produkte in Europa und dem UK.  Blattgr\u00f6\u00dfe: A4 Anzahl der Tattoos: 29 Gr\u00f6\u00dfe von 13 Tattoos: 50mm\" \/>\n<meta property=\"og:url\" content=\"https:\/\/likeink.com\/de\/tatowierungen\/eu-flaggensammlung\/\" \/>\n<meta property=\"og:site_name\" content=\"Like ink\" \/>\n<meta property=\"article:publisher\" content=\"https:\/\/www.facebook.com\/LikeInkSe\" \/>\n<meta property=\"article:modified_time\" content=\"2024-05-01T08:25:39+00:00\" \/>\n<meta property=\"og:image\" content=\"https:\/\/likeink.com\/wp-content\/uploads\/2024\/04\/EU-Flags-Set-Likeink.jpg\" \/>\n\t<meta property=\"og:image:width\" content=\"1800\" \/>\n\t<meta property=\"og:image:height\" content=\"1273\" \/>\n\t<meta property=\"og:image:type\" content=\"image\/jpeg\" \/>\n<meta name=\"twitter:card\" content=\"summary_large_image\" \/>\n<meta name=\"twitter:label1\" content=\"Gesch\u00e4tzte Lesezeit\" \/>\n\t<meta name=\"twitter:data1\" content=\"1\u00a0Minute\" \/>\n<script type=\"application\/ld+json\" class=\"yoast-schema-graph\">{\"@context\":\"https:\\\/\\\/schema.org\",\"@graph\":[{\"@type\":\"WebPage\",\"@id\":\"https:\\\/\\\/likeink.com\\\/de\\\/tatowierungen\\\/eu-flaggensammlung\\\/\",\"url\":\"https:\\\/\\\/likeink.com\\\/de\\\/tatowierungen\\\/eu-flaggensammlung\\\/\",\"name\":\"EU-Flaggensammlung mit Fake-Tattoos - Like ink\",\"isPartOf\":{\"@id\":\"https:\\\/\\\/likeink.com\\\/de\\\/#website\"},\"primaryImageOfPage\":{\"@id\":\"https:\\\/\\\/likeink.com\\\/de\\\/tatowierungen\\\/eu-flaggensammlung\\\/#primaryimage\"},\"image\":{\"@id\":\"https:\\\/\\\/likeink.com\\\/de\\\/tatowierungen\\\/eu-flaggensammlung\\\/#primaryimage\"},\"thumbnailUrl\":\"https:\\\/\\\/likeink.com\\\/wp-content\\\/uploads\\\/2024\\\/04\\\/EU-Flags-Set-Likeink.jpg\",\"datePublished\":\"2024-05-01T08:11:43+00:00\",\"dateModified\":\"2024-05-01T08:25:39+00:00\",\"description\":\"EU-Flaggensammlung: 29 Flaggen als Fake-Tattoos. Tempor\u00e4re Tattoos sind perfekt f\u00fcr L\u00e4nderspiele und Festivals. Schnelle Lieferung - Like ink\",\"breadcrumb\":{\"@id\":\"https:\\\/\\\/likeink.com\\\/de\\\/tatowierungen\\\/eu-flaggensammlung\\\/#breadcrumb\"},\"inLanguage\":\"de\",\"potentialAction\":[{\"@type\":\"ReadAction\",\"target\":[\"https:\\\/\\\/likeink.com\\\/de\\\/tatowierungen\\\/eu-flaggensammlung\\\/\"]}]},{\"@type\":\"ImageObject\",\"inLanguage\":\"de\",\"@id\":\"https:\\\/\\\/likeink.com\\\/de\\\/tatowierungen\\\/eu-flaggensammlung\\\/#primaryimage\",\"url\":\"https:\\\/\\\/likeink.com\\\/wp-content\\\/uploads\\\/2024\\\/04\\\/EU-Flags-Set-Likeink.jpg\",\"contentUrl\":\"https:\\\/\\\/likeink.com\\\/wp-content\\\/uploads\\\/2024\\\/04\\\/EU-Flags-Set-Likeink.jpg\",\"width\":1800,\"height\":1273,\"caption\":\"umfangreiche Sammlung von EU-Flaggen-Tattoos\"},{\"@type\":\"BreadcrumbList\",\"@id\":\"https:\\\/\\\/likeink.com\\\/de\\\/tatowierungen\\\/eu-flaggensammlung\\\/#breadcrumb\",\"itemListElement\":[{\"@type\":\"ListItem\",\"position\":1,\"name\":\"Hem\",\"item\":\"https:\\\/\\\/likeink.com\\\/de\\\/\"},{\"@type\":\"ListItem\",\"position\":2,\"name\":\"Shop\",\"item\":\"https:\\\/\\\/likeink.com\\\/de\\\/shop\\\/\"},{\"@type\":\"ListItem\",\"position\":3,\"name\":\"EU-Flaggensammlung A4\"}]},{\"@type\":\"WebSite\",\"@id\":\"https:\\\/\\\/likeink.com\\\/de\\\/#website\",\"url\":\"https:\\\/\\\/likeink.com\\\/de\\\/\",\"name\":\"Like ink\",\"description\":\"Gestalten Sie Ihre eigenen tempor\u00e4ren Tattoos\",\"potentialAction\":[{\"@type\":\"SearchAction\",\"target\":{\"@type\":\"EntryPoint\",\"urlTemplate\":\"https:\\\/\\\/likeink.com\\\/de\\\/?s={search_term_string}\"},\"query-input\":{\"@type\":\"PropertyValueSpecification\",\"valueRequired\":true,\"valueName\":\"search_term_string\"}}],\"inLanguage\":\"de\"}]}<\/script>\n<!-- \/ Yoast SEO Premium plugin. -->","yoast_head_json":{"title":"EU-Flaggensammlung mit Fake-Tattoos - Like ink","description":"EU-Flaggensammlung: 29 Flaggen als Fake-Tattoos. Tempor\u00e4re Tattoos sind perfekt f\u00fcr L\u00e4nderspiele und Festivals. Schnelle Lieferung - Like ink","robots":{"index":"index","follow":"follow","max-snippet":"max-snippet:-1","max-image-preview":"max-image-preview:large","max-video-preview":"max-video-preview:-1"},"canonical":"https:\/\/likeink.com\/de\/tatowierungen\/eu-flaggensammlung\/","og_locale":"de_DE","og_type":"article","og_title":"EU-Flaggensammlung A4","og_description":"EU-Flaggensammlung, Fake-Tattoos auf A4. In dieser Sammlung findest du die Landesflaggen von 29 EU-L\u00e4ndern. Diese Sammlung ist ideal f\u00fcr EM-Spiele, um Menschen bei verschiedenen Sportveranstaltungen, auf Festivals und Events zu vereinen! Bestellen Sie EU-Flaggen als Fake-Tattoos. Wenn du nur eine spezifische Landesflagge m\u00f6chtest, die wir nicht einzeln verkaufen, kannst du uns mit Informationen \u00fcber die gew\u00fcnschte Flagge, Gr\u00f6\u00dfe und Anzahl der Tattoos kontaktieren, und wir helfen dir! Unsere Tattoos sind einfach anzubringen und zu entfernen. Sie sind allergikerfreundlich, vegan und erf\u00fcllen nat\u00fcrlich alle Gesetzgebungen f\u00fcr kosmetische Produkte in Europa und dem UK.  Blattgr\u00f6\u00dfe: A4 Anzahl der Tattoos: 29 Gr\u00f6\u00dfe von 13 Tattoos: 50mm","og_url":"https:\/\/likeink.com\/de\/tatowierungen\/eu-flaggensammlung\/","og_site_name":"Like ink","article_publisher":"https:\/\/www.facebook.com\/LikeInkSe","article_modified_time":"2024-05-01T08:25:39+00:00","og_image":[{"width":1800,"height":1273,"url":"https:\/\/likeink.com\/wp-content\/uploads\/2024\/04\/EU-Flags-Set-Likeink.jpg","type":"image\/jpeg"}],"twitter_card":"summary_large_image","twitter_misc":{"Gesch\u00e4tzte Lesezeit":"1\u00a0Minute"},"schema":{"@context":"https:\/\/schema.org","@graph":[{"@type":"WebPage","@id":"https:\/\/likeink.com\/de\/tatowierungen\/eu-flaggensammlung\/","url":"https:\/\/likeink.com\/de\/tatowierungen\/eu-flaggensammlung\/","name":"EU-Flaggensammlung mit Fake-Tattoos - Like ink","isPartOf":{"@id":"https:\/\/likeink.com\/de\/#website"},"primaryImageOfPage":{"@id":"https:\/\/likeink.com\/de\/tatowierungen\/eu-flaggensammlung\/#primaryimage"},"image":{"@id":"https:\/\/likeink.com\/de\/tatowierungen\/eu-flaggensammlung\/#primaryimage"},"thumbnailUrl":"https:\/\/likeink.com\/wp-content\/uploads\/2024\/04\/EU-Flags-Set-Likeink.jpg","datePublished":"2024-05-01T08:11:43+00:00","dateModified":"2024-05-01T08:25:39+00:00","description":"EU-Flaggensammlung: 29 Flaggen als Fake-Tattoos. Tempor\u00e4re Tattoos sind perfekt f\u00fcr L\u00e4nderspiele und Festivals. Schnelle Lieferung - Like ink","breadcrumb":{"@id":"https:\/\/likeink.com\/de\/tatowierungen\/eu-flaggensammlung\/#breadcrumb"},"inLanguage":"de","potentialAction":[{"@type":"ReadAction","target":["https:\/\/likeink.com\/de\/tatowierungen\/eu-flaggensammlung\/"]}]},{"@type":"ImageObject","inLanguage":"de","@id":"https:\/\/likeink.com\/de\/tatowierungen\/eu-flaggensammlung\/#primaryimage","url":"https:\/\/likeink.com\/wp-content\/uploads\/2024\/04\/EU-Flags-Set-Likeink.jpg","contentUrl":"https:\/\/likeink.com\/wp-content\/uploads\/2024\/04\/EU-Flags-Set-Likeink.jpg","width":1800,"height":1273,"caption":"umfangreiche Sammlung von EU-Flaggen-Tattoos"},{"@type":"BreadcrumbList","@id":"https:\/\/likeink.com\/de\/tatowierungen\/eu-flaggensammlung\/#breadcrumb","itemListElement":[{"@type":"ListItem","position":1,"name":"Hem","item":"https:\/\/likeink.com\/de\/"},{"@type":"ListItem","position":2,"name":"Shop","item":"https:\/\/likeink.com\/de\/shop\/"},{"@type":"ListItem","position":3,"name":"EU-Flaggensammlung A4"}]},{"@type":"WebSite","@id":"https:\/\/likeink.com\/de\/#website","url":"https:\/\/likeink.com\/de\/","name":"Like ink","description":"Gestalten Sie Ihre eigenen tempor\u00e4ren Tattoos","potentialAction":[{"@type":"SearchAction","target":{"@type":"EntryPoint","urlTemplate":"https:\/\/likeink.com\/de\/?s={search_term_string}"},"query-input":{"@type":"PropertyValueSpecification","valueRequired":true,"valueName":"search_term_string"}}],"inLanguage":"de"}]}},"_links":{"self":[{"href":"https:\/\/likeink.com\/de\/wp-json\/wp\/v2\/product\/26833","targetHints":{"allow":["GET"]}}],"collection":[{"href":"https:\/\/likeink.com\/de\/wp-json\/wp\/v2\/product"}],"about":[{"href":"https:\/\/likeink.com\/de\/wp-json\/wp\/v2\/types\/product"}],"wp:featuredmedia":[{"embeddable":true,"href":"https:\/\/likeink.com\/de\/wp-json\/wp\/v2\/media\/26353"}],"wp:attachment":[{"href":"https:\/\/likeink.com\/de\/wp-json\/wp\/v2\/media?parent=26833"}],"wp:term":[{"taxonomy":"product_brand","embeddable":true,"href":"https:\/\/likeink.com\/de\/wp-json\/wp\/v2\/product_brand?post=26833"},{"taxonomy":"product_cat","embeddable":true,"href":"https:\/\/likeink.com\/de\/wp-json\/wp\/v2\/product_cat?post=26833"},{"taxonomy":"product_tag","embeddable":true,"href":"https:\/\/likeink.com\/de\/wp-json\/wp\/v2\/product_tag?post=26833"}],"curies":[{"name":"wp","href":"https:\/\/api.w.org\/{rel}","templated":true}]}}