{"id":28271,"date":"2024-06-02T10:40:09","date_gmt":"2024-06-02T10:40:09","guid":{"rendered":"https:\/\/likeink.se\/gnuggis\/glitter-tatuering-fjaril\/"},"modified":"2026-03-17T12:16:17","modified_gmt":"2026-03-17T12:16:17","slug":"glitzertattoo-schmetterling","status":"publish","type":"product","link":"https:\/\/likeink.com\/de\/tatowierungen\/glitzertattoo-schmetterling\/","title":{"rendered":"Glitzertattoo Schmetterling"},"content":{"rendered":"","protected":false},"excerpt":{"rendered":"<p>Glitzertattoo Schmetterling A6:<br \/>\nVerwandle jeden Tag in ein funkelndes Erlebnis mit unseren Glitzertattoos! Diese tempor\u00e4ren Tattoos sind sanft zur Haut und leicht anzubringen, was sie perfekt f\u00fcr Kinder und Erwachsene macht. Jedes Tattoo zeigt sch\u00f6ne Schmetterlinge und elegante V\u00f6gel mit glitzerndem Glitter, was jedem Anlass eine coole Note verleiht.<\/p>\n<h2>Kaufen Sie tempor\u00e4re Glitzertattoos mit glitzernden Schmetterlingen.<\/h2>\n<p>Perfekt f\u00fcr Partys, Festivals oder einfach als lustige Aktivit\u00e4t zu Hause, diese Glitzertattoos sind ein sicherer Hit, der Freude und Glanz verbreitet.<\/p>\n<p><strong>Blattgr\u00f6\u00dfe:<\/strong> A6<br \/>\n<strong>Anzahl der Glitzertattoos:<\/strong> 6<br \/>\n<strong>Tattoo-Gr\u00f6\u00dfen:<\/strong> 30-120mm<\/p>\n","protected":false},"featured_media":28001,"template":"","meta":[],"product_brand":[],"product_cat":[55,177],"product_tag":[],"class_list":{"0":"post-28271","1":"product","2":"type-product","3":"status-publish","4":"has-post-thumbnail","6":"product_cat-fertige-boegen","7":"product_cat-tier-natur-taetowierungen-blumen-taetowierungen","9":"first","10":"outofstock","11":"taxable","12":"shipping-taxable","13":"purchasable","14":"product-type-simple"},"yoast_head":"<!-- This site is optimized with the Yoast SEO Premium plugin v26.2 (Yoast SEO v27.4) - https:\/\/yoast.com\/product\/yoast-seo-premium-wordpress\/ -->\n<title>Glitzertattoo Schmetterling - Like ink<\/title>\n<meta name=\"description\" content=\"Glitzertattoo Schmetterling und V\u00f6gel. Funkelnde tempor\u00e4re Tattoos mit glitzernden Motiven. Langlebige Glitzertattoos. - Like ink\" \/>\n<meta name=\"robots\" content=\"index, follow, max-snippet:-1, max-image-preview:large, max-video-preview:-1\" \/>\n<link rel=\"canonical\" href=\"https:\/\/likeink.com\/de\/tatowierungen\/glitzertattoo-schmetterling\/\" \/>\n<meta property=\"og:locale\" content=\"de_DE\" \/>\n<meta property=\"og:type\" content=\"article\" \/>\n<meta property=\"og:title\" content=\"Glitzertattoo Schmetterling\" \/>\n<meta property=\"og:description\" content=\"Glitzertattoo Schmetterling A6: Verwandle jeden Tag in ein funkelndes Erlebnis mit unseren Glitzertattoos! Diese tempor\u00e4ren Tattoos sind sanft zur Haut und leicht anzubringen, was sie perfekt f\u00fcr Kinder und Erwachsene macht. Jedes Tattoo zeigt sch\u00f6ne Schmetterlinge und elegante V\u00f6gel mit glitzerndem Glitter, was jedem Anlass eine coole Note verleiht.  Kaufen Sie tempor\u00e4re Glitzertattoos mit glitzernden Schmetterlingen. Perfekt f\u00fcr Partys, Festivals oder einfach als lustige Aktivit\u00e4t zu Hause, diese Glitzertattoos sind ein sicherer Hit, der Freude und Glanz verbreitet.  Blattgr\u00f6\u00dfe: A6 Anzahl der Glitzertattoos: 6 Tattoo-Gr\u00f6\u00dfen: 30-120mm\" \/>\n<meta property=\"og:url\" content=\"https:\/\/likeink.com\/de\/tatowierungen\/glitzertattoo-schmetterling\/\" \/>\n<meta property=\"og:site_name\" content=\"Like ink\" \/>\n<meta property=\"article:publisher\" content=\"https:\/\/www.facebook.com\/LikeInkSe\" \/>\n<meta property=\"article:modified_time\" content=\"2026-03-17T12:16:17+00:00\" \/>\n<meta property=\"og:image\" content=\"https:\/\/likeink.com\/wp-content\/uploads\/2024\/05\/Glitter-Tattoos-HS-015.png\" \/>\n\t<meta property=\"og:image:width\" content=\"1423\" \/>\n\t<meta property=\"og:image:height\" content=\"1070\" \/>\n\t<meta property=\"og:image:type\" content=\"image\/png\" \/>\n<meta name=\"twitter:card\" content=\"summary_large_image\" \/>\n<meta name=\"twitter:label1\" content=\"Gesch\u00e4tzte Lesezeit\" \/>\n\t<meta name=\"twitter:data1\" content=\"1\u00a0Minute\" \/>\n<script type=\"application\/ld+json\" class=\"yoast-schema-graph\">{\"@context\":\"https:\\\/\\\/schema.org\",\"@graph\":[{\"@type\":\"WebPage\",\"@id\":\"https:\\\/\\\/likeink.com\\\/de\\\/tatowierungen\\\/glitzertattoo-schmetterling\\\/\",\"url\":\"https:\\\/\\\/likeink.com\\\/de\\\/tatowierungen\\\/glitzertattoo-schmetterling\\\/\",\"name\":\"Glitzertattoo Schmetterling - Like ink\",\"isPartOf\":{\"@id\":\"https:\\\/\\\/likeink.com\\\/de\\\/#website\"},\"primaryImageOfPage\":{\"@id\":\"https:\\\/\\\/likeink.com\\\/de\\\/tatowierungen\\\/glitzertattoo-schmetterling\\\/#primaryimage\"},\"image\":{\"@id\":\"https:\\\/\\\/likeink.com\\\/de\\\/tatowierungen\\\/glitzertattoo-schmetterling\\\/#primaryimage\"},\"thumbnailUrl\":\"https:\\\/\\\/likeink.com\\\/wp-content\\\/uploads\\\/2024\\\/05\\\/Glitter-Tattoos-HS-015.png\",\"datePublished\":\"2024-06-02T10:40:09+00:00\",\"dateModified\":\"2026-03-17T12:16:17+00:00\",\"description\":\"Glitzertattoo Schmetterling und V\u00f6gel. Funkelnde tempor\u00e4re Tattoos mit glitzernden Motiven. Langlebige Glitzertattoos. - Like ink\",\"breadcrumb\":{\"@id\":\"https:\\\/\\\/likeink.com\\\/de\\\/tatowierungen\\\/glitzertattoo-schmetterling\\\/#breadcrumb\"},\"inLanguage\":\"de\",\"potentialAction\":[{\"@type\":\"ReadAction\",\"target\":[\"https:\\\/\\\/likeink.com\\\/de\\\/tatowierungen\\\/glitzertattoo-schmetterling\\\/\"]}]},{\"@type\":\"ImageObject\",\"inLanguage\":\"de\",\"@id\":\"https:\\\/\\\/likeink.com\\\/de\\\/tatowierungen\\\/glitzertattoo-schmetterling\\\/#primaryimage\",\"url\":\"https:\\\/\\\/likeink.com\\\/wp-content\\\/uploads\\\/2024\\\/05\\\/Glitter-Tattoos-HS-015.png\",\"contentUrl\":\"https:\\\/\\\/likeink.com\\\/wp-content\\\/uploads\\\/2024\\\/05\\\/Glitter-Tattoos-HS-015.png\",\"width\":1423,\"height\":1070,\"caption\":\"Sch\u00f6ne tempor\u00e4re Tattoos mit Glitzer.\"},{\"@type\":\"BreadcrumbList\",\"@id\":\"https:\\\/\\\/likeink.com\\\/de\\\/tatowierungen\\\/glitzertattoo-schmetterling\\\/#breadcrumb\",\"itemListElement\":[{\"@type\":\"ListItem\",\"position\":1,\"name\":\"Hem\",\"item\":\"https:\\\/\\\/likeink.com\\\/de\\\/\"},{\"@type\":\"ListItem\",\"position\":2,\"name\":\"Shop\",\"item\":\"https:\\\/\\\/likeink.com\\\/de\\\/shop\\\/\"},{\"@type\":\"ListItem\",\"position\":3,\"name\":\"Glitzertattoo Schmetterling\"}]},{\"@type\":\"WebSite\",\"@id\":\"https:\\\/\\\/likeink.com\\\/de\\\/#website\",\"url\":\"https:\\\/\\\/likeink.com\\\/de\\\/\",\"name\":\"Like ink\",\"description\":\"Gestalten Sie Ihre eigenen tempor\u00e4ren Tattoos\",\"potentialAction\":[{\"@type\":\"SearchAction\",\"target\":{\"@type\":\"EntryPoint\",\"urlTemplate\":\"https:\\\/\\\/likeink.com\\\/de\\\/?s={search_term_string}\"},\"query-input\":{\"@type\":\"PropertyValueSpecification\",\"valueRequired\":true,\"valueName\":\"search_term_string\"}}],\"inLanguage\":\"de\"}]}<\/script>\n<!-- \/ Yoast SEO Premium plugin. -->","yoast_head_json":{"title":"Glitzertattoo Schmetterling - Like ink","description":"Glitzertattoo Schmetterling und V\u00f6gel. Funkelnde tempor\u00e4re Tattoos mit glitzernden Motiven. Langlebige Glitzertattoos. - Like ink","robots":{"index":"index","follow":"follow","max-snippet":"max-snippet:-1","max-image-preview":"max-image-preview:large","max-video-preview":"max-video-preview:-1"},"canonical":"https:\/\/likeink.com\/de\/tatowierungen\/glitzertattoo-schmetterling\/","og_locale":"de_DE","og_type":"article","og_title":"Glitzertattoo Schmetterling","og_description":"Glitzertattoo Schmetterling A6: Verwandle jeden Tag in ein funkelndes Erlebnis mit unseren Glitzertattoos! Diese tempor\u00e4ren Tattoos sind sanft zur Haut und leicht anzubringen, was sie perfekt f\u00fcr Kinder und Erwachsene macht. Jedes Tattoo zeigt sch\u00f6ne Schmetterlinge und elegante V\u00f6gel mit glitzerndem Glitter, was jedem Anlass eine coole Note verleiht.  Kaufen Sie tempor\u00e4re Glitzertattoos mit glitzernden Schmetterlingen. Perfekt f\u00fcr Partys, Festivals oder einfach als lustige Aktivit\u00e4t zu Hause, diese Glitzertattoos sind ein sicherer Hit, der Freude und Glanz verbreitet.  Blattgr\u00f6\u00dfe: A6 Anzahl der Glitzertattoos: 6 Tattoo-Gr\u00f6\u00dfen: 30-120mm","og_url":"https:\/\/likeink.com\/de\/tatowierungen\/glitzertattoo-schmetterling\/","og_site_name":"Like ink","article_publisher":"https:\/\/www.facebook.com\/LikeInkSe","article_modified_time":"2026-03-17T12:16:17+00:00","og_image":[{"width":1423,"height":1070,"url":"https:\/\/likeink.com\/wp-content\/uploads\/2024\/05\/Glitter-Tattoos-HS-015.png","type":"image\/png"}],"twitter_card":"summary_large_image","twitter_misc":{"Gesch\u00e4tzte Lesezeit":"1\u00a0Minute"},"schema":{"@context":"https:\/\/schema.org","@graph":[{"@type":"WebPage","@id":"https:\/\/likeink.com\/de\/tatowierungen\/glitzertattoo-schmetterling\/","url":"https:\/\/likeink.com\/de\/tatowierungen\/glitzertattoo-schmetterling\/","name":"Glitzertattoo Schmetterling - Like ink","isPartOf":{"@id":"https:\/\/likeink.com\/de\/#website"},"primaryImageOfPage":{"@id":"https:\/\/likeink.com\/de\/tatowierungen\/glitzertattoo-schmetterling\/#primaryimage"},"image":{"@id":"https:\/\/likeink.com\/de\/tatowierungen\/glitzertattoo-schmetterling\/#primaryimage"},"thumbnailUrl":"https:\/\/likeink.com\/wp-content\/uploads\/2024\/05\/Glitter-Tattoos-HS-015.png","datePublished":"2024-06-02T10:40:09+00:00","dateModified":"2026-03-17T12:16:17+00:00","description":"Glitzertattoo Schmetterling und V\u00f6gel. Funkelnde tempor\u00e4re Tattoos mit glitzernden Motiven. Langlebige Glitzertattoos. - Like ink","breadcrumb":{"@id":"https:\/\/likeink.com\/de\/tatowierungen\/glitzertattoo-schmetterling\/#breadcrumb"},"inLanguage":"de","potentialAction":[{"@type":"ReadAction","target":["https:\/\/likeink.com\/de\/tatowierungen\/glitzertattoo-schmetterling\/"]}]},{"@type":"ImageObject","inLanguage":"de","@id":"https:\/\/likeink.com\/de\/tatowierungen\/glitzertattoo-schmetterling\/#primaryimage","url":"https:\/\/likeink.com\/wp-content\/uploads\/2024\/05\/Glitter-Tattoos-HS-015.png","contentUrl":"https:\/\/likeink.com\/wp-content\/uploads\/2024\/05\/Glitter-Tattoos-HS-015.png","width":1423,"height":1070,"caption":"Sch\u00f6ne tempor\u00e4re Tattoos mit Glitzer."},{"@type":"BreadcrumbList","@id":"https:\/\/likeink.com\/de\/tatowierungen\/glitzertattoo-schmetterling\/#breadcrumb","itemListElement":[{"@type":"ListItem","position":1,"name":"Hem","item":"https:\/\/likeink.com\/de\/"},{"@type":"ListItem","position":2,"name":"Shop","item":"https:\/\/likeink.com\/de\/shop\/"},{"@type":"ListItem","position":3,"name":"Glitzertattoo Schmetterling"}]},{"@type":"WebSite","@id":"https:\/\/likeink.com\/de\/#website","url":"https:\/\/likeink.com\/de\/","name":"Like ink","description":"Gestalten Sie Ihre eigenen tempor\u00e4ren Tattoos","potentialAction":[{"@type":"SearchAction","target":{"@type":"EntryPoint","urlTemplate":"https:\/\/likeink.com\/de\/?s={search_term_string}"},"query-input":{"@type":"PropertyValueSpecification","valueRequired":true,"valueName":"search_term_string"}}],"inLanguage":"de"}]}},"_links":{"self":[{"href":"https:\/\/likeink.com\/de\/wp-json\/wp\/v2\/product\/28271","targetHints":{"allow":["GET"]}}],"collection":[{"href":"https:\/\/likeink.com\/de\/wp-json\/wp\/v2\/product"}],"about":[{"href":"https:\/\/likeink.com\/de\/wp-json\/wp\/v2\/types\/product"}],"wp:featuredmedia":[{"embeddable":true,"href":"https:\/\/likeink.com\/de\/wp-json\/wp\/v2\/media\/28001"}],"wp:attachment":[{"href":"https:\/\/likeink.com\/de\/wp-json\/wp\/v2\/media?parent=28271"}],"wp:term":[{"taxonomy":"product_brand","embeddable":true,"href":"https:\/\/likeink.com\/de\/wp-json\/wp\/v2\/product_brand?post=28271"},{"taxonomy":"product_cat","embeddable":true,"href":"https:\/\/likeink.com\/de\/wp-json\/wp\/v2\/product_cat?post=28271"},{"taxonomy":"product_tag","embeddable":true,"href":"https:\/\/likeink.com\/de\/wp-json\/wp\/v2\/product_tag?post=28271"}],"curies":[{"name":"wp","href":"https:\/\/api.w.org\/{rel}","templated":true}]}}