{"id":28318,"date":"2024-06-03T13:40:10","date_gmt":"2024-06-03T13:40:10","guid":{"rendered":"https:\/\/likeink.se\/gnuggis\/vita-temporara-tatueringar-dromfangare\/"},"modified":"2026-03-17T12:16:17","modified_gmt":"2026-03-17T12:16:17","slug":"weisse-temporaere-tattoos-traumfaenger","status":"publish","type":"product","link":"https:\/\/likeink.com\/de\/tatowierungen\/weisse-temporaere-tattoos-traumfaenger\/","title":{"rendered":"Wei\u00dfe Tempor\u00e4re Tattoos Traumf\u00e4nger"},"content":{"rendered":"","protected":false},"excerpt":{"rendered":"<p>Wei\u00dfe Tempor\u00e4re Tattoos &#8222;Traumf\u00e4nger&#8220;. Wei\u00dfe Tattoos fallen auf und ziehen die Blicke auf sich. Wirklich cool, wenn wir das selbst sagen d\u00fcrfen. Die Tattoos werden mit Wasser aufgetragen und sind leicht abzuwaschen. Alle Tattoos von Like Ink sind allergiefreundlich und von guter Qualit\u00e4t!<\/p>\n<h2>Kaufen Sie wei\u00dfe tempor\u00e4re Tattoos mit Traumf\u00e4nger-Motiv.<\/h2>\n<p><strong>Blattgr\u00f6\u00dfe:<\/strong> A5<br \/>\n<strong>Anzahl wei\u00dfer Tattoos:<\/strong> 10<br \/>\n<strong>Tattoo-Gr\u00f6\u00dfe:<\/strong> 30-120mm<\/p>\n","protected":false},"featured_media":28057,"template":"","meta":[],"product_brand":[],"product_cat":[55,182,175,184],"product_tag":[],"class_list":{"0":"post-28318","1":"product","2":"type-product","3":"status-publish","4":"has-post-thumbnail","6":"product_cat-fertige-boegen","7":"product_cat-symbol-taetowierungen","8":"product_cat-tribal-taetowierungen","9":"product_cat-yoga-taetowierungen","11":"first","12":"instock","13":"taxable","14":"shipping-taxable","15":"purchasable","16":"product-type-simple"},"yoast_head":"<!-- This site is optimized with the Yoast SEO Premium plugin v26.2 (Yoast SEO v27.4) - https:\/\/yoast.com\/product\/yoast-seo-premium-wordpress\/ -->\n<title>Wei\u00dfe Tempor\u00e4re Tattoos Traumf\u00e4nger - Like ink<\/title>\n<meta name=\"description\" content=\"Wei\u00dfe Tempor\u00e4re Tattoos mit unter anderem einem Traumf\u00e4nger. Wei\u00dfe Tattoos fallen auf und verleihen ein einzigartiges Aussehen, unabh\u00e4ngig von der Hautfarbe\" \/>\n<meta name=\"robots\" content=\"index, follow, max-snippet:-1, max-image-preview:large, max-video-preview:-1\" \/>\n<link rel=\"canonical\" href=\"https:\/\/likeink.com\/de\/tatowierungen\/weisse-temporaere-tattoos-traumfaenger\/\" \/>\n<meta property=\"og:locale\" content=\"de_DE\" \/>\n<meta property=\"og:type\" content=\"article\" \/>\n<meta property=\"og:title\" content=\"Wei\u00dfe Tempor\u00e4re Tattoos Traumf\u00e4nger\" \/>\n<meta property=\"og:description\" content=\"Wei\u00dfe Tempor\u00e4re Tattoos &quot;Traumf\u00e4nger&quot;. Wei\u00dfe Tattoos fallen auf und ziehen die Blicke auf sich. Wirklich cool, wenn wir das selbst sagen d\u00fcrfen. Die Tattoos werden mit Wasser aufgetragen und sind leicht abzuwaschen. Alle Tattoos von Like Ink sind allergiefreundlich und von guter Qualit\u00e4t! Kaufen Sie wei\u00dfe tempor\u00e4re Tattoos mit Traumf\u00e4nger-Motiv. Blattgr\u00f6\u00dfe: A5 Anzahl wei\u00dfer Tattoos: 10 Tattoo-Gr\u00f6\u00dfe: 30-120mm\" \/>\n<meta property=\"og:url\" content=\"https:\/\/likeink.com\/de\/tatowierungen\/weisse-temporaere-tattoos-traumfaenger\/\" \/>\n<meta property=\"og:site_name\" content=\"Like ink\" \/>\n<meta property=\"article:publisher\" content=\"https:\/\/www.facebook.com\/LikeInkSe\" \/>\n<meta property=\"article:modified_time\" content=\"2026-03-17T12:16:17+00:00\" \/>\n<meta property=\"og:image\" content=\"https:\/\/likeink.com\/wp-content\/uploads\/2024\/05\/Tattoo-white-YHB-white-003.jpg\" \/>\n\t<meta property=\"og:image:width\" content=\"1556\" \/>\n\t<meta property=\"og:image:height\" content=\"1090\" \/>\n\t<meta property=\"og:image:type\" content=\"image\/jpeg\" \/>\n<meta name=\"twitter:card\" content=\"summary_large_image\" \/>\n<meta name=\"twitter:label1\" content=\"Gesch\u00e4tzte Lesezeit\" \/>\n\t<meta name=\"twitter:data1\" content=\"1\u00a0Minute\" \/>\n<script type=\"application\/ld+json\" class=\"yoast-schema-graph\">{\"@context\":\"https:\\\/\\\/schema.org\",\"@graph\":[{\"@type\":\"WebPage\",\"@id\":\"https:\\\/\\\/likeink.com\\\/de\\\/tatowierungen\\\/weisse-temporaere-tattoos-traumfaenger\\\/\",\"url\":\"https:\\\/\\\/likeink.com\\\/de\\\/tatowierungen\\\/weisse-temporaere-tattoos-traumfaenger\\\/\",\"name\":\"Wei\u00dfe Tempor\u00e4re Tattoos Traumf\u00e4nger - Like ink\",\"isPartOf\":{\"@id\":\"https:\\\/\\\/likeink.com\\\/de\\\/#website\"},\"primaryImageOfPage\":{\"@id\":\"https:\\\/\\\/likeink.com\\\/de\\\/tatowierungen\\\/weisse-temporaere-tattoos-traumfaenger\\\/#primaryimage\"},\"image\":{\"@id\":\"https:\\\/\\\/likeink.com\\\/de\\\/tatowierungen\\\/weisse-temporaere-tattoos-traumfaenger\\\/#primaryimage\"},\"thumbnailUrl\":\"https:\\\/\\\/likeink.com\\\/wp-content\\\/uploads\\\/2024\\\/05\\\/Tattoo-white-YHB-white-003.jpg\",\"datePublished\":\"2024-06-03T13:40:10+00:00\",\"dateModified\":\"2026-03-17T12:16:17+00:00\",\"description\":\"Wei\u00dfe Tempor\u00e4re Tattoos mit unter anderem einem Traumf\u00e4nger. Wei\u00dfe Tattoos fallen auf und verleihen ein einzigartiges Aussehen, unabh\u00e4ngig von der Hautfarbe\",\"breadcrumb\":{\"@id\":\"https:\\\/\\\/likeink.com\\\/de\\\/tatowierungen\\\/weisse-temporaere-tattoos-traumfaenger\\\/#breadcrumb\"},\"inLanguage\":\"de\",\"potentialAction\":[{\"@type\":\"ReadAction\",\"target\":[\"https:\\\/\\\/likeink.com\\\/de\\\/tatowierungen\\\/weisse-temporaere-tattoos-traumfaenger\\\/\"]}]},{\"@type\":\"ImageObject\",\"inLanguage\":\"de\",\"@id\":\"https:\\\/\\\/likeink.com\\\/de\\\/tatowierungen\\\/weisse-temporaere-tattoos-traumfaenger\\\/#primaryimage\",\"url\":\"https:\\\/\\\/likeink.com\\\/wp-content\\\/uploads\\\/2024\\\/05\\\/Tattoo-white-YHB-white-003.jpg\",\"contentUrl\":\"https:\\\/\\\/likeink.com\\\/wp-content\\\/uploads\\\/2024\\\/05\\\/Tattoo-white-YHB-white-003.jpg\",\"width\":1556,\"height\":1090,\"caption\":\"Wei\u00dfe Abziehbild-Tattoos.\"},{\"@type\":\"BreadcrumbList\",\"@id\":\"https:\\\/\\\/likeink.com\\\/de\\\/tatowierungen\\\/weisse-temporaere-tattoos-traumfaenger\\\/#breadcrumb\",\"itemListElement\":[{\"@type\":\"ListItem\",\"position\":1,\"name\":\"Hem\",\"item\":\"https:\\\/\\\/likeink.com\\\/de\\\/\"},{\"@type\":\"ListItem\",\"position\":2,\"name\":\"Shop\",\"item\":\"https:\\\/\\\/likeink.com\\\/de\\\/shop\\\/\"},{\"@type\":\"ListItem\",\"position\":3,\"name\":\"Wei\u00dfe Tempor\u00e4re Tattoos Traumf\u00e4nger\"}]},{\"@type\":\"WebSite\",\"@id\":\"https:\\\/\\\/likeink.com\\\/de\\\/#website\",\"url\":\"https:\\\/\\\/likeink.com\\\/de\\\/\",\"name\":\"Like ink\",\"description\":\"Gestalten Sie Ihre eigenen tempor\u00e4ren Tattoos\",\"potentialAction\":[{\"@type\":\"SearchAction\",\"target\":{\"@type\":\"EntryPoint\",\"urlTemplate\":\"https:\\\/\\\/likeink.com\\\/de\\\/?s={search_term_string}\"},\"query-input\":{\"@type\":\"PropertyValueSpecification\",\"valueRequired\":true,\"valueName\":\"search_term_string\"}}],\"inLanguage\":\"de\"}]}<\/script>\n<!-- \/ Yoast SEO Premium plugin. -->","yoast_head_json":{"title":"Wei\u00dfe Tempor\u00e4re Tattoos Traumf\u00e4nger - Like ink","description":"Wei\u00dfe Tempor\u00e4re Tattoos mit unter anderem einem Traumf\u00e4nger. Wei\u00dfe Tattoos fallen auf und verleihen ein einzigartiges Aussehen, unabh\u00e4ngig von der Hautfarbe","robots":{"index":"index","follow":"follow","max-snippet":"max-snippet:-1","max-image-preview":"max-image-preview:large","max-video-preview":"max-video-preview:-1"},"canonical":"https:\/\/likeink.com\/de\/tatowierungen\/weisse-temporaere-tattoos-traumfaenger\/","og_locale":"de_DE","og_type":"article","og_title":"Wei\u00dfe Tempor\u00e4re Tattoos Traumf\u00e4nger","og_description":"Wei\u00dfe Tempor\u00e4re Tattoos \"Traumf\u00e4nger\". Wei\u00dfe Tattoos fallen auf und ziehen die Blicke auf sich. Wirklich cool, wenn wir das selbst sagen d\u00fcrfen. Die Tattoos werden mit Wasser aufgetragen und sind leicht abzuwaschen. Alle Tattoos von Like Ink sind allergiefreundlich und von guter Qualit\u00e4t! Kaufen Sie wei\u00dfe tempor\u00e4re Tattoos mit Traumf\u00e4nger-Motiv. Blattgr\u00f6\u00dfe: A5 Anzahl wei\u00dfer Tattoos: 10 Tattoo-Gr\u00f6\u00dfe: 30-120mm","og_url":"https:\/\/likeink.com\/de\/tatowierungen\/weisse-temporaere-tattoos-traumfaenger\/","og_site_name":"Like ink","article_publisher":"https:\/\/www.facebook.com\/LikeInkSe","article_modified_time":"2026-03-17T12:16:17+00:00","og_image":[{"width":1556,"height":1090,"url":"https:\/\/likeink.com\/wp-content\/uploads\/2024\/05\/Tattoo-white-YHB-white-003.jpg","type":"image\/jpeg"}],"twitter_card":"summary_large_image","twitter_misc":{"Gesch\u00e4tzte Lesezeit":"1\u00a0Minute"},"schema":{"@context":"https:\/\/schema.org","@graph":[{"@type":"WebPage","@id":"https:\/\/likeink.com\/de\/tatowierungen\/weisse-temporaere-tattoos-traumfaenger\/","url":"https:\/\/likeink.com\/de\/tatowierungen\/weisse-temporaere-tattoos-traumfaenger\/","name":"Wei\u00dfe Tempor\u00e4re Tattoos Traumf\u00e4nger - Like ink","isPartOf":{"@id":"https:\/\/likeink.com\/de\/#website"},"primaryImageOfPage":{"@id":"https:\/\/likeink.com\/de\/tatowierungen\/weisse-temporaere-tattoos-traumfaenger\/#primaryimage"},"image":{"@id":"https:\/\/likeink.com\/de\/tatowierungen\/weisse-temporaere-tattoos-traumfaenger\/#primaryimage"},"thumbnailUrl":"https:\/\/likeink.com\/wp-content\/uploads\/2024\/05\/Tattoo-white-YHB-white-003.jpg","datePublished":"2024-06-03T13:40:10+00:00","dateModified":"2026-03-17T12:16:17+00:00","description":"Wei\u00dfe Tempor\u00e4re Tattoos mit unter anderem einem Traumf\u00e4nger. Wei\u00dfe Tattoos fallen auf und verleihen ein einzigartiges Aussehen, unabh\u00e4ngig von der Hautfarbe","breadcrumb":{"@id":"https:\/\/likeink.com\/de\/tatowierungen\/weisse-temporaere-tattoos-traumfaenger\/#breadcrumb"},"inLanguage":"de","potentialAction":[{"@type":"ReadAction","target":["https:\/\/likeink.com\/de\/tatowierungen\/weisse-temporaere-tattoos-traumfaenger\/"]}]},{"@type":"ImageObject","inLanguage":"de","@id":"https:\/\/likeink.com\/de\/tatowierungen\/weisse-temporaere-tattoos-traumfaenger\/#primaryimage","url":"https:\/\/likeink.com\/wp-content\/uploads\/2024\/05\/Tattoo-white-YHB-white-003.jpg","contentUrl":"https:\/\/likeink.com\/wp-content\/uploads\/2024\/05\/Tattoo-white-YHB-white-003.jpg","width":1556,"height":1090,"caption":"Wei\u00dfe Abziehbild-Tattoos."},{"@type":"BreadcrumbList","@id":"https:\/\/likeink.com\/de\/tatowierungen\/weisse-temporaere-tattoos-traumfaenger\/#breadcrumb","itemListElement":[{"@type":"ListItem","position":1,"name":"Hem","item":"https:\/\/likeink.com\/de\/"},{"@type":"ListItem","position":2,"name":"Shop","item":"https:\/\/likeink.com\/de\/shop\/"},{"@type":"ListItem","position":3,"name":"Wei\u00dfe Tempor\u00e4re Tattoos Traumf\u00e4nger"}]},{"@type":"WebSite","@id":"https:\/\/likeink.com\/de\/#website","url":"https:\/\/likeink.com\/de\/","name":"Like ink","description":"Gestalten Sie Ihre eigenen tempor\u00e4ren Tattoos","potentialAction":[{"@type":"SearchAction","target":{"@type":"EntryPoint","urlTemplate":"https:\/\/likeink.com\/de\/?s={search_term_string}"},"query-input":{"@type":"PropertyValueSpecification","valueRequired":true,"valueName":"search_term_string"}}],"inLanguage":"de"}]}},"_links":{"self":[{"href":"https:\/\/likeink.com\/de\/wp-json\/wp\/v2\/product\/28318","targetHints":{"allow":["GET"]}}],"collection":[{"href":"https:\/\/likeink.com\/de\/wp-json\/wp\/v2\/product"}],"about":[{"href":"https:\/\/likeink.com\/de\/wp-json\/wp\/v2\/types\/product"}],"wp:featuredmedia":[{"embeddable":true,"href":"https:\/\/likeink.com\/de\/wp-json\/wp\/v2\/media\/28057"}],"wp:attachment":[{"href":"https:\/\/likeink.com\/de\/wp-json\/wp\/v2\/media?parent=28318"}],"wp:term":[{"taxonomy":"product_brand","embeddable":true,"href":"https:\/\/likeink.com\/de\/wp-json\/wp\/v2\/product_brand?post=28318"},{"taxonomy":"product_cat","embeddable":true,"href":"https:\/\/likeink.com\/de\/wp-json\/wp\/v2\/product_cat?post=28318"},{"taxonomy":"product_tag","embeddable":true,"href":"https:\/\/likeink.com\/de\/wp-json\/wp\/v2\/product_tag?post=28318"}],"curies":[{"name":"wp","href":"https:\/\/api.w.org\/{rel}","templated":true}]}}