{"id":28798,"date":"2024-06-08T12:37:20","date_gmt":"2024-06-08T12:37:21","guid":{"rendered":"https:\/\/likeink.se\/?post_type=product&#038;p=28798"},"modified":"2026-03-17T12:16:40","modified_gmt":"2026-03-17T12:16:40","slug":"goldfolie-temporaere-tattoos","status":"publish","type":"product","link":"https:\/\/likeink.com\/de\/tatowierungen\/goldfolie-temporaere-tattoos\/","title":{"rendered":"Goldfolie Tempor\u00e4re Tattoos"},"content":{"rendered":"","protected":false},"excerpt":{"rendered":"<p>Entdecken Sie Like Inks exklusive Goldfolie Tempor\u00e4re Tattoos in Schwarz, Silber und Gold, auch bekannt als tempor\u00e4re Tattoos und Metallic-Tattoos. Diese hochwertigen Tattoos bieten ein luxuri\u00f6ses und gl\u00e4nzendes Finish, das garantiert alle Blicke auf sich zieht. Stilvolle Motive von Armb\u00e4ndern, Ketten, Federn, Ananas und Blatt-Tattoos.<\/p>\n<h2>Kaufen Sie hochwertige Goldfolie Tattoos von Like Ink.<\/h2>\n<p>Unsere Tattoos sind allergiefreundlich und sicher f\u00fcr alle Hauttypen. Sie sind leicht mit Wasser aufzutragen und halten mehrere Tage, was sie perfekt f\u00fcr Partys, Festivals, Strandtage oder einfach als lustiges Accessoire f\u00fcr Ihren Alltagsstil macht.<br \/>\nUnsere Gold- und Silberfolien-Tattoos sind von hoher Qualit\u00e4t, allergiefreundlich, leicht aufzutragen und halten mehrere Tage.<\/p>\n<p>Verleihen Sie Ihrem Stil ein funkelndes Upgrade mit unseren tempor\u00e4ren Metallic-Tattoos!<\/p>\n<p><strong>Blattgr\u00f6\u00dfe:<\/strong> A6<br \/>\n<strong>Gr\u00f6\u00dftes Schleifen-Tattoo:<\/strong> 1-20 cm<\/p>\n","protected":false},"featured_media":28022,"template":"","meta":[],"product_brand":[],"product_cat":[55,187],"product_tag":[],"class_list":{"0":"post-28798","1":"product","2":"type-product","3":"status-publish","4":"has-post-thumbnail","6":"product_cat-fertige-boegen","7":"product_cat-sonstige-taetowierungen","9":"first","10":"instock","11":"taxable","12":"shipping-taxable","13":"purchasable","14":"product-type-simple"},"yoast_head":"<!-- This site is optimized with the Yoast SEO Premium plugin v26.2 (Yoast SEO v27.4) - https:\/\/yoast.com\/product\/yoast-seo-premium-wordpress\/ -->\n<title>Goldfolie Tempor\u00e4re Tattoos - Like ink<\/title>\n<meta name=\"description\" content=\"Goldfolie Tempor\u00e4re Tattoos in Gold, Silber und Schwarz auf A6-B\u00f6gen. Bestellen Sie heute stilvolle Tattoos in Gold und Silber. - Like ink\" \/>\n<meta name=\"robots\" content=\"index, follow, max-snippet:-1, max-image-preview:large, max-video-preview:-1\" \/>\n<link rel=\"canonical\" href=\"https:\/\/likeink.com\/de\/tatowierungen\/goldfolie-temporaere-tattoos\/\" \/>\n<meta property=\"og:locale\" content=\"de_DE\" \/>\n<meta property=\"og:type\" content=\"article\" \/>\n<meta property=\"og:title\" content=\"Goldfolie Tempor\u00e4re Tattoos\" \/>\n<meta property=\"og:description\" content=\"Entdecken Sie Like Inks exklusive Goldfolie Tempor\u00e4re Tattoos in Schwarz, Silber und Gold, auch bekannt als tempor\u00e4re Tattoos und Metallic-Tattoos. Diese hochwertigen Tattoos bieten ein luxuri\u00f6ses und gl\u00e4nzendes Finish, das garantiert alle Blicke auf sich zieht. Stilvolle Motive von Armb\u00e4ndern, Ketten, Federn, Ananas und Blatt-Tattoos. Kaufen Sie hochwertige Goldfolie Tattoos von Like Ink. Unsere Tattoos sind allergiefreundlich und sicher f\u00fcr alle Hauttypen. Sie sind leicht mit Wasser aufzutragen und halten mehrere Tage, was sie perfekt f\u00fcr Partys, Festivals, Strandtage oder einfach als lustiges Accessoire f\u00fcr Ihren Alltagsstil macht. Unsere Gold- und Silberfolien-Tattoos sind von hoher Qualit\u00e4t, allergiefreundlich, leicht aufzutragen und halten mehrere Tage.  Verleihen Sie Ihrem Stil ein funkelndes Upgrade mit unseren tempor\u00e4ren Metallic-Tattoos!  Blattgr\u00f6\u00dfe: A6 Gr\u00f6\u00dftes Schleifen-Tattoo: 1-20 cm\" \/>\n<meta property=\"og:url\" content=\"https:\/\/likeink.com\/de\/tatowierungen\/goldfolie-temporaere-tattoos\/\" \/>\n<meta property=\"og:site_name\" content=\"Like ink\" \/>\n<meta property=\"article:publisher\" content=\"https:\/\/www.facebook.com\/LikeInkSe\" \/>\n<meta property=\"article:modified_time\" content=\"2026-03-17T12:16:40+00:00\" \/>\n<meta property=\"og:image\" content=\"https:\/\/likeink.com\/wp-content\/uploads\/2024\/05\/GoldTattoo-MT-008.jpg\" \/>\n\t<meta property=\"og:image:width\" content=\"726\" \/>\n\t<meta property=\"og:image:height\" content=\"353\" \/>\n\t<meta property=\"og:image:type\" content=\"image\/jpeg\" \/>\n<meta name=\"twitter:card\" content=\"summary_large_image\" \/>\n<meta name=\"twitter:label1\" content=\"Gesch\u00e4tzte Lesezeit\" \/>\n\t<meta name=\"twitter:data1\" content=\"1\u00a0Minute\" \/>\n<script type=\"application\/ld+json\" class=\"yoast-schema-graph\">{\"@context\":\"https:\\\/\\\/schema.org\",\"@graph\":[{\"@type\":\"WebPage\",\"@id\":\"https:\\\/\\\/likeink.com\\\/de\\\/tatowierungen\\\/goldfolie-temporaere-tattoos\\\/\",\"url\":\"https:\\\/\\\/likeink.com\\\/de\\\/tatowierungen\\\/goldfolie-temporaere-tattoos\\\/\",\"name\":\"Goldfolie Tempor\u00e4re Tattoos - Like ink\",\"isPartOf\":{\"@id\":\"https:\\\/\\\/likeink.com\\\/de\\\/#website\"},\"primaryImageOfPage\":{\"@id\":\"https:\\\/\\\/likeink.com\\\/de\\\/tatowierungen\\\/goldfolie-temporaere-tattoos\\\/#primaryimage\"},\"image\":{\"@id\":\"https:\\\/\\\/likeink.com\\\/de\\\/tatowierungen\\\/goldfolie-temporaere-tattoos\\\/#primaryimage\"},\"thumbnailUrl\":\"https:\\\/\\\/likeink.com\\\/wp-content\\\/uploads\\\/2024\\\/05\\\/GoldTattoo-MT-008.jpg\",\"datePublished\":\"2024-06-08T12:37:21+00:00\",\"dateModified\":\"2026-03-17T12:16:40+00:00\",\"description\":\"Goldfolie Tempor\u00e4re Tattoos in Gold, Silber und Schwarz auf A6-B\u00f6gen. Bestellen Sie heute stilvolle Tattoos in Gold und Silber. - Like ink\",\"breadcrumb\":{\"@id\":\"https:\\\/\\\/likeink.com\\\/de\\\/tatowierungen\\\/goldfolie-temporaere-tattoos\\\/#breadcrumb\"},\"inLanguage\":\"de\",\"potentialAction\":[{\"@type\":\"ReadAction\",\"target\":[\"https:\\\/\\\/likeink.com\\\/de\\\/tatowierungen\\\/goldfolie-temporaere-tattoos\\\/\"]}]},{\"@type\":\"ImageObject\",\"inLanguage\":\"de\",\"@id\":\"https:\\\/\\\/likeink.com\\\/de\\\/tatowierungen\\\/goldfolie-temporaere-tattoos\\\/#primaryimage\",\"url\":\"https:\\\/\\\/likeink.com\\\/wp-content\\\/uploads\\\/2024\\\/05\\\/GoldTattoo-MT-008.jpg\",\"contentUrl\":\"https:\\\/\\\/likeink.com\\\/wp-content\\\/uploads\\\/2024\\\/05\\\/GoldTattoo-MT-008.jpg\",\"width\":726,\"height\":353,\"caption\":\"Fake-Tattoos in Gold- und Silberfarbe.\"},{\"@type\":\"BreadcrumbList\",\"@id\":\"https:\\\/\\\/likeink.com\\\/de\\\/tatowierungen\\\/goldfolie-temporaere-tattoos\\\/#breadcrumb\",\"itemListElement\":[{\"@type\":\"ListItem\",\"position\":1,\"name\":\"Hem\",\"item\":\"https:\\\/\\\/likeink.com\\\/de\\\/\"},{\"@type\":\"ListItem\",\"position\":2,\"name\":\"Shop\",\"item\":\"https:\\\/\\\/likeink.com\\\/de\\\/shop\\\/\"},{\"@type\":\"ListItem\",\"position\":3,\"name\":\"Goldfolie Tempor\u00e4re Tattoos\"}]},{\"@type\":\"WebSite\",\"@id\":\"https:\\\/\\\/likeink.com\\\/de\\\/#website\",\"url\":\"https:\\\/\\\/likeink.com\\\/de\\\/\",\"name\":\"Like ink\",\"description\":\"Gestalten Sie Ihre eigenen tempor\u00e4ren Tattoos\",\"potentialAction\":[{\"@type\":\"SearchAction\",\"target\":{\"@type\":\"EntryPoint\",\"urlTemplate\":\"https:\\\/\\\/likeink.com\\\/de\\\/?s={search_term_string}\"},\"query-input\":{\"@type\":\"PropertyValueSpecification\",\"valueRequired\":true,\"valueName\":\"search_term_string\"}}],\"inLanguage\":\"de\"}]}<\/script>\n<!-- \/ Yoast SEO Premium plugin. -->","yoast_head_json":{"title":"Goldfolie Tempor\u00e4re Tattoos - Like ink","description":"Goldfolie Tempor\u00e4re Tattoos in Gold, Silber und Schwarz auf A6-B\u00f6gen. Bestellen Sie heute stilvolle Tattoos in Gold und Silber. - Like ink","robots":{"index":"index","follow":"follow","max-snippet":"max-snippet:-1","max-image-preview":"max-image-preview:large","max-video-preview":"max-video-preview:-1"},"canonical":"https:\/\/likeink.com\/de\/tatowierungen\/goldfolie-temporaere-tattoos\/","og_locale":"de_DE","og_type":"article","og_title":"Goldfolie Tempor\u00e4re Tattoos","og_description":"Entdecken Sie Like Inks exklusive Goldfolie Tempor\u00e4re Tattoos in Schwarz, Silber und Gold, auch bekannt als tempor\u00e4re Tattoos und Metallic-Tattoos. Diese hochwertigen Tattoos bieten ein luxuri\u00f6ses und gl\u00e4nzendes Finish, das garantiert alle Blicke auf sich zieht. Stilvolle Motive von Armb\u00e4ndern, Ketten, Federn, Ananas und Blatt-Tattoos. Kaufen Sie hochwertige Goldfolie Tattoos von Like Ink. Unsere Tattoos sind allergiefreundlich und sicher f\u00fcr alle Hauttypen. Sie sind leicht mit Wasser aufzutragen und halten mehrere Tage, was sie perfekt f\u00fcr Partys, Festivals, Strandtage oder einfach als lustiges Accessoire f\u00fcr Ihren Alltagsstil macht. Unsere Gold- und Silberfolien-Tattoos sind von hoher Qualit\u00e4t, allergiefreundlich, leicht aufzutragen und halten mehrere Tage.  Verleihen Sie Ihrem Stil ein funkelndes Upgrade mit unseren tempor\u00e4ren Metallic-Tattoos!  Blattgr\u00f6\u00dfe: A6 Gr\u00f6\u00dftes Schleifen-Tattoo: 1-20 cm","og_url":"https:\/\/likeink.com\/de\/tatowierungen\/goldfolie-temporaere-tattoos\/","og_site_name":"Like ink","article_publisher":"https:\/\/www.facebook.com\/LikeInkSe","article_modified_time":"2026-03-17T12:16:40+00:00","og_image":[{"width":726,"height":353,"url":"https:\/\/likeink.com\/wp-content\/uploads\/2024\/05\/GoldTattoo-MT-008.jpg","type":"image\/jpeg"}],"twitter_card":"summary_large_image","twitter_misc":{"Gesch\u00e4tzte Lesezeit":"1\u00a0Minute"},"schema":{"@context":"https:\/\/schema.org","@graph":[{"@type":"WebPage","@id":"https:\/\/likeink.com\/de\/tatowierungen\/goldfolie-temporaere-tattoos\/","url":"https:\/\/likeink.com\/de\/tatowierungen\/goldfolie-temporaere-tattoos\/","name":"Goldfolie Tempor\u00e4re Tattoos - Like ink","isPartOf":{"@id":"https:\/\/likeink.com\/de\/#website"},"primaryImageOfPage":{"@id":"https:\/\/likeink.com\/de\/tatowierungen\/goldfolie-temporaere-tattoos\/#primaryimage"},"image":{"@id":"https:\/\/likeink.com\/de\/tatowierungen\/goldfolie-temporaere-tattoos\/#primaryimage"},"thumbnailUrl":"https:\/\/likeink.com\/wp-content\/uploads\/2024\/05\/GoldTattoo-MT-008.jpg","datePublished":"2024-06-08T12:37:21+00:00","dateModified":"2026-03-17T12:16:40+00:00","description":"Goldfolie Tempor\u00e4re Tattoos in Gold, Silber und Schwarz auf A6-B\u00f6gen. Bestellen Sie heute stilvolle Tattoos in Gold und Silber. - Like ink","breadcrumb":{"@id":"https:\/\/likeink.com\/de\/tatowierungen\/goldfolie-temporaere-tattoos\/#breadcrumb"},"inLanguage":"de","potentialAction":[{"@type":"ReadAction","target":["https:\/\/likeink.com\/de\/tatowierungen\/goldfolie-temporaere-tattoos\/"]}]},{"@type":"ImageObject","inLanguage":"de","@id":"https:\/\/likeink.com\/de\/tatowierungen\/goldfolie-temporaere-tattoos\/#primaryimage","url":"https:\/\/likeink.com\/wp-content\/uploads\/2024\/05\/GoldTattoo-MT-008.jpg","contentUrl":"https:\/\/likeink.com\/wp-content\/uploads\/2024\/05\/GoldTattoo-MT-008.jpg","width":726,"height":353,"caption":"Fake-Tattoos in Gold- und Silberfarbe."},{"@type":"BreadcrumbList","@id":"https:\/\/likeink.com\/de\/tatowierungen\/goldfolie-temporaere-tattoos\/#breadcrumb","itemListElement":[{"@type":"ListItem","position":1,"name":"Hem","item":"https:\/\/likeink.com\/de\/"},{"@type":"ListItem","position":2,"name":"Shop","item":"https:\/\/likeink.com\/de\/shop\/"},{"@type":"ListItem","position":3,"name":"Goldfolie Tempor\u00e4re Tattoos"}]},{"@type":"WebSite","@id":"https:\/\/likeink.com\/de\/#website","url":"https:\/\/likeink.com\/de\/","name":"Like ink","description":"Gestalten Sie Ihre eigenen tempor\u00e4ren Tattoos","potentialAction":[{"@type":"SearchAction","target":{"@type":"EntryPoint","urlTemplate":"https:\/\/likeink.com\/de\/?s={search_term_string}"},"query-input":{"@type":"PropertyValueSpecification","valueRequired":true,"valueName":"search_term_string"}}],"inLanguage":"de"}]}},"_links":{"self":[{"href":"https:\/\/likeink.com\/de\/wp-json\/wp\/v2\/product\/28798","targetHints":{"allow":["GET"]}}],"collection":[{"href":"https:\/\/likeink.com\/de\/wp-json\/wp\/v2\/product"}],"about":[{"href":"https:\/\/likeink.com\/de\/wp-json\/wp\/v2\/types\/product"}],"wp:featuredmedia":[{"embeddable":true,"href":"https:\/\/likeink.com\/de\/wp-json\/wp\/v2\/media\/28022"}],"wp:attachment":[{"href":"https:\/\/likeink.com\/de\/wp-json\/wp\/v2\/media?parent=28798"}],"wp:term":[{"taxonomy":"product_brand","embeddable":true,"href":"https:\/\/likeink.com\/de\/wp-json\/wp\/v2\/product_brand?post=28798"},{"taxonomy":"product_cat","embeddable":true,"href":"https:\/\/likeink.com\/de\/wp-json\/wp\/v2\/product_cat?post=28798"},{"taxonomy":"product_tag","embeddable":true,"href":"https:\/\/likeink.com\/de\/wp-json\/wp\/v2\/product_tag?post=28798"}],"curies":[{"name":"wp","href":"https:\/\/api.w.org\/{rel}","templated":true}]}}