{"id":32568,"date":"2024-09-26T12:50:43","date_gmt":"2024-09-26T15:31:48","guid":{"rendered":"https:\/\/likeink.se\/?post_type=product&#038;p=32568"},"modified":"2026-03-17T12:16:52","modified_gmt":"2026-03-17T12:16:52","slug":"doll-face-cracks-tattoos-a5","status":"publish","type":"product","link":"https:\/\/likeink.com\/de\/tatowierungen\/doll-face-cracks-tattoos-a5\/","title":{"rendered":"Doll Face Cracks Tattoos"},"content":{"rendered":"","protected":false},"excerpt":{"rendered":"<p>Tempor\u00e4re Tattoos mit Rissen, Wimpern und Stichen zur Anwendung am K\u00f6rper und im Gesicht. Diese Fake-Tattoos verleihen eine gruselige Wirkung f\u00fcr verschiedene Kost\u00fcme und Veranstaltungen.<br \/>\nDas Blatt enth\u00e4lt 12 verschiedene realistische Motive und ist eine perfekte Erg\u00e4nzung zu einem gruseligen Halloween-Outfit. Hergestellt aus hochwertiger, ungiftiger Tinte und Materialien, sind die Tattoos sicher und einfach aufzutragen.<\/p>\n<h2>Kaufen Sie tempor\u00e4re Tattoos mit gruseligen Rissen, Wimpern und Stichen zur Anwendung im Gesicht oder auf anderen K\u00f6rperteilen<\/h2>\n<p>Unsere Tattoos sind hypoallergen und sicher f\u00fcr alle Hauttypen. Sie lassen sich leicht mit Wasser auftragen und halten mehrere Tage, was sie perfekt f\u00fcr Partys, Festivals und Maskeraden macht.<\/p>\n<p><strong>Blattgr\u00f6\u00dfe:<\/strong> A5<br \/>\n<strong>Gr\u00f6\u00dfe der Tattoos:<\/strong> Kleinste ca. 5 cm, gr\u00f6\u00dfte ca. 8 cm.<\/p>\n","protected":false},"featured_media":32564,"template":"","meta":[],"product_brand":[],"product_cat":[55,516],"product_tag":[],"class_list":{"0":"post-32568","1":"product","2":"type-product","3":"status-publish","4":"has-post-thumbnail","6":"product_cat-fertige-boegen","7":"product_cat-kostuem-saison","9":"first","10":"instock","11":"taxable","12":"shipping-taxable","13":"purchasable","14":"product-type-simple"},"yoast_head":"<!-- This site is optimized with the Yoast SEO Premium plugin v26.2 (Yoast SEO v27.5) - https:\/\/yoast.com\/product\/yoast-seo-premium-wordpress\/ -->\n<title>Doll Face Cracks Tattoos - Like ink<\/title>\n<meta name=\"description\" content=\"Doll Face Cracks Tattoos. Tempor\u00e4re Tattoos f\u00fcr Kost\u00fcmpartys und Halloween-Verkleidungen. Gute Qualit\u00e4t und schnelle Lieferung.\" \/>\n<meta name=\"robots\" content=\"index, follow, max-snippet:-1, max-image-preview:large, max-video-preview:-1\" \/>\n<link rel=\"canonical\" href=\"https:\/\/likeink.com\/de\/tatowierungen\/doll-face-cracks-tattoos-a5\/\" \/>\n<meta property=\"og:locale\" content=\"de_DE\" \/>\n<meta property=\"og:type\" content=\"article\" \/>\n<meta property=\"og:title\" content=\"Doll Face Cracks Tattoos\" \/>\n<meta property=\"og:description\" content=\"Tempor\u00e4re Tattoos mit Rissen, Wimpern und Stichen zur Anwendung am K\u00f6rper und im Gesicht. Diese Fake-Tattoos verleihen eine gruselige Wirkung f\u00fcr verschiedene Kost\u00fcme und Veranstaltungen. Das Blatt enth\u00e4lt 12 verschiedene realistische Motive und ist eine perfekte Erg\u00e4nzung zu einem gruseligen Halloween-Outfit. Hergestellt aus hochwertiger, ungiftiger Tinte und Materialien, sind die Tattoos sicher und einfach aufzutragen. Kaufen Sie tempor\u00e4re Tattoos mit gruseligen Rissen, Wimpern und Stichen zur Anwendung im Gesicht oder auf anderen K\u00f6rperteilen Unsere Tattoos sind hypoallergen und sicher f\u00fcr alle Hauttypen. Sie lassen sich leicht mit Wasser auftragen und halten mehrere Tage, was sie perfekt f\u00fcr Partys, Festivals und Maskeraden macht.  Blattgr\u00f6\u00dfe: A5 Gr\u00f6\u00dfe der Tattoos: Kleinste ca. 5 cm, gr\u00f6\u00dfte ca. 8 cm.\" \/>\n<meta property=\"og:url\" content=\"https:\/\/likeink.com\/de\/tatowierungen\/doll-face-cracks-tattoos-a5\/\" \/>\n<meta property=\"og:site_name\" content=\"Like ink\" \/>\n<meta property=\"article:publisher\" content=\"https:\/\/www.facebook.com\/LikeInkSe\" \/>\n<meta property=\"article:modified_time\" content=\"2026-03-17T12:16:52+00:00\" \/>\n<meta property=\"og:image\" content=\"https:\/\/likeink.com\/wp-content\/uploads\/2024\/09\/1006_Dollface_cracks_web.png\" \/>\n\t<meta property=\"og:image:width\" content=\"1400\" \/>\n\t<meta property=\"og:image:height\" content=\"987\" \/>\n\t<meta property=\"og:image:type\" content=\"image\/png\" \/>\n<meta name=\"twitter:card\" content=\"summary_large_image\" \/>\n<meta name=\"twitter:label1\" content=\"Gesch\u00e4tzte Lesezeit\" \/>\n\t<meta name=\"twitter:data1\" content=\"1\u00a0Minute\" \/>\n<!-- \/ Yoast SEO Premium plugin. -->","yoast_head_json":{"title":"Doll Face Cracks Tattoos - Like ink","description":"Doll Face Cracks Tattoos. Tempor\u00e4re Tattoos f\u00fcr Kost\u00fcmpartys und Halloween-Verkleidungen. Gute Qualit\u00e4t und schnelle Lieferung.","robots":{"index":"index","follow":"follow","max-snippet":"max-snippet:-1","max-image-preview":"max-image-preview:large","max-video-preview":"max-video-preview:-1"},"canonical":"https:\/\/likeink.com\/de\/tatowierungen\/doll-face-cracks-tattoos-a5\/","og_locale":"de_DE","og_type":"article","og_title":"Doll Face Cracks Tattoos","og_description":"Tempor\u00e4re Tattoos mit Rissen, Wimpern und Stichen zur Anwendung am K\u00f6rper und im Gesicht. Diese Fake-Tattoos verleihen eine gruselige Wirkung f\u00fcr verschiedene Kost\u00fcme und Veranstaltungen. Das Blatt enth\u00e4lt 12 verschiedene realistische Motive und ist eine perfekte Erg\u00e4nzung zu einem gruseligen Halloween-Outfit. Hergestellt aus hochwertiger, ungiftiger Tinte und Materialien, sind die Tattoos sicher und einfach aufzutragen. Kaufen Sie tempor\u00e4re Tattoos mit gruseligen Rissen, Wimpern und Stichen zur Anwendung im Gesicht oder auf anderen K\u00f6rperteilen Unsere Tattoos sind hypoallergen und sicher f\u00fcr alle Hauttypen. Sie lassen sich leicht mit Wasser auftragen und halten mehrere Tage, was sie perfekt f\u00fcr Partys, Festivals und Maskeraden macht.  Blattgr\u00f6\u00dfe: A5 Gr\u00f6\u00dfe der Tattoos: Kleinste ca. 5 cm, gr\u00f6\u00dfte ca. 8 cm.","og_url":"https:\/\/likeink.com\/de\/tatowierungen\/doll-face-cracks-tattoos-a5\/","og_site_name":"Like ink","article_publisher":"https:\/\/www.facebook.com\/LikeInkSe","article_modified_time":"2026-03-17T12:16:52+00:00","og_image":[{"width":1400,"height":987,"url":"https:\/\/likeink.com\/wp-content\/uploads\/2024\/09\/1006_Dollface_cracks_web.png","type":"image\/png"}],"twitter_card":"summary_large_image","twitter_misc":{"Gesch\u00e4tzte Lesezeit":"1\u00a0Minute"},"schema":{"@context":"https:\/\/schema.org","@graph":[{"@type":"WebPage","@id":"https:\/\/likeink.com\/de\/tatowierungen\/doll-face-cracks-tattoos-a5\/","url":"https:\/\/likeink.com\/de\/tatowierungen\/doll-face-cracks-tattoos-a5\/","name":"Doll Face Cracks Tattoos - Like ink","isPartOf":{"@id":"https:\/\/likeink.com\/de\/#website"},"primaryImageOfPage":{"@id":"https:\/\/likeink.com\/de\/tatowierungen\/doll-face-cracks-tattoos-a5\/#primaryimage"},"image":{"@id":"https:\/\/likeink.com\/de\/tatowierungen\/doll-face-cracks-tattoos-a5\/#primaryimage"},"thumbnailUrl":"https:\/\/likeink.com\/wp-content\/uploads\/2024\/09\/1006_Dollface_cracks_web.png","datePublished":"2024-09-26T15:31:48+00:00","dateModified":"2026-03-17T12:16:52+00:00","description":"Doll Face Cracks Tattoos. Tempor\u00e4re Tattoos f\u00fcr Kost\u00fcmpartys und Halloween-Verkleidungen. Gute Qualit\u00e4t und schnelle Lieferung.","breadcrumb":{"@id":"https:\/\/likeink.com\/de\/tatowierungen\/doll-face-cracks-tattoos-a5\/#breadcrumb"},"inLanguage":"de","potentialAction":[{"@type":"ReadAction","target":["https:\/\/likeink.com\/de\/tatowierungen\/doll-face-cracks-tattoos-a5\/"]}]},{"@type":"ImageObject","inLanguage":"de","@id":"https:\/\/likeink.com\/de\/tatowierungen\/doll-face-cracks-tattoos-a5\/#primaryimage","url":"https:\/\/likeink.com\/wp-content\/uploads\/2024\/09\/1006_Dollface_cracks_web.png","contentUrl":"https:\/\/likeink.com\/wp-content\/uploads\/2024\/09\/1006_Dollface_cracks_web.png","width":1400,"height":987,"caption":"Ein tempor\u00e4res Tattoo-Set mit zersplittertem Glas, Rissen, kr\u00e4ftigen Wimpern und Nahtmotiven."},{"@type":"BreadcrumbList","@id":"https:\/\/likeink.com\/de\/tatowierungen\/doll-face-cracks-tattoos-a5\/#breadcrumb","itemListElement":[{"@type":"ListItem","position":1,"name":"Hem","item":"https:\/\/likeink.com\/de\/"},{"@type":"ListItem","position":2,"name":"Shop","item":"https:\/\/likeink.com\/de\/shop\/"},{"@type":"ListItem","position":3,"name":"Doll Face Cracks Tattoos"}]},{"@type":"WebSite","@id":"https:\/\/likeink.com\/de\/#website","url":"https:\/\/likeink.com\/de\/","name":"Like ink","description":"Gestalten Sie Ihre eigenen tempor\u00e4ren Tattoos","potentialAction":[{"@type":"SearchAction","target":{"@type":"EntryPoint","urlTemplate":"https:\/\/likeink.com\/de\/?s={search_term_string}"},"query-input":{"@type":"PropertyValueSpecification","valueRequired":true,"valueName":"search_term_string"}}],"inLanguage":"de"}]}},"_links":{"self":[{"href":"https:\/\/likeink.com\/de\/wp-json\/wp\/v2\/product\/32568","targetHints":{"allow":["GET"]}}],"collection":[{"href":"https:\/\/likeink.com\/de\/wp-json\/wp\/v2\/product"}],"about":[{"href":"https:\/\/likeink.com\/de\/wp-json\/wp\/v2\/types\/product"}],"wp:featuredmedia":[{"embeddable":true,"href":"https:\/\/likeink.com\/de\/wp-json\/wp\/v2\/media\/32564"}],"wp:attachment":[{"href":"https:\/\/likeink.com\/de\/wp-json\/wp\/v2\/media?parent=32568"}],"wp:term":[{"taxonomy":"product_brand","embeddable":true,"href":"https:\/\/likeink.com\/de\/wp-json\/wp\/v2\/product_brand?post=32568"},{"taxonomy":"product_cat","embeddable":true,"href":"https:\/\/likeink.com\/de\/wp-json\/wp\/v2\/product_cat?post=32568"},{"taxonomy":"product_tag","embeddable":true,"href":"https:\/\/likeink.com\/de\/wp-json\/wp\/v2\/product_tag?post=32568"}],"curies":[{"name":"wp","href":"https:\/\/api.w.org\/{rel}","templated":true}]}}