{"id":32696,"date":"2024-09-27T12:52:03","date_gmt":"2024-09-27T12:52:04","guid":{"rendered":"https:\/\/likeink.se\/?post_type=product&#038;p=32696"},"modified":"2026-03-17T12:17:29","modified_gmt":"2026-03-17T12:17:29","slug":"prison-tattoos-a5","status":"publish","type":"product","link":"https:\/\/likeink.com\/de\/tatowierungen\/prison-tattoos-a5\/","title":{"rendered":"Prison Tattoos"},"content":{"rendered":"","protected":false},"excerpt":{"rendered":"<p>Tempor\u00e4res Tattoo-Set mit gef\u00e4ngnisinspirierten Designs. Es enth\u00e4lt einen detaillierten Sch\u00e4del mit gekreuzten Knochen, eine gro\u00dfe Rose mit Bl\u00e4ttern, eine Spinne auf einem Netz und Stacheldrahtmotive. Gotische Schrift f\u00fcr Kn\u00f6cheltattoos mit den Worten &#8220;LOVE &#8211; HATE&#8221; und &#8220;WILD &#8211; FREE.&#8221; Zus\u00e4tzliche Elemente sind eine Flasche mit &#8220;XXX&#8221; und verstreute Sternformen, die eine harte, rebellische \u00c4sthetik schaffen. Perfekt f\u00fcr alle, die nach mutigen und kantigen Tattoo-Designs suchen, besonders inspiriert von Kn\u00f6cheltattoos.<\/p>\n<p>Hergestellt aus hochwertiger, ungiftiger Tinte und Materialien sind die Tattoos sicher und einfach aufzutragen.<\/p>\n<h2>Kaufen Sie gef\u00e4ngnisinspirierte tempor\u00e4re Tattoos f\u00fcr das Gesicht oder andere K\u00f6rperteile<\/h2>\n<p>Unsere Tattoos sind hypoallergen und f\u00fcr alle Hauttypen geeignet. Sie lassen sich leicht mit Wasser auftragen und halten mehrere Tage, was sie perfekt f\u00fcr Partys, Festivals und Kost\u00fcmveranstaltungen macht.<\/p>\n<p><strong>Bogengr\u00f6\u00dfe:<\/strong> A5<br \/>\n<strong>Gr\u00f6\u00dfe der Tattoos:<\/strong> ca. 2-20 cm breit<\/p>\n","protected":false},"featured_media":32690,"template":"","meta":[],"product_brand":[],"product_cat":[55,516,511],"product_tag":[],"class_list":{"0":"post-32696","1":"product","2":"type-product","3":"status-publish","4":"has-post-thumbnail","6":"product_cat-fertige-boegen","7":"product_cat-kostuem-saison","8":"product_cat-old-school-retro-de","10":"first","11":"instock","12":"taxable","13":"shipping-taxable","14":"purchasable","15":"product-type-simple"},"yoast_head":"<!-- This site is optimized with the Yoast SEO Premium plugin v26.2 (Yoast SEO v27.5) - https:\/\/yoast.com\/product\/yoast-seo-premium-wordpress\/ -->\n<title>Prison Tattoos - Like ink<\/title>\n<meta name=\"description\" content=\"Prison Tattoos mit gef\u00e4ngnisinspirierten Designs, einschlie\u00dflich eines Sch\u00e4dels, Stacheldrahts, einer Spinne und Kn\u00f6cheltext. - Gute Qualit\u00e4t und schnelle Lieferung!\" \/>\n<meta name=\"robots\" content=\"index, follow, max-snippet:-1, max-image-preview:large, max-video-preview:-1\" \/>\n<link rel=\"canonical\" href=\"https:\/\/likeink.com\/de\/tatowierungen\/prison-tattoos-a5\/\" \/>\n<meta property=\"og:locale\" content=\"de_DE\" \/>\n<meta property=\"og:type\" content=\"article\" \/>\n<meta property=\"og:title\" content=\"Prison Tattoos\" \/>\n<meta property=\"og:description\" content=\"Tempor\u00e4res Tattoo-Set mit gef\u00e4ngnisinspirierten Designs. Es enth\u00e4lt einen detaillierten Sch\u00e4del mit gekreuzten Knochen, eine gro\u00dfe Rose mit Bl\u00e4ttern, eine Spinne auf einem Netz und Stacheldrahtmotive. Gotische Schrift f\u00fcr Kn\u00f6cheltattoos mit den Worten &quot;LOVE - HATE&quot; und &quot;WILD - FREE.&quot; Zus\u00e4tzliche Elemente sind eine Flasche mit &quot;XXX&quot; und verstreute Sternformen, die eine harte, rebellische \u00c4sthetik schaffen. Perfekt f\u00fcr alle, die nach mutigen und kantigen Tattoo-Designs suchen, besonders inspiriert von Kn\u00f6cheltattoos.  Hergestellt aus hochwertiger, ungiftiger Tinte und Materialien sind die Tattoos sicher und einfach aufzutragen. Kaufen Sie gef\u00e4ngnisinspirierte tempor\u00e4re Tattoos f\u00fcr das Gesicht oder andere K\u00f6rperteile Unsere Tattoos sind hypoallergen und f\u00fcr alle Hauttypen geeignet. Sie lassen sich leicht mit Wasser auftragen und halten mehrere Tage, was sie perfekt f\u00fcr Partys, Festivals und Kost\u00fcmveranstaltungen macht.  Bogengr\u00f6\u00dfe: A5 Gr\u00f6\u00dfe der Tattoos: ca. 2-20 cm breit\" \/>\n<meta property=\"og:url\" content=\"https:\/\/likeink.com\/de\/tatowierungen\/prison-tattoos-a5\/\" \/>\n<meta property=\"og:site_name\" content=\"Like ink\" \/>\n<meta property=\"article:publisher\" content=\"https:\/\/www.facebook.com\/LikeInkSe\" \/>\n<meta property=\"article:modified_time\" content=\"2026-03-17T12:17:29+00:00\" \/>\n<meta property=\"og:image\" content=\"https:\/\/likeink.com\/wp-content\/uploads\/2024\/09\/1009_prison_tattoos_likeink_web.png\" \/>\n\t<meta property=\"og:image:width\" content=\"1400\" \/>\n\t<meta property=\"og:image:height\" content=\"987\" \/>\n\t<meta property=\"og:image:type\" content=\"image\/png\" \/>\n<meta name=\"twitter:card\" content=\"summary_large_image\" \/>\n<meta name=\"twitter:label1\" content=\"Gesch\u00e4tzte Lesezeit\" \/>\n\t<meta name=\"twitter:data1\" content=\"1\u00a0Minute\" \/>\n<!-- \/ Yoast SEO Premium plugin. -->","yoast_head_json":{"title":"Prison Tattoos - Like ink","description":"Prison Tattoos mit gef\u00e4ngnisinspirierten Designs, einschlie\u00dflich eines Sch\u00e4dels, Stacheldrahts, einer Spinne und Kn\u00f6cheltext. - Gute Qualit\u00e4t und schnelle Lieferung!","robots":{"index":"index","follow":"follow","max-snippet":"max-snippet:-1","max-image-preview":"max-image-preview:large","max-video-preview":"max-video-preview:-1"},"canonical":"https:\/\/likeink.com\/de\/tatowierungen\/prison-tattoos-a5\/","og_locale":"de_DE","og_type":"article","og_title":"Prison Tattoos","og_description":"Tempor\u00e4res Tattoo-Set mit gef\u00e4ngnisinspirierten Designs. Es enth\u00e4lt einen detaillierten Sch\u00e4del mit gekreuzten Knochen, eine gro\u00dfe Rose mit Bl\u00e4ttern, eine Spinne auf einem Netz und Stacheldrahtmotive. Gotische Schrift f\u00fcr Kn\u00f6cheltattoos mit den Worten \"LOVE - HATE\" und \"WILD - FREE.\" Zus\u00e4tzliche Elemente sind eine Flasche mit \"XXX\" und verstreute Sternformen, die eine harte, rebellische \u00c4sthetik schaffen. Perfekt f\u00fcr alle, die nach mutigen und kantigen Tattoo-Designs suchen, besonders inspiriert von Kn\u00f6cheltattoos.  Hergestellt aus hochwertiger, ungiftiger Tinte und Materialien sind die Tattoos sicher und einfach aufzutragen. Kaufen Sie gef\u00e4ngnisinspirierte tempor\u00e4re Tattoos f\u00fcr das Gesicht oder andere K\u00f6rperteile Unsere Tattoos sind hypoallergen und f\u00fcr alle Hauttypen geeignet. Sie lassen sich leicht mit Wasser auftragen und halten mehrere Tage, was sie perfekt f\u00fcr Partys, Festivals und Kost\u00fcmveranstaltungen macht.  Bogengr\u00f6\u00dfe: A5 Gr\u00f6\u00dfe der Tattoos: ca. 2-20 cm breit","og_url":"https:\/\/likeink.com\/de\/tatowierungen\/prison-tattoos-a5\/","og_site_name":"Like ink","article_publisher":"https:\/\/www.facebook.com\/LikeInkSe","article_modified_time":"2026-03-17T12:17:29+00:00","og_image":[{"width":1400,"height":987,"url":"https:\/\/likeink.com\/wp-content\/uploads\/2024\/09\/1009_prison_tattoos_likeink_web.png","type":"image\/png"}],"twitter_card":"summary_large_image","twitter_misc":{"Gesch\u00e4tzte Lesezeit":"1\u00a0Minute"},"schema":{"@context":"https:\/\/schema.org","@graph":[{"@type":"WebPage","@id":"https:\/\/likeink.com\/de\/tatowierungen\/prison-tattoos-a5\/","url":"https:\/\/likeink.com\/de\/tatowierungen\/prison-tattoos-a5\/","name":"Prison Tattoos - Like ink","isPartOf":{"@id":"https:\/\/likeink.com\/de\/#website"},"primaryImageOfPage":{"@id":"https:\/\/likeink.com\/de\/tatowierungen\/prison-tattoos-a5\/#primaryimage"},"image":{"@id":"https:\/\/likeink.com\/de\/tatowierungen\/prison-tattoos-a5\/#primaryimage"},"thumbnailUrl":"https:\/\/likeink.com\/wp-content\/uploads\/2024\/09\/1009_prison_tattoos_likeink_web.png","datePublished":"2024-09-27T12:52:04+00:00","dateModified":"2026-03-17T12:17:29+00:00","description":"Prison Tattoos mit gef\u00e4ngnisinspirierten Designs, einschlie\u00dflich eines Sch\u00e4dels, Stacheldrahts, einer Spinne und Kn\u00f6cheltext. - Gute Qualit\u00e4t und schnelle Lieferung!","breadcrumb":{"@id":"https:\/\/likeink.com\/de\/tatowierungen\/prison-tattoos-a5\/#breadcrumb"},"inLanguage":"de","potentialAction":[{"@type":"ReadAction","target":["https:\/\/likeink.com\/de\/tatowierungen\/prison-tattoos-a5\/"]}]},{"@type":"ImageObject","inLanguage":"de","@id":"https:\/\/likeink.com\/de\/tatowierungen\/prison-tattoos-a5\/#primaryimage","url":"https:\/\/likeink.com\/wp-content\/uploads\/2024\/09\/1009_prison_tattoos_likeink_web.png","contentUrl":"https:\/\/likeink.com\/wp-content\/uploads\/2024\/09\/1009_prison_tattoos_likeink_web.png","width":1400,"height":987,"caption":"Gef\u00e4ngnisinspirierte tempor\u00e4re Tattoos mit einem Sch\u00e4del, einer Rose, einer Spinne im Netz, Stacheldraht, einer Flasche und Kn\u00f6chel-T\u00e4towierungsschrift mit den W\u00f6rtern \"LOVE,\" \"HATE,\" \"WILD,\" und \"FREE.\""},{"@type":"BreadcrumbList","@id":"https:\/\/likeink.com\/de\/tatowierungen\/prison-tattoos-a5\/#breadcrumb","itemListElement":[{"@type":"ListItem","position":1,"name":"Hem","item":"https:\/\/likeink.com\/de\/"},{"@type":"ListItem","position":2,"name":"Shop","item":"https:\/\/likeink.com\/de\/shop\/"},{"@type":"ListItem","position":3,"name":"Prison Tattoos"}]},{"@type":"WebSite","@id":"https:\/\/likeink.com\/de\/#website","url":"https:\/\/likeink.com\/de\/","name":"Like ink","description":"Gestalten Sie Ihre eigenen tempor\u00e4ren Tattoos","potentialAction":[{"@type":"SearchAction","target":{"@type":"EntryPoint","urlTemplate":"https:\/\/likeink.com\/de\/?s={search_term_string}"},"query-input":{"@type":"PropertyValueSpecification","valueRequired":true,"valueName":"search_term_string"}}],"inLanguage":"de"}]}},"_links":{"self":[{"href":"https:\/\/likeink.com\/de\/wp-json\/wp\/v2\/product\/32696","targetHints":{"allow":["GET"]}}],"collection":[{"href":"https:\/\/likeink.com\/de\/wp-json\/wp\/v2\/product"}],"about":[{"href":"https:\/\/likeink.com\/de\/wp-json\/wp\/v2\/types\/product"}],"wp:featuredmedia":[{"embeddable":true,"href":"https:\/\/likeink.com\/de\/wp-json\/wp\/v2\/media\/32690"}],"wp:attachment":[{"href":"https:\/\/likeink.com\/de\/wp-json\/wp\/v2\/media?parent=32696"}],"wp:term":[{"taxonomy":"product_brand","embeddable":true,"href":"https:\/\/likeink.com\/de\/wp-json\/wp\/v2\/product_brand?post=32696"},{"taxonomy":"product_cat","embeddable":true,"href":"https:\/\/likeink.com\/de\/wp-json\/wp\/v2\/product_cat?post=32696"},{"taxonomy":"product_tag","embeddable":true,"href":"https:\/\/likeink.com\/de\/wp-json\/wp\/v2\/product_tag?post=32696"}],"curies":[{"name":"wp","href":"https:\/\/api.w.org\/{rel}","templated":true}]}}