{"id":34593,"date":"2024-12-10T13:01:11","date_gmt":"2024-12-10T13:01:11","guid":{"rendered":"https:\/\/likeink.se\/gnuggis\/like-inks-nyarskollektion-a4\/"},"modified":"2024-12-10T13:13:43","modified_gmt":"2024-12-10T13:13:43","slug":"like-inks-neujahrskollektion-a4","status":"publish","type":"product","link":"https:\/\/likeink.com\/de\/tatowierungen\/like-inks-neujahrskollektion-a4\/","title":{"rendered":"Like Inks Neujahrskollektion A4"},"content":{"rendered":"","protected":false},"excerpt":{"rendered":"<p>Feiere das neue Jahr mit der Like Inks Neujahrskollektion! \u2728<\/p>\n<h2>Bestelle die Like Inks Neujahrst\u00e4towierungen und maximiere die Stimmung auf deiner Neujahrsparty<\/h2>\n<p>Gib der Party eine lustige Wendung mit unseren tempor\u00e4ren T\u00e4towierungen \u2013 ein ganzes A4-Blatt voller lustiger, stylischer und festlicher Motive, die den Neujahrs-Partygeist verk\u00f6rpern. Hier findest du alles, was du brauchst, um die Stimmung zu heben und deine G\u00e4ste zum Lachen zu bringen, damit sie ihre kreativste und beste Seite zeigen. Die T\u00e4towierungen sind einfach aufzutragen, machen Spa\u00df zu tragen und lassen sich leicht entfernen, wenn die Party vorbei ist. Perfekt f\u00fcr die Neujahrsparty!<\/p>\n<p><strong>Blattgr\u00f6\u00dfe:<\/strong> A4<br \/>\n<strong>Gr\u00f6\u00dfe der T\u00e4towierungen:<\/strong> 30-50 mm<\/p>\n","protected":false},"featured_media":34585,"template":"","meta":[],"product_brand":[],"product_cat":[185,55],"product_tag":[],"class_list":{"0":"post-34593","1":"product","2":"type-product","3":"status-publish","4":"has-post-thumbnail","6":"product_cat-feiertags-tattoos","7":"product_cat-fertige-boegen","9":"first","10":"instock","11":"taxable","12":"shipping-taxable","13":"purchasable","14":"product-type-simple"},"yoast_head":"<!-- This site is optimized with the Yoast SEO Premium plugin v26.2 (Yoast SEO v27.4) - https:\/\/yoast.com\/product\/yoast-seo-premium-wordpress\/ -->\n<title>Like Inks Neujahrskollektion A4 - Like ink<\/title>\n<meta name=\"description\" content=\"Like Inks Neujahrskollektion A4 \u2013 Tempor\u00e4re Neujahrst\u00e4towierungen, die die Party-Stimmung heben und die G\u00e4ste zum Wohlf\u00fchlen bringen. - Like ink\" \/>\n<meta name=\"robots\" content=\"index, follow, max-snippet:-1, max-image-preview:large, max-video-preview:-1\" \/>\n<link rel=\"canonical\" href=\"https:\/\/likeink.com\/de\/tatowierungen\/like-inks-neujahrskollektion-a4\/\" \/>\n<meta property=\"og:locale\" content=\"de_DE\" \/>\n<meta property=\"og:type\" content=\"article\" \/>\n<meta property=\"og:title\" content=\"Like Inks Neujahrskollektion A4\" \/>\n<meta property=\"og:description\" content=\"Feiere das neue Jahr mit der Like Inks Neujahrskollektion! \u2728  Bestelle die Like Inks Neujahrst\u00e4towierungen und maximiere die Stimmung auf deiner Neujahrsparty Gib der Party eine lustige Wendung mit unseren tempor\u00e4ren T\u00e4towierungen \u2013 ein ganzes A4-Blatt voller lustiger, stylischer und festlicher Motive, die den Neujahrs-Partygeist verk\u00f6rpern. Hier findest du alles, was du brauchst, um die Stimmung zu heben und deine G\u00e4ste zum Lachen zu bringen, damit sie ihre kreativste und beste Seite zeigen. Die T\u00e4towierungen sind einfach aufzutragen, machen Spa\u00df zu tragen und lassen sich leicht entfernen, wenn die Party vorbei ist. Perfekt f\u00fcr die Neujahrsparty!  Blattgr\u00f6\u00dfe: A4 Gr\u00f6\u00dfe der T\u00e4towierungen: 30-50 mm\" \/>\n<meta property=\"og:url\" content=\"https:\/\/likeink.com\/de\/tatowierungen\/like-inks-neujahrskollektion-a4\/\" \/>\n<meta property=\"og:site_name\" content=\"Like ink\" \/>\n<meta property=\"article:publisher\" content=\"https:\/\/www.facebook.com\/LikeInkSe\" \/>\n<meta property=\"article:modified_time\" content=\"2024-12-10T13:13:43+00:00\" \/>\n<meta property=\"og:image\" content=\"https:\/\/likeink.com\/wp-content\/uploads\/2024\/12\/LikeinkNewYearCollection.png\" \/>\n\t<meta property=\"og:image:width\" content=\"1500\" \/>\n\t<meta property=\"og:image:height\" content=\"1060\" \/>\n\t<meta property=\"og:image:type\" content=\"image\/png\" \/>\n<meta name=\"twitter:card\" content=\"summary_large_image\" \/>\n<meta name=\"twitter:label1\" content=\"Gesch\u00e4tzte Lesezeit\" \/>\n\t<meta name=\"twitter:data1\" content=\"1\u00a0Minute\" \/>\n<script type=\"application\/ld+json\" class=\"yoast-schema-graph\">{\"@context\":\"https:\\\/\\\/schema.org\",\"@graph\":[{\"@type\":\"WebPage\",\"@id\":\"https:\\\/\\\/likeink.com\\\/de\\\/tatowierungen\\\/like-inks-neujahrskollektion-a4\\\/\",\"url\":\"https:\\\/\\\/likeink.com\\\/de\\\/tatowierungen\\\/like-inks-neujahrskollektion-a4\\\/\",\"name\":\"Like Inks Neujahrskollektion A4 - Like ink\",\"isPartOf\":{\"@id\":\"https:\\\/\\\/likeink.com\\\/de\\\/#website\"},\"primaryImageOfPage\":{\"@id\":\"https:\\\/\\\/likeink.com\\\/de\\\/tatowierungen\\\/like-inks-neujahrskollektion-a4\\\/#primaryimage\"},\"image\":{\"@id\":\"https:\\\/\\\/likeink.com\\\/de\\\/tatowierungen\\\/like-inks-neujahrskollektion-a4\\\/#primaryimage\"},\"thumbnailUrl\":\"https:\\\/\\\/likeink.com\\\/wp-content\\\/uploads\\\/2024\\\/12\\\/LikeinkNewYearCollection.png\",\"datePublished\":\"2024-12-10T13:01:11+00:00\",\"dateModified\":\"2024-12-10T13:13:43+00:00\",\"description\":\"Like Inks Neujahrskollektion A4 \u2013 Tempor\u00e4re Neujahrst\u00e4towierungen, die die Party-Stimmung heben und die G\u00e4ste zum Wohlf\u00fchlen bringen. - Like ink\",\"breadcrumb\":{\"@id\":\"https:\\\/\\\/likeink.com\\\/de\\\/tatowierungen\\\/like-inks-neujahrskollektion-a4\\\/#breadcrumb\"},\"inLanguage\":\"de\",\"potentialAction\":[{\"@type\":\"ReadAction\",\"target\":[\"https:\\\/\\\/likeink.com\\\/de\\\/tatowierungen\\\/like-inks-neujahrskollektion-a4\\\/\"]}]},{\"@type\":\"ImageObject\",\"inLanguage\":\"de\",\"@id\":\"https:\\\/\\\/likeink.com\\\/de\\\/tatowierungen\\\/like-inks-neujahrskollektion-a4\\\/#primaryimage\",\"url\":\"https:\\\/\\\/likeink.com\\\/wp-content\\\/uploads\\\/2024\\\/12\\\/LikeinkNewYearCollection.png\",\"contentUrl\":\"https:\\\/\\\/likeink.com\\\/wp-content\\\/uploads\\\/2024\\\/12\\\/LikeinkNewYearCollection.png\",\"width\":1500,\"height\":1060,\"caption\":\"\\\"Tempor\u00e4re Tattoos mit Neujahrsmotiven mit lebendigen Illustrationen und Spr\u00fcchen wie 'Hello 2025', 'Let 2025 Begin' und festlichen Motiven wie Sektgl\u00e4sern, Partyh\u00fcten und witzigen Figuren.\\\"\"},{\"@type\":\"BreadcrumbList\",\"@id\":\"https:\\\/\\\/likeink.com\\\/de\\\/tatowierungen\\\/like-inks-neujahrskollektion-a4\\\/#breadcrumb\",\"itemListElement\":[{\"@type\":\"ListItem\",\"position\":1,\"name\":\"Hem\",\"item\":\"https:\\\/\\\/likeink.com\\\/de\\\/\"},{\"@type\":\"ListItem\",\"position\":2,\"name\":\"Shop\",\"item\":\"https:\\\/\\\/likeink.com\\\/de\\\/shop\\\/\"},{\"@type\":\"ListItem\",\"position\":3,\"name\":\"Like Inks Neujahrskollektion A4\"}]},{\"@type\":\"WebSite\",\"@id\":\"https:\\\/\\\/likeink.com\\\/de\\\/#website\",\"url\":\"https:\\\/\\\/likeink.com\\\/de\\\/\",\"name\":\"Like ink\",\"description\":\"Gestalten Sie Ihre eigenen tempor\u00e4ren Tattoos\",\"potentialAction\":[{\"@type\":\"SearchAction\",\"target\":{\"@type\":\"EntryPoint\",\"urlTemplate\":\"https:\\\/\\\/likeink.com\\\/de\\\/?s={search_term_string}\"},\"query-input\":{\"@type\":\"PropertyValueSpecification\",\"valueRequired\":true,\"valueName\":\"search_term_string\"}}],\"inLanguage\":\"de\"}]}<\/script>\n<!-- \/ Yoast SEO Premium plugin. -->","yoast_head_json":{"title":"Like Inks Neujahrskollektion A4 - Like ink","description":"Like Inks Neujahrskollektion A4 \u2013 Tempor\u00e4re Neujahrst\u00e4towierungen, die die Party-Stimmung heben und die G\u00e4ste zum Wohlf\u00fchlen bringen. - Like ink","robots":{"index":"index","follow":"follow","max-snippet":"max-snippet:-1","max-image-preview":"max-image-preview:large","max-video-preview":"max-video-preview:-1"},"canonical":"https:\/\/likeink.com\/de\/tatowierungen\/like-inks-neujahrskollektion-a4\/","og_locale":"de_DE","og_type":"article","og_title":"Like Inks Neujahrskollektion A4","og_description":"Feiere das neue Jahr mit der Like Inks Neujahrskollektion! \u2728  Bestelle die Like Inks Neujahrst\u00e4towierungen und maximiere die Stimmung auf deiner Neujahrsparty Gib der Party eine lustige Wendung mit unseren tempor\u00e4ren T\u00e4towierungen \u2013 ein ganzes A4-Blatt voller lustiger, stylischer und festlicher Motive, die den Neujahrs-Partygeist verk\u00f6rpern. Hier findest du alles, was du brauchst, um die Stimmung zu heben und deine G\u00e4ste zum Lachen zu bringen, damit sie ihre kreativste und beste Seite zeigen. Die T\u00e4towierungen sind einfach aufzutragen, machen Spa\u00df zu tragen und lassen sich leicht entfernen, wenn die Party vorbei ist. Perfekt f\u00fcr die Neujahrsparty!  Blattgr\u00f6\u00dfe: A4 Gr\u00f6\u00dfe der T\u00e4towierungen: 30-50 mm","og_url":"https:\/\/likeink.com\/de\/tatowierungen\/like-inks-neujahrskollektion-a4\/","og_site_name":"Like ink","article_publisher":"https:\/\/www.facebook.com\/LikeInkSe","article_modified_time":"2024-12-10T13:13:43+00:00","og_image":[{"width":1500,"height":1060,"url":"https:\/\/likeink.com\/wp-content\/uploads\/2024\/12\/LikeinkNewYearCollection.png","type":"image\/png"}],"twitter_card":"summary_large_image","twitter_misc":{"Gesch\u00e4tzte Lesezeit":"1\u00a0Minute"},"schema":{"@context":"https:\/\/schema.org","@graph":[{"@type":"WebPage","@id":"https:\/\/likeink.com\/de\/tatowierungen\/like-inks-neujahrskollektion-a4\/","url":"https:\/\/likeink.com\/de\/tatowierungen\/like-inks-neujahrskollektion-a4\/","name":"Like Inks Neujahrskollektion A4 - Like ink","isPartOf":{"@id":"https:\/\/likeink.com\/de\/#website"},"primaryImageOfPage":{"@id":"https:\/\/likeink.com\/de\/tatowierungen\/like-inks-neujahrskollektion-a4\/#primaryimage"},"image":{"@id":"https:\/\/likeink.com\/de\/tatowierungen\/like-inks-neujahrskollektion-a4\/#primaryimage"},"thumbnailUrl":"https:\/\/likeink.com\/wp-content\/uploads\/2024\/12\/LikeinkNewYearCollection.png","datePublished":"2024-12-10T13:01:11+00:00","dateModified":"2024-12-10T13:13:43+00:00","description":"Like Inks Neujahrskollektion A4 \u2013 Tempor\u00e4re Neujahrst\u00e4towierungen, die die Party-Stimmung heben und die G\u00e4ste zum Wohlf\u00fchlen bringen. - Like ink","breadcrumb":{"@id":"https:\/\/likeink.com\/de\/tatowierungen\/like-inks-neujahrskollektion-a4\/#breadcrumb"},"inLanguage":"de","potentialAction":[{"@type":"ReadAction","target":["https:\/\/likeink.com\/de\/tatowierungen\/like-inks-neujahrskollektion-a4\/"]}]},{"@type":"ImageObject","inLanguage":"de","@id":"https:\/\/likeink.com\/de\/tatowierungen\/like-inks-neujahrskollektion-a4\/#primaryimage","url":"https:\/\/likeink.com\/wp-content\/uploads\/2024\/12\/LikeinkNewYearCollection.png","contentUrl":"https:\/\/likeink.com\/wp-content\/uploads\/2024\/12\/LikeinkNewYearCollection.png","width":1500,"height":1060,"caption":"\"Tempor\u00e4re Tattoos mit Neujahrsmotiven mit lebendigen Illustrationen und Spr\u00fcchen wie 'Hello 2025', 'Let 2025 Begin' und festlichen Motiven wie Sektgl\u00e4sern, Partyh\u00fcten und witzigen Figuren.\""},{"@type":"BreadcrumbList","@id":"https:\/\/likeink.com\/de\/tatowierungen\/like-inks-neujahrskollektion-a4\/#breadcrumb","itemListElement":[{"@type":"ListItem","position":1,"name":"Hem","item":"https:\/\/likeink.com\/de\/"},{"@type":"ListItem","position":2,"name":"Shop","item":"https:\/\/likeink.com\/de\/shop\/"},{"@type":"ListItem","position":3,"name":"Like Inks Neujahrskollektion A4"}]},{"@type":"WebSite","@id":"https:\/\/likeink.com\/de\/#website","url":"https:\/\/likeink.com\/de\/","name":"Like ink","description":"Gestalten Sie Ihre eigenen tempor\u00e4ren Tattoos","potentialAction":[{"@type":"SearchAction","target":{"@type":"EntryPoint","urlTemplate":"https:\/\/likeink.com\/de\/?s={search_term_string}"},"query-input":{"@type":"PropertyValueSpecification","valueRequired":true,"valueName":"search_term_string"}}],"inLanguage":"de"}]}},"_links":{"self":[{"href":"https:\/\/likeink.com\/de\/wp-json\/wp\/v2\/product\/34593","targetHints":{"allow":["GET"]}}],"collection":[{"href":"https:\/\/likeink.com\/de\/wp-json\/wp\/v2\/product"}],"about":[{"href":"https:\/\/likeink.com\/de\/wp-json\/wp\/v2\/types\/product"}],"wp:featuredmedia":[{"embeddable":true,"href":"https:\/\/likeink.com\/de\/wp-json\/wp\/v2\/media\/34585"}],"wp:attachment":[{"href":"https:\/\/likeink.com\/de\/wp-json\/wp\/v2\/media?parent=34593"}],"wp:term":[{"taxonomy":"product_brand","embeddable":true,"href":"https:\/\/likeink.com\/de\/wp-json\/wp\/v2\/product_brand?post=34593"},{"taxonomy":"product_cat","embeddable":true,"href":"https:\/\/likeink.com\/de\/wp-json\/wp\/v2\/product_cat?post=34593"},{"taxonomy":"product_tag","embeddable":true,"href":"https:\/\/likeink.com\/de\/wp-json\/wp\/v2\/product_tag?post=34593"}],"curies":[{"name":"wp","href":"https:\/\/api.w.org\/{rel}","templated":true}]}}