{"id":34608,"date":"2024-12-10T13:31:08","date_gmt":"2024-12-10T13:31:08","guid":{"rendered":"https:\/\/likeink.se\/gnuggis\/freckle-tattoos-silverregn\/"},"modified":"2024-12-10T13:40:32","modified_gmt":"2024-12-10T13:40:32","slug":"freckle-tattoos-silver-rain","status":"publish","type":"product","link":"https:\/\/likeink.com\/de\/tatowierungen\/freckle-tattoos-silver-rain\/","title":{"rendered":"Freckle Tattoos Silver Rain"},"content":{"rendered":"","protected":false},"excerpt":{"rendered":"<p><strong>Like Ink Freckle Tattoos Silver Rain \u2013 Glitzernde Cluster aus kleinen Punkten und Tropfen in Silber.<\/strong><\/p>\n<p>Gib deinem Look einen magischen Touch mit Like Ink Metallic Freckle Tattoos \u2013 funkelnde kleine Punkte und Tropfen in Silber, die \u00fcber der Nase und unter den Augen platziert werden. Perfekt f\u00fcr einen Abend, ein Festival oder Silvester, wenn du ein bisschen extra Glanz m\u00f6chtest!<\/p>\n<h2>Kaufe hochwertige Sommersprossen-Tattoos<\/h2>\n<p>Unsere Sommersprossen-Tattoos sind so konzipiert, dass sie lange an Ort und Stelle bleiben und einen nat\u00fcrlichen, stilvollen Look bieten. Dank des cleveren Designs haftet der Kleber nur an der eigentlichen T\u00e4towierung \u2013 keine unn\u00f6tige Plastikfolie, die das Gesamtbild st\u00f6rt. Superstylische Sommersprossen-Tattoos in hoher Qualit\u00e4t.<\/p>\n<p>Dar\u00fcber hinaus sind Like Ink Freckle Tattoos hypoallergen und sanft zur Haut, was sie auch f\u00fcr empfindliche Haut sicher macht. Einfach anzubringen und leicht zu entfernen \u2013 kreiere deinen Traumlook in nur wenigen Minuten.<\/p>\n<p>\u2728 Schaffe Magie mit Like Ink Freckle Tattoos \u2013 ein funkelndes Detail, das den Unterschied macht! \u2728<\/p>\n<p><strong>Gr\u00f6\u00dfe:<\/strong> 15&#215;4 cm<\/p>\n","protected":false},"featured_media":59479,"template":"","meta":[],"product_brand":[],"product_cat":[185,55],"product_tag":[],"class_list":{"0":"post-34608","1":"product","2":"type-product","3":"status-publish","4":"has-post-thumbnail","6":"product_cat-feiertags-tattoos","7":"product_cat-fertige-boegen","9":"first","10":"instock","11":"taxable","12":"shipping-taxable","13":"purchasable","14":"product-type-simple"},"yoast_head":"<!-- This site is optimized with the Yoast SEO Premium plugin v26.2 (Yoast SEO v27.4) - https:\/\/yoast.com\/product\/yoast-seo-premium-wordpress\/ -->\n<title>Freckle Tattoos Silver Rain - Like ink<\/title>\n<meta name=\"description\" content=\"Freckle Tattoos Silver Rain: Tattoo-Cluster mit funkelnden Silbertr\u00f6pfchen, die \u00fcber der Nase und unter den Augen platziert werden. - Like ink\" \/>\n<meta name=\"robots\" content=\"index, follow, max-snippet:-1, max-image-preview:large, max-video-preview:-1\" \/>\n<link rel=\"canonical\" href=\"https:\/\/likeink.com\/de\/tatowierungen\/freckle-tattoos-silver-rain\/\" \/>\n<meta property=\"og:locale\" content=\"de_DE\" \/>\n<meta property=\"og:type\" content=\"article\" \/>\n<meta property=\"og:title\" content=\"Freckle Tattoos Silver Rain\" \/>\n<meta property=\"og:description\" content=\"Like Ink Freckle Tattoos Silver Rain \u2013 Glitzernde Cluster aus kleinen Punkten und Tropfen in Silber.  Gib deinem Look einen magischen Touch mit Like Ink Metallic Freckle Tattoos \u2013 funkelnde kleine Punkte und Tropfen in Silber, die \u00fcber der Nase und unter den Augen platziert werden. Perfekt f\u00fcr einen Abend, ein Festival oder Silvester, wenn du ein bisschen extra Glanz m\u00f6chtest!  Kaufe hochwertige Sommersprossen-Tattoos Unsere Sommersprossen-Tattoos sind so konzipiert, dass sie lange an Ort und Stelle bleiben und einen nat\u00fcrlichen, stilvollen Look bieten. Dank des cleveren Designs haftet der Kleber nur an der eigentlichen T\u00e4towierung \u2013 keine unn\u00f6tige Plastikfolie, die das Gesamtbild st\u00f6rt. Superstylische Sommersprossen-Tattoos in hoher Qualit\u00e4t.  Dar\u00fcber hinaus sind Like Ink Freckle Tattoos hypoallergen und sanft zur Haut, was sie auch f\u00fcr empfindliche Haut sicher macht. Einfach anzubringen und leicht zu entfernen \u2013 kreiere deinen Traumlook in nur wenigen Minuten.  \u2728 Schaffe Magie mit Like Ink Freckle Tattoos \u2013 ein funkelndes Detail, das den Unterschied macht! \u2728  Gr\u00f6\u00dfe: 15x4 cm\" \/>\n<meta property=\"og:url\" content=\"https:\/\/likeink.com\/de\/tatowierungen\/freckle-tattoos-silver-rain\/\" \/>\n<meta property=\"og:site_name\" content=\"Like ink\" \/>\n<meta property=\"article:publisher\" content=\"https:\/\/www.facebook.com\/LikeInkSe\" \/>\n<meta property=\"article:modified_time\" content=\"2024-12-10T13:40:32+00:00\" \/>\n<meta property=\"og:image\" content=\"https:\/\/likeink.com\/wp-content\/uploads\/2025\/11\/FreckleTattoos-SilverDots-Likeink-819x1024.png\" \/>\n\t<meta property=\"og:image:width\" content=\"819\" \/>\n\t<meta property=\"og:image:height\" content=\"1024\" \/>\n\t<meta property=\"og:image:type\" content=\"image\/png\" \/>\n<meta name=\"twitter:card\" content=\"summary_large_image\" \/>\n<meta name=\"twitter:label1\" content=\"Gesch\u00e4tzte Lesezeit\" \/>\n\t<meta name=\"twitter:data1\" content=\"1\u00a0Minute\" \/>\n<script type=\"application\/ld+json\" class=\"yoast-schema-graph\">{\"@context\":\"https:\\\/\\\/schema.org\",\"@graph\":[{\"@type\":\"WebPage\",\"@id\":\"https:\\\/\\\/likeink.com\\\/de\\\/tatowierungen\\\/freckle-tattoos-silver-rain\\\/\",\"url\":\"https:\\\/\\\/likeink.com\\\/de\\\/tatowierungen\\\/freckle-tattoos-silver-rain\\\/\",\"name\":\"Freckle Tattoos Silver Rain - Like ink\",\"isPartOf\":{\"@id\":\"https:\\\/\\\/likeink.com\\\/de\\\/#website\"},\"primaryImageOfPage\":{\"@id\":\"https:\\\/\\\/likeink.com\\\/de\\\/tatowierungen\\\/freckle-tattoos-silver-rain\\\/#primaryimage\"},\"image\":{\"@id\":\"https:\\\/\\\/likeink.com\\\/de\\\/tatowierungen\\\/freckle-tattoos-silver-rain\\\/#primaryimage\"},\"thumbnailUrl\":\"https:\\\/\\\/likeink.com\\\/wp-content\\\/uploads\\\/2024\\\/12\\\/FreckleTattoos-SilverDots-Likeink-2.jpg\",\"datePublished\":\"2024-12-10T13:31:08+00:00\",\"dateModified\":\"2024-12-10T13:40:32+00:00\",\"description\":\"Freckle Tattoos Silver Rain: Tattoo-Cluster mit funkelnden Silbertr\u00f6pfchen, die \u00fcber der Nase und unter den Augen platziert werden. - Like ink\",\"breadcrumb\":{\"@id\":\"https:\\\/\\\/likeink.com\\\/de\\\/tatowierungen\\\/freckle-tattoos-silver-rain\\\/#breadcrumb\"},\"inLanguage\":\"de\",\"potentialAction\":[{\"@type\":\"ReadAction\",\"target\":[\"https:\\\/\\\/likeink.com\\\/de\\\/tatowierungen\\\/freckle-tattoos-silver-rain\\\/\"]}]},{\"@type\":\"ImageObject\",\"inLanguage\":\"de\",\"@id\":\"https:\\\/\\\/likeink.com\\\/de\\\/tatowierungen\\\/freckle-tattoos-silver-rain\\\/#primaryimage\",\"url\":\"https:\\\/\\\/likeink.com\\\/wp-content\\\/uploads\\\/2024\\\/12\\\/FreckleTattoos-SilverDots-Likeink-2.jpg\",\"contentUrl\":\"https:\\\/\\\/likeink.com\\\/wp-content\\\/uploads\\\/2024\\\/12\\\/FreckleTattoos-SilverDots-Likeink-2.jpg\",\"width\":1720,\"height\":1520,\"caption\":\"Eine Nahaufnahme einer Person mit kurzen Haaren, die Freckle Tattoos Silver Rain - wei\u00dfe Punkte auf Wangen und Nase - tr\u00e4gt und direkt in die Kamera blickt, mit einem subtilen, ruhigen Ausdruck.\"},{\"@type\":\"BreadcrumbList\",\"@id\":\"https:\\\/\\\/likeink.com\\\/de\\\/tatowierungen\\\/freckle-tattoos-silver-rain\\\/#breadcrumb\",\"itemListElement\":[{\"@type\":\"ListItem\",\"position\":1,\"name\":\"Hem\",\"item\":\"https:\\\/\\\/likeink.com\\\/de\\\/\"},{\"@type\":\"ListItem\",\"position\":2,\"name\":\"Shop\",\"item\":\"https:\\\/\\\/likeink.com\\\/de\\\/shop\\\/\"},{\"@type\":\"ListItem\",\"position\":3,\"name\":\"Freckle Tattoos Silver Rain\"}]},{\"@type\":\"WebSite\",\"@id\":\"https:\\\/\\\/likeink.com\\\/de\\\/#website\",\"url\":\"https:\\\/\\\/likeink.com\\\/de\\\/\",\"name\":\"Like ink\",\"description\":\"Gestalten Sie Ihre eigenen tempor\u00e4ren Tattoos\",\"potentialAction\":[{\"@type\":\"SearchAction\",\"target\":{\"@type\":\"EntryPoint\",\"urlTemplate\":\"https:\\\/\\\/likeink.com\\\/de\\\/?s={search_term_string}\"},\"query-input\":{\"@type\":\"PropertyValueSpecification\",\"valueRequired\":true,\"valueName\":\"search_term_string\"}}],\"inLanguage\":\"de\"}]}<\/script>\n<!-- \/ Yoast SEO Premium plugin. -->","yoast_head_json":{"title":"Freckle Tattoos Silver Rain - Like ink","description":"Freckle Tattoos Silver Rain: Tattoo-Cluster mit funkelnden Silbertr\u00f6pfchen, die \u00fcber der Nase und unter den Augen platziert werden. - Like ink","robots":{"index":"index","follow":"follow","max-snippet":"max-snippet:-1","max-image-preview":"max-image-preview:large","max-video-preview":"max-video-preview:-1"},"canonical":"https:\/\/likeink.com\/de\/tatowierungen\/freckle-tattoos-silver-rain\/","og_locale":"de_DE","og_type":"article","og_title":"Freckle Tattoos Silver Rain","og_description":"Like Ink Freckle Tattoos Silver Rain \u2013 Glitzernde Cluster aus kleinen Punkten und Tropfen in Silber.  Gib deinem Look einen magischen Touch mit Like Ink Metallic Freckle Tattoos \u2013 funkelnde kleine Punkte und Tropfen in Silber, die \u00fcber der Nase und unter den Augen platziert werden. Perfekt f\u00fcr einen Abend, ein Festival oder Silvester, wenn du ein bisschen extra Glanz m\u00f6chtest!  Kaufe hochwertige Sommersprossen-Tattoos Unsere Sommersprossen-Tattoos sind so konzipiert, dass sie lange an Ort und Stelle bleiben und einen nat\u00fcrlichen, stilvollen Look bieten. Dank des cleveren Designs haftet der Kleber nur an der eigentlichen T\u00e4towierung \u2013 keine unn\u00f6tige Plastikfolie, die das Gesamtbild st\u00f6rt. Superstylische Sommersprossen-Tattoos in hoher Qualit\u00e4t.  Dar\u00fcber hinaus sind Like Ink Freckle Tattoos hypoallergen und sanft zur Haut, was sie auch f\u00fcr empfindliche Haut sicher macht. Einfach anzubringen und leicht zu entfernen \u2013 kreiere deinen Traumlook in nur wenigen Minuten.  \u2728 Schaffe Magie mit Like Ink Freckle Tattoos \u2013 ein funkelndes Detail, das den Unterschied macht! \u2728  Gr\u00f6\u00dfe: 15x4 cm","og_url":"https:\/\/likeink.com\/de\/tatowierungen\/freckle-tattoos-silver-rain\/","og_site_name":"Like ink","article_publisher":"https:\/\/www.facebook.com\/LikeInkSe","article_modified_time":"2024-12-10T13:40:32+00:00","og_image":[{"width":819,"height":1024,"url":"https:\/\/likeink.com\/wp-content\/uploads\/2025\/11\/FreckleTattoos-SilverDots-Likeink-819x1024.png","type":"image\/png"}],"twitter_card":"summary_large_image","twitter_misc":{"Gesch\u00e4tzte Lesezeit":"1\u00a0Minute"},"schema":{"@context":"https:\/\/schema.org","@graph":[{"@type":"WebPage","@id":"https:\/\/likeink.com\/de\/tatowierungen\/freckle-tattoos-silver-rain\/","url":"https:\/\/likeink.com\/de\/tatowierungen\/freckle-tattoos-silver-rain\/","name":"Freckle Tattoos Silver Rain - Like ink","isPartOf":{"@id":"https:\/\/likeink.com\/de\/#website"},"primaryImageOfPage":{"@id":"https:\/\/likeink.com\/de\/tatowierungen\/freckle-tattoos-silver-rain\/#primaryimage"},"image":{"@id":"https:\/\/likeink.com\/de\/tatowierungen\/freckle-tattoos-silver-rain\/#primaryimage"},"thumbnailUrl":"https:\/\/likeink.com\/wp-content\/uploads\/2024\/12\/FreckleTattoos-SilverDots-Likeink-2.jpg","datePublished":"2024-12-10T13:31:08+00:00","dateModified":"2024-12-10T13:40:32+00:00","description":"Freckle Tattoos Silver Rain: Tattoo-Cluster mit funkelnden Silbertr\u00f6pfchen, die \u00fcber der Nase und unter den Augen platziert werden. - Like ink","breadcrumb":{"@id":"https:\/\/likeink.com\/de\/tatowierungen\/freckle-tattoos-silver-rain\/#breadcrumb"},"inLanguage":"de","potentialAction":[{"@type":"ReadAction","target":["https:\/\/likeink.com\/de\/tatowierungen\/freckle-tattoos-silver-rain\/"]}]},{"@type":"ImageObject","inLanguage":"de","@id":"https:\/\/likeink.com\/de\/tatowierungen\/freckle-tattoos-silver-rain\/#primaryimage","url":"https:\/\/likeink.com\/wp-content\/uploads\/2024\/12\/FreckleTattoos-SilverDots-Likeink-2.jpg","contentUrl":"https:\/\/likeink.com\/wp-content\/uploads\/2024\/12\/FreckleTattoos-SilverDots-Likeink-2.jpg","width":1720,"height":1520,"caption":"Eine Nahaufnahme einer Person mit kurzen Haaren, die Freckle Tattoos Silver Rain - wei\u00dfe Punkte auf Wangen und Nase - tr\u00e4gt und direkt in die Kamera blickt, mit einem subtilen, ruhigen Ausdruck."},{"@type":"BreadcrumbList","@id":"https:\/\/likeink.com\/de\/tatowierungen\/freckle-tattoos-silver-rain\/#breadcrumb","itemListElement":[{"@type":"ListItem","position":1,"name":"Hem","item":"https:\/\/likeink.com\/de\/"},{"@type":"ListItem","position":2,"name":"Shop","item":"https:\/\/likeink.com\/de\/shop\/"},{"@type":"ListItem","position":3,"name":"Freckle Tattoos Silver Rain"}]},{"@type":"WebSite","@id":"https:\/\/likeink.com\/de\/#website","url":"https:\/\/likeink.com\/de\/","name":"Like ink","description":"Gestalten Sie Ihre eigenen tempor\u00e4ren Tattoos","potentialAction":[{"@type":"SearchAction","target":{"@type":"EntryPoint","urlTemplate":"https:\/\/likeink.com\/de\/?s={search_term_string}"},"query-input":{"@type":"PropertyValueSpecification","valueRequired":true,"valueName":"search_term_string"}}],"inLanguage":"de"}]}},"_links":{"self":[{"href":"https:\/\/likeink.com\/de\/wp-json\/wp\/v2\/product\/34608","targetHints":{"allow":["GET"]}}],"collection":[{"href":"https:\/\/likeink.com\/de\/wp-json\/wp\/v2\/product"}],"about":[{"href":"https:\/\/likeink.com\/de\/wp-json\/wp\/v2\/types\/product"}],"wp:featuredmedia":[{"embeddable":true,"href":"https:\/\/likeink.com\/de\/wp-json\/wp\/v2\/media\/59479"}],"wp:attachment":[{"href":"https:\/\/likeink.com\/de\/wp-json\/wp\/v2\/media?parent=34608"}],"wp:term":[{"taxonomy":"product_brand","embeddable":true,"href":"https:\/\/likeink.com\/de\/wp-json\/wp\/v2\/product_brand?post=34608"},{"taxonomy":"product_cat","embeddable":true,"href":"https:\/\/likeink.com\/de\/wp-json\/wp\/v2\/product_cat?post=34608"},{"taxonomy":"product_tag","embeddable":true,"href":"https:\/\/likeink.com\/de\/wp-json\/wp\/v2\/product_tag?post=34608"}],"curies":[{"name":"wp","href":"https:\/\/api.w.org\/{rel}","templated":true}]}}