{"id":34617,"date":"2024-12-10T13:49:39","date_gmt":"2024-12-10T13:49:41","guid":{"rendered":"https:\/\/likeink.se\/?post_type=product&#038;p=34617"},"modified":"2024-12-10T13:57:11","modified_gmt":"2024-12-10T13:57:11","slug":"freckle-tattoos-golden-rain","status":"publish","type":"product","link":"https:\/\/likeink.com\/de\/tatowierungen\/freckle-tattoos-golden-rain\/","title":{"rendered":"Freckle Tattoos Golden Rain"},"content":{"rendered":"","protected":false},"excerpt":{"rendered":"<p><strong>Like Ink Freckle Tattoos Golden Rain \u2013 Glitzernde Cluster aus kleinen Punkten und Tropfen in Gold.<\/strong><\/p>\n<p>Gib deinem Look einen magischen Touch mit Like Ink Metallic Freckle Tattoos \u2013 funkelnde kleine Punkte und Tropfen in Gold, die \u00fcber der Nase und unter den Augen platziert werden. Perfekt f\u00fcr einen Abend, ein Festival oder Silvester, wenn du ein bisschen extra Glanz m\u00f6chtest!<\/p>\n<h2>Kaufe hochwertige Sommersprossen-Tattoos<\/h2>\n<p>Unsere Sommersprossen-Tattoos sind so konzipiert, dass sie lange an Ort und Stelle bleiben und einen nat\u00fcrlichen, stilvollen Look bieten. Dank des cleveren Designs haftet der Kleber nur an der eigentlichen T\u00e4towierung \u2013 keine unn\u00f6tige Plastikfolie, die das Gesamtbild st\u00f6rt. Superstylische Sommersprossen-Tattoos in hoher Qualit\u00e4t.<\/p>\n<p>\u2728 Schaffe Magie mit Like Ink Freckle Tattoos \u2013 ein funkelndes Detail, das den Unterschied macht! \u2728<\/p>\n<p><strong>Gr\u00f6\u00dfe:<\/strong> 15&#215;4 cm<\/p>\n","protected":false},"featured_media":59490,"template":"","meta":[],"product_brand":[],"product_cat":[185,55],"product_tag":[],"class_list":{"0":"post-34617","1":"product","2":"type-product","3":"status-publish","4":"has-post-thumbnail","6":"product_cat-feiertags-tattoos","7":"product_cat-fertige-boegen","9":"first","10":"instock","11":"taxable","12":"shipping-taxable","13":"purchasable","14":"product-type-simple"},"yoast_head":"<!-- This site is optimized with the Yoast SEO Premium plugin v26.2 (Yoast SEO v27.4) - https:\/\/yoast.com\/product\/yoast-seo-premium-wordpress\/ -->\n<title>Freckle Tattoos Golden Rain - Like ink<\/title>\n<meta name=\"description\" content=\"Freckle Tattoos Golden Rain: Tattoo-Cluster mit funkelnden Goldtr\u00f6pfchen, die \u00fcber der Nase und unter den Augen platziert werden. - Like ink\" \/>\n<meta name=\"robots\" content=\"index, follow, max-snippet:-1, max-image-preview:large, max-video-preview:-1\" \/>\n<link rel=\"canonical\" href=\"https:\/\/likeink.com\/de\/tatowierungen\/freckle-tattoos-golden-rain\/\" \/>\n<meta property=\"og:locale\" content=\"de_DE\" \/>\n<meta property=\"og:type\" content=\"article\" \/>\n<meta property=\"og:title\" content=\"Freckle Tattoos Golden Rain\" \/>\n<meta property=\"og:description\" content=\"Like Ink Freckle Tattoos Golden Rain \u2013 Glitzernde Cluster aus kleinen Punkten und Tropfen in Gold.  Gib deinem Look einen magischen Touch mit Like Ink Metallic Freckle Tattoos \u2013 funkelnde kleine Punkte und Tropfen in Gold, die \u00fcber der Nase und unter den Augen platziert werden. Perfekt f\u00fcr einen Abend, ein Festival oder Silvester, wenn du ein bisschen extra Glanz m\u00f6chtest!  Kaufe hochwertige Sommersprossen-Tattoos Unsere Sommersprossen-Tattoos sind so konzipiert, dass sie lange an Ort und Stelle bleiben und einen nat\u00fcrlichen, stilvollen Look bieten. Dank des cleveren Designs haftet der Kleber nur an der eigentlichen T\u00e4towierung \u2013 keine unn\u00f6tige Plastikfolie, die das Gesamtbild st\u00f6rt. Superstylische Sommersprossen-Tattoos in hoher Qualit\u00e4t.  \u2728 Schaffe Magie mit Like Ink Freckle Tattoos \u2013 ein funkelndes Detail, das den Unterschied macht! \u2728  Gr\u00f6\u00dfe: 15x4 cm\" \/>\n<meta property=\"og:url\" content=\"https:\/\/likeink.com\/de\/tatowierungen\/freckle-tattoos-golden-rain\/\" \/>\n<meta property=\"og:site_name\" content=\"Like ink\" \/>\n<meta property=\"article:publisher\" content=\"https:\/\/www.facebook.com\/LikeInkSe\" \/>\n<meta property=\"article:modified_time\" content=\"2024-12-10T13:57:11+00:00\" \/>\n<meta property=\"og:image\" content=\"https:\/\/likeink.com\/wp-content\/uploads\/2025\/11\/GoldFreckles-goldrain-Likeink-Tattoos-819x1024.png\" \/>\n\t<meta property=\"og:image:width\" content=\"819\" \/>\n\t<meta property=\"og:image:height\" content=\"1024\" \/>\n\t<meta property=\"og:image:type\" content=\"image\/png\" \/>\n<meta name=\"twitter:card\" content=\"summary_large_image\" \/>\n<meta name=\"twitter:label1\" content=\"Gesch\u00e4tzte Lesezeit\" \/>\n\t<meta name=\"twitter:data1\" content=\"1\u00a0Minute\" \/>\n<script type=\"application\/ld+json\" class=\"yoast-schema-graph\">{\"@context\":\"https:\\\/\\\/schema.org\",\"@graph\":[{\"@type\":\"WebPage\",\"@id\":\"https:\\\/\\\/likeink.com\\\/de\\\/tatowierungen\\\/freckle-tattoos-golden-rain\\\/\",\"url\":\"https:\\\/\\\/likeink.com\\\/de\\\/tatowierungen\\\/freckle-tattoos-golden-rain\\\/\",\"name\":\"Freckle Tattoos Golden Rain - Like ink\",\"isPartOf\":{\"@id\":\"https:\\\/\\\/likeink.com\\\/de\\\/#website\"},\"primaryImageOfPage\":{\"@id\":\"https:\\\/\\\/likeink.com\\\/de\\\/tatowierungen\\\/freckle-tattoos-golden-rain\\\/#primaryimage\"},\"image\":{\"@id\":\"https:\\\/\\\/likeink.com\\\/de\\\/tatowierungen\\\/freckle-tattoos-golden-rain\\\/#primaryimage\"},\"thumbnailUrl\":\"https:\\\/\\\/likeink.com\\\/wp-content\\\/uploads\\\/2024\\\/12\\\/GoldFreckles-goldrain-Likeink-Tattoos_1.jpg\",\"datePublished\":\"2024-12-10T13:49:41+00:00\",\"dateModified\":\"2024-12-10T13:57:11+00:00\",\"description\":\"Freckle Tattoos Golden Rain: Tattoo-Cluster mit funkelnden Goldtr\u00f6pfchen, die \u00fcber der Nase und unter den Augen platziert werden. - Like ink\",\"breadcrumb\":{\"@id\":\"https:\\\/\\\/likeink.com\\\/de\\\/tatowierungen\\\/freckle-tattoos-golden-rain\\\/#breadcrumb\"},\"inLanguage\":\"de\",\"potentialAction\":[{\"@type\":\"ReadAction\",\"target\":[\"https:\\\/\\\/likeink.com\\\/de\\\/tatowierungen\\\/freckle-tattoos-golden-rain\\\/\"]}]},{\"@type\":\"ImageObject\",\"inLanguage\":\"de\",\"@id\":\"https:\\\/\\\/likeink.com\\\/de\\\/tatowierungen\\\/freckle-tattoos-golden-rain\\\/#primaryimage\",\"url\":\"https:\\\/\\\/likeink.com\\\/wp-content\\\/uploads\\\/2024\\\/12\\\/GoldFreckles-goldrain-Likeink-Tattoos_1.jpg\",\"contentUrl\":\"https:\\\/\\\/likeink.com\\\/wp-content\\\/uploads\\\/2024\\\/12\\\/GoldFreckles-goldrain-Likeink-Tattoos_1.jpg\",\"width\":1720,\"height\":1520,\"caption\":\"Eine Nahaufnahme des Gesichts einer Person mit nat\u00fcrlicher Hautstruktur, die Freckle Tattoos Golden Rain, goldene Punkte unter den Augen und auf den Wangen tr\u00e4gt und ruhig in die Kamera schaut.\"},{\"@type\":\"BreadcrumbList\",\"@id\":\"https:\\\/\\\/likeink.com\\\/de\\\/tatowierungen\\\/freckle-tattoos-golden-rain\\\/#breadcrumb\",\"itemListElement\":[{\"@type\":\"ListItem\",\"position\":1,\"name\":\"Hem\",\"item\":\"https:\\\/\\\/likeink.com\\\/de\\\/\"},{\"@type\":\"ListItem\",\"position\":2,\"name\":\"Shop\",\"item\":\"https:\\\/\\\/likeink.com\\\/de\\\/shop\\\/\"},{\"@type\":\"ListItem\",\"position\":3,\"name\":\"Freckle Tattoos Golden Rain\"}]},{\"@type\":\"WebSite\",\"@id\":\"https:\\\/\\\/likeink.com\\\/de\\\/#website\",\"url\":\"https:\\\/\\\/likeink.com\\\/de\\\/\",\"name\":\"Like ink\",\"description\":\"Gestalten Sie Ihre eigenen tempor\u00e4ren Tattoos\",\"potentialAction\":[{\"@type\":\"SearchAction\",\"target\":{\"@type\":\"EntryPoint\",\"urlTemplate\":\"https:\\\/\\\/likeink.com\\\/de\\\/?s={search_term_string}\"},\"query-input\":{\"@type\":\"PropertyValueSpecification\",\"valueRequired\":true,\"valueName\":\"search_term_string\"}}],\"inLanguage\":\"de\"}]}<\/script>\n<!-- \/ Yoast SEO Premium plugin. -->","yoast_head_json":{"title":"Freckle Tattoos Golden Rain - Like ink","description":"Freckle Tattoos Golden Rain: Tattoo-Cluster mit funkelnden Goldtr\u00f6pfchen, die \u00fcber der Nase und unter den Augen platziert werden. - Like ink","robots":{"index":"index","follow":"follow","max-snippet":"max-snippet:-1","max-image-preview":"max-image-preview:large","max-video-preview":"max-video-preview:-1"},"canonical":"https:\/\/likeink.com\/de\/tatowierungen\/freckle-tattoos-golden-rain\/","og_locale":"de_DE","og_type":"article","og_title":"Freckle Tattoos Golden Rain","og_description":"Like Ink Freckle Tattoos Golden Rain \u2013 Glitzernde Cluster aus kleinen Punkten und Tropfen in Gold.  Gib deinem Look einen magischen Touch mit Like Ink Metallic Freckle Tattoos \u2013 funkelnde kleine Punkte und Tropfen in Gold, die \u00fcber der Nase und unter den Augen platziert werden. Perfekt f\u00fcr einen Abend, ein Festival oder Silvester, wenn du ein bisschen extra Glanz m\u00f6chtest!  Kaufe hochwertige Sommersprossen-Tattoos Unsere Sommersprossen-Tattoos sind so konzipiert, dass sie lange an Ort und Stelle bleiben und einen nat\u00fcrlichen, stilvollen Look bieten. Dank des cleveren Designs haftet der Kleber nur an der eigentlichen T\u00e4towierung \u2013 keine unn\u00f6tige Plastikfolie, die das Gesamtbild st\u00f6rt. Superstylische Sommersprossen-Tattoos in hoher Qualit\u00e4t.  \u2728 Schaffe Magie mit Like Ink Freckle Tattoos \u2013 ein funkelndes Detail, das den Unterschied macht! \u2728  Gr\u00f6\u00dfe: 15x4 cm","og_url":"https:\/\/likeink.com\/de\/tatowierungen\/freckle-tattoos-golden-rain\/","og_site_name":"Like ink","article_publisher":"https:\/\/www.facebook.com\/LikeInkSe","article_modified_time":"2024-12-10T13:57:11+00:00","og_image":[{"width":819,"height":1024,"url":"https:\/\/likeink.com\/wp-content\/uploads\/2025\/11\/GoldFreckles-goldrain-Likeink-Tattoos-819x1024.png","type":"image\/png"}],"twitter_card":"summary_large_image","twitter_misc":{"Gesch\u00e4tzte Lesezeit":"1\u00a0Minute"},"schema":{"@context":"https:\/\/schema.org","@graph":[{"@type":"WebPage","@id":"https:\/\/likeink.com\/de\/tatowierungen\/freckle-tattoos-golden-rain\/","url":"https:\/\/likeink.com\/de\/tatowierungen\/freckle-tattoos-golden-rain\/","name":"Freckle Tattoos Golden Rain - Like ink","isPartOf":{"@id":"https:\/\/likeink.com\/de\/#website"},"primaryImageOfPage":{"@id":"https:\/\/likeink.com\/de\/tatowierungen\/freckle-tattoos-golden-rain\/#primaryimage"},"image":{"@id":"https:\/\/likeink.com\/de\/tatowierungen\/freckle-tattoos-golden-rain\/#primaryimage"},"thumbnailUrl":"https:\/\/likeink.com\/wp-content\/uploads\/2024\/12\/GoldFreckles-goldrain-Likeink-Tattoos_1.jpg","datePublished":"2024-12-10T13:49:41+00:00","dateModified":"2024-12-10T13:57:11+00:00","description":"Freckle Tattoos Golden Rain: Tattoo-Cluster mit funkelnden Goldtr\u00f6pfchen, die \u00fcber der Nase und unter den Augen platziert werden. - Like ink","breadcrumb":{"@id":"https:\/\/likeink.com\/de\/tatowierungen\/freckle-tattoos-golden-rain\/#breadcrumb"},"inLanguage":"de","potentialAction":[{"@type":"ReadAction","target":["https:\/\/likeink.com\/de\/tatowierungen\/freckle-tattoos-golden-rain\/"]}]},{"@type":"ImageObject","inLanguage":"de","@id":"https:\/\/likeink.com\/de\/tatowierungen\/freckle-tattoos-golden-rain\/#primaryimage","url":"https:\/\/likeink.com\/wp-content\/uploads\/2024\/12\/GoldFreckles-goldrain-Likeink-Tattoos_1.jpg","contentUrl":"https:\/\/likeink.com\/wp-content\/uploads\/2024\/12\/GoldFreckles-goldrain-Likeink-Tattoos_1.jpg","width":1720,"height":1520,"caption":"Eine Nahaufnahme des Gesichts einer Person mit nat\u00fcrlicher Hautstruktur, die Freckle Tattoos Golden Rain, goldene Punkte unter den Augen und auf den Wangen tr\u00e4gt und ruhig in die Kamera schaut."},{"@type":"BreadcrumbList","@id":"https:\/\/likeink.com\/de\/tatowierungen\/freckle-tattoos-golden-rain\/#breadcrumb","itemListElement":[{"@type":"ListItem","position":1,"name":"Hem","item":"https:\/\/likeink.com\/de\/"},{"@type":"ListItem","position":2,"name":"Shop","item":"https:\/\/likeink.com\/de\/shop\/"},{"@type":"ListItem","position":3,"name":"Freckle Tattoos Golden Rain"}]},{"@type":"WebSite","@id":"https:\/\/likeink.com\/de\/#website","url":"https:\/\/likeink.com\/de\/","name":"Like ink","description":"Gestalten Sie Ihre eigenen tempor\u00e4ren Tattoos","potentialAction":[{"@type":"SearchAction","target":{"@type":"EntryPoint","urlTemplate":"https:\/\/likeink.com\/de\/?s={search_term_string}"},"query-input":{"@type":"PropertyValueSpecification","valueRequired":true,"valueName":"search_term_string"}}],"inLanguage":"de"}]}},"_links":{"self":[{"href":"https:\/\/likeink.com\/de\/wp-json\/wp\/v2\/product\/34617","targetHints":{"allow":["GET"]}}],"collection":[{"href":"https:\/\/likeink.com\/de\/wp-json\/wp\/v2\/product"}],"about":[{"href":"https:\/\/likeink.com\/de\/wp-json\/wp\/v2\/types\/product"}],"wp:featuredmedia":[{"embeddable":true,"href":"https:\/\/likeink.com\/de\/wp-json\/wp\/v2\/media\/59490"}],"wp:attachment":[{"href":"https:\/\/likeink.com\/de\/wp-json\/wp\/v2\/media?parent=34617"}],"wp:term":[{"taxonomy":"product_brand","embeddable":true,"href":"https:\/\/likeink.com\/de\/wp-json\/wp\/v2\/product_brand?post=34617"},{"taxonomy":"product_cat","embeddable":true,"href":"https:\/\/likeink.com\/de\/wp-json\/wp\/v2\/product_cat?post=34617"},{"taxonomy":"product_tag","embeddable":true,"href":"https:\/\/likeink.com\/de\/wp-json\/wp\/v2\/product_tag?post=34617"}],"curies":[{"name":"wp","href":"https:\/\/api.w.org\/{rel}","templated":true}]}}