{"id":35900,"date":"2025-03-13T13:45:42","date_gmt":"2025-03-13T13:45:43","guid":{"rendered":"https:\/\/likeink.se\/?post_type=product&#038;p=35900"},"modified":"2025-03-13T13:59:22","modified_gmt":"2025-03-13T13:59:22","slug":"flash-kopparhjerta-tattoos-by-kristoffer-don-cash","status":"publish","type":"product","link":"https:\/\/likeink.com\/de\/tatowierungen\/flash-kopparhjerta-tattoos-by-kristoffer-don-cash\/","title":{"rendered":"Flash \u201dKopparhjerta Tattoos\u201d by Kristoffer Don Cash"},"content":{"rendered":"","protected":false},"excerpt":{"rendered":"<p>Entdecke einzigartige Siirtotatuointi, kreiert vom T\u00e4towierer Kristoffer Don Cash. Jedes Design ist handgezeichnet und von seinem unverwechselbaren Stil inspiriert, mit grafischen Details und einem Hauch von Realismus. Die Tattoos sind vegan, hypoallergen und lassen sich einfach mit Wasser auftragen. Diese Siirtotatuointi halten mehrere Tage, k\u00f6nnen aber jederzeit leicht abgewaschen werden, wenn du das Design wechseln m\u00f6chtest.  <\/p>\n<h2>Bestelle Tattoos, die vom T\u00e4towierer Kristoffer Don Cash entworfen wurden<\/h2>\n<p><strong>\u00dcber Kristoffer Segerstr\u00f6m:<\/strong><br \/>\nIch arbeite zu 93,6 % der Zeit mit schwarzer Tinte und bevorzuge grafische Designs mit einem Hauch von Realismus.<br \/>\nWie viele andere in der Branche habe ich einen Hintergrund in der Graffiti-Kunst, aber nach einiger Zeit hatte ich das Gef\u00fchl, dass es Zeit war, weiterzugehen, und begann, Kunst zu studieren. W\u00e4hrend meines Studiums entdeckte ich Tattoos, und eines sp\u00e4ten Abends in einem Studio entschied ich mich, mein eigenes Bein zu t\u00e4towieren \u2013 und von diesem Moment an war ich s\u00fcchtig!  <\/p>\n<p>Ich arbeite nun seit etwa zehn Jahren als T\u00e4towierer und liebe jeden Teil davon. Ich habe als Gast-T\u00e4towierer in Studios auf der ganzen Welt gearbeitet und plane, dies so lange zu tun, wie mein R\u00fccken mitmacht!  <\/p>\n<p><strong>Name:<\/strong> Kristoffer Don Cash<br \/>\n<strong>Instagram:<\/strong> @k.doncash<br \/>\n<strong>Studio:<\/strong> Kopparhjerta Falun \/ Stockholm<br \/>\n<strong>Studio Instagram:<\/strong> @kopparhjerta  <\/p>\n<p><strong>Bogenformat:<\/strong> A5<br \/>\n<strong>Anzahl der Tattoos:<\/strong> 22<br \/>\n<strong>Tattoo-Gr\u00f6\u00dfe:<\/strong> 25-85 mm <\/p>\n","protected":false},"featured_media":35855,"template":"","meta":[],"product_brand":[],"product_cat":[55,503],"product_tag":[],"class_list":{"0":"post-35900","1":"product","2":"type-product","3":"status-publish","4":"has-post-thumbnail","6":"product_cat-fertige-boegen","7":"product_cat-kooperationen-mit-taetowierern","9":"first","10":"instock","11":"taxable","12":"shipping-taxable","13":"purchasable","14":"product-type-simple"},"yoast_head":"<!-- This site is optimized with the Yoast SEO Premium plugin v27.5 (Yoast SEO v27.6) - https:\/\/yoast.com\/product\/yoast-seo-premium-wordpress\/ -->\n<title>Tempor\u00e4re Kopparhjerta Tattoos von T\u00e4towierer Kristoffer Don Cash - Like ink<\/title>\n<meta name=\"description\" content=\"Kopparhjerta Tattoos: Bestelle tempor\u00e4re Tattoos, entworfen von T\u00e4towierer Kristoffer Don Cash aus dem Tattoo-Studio Kopparhjerta. - Like ink\" \/>\n<meta name=\"robots\" content=\"index, follow, max-snippet:-1, max-image-preview:large, max-video-preview:-1\" \/>\n<link rel=\"canonical\" href=\"https:\/\/likeink.com\/de\/tatowierungen\/flash-kopparhjerta-tattoos-by-kristoffer-don-cash\/\" \/>\n<meta property=\"og:locale\" content=\"de_DE\" \/>\n<meta property=\"og:type\" content=\"article\" \/>\n<meta property=\"og:title\" content=\"Flash \u201dKopparhjerta Tattoos\u201d by Kristoffer Don Cash\" \/>\n<meta property=\"og:description\" content=\"Entdecke einzigartige Siirtotatuointi, kreiert vom T\u00e4towierer Kristoffer Don Cash. Jedes Design ist handgezeichnet und von seinem unverwechselbaren Stil inspiriert, mit grafischen Details und einem Hauch von Realismus. Die Tattoos sind vegan, hypoallergen und lassen sich einfach mit Wasser auftragen. Diese Siirtotatuointi halten mehrere Tage, k\u00f6nnen aber jederzeit leicht abgewaschen werden, wenn du das Design wechseln m\u00f6chtest.   Bestelle Tattoos, die vom T\u00e4towierer Kristoffer Don Cash entworfen wurden   \u00dcber Kristoffer Segerstr\u00f6m:  Ich arbeite zu 93,6 % der Zeit mit schwarzer Tinte und bevorzuge grafische Designs mit einem Hauch von Realismus.  Wie viele andere in der Branche habe ich einen Hintergrund in der Graffiti-Kunst, aber nach einiger Zeit hatte ich das Gef\u00fchl, dass es Zeit war, weiterzugehen, und begann, Kunst zu studieren. W\u00e4hrend meines Studiums entdeckte ich Tattoos, und eines sp\u00e4ten Abends in einem Studio entschied ich mich, mein eigenes Bein zu t\u00e4towieren \u2013 und von diesem Moment an war ich s\u00fcchtig!   Ich arbeite nun seit etwa zehn Jahren als T\u00e4towierer und liebe jeden Teil davon. Ich habe als Gast-T\u00e4towierer in Studios auf der ganzen Welt gearbeitet und plane, dies so lange zu tun, wie mein R\u00fccken mitmacht!   Name: Kristoffer Don Cash  Instagram: @k.doncash  Studio: Kopparhjerta Falun \/ Stockholm  Studio Instagram: @kopparhjerta   Bogenformat: A5  Anzahl der Tattoos: 22  Tattoo-Gr\u00f6\u00dfe: 25-85 mm\" \/>\n<meta property=\"og:url\" content=\"https:\/\/likeink.com\/de\/tatowierungen\/flash-kopparhjerta-tattoos-by-kristoffer-don-cash\/\" \/>\n<meta property=\"og:site_name\" content=\"Like ink\" \/>\n<meta property=\"article:publisher\" content=\"https:\/\/www.facebook.com\/LikeInkSe\" \/>\n<meta property=\"article:modified_time\" content=\"2025-03-13T13:59:22+00:00\" \/>\n<meta property=\"og:image\" content=\"https:\/\/likeink.com\/wp-content\/uploads\/2025\/03\/kopparhjerta-tattoo-Likeink-1.jpg\" \/>\n\t<meta property=\"og:image:width\" content=\"1600\" \/>\n\t<meta property=\"og:image:height\" content=\"1127\" \/>\n\t<meta property=\"og:image:type\" content=\"image\/jpeg\" \/>\n<meta name=\"twitter:card\" content=\"summary_large_image\" \/>\n<meta name=\"twitter:label1\" content=\"Gesch\u00e4tzte Lesezeit\" \/>\n\t<meta name=\"twitter:data1\" content=\"1\u00a0Minute\" \/>\n<!-- \/ Yoast SEO Premium plugin. -->","yoast_head_json":{"title":"Tempor\u00e4re Kopparhjerta Tattoos von T\u00e4towierer Kristoffer Don Cash - Like ink","description":"Kopparhjerta Tattoos: Bestelle tempor\u00e4re Tattoos, entworfen von T\u00e4towierer Kristoffer Don Cash aus dem Tattoo-Studio Kopparhjerta. - Like ink","robots":{"index":"index","follow":"follow","max-snippet":"max-snippet:-1","max-image-preview":"max-image-preview:large","max-video-preview":"max-video-preview:-1"},"canonical":"https:\/\/likeink.com\/de\/tatowierungen\/flash-kopparhjerta-tattoos-by-kristoffer-don-cash\/","og_locale":"de_DE","og_type":"article","og_title":"Flash \u201dKopparhjerta Tattoos\u201d by Kristoffer Don Cash","og_description":"Entdecke einzigartige Siirtotatuointi, kreiert vom T\u00e4towierer Kristoffer Don Cash. Jedes Design ist handgezeichnet und von seinem unverwechselbaren Stil inspiriert, mit grafischen Details und einem Hauch von Realismus. Die Tattoos sind vegan, hypoallergen und lassen sich einfach mit Wasser auftragen. Diese Siirtotatuointi halten mehrere Tage, k\u00f6nnen aber jederzeit leicht abgewaschen werden, wenn du das Design wechseln m\u00f6chtest.   Bestelle Tattoos, die vom T\u00e4towierer Kristoffer Don Cash entworfen wurden   \u00dcber Kristoffer Segerstr\u00f6m:  Ich arbeite zu 93,6 % der Zeit mit schwarzer Tinte und bevorzuge grafische Designs mit einem Hauch von Realismus.  Wie viele andere in der Branche habe ich einen Hintergrund in der Graffiti-Kunst, aber nach einiger Zeit hatte ich das Gef\u00fchl, dass es Zeit war, weiterzugehen, und begann, Kunst zu studieren. W\u00e4hrend meines Studiums entdeckte ich Tattoos, und eines sp\u00e4ten Abends in einem Studio entschied ich mich, mein eigenes Bein zu t\u00e4towieren \u2013 und von diesem Moment an war ich s\u00fcchtig!   Ich arbeite nun seit etwa zehn Jahren als T\u00e4towierer und liebe jeden Teil davon. Ich habe als Gast-T\u00e4towierer in Studios auf der ganzen Welt gearbeitet und plane, dies so lange zu tun, wie mein R\u00fccken mitmacht!   Name: Kristoffer Don Cash  Instagram: @k.doncash  Studio: Kopparhjerta Falun \/ Stockholm  Studio Instagram: @kopparhjerta   Bogenformat: A5  Anzahl der Tattoos: 22  Tattoo-Gr\u00f6\u00dfe: 25-85 mm","og_url":"https:\/\/likeink.com\/de\/tatowierungen\/flash-kopparhjerta-tattoos-by-kristoffer-don-cash\/","og_site_name":"Like ink","article_publisher":"https:\/\/www.facebook.com\/LikeInkSe","article_modified_time":"2025-03-13T13:59:22+00:00","og_image":[{"width":1600,"height":1127,"url":"https:\/\/likeink.com\/wp-content\/uploads\/2025\/03\/kopparhjerta-tattoo-Likeink-1.jpg","type":"image\/jpeg"}],"twitter_card":"summary_large_image","twitter_misc":{"Gesch\u00e4tzte Lesezeit":"1\u00a0Minute"},"schema":{"@context":"https:\/\/schema.org","@graph":[{"@type":"WebPage","@id":"https:\/\/likeink.com\/de\/tatowierungen\/flash-kopparhjerta-tattoos-by-kristoffer-don-cash\/","url":"https:\/\/likeink.com\/de\/tatowierungen\/flash-kopparhjerta-tattoos-by-kristoffer-don-cash\/","name":"Tempor\u00e4re Kopparhjerta Tattoos von T\u00e4towierer Kristoffer Don Cash - Like ink","isPartOf":{"@id":"https:\/\/likeink.com\/de\/#website"},"primaryImageOfPage":{"@id":"https:\/\/likeink.com\/de\/tatowierungen\/flash-kopparhjerta-tattoos-by-kristoffer-don-cash\/#primaryimage"},"image":{"@id":"https:\/\/likeink.com\/de\/tatowierungen\/flash-kopparhjerta-tattoos-by-kristoffer-don-cash\/#primaryimage"},"thumbnailUrl":"https:\/\/likeink.com\/wp-content\/uploads\/2025\/03\/kopparhjerta-tattoo-Likeink-1.jpg","datePublished":"2025-03-13T13:45:43+00:00","dateModified":"2025-03-13T13:59:22+00:00","description":"Kopparhjerta Tattoos: Bestelle tempor\u00e4re Tattoos, entworfen von T\u00e4towierer Kristoffer Don Cash aus dem Tattoo-Studio Kopparhjerta. - Like ink","breadcrumb":{"@id":"https:\/\/likeink.com\/de\/tatowierungen\/flash-kopparhjerta-tattoos-by-kristoffer-don-cash\/#breadcrumb"},"inLanguage":"de","potentialAction":[{"@type":"ReadAction","target":["https:\/\/likeink.com\/de\/tatowierungen\/flash-kopparhjerta-tattoos-by-kristoffer-don-cash\/"]}]},{"@type":"ImageObject","inLanguage":"de","@id":"https:\/\/likeink.com\/de\/tatowierungen\/flash-kopparhjerta-tattoos-by-kristoffer-don-cash\/#primaryimage","url":"https:\/\/likeink.com\/wp-content\/uploads\/2025\/03\/kopparhjerta-tattoo-Likeink-1.jpg","contentUrl":"https:\/\/likeink.com\/wp-content\/uploads\/2025\/03\/kopparhjerta-tattoo-Likeink-1.jpg","width":1600,"height":1127,"caption":"Coole schwarz-wei\u00dfe tempor\u00e4re Tattoos mit Dolchen, Spinnen, einem wilden Leoparden und gotischen Motiven."},{"@type":"BreadcrumbList","@id":"https:\/\/likeink.com\/de\/tatowierungen\/flash-kopparhjerta-tattoos-by-kristoffer-don-cash\/#breadcrumb","itemListElement":[{"@type":"ListItem","position":1,"name":"Hem","item":"https:\/\/likeink.com\/de\/"},{"@type":"ListItem","position":2,"name":"Shop","item":"https:\/\/likeink.com\/de\/shop\/"},{"@type":"ListItem","position":3,"name":"Flash \u201dKopparhjerta Tattoos\u201d by Kristoffer Don Cash"}]},{"@type":"WebSite","@id":"https:\/\/likeink.com\/de\/#website","url":"https:\/\/likeink.com\/de\/","name":"Like ink","description":"Gestalten Sie Ihre eigenen tempor\u00e4ren Tattoos","potentialAction":[{"@type":"SearchAction","target":{"@type":"EntryPoint","urlTemplate":"https:\/\/likeink.com\/de\/?s={search_term_string}"},"query-input":{"@type":"PropertyValueSpecification","valueRequired":true,"valueName":"search_term_string"}}],"inLanguage":"de"}]}},"_links":{"self":[{"href":"https:\/\/likeink.com\/de\/wp-json\/wp\/v2\/product\/35900","targetHints":{"allow":["GET"]}}],"collection":[{"href":"https:\/\/likeink.com\/de\/wp-json\/wp\/v2\/product"}],"about":[{"href":"https:\/\/likeink.com\/de\/wp-json\/wp\/v2\/types\/product"}],"wp:featuredmedia":[{"embeddable":true,"href":"https:\/\/likeink.com\/de\/wp-json\/wp\/v2\/media\/35855"}],"wp:attachment":[{"href":"https:\/\/likeink.com\/de\/wp-json\/wp\/v2\/media?parent=35900"}],"wp:term":[{"taxonomy":"product_brand","embeddable":true,"href":"https:\/\/likeink.com\/de\/wp-json\/wp\/v2\/product_brand?post=35900"},{"taxonomy":"product_cat","embeddable":true,"href":"https:\/\/likeink.com\/de\/wp-json\/wp\/v2\/product_cat?post=35900"},{"taxonomy":"product_tag","embeddable":true,"href":"https:\/\/likeink.com\/de\/wp-json\/wp\/v2\/product_tag?post=35900"}],"curies":[{"name":"wp","href":"https:\/\/api.w.org\/{rel}","templated":true}]}}