{"id":4441,"date":"2020-12-07T22:09:51","date_gmt":"2020-12-07T22:09:51","guid":{"rendered":"https:\/\/likeink.se\/produkt\/flash-1-by-blackmagicjake-at-wimans-tattoo\/"},"modified":"2026-04-28T09:42:02","modified_gmt":"2026-04-28T09:42:02","slug":"flash-1-by-blackmagicjake-at-wimans-tattoo","status":"publish","type":"product","link":"https:\/\/likeink.com\/de\/tatowierungen\/flash-1-by-blackmagicjake-at-wimans-tattoo\/","title":{"rendered":"Flash &#8220;Forest Animals&#8221; by Wimans Tattoo"},"content":{"rendered":"","protected":false},"excerpt":{"rendered":"<p>Unsere fertigen B\u00f6gen mit tempor\u00e4ren Tattoos sind etwa 20\u00d715 cm gro\u00df und enthalten das Design, das du auf dem Bild siehst. Wir drucken und versenden deinen Bogen mit diesen tollen Tattoos innerhalb von 24 Stunden nach deiner Bestellung.<\/p>\n<h2>Tempor\u00e4re Tattoos Flash &#8220;Forest Animals&#8221; von @blackmagicjake<\/h2>\n<p>Dieser Bogen wurde von dem gro\u00dfartigen T\u00e4towierer Jacob Wiman von Wimans Tattoo in Karlshamn entworfen. Es ist richtig cool, Kunst von Jake anbieten zu k\u00f6nnen, der mich auch selbst t\u00e4towiert hat.<\/p>\n<p><strong>This is Jake:<\/strong><br \/>\nIch bin T\u00e4towierer in zweiter Generation und f\u00fchre seit 2010 mein eigenes Gesch\u00e4ft. Ich bin in und rund um ein Tattoo Studio aufgewachsen. Vor Kurzem bin ich aus Malm\u00f6 zur\u00fcckgezogen, wo ich die letzten f\u00fcnf Jahre gearbeitet habe. Jetzt kehre ich in meine Heimatstadt Karlshamn zur\u00fcck, um ein neues Tattoo Studio zu er\u00f6ffnen.<\/p>\n<p>Im Laufe der Jahre bin ich um die Welt gereist, um an Conventions teilzunehmen und Guest Spots zu machen. Ich habe einige Tattoo Wettbewerbe gewonnen, sch\u00f6ne Orte gesehen, gelegentlich etwas zu viel Wein getrunken, gutes Essen geteilt und vor allem viel Spa\u00df gehabt, die vielen tollen Menschen der Branche kennenzulernen.<\/p>\n<p>Ich hoffe, dir gef\u00e4llt meine Kunst. Es ist eine Auswahl von Skizzen, die im Laufe der Jahre zu Tattoos geworden sind, die ich an Menschen gestochen habe.<\/p>\n<p>Liebe Gr\u00fc\u00dfe<br \/>\nJacob Wiman<\/p>\n<p><strong>Kontakt zu Jake:<\/strong><\/p>\n<p><strong>Instagram:<\/strong><br \/>\n@blackmagicjake<\/p>\n<p><strong>Studio:<\/strong><br \/>\nWimans Tattoo<\/p>\n<p><strong>Adresse:<\/strong><br \/>\nNorra Fogdelyckegatan 33, 374 38 Karlshamn<\/p>\n<p><strong>Website:<\/strong><br \/>\nwww.wimanstattoo.com<\/p>\n","protected":false},"featured_media":60184,"template":"","meta":[],"product_brand":[],"product_cat":[55,503,522],"product_tag":[],"class_list":{"0":"post-4441","1":"product","2":"type-product","3":"status-publish","4":"has-post-thumbnail","6":"product_cat-fertige-boegen","7":"product_cat-kooperationen-mit-taetowierern","8":"product_cat-tiere-natur","10":"first","11":"instock","12":"taxable","13":"shipping-taxable","14":"purchasable","15":"product-type-simple"},"yoast_head":"<!-- This site is optimized with the Yoast SEO Premium plugin v26.2 (Yoast SEO v27.5) - https:\/\/yoast.com\/product\/yoast-seo-premium-wordpress\/ -->\n<title>falschen T\u00e4towierungen &quot;Forest Animals&quot; by Wimans Tattoo<\/title>\n<meta name=\"description\" content=\"falschen T\u00e4towierungen! Schnelle Lieferung und gute Qualit\u00e4t der falschen T\u00e4towierungen. - Like ink\" \/>\n<meta name=\"robots\" content=\"index, follow, max-snippet:-1, max-image-preview:large, max-video-preview:-1\" \/>\n<link rel=\"canonical\" href=\"https:\/\/likeink.com\/de\/tatowierungen\/flash-1-by-blackmagicjake-at-wimans-tattoo\/\" \/>\n<meta property=\"og:locale\" content=\"de_DE\" \/>\n<meta property=\"og:type\" content=\"article\" \/>\n<meta property=\"og:title\" content=\"Flash &quot;Forest Animals&quot; by Wimans Tattoo\" \/>\n<meta property=\"og:description\" content=\"Unsere fertigen B\u00f6gen mit tempor\u00e4ren Tattoos sind etwa 20\u00d715 cm gro\u00df und enthalten das Design, das du auf dem Bild siehst. Wir drucken und versenden deinen Bogen mit diesen tollen Tattoos innerhalb von 24 Stunden nach deiner Bestellung. Tempor\u00e4re Tattoos Flash &quot;Forest Animals&quot; von @blackmagicjake Dieser Bogen wurde von dem gro\u00dfartigen T\u00e4towierer Jacob Wiman von Wimans Tattoo in Karlshamn entworfen. Es ist richtig cool, Kunst von Jake anbieten zu k\u00f6nnen, der mich auch selbst t\u00e4towiert hat.  This is Jake: Ich bin T\u00e4towierer in zweiter Generation und f\u00fchre seit 2010 mein eigenes Gesch\u00e4ft. Ich bin in und rund um ein Tattoo Studio aufgewachsen. Vor Kurzem bin ich aus Malm\u00f6 zur\u00fcckgezogen, wo ich die letzten f\u00fcnf Jahre gearbeitet habe. Jetzt kehre ich in meine Heimatstadt Karlshamn zur\u00fcck, um ein neues Tattoo Studio zu er\u00f6ffnen.  Im Laufe der Jahre bin ich um die Welt gereist, um an Conventions teilzunehmen und Guest Spots zu machen. Ich habe einige Tattoo Wettbewerbe gewonnen, sch\u00f6ne Orte gesehen, gelegentlich etwas zu viel Wein getrunken, gutes Essen geteilt und vor allem viel Spa\u00df gehabt, die vielen tollen Menschen der Branche kennenzulernen.  Ich hoffe, dir gef\u00e4llt meine Kunst. Es ist eine Auswahl von Skizzen, die im Laufe der Jahre zu Tattoos geworden sind, die ich an Menschen gestochen habe.  Liebe Gr\u00fc\u00dfe Jacob Wiman  Kontakt zu Jake:  Instagram: @blackmagicjake  Studio: Wimans Tattoo  Adresse: Norra Fogdelyckegatan 33, 374 38 Karlshamn  Website: www.wimanstattoo.com\" \/>\n<meta property=\"og:url\" content=\"https:\/\/likeink.com\/de\/tatowierungen\/flash-1-by-blackmagicjake-at-wimans-tattoo\/\" \/>\n<meta property=\"og:site_name\" content=\"Like ink\" \/>\n<meta property=\"article:publisher\" content=\"https:\/\/www.facebook.com\/LikeInkSe\" \/>\n<meta property=\"article:modified_time\" content=\"2026-04-28T09:42:02+00:00\" \/>\n<meta property=\"og:image\" content=\"https:\/\/likeink.com\/wp-content\/uploads\/2026\/03\/Wiman-Tattoo-djur-natur-flash-likeink.jpg\" \/>\n\t<meta property=\"og:image:width\" content=\"2481\" \/>\n\t<meta property=\"og:image:height\" content=\"1749\" \/>\n\t<meta property=\"og:image:type\" content=\"image\/jpeg\" \/>\n<meta name=\"twitter:card\" content=\"summary_large_image\" \/>\n<meta name=\"twitter:label1\" content=\"Gesch\u00e4tzte Lesezeit\" \/>\n\t<meta name=\"twitter:data1\" content=\"1\u00a0Minute\" \/>\n<!-- \/ Yoast SEO Premium plugin. -->","yoast_head_json":{"title":"falschen T\u00e4towierungen \"Forest Animals\" by Wimans Tattoo","description":"falschen T\u00e4towierungen! Schnelle Lieferung und gute Qualit\u00e4t der falschen T\u00e4towierungen. - Like ink","robots":{"index":"index","follow":"follow","max-snippet":"max-snippet:-1","max-image-preview":"max-image-preview:large","max-video-preview":"max-video-preview:-1"},"canonical":"https:\/\/likeink.com\/de\/tatowierungen\/flash-1-by-blackmagicjake-at-wimans-tattoo\/","og_locale":"de_DE","og_type":"article","og_title":"Flash \"Forest Animals\" by Wimans Tattoo","og_description":"Unsere fertigen B\u00f6gen mit tempor\u00e4ren Tattoos sind etwa 20\u00d715 cm gro\u00df und enthalten das Design, das du auf dem Bild siehst. Wir drucken und versenden deinen Bogen mit diesen tollen Tattoos innerhalb von 24 Stunden nach deiner Bestellung. Tempor\u00e4re Tattoos Flash \"Forest Animals\" von @blackmagicjake Dieser Bogen wurde von dem gro\u00dfartigen T\u00e4towierer Jacob Wiman von Wimans Tattoo in Karlshamn entworfen. Es ist richtig cool, Kunst von Jake anbieten zu k\u00f6nnen, der mich auch selbst t\u00e4towiert hat.  This is Jake: Ich bin T\u00e4towierer in zweiter Generation und f\u00fchre seit 2010 mein eigenes Gesch\u00e4ft. Ich bin in und rund um ein Tattoo Studio aufgewachsen. Vor Kurzem bin ich aus Malm\u00f6 zur\u00fcckgezogen, wo ich die letzten f\u00fcnf Jahre gearbeitet habe. Jetzt kehre ich in meine Heimatstadt Karlshamn zur\u00fcck, um ein neues Tattoo Studio zu er\u00f6ffnen.  Im Laufe der Jahre bin ich um die Welt gereist, um an Conventions teilzunehmen und Guest Spots zu machen. Ich habe einige Tattoo Wettbewerbe gewonnen, sch\u00f6ne Orte gesehen, gelegentlich etwas zu viel Wein getrunken, gutes Essen geteilt und vor allem viel Spa\u00df gehabt, die vielen tollen Menschen der Branche kennenzulernen.  Ich hoffe, dir gef\u00e4llt meine Kunst. Es ist eine Auswahl von Skizzen, die im Laufe der Jahre zu Tattoos geworden sind, die ich an Menschen gestochen habe.  Liebe Gr\u00fc\u00dfe Jacob Wiman  Kontakt zu Jake:  Instagram: @blackmagicjake  Studio: Wimans Tattoo  Adresse: Norra Fogdelyckegatan 33, 374 38 Karlshamn  Website: www.wimanstattoo.com","og_url":"https:\/\/likeink.com\/de\/tatowierungen\/flash-1-by-blackmagicjake-at-wimans-tattoo\/","og_site_name":"Like ink","article_publisher":"https:\/\/www.facebook.com\/LikeInkSe","article_modified_time":"2026-04-28T09:42:02+00:00","og_image":[{"width":2481,"height":1749,"url":"https:\/\/likeink.com\/wp-content\/uploads\/2026\/03\/Wiman-Tattoo-djur-natur-flash-likeink.jpg","type":"image\/jpeg"}],"twitter_card":"summary_large_image","twitter_misc":{"Gesch\u00e4tzte Lesezeit":"1\u00a0Minute"},"schema":{"@context":"https:\/\/schema.org","@graph":[{"@type":"WebPage","@id":"https:\/\/likeink.com\/de\/tatowierungen\/flash-1-by-blackmagicjake-at-wimans-tattoo\/","url":"https:\/\/likeink.com\/de\/tatowierungen\/flash-1-by-blackmagicjake-at-wimans-tattoo\/","name":"falschen T\u00e4towierungen \"Forest Animals\" by Wimans Tattoo","isPartOf":{"@id":"https:\/\/likeink.com\/de\/#website"},"primaryImageOfPage":{"@id":"https:\/\/likeink.com\/de\/tatowierungen\/flash-1-by-blackmagicjake-at-wimans-tattoo\/#primaryimage"},"image":{"@id":"https:\/\/likeink.com\/de\/tatowierungen\/flash-1-by-blackmagicjake-at-wimans-tattoo\/#primaryimage"},"thumbnailUrl":"https:\/\/likeink.com\/wp-content\/uploads\/2026\/03\/Wiman-Tattoo-djur-natur-flash-likeink.jpg","datePublished":"2020-12-07T22:09:51+00:00","dateModified":"2026-04-28T09:42:02+00:00","description":"falschen T\u00e4towierungen! Schnelle Lieferung und gute Qualit\u00e4t der falschen T\u00e4towierungen. - Like ink","breadcrumb":{"@id":"https:\/\/likeink.com\/de\/tatowierungen\/flash-1-by-blackmagicjake-at-wimans-tattoo\/#breadcrumb"},"inLanguage":"de","potentialAction":[{"@type":"ReadAction","target":["https:\/\/likeink.com\/de\/tatowierungen\/flash-1-by-blackmagicjake-at-wimans-tattoo\/"]}]},{"@type":"ImageObject","inLanguage":"de","@id":"https:\/\/likeink.com\/de\/tatowierungen\/flash-1-by-blackmagicjake-at-wimans-tattoo\/#primaryimage","url":"https:\/\/likeink.com\/wp-content\/uploads\/2026\/03\/Wiman-Tattoo-djur-natur-flash-likeink.jpg","contentUrl":"https:\/\/likeink.com\/wp-content\/uploads\/2026\/03\/Wiman-Tattoo-djur-natur-flash-likeink.jpg","width":2481,"height":1749,"caption":"Eine Sammlung farbenfroher, von der Natur inspirierter Tattoo-Designs mit einem Eichh\u00f6rnchen mit Sonnenblumen, einem B\u00e4ren mit Blumen, einem Vogel zwischen Bl\u00e4ttern, einer Schlange mit Bl\u00fcten und Tannenzapfen mit Kolibris."},{"@type":"BreadcrumbList","@id":"https:\/\/likeink.com\/de\/tatowierungen\/flash-1-by-blackmagicjake-at-wimans-tattoo\/#breadcrumb","itemListElement":[{"@type":"ListItem","position":1,"name":"Hem","item":"https:\/\/likeink.com\/de\/"},{"@type":"ListItem","position":2,"name":"Shop","item":"https:\/\/likeink.com\/de\/shop\/"},{"@type":"ListItem","position":3,"name":"Flash &#8220;Forest Animals&#8221; by Wimans Tattoo"}]},{"@type":"WebSite","@id":"https:\/\/likeink.com\/de\/#website","url":"https:\/\/likeink.com\/de\/","name":"Like ink","description":"Gestalten Sie Ihre eigenen tempor\u00e4ren Tattoos","potentialAction":[{"@type":"SearchAction","target":{"@type":"EntryPoint","urlTemplate":"https:\/\/likeink.com\/de\/?s={search_term_string}"},"query-input":{"@type":"PropertyValueSpecification","valueRequired":true,"valueName":"search_term_string"}}],"inLanguage":"de"}]}},"_links":{"self":[{"href":"https:\/\/likeink.com\/de\/wp-json\/wp\/v2\/product\/4441","targetHints":{"allow":["GET"]}}],"collection":[{"href":"https:\/\/likeink.com\/de\/wp-json\/wp\/v2\/product"}],"about":[{"href":"https:\/\/likeink.com\/de\/wp-json\/wp\/v2\/types\/product"}],"wp:featuredmedia":[{"embeddable":true,"href":"https:\/\/likeink.com\/de\/wp-json\/wp\/v2\/media\/60184"}],"wp:attachment":[{"href":"https:\/\/likeink.com\/de\/wp-json\/wp\/v2\/media?parent=4441"}],"wp:term":[{"taxonomy":"product_brand","embeddable":true,"href":"https:\/\/likeink.com\/de\/wp-json\/wp\/v2\/product_brand?post=4441"},{"taxonomy":"product_cat","embeddable":true,"href":"https:\/\/likeink.com\/de\/wp-json\/wp\/v2\/product_cat?post=4441"},{"taxonomy":"product_tag","embeddable":true,"href":"https:\/\/likeink.com\/de\/wp-json\/wp\/v2\/product_tag?post=4441"}],"curies":[{"name":"wp","href":"https:\/\/api.w.org\/{rel}","templated":true}]}}