{"id":50636,"date":"2025-08-29T12:41:09","date_gmt":"2025-08-29T12:41:09","guid":{"rendered":"https:\/\/likeink.com\/gnuggis\/lafufu-colorful-tattoos\/"},"modified":"2026-03-17T12:17:53","modified_gmt":"2026-03-17T12:17:53","slug":"lafufu-bunte-tattoos","status":"publish","type":"product","link":"https:\/\/likeink.com\/de\/tatowierungen\/lafufu-bunte-tattoos\/","title":{"rendered":"Lafufu Bunte Tattoos"},"content":{"rendered":"","protected":false},"excerpt":{"rendered":"<p>Lafufu Tattoos sind von der viralen Sensation Labubu inspiriert. Bestelle ein A5-Blatt voller bunter und verspielter Lafufu tempor\u00e4rer Tattoos, stolz hergestellt in Schweden. Perfekt, wenn du einen kleinen Freund \u2013 ein gutm\u00fctiges Monster \u2013 an deiner Seite haben m\u00f6chtest.<\/p>\n<h2>Bestelle Lafufu tempor\u00e4re Tattoos.<\/h2>\n<p>Like Ink Tattoos lassen sich leicht auftragen und halten mehrere Tage \u2013 ideal f\u00fcr Partys, Events oder um deinen einzigartigen Stil auszudr\u00fccken.<\/p>\n<p><strong>Blattgr\u00f6\u00dfe:<\/strong> A5<br \/>\n<strong>Anzahl der Tattoos:<\/strong> 13<br \/>\n<strong>Tattoo-Gr\u00f6\u00dfe:<\/strong> ca. 3\u20135 cm<\/p>\n","protected":false},"featured_media":50554,"template":"","meta":[],"product_brand":[],"product_cat":[55,187,176],"product_tag":[],"class_list":{"0":"post-50636","1":"product","2":"type-product","3":"status-publish","4":"has-post-thumbnail","6":"product_cat-fertige-boegen","7":"product_cat-sonstige-taetowierungen","8":"product_cat-taetowierungen-fuer-kinder","10":"first","11":"instock","12":"taxable","13":"shipping-taxable","14":"purchasable","15":"product-type-simple"},"yoast_head":"<!-- This site is optimized with the Yoast SEO Premium plugin v26.2 (Yoast SEO v27.4) - https:\/\/yoast.com\/product\/yoast-seo-premium-wordpress\/ -->\n<title>Lafufu Bunte Tattoos A5 - Like ink<\/title>\n<meta name=\"description\" content=\"Entdecke Lafufu Bunte Tattoos A5 \u2013 ein lustiges Blatt mit 13 verspielten, tempor\u00e4ren Tattoos, inspiriert von Labubu. Einfach aufzutragen, langanhaltend und hergestellt in Schweden.\" \/>\n<meta name=\"robots\" content=\"index, follow, max-snippet:-1, max-image-preview:large, max-video-preview:-1\" \/>\n<link rel=\"canonical\" href=\"https:\/\/likeink.com\/de\/tatowierungen\/lafufu-bunte-tattoos\/\" \/>\n<meta property=\"og:locale\" content=\"de_DE\" \/>\n<meta property=\"og:type\" content=\"article\" \/>\n<meta property=\"og:title\" content=\"Lafufu Bunte Tattoos\" \/>\n<meta property=\"og:description\" content=\"Lafufu Tattoos sind von der viralen Sensation Labubu inspiriert. Bestelle ein A5-Blatt voller bunter und verspielter Lafufu tempor\u00e4rer Tattoos, stolz hergestellt in Schweden. Perfekt, wenn du einen kleinen Freund \u2013 ein gutm\u00fctiges Monster \u2013 an deiner Seite haben m\u00f6chtest. Bestelle Lafufu tempor\u00e4re Tattoos. Like Ink Tattoos lassen sich leicht auftragen und halten mehrere Tage \u2013 ideal f\u00fcr Partys, Events oder um deinen einzigartigen Stil auszudr\u00fccken.  Blattgr\u00f6\u00dfe: A5 Anzahl der Tattoos: 13 Tattoo-Gr\u00f6\u00dfe: ca. 3\u20135 cm\" \/>\n<meta property=\"og:url\" content=\"https:\/\/likeink.com\/de\/tatowierungen\/lafufu-bunte-tattoos\/\" \/>\n<meta property=\"og:site_name\" content=\"Like ink\" \/>\n<meta property=\"article:publisher\" content=\"https:\/\/www.facebook.com\/LikeInkSe\" \/>\n<meta property=\"article:modified_time\" content=\"2026-03-17T12:17:53+00:00\" \/>\n<meta property=\"og:image\" content=\"https:\/\/likeink.com\/wp-content\/uploads\/2025\/08\/Labubu-Tatttoo-Likeink.jpg\" \/>\n\t<meta property=\"og:image:width\" content=\"1702\" \/>\n\t<meta property=\"og:image:height\" content=\"1200\" \/>\n\t<meta property=\"og:image:type\" content=\"image\/jpeg\" \/>\n<meta name=\"twitter:card\" content=\"summary_large_image\" \/>\n<meta name=\"twitter:label1\" content=\"Gesch\u00e4tzte Lesezeit\" \/>\n\t<meta name=\"twitter:data1\" content=\"1\u00a0Minute\" \/>\n<script type=\"application\/ld+json\" class=\"yoast-schema-graph\">{\"@context\":\"https:\\\/\\\/schema.org\",\"@graph\":[{\"@type\":\"WebPage\",\"@id\":\"https:\\\/\\\/likeink.com\\\/de\\\/tatowierungen\\\/lafufu-bunte-tattoos\\\/\",\"url\":\"https:\\\/\\\/likeink.com\\\/de\\\/tatowierungen\\\/lafufu-bunte-tattoos\\\/\",\"name\":\"Lafufu Bunte Tattoos A5 - Like ink\",\"isPartOf\":{\"@id\":\"https:\\\/\\\/likeink.com\\\/de\\\/#website\"},\"primaryImageOfPage\":{\"@id\":\"https:\\\/\\\/likeink.com\\\/de\\\/tatowierungen\\\/lafufu-bunte-tattoos\\\/#primaryimage\"},\"image\":{\"@id\":\"https:\\\/\\\/likeink.com\\\/de\\\/tatowierungen\\\/lafufu-bunte-tattoos\\\/#primaryimage\"},\"thumbnailUrl\":\"https:\\\/\\\/likeink.com\\\/wp-content\\\/uploads\\\/2025\\\/08\\\/Labubu-Tatttoo-Likeink.jpg\",\"datePublished\":\"2025-08-29T12:41:09+00:00\",\"dateModified\":\"2026-03-17T12:17:53+00:00\",\"description\":\"Entdecke Lafufu Bunte Tattoos A5 \u2013 ein lustiges Blatt mit 13 verspielten, tempor\u00e4ren Tattoos, inspiriert von Labubu. Einfach aufzutragen, langanhaltend und hergestellt in Schweden.\",\"breadcrumb\":{\"@id\":\"https:\\\/\\\/likeink.com\\\/de\\\/tatowierungen\\\/lafufu-bunte-tattoos\\\/#breadcrumb\"},\"inLanguage\":\"de\",\"potentialAction\":[{\"@type\":\"ReadAction\",\"target\":[\"https:\\\/\\\/likeink.com\\\/de\\\/tatowierungen\\\/lafufu-bunte-tattoos\\\/\"]}]},{\"@type\":\"ImageObject\",\"inLanguage\":\"de\",\"@id\":\"https:\\\/\\\/likeink.com\\\/de\\\/tatowierungen\\\/lafufu-bunte-tattoos\\\/#primaryimage\",\"url\":\"https:\\\/\\\/likeink.com\\\/wp-content\\\/uploads\\\/2025\\\/08\\\/Labubu-Tatttoo-Likeink.jpg\",\"contentUrl\":\"https:\\\/\\\/likeink.com\\\/wp-content\\\/uploads\\\/2025\\\/08\\\/Labubu-Tatttoo-Likeink.jpg\",\"width\":1702,\"height\":1200,\"caption\":\"Bogen mit Labubu-Tattoos und tempor\u00e4ren Tattoos mit comicartigen Monstern in Hasenkost\u00fcmen, in verschiedenen Posen und Stimmungen.\"},{\"@type\":\"BreadcrumbList\",\"@id\":\"https:\\\/\\\/likeink.com\\\/de\\\/tatowierungen\\\/lafufu-bunte-tattoos\\\/#breadcrumb\",\"itemListElement\":[{\"@type\":\"ListItem\",\"position\":1,\"name\":\"Hem\",\"item\":\"https:\\\/\\\/likeink.com\\\/de\\\/\"},{\"@type\":\"ListItem\",\"position\":2,\"name\":\"Shop\",\"item\":\"https:\\\/\\\/likeink.com\\\/de\\\/shop\\\/\"},{\"@type\":\"ListItem\",\"position\":3,\"name\":\"Lafufu Bunte Tattoos\"}]},{\"@type\":\"WebSite\",\"@id\":\"https:\\\/\\\/likeink.com\\\/de\\\/#website\",\"url\":\"https:\\\/\\\/likeink.com\\\/de\\\/\",\"name\":\"Like ink\",\"description\":\"Gestalten Sie Ihre eigenen tempor\u00e4ren Tattoos\",\"potentialAction\":[{\"@type\":\"SearchAction\",\"target\":{\"@type\":\"EntryPoint\",\"urlTemplate\":\"https:\\\/\\\/likeink.com\\\/de\\\/?s={search_term_string}\"},\"query-input\":{\"@type\":\"PropertyValueSpecification\",\"valueRequired\":true,\"valueName\":\"search_term_string\"}}],\"inLanguage\":\"de\"}]}<\/script>\n<!-- \/ Yoast SEO Premium plugin. -->","yoast_head_json":{"title":"Lafufu Bunte Tattoos A5 - Like ink","description":"Entdecke Lafufu Bunte Tattoos A5 \u2013 ein lustiges Blatt mit 13 verspielten, tempor\u00e4ren Tattoos, inspiriert von Labubu. Einfach aufzutragen, langanhaltend und hergestellt in Schweden.","robots":{"index":"index","follow":"follow","max-snippet":"max-snippet:-1","max-image-preview":"max-image-preview:large","max-video-preview":"max-video-preview:-1"},"canonical":"https:\/\/likeink.com\/de\/tatowierungen\/lafufu-bunte-tattoos\/","og_locale":"de_DE","og_type":"article","og_title":"Lafufu Bunte Tattoos","og_description":"Lafufu Tattoos sind von der viralen Sensation Labubu inspiriert. Bestelle ein A5-Blatt voller bunter und verspielter Lafufu tempor\u00e4rer Tattoos, stolz hergestellt in Schweden. Perfekt, wenn du einen kleinen Freund \u2013 ein gutm\u00fctiges Monster \u2013 an deiner Seite haben m\u00f6chtest. Bestelle Lafufu tempor\u00e4re Tattoos. Like Ink Tattoos lassen sich leicht auftragen und halten mehrere Tage \u2013 ideal f\u00fcr Partys, Events oder um deinen einzigartigen Stil auszudr\u00fccken.  Blattgr\u00f6\u00dfe: A5 Anzahl der Tattoos: 13 Tattoo-Gr\u00f6\u00dfe: ca. 3\u20135 cm","og_url":"https:\/\/likeink.com\/de\/tatowierungen\/lafufu-bunte-tattoos\/","og_site_name":"Like ink","article_publisher":"https:\/\/www.facebook.com\/LikeInkSe","article_modified_time":"2026-03-17T12:17:53+00:00","og_image":[{"width":1702,"height":1200,"url":"https:\/\/likeink.com\/wp-content\/uploads\/2025\/08\/Labubu-Tatttoo-Likeink.jpg","type":"image\/jpeg"}],"twitter_card":"summary_large_image","twitter_misc":{"Gesch\u00e4tzte Lesezeit":"1\u00a0Minute"},"schema":{"@context":"https:\/\/schema.org","@graph":[{"@type":"WebPage","@id":"https:\/\/likeink.com\/de\/tatowierungen\/lafufu-bunte-tattoos\/","url":"https:\/\/likeink.com\/de\/tatowierungen\/lafufu-bunte-tattoos\/","name":"Lafufu Bunte Tattoos A5 - Like ink","isPartOf":{"@id":"https:\/\/likeink.com\/de\/#website"},"primaryImageOfPage":{"@id":"https:\/\/likeink.com\/de\/tatowierungen\/lafufu-bunte-tattoos\/#primaryimage"},"image":{"@id":"https:\/\/likeink.com\/de\/tatowierungen\/lafufu-bunte-tattoos\/#primaryimage"},"thumbnailUrl":"https:\/\/likeink.com\/wp-content\/uploads\/2025\/08\/Labubu-Tatttoo-Likeink.jpg","datePublished":"2025-08-29T12:41:09+00:00","dateModified":"2026-03-17T12:17:53+00:00","description":"Entdecke Lafufu Bunte Tattoos A5 \u2013 ein lustiges Blatt mit 13 verspielten, tempor\u00e4ren Tattoos, inspiriert von Labubu. Einfach aufzutragen, langanhaltend und hergestellt in Schweden.","breadcrumb":{"@id":"https:\/\/likeink.com\/de\/tatowierungen\/lafufu-bunte-tattoos\/#breadcrumb"},"inLanguage":"de","potentialAction":[{"@type":"ReadAction","target":["https:\/\/likeink.com\/de\/tatowierungen\/lafufu-bunte-tattoos\/"]}]},{"@type":"ImageObject","inLanguage":"de","@id":"https:\/\/likeink.com\/de\/tatowierungen\/lafufu-bunte-tattoos\/#primaryimage","url":"https:\/\/likeink.com\/wp-content\/uploads\/2025\/08\/Labubu-Tatttoo-Likeink.jpg","contentUrl":"https:\/\/likeink.com\/wp-content\/uploads\/2025\/08\/Labubu-Tatttoo-Likeink.jpg","width":1702,"height":1200,"caption":"Bogen mit Labubu-Tattoos und tempor\u00e4ren Tattoos mit comicartigen Monstern in Hasenkost\u00fcmen, in verschiedenen Posen und Stimmungen."},{"@type":"BreadcrumbList","@id":"https:\/\/likeink.com\/de\/tatowierungen\/lafufu-bunte-tattoos\/#breadcrumb","itemListElement":[{"@type":"ListItem","position":1,"name":"Hem","item":"https:\/\/likeink.com\/de\/"},{"@type":"ListItem","position":2,"name":"Shop","item":"https:\/\/likeink.com\/de\/shop\/"},{"@type":"ListItem","position":3,"name":"Lafufu Bunte Tattoos"}]},{"@type":"WebSite","@id":"https:\/\/likeink.com\/de\/#website","url":"https:\/\/likeink.com\/de\/","name":"Like ink","description":"Gestalten Sie Ihre eigenen tempor\u00e4ren Tattoos","potentialAction":[{"@type":"SearchAction","target":{"@type":"EntryPoint","urlTemplate":"https:\/\/likeink.com\/de\/?s={search_term_string}"},"query-input":{"@type":"PropertyValueSpecification","valueRequired":true,"valueName":"search_term_string"}}],"inLanguage":"de"}]}},"_links":{"self":[{"href":"https:\/\/likeink.com\/de\/wp-json\/wp\/v2\/product\/50636","targetHints":{"allow":["GET"]}}],"collection":[{"href":"https:\/\/likeink.com\/de\/wp-json\/wp\/v2\/product"}],"about":[{"href":"https:\/\/likeink.com\/de\/wp-json\/wp\/v2\/types\/product"}],"wp:featuredmedia":[{"embeddable":true,"href":"https:\/\/likeink.com\/de\/wp-json\/wp\/v2\/media\/50554"}],"wp:attachment":[{"href":"https:\/\/likeink.com\/de\/wp-json\/wp\/v2\/media?parent=50636"}],"wp:term":[{"taxonomy":"product_brand","embeddable":true,"href":"https:\/\/likeink.com\/de\/wp-json\/wp\/v2\/product_brand?post=50636"},{"taxonomy":"product_cat","embeddable":true,"href":"https:\/\/likeink.com\/de\/wp-json\/wp\/v2\/product_cat?post=50636"},{"taxonomy":"product_tag","embeddable":true,"href":"https:\/\/likeink.com\/de\/wp-json\/wp\/v2\/product_tag?post=50636"}],"curies":[{"name":"wp","href":"https:\/\/api.w.org\/{rel}","templated":true}]}}