{"id":57829,"date":"2026-01-27T10:07:52","date_gmt":"2026-02-06T08:46:29","guid":{"rendered":"https:\/\/likeink.com\/gnuggisar\/white-halloween-nail-stickers\/"},"modified":"2026-02-25T10:00:25","modified_gmt":"2026-02-25T10:00:25","slug":"white-halloween-nail-stickers","status":"publish","type":"product","link":"https:\/\/likeink.com\/de\/tatowierungen\/white-halloween-nail-stickers\/","title":{"rendered":"Wei\u00dfes Halloween-Nail stickers"},"content":{"rendered":"","protected":false},"excerpt":{"rendered":"<p>Like Ink<br \/>\nNail tattoos<br \/>\n\u2013 Wei\u00dfe Halloween-Nail stickers<\/p>\n<h2>Bestellen Sie \u201e Nail stickers \u201c mit klassischen wei\u00dfen Halloween-Motiven!<\/h2>\n<p>Kreieren Sie eine schlichte und dennoch gruselige Manik\u00fcre mit \u201e Like Ink<br \/>\nWhite Halloween-Nail stickers<br \/>\n\u201c. Diese Folie enth\u00e4lt klare wei\u00dfe Motive mit typischen Halloween-Motiven wie Skeletth\u00e4nden, K\u00fcrbissen, Knochen und Flederm\u00e4usen.<\/p>\n<p>Mit einer Gr\u00f6\u00dfe von ca. 6 mm bis 2 cm eignen sich diese \u201e Nail stickers<br \/>\n\u201c sowohl f\u00fcr dezente Details als auch f\u00fcr auff\u00e4llige N\u00e4gel. Die wei\u00dfen Designs kommen auf dunklen, nudefarbenen oder farbigen Nagelbasen wundersch\u00f6n zur Geltung und eignen sich daher ideal f\u00fcr Halloween-Looks mit modernem Touch.<\/p>\n<p>Diese \u201e Nail stickers<br \/>\n\u201d lassen sich leicht auftragen, sind angenehm zu tragen und halten mehrere Tage lang, ohne zu verschmieren oder abzubl\u00e4ttern. Keine Unordnung, keine Trocknungszeit und kein Besuch im Nagelstudio erforderlich \u2013 einfach sofortige Halloween-Nail art<br \/>\n(Halloween-Nagelkunst mit Skeletth\u00e4nden).<\/p>\n<p><strong>So tragen Sie \u201e Nail stickers <\/strong><br \/>\n\u201d (Skeletth\u00e4nde-Nagelkunst) auf Reinigen und trocknen Sie den Nagel.<\/p>\n<p>W\u00e4hlen Sie einen Aufkleber aus dem Bogen aus und heben Sie ihn vorsichtig mit einer Pinzette an.<\/p>\n<p>Legen Sie das Motiv auf den Nagel und dr\u00fccken Sie es leicht an.<\/p>\n<p>Tragen Sie f\u00fcr zus\u00e4tzliche Haltbarkeit einen \u00dcberlack auf.<\/p>\n<p>Fertig!<\/p>\n<p><strong>Produktinformationen<\/strong><\/p>\n<p><strong>Blattgr\u00f6\u00dfe:<\/strong><br \/>\n7 \u00d7 10 <strong>cm<br \/>\nFarbe:<\/strong><br \/>\n<strong>Wei\u00df<br \/>\nMotive:<\/strong><br \/>\nSkeletth\u00e4nde, K\u00fcrbisse, Knochen, <strong>Flederm\u00e4use<br \/>\nMotivgr\u00f6\u00dfe:<\/strong><br \/>\nca. 6 mm \u2013 2 <strong>cm<\/p>\n<p>PS:<\/strong><br \/>\nKaufen Sie 6 B\u00f6gen und zahlen Sie nur 5 mit dem Rabattcode<strong> INKNAILS <\/strong><br \/>\n\ud83c\udf83\u2728<\/p>\n","protected":false},"featured_media":59025,"template":"","meta":[],"product_brand":[],"product_cat":[470],"product_tag":[],"class_list":{"0":"post-57829","1":"product","2":"type-product","3":"status-publish","4":"has-post-thumbnail","6":"product_cat-nail-stickers-de","8":"first","9":"instock","10":"taxable","11":"shipping-taxable","12":"purchasable","13":"product-type-simple"},"yoast_head":"<!-- This site is optimized with the Yoast SEO Premium plugin v26.2 (Yoast SEO v27.5) - https:\/\/yoast.com\/product\/yoast-seo-premium-wordpress\/ -->\n<title>White Halloween Nail stickers | Like Ink<\/title>\n<meta name=\"description\" content=\"Wei\u00dfes Halloween-Nail stickers von Like Ink mit Skeletth\u00e4nden, K\u00fcrbissen, Knochen und Flederm\u00e4usen. Einfach aufzutragen und perfekt f\u00fcr gruselige Nail art. - Like ink\" \/>\n<meta name=\"robots\" content=\"index, follow, max-snippet:-1, max-image-preview:large, max-video-preview:-1\" \/>\n<link rel=\"canonical\" href=\"https:\/\/likeink.com\/de\/tatowierungen\/white-halloween-nail-stickers\/\" \/>\n<meta property=\"og:locale\" content=\"de_DE\" \/>\n<meta property=\"og:type\" content=\"article\" \/>\n<meta property=\"og:title\" content=\"Wei\u00dfes Halloween-Nail stickers\" \/>\n<meta property=\"og:description\" content=\"Like Ink Nail tattoos \u2013 Wei\u00dfe Halloween-Nail stickers Bestellen Sie \u201e Nail stickers \u201c mit klassischen wei\u00dfen Halloween-Motiven! Kreieren Sie eine schlichte und dennoch gruselige Manik\u00fcre mit \u201e Like Ink White Halloween-Nail stickers \u201c. Diese Folie enth\u00e4lt klare wei\u00dfe Motive mit typischen Halloween-Motiven wie Skeletth\u00e4nden, K\u00fcrbissen, Knochen und Flederm\u00e4usen. Mit einer Gr\u00f6\u00dfe von ca. 6 mm bis 2 cm eignen sich diese \u201e Nail stickers \u201c sowohl f\u00fcr dezente Details als auch f\u00fcr auff\u00e4llige N\u00e4gel. Die wei\u00dfen Designs kommen auf dunklen, nudefarbenen oder farbigen Nagelbasen wundersch\u00f6n zur Geltung und eignen sich daher ideal f\u00fcr Halloween-Looks mit modernem Touch. Diese \u201e Nail stickers \u201d lassen sich leicht auftragen, sind angenehm zu tragen und halten mehrere Tage lang, ohne zu verschmieren oder abzubl\u00e4ttern. Keine Unordnung, keine Trocknungszeit und kein Besuch im Nagelstudio erforderlich \u2013 einfach sofortige Halloween-Nail art (Halloween-Nagelkunst mit Skeletth\u00e4nden). So tragen Sie \u201e Nail stickers \u201d (Skeletth\u00e4nde-Nagelkunst) auf Reinigen und trocknen Sie den Nagel. W\u00e4hlen Sie einen Aufkleber aus dem Bogen aus und heben Sie ihn vorsichtig mit einer Pinzette an. Legen Sie das Motiv auf den Nagel und dr\u00fccken Sie es leicht an. Tragen Sie f\u00fcr zus\u00e4tzliche Haltbarkeit einen \u00dcberlack auf. Fertig! Produktinformationen  Blattgr\u00f6\u00dfe: 7 \u00d7 10 cm Farbe: Wei\u00df Motive: Skeletth\u00e4nde, K\u00fcrbisse, Knochen, Flederm\u00e4use Motivgr\u00f6\u00dfe: ca. 6 mm \u2013 2 cm PS: Kaufen Sie 6 B\u00f6gen und zahlen Sie nur 5 mit dem Rabattcode INKNAILS \ud83c\udf83\u2728\" \/>\n<meta property=\"og:url\" content=\"https:\/\/likeink.com\/de\/tatowierungen\/white-halloween-nail-stickers\/\" \/>\n<meta property=\"og:site_name\" content=\"Like ink\" \/>\n<meta property=\"article:publisher\" content=\"https:\/\/www.facebook.com\/LikeInkSe\" \/>\n<meta property=\"article:modified_time\" content=\"2026-02-25T10:00:25+00:00\" \/>\n<meta property=\"og:image\" content=\"https:\/\/likeink.com\/wp-content\/uploads\/2026\/02\/Halloween-nailstickers-best-likeink.png\" \/>\n\t<meta property=\"og:image:width\" content=\"1024\" \/>\n\t<meta property=\"og:image:height\" content=\"1024\" \/>\n\t<meta property=\"og:image:type\" content=\"image\/png\" \/>\n<meta name=\"twitter:card\" content=\"summary_large_image\" \/>\n<!-- \/ Yoast SEO Premium plugin. -->","yoast_head_json":{"title":"White Halloween Nail stickers | Like Ink","description":"Wei\u00dfes Halloween-Nail stickers von Like Ink mit Skeletth\u00e4nden, K\u00fcrbissen, Knochen und Flederm\u00e4usen. Einfach aufzutragen und perfekt f\u00fcr gruselige Nail art. - Like ink","robots":{"index":"index","follow":"follow","max-snippet":"max-snippet:-1","max-image-preview":"max-image-preview:large","max-video-preview":"max-video-preview:-1"},"canonical":"https:\/\/likeink.com\/de\/tatowierungen\/white-halloween-nail-stickers\/","og_locale":"de_DE","og_type":"article","og_title":"Wei\u00dfes Halloween-Nail stickers","og_description":"Like Ink Nail tattoos \u2013 Wei\u00dfe Halloween-Nail stickers Bestellen Sie \u201e Nail stickers \u201c mit klassischen wei\u00dfen Halloween-Motiven! Kreieren Sie eine schlichte und dennoch gruselige Manik\u00fcre mit \u201e Like Ink White Halloween-Nail stickers \u201c. Diese Folie enth\u00e4lt klare wei\u00dfe Motive mit typischen Halloween-Motiven wie Skeletth\u00e4nden, K\u00fcrbissen, Knochen und Flederm\u00e4usen. Mit einer Gr\u00f6\u00dfe von ca. 6 mm bis 2 cm eignen sich diese \u201e Nail stickers \u201c sowohl f\u00fcr dezente Details als auch f\u00fcr auff\u00e4llige N\u00e4gel. Die wei\u00dfen Designs kommen auf dunklen, nudefarbenen oder farbigen Nagelbasen wundersch\u00f6n zur Geltung und eignen sich daher ideal f\u00fcr Halloween-Looks mit modernem Touch. Diese \u201e Nail stickers \u201d lassen sich leicht auftragen, sind angenehm zu tragen und halten mehrere Tage lang, ohne zu verschmieren oder abzubl\u00e4ttern. Keine Unordnung, keine Trocknungszeit und kein Besuch im Nagelstudio erforderlich \u2013 einfach sofortige Halloween-Nail art (Halloween-Nagelkunst mit Skeletth\u00e4nden). So tragen Sie \u201e Nail stickers \u201d (Skeletth\u00e4nde-Nagelkunst) auf Reinigen und trocknen Sie den Nagel. W\u00e4hlen Sie einen Aufkleber aus dem Bogen aus und heben Sie ihn vorsichtig mit einer Pinzette an. Legen Sie das Motiv auf den Nagel und dr\u00fccken Sie es leicht an. Tragen Sie f\u00fcr zus\u00e4tzliche Haltbarkeit einen \u00dcberlack auf. Fertig! Produktinformationen  Blattgr\u00f6\u00dfe: 7 \u00d7 10 cm Farbe: Wei\u00df Motive: Skeletth\u00e4nde, K\u00fcrbisse, Knochen, Flederm\u00e4use Motivgr\u00f6\u00dfe: ca. 6 mm \u2013 2 cm PS: Kaufen Sie 6 B\u00f6gen und zahlen Sie nur 5 mit dem Rabattcode INKNAILS \ud83c\udf83\u2728","og_url":"https:\/\/likeink.com\/de\/tatowierungen\/white-halloween-nail-stickers\/","og_site_name":"Like ink","article_publisher":"https:\/\/www.facebook.com\/LikeInkSe","article_modified_time":"2026-02-25T10:00:25+00:00","og_image":[{"width":1024,"height":1024,"url":"https:\/\/likeink.com\/wp-content\/uploads\/2026\/02\/Halloween-nailstickers-best-likeink.png","type":"image\/png"}],"twitter_card":"summary_large_image","schema":{"@context":"https:\/\/schema.org","@graph":[{"@type":"WebPage","@id":"https:\/\/likeink.com\/de\/tatowierungen\/white-halloween-nail-stickers\/","url":"https:\/\/likeink.com\/de\/tatowierungen\/white-halloween-nail-stickers\/","name":"White Halloween Nail stickers | Like Ink","isPartOf":{"@id":"https:\/\/likeink.com\/de\/#website"},"primaryImageOfPage":{"@id":"https:\/\/likeink.com\/de\/tatowierungen\/white-halloween-nail-stickers\/#primaryimage"},"image":{"@id":"https:\/\/likeink.com\/de\/tatowierungen\/white-halloween-nail-stickers\/#primaryimage"},"thumbnailUrl":"https:\/\/likeink.com\/wp-content\/uploads\/2026\/02\/Halloween-nailstickers-best-likeink.png","datePublished":"2026-02-06T08:46:29+00:00","dateModified":"2026-02-25T10:00:25+00:00","description":"Wei\u00dfes Halloween-Nail stickers von Like Ink mit Skeletth\u00e4nden, K\u00fcrbissen, Knochen und Flederm\u00e4usen. Einfach aufzutragen und perfekt f\u00fcr gruselige Nail art. - Like ink","breadcrumb":{"@id":"https:\/\/likeink.com\/de\/tatowierungen\/white-halloween-nail-stickers\/#breadcrumb"},"inLanguage":"de","potentialAction":[{"@type":"ReadAction","target":["https:\/\/likeink.com\/de\/tatowierungen\/white-halloween-nail-stickers\/"]}]},{"@type":"ImageObject","inLanguage":"de","@id":"https:\/\/likeink.com\/de\/tatowierungen\/white-halloween-nail-stickers\/#primaryimage","url":"https:\/\/likeink.com\/wp-content\/uploads\/2026\/02\/Halloween-nailstickers-best-likeink.png","contentUrl":"https:\/\/likeink.com\/wp-content\/uploads\/2026\/02\/Halloween-nailstickers-best-likeink.png","width":1024,"height":1024,"caption":"Vier schwarz lackierte Fingern\u00e4gel, zwei mit wei\u00dfen Skeletthandmotiven und zwei mit unheimlichen wei\u00dfen Totenkopfgesichtern, die einen gewagten und gruseligen Halloween-Nailart-Look kreieren."},{"@type":"BreadcrumbList","@id":"https:\/\/likeink.com\/de\/tatowierungen\/white-halloween-nail-stickers\/#breadcrumb","itemListElement":[{"@type":"ListItem","position":1,"name":"Hem","item":"https:\/\/likeink.com\/de\/"},{"@type":"ListItem","position":2,"name":"Shop","item":"https:\/\/likeink.com\/de\/shop\/"},{"@type":"ListItem","position":3,"name":"Wei\u00dfes Halloween-Nail stickers"}]},{"@type":"WebSite","@id":"https:\/\/likeink.com\/de\/#website","url":"https:\/\/likeink.com\/de\/","name":"Like ink","description":"Gestalten Sie Ihre eigenen tempor\u00e4ren Tattoos","potentialAction":[{"@type":"SearchAction","target":{"@type":"EntryPoint","urlTemplate":"https:\/\/likeink.com\/de\/?s={search_term_string}"},"query-input":{"@type":"PropertyValueSpecification","valueRequired":true,"valueName":"search_term_string"}}],"inLanguage":"de"}]}},"_links":{"self":[{"href":"https:\/\/likeink.com\/de\/wp-json\/wp\/v2\/product\/57829","targetHints":{"allow":["GET"]}}],"collection":[{"href":"https:\/\/likeink.com\/de\/wp-json\/wp\/v2\/product"}],"about":[{"href":"https:\/\/likeink.com\/de\/wp-json\/wp\/v2\/types\/product"}],"wp:featuredmedia":[{"embeddable":true,"href":"https:\/\/likeink.com\/de\/wp-json\/wp\/v2\/media\/59025"}],"wp:attachment":[{"href":"https:\/\/likeink.com\/de\/wp-json\/wp\/v2\/media?parent=57829"}],"wp:term":[{"taxonomy":"product_brand","embeddable":true,"href":"https:\/\/likeink.com\/de\/wp-json\/wp\/v2\/product_brand?post=57829"},{"taxonomy":"product_cat","embeddable":true,"href":"https:\/\/likeink.com\/de\/wp-json\/wp\/v2\/product_cat?post=57829"},{"taxonomy":"product_tag","embeddable":true,"href":"https:\/\/likeink.com\/de\/wp-json\/wp\/v2\/product_tag?post=57829"}],"curies":[{"name":"wp","href":"https:\/\/api.w.org\/{rel}","templated":true}]}}