{"id":57846,"date":"2026-01-26T15:00:09","date_gmt":"2026-02-06T08:46:47","guid":{"rendered":"https:\/\/likeink.com\/gnuggisar\/nail-stickers-gold-white-v-lines\/"},"modified":"2026-02-25T10:00:41","modified_gmt":"2026-02-25T10:00:41","slug":"nail-stickers-gold-white-v-lines","status":"publish","type":"product","link":"https:\/\/likeink.com\/de\/tatowierungen\/nail-stickers-gold-white-v-lines\/","title":{"rendered":"Nail stickers Gold &#038; Wei\u00df V-Linien"},"content":{"rendered":"","protected":false},"excerpt":{"rendered":"<p>Like Ink<br \/>\nNail tattoos<br \/>\n\u2013 Gold- und silberfarbene V-f\u00f6rmige \u201e Nail stickers<\/p>\n<h2>\u201c Bestellen Sie \u201e Nail stickers \u201c mit eleganten gold- und silberfarbenen V-f\u00f6rmigen Designs!<\/h2>\n<p>Kreieren Sie eine elegante, moderne Manik\u00fcre mit Like Ink<br \/>\nNail stickers<br \/>\n\u2013 Gold &#038; Silver V Lines. Diese Nail stickers<br \/>\nwurden speziell f\u00fcr l\u00e4ngere N\u00e4gel entwickelt und zeichnen sich durch raffinierte V-f\u00f6rmige Muster in Gold und Silber aus, kombiniert mit d\u00fcnnen Goldlinien f\u00fcr einen luxuri\u00f6sen, verl\u00e4ngerten Look.<\/p>\n<p>Diese Nail stickers<br \/>\nsind perfekt f\u00fcr Minimalisten, Modeliebhaber und auff\u00e4llige Manik\u00fcren und verleihen sowohl nat\u00fcrlichen als auch lackierten N\u00e4geln ein klares und dennoch auff\u00e4lliges Finish. Die verl\u00e4ngerten Formen sind ideal, um die Nagell\u00e4nge zu betonen und zu Hause einen professionellen, hochwertigen Nail art<br \/>\nEffekt zu erzielen.<\/p>\n<p>Sie lassen sich leicht anbringen, sind angenehm zu tragen und bleiben mehrere Tage lang an Ort und Stelle, ohne sich zu l\u00f6sen oder zu verschmieren. Keine Trocknungszeit, keine Unordnung und kein Besuch im Salon erforderlich.<\/p>\n<p><strong>So bringen Sie die \u201e Nail stickers \u201d an<\/strong><br \/>\nReinigen und trocknen Sie den Nagel.<\/p>\n<p>W\u00e4hlen Sie einen Aufkleber aus dem Bogen aus und heben Sie ihn vorsichtig mit einer Pinzette an.<\/p>\n<p>Legen Sie das Design auf den Nagel und dr\u00fccken Sie es vorsichtig von der Mitte nach au\u00dfen.<\/p>\n<p>Tragen Sie f\u00fcr zus\u00e4tzliche Haltbarkeit und Glanz einen \u00dcberlack auf.<\/p>\n<p>Fertig!<\/p>\n<p><strong>Produktinformationen<\/strong><\/p>\n<p><strong>Blattgr\u00f6\u00dfe:<\/strong><br \/>\n7 \u00d7 10 <strong>cm<br \/>\nAnzahl der Aufkleber \u201e Nail stickers \u201c:<\/strong><br \/>\nca. 21 St\u00fcck<br \/>\n<strong>Design:<\/strong><br \/>\nV-f\u00f6rmige Muster in Gold und Wei\u00df, goldene Liniendetails<br \/>\n<strong>Empfohlen f\u00fcr:<\/strong><br \/>\nL\u00e4ngere N\u00e4gel ( sind 15\u201325 mm gro\u00df)<\/p>\n<p><strong>PS:<\/strong><br \/>\nKaufen Sie 6 Bl\u00e4tter und zahlen Sie nur 5 mit dem Rabattcode<strong> INKNAILS <\/strong><br \/>\n\u2728<\/p>\n","protected":false},"featured_media":59123,"template":"","meta":[],"product_brand":[],"product_cat":[470],"product_tag":[],"class_list":{"0":"post-57846","1":"product","2":"type-product","3":"status-publish","4":"has-post-thumbnail","6":"product_cat-nail-stickers-de","8":"first","9":"instock","10":"taxable","11":"shipping-taxable","12":"purchasable","13":"product-type-simple"},"yoast_head":"<!-- This site is optimized with the Yoast SEO Premium plugin v26.2 (Yoast SEO v27.5) - https:\/\/yoast.com\/product\/yoast-seo-premium-wordpress\/ -->\n<title>Nail stickers Gold &amp; Wei\u00df V-Linien | Like Ink<\/title>\n<meta name=\"description\" content=\"Veredeln Sie lange N\u00e4gel mit goldenen und wei\u00dfen V-f\u00f6rmigen \u201e Nail stickers \u201d von Like Ink. Elegante Linienmuster, einfach aufzutragen und perfekt f\u00fcr moderne \u201e Nail art \u201d. - Like ink\" \/>\n<meta name=\"robots\" content=\"index, follow, max-snippet:-1, max-image-preview:large, max-video-preview:-1\" \/>\n<link rel=\"canonical\" href=\"https:\/\/likeink.com\/de\/tatowierungen\/nail-stickers-gold-white-v-lines\/\" \/>\n<meta property=\"og:locale\" content=\"de_DE\" \/>\n<meta property=\"og:type\" content=\"article\" \/>\n<meta property=\"og:title\" content=\"Nail stickers Gold &amp; Wei\u00df V-Linien\" \/>\n<meta property=\"og:description\" content=\"Like Ink Nail tattoos \u2013 Gold- und silberfarbene V-f\u00f6rmige \u201e Nail stickers \u201c Bestellen Sie \u201e Nail stickers \u201c mit eleganten gold- und silberfarbenen V-f\u00f6rmigen Designs! Kreieren Sie eine elegante, moderne Manik\u00fcre mit Like Ink Nail stickers \u2013 Gold &amp; Silver V Lines. Diese Nail stickers wurden speziell f\u00fcr l\u00e4ngere N\u00e4gel entwickelt und zeichnen sich durch raffinierte V-f\u00f6rmige Muster in Gold und Silber aus, kombiniert mit d\u00fcnnen Goldlinien f\u00fcr einen luxuri\u00f6sen, verl\u00e4ngerten Look. Diese Nail stickers sind perfekt f\u00fcr Minimalisten, Modeliebhaber und auff\u00e4llige Manik\u00fcren und verleihen sowohl nat\u00fcrlichen als auch lackierten N\u00e4geln ein klares und dennoch auff\u00e4lliges Finish. Die verl\u00e4ngerten Formen sind ideal, um die Nagell\u00e4nge zu betonen und zu Hause einen professionellen, hochwertigen Nail art Effekt zu erzielen. Sie lassen sich leicht anbringen, sind angenehm zu tragen und bleiben mehrere Tage lang an Ort und Stelle, ohne sich zu l\u00f6sen oder zu verschmieren. Keine Trocknungszeit, keine Unordnung und kein Besuch im Salon erforderlich. So bringen Sie die \u201e Nail stickers \u201d an Reinigen und trocknen Sie den Nagel. W\u00e4hlen Sie einen Aufkleber aus dem Bogen aus und heben Sie ihn vorsichtig mit einer Pinzette an. Legen Sie das Design auf den Nagel und dr\u00fccken Sie es vorsichtig von der Mitte nach au\u00dfen. Tragen Sie f\u00fcr zus\u00e4tzliche Haltbarkeit und Glanz einen \u00dcberlack auf. Fertig! Produktinformationen  Blattgr\u00f6\u00dfe: 7 \u00d7 10 cm Anzahl der Aufkleber \u201e Nail stickers \u201c: ca. 21 St\u00fcck Design: V-f\u00f6rmige Muster in Gold und Wei\u00df, goldene Liniendetails Empfohlen f\u00fcr: L\u00e4ngere N\u00e4gel ( sind 15\u201325 mm gro\u00df) PS: Kaufen Sie 6 Bl\u00e4tter und zahlen Sie nur 5 mit dem Rabattcode INKNAILS \u2728\" \/>\n<meta property=\"og:url\" content=\"https:\/\/likeink.com\/de\/tatowierungen\/nail-stickers-gold-white-v-lines\/\" \/>\n<meta property=\"og:site_name\" content=\"Like ink\" \/>\n<meta property=\"article:publisher\" content=\"https:\/\/www.facebook.com\/LikeInkSe\" \/>\n<meta property=\"article:modified_time\" content=\"2026-02-25T10:00:41+00:00\" \/>\n<meta property=\"og:image\" content=\"https:\/\/likeink.com\/wp-content\/uploads\/2026\/02\/Longnails-V-shape-Stickers-Likeink.png\" \/>\n\t<meta property=\"og:image:width\" content=\"1024\" \/>\n\t<meta property=\"og:image:height\" content=\"1024\" \/>\n\t<meta property=\"og:image:type\" content=\"image\/png\" \/>\n<meta name=\"twitter:card\" content=\"summary_large_image\" \/>\n<!-- \/ Yoast SEO Premium plugin. -->","yoast_head_json":{"title":"Nail stickers Gold & Wei\u00df V-Linien | Like Ink","description":"Veredeln Sie lange N\u00e4gel mit goldenen und wei\u00dfen V-f\u00f6rmigen \u201e Nail stickers \u201d von Like Ink. Elegante Linienmuster, einfach aufzutragen und perfekt f\u00fcr moderne \u201e Nail art \u201d. - Like ink","robots":{"index":"index","follow":"follow","max-snippet":"max-snippet:-1","max-image-preview":"max-image-preview:large","max-video-preview":"max-video-preview:-1"},"canonical":"https:\/\/likeink.com\/de\/tatowierungen\/nail-stickers-gold-white-v-lines\/","og_locale":"de_DE","og_type":"article","og_title":"Nail stickers Gold & Wei\u00df V-Linien","og_description":"Like Ink Nail tattoos \u2013 Gold- und silberfarbene V-f\u00f6rmige \u201e Nail stickers \u201c Bestellen Sie \u201e Nail stickers \u201c mit eleganten gold- und silberfarbenen V-f\u00f6rmigen Designs! Kreieren Sie eine elegante, moderne Manik\u00fcre mit Like Ink Nail stickers \u2013 Gold & Silver V Lines. Diese Nail stickers wurden speziell f\u00fcr l\u00e4ngere N\u00e4gel entwickelt und zeichnen sich durch raffinierte V-f\u00f6rmige Muster in Gold und Silber aus, kombiniert mit d\u00fcnnen Goldlinien f\u00fcr einen luxuri\u00f6sen, verl\u00e4ngerten Look. Diese Nail stickers sind perfekt f\u00fcr Minimalisten, Modeliebhaber und auff\u00e4llige Manik\u00fcren und verleihen sowohl nat\u00fcrlichen als auch lackierten N\u00e4geln ein klares und dennoch auff\u00e4lliges Finish. Die verl\u00e4ngerten Formen sind ideal, um die Nagell\u00e4nge zu betonen und zu Hause einen professionellen, hochwertigen Nail art Effekt zu erzielen. Sie lassen sich leicht anbringen, sind angenehm zu tragen und bleiben mehrere Tage lang an Ort und Stelle, ohne sich zu l\u00f6sen oder zu verschmieren. Keine Trocknungszeit, keine Unordnung und kein Besuch im Salon erforderlich. So bringen Sie die \u201e Nail stickers \u201d an Reinigen und trocknen Sie den Nagel. W\u00e4hlen Sie einen Aufkleber aus dem Bogen aus und heben Sie ihn vorsichtig mit einer Pinzette an. Legen Sie das Design auf den Nagel und dr\u00fccken Sie es vorsichtig von der Mitte nach au\u00dfen. Tragen Sie f\u00fcr zus\u00e4tzliche Haltbarkeit und Glanz einen \u00dcberlack auf. Fertig! Produktinformationen  Blattgr\u00f6\u00dfe: 7 \u00d7 10 cm Anzahl der Aufkleber \u201e Nail stickers \u201c: ca. 21 St\u00fcck Design: V-f\u00f6rmige Muster in Gold und Wei\u00df, goldene Liniendetails Empfohlen f\u00fcr: L\u00e4ngere N\u00e4gel ( sind 15\u201325 mm gro\u00df) PS: Kaufen Sie 6 Bl\u00e4tter und zahlen Sie nur 5 mit dem Rabattcode INKNAILS \u2728","og_url":"https:\/\/likeink.com\/de\/tatowierungen\/nail-stickers-gold-white-v-lines\/","og_site_name":"Like ink","article_publisher":"https:\/\/www.facebook.com\/LikeInkSe","article_modified_time":"2026-02-25T10:00:41+00:00","og_image":[{"width":1024,"height":1024,"url":"https:\/\/likeink.com\/wp-content\/uploads\/2026\/02\/Longnails-V-shape-Stickers-Likeink.png","type":"image\/png"}],"twitter_card":"summary_large_image","schema":{"@context":"https:\/\/schema.org","@graph":[{"@type":"WebPage","@id":"https:\/\/likeink.com\/de\/tatowierungen\/nail-stickers-gold-white-v-lines\/","url":"https:\/\/likeink.com\/de\/tatowierungen\/nail-stickers-gold-white-v-lines\/","name":"Nail stickers Gold & Wei\u00df V-Linien | Like Ink","isPartOf":{"@id":"https:\/\/likeink.com\/de\/#website"},"primaryImageOfPage":{"@id":"https:\/\/likeink.com\/de\/tatowierungen\/nail-stickers-gold-white-v-lines\/#primaryimage"},"image":{"@id":"https:\/\/likeink.com\/de\/tatowierungen\/nail-stickers-gold-white-v-lines\/#primaryimage"},"thumbnailUrl":"https:\/\/likeink.com\/wp-content\/uploads\/2026\/02\/Longnails-V-shape-Stickers-Likeink.png","datePublished":"2026-02-06T08:46:47+00:00","dateModified":"2026-02-25T10:00:41+00:00","description":"Veredeln Sie lange N\u00e4gel mit goldenen und wei\u00dfen V-f\u00f6rmigen \u201e Nail stickers \u201d von Like Ink. Elegante Linienmuster, einfach aufzutragen und perfekt f\u00fcr moderne \u201e Nail art \u201d. - Like ink","breadcrumb":{"@id":"https:\/\/likeink.com\/de\/tatowierungen\/nail-stickers-gold-white-v-lines\/#breadcrumb"},"inLanguage":"de","potentialAction":[{"@type":"ReadAction","target":["https:\/\/likeink.com\/de\/tatowierungen\/nail-stickers-gold-white-v-lines\/"]}]},{"@type":"ImageObject","inLanguage":"de","@id":"https:\/\/likeink.com\/de\/tatowierungen\/nail-stickers-gold-white-v-lines\/#primaryimage","url":"https:\/\/likeink.com\/wp-content\/uploads\/2026\/02\/Longnails-V-shape-Stickers-Likeink.png","contentUrl":"https:\/\/likeink.com\/wp-content\/uploads\/2026\/02\/Longnails-V-shape-Stickers-Likeink.png","width":1024,"height":1024,"caption":"Nahaufnahme einer Hand mit langen, nudefarbenen N\u00e4geln, die an den Spitzen ein schlankes, geometrisches V-f\u00f6rmiges Design in Wei\u00df und Gold aufweisen. Die N\u00e4gel sind sauber manik\u00fcrt und gl\u00e4nzen."},{"@type":"BreadcrumbList","@id":"https:\/\/likeink.com\/de\/tatowierungen\/nail-stickers-gold-white-v-lines\/#breadcrumb","itemListElement":[{"@type":"ListItem","position":1,"name":"Hem","item":"https:\/\/likeink.com\/de\/"},{"@type":"ListItem","position":2,"name":"Shop","item":"https:\/\/likeink.com\/de\/shop\/"},{"@type":"ListItem","position":3,"name":"Nail stickers Gold &#038; Wei\u00df V-Linien"}]},{"@type":"WebSite","@id":"https:\/\/likeink.com\/de\/#website","url":"https:\/\/likeink.com\/de\/","name":"Like ink","description":"Gestalten Sie Ihre eigenen tempor\u00e4ren Tattoos","potentialAction":[{"@type":"SearchAction","target":{"@type":"EntryPoint","urlTemplate":"https:\/\/likeink.com\/de\/?s={search_term_string}"},"query-input":{"@type":"PropertyValueSpecification","valueRequired":true,"valueName":"search_term_string"}}],"inLanguage":"de"}]}},"_links":{"self":[{"href":"https:\/\/likeink.com\/de\/wp-json\/wp\/v2\/product\/57846","targetHints":{"allow":["GET"]}}],"collection":[{"href":"https:\/\/likeink.com\/de\/wp-json\/wp\/v2\/product"}],"about":[{"href":"https:\/\/likeink.com\/de\/wp-json\/wp\/v2\/types\/product"}],"wp:featuredmedia":[{"embeddable":true,"href":"https:\/\/likeink.com\/de\/wp-json\/wp\/v2\/media\/59123"}],"wp:attachment":[{"href":"https:\/\/likeink.com\/de\/wp-json\/wp\/v2\/media?parent=57846"}],"wp:term":[{"taxonomy":"product_brand","embeddable":true,"href":"https:\/\/likeink.com\/de\/wp-json\/wp\/v2\/product_brand?post=57846"},{"taxonomy":"product_cat","embeddable":true,"href":"https:\/\/likeink.com\/de\/wp-json\/wp\/v2\/product_cat?post=57846"},{"taxonomy":"product_tag","embeddable":true,"href":"https:\/\/likeink.com\/de\/wp-json\/wp\/v2\/product_tag?post=57846"}],"curies":[{"name":"wp","href":"https:\/\/api.w.org\/{rel}","templated":true}]}}