{"id":62291,"date":"2026-04-09T08:13:55","date_gmt":"2026-04-09T08:13:55","guid":{"rendered":"https:\/\/likeink.com\/gnuggisar\/colourful-dragron-tattoos\/"},"modified":"2026-04-09T09:30:53","modified_gmt":"2026-04-09T09:30:53","slug":"bunte-drachen-tattoos","status":"publish","type":"product","link":"https:\/\/likeink.com\/de\/tatowierungen\/bunte-drachen-tattoos\/","title":{"rendered":"Bunte Drachen-Tattoos"},"content":{"rendered":"","protected":false},"excerpt":{"rendered":"<p>Bunte Drachen-Tattoos: Diese Drachentattoos sind farbenfroh und von hoher Qualit\u00e4t \u2013 perfekt f\u00fcr deine n\u00e4chste Party, dein Festival oder jedes andere Event. Unsere tempor\u00e4ren Tattoos sind hautfreundlich und sanft, also sicher zu benutzen.<\/p>\n<h2>Bestell dir jetzt ein Blatt \u201eBunte Drachen-Tattoos\u201c und sei das Coolste auf deinem n\u00e4chsten Event.<\/h2>\n<p>Dieses fertig designte Blatt enth\u00e4lt zwei gro\u00dfe Drachen, die perfekt f\u00fcr Arme, Beine oder den Oberk\u00f6rper sind. Au\u00dferdem bekommst du zwei kleinere Schlangen-Designs, die du dir auf Hals oder Gesicht kleben kannst, um deinen mutigen Style zu zeigen. Wir verschicken deine Tattoos innerhalb von 24 Stunden. Du kannst sie alle auf einmal nutzen oder f\u00fcr sp\u00e4ter aufheben. Unsere tempor\u00e4ren Tattoos werden in Malm\u00f6, Schweden, hergestellt und haben Top-Qualit\u00e4t. Diese bunten Drachen sind super einfach aufzutragen und halten 2\u20137 Tage.<\/p>\n<p>Alle Like Ink tempor\u00e4ren Tattoos sind:<br \/>\n\u2022 vegan<br \/>\n\u2022 CE-gekennzeichnet<br \/>\n\u2022 allergikerfreundlich<\/p>\n<p><strong>Blattgr\u00f6\u00dfe:<\/strong> A5<br \/>\n<strong>Tattoo-Gr\u00f6\u00dfe:<\/strong> 135&#215;112 mm<br \/>\n<strong>Anzahl der Tattoos:<\/strong> 4<\/p>\n","protected":false},"featured_media":62280,"template":"","meta":[],"product_brand":[],"product_cat":[179,55],"product_tag":[],"class_list":{"0":"post-62291","1":"product","2":"type-product","3":"status-publish","4":"has-post-thumbnail","6":"product_cat-fabelwesen-taetowierungen","7":"product_cat-fertige-boegen","9":"first","10":"instock","11":"taxable","12":"shipping-taxable","13":"purchasable","14":"product-type-simple"},"yoast_head":"<!-- This site is optimized with the Yoast SEO Premium plugin v26.2 (Yoast SEO v27.4) - https:\/\/yoast.com\/product\/yoast-seo-premium-wordpress\/ -->\n<title>Bunte Drachen-Tattoos- Like ink<\/title>\n<meta name=\"description\" content=\"Bunte Drachen-Tattoos (tempor\u00e4r): Coole, farbenfrohe Drachen-Designs mit kr\u00e4ftigen, lebendigen Farben. Einfach aufzutragen, hautfreundlich und perfekt f\u00fcr Festivals, Partys und den Spa\u00df im Alltag.- Like ink\" \/>\n<meta name=\"robots\" content=\"index, follow, max-snippet:-1, max-image-preview:large, max-video-preview:-1\" \/>\n<link rel=\"canonical\" href=\"https:\/\/likeink.com\/de\/tatowierungen\/bunte-drachen-tattoos\/\" \/>\n<meta property=\"og:locale\" content=\"de_DE\" \/>\n<meta property=\"og:type\" content=\"article\" \/>\n<meta property=\"og:title\" content=\"Bunte Drachen-Tattoos\" \/>\n<meta property=\"og:description\" content=\"Bunte Drachen-Tattoos: Diese Drachentattoos sind farbenfroh und von hoher Qualit\u00e4t \u2013 perfekt f\u00fcr deine n\u00e4chste Party, dein Festival oder jedes andere Event. Unsere tempor\u00e4ren Tattoos sind hautfreundlich und sanft, also sicher zu benutzen. Bestell dir jetzt ein Blatt \u201eBunte Drachen-Tattoos\u201c und sei das Coolste auf deinem n\u00e4chsten Event. Dieses fertig designte Blatt enth\u00e4lt zwei gro\u00dfe Drachen, die perfekt f\u00fcr Arme, Beine oder den Oberk\u00f6rper sind. Au\u00dferdem bekommst du zwei kleinere Schlangen-Designs, die du dir auf Hals oder Gesicht kleben kannst, um deinen mutigen Style zu zeigen. Wir verschicken deine Tattoos innerhalb von 24 Stunden. Du kannst sie alle auf einmal nutzen oder f\u00fcr sp\u00e4ter aufheben. Unsere tempor\u00e4ren Tattoos werden in Malm\u00f6, Schweden, hergestellt und haben Top-Qualit\u00e4t. Diese bunten Drachen sind super einfach aufzutragen und halten 2\u20137 Tage.  Alle Like Ink tempor\u00e4ren Tattoos sind: \u2022 vegan \u2022 CE-gekennzeichnet \u2022 allergikerfreundlich  Blattgr\u00f6\u00dfe: A5 Tattoo-Gr\u00f6\u00dfe: 135x112 mm Anzahl der Tattoos: 4\" \/>\n<meta property=\"og:url\" content=\"https:\/\/likeink.com\/de\/tatowierungen\/bunte-drachen-tattoos\/\" \/>\n<meta property=\"og:site_name\" content=\"Like ink\" \/>\n<meta property=\"article:publisher\" content=\"https:\/\/www.facebook.com\/LikeInkSe\" \/>\n<meta property=\"article:modified_time\" content=\"2026-04-09T09:30:53+00:00\" \/>\n<meta property=\"og:image\" content=\"https:\/\/likeink.com\/wp-content\/uploads\/2026\/04\/Colourful-Dragons-Tattoos-Likeink.jpg\" \/>\n\t<meta property=\"og:image:width\" content=\"1600\" \/>\n\t<meta property=\"og:image:height\" content=\"1127\" \/>\n\t<meta property=\"og:image:type\" content=\"image\/jpeg\" \/>\n<meta name=\"twitter:card\" content=\"summary_large_image\" \/>\n<meta name=\"twitter:label1\" content=\"Gesch\u00e4tzte Lesezeit\" \/>\n\t<meta name=\"twitter:data1\" content=\"1\u00a0Minute\" \/>\n<script type=\"application\/ld+json\" class=\"yoast-schema-graph\">{\"@context\":\"https:\\\/\\\/schema.org\",\"@graph\":[{\"@type\":\"WebPage\",\"@id\":\"https:\\\/\\\/likeink.com\\\/de\\\/tatowierungen\\\/bunte-drachen-tattoos\\\/\",\"url\":\"https:\\\/\\\/likeink.com\\\/de\\\/tatowierungen\\\/bunte-drachen-tattoos\\\/\",\"name\":\"Bunte Drachen-Tattoos- Like ink\",\"isPartOf\":{\"@id\":\"https:\\\/\\\/likeink.com\\\/de\\\/#website\"},\"primaryImageOfPage\":{\"@id\":\"https:\\\/\\\/likeink.com\\\/de\\\/tatowierungen\\\/bunte-drachen-tattoos\\\/#primaryimage\"},\"image\":{\"@id\":\"https:\\\/\\\/likeink.com\\\/de\\\/tatowierungen\\\/bunte-drachen-tattoos\\\/#primaryimage\"},\"thumbnailUrl\":\"https:\\\/\\\/likeink.com\\\/wp-content\\\/uploads\\\/2026\\\/04\\\/Colourful-Dragons-Tattoos-Likeink.jpg\",\"datePublished\":\"2026-04-09T08:13:55+00:00\",\"dateModified\":\"2026-04-09T09:30:53+00:00\",\"description\":\"Bunte Drachen-Tattoos (tempor\u00e4r): Coole, farbenfrohe Drachen-Designs mit kr\u00e4ftigen, lebendigen Farben. Einfach aufzutragen, hautfreundlich und perfekt f\u00fcr Festivals, Partys und den Spa\u00df im Alltag.- Like ink\",\"breadcrumb\":{\"@id\":\"https:\\\/\\\/likeink.com\\\/de\\\/tatowierungen\\\/bunte-drachen-tattoos\\\/#breadcrumb\"},\"inLanguage\":\"de\",\"potentialAction\":[{\"@type\":\"ReadAction\",\"target\":[\"https:\\\/\\\/likeink.com\\\/de\\\/tatowierungen\\\/bunte-drachen-tattoos\\\/\"]}]},{\"@type\":\"ImageObject\",\"inLanguage\":\"de\",\"@id\":\"https:\\\/\\\/likeink.com\\\/de\\\/tatowierungen\\\/bunte-drachen-tattoos\\\/#primaryimage\",\"url\":\"https:\\\/\\\/likeink.com\\\/wp-content\\\/uploads\\\/2026\\\/04\\\/Colourful-Dragons-Tattoos-Likeink.jpg\",\"contentUrl\":\"https:\\\/\\\/likeink.com\\\/wp-content\\\/uploads\\\/2026\\\/04\\\/Colourful-Dragons-Tattoos-Likeink.jpg\",\"width\":1600,\"height\":1127,\"caption\":\"Zwei farbenfrohe chinesische Drachen mit detaillierten Schuppen und wallenden Schnurrhaaren, umgeben von roten Pfingstrosen, stehen zwei gewundenen schwarz-goldenen Schlangen gegen\u00fcber. Der Hintergrund ist wei\u00df.\"},{\"@type\":\"BreadcrumbList\",\"@id\":\"https:\\\/\\\/likeink.com\\\/de\\\/tatowierungen\\\/bunte-drachen-tattoos\\\/#breadcrumb\",\"itemListElement\":[{\"@type\":\"ListItem\",\"position\":1,\"name\":\"Hem\",\"item\":\"https:\\\/\\\/likeink.com\\\/de\\\/\"},{\"@type\":\"ListItem\",\"position\":2,\"name\":\"Shop\",\"item\":\"https:\\\/\\\/likeink.com\\\/de\\\/shop\\\/\"},{\"@type\":\"ListItem\",\"position\":3,\"name\":\"Bunte Drachen-Tattoos\"}]},{\"@type\":\"WebSite\",\"@id\":\"https:\\\/\\\/likeink.com\\\/de\\\/#website\",\"url\":\"https:\\\/\\\/likeink.com\\\/de\\\/\",\"name\":\"Like ink\",\"description\":\"Gestalten Sie Ihre eigenen tempor\u00e4ren Tattoos\",\"potentialAction\":[{\"@type\":\"SearchAction\",\"target\":{\"@type\":\"EntryPoint\",\"urlTemplate\":\"https:\\\/\\\/likeink.com\\\/de\\\/?s={search_term_string}\"},\"query-input\":{\"@type\":\"PropertyValueSpecification\",\"valueRequired\":true,\"valueName\":\"search_term_string\"}}],\"inLanguage\":\"de\"}]}<\/script>\n<!-- \/ Yoast SEO Premium plugin. -->","yoast_head_json":{"title":"Bunte Drachen-Tattoos- Like ink","description":"Bunte Drachen-Tattoos (tempor\u00e4r): Coole, farbenfrohe Drachen-Designs mit kr\u00e4ftigen, lebendigen Farben. Einfach aufzutragen, hautfreundlich und perfekt f\u00fcr Festivals, Partys und den Spa\u00df im Alltag.- Like ink","robots":{"index":"index","follow":"follow","max-snippet":"max-snippet:-1","max-image-preview":"max-image-preview:large","max-video-preview":"max-video-preview:-1"},"canonical":"https:\/\/likeink.com\/de\/tatowierungen\/bunte-drachen-tattoos\/","og_locale":"de_DE","og_type":"article","og_title":"Bunte Drachen-Tattoos","og_description":"Bunte Drachen-Tattoos: Diese Drachentattoos sind farbenfroh und von hoher Qualit\u00e4t \u2013 perfekt f\u00fcr deine n\u00e4chste Party, dein Festival oder jedes andere Event. Unsere tempor\u00e4ren Tattoos sind hautfreundlich und sanft, also sicher zu benutzen. Bestell dir jetzt ein Blatt \u201eBunte Drachen-Tattoos\u201c und sei das Coolste auf deinem n\u00e4chsten Event. Dieses fertig designte Blatt enth\u00e4lt zwei gro\u00dfe Drachen, die perfekt f\u00fcr Arme, Beine oder den Oberk\u00f6rper sind. Au\u00dferdem bekommst du zwei kleinere Schlangen-Designs, die du dir auf Hals oder Gesicht kleben kannst, um deinen mutigen Style zu zeigen. Wir verschicken deine Tattoos innerhalb von 24 Stunden. Du kannst sie alle auf einmal nutzen oder f\u00fcr sp\u00e4ter aufheben. Unsere tempor\u00e4ren Tattoos werden in Malm\u00f6, Schweden, hergestellt und haben Top-Qualit\u00e4t. Diese bunten Drachen sind super einfach aufzutragen und halten 2\u20137 Tage.  Alle Like Ink tempor\u00e4ren Tattoos sind: \u2022 vegan \u2022 CE-gekennzeichnet \u2022 allergikerfreundlich  Blattgr\u00f6\u00dfe: A5 Tattoo-Gr\u00f6\u00dfe: 135x112 mm Anzahl der Tattoos: 4","og_url":"https:\/\/likeink.com\/de\/tatowierungen\/bunte-drachen-tattoos\/","og_site_name":"Like ink","article_publisher":"https:\/\/www.facebook.com\/LikeInkSe","article_modified_time":"2026-04-09T09:30:53+00:00","og_image":[{"width":1600,"height":1127,"url":"https:\/\/likeink.com\/wp-content\/uploads\/2026\/04\/Colourful-Dragons-Tattoos-Likeink.jpg","type":"image\/jpeg"}],"twitter_card":"summary_large_image","twitter_misc":{"Gesch\u00e4tzte Lesezeit":"1\u00a0Minute"},"schema":{"@context":"https:\/\/schema.org","@graph":[{"@type":"WebPage","@id":"https:\/\/likeink.com\/de\/tatowierungen\/bunte-drachen-tattoos\/","url":"https:\/\/likeink.com\/de\/tatowierungen\/bunte-drachen-tattoos\/","name":"Bunte Drachen-Tattoos- Like ink","isPartOf":{"@id":"https:\/\/likeink.com\/de\/#website"},"primaryImageOfPage":{"@id":"https:\/\/likeink.com\/de\/tatowierungen\/bunte-drachen-tattoos\/#primaryimage"},"image":{"@id":"https:\/\/likeink.com\/de\/tatowierungen\/bunte-drachen-tattoos\/#primaryimage"},"thumbnailUrl":"https:\/\/likeink.com\/wp-content\/uploads\/2026\/04\/Colourful-Dragons-Tattoos-Likeink.jpg","datePublished":"2026-04-09T08:13:55+00:00","dateModified":"2026-04-09T09:30:53+00:00","description":"Bunte Drachen-Tattoos (tempor\u00e4r): Coole, farbenfrohe Drachen-Designs mit kr\u00e4ftigen, lebendigen Farben. Einfach aufzutragen, hautfreundlich und perfekt f\u00fcr Festivals, Partys und den Spa\u00df im Alltag.- Like ink","breadcrumb":{"@id":"https:\/\/likeink.com\/de\/tatowierungen\/bunte-drachen-tattoos\/#breadcrumb"},"inLanguage":"de","potentialAction":[{"@type":"ReadAction","target":["https:\/\/likeink.com\/de\/tatowierungen\/bunte-drachen-tattoos\/"]}]},{"@type":"ImageObject","inLanguage":"de","@id":"https:\/\/likeink.com\/de\/tatowierungen\/bunte-drachen-tattoos\/#primaryimage","url":"https:\/\/likeink.com\/wp-content\/uploads\/2026\/04\/Colourful-Dragons-Tattoos-Likeink.jpg","contentUrl":"https:\/\/likeink.com\/wp-content\/uploads\/2026\/04\/Colourful-Dragons-Tattoos-Likeink.jpg","width":1600,"height":1127,"caption":"Zwei farbenfrohe chinesische Drachen mit detaillierten Schuppen und wallenden Schnurrhaaren, umgeben von roten Pfingstrosen, stehen zwei gewundenen schwarz-goldenen Schlangen gegen\u00fcber. Der Hintergrund ist wei\u00df."},{"@type":"BreadcrumbList","@id":"https:\/\/likeink.com\/de\/tatowierungen\/bunte-drachen-tattoos\/#breadcrumb","itemListElement":[{"@type":"ListItem","position":1,"name":"Hem","item":"https:\/\/likeink.com\/de\/"},{"@type":"ListItem","position":2,"name":"Shop","item":"https:\/\/likeink.com\/de\/shop\/"},{"@type":"ListItem","position":3,"name":"Bunte Drachen-Tattoos"}]},{"@type":"WebSite","@id":"https:\/\/likeink.com\/de\/#website","url":"https:\/\/likeink.com\/de\/","name":"Like ink","description":"Gestalten Sie Ihre eigenen tempor\u00e4ren Tattoos","potentialAction":[{"@type":"SearchAction","target":{"@type":"EntryPoint","urlTemplate":"https:\/\/likeink.com\/de\/?s={search_term_string}"},"query-input":{"@type":"PropertyValueSpecification","valueRequired":true,"valueName":"search_term_string"}}],"inLanguage":"de"}]}},"_links":{"self":[{"href":"https:\/\/likeink.com\/de\/wp-json\/wp\/v2\/product\/62291","targetHints":{"allow":["GET"]}}],"collection":[{"href":"https:\/\/likeink.com\/de\/wp-json\/wp\/v2\/product"}],"about":[{"href":"https:\/\/likeink.com\/de\/wp-json\/wp\/v2\/types\/product"}],"wp:featuredmedia":[{"embeddable":true,"href":"https:\/\/likeink.com\/de\/wp-json\/wp\/v2\/media\/62280"}],"wp:attachment":[{"href":"https:\/\/likeink.com\/de\/wp-json\/wp\/v2\/media?parent=62291"}],"wp:term":[{"taxonomy":"product_brand","embeddable":true,"href":"https:\/\/likeink.com\/de\/wp-json\/wp\/v2\/product_brand?post=62291"},{"taxonomy":"product_cat","embeddable":true,"href":"https:\/\/likeink.com\/de\/wp-json\/wp\/v2\/product_cat?post=62291"},{"taxonomy":"product_tag","embeddable":true,"href":"https:\/\/likeink.com\/de\/wp-json\/wp\/v2\/product_tag?post=62291"}],"curies":[{"name":"wp","href":"https:\/\/api.w.org\/{rel}","templated":true}]}}