{"id":63703,"date":"2026-04-23T11:35:43","date_gmt":"2026-04-23T11:35:43","guid":{"rendered":"https:\/\/likeink.com\/?post_type=product&#038;p=63703"},"modified":"2026-04-23T12:52:21","modified_gmt":"2026-04-23T12:52:21","slug":"matt-machine-grizzly","status":"publish","type":"product","link":"https:\/\/likeink.com\/de\/tatowierungen\/matt-machine-grizzly\/","title":{"rendered":"Matt Machine &#8220;Grizzly&#8221;"},"content":{"rendered":"","protected":false},"excerpt":{"rendered":"<p>Die fertigen B\u00f6gen mit tempor\u00e4ren Tattoos von Like Ink sind etwa 20\u00d714 cm gro\u00df und enthalten die Motive, die auf dem Bild zu sehen sind. Wir drucken und versenden innerhalb von 24 Stunden nach deiner Bestellung. Die Tattoos sind stilvoll, von hoher Qualit\u00e4t, einfach anzubringen und leicht zu entfernen. Like Ink erf\u00fcllt alle EU Regeln f\u00fcr kosmetische Produkte, sodass du mit gutem Gef\u00fchl bestellen kannst. Dieser Bogen enth\u00e4lt 6 Tattoos in verschiedenen Gr\u00f6\u00dfen. Die Tattoos sind im Old School Stil und die Motive sind unter anderem ein B\u00e4r, eine Schlange und ein Tiger. Perfekt f\u00fcr den Arm.<\/p>\n<h2><strong>Tempor\u00e4re Tattoos, entworfen vom T\u00e4towierer Mattias, auch bekannt als Matt Machine<\/strong><\/h2>\n<p>Dieser Bogen wurde von Mattias Andersson entworfen, auch bekannt als Matt Machine, ein beliebter und erfahrener T\u00e4towierer aus Kung\u00e4lv. Mattias betreibt seit etwa 12 Jahren sein eigenes privates Studio und arbeitet ausschlie\u00dflich nach Terminvereinbarung. Er liebt Tattoos seit seiner Kindheit und ist bekannt f\u00fcr sowohl kleine, einfache Tattoos als auch gr\u00f6\u00dfere, ma\u00dfgeschneiderte Projekte. Seine Leidenschaft f\u00fcr Tattoos und die enge Verbindung zu seinen Kunden sind ein gro\u00dfer Teil dessen, was seine Arbeit besonders macht.<\/p>\n<p><strong>Finde Mattias hier:<\/strong><br \/>\nInstagram: @straydogstattoo<br \/>\nStudio: @straydogstattoo<br \/>\nOrt: G\u00f6teborg \/ Kung\u00e4lv<\/p>\n<p>Gr\u00f6\u00dfe des Bogens: A5<br \/>\nAnzahl der Tattoos: 6<br \/>\nGr\u00f6\u00dfe der Tattoos: verschiedene Gr\u00f6\u00dfen, ca 4 &#8211; 10 cm<\/p>\n","protected":false},"featured_media":63684,"template":"","meta":[],"product_brand":[],"product_cat":[55,503,511],"product_tag":[],"class_list":{"0":"post-63703","1":"product","2":"type-product","3":"status-publish","4":"has-post-thumbnail","6":"product_cat-fertige-boegen","7":"product_cat-kooperationen-mit-taetowierern","8":"product_cat-old-school-retro-de","10":"first","11":"instock","12":"taxable","13":"shipping-taxable","14":"purchasable","15":"product-type-simple"},"yoast_head":"<!-- This site is optimized with the Yoast SEO Premium plugin v26.2 (Yoast SEO v27.4) - https:\/\/yoast.com\/product\/yoast-seo-premium-wordpress\/ -->\n<title>Matt Machine &quot;Grizzly&quot; - Like ink<\/title>\n<meta name=\"description\" content=\"Matt Machine &quot;Grizzly&quot;. Tempor\u00e4re Tattoos mit kraftvollen Old School Motiven wie B\u00e4r, Panther und Schlange. Hohe Qualit\u00e4t und einfache Anwendung.\" \/>\n<meta name=\"robots\" content=\"index, follow, max-snippet:-1, max-image-preview:large, max-video-preview:-1\" \/>\n<link rel=\"canonical\" href=\"https:\/\/likeink.com\/de\/tatowierungen\/matt-machine-grizzly\/\" \/>\n<meta property=\"og:locale\" content=\"de_DE\" \/>\n<meta property=\"og:type\" content=\"article\" \/>\n<meta property=\"og:title\" content=\"Matt Machine &quot;Grizzly&quot;\" \/>\n<meta property=\"og:description\" content=\"Die fertigen B\u00f6gen mit tempor\u00e4ren Tattoos von Like Ink sind etwa 20\u00d714 cm gro\u00df und enthalten die Motive, die auf dem Bild zu sehen sind. Wir drucken und versenden innerhalb von 24 Stunden nach deiner Bestellung. Die Tattoos sind stilvoll, von hoher Qualit\u00e4t, einfach anzubringen und leicht zu entfernen. Like Ink erf\u00fcllt alle EU Regeln f\u00fcr kosmetische Produkte, sodass du mit gutem Gef\u00fchl bestellen kannst. Dieser Bogen enth\u00e4lt 6 Tattoos in verschiedenen Gr\u00f6\u00dfen. Die Tattoos sind im Old School Stil und die Motive sind unter anderem ein B\u00e4r, eine Schlange und ein Tiger. Perfekt f\u00fcr den Arm. Tempor\u00e4re Tattoos, entworfen vom T\u00e4towierer Mattias, auch bekannt als Matt Machine Dieser Bogen wurde von Mattias Andersson entworfen, auch bekannt als Matt Machine, ein beliebter und erfahrener T\u00e4towierer aus Kung\u00e4lv. Mattias betreibt seit etwa 12 Jahren sein eigenes privates Studio und arbeitet ausschlie\u00dflich nach Terminvereinbarung. Er liebt Tattoos seit seiner Kindheit und ist bekannt f\u00fcr sowohl kleine, einfache Tattoos als auch gr\u00f6\u00dfere, ma\u00dfgeschneiderte Projekte. Seine Leidenschaft f\u00fcr Tattoos und die enge Verbindung zu seinen Kunden sind ein gro\u00dfer Teil dessen, was seine Arbeit besonders macht.  Finde Mattias hier: Instagram: @straydogstattoo Studio: @straydogstattoo Ort: G\u00f6teborg \/ Kung\u00e4lv  Gr\u00f6\u00dfe des Bogens: A5 Anzahl der Tattoos: 6 Gr\u00f6\u00dfe der Tattoos: verschiedene Gr\u00f6\u00dfen, ca 4 - 10 cm\" \/>\n<meta property=\"og:url\" content=\"https:\/\/likeink.com\/de\/tatowierungen\/matt-machine-grizzly\/\" \/>\n<meta property=\"og:site_name\" content=\"Like ink\" \/>\n<meta property=\"article:publisher\" content=\"https:\/\/www.facebook.com\/LikeInkSe\" \/>\n<meta property=\"article:modified_time\" content=\"2026-04-23T12:52:21+00:00\" \/>\n<meta property=\"og:image\" content=\"https:\/\/likeink.com\/wp-content\/uploads\/2026\/04\/Grizzly-tattoo-matt-machine-likeink.png\" \/>\n\t<meta property=\"og:image:width\" content=\"1400\" \/>\n\t<meta property=\"og:image:height\" content=\"986\" \/>\n\t<meta property=\"og:image:type\" content=\"image\/png\" \/>\n<meta name=\"twitter:card\" content=\"summary_large_image\" \/>\n<meta name=\"twitter:label1\" content=\"Gesch\u00e4tzte Lesezeit\" \/>\n\t<meta name=\"twitter:data1\" content=\"1\u00a0Minute\" \/>\n<!-- \/ Yoast SEO Premium plugin. -->","yoast_head_json":{"title":"Matt Machine \"Grizzly\" - Like ink","description":"Matt Machine \"Grizzly\". Tempor\u00e4re Tattoos mit kraftvollen Old School Motiven wie B\u00e4r, Panther und Schlange. Hohe Qualit\u00e4t und einfache Anwendung.","robots":{"index":"index","follow":"follow","max-snippet":"max-snippet:-1","max-image-preview":"max-image-preview:large","max-video-preview":"max-video-preview:-1"},"canonical":"https:\/\/likeink.com\/de\/tatowierungen\/matt-machine-grizzly\/","og_locale":"de_DE","og_type":"article","og_title":"Matt Machine \"Grizzly\"","og_description":"Die fertigen B\u00f6gen mit tempor\u00e4ren Tattoos von Like Ink sind etwa 20\u00d714 cm gro\u00df und enthalten die Motive, die auf dem Bild zu sehen sind. Wir drucken und versenden innerhalb von 24 Stunden nach deiner Bestellung. Die Tattoos sind stilvoll, von hoher Qualit\u00e4t, einfach anzubringen und leicht zu entfernen. Like Ink erf\u00fcllt alle EU Regeln f\u00fcr kosmetische Produkte, sodass du mit gutem Gef\u00fchl bestellen kannst. Dieser Bogen enth\u00e4lt 6 Tattoos in verschiedenen Gr\u00f6\u00dfen. Die Tattoos sind im Old School Stil und die Motive sind unter anderem ein B\u00e4r, eine Schlange und ein Tiger. Perfekt f\u00fcr den Arm. Tempor\u00e4re Tattoos, entworfen vom T\u00e4towierer Mattias, auch bekannt als Matt Machine Dieser Bogen wurde von Mattias Andersson entworfen, auch bekannt als Matt Machine, ein beliebter und erfahrener T\u00e4towierer aus Kung\u00e4lv. Mattias betreibt seit etwa 12 Jahren sein eigenes privates Studio und arbeitet ausschlie\u00dflich nach Terminvereinbarung. Er liebt Tattoos seit seiner Kindheit und ist bekannt f\u00fcr sowohl kleine, einfache Tattoos als auch gr\u00f6\u00dfere, ma\u00dfgeschneiderte Projekte. Seine Leidenschaft f\u00fcr Tattoos und die enge Verbindung zu seinen Kunden sind ein gro\u00dfer Teil dessen, was seine Arbeit besonders macht.  Finde Mattias hier: Instagram: @straydogstattoo Studio: @straydogstattoo Ort: G\u00f6teborg \/ Kung\u00e4lv  Gr\u00f6\u00dfe des Bogens: A5 Anzahl der Tattoos: 6 Gr\u00f6\u00dfe der Tattoos: verschiedene Gr\u00f6\u00dfen, ca 4 - 10 cm","og_url":"https:\/\/likeink.com\/de\/tatowierungen\/matt-machine-grizzly\/","og_site_name":"Like ink","article_publisher":"https:\/\/www.facebook.com\/LikeInkSe","article_modified_time":"2026-04-23T12:52:21+00:00","og_image":[{"width":1400,"height":986,"url":"https:\/\/likeink.com\/wp-content\/uploads\/2026\/04\/Grizzly-tattoo-matt-machine-likeink.png","type":"image\/png"}],"twitter_card":"summary_large_image","twitter_misc":{"Gesch\u00e4tzte Lesezeit":"1\u00a0Minute"},"schema":{"@context":"https:\/\/schema.org","@graph":[{"@type":"WebPage","@id":"https:\/\/likeink.com\/de\/tatowierungen\/matt-machine-grizzly\/","url":"https:\/\/likeink.com\/de\/tatowierungen\/matt-machine-grizzly\/","name":"Matt Machine \"Grizzly\" - Like ink","isPartOf":{"@id":"https:\/\/likeink.com\/de\/#website"},"primaryImageOfPage":{"@id":"https:\/\/likeink.com\/de\/tatowierungen\/matt-machine-grizzly\/#primaryimage"},"image":{"@id":"https:\/\/likeink.com\/de\/tatowierungen\/matt-machine-grizzly\/#primaryimage"},"thumbnailUrl":"https:\/\/likeink.com\/wp-content\/uploads\/2026\/04\/Grizzly-tattoo-matt-machine-likeink.png","datePublished":"2026-04-23T11:35:43+00:00","dateModified":"2026-04-23T12:52:21+00:00","description":"Matt Machine \"Grizzly\". Tempor\u00e4re Tattoos mit kraftvollen Old School Motiven wie B\u00e4r, Panther und Schlange. Hohe Qualit\u00e4t und einfache Anwendung.","breadcrumb":{"@id":"https:\/\/likeink.com\/de\/tatowierungen\/matt-machine-grizzly\/#breadcrumb"},"inLanguage":"de","potentialAction":[{"@type":"ReadAction","target":["https:\/\/likeink.com\/de\/tatowierungen\/matt-machine-grizzly\/"]}]},{"@type":"ImageObject","inLanguage":"de","@id":"https:\/\/likeink.com\/de\/tatowierungen\/matt-machine-grizzly\/#primaryimage","url":"https:\/\/likeink.com\/wp-content\/uploads\/2026\/04\/Grizzly-tattoo-matt-machine-likeink.png","contentUrl":"https:\/\/likeink.com\/wp-content\/uploads\/2026\/04\/Grizzly-tattoo-matt-machine-likeink.png","width":1400,"height":986,"caption":"Buntes Tattoo-Blatt mit einem Schmetterling, einem Leuchtturm bei Sonnenuntergang, einem Tigerkopf, einer gewundenen Schlange, einem br\u00fcllenden B\u00e4ren und einem Cartoon-Matrosen mit der Sprechblase \"Machine Machine\", alles auf wei\u00dfem Hintergrund."},{"@type":"BreadcrumbList","@id":"https:\/\/likeink.com\/de\/tatowierungen\/matt-machine-grizzly\/#breadcrumb","itemListElement":[{"@type":"ListItem","position":1,"name":"Hem","item":"https:\/\/likeink.com\/de\/"},{"@type":"ListItem","position":2,"name":"Shop","item":"https:\/\/likeink.com\/de\/shop\/"},{"@type":"ListItem","position":3,"name":"Matt Machine &#8220;Grizzly&#8221;"}]},{"@type":"WebSite","@id":"https:\/\/likeink.com\/de\/#website","url":"https:\/\/likeink.com\/de\/","name":"Like ink","description":"Gestalten Sie Ihre eigenen tempor\u00e4ren Tattoos","potentialAction":[{"@type":"SearchAction","target":{"@type":"EntryPoint","urlTemplate":"https:\/\/likeink.com\/de\/?s={search_term_string}"},"query-input":{"@type":"PropertyValueSpecification","valueRequired":true,"valueName":"search_term_string"}}],"inLanguage":"de"}]}},"_links":{"self":[{"href":"https:\/\/likeink.com\/de\/wp-json\/wp\/v2\/product\/63703","targetHints":{"allow":["GET"]}}],"collection":[{"href":"https:\/\/likeink.com\/de\/wp-json\/wp\/v2\/product"}],"about":[{"href":"https:\/\/likeink.com\/de\/wp-json\/wp\/v2\/types\/product"}],"wp:featuredmedia":[{"embeddable":true,"href":"https:\/\/likeink.com\/de\/wp-json\/wp\/v2\/media\/63684"}],"wp:attachment":[{"href":"https:\/\/likeink.com\/de\/wp-json\/wp\/v2\/media?parent=63703"}],"wp:term":[{"taxonomy":"product_brand","embeddable":true,"href":"https:\/\/likeink.com\/de\/wp-json\/wp\/v2\/product_brand?post=63703"},{"taxonomy":"product_cat","embeddable":true,"href":"https:\/\/likeink.com\/de\/wp-json\/wp\/v2\/product_cat?post=63703"},{"taxonomy":"product_tag","embeddable":true,"href":"https:\/\/likeink.com\/de\/wp-json\/wp\/v2\/product_tag?post=63703"}],"curies":[{"name":"wp","href":"https:\/\/api.w.org\/{rel}","templated":true}]}}