{"id":64131,"date":"2026-04-29T09:36:07","date_gmt":"2026-04-29T09:36:07","guid":{"rendered":"https:\/\/likeink.com\/?post_type=product&#038;p=64131"},"modified":"2026-04-29T11:11:08","modified_gmt":"2026-04-29T11:11:08","slug":"gender-reveal-temporaere-tattoos","status":"publish","type":"product","link":"https:\/\/likeink.com\/de\/tatowierungen\/gender-reveal-temporaere-tattoos\/","title":{"rendered":"&#8220;Gender Reveal&#8221; tempor\u00e4re Tattoos"},"content":{"rendered":"","protected":false},"excerpt":{"rendered":"<p>Dieses Blatt enth\u00e4lt tempor\u00e4re Tattoos mit sch\u00f6nem Design f\u00fcr eine &#8220;Gender Reveal&#8221;. Was glaubst du, was es wird? Ein M\u00e4dchen oder ein Junge? Die fertigen Bl\u00e4tter von Like Ink mit tempor\u00e4ren Tattoos sind etwa 20\u00d714 cm gro\u00df und enthalten die Motive, die auf dem Bild zu sehen sind. Wir drucken und versenden innerhalb von 24 Stunden nach deiner Bestellung. Die Tattoos sind stilvoll, von hoher Qualit\u00e4t, einfach anzubringen und leicht zu entfernen. Like Ink erf\u00fcllt alle EU-Vorschriften f\u00fcr kosmetische Produkte, sodass du sicher bestellen kannst.<\/p>\n<h2><strong>&#8220;Gender Reveal&#8221; tempor\u00e4re Tattoos mit I vote girls und I vote boys Design<\/strong><\/h2>\n<p>Dieses Blatt enth\u00e4lt 4 \u201cI vote girls\u201d Tattoos und 4 \u201cI vote boys\u201d Tattoos. Das Blatt enth\u00e4lt au\u00dferdem kleine Herzen, Sterne, B\u00e4ren, Schmetterlinge und Schleifen.<\/p>\n<p>Das ist perfekt f\u00fcr dich, wenn du eine Party oder Babyshower planst. Dieses Blatt sorgt f\u00fcr eine lustige Feier, die niemand vergessen wird. Stelle sicher, dass du genug hast, damit alle auf der Party sie ausprobieren und zwischen \u201cI vote boys\u201d und \u201cI vote girls\u201d w\u00e4hlen k\u00f6nnen.<\/p>\n<p><strong>Blattgr\u00f6\u00dfe:<\/strong> A5<\/p>\n<p><strong>Anzahl Tattoos:<\/strong> 8 gro\u00dfe, ca. 20 kleine<\/p>\n<p><strong>Gr\u00f6\u00dfe gro\u00dfe Tattoos:<\/strong> 5 cm<\/p>\n<p><strong>Gr\u00f6\u00dfe kleine Tattoos:<\/strong> 1 cm<\/p>\n","protected":false},"featured_media":64108,"template":"","meta":[],"product_brand":[],"product_cat":[55,516,558],"product_tag":[],"class_list":{"0":"post-64131","1":"product","2":"type-product","3":"status-publish","4":"has-post-thumbnail","6":"product_cat-fertige-boegen","7":"product_cat-kostuem-saison","8":"product_cat-liebe-romantik","10":"first","11":"instock","12":"taxable","13":"shipping-taxable","14":"purchasable","15":"product-type-simple"},"yoast_head":"<!-- This site is optimized with the Yoast SEO Premium plugin v26.2 (Yoast SEO v27.5) - https:\/\/yoast.com\/product\/yoast-seo-premium-wordpress\/ -->\n<title>&quot;Gender Reveal&quot; tempor\u00e4re Tattoos - I vote girs &amp; boys - Like ink<\/title>\n<meta name=\"description\" content=\"Kaufe &quot;Gender Reveal&quot; tempor\u00e4re Tattoos mit Team Girl und Team Boy. Einfach anzubringen, hautfreundlich und ein Spa\u00df f\u00fcr alle G\u00e4ste.\" \/>\n<meta name=\"robots\" content=\"index, follow, max-snippet:-1, max-image-preview:large, max-video-preview:-1\" \/>\n<link rel=\"canonical\" href=\"https:\/\/likeink.com\/de\/tatowierungen\/gender-reveal-temporaere-tattoos\/\" \/>\n<meta property=\"og:locale\" content=\"de_DE\" \/>\n<meta property=\"og:type\" content=\"article\" \/>\n<meta property=\"og:title\" content=\"&quot;Gender Reveal&quot; tempor\u00e4re Tattoos\" \/>\n<meta property=\"og:description\" content=\"Dieses Blatt enth\u00e4lt tempor\u00e4re Tattoos mit sch\u00f6nem Design f\u00fcr eine &quot;Gender Reveal&quot;. Was glaubst du, was es wird? Ein M\u00e4dchen oder ein Junge? Die fertigen Bl\u00e4tter von Like Ink mit tempor\u00e4ren Tattoos sind etwa 20\u00d714 cm gro\u00df und enthalten die Motive, die auf dem Bild zu sehen sind. Wir drucken und versenden innerhalb von 24 Stunden nach deiner Bestellung. Die Tattoos sind stilvoll, von hoher Qualit\u00e4t, einfach anzubringen und leicht zu entfernen. Like Ink erf\u00fcllt alle EU-Vorschriften f\u00fcr kosmetische Produkte, sodass du sicher bestellen kannst. &quot;Gender Reveal&quot; tempor\u00e4re Tattoos mit I vote girls und I vote boys Design Dieses Blatt enth\u00e4lt 4 \u201cI vote girls\u201d Tattoos und 4 \u201cI vote boys\u201d Tattoos. Das Blatt enth\u00e4lt au\u00dferdem kleine Herzen, Sterne, B\u00e4ren, Schmetterlinge und Schleifen.  Das ist perfekt f\u00fcr dich, wenn du eine Party oder Babyshower planst. Dieses Blatt sorgt f\u00fcr eine lustige Feier, die niemand vergessen wird. Stelle sicher, dass du genug hast, damit alle auf der Party sie ausprobieren und zwischen \u201cI vote boys\u201d und \u201cI vote girls\u201d w\u00e4hlen k\u00f6nnen.  Blattgr\u00f6\u00dfe: A5  Anzahl Tattoos: 8 gro\u00dfe, ca. 20 kleine  Gr\u00f6\u00dfe gro\u00dfe Tattoos: 5 cm  Gr\u00f6\u00dfe kleine Tattoos: 1 cm\" \/>\n<meta property=\"og:url\" content=\"https:\/\/likeink.com\/de\/tatowierungen\/gender-reveal-temporaere-tattoos\/\" \/>\n<meta property=\"og:site_name\" content=\"Like ink\" \/>\n<meta property=\"article:publisher\" content=\"https:\/\/www.facebook.com\/LikeInkSe\" \/>\n<meta property=\"article:modified_time\" content=\"2026-04-29T11:11:08+00:00\" \/>\n<meta property=\"og:image\" content=\"https:\/\/likeink.com\/wp-content\/uploads\/2026\/04\/Gender-revial-tattoos-likeink.jpg\" \/>\n\t<meta property=\"og:image:width\" content=\"1800\" \/>\n\t<meta property=\"og:image:height\" content=\"1268\" \/>\n\t<meta property=\"og:image:type\" content=\"image\/jpeg\" \/>\n<meta name=\"twitter:card\" content=\"summary_large_image\" \/>\n<meta name=\"twitter:label1\" content=\"Gesch\u00e4tzte Lesezeit\" \/>\n\t<meta name=\"twitter:data1\" content=\"1\u00a0Minute\" \/>\n<!-- \/ Yoast SEO Premium plugin. -->","yoast_head_json":{"title":"\"Gender Reveal\" tempor\u00e4re Tattoos - I vote girs & boys - Like ink","description":"Kaufe \"Gender Reveal\" tempor\u00e4re Tattoos mit Team Girl und Team Boy. Einfach anzubringen, hautfreundlich und ein Spa\u00df f\u00fcr alle G\u00e4ste.","robots":{"index":"index","follow":"follow","max-snippet":"max-snippet:-1","max-image-preview":"max-image-preview:large","max-video-preview":"max-video-preview:-1"},"canonical":"https:\/\/likeink.com\/de\/tatowierungen\/gender-reveal-temporaere-tattoos\/","og_locale":"de_DE","og_type":"article","og_title":"\"Gender Reveal\" tempor\u00e4re Tattoos","og_description":"Dieses Blatt enth\u00e4lt tempor\u00e4re Tattoos mit sch\u00f6nem Design f\u00fcr eine \"Gender Reveal\". Was glaubst du, was es wird? Ein M\u00e4dchen oder ein Junge? Die fertigen Bl\u00e4tter von Like Ink mit tempor\u00e4ren Tattoos sind etwa 20\u00d714 cm gro\u00df und enthalten die Motive, die auf dem Bild zu sehen sind. Wir drucken und versenden innerhalb von 24 Stunden nach deiner Bestellung. Die Tattoos sind stilvoll, von hoher Qualit\u00e4t, einfach anzubringen und leicht zu entfernen. Like Ink erf\u00fcllt alle EU-Vorschriften f\u00fcr kosmetische Produkte, sodass du sicher bestellen kannst. \"Gender Reveal\" tempor\u00e4re Tattoos mit I vote girls und I vote boys Design Dieses Blatt enth\u00e4lt 4 \u201cI vote girls\u201d Tattoos und 4 \u201cI vote boys\u201d Tattoos. Das Blatt enth\u00e4lt au\u00dferdem kleine Herzen, Sterne, B\u00e4ren, Schmetterlinge und Schleifen.  Das ist perfekt f\u00fcr dich, wenn du eine Party oder Babyshower planst. Dieses Blatt sorgt f\u00fcr eine lustige Feier, die niemand vergessen wird. Stelle sicher, dass du genug hast, damit alle auf der Party sie ausprobieren und zwischen \u201cI vote boys\u201d und \u201cI vote girls\u201d w\u00e4hlen k\u00f6nnen.  Blattgr\u00f6\u00dfe: A5  Anzahl Tattoos: 8 gro\u00dfe, ca. 20 kleine  Gr\u00f6\u00dfe gro\u00dfe Tattoos: 5 cm  Gr\u00f6\u00dfe kleine Tattoos: 1 cm","og_url":"https:\/\/likeink.com\/de\/tatowierungen\/gender-reveal-temporaere-tattoos\/","og_site_name":"Like ink","article_publisher":"https:\/\/www.facebook.com\/LikeInkSe","article_modified_time":"2026-04-29T11:11:08+00:00","og_image":[{"width":1800,"height":1268,"url":"https:\/\/likeink.com\/wp-content\/uploads\/2026\/04\/Gender-revial-tattoos-likeink.jpg","type":"image\/jpeg"}],"twitter_card":"summary_large_image","twitter_misc":{"Gesch\u00e4tzte Lesezeit":"1\u00a0Minute"},"schema":{"@context":"https:\/\/schema.org","@graph":[{"@type":"WebPage","@id":"https:\/\/likeink.com\/de\/tatowierungen\/gender-reveal-temporaere-tattoos\/","url":"https:\/\/likeink.com\/de\/tatowierungen\/gender-reveal-temporaere-tattoos\/","name":"\"Gender Reveal\" tempor\u00e4re Tattoos - I vote girs & boys - Like ink","isPartOf":{"@id":"https:\/\/likeink.com\/de\/#website"},"primaryImageOfPage":{"@id":"https:\/\/likeink.com\/de\/tatowierungen\/gender-reveal-temporaere-tattoos\/#primaryimage"},"image":{"@id":"https:\/\/likeink.com\/de\/tatowierungen\/gender-reveal-temporaere-tattoos\/#primaryimage"},"thumbnailUrl":"https:\/\/likeink.com\/wp-content\/uploads\/2026\/04\/Gender-revial-tattoos-likeink.jpg","datePublished":"2026-04-29T09:36:07+00:00","dateModified":"2026-04-29T11:11:08+00:00","description":"Kaufe \"Gender Reveal\" tempor\u00e4re Tattoos mit Team Girl und Team Boy. Einfach anzubringen, hautfreundlich und ein Spa\u00df f\u00fcr alle G\u00e4ste.","breadcrumb":{"@id":"https:\/\/likeink.com\/de\/tatowierungen\/gender-reveal-temporaere-tattoos\/#breadcrumb"},"inLanguage":"de","potentialAction":[{"@type":"ReadAction","target":["https:\/\/likeink.com\/de\/tatowierungen\/gender-reveal-temporaere-tattoos\/"]}]},{"@type":"ImageObject","inLanguage":"de","@id":"https:\/\/likeink.com\/de\/tatowierungen\/gender-reveal-temporaere-tattoos\/#primaryimage","url":"https:\/\/likeink.com\/wp-content\/uploads\/2026\/04\/Gender-revial-tattoos-likeink.jpg","contentUrl":"https:\/\/likeink.com\/wp-content\/uploads\/2026\/04\/Gender-revial-tattoos-likeink.jpg","width":1800,"height":1268,"caption":"Der rote und blaue Text lautet \"I VOTE Girls\" und \"I VOTE Boys\" in einem sich wiederholenden Muster, umgeben von kleinen Herzen, Sternen und einfachen Tiergesichtern auf einem wei\u00dfen Hintergrund."},{"@type":"BreadcrumbList","@id":"https:\/\/likeink.com\/de\/tatowierungen\/gender-reveal-temporaere-tattoos\/#breadcrumb","itemListElement":[{"@type":"ListItem","position":1,"name":"Hem","item":"https:\/\/likeink.com\/de\/"},{"@type":"ListItem","position":2,"name":"Shop","item":"https:\/\/likeink.com\/de\/shop\/"},{"@type":"ListItem","position":3,"name":"&#8220;Gender Reveal&#8221; tempor\u00e4re Tattoos"}]},{"@type":"WebSite","@id":"https:\/\/likeink.com\/de\/#website","url":"https:\/\/likeink.com\/de\/","name":"Like ink","description":"Gestalten Sie Ihre eigenen tempor\u00e4ren Tattoos","potentialAction":[{"@type":"SearchAction","target":{"@type":"EntryPoint","urlTemplate":"https:\/\/likeink.com\/de\/?s={search_term_string}"},"query-input":{"@type":"PropertyValueSpecification","valueRequired":true,"valueName":"search_term_string"}}],"inLanguage":"de"}]}},"_links":{"self":[{"href":"https:\/\/likeink.com\/de\/wp-json\/wp\/v2\/product\/64131","targetHints":{"allow":["GET"]}}],"collection":[{"href":"https:\/\/likeink.com\/de\/wp-json\/wp\/v2\/product"}],"about":[{"href":"https:\/\/likeink.com\/de\/wp-json\/wp\/v2\/types\/product"}],"wp:featuredmedia":[{"embeddable":true,"href":"https:\/\/likeink.com\/de\/wp-json\/wp\/v2\/media\/64108"}],"wp:attachment":[{"href":"https:\/\/likeink.com\/de\/wp-json\/wp\/v2\/media?parent=64131"}],"wp:term":[{"taxonomy":"product_brand","embeddable":true,"href":"https:\/\/likeink.com\/de\/wp-json\/wp\/v2\/product_brand?post=64131"},{"taxonomy":"product_cat","embeddable":true,"href":"https:\/\/likeink.com\/de\/wp-json\/wp\/v2\/product_cat?post=64131"},{"taxonomy":"product_tag","embeddable":true,"href":"https:\/\/likeink.com\/de\/wp-json\/wp\/v2\/product_tag?post=64131"}],"curies":[{"name":"wp","href":"https:\/\/api.w.org\/{rel}","templated":true}]}}