{"id":64280,"date":"2026-05-04T11:39:52","date_gmt":"2026-05-04T11:39:59","guid":{"rendered":"https:\/\/likeink.com\/?post_type=product&#038;p=64280"},"modified":"2026-05-04T12:02:09","modified_gmt":"2026-05-04T12:02:09","slug":"tattoos-fuer-die-abschlussfeier","status":"publish","type":"product","link":"https:\/\/likeink.com\/de\/tatowierungen\/tattoos-fuer-die-abschlussfeier\/","title":{"rendered":"Tattoos f\u00fcr die Abschlussfeier"},"content":{"rendered":"","protected":false},"excerpt":{"rendered":"<p>Dieses Blatt enth\u00e4lt Motive, die perfekt f\u00fcr eine Abschlussfeier sind. M\u00fctzen, Champagner und Ballons, die du als Dekoration oder als tempor\u00e4re Tattoos verwenden kannst. Like Inks fertige B\u00f6gen mit tempor\u00e4ren Tattoos sind etwa 20\u00d714 cm gro\u00df und enthalten die Motive, die du auf dem Bild siehst. Wir drucken und versenden innerhalb von 24 Stunden nach deiner Bestellung. Die Tattoos sind stilvoll, von hoher Qualit\u00e4t, einfach anzubringen und leicht zu entfernen. Like Ink erf\u00fcllt alle EU Vorschriften f\u00fcr kosmetische Produkte, sodass du mit gutem Gef\u00fchl bestellen kannst.<\/p>\n<h2><strong>Tempor\u00e4re Tattoos f\u00fcr die Abschlussfeier mit Motiven perfekt f\u00fcr den Anlass.<\/strong><\/h2>\n<p>Dieses Blatt enth\u00e4lt Motive mit Abschlussm\u00fctzen, Champagnergl\u00e4sern und Ballons f\u00fcr die Feier.<\/p>\n<p>Das Blatt enth\u00e4lt 12 Tattoos und viele kleine tempor\u00e4re Tattoos, die du \u00fcberall anbringen kannst. Die gro\u00dfen Tattoos eignen sich gut als Dekoration auf glatten Oberfl\u00e4chen wie Gl\u00e4sern oder Ballons. Du kannst die gro\u00dfen auch als tempor\u00e4re Tattoos zum Beispiel auf deinem Arm verwenden. Die kleinen Tattoos sind perfekt f\u00fcr das Gesicht oder die H\u00e4nde. Du kannst sie auch als Dekoration f\u00fcr deine Abschlussfeier verwenden.<\/p>\n<p><strong>Gr\u00f6\u00dfe des Bogens:<\/strong> A5<br \/>\n<strong>Anzahl der Tattoos:<\/strong> 12 gro\u00dfe, 18 kleine<br \/>\n<strong>Gr\u00f6\u00dfe der gro\u00dfen Tattoos:<\/strong> 5 cm<br \/>\n<strong>Gr\u00f6\u00dfe der kleinen Tattoos:<\/strong> 1 cm<\/p>\n","protected":false},"featured_media":64182,"template":"","meta":[],"product_brand":[],"product_cat":[55],"product_tag":[],"class_list":{"0":"post-64280","1":"product","2":"type-product","3":"status-publish","4":"has-post-thumbnail","6":"product_cat-fertige-boegen","8":"first","9":"instock","10":"taxable","11":"shipping-taxable","12":"purchasable","13":"product-type-simple"},"yoast_head":"<!-- This site is optimized with the Yoast SEO Premium plugin v27.5 (Yoast SEO v27.6) - https:\/\/yoast.com\/product\/yoast-seo-premium-wordpress\/ -->\n<title>Tattoos f\u00fcr die Abschlussfeier - Like ink<\/title>\n<meta name=\"description\" content=\"Kaufe Tattoos f\u00fcr die Abschlussfeier mit Abschlussm\u00fctze, Champagner und Ballons. Einfach anzubringen und perfekt f\u00fcr die Feier.\" \/>\n<meta name=\"robots\" content=\"index, follow, max-snippet:-1, max-image-preview:large, max-video-preview:-1\" \/>\n<link rel=\"canonical\" href=\"https:\/\/likeink.com\/de\/tatowierungen\/tattoos-fuer-die-abschlussfeier\/\" \/>\n<meta property=\"og:locale\" content=\"de_DE\" \/>\n<meta property=\"og:type\" content=\"article\" \/>\n<meta property=\"og:title\" content=\"Tattoos f\u00fcr die Abschlussfeier\" \/>\n<meta property=\"og:description\" content=\"Dieses Blatt enth\u00e4lt Motive, die perfekt f\u00fcr eine Abschlussfeier sind. M\u00fctzen, Champagner und Ballons, die du als Dekoration oder als tempor\u00e4re Tattoos verwenden kannst. Like Inks fertige B\u00f6gen mit tempor\u00e4ren Tattoos sind etwa 20\u00d714 cm gro\u00df und enthalten die Motive, die du auf dem Bild siehst. Wir drucken und versenden innerhalb von 24 Stunden nach deiner Bestellung. Die Tattoos sind stilvoll, von hoher Qualit\u00e4t, einfach anzubringen und leicht zu entfernen. Like Ink erf\u00fcllt alle EU Vorschriften f\u00fcr kosmetische Produkte, sodass du mit gutem Gef\u00fchl bestellen kannst. Tempor\u00e4re Tattoos f\u00fcr die Abschlussfeier mit Motiven perfekt f\u00fcr den Anlass. Dieses Blatt enth\u00e4lt Motive mit Abschlussm\u00fctzen, Champagnergl\u00e4sern und Ballons f\u00fcr die Feier.  Das Blatt enth\u00e4lt 12 Tattoos und viele kleine tempor\u00e4re Tattoos, die du \u00fcberall anbringen kannst. Die gro\u00dfen Tattoos eignen sich gut als Dekoration auf glatten Oberfl\u00e4chen wie Gl\u00e4sern oder Ballons. Du kannst die gro\u00dfen auch als tempor\u00e4re Tattoos zum Beispiel auf deinem Arm verwenden. Die kleinen Tattoos sind perfekt f\u00fcr das Gesicht oder die H\u00e4nde. Du kannst sie auch als Dekoration f\u00fcr deine Abschlussfeier verwenden.  Gr\u00f6\u00dfe des Bogens: A5 Anzahl der Tattoos: 12 gro\u00dfe, 18 kleine Gr\u00f6\u00dfe der gro\u00dfen Tattoos: 5 cm Gr\u00f6\u00dfe der kleinen Tattoos: 1 cm\" \/>\n<meta property=\"og:url\" content=\"https:\/\/likeink.com\/de\/tatowierungen\/tattoos-fuer-die-abschlussfeier\/\" \/>\n<meta property=\"og:site_name\" content=\"Like ink\" \/>\n<meta property=\"article:publisher\" content=\"https:\/\/www.facebook.com\/LikeInkSe\" \/>\n<meta property=\"article:modified_time\" content=\"2026-05-04T12:02:09+00:00\" \/>\n<meta property=\"og:image\" content=\"https:\/\/likeink.com\/wp-content\/uploads\/2026\/04\/Studenten-tatueringar-1322-Likeink.jpg\" \/>\n\t<meta property=\"og:image:width\" content=\"1800\" \/>\n\t<meta property=\"og:image:height\" content=\"1268\" \/>\n\t<meta property=\"og:image:type\" content=\"image\/jpeg\" \/>\n<meta name=\"twitter:card\" content=\"summary_large_image\" \/>\n<meta name=\"twitter:label1\" content=\"Gesch\u00e4tzte Lesezeit\" \/>\n\t<meta name=\"twitter:data1\" content=\"1\u00a0Minute\" \/>\n<!-- \/ Yoast SEO Premium plugin. -->","yoast_head_json":{"title":"Tattoos f\u00fcr die Abschlussfeier - Like ink","description":"Kaufe Tattoos f\u00fcr die Abschlussfeier mit Abschlussm\u00fctze, Champagner und Ballons. Einfach anzubringen und perfekt f\u00fcr die Feier.","robots":{"index":"index","follow":"follow","max-snippet":"max-snippet:-1","max-image-preview":"max-image-preview:large","max-video-preview":"max-video-preview:-1"},"canonical":"https:\/\/likeink.com\/de\/tatowierungen\/tattoos-fuer-die-abschlussfeier\/","og_locale":"de_DE","og_type":"article","og_title":"Tattoos f\u00fcr die Abschlussfeier","og_description":"Dieses Blatt enth\u00e4lt Motive, die perfekt f\u00fcr eine Abschlussfeier sind. M\u00fctzen, Champagner und Ballons, die du als Dekoration oder als tempor\u00e4re Tattoos verwenden kannst. Like Inks fertige B\u00f6gen mit tempor\u00e4ren Tattoos sind etwa 20\u00d714 cm gro\u00df und enthalten die Motive, die du auf dem Bild siehst. Wir drucken und versenden innerhalb von 24 Stunden nach deiner Bestellung. Die Tattoos sind stilvoll, von hoher Qualit\u00e4t, einfach anzubringen und leicht zu entfernen. Like Ink erf\u00fcllt alle EU Vorschriften f\u00fcr kosmetische Produkte, sodass du mit gutem Gef\u00fchl bestellen kannst. Tempor\u00e4re Tattoos f\u00fcr die Abschlussfeier mit Motiven perfekt f\u00fcr den Anlass. Dieses Blatt enth\u00e4lt Motive mit Abschlussm\u00fctzen, Champagnergl\u00e4sern und Ballons f\u00fcr die Feier.  Das Blatt enth\u00e4lt 12 Tattoos und viele kleine tempor\u00e4re Tattoos, die du \u00fcberall anbringen kannst. Die gro\u00dfen Tattoos eignen sich gut als Dekoration auf glatten Oberfl\u00e4chen wie Gl\u00e4sern oder Ballons. Du kannst die gro\u00dfen auch als tempor\u00e4re Tattoos zum Beispiel auf deinem Arm verwenden. Die kleinen Tattoos sind perfekt f\u00fcr das Gesicht oder die H\u00e4nde. Du kannst sie auch als Dekoration f\u00fcr deine Abschlussfeier verwenden.  Gr\u00f6\u00dfe des Bogens: A5 Anzahl der Tattoos: 12 gro\u00dfe, 18 kleine Gr\u00f6\u00dfe der gro\u00dfen Tattoos: 5 cm Gr\u00f6\u00dfe der kleinen Tattoos: 1 cm","og_url":"https:\/\/likeink.com\/de\/tatowierungen\/tattoos-fuer-die-abschlussfeier\/","og_site_name":"Like ink","article_publisher":"https:\/\/www.facebook.com\/LikeInkSe","article_modified_time":"2026-05-04T12:02:09+00:00","og_image":[{"width":1800,"height":1268,"url":"https:\/\/likeink.com\/wp-content\/uploads\/2026\/04\/Studenten-tatueringar-1322-Likeink.jpg","type":"image\/jpeg"}],"twitter_card":"summary_large_image","twitter_misc":{"Gesch\u00e4tzte Lesezeit":"1\u00a0Minute"},"schema":{"@context":"https:\/\/schema.org","@graph":[{"@type":"WebPage","@id":"https:\/\/likeink.com\/de\/tatowierungen\/tattoos-fuer-die-abschlussfeier\/","url":"https:\/\/likeink.com\/de\/tatowierungen\/tattoos-fuer-die-abschlussfeier\/","name":"Tattoos f\u00fcr die Abschlussfeier - Like ink","isPartOf":{"@id":"https:\/\/likeink.com\/de\/#website"},"primaryImageOfPage":{"@id":"https:\/\/likeink.com\/de\/tatowierungen\/tattoos-fuer-die-abschlussfeier\/#primaryimage"},"image":{"@id":"https:\/\/likeink.com\/de\/tatowierungen\/tattoos-fuer-die-abschlussfeier\/#primaryimage"},"thumbnailUrl":"https:\/\/likeink.com\/wp-content\/uploads\/2026\/04\/Studenten-tatueringar-1322-Likeink.jpg","datePublished":"2026-05-04T11:39:59+00:00","dateModified":"2026-05-04T12:02:09+00:00","description":"Kaufe Tattoos f\u00fcr die Abschlussfeier mit Abschlussm\u00fctze, Champagner und Ballons. Einfach anzubringen und perfekt f\u00fcr die Feier.","breadcrumb":{"@id":"https:\/\/likeink.com\/de\/tatowierungen\/tattoos-fuer-die-abschlussfeier\/#breadcrumb"},"inLanguage":"de","potentialAction":[{"@type":"ReadAction","target":["https:\/\/likeink.com\/de\/tatowierungen\/tattoos-fuer-die-abschlussfeier\/"]}]},{"@type":"ImageObject","inLanguage":"de","@id":"https:\/\/likeink.com\/de\/tatowierungen\/tattoos-fuer-die-abschlussfeier\/#primaryimage","url":"https:\/\/likeink.com\/wp-content\/uploads\/2026\/04\/Studenten-tatueringar-1322-Likeink.jpg","contentUrl":"https:\/\/likeink.com\/wp-content\/uploads\/2026\/04\/Studenten-tatueringar-1322-Likeink.jpg","width":1800,"height":1268,"caption":"Illustration mit Abschlusskappen, Luftballons, Sektgl\u00e4sern, Sternen und Herzen in Gelb, Blau, Schwarz und Gr\u00fcn auf einem wei\u00dfen Hintergrund. Die Gegenst\u00e4nde sind in einem feierlichen Muster verstreut."},{"@type":"BreadcrumbList","@id":"https:\/\/likeink.com\/de\/tatowierungen\/tattoos-fuer-die-abschlussfeier\/#breadcrumb","itemListElement":[{"@type":"ListItem","position":1,"name":"Hem","item":"https:\/\/likeink.com\/de\/"},{"@type":"ListItem","position":2,"name":"Shop","item":"https:\/\/likeink.com\/de\/shop\/"},{"@type":"ListItem","position":3,"name":"Tattoos f\u00fcr die Abschlussfeier"}]},{"@type":"WebSite","@id":"https:\/\/likeink.com\/de\/#website","url":"https:\/\/likeink.com\/de\/","name":"Like ink","description":"Gestalten Sie Ihre eigenen tempor\u00e4ren Tattoos","potentialAction":[{"@type":"SearchAction","target":{"@type":"EntryPoint","urlTemplate":"https:\/\/likeink.com\/de\/?s={search_term_string}"},"query-input":{"@type":"PropertyValueSpecification","valueRequired":true,"valueName":"search_term_string"}}],"inLanguage":"de"}]}},"_links":{"self":[{"href":"https:\/\/likeink.com\/de\/wp-json\/wp\/v2\/product\/64280","targetHints":{"allow":["GET"]}}],"collection":[{"href":"https:\/\/likeink.com\/de\/wp-json\/wp\/v2\/product"}],"about":[{"href":"https:\/\/likeink.com\/de\/wp-json\/wp\/v2\/types\/product"}],"wp:featuredmedia":[{"embeddable":true,"href":"https:\/\/likeink.com\/de\/wp-json\/wp\/v2\/media\/64182"}],"wp:attachment":[{"href":"https:\/\/likeink.com\/de\/wp-json\/wp\/v2\/media?parent=64280"}],"wp:term":[{"taxonomy":"product_brand","embeddable":true,"href":"https:\/\/likeink.com\/de\/wp-json\/wp\/v2\/product_brand?post=64280"},{"taxonomy":"product_cat","embeddable":true,"href":"https:\/\/likeink.com\/de\/wp-json\/wp\/v2\/product_cat?post=64280"},{"taxonomy":"product_tag","embeddable":true,"href":"https:\/\/likeink.com\/de\/wp-json\/wp\/v2\/product_tag?post=64280"}],"curies":[{"name":"wp","href":"https:\/\/api.w.org\/{rel}","templated":true}]}}