{"id":64510,"date":"2026-05-06T12:38:20","date_gmt":"2026-05-06T12:38:28","guid":{"rendered":"https:\/\/likeink.com\/?post_type=product&#038;p=64510"},"modified":"2026-05-07T07:16:17","modified_gmt":"2026-05-07T07:16:17","slug":"wilde-schwedische-blumen","status":"publish","type":"product","link":"https:\/\/likeink.com\/de\/tatowierungen\/wilde-schwedische-blumen\/","title":{"rendered":"Wilde schwedische Blumen"},"content":{"rendered":"","protected":false},"excerpt":{"rendered":"<p>Dieses Blatt enth\u00e4lt gro\u00dfe Motive schwedischer Blumen: Maigl\u00f6ckchen, Buschwindr\u00f6schen und Veilchen. Perfekt f\u00fcr alle, die sch\u00f6ne tempor\u00e4re Tattoos und Blumen lieben. Die fertigen tempor\u00e4ren Tattoo B\u00f6gen von Like Ink sind etwa 20 \u00d7 14 cm gro\u00df und enthalten die auf dem Bild gezeigten Motive. Wir drucken und versenden innerhalb von 24 Stunden nach deiner Bestellung. Die Tattoos sind stilvoll, hochwertig, einfach aufzutragen und leicht wieder zu entfernen. Like Ink erf\u00fcllt alle EU Vorschriften f\u00fcr Kosmetikprodukte, damit du sicher bestellen kannst.<\/p>\n<h2><strong>Tempor\u00e4re Tattoos mit sch\u00f6nen Blumenmotiven<\/strong><\/h2>\n<p>Dieses Blatt enth\u00e4lt ein Maigl\u00f6ckchen Tattoo, ein Buschwindr\u00f6schen Tattoo und ein Veilchen Tattoo.<\/p>\n<p>Dieses Blatt enth\u00e4lt 6 extra gro\u00dfe tempor\u00e4re Tattoos. Au\u00dferdem sind 12 kleinere Tattoos enthalten. Die gro\u00dfen Tattoos eignen sich perfekt zur Dekoration glatter Oberfl\u00e4chen und k\u00f6nnen auch als tempor\u00e4re Tattoos auf dem K\u00f6rper getragen werden. Die kleinen Tattoos sind ideal f\u00fcr H\u00e4nde oder das Gesicht. Diese Tattoos sind perfekt f\u00fcr alle, die sch\u00f6ne Blumen und gro\u00dfe Tattoos m\u00f6gen.<\/p>\n<p><strong>Gr\u00f6\u00dfe des Blatts:<\/strong> A5<br \/>\n<strong>Anzahl der Tattoos:<\/strong> 6 gro\u00dfe, 12 kleine<br \/>\n<strong>Gr\u00f6\u00dfe der gro\u00dfen Tattoos:<\/strong> 5 &#8211; 8 cm<br \/>\n<strong>Gr\u00f6\u00dfe der kleinen Tattoos:<\/strong> 0.5 &#8211; 1 cm<\/p>\n","protected":false},"featured_media":64496,"template":"","meta":[],"product_brand":[],"product_cat":[55,522],"product_tag":[],"class_list":{"0":"post-64510","1":"product","2":"type-product","3":"status-publish","4":"has-post-thumbnail","6":"product_cat-fertige-boegen","7":"product_cat-tiere-natur","9":"first","10":"instock","11":"taxable","12":"shipping-taxable","13":"purchasable","14":"product-type-simple"},"yoast_head":"<!-- This site is optimized with the Yoast SEO Premium plugin v27.5 (Yoast SEO v27.6) - https:\/\/yoast.com\/product\/yoast-seo-premium-wordpress\/ -->\n<title>Wilde schwedische Blumen - Like ink<\/title>\n<meta name=\"description\" content=\"Kaufe Wilde schwedische Blumen mit stilvollen und minimalistischen Motiven. Perfekt f\u00fcr Partys und den Alltag. Einfach aufzutragen.\" \/>\n<meta name=\"robots\" content=\"index, follow, max-snippet:-1, max-image-preview:large, max-video-preview:-1\" \/>\n<link rel=\"canonical\" href=\"https:\/\/likeink.com\/de\/tatowierungen\/wilde-schwedische-blumen\/\" \/>\n<meta property=\"og:locale\" content=\"de_DE\" \/>\n<meta property=\"og:type\" content=\"article\" \/>\n<meta property=\"og:title\" content=\"Wilde schwedische Blumen\" \/>\n<meta property=\"og:description\" content=\"Dieses Blatt enth\u00e4lt gro\u00dfe Motive schwedischer Blumen: Maigl\u00f6ckchen, Buschwindr\u00f6schen und Veilchen. Perfekt f\u00fcr alle, die sch\u00f6ne tempor\u00e4re Tattoos und Blumen lieben. Die fertigen tempor\u00e4ren Tattoo B\u00f6gen von Like Ink sind etwa 20 \u00d7 14 cm gro\u00df und enthalten die auf dem Bild gezeigten Motive. Wir drucken und versenden innerhalb von 24 Stunden nach deiner Bestellung. Die Tattoos sind stilvoll, hochwertig, einfach aufzutragen und leicht wieder zu entfernen. Like Ink erf\u00fcllt alle EU Vorschriften f\u00fcr Kosmetikprodukte, damit du sicher bestellen kannst. Tempor\u00e4re Tattoos mit sch\u00f6nen Blumenmotiven Dieses Blatt enth\u00e4lt ein Maigl\u00f6ckchen Tattoo, ein Buschwindr\u00f6schen Tattoo und ein Veilchen Tattoo.  Dieses Blatt enth\u00e4lt 6 extra gro\u00dfe tempor\u00e4re Tattoos. Au\u00dferdem sind 12 kleinere Tattoos enthalten. Die gro\u00dfen Tattoos eignen sich perfekt zur Dekoration glatter Oberfl\u00e4chen und k\u00f6nnen auch als tempor\u00e4re Tattoos auf dem K\u00f6rper getragen werden. Die kleinen Tattoos sind ideal f\u00fcr H\u00e4nde oder das Gesicht. Diese Tattoos sind perfekt f\u00fcr alle, die sch\u00f6ne Blumen und gro\u00dfe Tattoos m\u00f6gen.  Gr\u00f6\u00dfe des Blatts: A5 Anzahl der Tattoos: 6 gro\u00dfe, 12 kleine Gr\u00f6\u00dfe der gro\u00dfen Tattoos: 5 - 8 cm Gr\u00f6\u00dfe der kleinen Tattoos: 0.5 - 1 cm\" \/>\n<meta property=\"og:url\" content=\"https:\/\/likeink.com\/de\/tatowierungen\/wilde-schwedische-blumen\/\" \/>\n<meta property=\"og:site_name\" content=\"Like ink\" \/>\n<meta property=\"article:publisher\" content=\"https:\/\/www.facebook.com\/LikeInkSe\" \/>\n<meta property=\"article:modified_time\" content=\"2026-05-07T07:16:17+00:00\" \/>\n<meta property=\"og:image\" content=\"https:\/\/likeink.com\/wp-content\/uploads\/2026\/05\/svenska-vilda-vaxter-tatuering-likeink.jpg\" \/>\n\t<meta property=\"og:image:width\" content=\"1800\" \/>\n\t<meta property=\"og:image:height\" content=\"1268\" \/>\n\t<meta property=\"og:image:type\" content=\"image\/jpeg\" \/>\n<meta name=\"twitter:card\" content=\"summary_large_image\" \/>\n<meta name=\"twitter:label1\" content=\"Gesch\u00e4tzte Lesezeit\" \/>\n\t<meta name=\"twitter:data1\" content=\"1\u00a0Minute\" \/>\n<!-- \/ Yoast SEO Premium plugin. -->","yoast_head_json":{"title":"Wilde schwedische Blumen - Like ink","description":"Kaufe Wilde schwedische Blumen mit stilvollen und minimalistischen Motiven. Perfekt f\u00fcr Partys und den Alltag. Einfach aufzutragen.","robots":{"index":"index","follow":"follow","max-snippet":"max-snippet:-1","max-image-preview":"max-image-preview:large","max-video-preview":"max-video-preview:-1"},"canonical":"https:\/\/likeink.com\/de\/tatowierungen\/wilde-schwedische-blumen\/","og_locale":"de_DE","og_type":"article","og_title":"Wilde schwedische Blumen","og_description":"Dieses Blatt enth\u00e4lt gro\u00dfe Motive schwedischer Blumen: Maigl\u00f6ckchen, Buschwindr\u00f6schen und Veilchen. Perfekt f\u00fcr alle, die sch\u00f6ne tempor\u00e4re Tattoos und Blumen lieben. Die fertigen tempor\u00e4ren Tattoo B\u00f6gen von Like Ink sind etwa 20 \u00d7 14 cm gro\u00df und enthalten die auf dem Bild gezeigten Motive. Wir drucken und versenden innerhalb von 24 Stunden nach deiner Bestellung. Die Tattoos sind stilvoll, hochwertig, einfach aufzutragen und leicht wieder zu entfernen. Like Ink erf\u00fcllt alle EU Vorschriften f\u00fcr Kosmetikprodukte, damit du sicher bestellen kannst. Tempor\u00e4re Tattoos mit sch\u00f6nen Blumenmotiven Dieses Blatt enth\u00e4lt ein Maigl\u00f6ckchen Tattoo, ein Buschwindr\u00f6schen Tattoo und ein Veilchen Tattoo.  Dieses Blatt enth\u00e4lt 6 extra gro\u00dfe tempor\u00e4re Tattoos. Au\u00dferdem sind 12 kleinere Tattoos enthalten. Die gro\u00dfen Tattoos eignen sich perfekt zur Dekoration glatter Oberfl\u00e4chen und k\u00f6nnen auch als tempor\u00e4re Tattoos auf dem K\u00f6rper getragen werden. Die kleinen Tattoos sind ideal f\u00fcr H\u00e4nde oder das Gesicht. Diese Tattoos sind perfekt f\u00fcr alle, die sch\u00f6ne Blumen und gro\u00dfe Tattoos m\u00f6gen.  Gr\u00f6\u00dfe des Blatts: A5 Anzahl der Tattoos: 6 gro\u00dfe, 12 kleine Gr\u00f6\u00dfe der gro\u00dfen Tattoos: 5 - 8 cm Gr\u00f6\u00dfe der kleinen Tattoos: 0.5 - 1 cm","og_url":"https:\/\/likeink.com\/de\/tatowierungen\/wilde-schwedische-blumen\/","og_site_name":"Like ink","article_publisher":"https:\/\/www.facebook.com\/LikeInkSe","article_modified_time":"2026-05-07T07:16:17+00:00","og_image":[{"width":1800,"height":1268,"url":"https:\/\/likeink.com\/wp-content\/uploads\/2026\/05\/svenska-vilda-vaxter-tatuering-likeink.jpg","type":"image\/jpeg"}],"twitter_card":"summary_large_image","twitter_misc":{"Gesch\u00e4tzte Lesezeit":"1\u00a0Minute"},"schema":{"@context":"https:\/\/schema.org","@graph":[{"@type":"WebPage","@id":"https:\/\/likeink.com\/de\/tatowierungen\/wilde-schwedische-blumen\/","url":"https:\/\/likeink.com\/de\/tatowierungen\/wilde-schwedische-blumen\/","name":"Wilde schwedische Blumen - Like ink","isPartOf":{"@id":"https:\/\/likeink.com\/de\/#website"},"primaryImageOfPage":{"@id":"https:\/\/likeink.com\/de\/tatowierungen\/wilde-schwedische-blumen\/#primaryimage"},"image":{"@id":"https:\/\/likeink.com\/de\/tatowierungen\/wilde-schwedische-blumen\/#primaryimage"},"thumbnailUrl":"https:\/\/likeink.com\/wp-content\/uploads\/2026\/05\/svenska-vilda-vaxter-tatuering-likeink.jpg","datePublished":"2026-05-06T12:38:28+00:00","dateModified":"2026-05-07T07:16:17+00:00","description":"Kaufe Wilde schwedische Blumen mit stilvollen und minimalistischen Motiven. Perfekt f\u00fcr Partys und den Alltag. Einfach aufzutragen.","breadcrumb":{"@id":"https:\/\/likeink.com\/de\/tatowierungen\/wilde-schwedische-blumen\/#breadcrumb"},"inLanguage":"de","potentialAction":[{"@type":"ReadAction","target":["https:\/\/likeink.com\/de\/tatowierungen\/wilde-schwedische-blumen\/"]}]},{"@type":"ImageObject","inLanguage":"de","@id":"https:\/\/likeink.com\/de\/tatowierungen\/wilde-schwedische-blumen\/#primaryimage","url":"https:\/\/likeink.com\/wp-content\/uploads\/2026\/05\/svenska-vilda-vaxter-tatuering-likeink.jpg","contentUrl":"https:\/\/likeink.com\/wp-content\/uploads\/2026\/05\/svenska-vilda-vaxter-tatuering-likeink.jpg","width":1800,"height":1268,"caption":"Schwarze und wei\u00dfe Strichzeichnungen von verschiedenen Blumen und kleinen Herzen, die verstreut sind, mit verschiedenen Blumenstilen und -gr\u00f6\u00dfen auf einem einfachen wei\u00dfen Hintergrund."},{"@type":"BreadcrumbList","@id":"https:\/\/likeink.com\/de\/tatowierungen\/wilde-schwedische-blumen\/#breadcrumb","itemListElement":[{"@type":"ListItem","position":1,"name":"Hem","item":"https:\/\/likeink.com\/de\/"},{"@type":"ListItem","position":2,"name":"Shop","item":"https:\/\/likeink.com\/de\/shop\/"},{"@type":"ListItem","position":3,"name":"Wilde schwedische Blumen"}]},{"@type":"WebSite","@id":"https:\/\/likeink.com\/de\/#website","url":"https:\/\/likeink.com\/de\/","name":"Like ink","description":"Gestalten Sie Ihre eigenen tempor\u00e4ren Tattoos","potentialAction":[{"@type":"SearchAction","target":{"@type":"EntryPoint","urlTemplate":"https:\/\/likeink.com\/de\/?s={search_term_string}"},"query-input":{"@type":"PropertyValueSpecification","valueRequired":true,"valueName":"search_term_string"}}],"inLanguage":"de"}]}},"_links":{"self":[{"href":"https:\/\/likeink.com\/de\/wp-json\/wp\/v2\/product\/64510","targetHints":{"allow":["GET"]}}],"collection":[{"href":"https:\/\/likeink.com\/de\/wp-json\/wp\/v2\/product"}],"about":[{"href":"https:\/\/likeink.com\/de\/wp-json\/wp\/v2\/types\/product"}],"wp:featuredmedia":[{"embeddable":true,"href":"https:\/\/likeink.com\/de\/wp-json\/wp\/v2\/media\/64496"}],"wp:attachment":[{"href":"https:\/\/likeink.com\/de\/wp-json\/wp\/v2\/media?parent=64510"}],"wp:term":[{"taxonomy":"product_brand","embeddable":true,"href":"https:\/\/likeink.com\/de\/wp-json\/wp\/v2\/product_brand?post=64510"},{"taxonomy":"product_cat","embeddable":true,"href":"https:\/\/likeink.com\/de\/wp-json\/wp\/v2\/product_cat?post=64510"},{"taxonomy":"product_tag","embeddable":true,"href":"https:\/\/likeink.com\/de\/wp-json\/wp\/v2\/product_tag?post=64510"}],"curies":[{"name":"wp","href":"https:\/\/api.w.org\/{rel}","templated":true}]}}