{"id":64824,"date":"2026-05-08T11:20:29","date_gmt":"2026-05-08T11:20:29","guid":{"rendered":"https:\/\/likeink.com\/?post_type=product&#038;p=64824"},"modified":"2026-05-08T11:44:11","modified_gmt":"2026-05-08T11:44:11","slug":"valentinstag-tattoos","status":"publish","type":"product","link":"https:\/\/likeink.com\/de\/tatowierungen\/valentinstag-tattoos\/","title":{"rendered":"Valentinstag-Tattoos"},"content":{"rendered":"","protected":false},"excerpt":{"rendered":"<p>Dieser Bogen enth\u00e4lt tempor\u00e4re Tattoos, die perfekt zum Valentinstag passen. Diese Tattoos eignen sich gut als Dekoration zum Valentinstag oder als Geschenk f\u00fcr deinen Partner. Die fertigen B\u00f6gen mit tempor\u00e4ren Tattoos von Like Ink sind etwa 20\u00d714 cm gro\u00df und enthalten die Motive, die auf dem Bild zu sehen sind. Wir drucken und versenden innerhalb von 24 Stunden nach deiner Bestellung. Die Tattoos sind stilvoll, hochwertig, einfach aufzutragen und leicht abzuwaschen. Like Ink h\u00e4lt sich an alle EU-Regeln f\u00fcr kosmetische Produkte, sodass du mit gutem Gef\u00fchl bestellen kannst.<\/p>\n<h2><strong> Tempor\u00e4re Tattoos mit Herz- und Blumenmotiven zum Valentinstag<\/strong><\/h2>\n<p>Dieser Bogen enth\u00e4lt Herzen, Ballons, Briefe und Blumen.<\/p>\n<p>Dieser Bogen enth\u00e4lt 7 gro\u00dfe tempor\u00e4re Tattoos. Er enth\u00e4lt au\u00dferdem 6 kleinere Tattoos. Die gro\u00dfen Tattoos eignen sich perfekt als Dekoration auf glatten Oberfl\u00e4chen und k\u00f6nnen auch auf dem K\u00f6rper als tempor\u00e4re Tattoos verwendet werden. Die kleinen Tattoos sind perfekt f\u00fcr das Gesicht oder die H\u00e4nde, k\u00f6nnen aber auch als Dekoration verwendet werden.<\/p>\n<p><strong>Bogengr\u00f6\u00dfe:<\/strong> A5<br \/>\n<strong>Anzahl der Tattoos:<\/strong> 7 gro\u00dfe, 6 kleine<br \/>\n<strong>Gr\u00f6\u00dfe der gro\u00dfen Tattoos:<\/strong> ca. 5 cm<br \/>\n<strong>Gr\u00f6\u00dfe der kleinen Tattoos:<\/strong> 2-2.5 cm<\/p>\n","protected":false},"featured_media":64721,"template":"","meta":[],"product_brand":[],"product_cat":[55,516,558],"product_tag":[],"class_list":{"0":"post-64824","1":"product","2":"type-product","3":"status-publish","4":"has-post-thumbnail","6":"product_cat-fertige-boegen","7":"product_cat-kostuem-saison","8":"product_cat-liebe-romantik","10":"first","11":"instock","12":"taxable","13":"shipping-taxable","14":"purchasable","15":"product-type-simple"},"yoast_head":"<!-- This site is optimized with the Yoast SEO Premium plugin v27.5 (Yoast SEO v27.6) - https:\/\/yoast.com\/product\/yoast-seo-premium-wordpress\/ -->\n<title>Valentinstag-Tattoos - Like ink<\/title>\n<meta name=\"description\" content=\"Valentinstag-Tattoos mit Herzen, Rosen, Liebesbriefen, Ballons und romantischen Motiven. Sch\u00f6ne tempor\u00e4re Tattoos f\u00fcr Liebe und Feiern.\" \/>\n<meta name=\"robots\" content=\"index, follow, max-snippet:-1, max-image-preview:large, max-video-preview:-1\" \/>\n<link rel=\"canonical\" href=\"https:\/\/likeink.com\/de\/tatowierungen\/valentinstag-tattoos\/\" \/>\n<meta property=\"og:locale\" content=\"de_DE\" \/>\n<meta property=\"og:type\" content=\"article\" \/>\n<meta property=\"og:title\" content=\"Valentinstag-Tattoos\" \/>\n<meta property=\"og:description\" content=\"Dieser Bogen enth\u00e4lt tempor\u00e4re Tattoos, die perfekt zum Valentinstag passen. Diese Tattoos eignen sich gut als Dekoration zum Valentinstag oder als Geschenk f\u00fcr deinen Partner. Die fertigen B\u00f6gen mit tempor\u00e4ren Tattoos von Like Ink sind etwa 20\u00d714 cm gro\u00df und enthalten die Motive, die auf dem Bild zu sehen sind. Wir drucken und versenden innerhalb von 24 Stunden nach deiner Bestellung. Die Tattoos sind stilvoll, hochwertig, einfach aufzutragen und leicht abzuwaschen. Like Ink h\u00e4lt sich an alle EU-Regeln f\u00fcr kosmetische Produkte, sodass du mit gutem Gef\u00fchl bestellen kannst.  Tempor\u00e4re Tattoos mit Herz- und Blumenmotiven zum Valentinstag Dieser Bogen enth\u00e4lt Herzen, Ballons, Briefe und Blumen.  Dieser Bogen enth\u00e4lt 7 gro\u00dfe tempor\u00e4re Tattoos. Er enth\u00e4lt au\u00dferdem 6 kleinere Tattoos. Die gro\u00dfen Tattoos eignen sich perfekt als Dekoration auf glatten Oberfl\u00e4chen und k\u00f6nnen auch auf dem K\u00f6rper als tempor\u00e4re Tattoos verwendet werden. Die kleinen Tattoos sind perfekt f\u00fcr das Gesicht oder die H\u00e4nde, k\u00f6nnen aber auch als Dekoration verwendet werden.  Bogengr\u00f6\u00dfe: A5 Anzahl der Tattoos: 7 gro\u00dfe, 6 kleine Gr\u00f6\u00dfe der gro\u00dfen Tattoos: ca. 5 cm Gr\u00f6\u00dfe der kleinen Tattoos: 2-2.5 cm\" \/>\n<meta property=\"og:url\" content=\"https:\/\/likeink.com\/de\/tatowierungen\/valentinstag-tattoos\/\" \/>\n<meta property=\"og:site_name\" content=\"Like ink\" \/>\n<meta property=\"article:publisher\" content=\"https:\/\/www.facebook.com\/LikeInkSe\" \/>\n<meta property=\"article:modified_time\" content=\"2026-05-08T11:44:11+00:00\" \/>\n<meta property=\"og:image\" content=\"https:\/\/likeink.com\/wp-content\/uploads\/2026\/05\/ValentinesDay-Tattoos-Likeink.jpg\" \/>\n\t<meta property=\"og:image:width\" content=\"1800\" \/>\n\t<meta property=\"og:image:height\" content=\"1268\" \/>\n\t<meta property=\"og:image:type\" content=\"image\/jpeg\" \/>\n<meta name=\"twitter:card\" content=\"summary_large_image\" \/>\n<meta name=\"twitter:label1\" content=\"Gesch\u00e4tzte Lesezeit\" \/>\n\t<meta name=\"twitter:data1\" content=\"1\u00a0Minute\" \/>\n<!-- \/ Yoast SEO Premium plugin. -->","yoast_head_json":{"title":"Valentinstag-Tattoos - Like ink","description":"Valentinstag-Tattoos mit Herzen, Rosen, Liebesbriefen, Ballons und romantischen Motiven. Sch\u00f6ne tempor\u00e4re Tattoos f\u00fcr Liebe und Feiern.","robots":{"index":"index","follow":"follow","max-snippet":"max-snippet:-1","max-image-preview":"max-image-preview:large","max-video-preview":"max-video-preview:-1"},"canonical":"https:\/\/likeink.com\/de\/tatowierungen\/valentinstag-tattoos\/","og_locale":"de_DE","og_type":"article","og_title":"Valentinstag-Tattoos","og_description":"Dieser Bogen enth\u00e4lt tempor\u00e4re Tattoos, die perfekt zum Valentinstag passen. Diese Tattoos eignen sich gut als Dekoration zum Valentinstag oder als Geschenk f\u00fcr deinen Partner. Die fertigen B\u00f6gen mit tempor\u00e4ren Tattoos von Like Ink sind etwa 20\u00d714 cm gro\u00df und enthalten die Motive, die auf dem Bild zu sehen sind. Wir drucken und versenden innerhalb von 24 Stunden nach deiner Bestellung. Die Tattoos sind stilvoll, hochwertig, einfach aufzutragen und leicht abzuwaschen. Like Ink h\u00e4lt sich an alle EU-Regeln f\u00fcr kosmetische Produkte, sodass du mit gutem Gef\u00fchl bestellen kannst.  Tempor\u00e4re Tattoos mit Herz- und Blumenmotiven zum Valentinstag Dieser Bogen enth\u00e4lt Herzen, Ballons, Briefe und Blumen.  Dieser Bogen enth\u00e4lt 7 gro\u00dfe tempor\u00e4re Tattoos. Er enth\u00e4lt au\u00dferdem 6 kleinere Tattoos. Die gro\u00dfen Tattoos eignen sich perfekt als Dekoration auf glatten Oberfl\u00e4chen und k\u00f6nnen auch auf dem K\u00f6rper als tempor\u00e4re Tattoos verwendet werden. Die kleinen Tattoos sind perfekt f\u00fcr das Gesicht oder die H\u00e4nde, k\u00f6nnen aber auch als Dekoration verwendet werden.  Bogengr\u00f6\u00dfe: A5 Anzahl der Tattoos: 7 gro\u00dfe, 6 kleine Gr\u00f6\u00dfe der gro\u00dfen Tattoos: ca. 5 cm Gr\u00f6\u00dfe der kleinen Tattoos: 2-2.5 cm","og_url":"https:\/\/likeink.com\/de\/tatowierungen\/valentinstag-tattoos\/","og_site_name":"Like ink","article_publisher":"https:\/\/www.facebook.com\/LikeInkSe","article_modified_time":"2026-05-08T11:44:11+00:00","og_image":[{"width":1800,"height":1268,"url":"https:\/\/likeink.com\/wp-content\/uploads\/2026\/05\/ValentinesDay-Tattoos-Likeink.jpg","type":"image\/jpeg"}],"twitter_card":"summary_large_image","twitter_misc":{"Gesch\u00e4tzte Lesezeit":"1\u00a0Minute"},"schema":{"@context":"https:\/\/schema.org","@graph":[{"@type":"WebPage","@id":"https:\/\/likeink.com\/de\/tatowierungen\/valentinstag-tattoos\/","url":"https:\/\/likeink.com\/de\/tatowierungen\/valentinstag-tattoos\/","name":"Valentinstag-Tattoos - Like ink","isPartOf":{"@id":"https:\/\/likeink.com\/de\/#website"},"primaryImageOfPage":{"@id":"https:\/\/likeink.com\/de\/tatowierungen\/valentinstag-tattoos\/#primaryimage"},"image":{"@id":"https:\/\/likeink.com\/de\/tatowierungen\/valentinstag-tattoos\/#primaryimage"},"thumbnailUrl":"https:\/\/likeink.com\/wp-content\/uploads\/2026\/05\/ValentinesDay-Tattoos-Likeink.jpg","datePublished":"2026-05-08T11:20:29+00:00","dateModified":"2026-05-08T11:44:11+00:00","description":"Valentinstag-Tattoos mit Herzen, Rosen, Liebesbriefen, Ballons und romantischen Motiven. Sch\u00f6ne tempor\u00e4re Tattoos f\u00fcr Liebe und Feiern.","breadcrumb":{"@id":"https:\/\/likeink.com\/de\/tatowierungen\/valentinstag-tattoos\/#breadcrumb"},"inLanguage":"de","potentialAction":[{"@type":"ReadAction","target":["https:\/\/likeink.com\/de\/tatowierungen\/valentinstag-tattoos\/"]}]},{"@type":"ImageObject","inLanguage":"de","@id":"https:\/\/likeink.com\/de\/tatowierungen\/valentinstag-tattoos\/#primaryimage","url":"https:\/\/likeink.com\/wp-content\/uploads\/2026\/05\/ValentinesDay-Tattoos-Likeink.jpg","contentUrl":"https:\/\/likeink.com\/wp-content\/uploads\/2026\/05\/ValentinesDay-Tattoos-Likeink.jpg","width":1800,"height":1268,"caption":"Eine Sammlung rosafarbener und roter Kritzeleien zum Thema Valentinstag, darunter Herzen, Luftballons, ein Liebesbrief, ein Blumenstrau\u00df, ein Teddyb\u00e4r, eine Rose, eine herzf\u00f6rmige Schachtel, ein Schloss, ein Pfeil und die Texte \"KISS ME\" und \"I LOVE YOU\"."},{"@type":"BreadcrumbList","@id":"https:\/\/likeink.com\/de\/tatowierungen\/valentinstag-tattoos\/#breadcrumb","itemListElement":[{"@type":"ListItem","position":1,"name":"Hem","item":"https:\/\/likeink.com\/de\/"},{"@type":"ListItem","position":2,"name":"Shop","item":"https:\/\/likeink.com\/de\/shop\/"},{"@type":"ListItem","position":3,"name":"Valentinstag-Tattoos"}]},{"@type":"WebSite","@id":"https:\/\/likeink.com\/de\/#website","url":"https:\/\/likeink.com\/de\/","name":"Like ink","description":"Gestalten Sie Ihre eigenen tempor\u00e4ren Tattoos","potentialAction":[{"@type":"SearchAction","target":{"@type":"EntryPoint","urlTemplate":"https:\/\/likeink.com\/de\/?s={search_term_string}"},"query-input":{"@type":"PropertyValueSpecification","valueRequired":true,"valueName":"search_term_string"}}],"inLanguage":"de"}]}},"_links":{"self":[{"href":"https:\/\/likeink.com\/de\/wp-json\/wp\/v2\/product\/64824","targetHints":{"allow":["GET"]}}],"collection":[{"href":"https:\/\/likeink.com\/de\/wp-json\/wp\/v2\/product"}],"about":[{"href":"https:\/\/likeink.com\/de\/wp-json\/wp\/v2\/types\/product"}],"wp:featuredmedia":[{"embeddable":true,"href":"https:\/\/likeink.com\/de\/wp-json\/wp\/v2\/media\/64721"}],"wp:attachment":[{"href":"https:\/\/likeink.com\/de\/wp-json\/wp\/v2\/media?parent=64824"}],"wp:term":[{"taxonomy":"product_brand","embeddable":true,"href":"https:\/\/likeink.com\/de\/wp-json\/wp\/v2\/product_brand?post=64824"},{"taxonomy":"product_cat","embeddable":true,"href":"https:\/\/likeink.com\/de\/wp-json\/wp\/v2\/product_cat?post=64824"},{"taxonomy":"product_tag","embeddable":true,"href":"https:\/\/likeink.com\/de\/wp-json\/wp\/v2\/product_tag?post=64824"}],"curies":[{"name":"wp","href":"https:\/\/api.w.org\/{rel}","templated":true}]}}