{"id":65114,"date":"2021-02-18T13:25:15","date_gmt":"2021-02-18T13:25:15","guid":{"rendered":"https:\/\/likeink.com\/gnuggisar\/flash-1-by-kain-at-zoi-tattoo\/"},"modified":"2026-05-12T11:18:03","modified_gmt":"2026-05-12T11:18:03","slug":"flash-pentagram-by-kain-toro-at-zoi-tattoo","status":"publish","type":"product","link":"https:\/\/likeink.com\/de\/tatowierungen\/flash-pentagram-by-kain-toro-at-zoi-tattoo\/","title":{"rendered":"Flash &#8220;Pentagram&#8221; von Kain Toro bei Zoi Tattoo"},"content":{"rendered":"","protected":false},"excerpt":{"rendered":"<p>Unsere fertigen B\u00f6gen mit tempor\u00e4ren Tattoos sind etwa 20\u00d715 cm gro\u00df und mit dem Design gef\u00fcllt, das du auf dem Bild siehst. Damit du zufrieden bist, drucken und versenden wir den Bogen innerhalb von 24 Stunden nach deiner Bestellung.<\/p>\n<h2>Tempor\u00e4re Tattoos von Kain<\/h2>\n<p>Dieser Bogen wurde vom talentierten T\u00e4towierer Kain Toro bei Zoi Tattoo entworfen.<\/p>\n<p><strong>Das ist Kain:<\/strong> Ein supertalentierter T\u00e4towierer aus Kolumbien, der bei Zoi Tattoo in Malm\u00f6, Schweden, arbeitet. Kain liebt Black and Grey, Totenk\u00f6pfe und Rock n Roll. Vor einigen Jahren hat Kain mir einen Anker auf den Unterarm t\u00e4towiert. Ich war beeindruckt davon, wie schnell er t\u00e4towierte, wie fein die Linien wurden und von seinem Gesp\u00fcr f\u00fcr Details.<br \/>\nWir freuen uns sehr, einige von Kains Designs als tempor\u00e4re Tattoos anbieten zu k\u00f6nnen!<\/p>\n<p><strong>Kontakt zu Kain:<\/strong><\/p>\n<p><strong>Instagram:<\/strong><\/p>\n<p>@6kain6<\/p>\n<p><strong>Studio:<\/strong><\/p>\n<p>Zoi Tattoo<\/p>\n<p><strong>Adresse:<\/strong><\/p>\n<p>Stora Nygatan 42, MALM\u00d6<\/p>\n<p><strong>Webseite:<\/strong> https:\/\/www.zoitattoo.com<\/p>\n","protected":false},"featured_media":4732,"template":"","meta":[],"product_brand":[],"product_cat":[55,503],"product_tag":[],"class_list":{"0":"post-65114","1":"product","2":"type-product","3":"status-publish","4":"has-post-thumbnail","6":"product_cat-fertige-boegen","7":"product_cat-kooperationen-mit-taetowierern","9":"first","10":"instock","11":"taxable","12":"shipping-taxable","13":"purchasable","14":"product-type-simple"},"yoast_head":"<!-- This site is optimized with the Yoast SEO Premium plugin v27.5 (Yoast SEO v27.6) - https:\/\/yoast.com\/product\/yoast-seo-premium-wordpress\/ -->\n<title>Flash &quot;Pentagram&quot; von Kain Toro bei Zoi Tattoo<\/title>\n<meta name=\"description\" content=\"Pentagramm-Tattoo: Fake-Tattoos-Flash-Sheet mit Design von Kain bei Zoi Ink. A5-Bogen f\u00fcr 98 kr, schnelle Lieferung.- Like ink\" \/>\n<meta name=\"robots\" content=\"index, follow, max-snippet:-1, max-image-preview:large, max-video-preview:-1\" \/>\n<link rel=\"canonical\" href=\"https:\/\/likeink.com\/de\/tatowierungen\/flash-pentagram-by-kain-toro-at-zoi-tattoo\/\" \/>\n<meta property=\"og:locale\" content=\"de_DE\" \/>\n<meta property=\"og:type\" content=\"article\" \/>\n<meta property=\"og:title\" content=\"Flash &quot;Pentagram&quot; von Kain Toro bei Zoi Tattoo\" \/>\n<meta property=\"og:description\" content=\"Unsere fertigen B\u00f6gen mit tempor\u00e4ren Tattoos sind etwa 20\u00d715 cm gro\u00df und mit dem Design gef\u00fcllt, das du auf dem Bild siehst. Damit du zufrieden bist, drucken und versenden wir den Bogen innerhalb von 24 Stunden nach deiner Bestellung. Tempor\u00e4re Tattoos von Kain Dieser Bogen wurde vom talentierten T\u00e4towierer Kain Toro bei Zoi Tattoo entworfen.  Das ist Kain: Ein supertalentierter T\u00e4towierer aus Kolumbien, der bei Zoi Tattoo in Malm\u00f6, Schweden, arbeitet. Kain liebt Black and Grey, Totenk\u00f6pfe und Rock n Roll. Vor einigen Jahren hat Kain mir einen Anker auf den Unterarm t\u00e4towiert. Ich war beeindruckt davon, wie schnell er t\u00e4towierte, wie fein die Linien wurden und von seinem Gesp\u00fcr f\u00fcr Details. Wir freuen uns sehr, einige von Kains Designs als tempor\u00e4re Tattoos anbieten zu k\u00f6nnen!  Kontakt zu Kain:  Instagram:  @6kain6  Studio:  Zoi Tattoo  Adresse:  Stora Nygatan 42, MALM\u00d6  Webseite: https:\/\/www.zoitattoo.com\" \/>\n<meta property=\"og:url\" content=\"https:\/\/likeink.com\/de\/tatowierungen\/flash-pentagram-by-kain-toro-at-zoi-tattoo\/\" \/>\n<meta property=\"og:site_name\" content=\"Like ink\" \/>\n<meta property=\"article:publisher\" content=\"https:\/\/www.facebook.com\/LikeInkSe\" \/>\n<meta property=\"article:modified_time\" content=\"2026-05-12T11:18:03+00:00\" \/>\n<meta property=\"og:image\" content=\"https:\/\/likeink.com\/wp-content\/uploads\/2021\/02\/Kain4-TRYCK-e1613654184334.jpg\" \/>\n\t<meta property=\"og:image:width\" content=\"1135\" \/>\n\t<meta property=\"og:image:height\" content=\"800\" \/>\n\t<meta property=\"og:image:type\" content=\"image\/jpeg\" \/>\n<meta name=\"twitter:card\" content=\"summary_large_image\" \/>\n<meta name=\"twitter:label1\" content=\"Gesch\u00e4tzte Lesezeit\" \/>\n\t<meta name=\"twitter:data1\" content=\"1\u00a0Minute\" \/>\n<!-- \/ Yoast SEO Premium plugin. -->","yoast_head_json":{"title":"Flash \"Pentagram\" von Kain Toro bei Zoi Tattoo","description":"Pentagramm-Tattoo: Fake-Tattoos-Flash-Sheet mit Design von Kain bei Zoi Ink. A5-Bogen f\u00fcr 98 kr, schnelle Lieferung.- Like ink","robots":{"index":"index","follow":"follow","max-snippet":"max-snippet:-1","max-image-preview":"max-image-preview:large","max-video-preview":"max-video-preview:-1"},"canonical":"https:\/\/likeink.com\/de\/tatowierungen\/flash-pentagram-by-kain-toro-at-zoi-tattoo\/","og_locale":"de_DE","og_type":"article","og_title":"Flash \"Pentagram\" von Kain Toro bei Zoi Tattoo","og_description":"Unsere fertigen B\u00f6gen mit tempor\u00e4ren Tattoos sind etwa 20\u00d715 cm gro\u00df und mit dem Design gef\u00fcllt, das du auf dem Bild siehst. Damit du zufrieden bist, drucken und versenden wir den Bogen innerhalb von 24 Stunden nach deiner Bestellung. Tempor\u00e4re Tattoos von Kain Dieser Bogen wurde vom talentierten T\u00e4towierer Kain Toro bei Zoi Tattoo entworfen.  Das ist Kain: Ein supertalentierter T\u00e4towierer aus Kolumbien, der bei Zoi Tattoo in Malm\u00f6, Schweden, arbeitet. Kain liebt Black and Grey, Totenk\u00f6pfe und Rock n Roll. Vor einigen Jahren hat Kain mir einen Anker auf den Unterarm t\u00e4towiert. Ich war beeindruckt davon, wie schnell er t\u00e4towierte, wie fein die Linien wurden und von seinem Gesp\u00fcr f\u00fcr Details. Wir freuen uns sehr, einige von Kains Designs als tempor\u00e4re Tattoos anbieten zu k\u00f6nnen!  Kontakt zu Kain:  Instagram:  @6kain6  Studio:  Zoi Tattoo  Adresse:  Stora Nygatan 42, MALM\u00d6  Webseite: https:\/\/www.zoitattoo.com","og_url":"https:\/\/likeink.com\/de\/tatowierungen\/flash-pentagram-by-kain-toro-at-zoi-tattoo\/","og_site_name":"Like ink","article_publisher":"https:\/\/www.facebook.com\/LikeInkSe","article_modified_time":"2026-05-12T11:18:03+00:00","og_image":[{"width":1135,"height":800,"url":"https:\/\/likeink.com\/wp-content\/uploads\/2021\/02\/Kain4-TRYCK-e1613654184334.jpg","type":"image\/jpeg"}],"twitter_card":"summary_large_image","twitter_misc":{"Gesch\u00e4tzte Lesezeit":"1\u00a0Minute"},"schema":{"@context":"https:\/\/schema.org","@graph":[{"@type":"WebPage","@id":"https:\/\/likeink.com\/de\/tatowierungen\/flash-pentagram-by-kain-toro-at-zoi-tattoo\/","url":"https:\/\/likeink.com\/de\/tatowierungen\/flash-pentagram-by-kain-toro-at-zoi-tattoo\/","name":"Flash \"Pentagram\" von Kain Toro bei Zoi Tattoo","isPartOf":{"@id":"https:\/\/likeink.com\/de\/#website"},"primaryImageOfPage":{"@id":"https:\/\/likeink.com\/de\/tatowierungen\/flash-pentagram-by-kain-toro-at-zoi-tattoo\/#primaryimage"},"image":{"@id":"https:\/\/likeink.com\/de\/tatowierungen\/flash-pentagram-by-kain-toro-at-zoi-tattoo\/#primaryimage"},"thumbnailUrl":"https:\/\/likeink.com\/wp-content\/uploads\/2021\/02\/Kain4-TRYCK-e1613654184334.jpg","datePublished":"2021-02-18T13:25:15+00:00","dateModified":"2026-05-12T11:18:03+00:00","description":"Pentagramm-Tattoo: Fake-Tattoos-Flash-Sheet mit Design von Kain bei Zoi Ink. A5-Bogen f\u00fcr 98 kr, schnelle Lieferung.- Like ink","breadcrumb":{"@id":"https:\/\/likeink.com\/de\/tatowierungen\/flash-pentagram-by-kain-toro-at-zoi-tattoo\/#breadcrumb"},"inLanguage":"de","potentialAction":[{"@type":"ReadAction","target":["https:\/\/likeink.com\/de\/tatowierungen\/flash-pentagram-by-kain-toro-at-zoi-tattoo\/"]}]},{"@type":"ImageObject","inLanguage":"de","@id":"https:\/\/likeink.com\/de\/tatowierungen\/flash-pentagram-by-kain-toro-at-zoi-tattoo\/#primaryimage","url":"https:\/\/likeink.com\/wp-content\/uploads\/2021\/02\/Kain4-TRYCK-e1613654184334.jpg","contentUrl":"https:\/\/likeink.com\/wp-content\/uploads\/2021\/02\/Kain4-TRYCK-e1613654184334.jpg","width":1135,"height":800,"caption":"Tattoo designs by Kan Toro."},{"@type":"BreadcrumbList","@id":"https:\/\/likeink.com\/de\/tatowierungen\/flash-pentagram-by-kain-toro-at-zoi-tattoo\/#breadcrumb","itemListElement":[{"@type":"ListItem","position":1,"name":"Hem","item":"https:\/\/likeink.com\/de\/"},{"@type":"ListItem","position":2,"name":"Shop","item":"https:\/\/likeink.com\/de\/shop\/"},{"@type":"ListItem","position":3,"name":"Flash &#8220;Pentagram&#8221; von Kain Toro bei Zoi Tattoo"}]},{"@type":"WebSite","@id":"https:\/\/likeink.com\/de\/#website","url":"https:\/\/likeink.com\/de\/","name":"Like ink","description":"Gestalten Sie Ihre eigenen tempor\u00e4ren Tattoos","potentialAction":[{"@type":"SearchAction","target":{"@type":"EntryPoint","urlTemplate":"https:\/\/likeink.com\/de\/?s={search_term_string}"},"query-input":{"@type":"PropertyValueSpecification","valueRequired":true,"valueName":"search_term_string"}}],"inLanguage":"de"}]}},"_links":{"self":[{"href":"https:\/\/likeink.com\/de\/wp-json\/wp\/v2\/product\/65114","targetHints":{"allow":["GET"]}}],"collection":[{"href":"https:\/\/likeink.com\/de\/wp-json\/wp\/v2\/product"}],"about":[{"href":"https:\/\/likeink.com\/de\/wp-json\/wp\/v2\/types\/product"}],"wp:featuredmedia":[{"embeddable":true,"href":"https:\/\/likeink.com\/de\/wp-json\/wp\/v2\/media\/4732"}],"wp:attachment":[{"href":"https:\/\/likeink.com\/de\/wp-json\/wp\/v2\/media?parent=65114"}],"wp:term":[{"taxonomy":"product_brand","embeddable":true,"href":"https:\/\/likeink.com\/de\/wp-json\/wp\/v2\/product_brand?post=65114"},{"taxonomy":"product_cat","embeddable":true,"href":"https:\/\/likeink.com\/de\/wp-json\/wp\/v2\/product_cat?post=65114"},{"taxonomy":"product_tag","embeddable":true,"href":"https:\/\/likeink.com\/de\/wp-json\/wp\/v2\/product_tag?post=65114"}],"curies":[{"name":"wp","href":"https:\/\/api.w.org\/{rel}","templated":true}]}}