{"id":7092,"date":"2021-10-08T12:53:28","date_gmt":"2021-10-08T12:53:28","guid":{"rendered":"https:\/\/likeink.se\/produkt\/flash-6-by-helene-at-studio-black\/"},"modified":"2024-02-14T16:09:37","modified_gmt":"2024-02-14T16:09:37","slug":"symbol-tattoos-by-helene-at-studio-black","status":"publish","type":"product","link":"https:\/\/likeink.com\/de\/tatowierungen\/symbol-tattoos-by-helene-at-studio-black\/","title":{"rendered":"Flash &#8222;Symbols&#8220; by Hel\u00e9ne at Studio Bl\u00e4ck"},"content":{"rendered":"","protected":false},"excerpt":{"rendered":"<p>Our finished disposable sheets with fake tattoos are approximately 20\u00d715 cm large and filled with the design you see in the picture.o ensure your satisfaction, we will print and send the sheet within 24 hours after you have ordered. This sheet is designed by the talented tattoo artist Hel\u00e9ne at Studio Bl\u00e4ck.<\/p>\n<p>This is Hel\u00e9ne: Tattoo artist from Sweden, who LOVEs tattoos and tattooing. The process of making the idea\u2019s of my client into a tattoo is the most inspirational way of creating art. Because of this, I tattoo all styles. From bold line Old-School to Photo Realism. What fits my client\u2019s vision, personality and style. When it comes to small tattoos I like simple designs with a nice flow. Classic fine lines and maybe a dash of colour. The beauty lies in the small details in life. As in tattoos. I hope you enjoy these tattoo flash-sheets. And feel free to hashtag Like Ink and me when you post your temporary tattoos on social media. I hope to see you at Studio Bl\u00e4ck in the enchanting forest\u2019s of V\u00e4rmland.<\/p>\n<p>Get in touch with Hel\u00e9ne:<\/p>\n<p>Instagram:<\/p>\n<p>helene_studioblack<\/p>\n<p>Facebook:<\/p>\n<p>Facebook.com\/studioblack.forshaga<\/p>\n<p>Studio:<\/p>\n<p>Studio Bl\u00e4ck<\/p>\n<p>Adress:<\/p>\n<p>Storgatan 33, 667 30 FORSHAGA<\/p>\n<p>Hemsida: studioblack.se<\/p>\n","protected":false},"featured_media":7087,"template":"","meta":[],"product_brand":[],"product_cat":[55,172],"product_tag":[],"class_list":{"0":"post-7092","1":"product","2":"type-product","3":"status-publish","4":"has-post-thumbnail","6":"product_cat-fertige-boegen","7":"product_cat-zusammenarbeit-mit-taetowierern","9":"first","10":"instock","11":"taxable","12":"shipping-taxable","13":"purchasable","14":"product-type-simple"},"yoast_head":"<!-- This site is optimized with the Yoast SEO Premium plugin v26.2 (Yoast SEO v27.4) - https:\/\/yoast.com\/product\/yoast-seo-premium-wordpress\/ -->\n<title>Symbol-Tattoos: Fake-Tattoos, gef\u00fcllt mit verschiedenen Symbolen - Like ink<\/title>\n<meta name=\"description\" content=\"Symbol-Tattoos: Tattoos, die von dem T\u00e4towierer Studio Bl\u00e4ck Tattoo entworfen wurden. Realistische und stilvolle Fake-Tattoos - Like ink\" \/>\n<meta name=\"robots\" content=\"index, follow, max-snippet:-1, max-image-preview:large, max-video-preview:-1\" \/>\n<link rel=\"canonical\" href=\"https:\/\/likeink.com\/de\/tatowierungen\/symbol-tattoos-by-helene-at-studio-black\/\" \/>\n<meta property=\"og:locale\" content=\"de_DE\" \/>\n<meta property=\"og:type\" content=\"article\" \/>\n<meta property=\"og:title\" content=\"Flash &quot;Symbols&quot; by Hel\u00e9ne at Studio Bl\u00e4ck\" \/>\n<meta property=\"og:description\" content=\"Our finished disposable sheets with fake tattoos are approximately 20\u00d715 cm large and filled with the design you see in the picture.o ensure your satisfaction, we will print and send the sheet within 24 hours after you have ordered. This sheet is designed by the talented tattoo artist Hel\u00e9ne at Studio Bl\u00e4ck.  This is Hel\u00e9ne: Tattoo artist from Sweden, who LOVEs tattoos and tattooing. The process of making the idea\u2019s of my client into a tattoo is the most inspirational way of creating art. Because of this, I tattoo all styles. From bold line Old-School to Photo Realism. What fits my client\u2019s vision, personality and style. When it comes to small tattoos I like simple designs with a nice flow. Classic fine lines and maybe a dash of colour. The beauty lies in the small details in life. As in tattoos. I hope you enjoy these tattoo flash-sheets. And feel free to hashtag Like Ink and me when you post your temporary tattoos on social media. I hope to see you at Studio Bl\u00e4ck in the enchanting forest\u2019s of V\u00e4rmland.  Get in touch with Hel\u00e9ne:  Instagram:  helene_studioblack  Facebook:  Facebook.com\/studioblack.forshaga  Studio:  Studio Bl\u00e4ck  Adress:  Storgatan 33, 667 30 FORSHAGA  Hemsida: studioblack.se\" \/>\n<meta property=\"og:url\" content=\"https:\/\/likeink.com\/de\/tatowierungen\/symbol-tattoos-by-helene-at-studio-black\/\" \/>\n<meta property=\"og:site_name\" content=\"Like ink\" \/>\n<meta property=\"article:publisher\" content=\"https:\/\/www.facebook.com\/LikeInkSe\" \/>\n<meta property=\"article:modified_time\" content=\"2024-02-14T16:09:37+00:00\" \/>\n<meta property=\"og:image\" content=\"https:\/\/likeink.com\/wp-content\/uploads\/2021\/10\/Flash6-StudioBlack-scaled-e1642702388142.jpg\" \/>\n\t<meta property=\"og:image:width\" content=\"800\" \/>\n\t<meta property=\"og:image:height\" content=\"566\" \/>\n\t<meta property=\"og:image:type\" content=\"image\/jpeg\" \/>\n<meta name=\"twitter:card\" content=\"summary_large_image\" \/>\n<script type=\"application\/ld+json\" class=\"yoast-schema-graph\">{\"@context\":\"https:\\\/\\\/schema.org\",\"@graph\":[{\"@type\":\"WebPage\",\"@id\":\"https:\\\/\\\/likeink.com\\\/de\\\/tatowierungen\\\/symbol-tattoos-by-helene-at-studio-black\\\/\",\"url\":\"https:\\\/\\\/likeink.com\\\/de\\\/tatowierungen\\\/symbol-tattoos-by-helene-at-studio-black\\\/\",\"name\":\"Symbol-Tattoos: Fake-Tattoos, gef\u00fcllt mit verschiedenen Symbolen - Like ink\",\"isPartOf\":{\"@id\":\"https:\\\/\\\/likeink.com\\\/de\\\/#website\"},\"primaryImageOfPage\":{\"@id\":\"https:\\\/\\\/likeink.com\\\/de\\\/tatowierungen\\\/symbol-tattoos-by-helene-at-studio-black\\\/#primaryimage\"},\"image\":{\"@id\":\"https:\\\/\\\/likeink.com\\\/de\\\/tatowierungen\\\/symbol-tattoos-by-helene-at-studio-black\\\/#primaryimage\"},\"thumbnailUrl\":\"https:\\\/\\\/likeink.com\\\/wp-content\\\/uploads\\\/2021\\\/10\\\/Flash6-StudioBlack-scaled-e1642702388142.jpg\",\"datePublished\":\"2021-10-08T12:53:28+00:00\",\"dateModified\":\"2024-02-14T16:09:37+00:00\",\"description\":\"Symbol-Tattoos: Tattoos, die von dem T\u00e4towierer Studio Bl\u00e4ck Tattoo entworfen wurden. Realistische und stilvolle Fake-Tattoos - Like ink\",\"breadcrumb\":{\"@id\":\"https:\\\/\\\/likeink.com\\\/de\\\/tatowierungen\\\/symbol-tattoos-by-helene-at-studio-black\\\/#breadcrumb\"},\"inLanguage\":\"de\",\"potentialAction\":[{\"@type\":\"ReadAction\",\"target\":[\"https:\\\/\\\/likeink.com\\\/de\\\/tatowierungen\\\/symbol-tattoos-by-helene-at-studio-black\\\/\"]}]},{\"@type\":\"ImageObject\",\"inLanguage\":\"de\",\"@id\":\"https:\\\/\\\/likeink.com\\\/de\\\/tatowierungen\\\/symbol-tattoos-by-helene-at-studio-black\\\/#primaryimage\",\"url\":\"https:\\\/\\\/likeink.com\\\/wp-content\\\/uploads\\\/2021\\\/10\\\/Flash6-StudioBlack-scaled-e1642702388142.jpg\",\"contentUrl\":\"https:\\\/\\\/likeink.com\\\/wp-content\\\/uploads\\\/2021\\\/10\\\/Flash6-StudioBlack-scaled-e1642702388142.jpg\",\"width\":800,\"height\":566,\"caption\":\"Falsche Tattoos mit verschiedenen Motiven. Falsche T\u00e4towierung Drache, Rose, Blume.\"},{\"@type\":\"BreadcrumbList\",\"@id\":\"https:\\\/\\\/likeink.com\\\/de\\\/tatowierungen\\\/symbol-tattoos-by-helene-at-studio-black\\\/#breadcrumb\",\"itemListElement\":[{\"@type\":\"ListItem\",\"position\":1,\"name\":\"Hem\",\"item\":\"https:\\\/\\\/likeink.com\\\/de\\\/\"},{\"@type\":\"ListItem\",\"position\":2,\"name\":\"Shop\",\"item\":\"https:\\\/\\\/likeink.com\\\/de\\\/shop\\\/\"},{\"@type\":\"ListItem\",\"position\":3,\"name\":\"Flash &#8222;Symbols&#8220; by Hel\u00e9ne at Studio Bl\u00e4ck\"}]},{\"@type\":\"WebSite\",\"@id\":\"https:\\\/\\\/likeink.com\\\/de\\\/#website\",\"url\":\"https:\\\/\\\/likeink.com\\\/de\\\/\",\"name\":\"Like ink\",\"description\":\"Gestalten Sie Ihre eigenen tempor\u00e4ren Tattoos\",\"potentialAction\":[{\"@type\":\"SearchAction\",\"target\":{\"@type\":\"EntryPoint\",\"urlTemplate\":\"https:\\\/\\\/likeink.com\\\/de\\\/?s={search_term_string}\"},\"query-input\":{\"@type\":\"PropertyValueSpecification\",\"valueRequired\":true,\"valueName\":\"search_term_string\"}}],\"inLanguage\":\"de\"}]}<\/script>\n<!-- \/ Yoast SEO Premium plugin. -->","yoast_head_json":{"title":"Symbol-Tattoos: Fake-Tattoos, gef\u00fcllt mit verschiedenen Symbolen - Like ink","description":"Symbol-Tattoos: Tattoos, die von dem T\u00e4towierer Studio Bl\u00e4ck Tattoo entworfen wurden. Realistische und stilvolle Fake-Tattoos - Like ink","robots":{"index":"index","follow":"follow","max-snippet":"max-snippet:-1","max-image-preview":"max-image-preview:large","max-video-preview":"max-video-preview:-1"},"canonical":"https:\/\/likeink.com\/de\/tatowierungen\/symbol-tattoos-by-helene-at-studio-black\/","og_locale":"de_DE","og_type":"article","og_title":"Flash \"Symbols\" by Hel\u00e9ne at Studio Bl\u00e4ck","og_description":"Our finished disposable sheets with fake tattoos are approximately 20\u00d715 cm large and filled with the design you see in the picture.o ensure your satisfaction, we will print and send the sheet within 24 hours after you have ordered. This sheet is designed by the talented tattoo artist Hel\u00e9ne at Studio Bl\u00e4ck.  This is Hel\u00e9ne: Tattoo artist from Sweden, who LOVEs tattoos and tattooing. The process of making the idea\u2019s of my client into a tattoo is the most inspirational way of creating art. Because of this, I tattoo all styles. From bold line Old-School to Photo Realism. What fits my client\u2019s vision, personality and style. When it comes to small tattoos I like simple designs with a nice flow. Classic fine lines and maybe a dash of colour. The beauty lies in the small details in life. As in tattoos. I hope you enjoy these tattoo flash-sheets. And feel free to hashtag Like Ink and me when you post your temporary tattoos on social media. I hope to see you at Studio Bl\u00e4ck in the enchanting forest\u2019s of V\u00e4rmland.  Get in touch with Hel\u00e9ne:  Instagram:  helene_studioblack  Facebook:  Facebook.com\/studioblack.forshaga  Studio:  Studio Bl\u00e4ck  Adress:  Storgatan 33, 667 30 FORSHAGA  Hemsida: studioblack.se","og_url":"https:\/\/likeink.com\/de\/tatowierungen\/symbol-tattoos-by-helene-at-studio-black\/","og_site_name":"Like ink","article_publisher":"https:\/\/www.facebook.com\/LikeInkSe","article_modified_time":"2024-02-14T16:09:37+00:00","og_image":[{"width":800,"height":566,"url":"https:\/\/likeink.com\/wp-content\/uploads\/2021\/10\/Flash6-StudioBlack-scaled-e1642702388142.jpg","type":"image\/jpeg"}],"twitter_card":"summary_large_image","schema":{"@context":"https:\/\/schema.org","@graph":[{"@type":"WebPage","@id":"https:\/\/likeink.com\/de\/tatowierungen\/symbol-tattoos-by-helene-at-studio-black\/","url":"https:\/\/likeink.com\/de\/tatowierungen\/symbol-tattoos-by-helene-at-studio-black\/","name":"Symbol-Tattoos: Fake-Tattoos, gef\u00fcllt mit verschiedenen Symbolen - Like ink","isPartOf":{"@id":"https:\/\/likeink.com\/de\/#website"},"primaryImageOfPage":{"@id":"https:\/\/likeink.com\/de\/tatowierungen\/symbol-tattoos-by-helene-at-studio-black\/#primaryimage"},"image":{"@id":"https:\/\/likeink.com\/de\/tatowierungen\/symbol-tattoos-by-helene-at-studio-black\/#primaryimage"},"thumbnailUrl":"https:\/\/likeink.com\/wp-content\/uploads\/2021\/10\/Flash6-StudioBlack-scaled-e1642702388142.jpg","datePublished":"2021-10-08T12:53:28+00:00","dateModified":"2024-02-14T16:09:37+00:00","description":"Symbol-Tattoos: Tattoos, die von dem T\u00e4towierer Studio Bl\u00e4ck Tattoo entworfen wurden. Realistische und stilvolle Fake-Tattoos - Like ink","breadcrumb":{"@id":"https:\/\/likeink.com\/de\/tatowierungen\/symbol-tattoos-by-helene-at-studio-black\/#breadcrumb"},"inLanguage":"de","potentialAction":[{"@type":"ReadAction","target":["https:\/\/likeink.com\/de\/tatowierungen\/symbol-tattoos-by-helene-at-studio-black\/"]}]},{"@type":"ImageObject","inLanguage":"de","@id":"https:\/\/likeink.com\/de\/tatowierungen\/symbol-tattoos-by-helene-at-studio-black\/#primaryimage","url":"https:\/\/likeink.com\/wp-content\/uploads\/2021\/10\/Flash6-StudioBlack-scaled-e1642702388142.jpg","contentUrl":"https:\/\/likeink.com\/wp-content\/uploads\/2021\/10\/Flash6-StudioBlack-scaled-e1642702388142.jpg","width":800,"height":566,"caption":"Falsche Tattoos mit verschiedenen Motiven. Falsche T\u00e4towierung Drache, Rose, Blume."},{"@type":"BreadcrumbList","@id":"https:\/\/likeink.com\/de\/tatowierungen\/symbol-tattoos-by-helene-at-studio-black\/#breadcrumb","itemListElement":[{"@type":"ListItem","position":1,"name":"Hem","item":"https:\/\/likeink.com\/de\/"},{"@type":"ListItem","position":2,"name":"Shop","item":"https:\/\/likeink.com\/de\/shop\/"},{"@type":"ListItem","position":3,"name":"Flash &#8222;Symbols&#8220; by Hel\u00e9ne at Studio Bl\u00e4ck"}]},{"@type":"WebSite","@id":"https:\/\/likeink.com\/de\/#website","url":"https:\/\/likeink.com\/de\/","name":"Like ink","description":"Gestalten Sie Ihre eigenen tempor\u00e4ren Tattoos","potentialAction":[{"@type":"SearchAction","target":{"@type":"EntryPoint","urlTemplate":"https:\/\/likeink.com\/de\/?s={search_term_string}"},"query-input":{"@type":"PropertyValueSpecification","valueRequired":true,"valueName":"search_term_string"}}],"inLanguage":"de"}]}},"_links":{"self":[{"href":"https:\/\/likeink.com\/de\/wp-json\/wp\/v2\/product\/7092","targetHints":{"allow":["GET"]}}],"collection":[{"href":"https:\/\/likeink.com\/de\/wp-json\/wp\/v2\/product"}],"about":[{"href":"https:\/\/likeink.com\/de\/wp-json\/wp\/v2\/types\/product"}],"wp:featuredmedia":[{"embeddable":true,"href":"https:\/\/likeink.com\/de\/wp-json\/wp\/v2\/media\/7087"}],"wp:attachment":[{"href":"https:\/\/likeink.com\/de\/wp-json\/wp\/v2\/media?parent=7092"}],"wp:term":[{"taxonomy":"product_brand","embeddable":true,"href":"https:\/\/likeink.com\/de\/wp-json\/wp\/v2\/product_brand?post=7092"},{"taxonomy":"product_cat","embeddable":true,"href":"https:\/\/likeink.com\/de\/wp-json\/wp\/v2\/product_cat?post=7092"},{"taxonomy":"product_tag","embeddable":true,"href":"https:\/\/likeink.com\/de\/wp-json\/wp\/v2\/product_tag?post=7092"}],"curies":[{"name":"wp","href":"https:\/\/api.w.org\/{rel}","templated":true}]}}