{"id":7858,"date":"2021-10-07T05:13:50","date_gmt":"2021-10-07T05:13:50","guid":{"rendered":"https:\/\/likeink.se\/produkt\/halloween-ghost-by-akkas-tattoo\/"},"modified":"2026-03-17T12:10:41","modified_gmt":"2026-03-17T12:10:41","slug":"halloween-gespenster-studio-by-akka-a5","status":"publish","type":"product","link":"https:\/\/likeink.com\/de\/tatowierungen\/halloween-gespenster-studio-by-akka-a5\/","title":{"rendered":"Halloween \u201eGespenster\u201c Studio by Akka"},"content":{"rendered":"","protected":false},"excerpt":{"rendered":"<p>Our finished disposable sheets with fake tattoos are approximately 20\u00d715 cm large and filled with the design you see in the picture.o ensure your satisfaction, we will print and send the sheet within 24 hours after you have ordered. This sheet is designed by the talented tattoo Annica at Akkas Tattoo.<\/p>\n<p>Bestellen Sie tempor\u00e4re Tattoos mit Geistern, gezeichnet vom T\u00e4towierer Akka von Studio by Akka. Bestellen Sie gruselige Fake Tattoos f\u00fcr Halloween! <\/p>\n<p>This is Annica: I have always loved to draw and work with my hands.<br \/>\nThe dream of becoming a tattoo artist grew stronger for each year, until I finally decided to take the big step and open my own shop. I\u2019m completely self-thaught and have worked hard to get to where I\u2019m today. I have been a tattoo artist for almost eight years now and I love my job. I\u2019m participating at several tattoo conventions each year. In 2018 I won my first price in a tattoo competition and in 2019 I got sponsorship from IQ Tattoocare and Supply-division Denmark.<br \/>\nWhat I like to tattoo the most is all different kinds of designs in color in styles like avantgarde, trash polka and watercolor. But I don\u2019t want to be limoted so therefore I\u2019m tattooing almost everything. If you want to know more about me and see my work then check out the links.<\/p>\n<p>Get in touch with Annica:<\/p>\n<p>Instagram<br \/>\nakkas_tattoo<\/p>\n<p>Facebook:<br \/>\nAkkas Tattoo<\/p>\n<p>Studio:<br \/>\nAkkas Tattoo<br \/>\nAdress:<\/p>\n<p>S\u00f6dra J\u00e4rnv\u00e4gsgatan 27 i Vinsl\u00f6v<br \/>\nWeb: www.akkastattoo.se<\/p>\n","protected":false},"featured_media":60315,"template":"","meta":[],"product_brand":[],"product_cat":[55,516],"product_tag":[],"class_list":{"0":"post-7858","1":"product","2":"type-product","3":"status-publish","4":"has-post-thumbnail","6":"product_cat-fertige-boegen","7":"product_cat-kostuem-saison","9":"first","10":"instock","11":"taxable","12":"shipping-taxable","13":"purchasable","14":"product-type-simple"},"yoast_head":"<!-- This site is optimized with the Yoast SEO Premium plugin v26.2 (Yoast SEO v27.5) - https:\/\/yoast.com\/product\/yoast-seo-premium-wordpress\/ -->\n<title>Halloween tempor\u00e4re Tattoos Gespenster Studio by Akka - Like ink<\/title>\n<meta name=\"description\" content=\"Bestellen Sie tempor\u00e4re Tattoos mit Geistern, gezeichnet vom T\u00e4towierer Akka von Studio by Akka. Bestellen Sie gruselige Fake Tattoos f\u00fcr Halloween!\" \/>\n<meta name=\"robots\" content=\"index, follow, max-snippet:-1, max-image-preview:large, max-video-preview:-1\" \/>\n<link rel=\"canonical\" href=\"https:\/\/likeink.com\/de\/tatowierungen\/halloween-gespenster-studio-by-akka-a5\/\" \/>\n<meta property=\"og:locale\" content=\"de_DE\" \/>\n<meta property=\"og:type\" content=\"article\" \/>\n<meta property=\"og:title\" content=\"Halloween \u201eGespenster\u201c Studio by Akka\" \/>\n<meta property=\"og:description\" content=\"Our finished disposable sheets with fake tattoos are approximately 20\u00d715 cm large and filled with the design you see in the picture.o ensure your satisfaction, we will print and send the sheet within 24 hours after you have ordered. This sheet is designed by the talented tattoo Annica at Akkas Tattoo.  Bestellen Sie tempor\u00e4re Tattoos mit Geistern, gezeichnet vom T\u00e4towierer Akka von Studio by Akka. Bestellen Sie gruselige Fake Tattoos f\u00fcr Halloween!   This is Annica: I have always loved to draw and work with my hands. The dream of becoming a tattoo artist grew stronger for each year, until I finally decided to take the big step and open my own shop. I\u2019m completely self-thaught and have worked hard to get to where I\u2019m today. I have been a tattoo artist for almost eight years now and I love my job. I\u2019m participating at several tattoo conventions each year. In 2018 I won my first price in a tattoo competition and in 2019 I got sponsorship from IQ Tattoocare and Supply-division Denmark. What I like to tattoo the most is all different kinds of designs in color in styles like avantgarde, trash polka and watercolor. But I don\u2019t want to be limoted so therefore I\u2019m tattooing almost everything. If you want to know more about me and see my work then check out the links.  Get in touch with Annica:  Instagram akkas_tattoo  Facebook: Akkas Tattoo  Studio: Akkas Tattoo Adress:  S\u00f6dra J\u00e4rnv\u00e4gsgatan 27 i Vinsl\u00f6v Web: www.akkastattoo.se\" \/>\n<meta property=\"og:url\" content=\"https:\/\/likeink.com\/de\/tatowierungen\/halloween-gespenster-studio-by-akka-a5\/\" \/>\n<meta property=\"og:site_name\" content=\"Like ink\" \/>\n<meta property=\"article:publisher\" content=\"https:\/\/www.facebook.com\/LikeInkSe\" \/>\n<meta property=\"article:modified_time\" content=\"2026-03-17T12:10:41+00:00\" \/>\n<meta property=\"og:image\" content=\"https:\/\/likeink.com\/wp-content\/uploads\/2021\/10\/HAlloween-AKKA-GHOST-1536x1086-1.png\" \/>\n\t<meta property=\"og:image:width\" content=\"1536\" \/>\n\t<meta property=\"og:image:height\" content=\"1086\" \/>\n\t<meta property=\"og:image:type\" content=\"image\/png\" \/>\n<meta name=\"twitter:card\" content=\"summary_large_image\" \/>\n<!-- \/ Yoast SEO Premium plugin. -->","yoast_head_json":{"title":"Halloween tempor\u00e4re Tattoos Gespenster Studio by Akka - Like ink","description":"Bestellen Sie tempor\u00e4re Tattoos mit Geistern, gezeichnet vom T\u00e4towierer Akka von Studio by Akka. Bestellen Sie gruselige Fake Tattoos f\u00fcr Halloween!","robots":{"index":"index","follow":"follow","max-snippet":"max-snippet:-1","max-image-preview":"max-image-preview:large","max-video-preview":"max-video-preview:-1"},"canonical":"https:\/\/likeink.com\/de\/tatowierungen\/halloween-gespenster-studio-by-akka-a5\/","og_locale":"de_DE","og_type":"article","og_title":"Halloween \u201eGespenster\u201c Studio by Akka","og_description":"Our finished disposable sheets with fake tattoos are approximately 20\u00d715 cm large and filled with the design you see in the picture.o ensure your satisfaction, we will print and send the sheet within 24 hours after you have ordered. This sheet is designed by the talented tattoo Annica at Akkas Tattoo.  Bestellen Sie tempor\u00e4re Tattoos mit Geistern, gezeichnet vom T\u00e4towierer Akka von Studio by Akka. Bestellen Sie gruselige Fake Tattoos f\u00fcr Halloween!   This is Annica: I have always loved to draw and work with my hands. The dream of becoming a tattoo artist grew stronger for each year, until I finally decided to take the big step and open my own shop. I\u2019m completely self-thaught and have worked hard to get to where I\u2019m today. I have been a tattoo artist for almost eight years now and I love my job. I\u2019m participating at several tattoo conventions each year. In 2018 I won my first price in a tattoo competition and in 2019 I got sponsorship from IQ Tattoocare and Supply-division Denmark. What I like to tattoo the most is all different kinds of designs in color in styles like avantgarde, trash polka and watercolor. But I don\u2019t want to be limoted so therefore I\u2019m tattooing almost everything. If you want to know more about me and see my work then check out the links.  Get in touch with Annica:  Instagram akkas_tattoo  Facebook: Akkas Tattoo  Studio: Akkas Tattoo Adress:  S\u00f6dra J\u00e4rnv\u00e4gsgatan 27 i Vinsl\u00f6v Web: www.akkastattoo.se","og_url":"https:\/\/likeink.com\/de\/tatowierungen\/halloween-gespenster-studio-by-akka-a5\/","og_site_name":"Like ink","article_publisher":"https:\/\/www.facebook.com\/LikeInkSe","article_modified_time":"2026-03-17T12:10:41+00:00","og_image":[{"width":1536,"height":1086,"url":"https:\/\/likeink.com\/wp-content\/uploads\/2021\/10\/HAlloween-AKKA-GHOST-1536x1086-1.png","type":"image\/png"}],"twitter_card":"summary_large_image","schema":{"@context":"https:\/\/schema.org","@graph":[{"@type":"WebPage","@id":"https:\/\/likeink.com\/de\/tatowierungen\/halloween-gespenster-studio-by-akka-a5\/","url":"https:\/\/likeink.com\/de\/tatowierungen\/halloween-gespenster-studio-by-akka-a5\/","name":"Halloween tempor\u00e4re Tattoos Gespenster Studio by Akka - Like ink","isPartOf":{"@id":"https:\/\/likeink.com\/de\/#website"},"primaryImageOfPage":{"@id":"https:\/\/likeink.com\/de\/tatowierungen\/halloween-gespenster-studio-by-akka-a5\/#primaryimage"},"image":{"@id":"https:\/\/likeink.com\/de\/tatowierungen\/halloween-gespenster-studio-by-akka-a5\/#primaryimage"},"thumbnailUrl":"https:\/\/likeink.com\/wp-content\/uploads\/2021\/10\/HAlloween-AKKA-GHOST-1536x1086-1.png","datePublished":"2021-10-07T05:13:50+00:00","dateModified":"2026-03-17T12:10:41+00:00","description":"Bestellen Sie tempor\u00e4re Tattoos mit Geistern, gezeichnet vom T\u00e4towierer Akka von Studio by Akka. Bestellen Sie gruselige Fake Tattoos f\u00fcr Halloween!","breadcrumb":{"@id":"https:\/\/likeink.com\/de\/tatowierungen\/halloween-gespenster-studio-by-akka-a5\/#breadcrumb"},"inLanguage":"de","potentialAction":[{"@type":"ReadAction","target":["https:\/\/likeink.com\/de\/tatowierungen\/halloween-gespenster-studio-by-akka-a5\/"]}]},{"@type":"ImageObject","inLanguage":"de","@id":"https:\/\/likeink.com\/de\/tatowierungen\/halloween-gespenster-studio-by-akka-a5\/#primaryimage","url":"https:\/\/likeink.com\/wp-content\/uploads\/2021\/10\/HAlloween-AKKA-GHOST-1536x1086-1.png","contentUrl":"https:\/\/likeink.com\/wp-content\/uploads\/2021\/10\/HAlloween-AKKA-GHOST-1536x1086-1.png","width":1536,"height":1086,"caption":"Lassen Sie sich zu Halloween inspirieren mit dem \"Halloween Gespenster\" Studio von Akka A5-Bogen - mit geschnitzten K\u00fcrbissen, gruseligen B\u00e4umen, Geistern, Flederm\u00e4usen und mehr in einem zackigen \"HALLOWEEN\"-Collage-Design - perfekt f\u00fcr tempor\u00e4re Tattoos!."},{"@type":"BreadcrumbList","@id":"https:\/\/likeink.com\/de\/tatowierungen\/halloween-gespenster-studio-by-akka-a5\/#breadcrumb","itemListElement":[{"@type":"ListItem","position":1,"name":"Hem","item":"https:\/\/likeink.com\/de\/"},{"@type":"ListItem","position":2,"name":"Shop","item":"https:\/\/likeink.com\/de\/shop\/"},{"@type":"ListItem","position":3,"name":"Halloween \u201eGespenster\u201c Studio by Akka"}]},{"@type":"WebSite","@id":"https:\/\/likeink.com\/de\/#website","url":"https:\/\/likeink.com\/de\/","name":"Like ink","description":"Gestalten Sie Ihre eigenen tempor\u00e4ren Tattoos","potentialAction":[{"@type":"SearchAction","target":{"@type":"EntryPoint","urlTemplate":"https:\/\/likeink.com\/de\/?s={search_term_string}"},"query-input":{"@type":"PropertyValueSpecification","valueRequired":true,"valueName":"search_term_string"}}],"inLanguage":"de"}]}},"_links":{"self":[{"href":"https:\/\/likeink.com\/de\/wp-json\/wp\/v2\/product\/7858","targetHints":{"allow":["GET"]}}],"collection":[{"href":"https:\/\/likeink.com\/de\/wp-json\/wp\/v2\/product"}],"about":[{"href":"https:\/\/likeink.com\/de\/wp-json\/wp\/v2\/types\/product"}],"wp:featuredmedia":[{"embeddable":true,"href":"https:\/\/likeink.com\/de\/wp-json\/wp\/v2\/media\/60315"}],"wp:attachment":[{"href":"https:\/\/likeink.com\/de\/wp-json\/wp\/v2\/media?parent=7858"}],"wp:term":[{"taxonomy":"product_brand","embeddable":true,"href":"https:\/\/likeink.com\/de\/wp-json\/wp\/v2\/product_brand?post=7858"},{"taxonomy":"product_cat","embeddable":true,"href":"https:\/\/likeink.com\/de\/wp-json\/wp\/v2\/product_cat?post=7858"},{"taxonomy":"product_tag","embeddable":true,"href":"https:\/\/likeink.com\/de\/wp-json\/wp\/v2\/product_tag?post=7858"}],"curies":[{"name":"wp","href":"https:\/\/api.w.org\/{rel}","templated":true}]}}