{"id":25236,"date":"2024-02-23T15:14:54","date_gmt":"2024-02-23T15:14:54","guid":{"rendered":"https:\/\/likeink.se\/hur-ont-gor-en-tatuering\/"},"modified":"2025-06-24T06:41:21","modified_gmt":"2025-06-24T06:41:21","slug":"cuanto-duelen-realmente-los-tatuajes","status":"publish","type":"page","link":"https:\/\/likeink.com\/es\/cuanto-duelen-realmente-los-tatuajes\/","title":{"rendered":"\u00bfCu\u00e1nto duelen realmente los tatuajes?"},"content":{"rendered":"\t\t<div data-elementor-type=\"wp-page\" data-elementor-id=\"25236\" class=\"elementor elementor-25236 elementor-25143\" data-elementor-post-type=\"page\">\n\t\t\t\t<div class=\"elementor-element elementor-element-695fd98 e-flex e-con-boxed e-con e-parent\" data-id=\"695fd98\" data-element_type=\"container\">\n\t\t\t\t\t<div class=\"e-con-inner\">\n\t\t\t\t<div class=\"elementor-element elementor-element-ab414fa elementor-widget elementor-widget-image\" data-id=\"ab414fa\" data-element_type=\"widget\" data-widget_type=\"image.default\">\n\t\t\t\t<div class=\"elementor-widget-container\">\n\t\t\t\t\t\t\t\t\t\t\t\t\t\t\t<img decoding=\"async\" width=\"1400\" height=\"933\" src=\"https:\/\/likeink.com\/wp-content\/uploads\/2024\/02\/hur-ont-gor-det-att-tatuera-sig.jpg\" class=\"attachment-full size-full wp-image-25276\" alt=\"Cu\u00e1nto duele un tatuaje. Like Ink explica d\u00f3nde duele m\u00e1s hacerse un tatuaje.\" srcset=\"https:\/\/likeink.com\/wp-content\/uploads\/2024\/02\/hur-ont-gor-det-att-tatuera-sig.jpg 1400w, https:\/\/likeink.com\/wp-content\/uploads\/2024\/02\/hur-ont-gor-det-att-tatuera-sig-300x200.jpg 300w, https:\/\/likeink.com\/wp-content\/uploads\/2024\/02\/hur-ont-gor-det-att-tatuera-sig-1024x682.jpg 1024w, https:\/\/likeink.com\/wp-content\/uploads\/2024\/02\/hur-ont-gor-det-att-tatuera-sig-768x512.jpg 768w, https:\/\/likeink.com\/wp-content\/uploads\/2024\/02\/hur-ont-gor-det-att-tatuera-sig-310x207.jpg 310w, https:\/\/likeink.com\/wp-content\/uploads\/2024\/02\/hur-ont-gor-det-att-tatuera-sig-660x440.jpg 660w\" sizes=\"(max-width: 1400px) 100vw, 1400px\" \/>\t\t\t\t\t\t\t\t\t\t\t\t\t\t\t<\/div>\n\t\t\t\t<\/div>\n\t\t\t\t\t<\/div>\n\t\t\t\t<\/div>\n\t\t<div class=\"elementor-element elementor-element-3f8b7a5 e-flex e-con-boxed e-con e-parent\" data-id=\"3f8b7a5\" data-element_type=\"container\">\n\t\t\t\t\t<div class=\"e-con-inner\">\n\t\t<div class=\"elementor-element elementor-element-c7b1f80 e-con-full e-flex e-con e-child\" data-id=\"c7b1f80\" data-element_type=\"container\">\n\t\t\t\t<div class=\"elementor-element elementor-element-1c57941 elementor-widget elementor-widget-heading\" data-id=\"1c57941\" data-element_type=\"widget\" data-widget_type=\"heading.default\">\n\t\t\t\t<div class=\"elementor-widget-container\">\n\t\t\t\t\t<h1 class=\"elementor-heading-title elementor-size-default\">\u00bfCu\u00e1nto duelen realmente los tatuajes?\n<\/h1>\t\t\t\t<\/div>\n\t\t\t\t<\/div>\n\t\t\t\t<div class=\"elementor-element elementor-element-5ddc97a elementor-widget elementor-widget-text-editor\" data-id=\"5ddc97a\" data-element_type=\"widget\" data-widget_type=\"text-editor.default\">\n\t\t\t\t<div class=\"elementor-widget-container\">\n\t\t\t\t\t\t\t\t\tHacerse un tatuaje es una decisi\u00f3n de por vida que tambi\u00e9n puede ser dolorosa, por lo que es esencial planificar cuidadosamente c\u00f3mo quieres que luzcan tus tatuajes. Con los tatuajes temporales de Like ink, puedes planificar tus tatuajes hasta el m\u00e1s m\u00ednimo detalle para ver r\u00e1pidamente y con facilidad c\u00f3mo se ver\u00e1n. Pide tus tatuajes planeados como tatuajes falsos e inmediatamente observa c\u00f3mo lucen en tu cuerpo. \u00a1Crea tus tatuajes aqu\u00ed!\n\n\t\t\t\t\t\t\t\t<\/div>\n\t\t\t\t<\/div>\n\t\t\t\t<\/div>\n\t\t<div class=\"elementor-element elementor-element-01ebd06 e-con-full e-flex e-con e-child\" data-id=\"01ebd06\" data-element_type=\"container\">\n\t\t\t\t<div class=\"elementor-element elementor-element-463f865 elementor-widget elementor-widget-heading\" data-id=\"463f865\" data-element_type=\"widget\" data-widget_type=\"heading.default\">\n\t\t\t\t<div class=\"elementor-widget-container\">\n\t\t\t\t\t<h2 class=\"elementor-heading-title elementor-size-default\">\u00bfD\u00f3nde duele menos hacerse un tatuaje?\n<\/h2>\t\t\t\t<\/div>\n\t\t\t\t<\/div>\n\t\t\t\t<div class=\"elementor-element elementor-element-b26589e elementor-widget elementor-widget-text-editor\" data-id=\"b26589e\" data-element_type=\"widget\" data-widget_type=\"text-editor.default\">\n\t\t\t\t<div class=\"elementor-widget-container\">\n\t\t\t\t\t\t\t\t\tEl dolor es muy individual y puede variar de una persona a otra. Sin embargo, a menudo se siente que duele m\u00e1s en los lugares donde la piel es delgada. Donde tienes m\u00e1s grasa subcut\u00e1nea, los tatuajes suelen ser menos dolorosos. Independientemente de d\u00f3nde quieras hacerte un tatuaje, doler\u00e1, as\u00ed que usa Like ink para pedir tu tatuaje como un tatuaje temporal y ver si te gusta el dise\u00f1o. A continuaci\u00f3n, se describen los lugares donde es menos doloroso hacerse un tatuaje.\n\n\t\t\t\t\t\t\t\t<\/div>\n\t\t\t\t<\/div>\n\t\t\t\t<\/div>\n\t\t<div class=\"elementor-element elementor-element-ed2afc4 e-con-full e-flex e-con e-child\" data-id=\"ed2afc4\" data-element_type=\"container\">\n\t\t\t\t<div class=\"elementor-element elementor-element-2cab0da elementor-widget elementor-widget-heading\" data-id=\"2cab0da\" data-element_type=\"widget\" data-widget_type=\"heading.default\">\n\t\t\t\t<div class=\"elementor-widget-container\">\n\t\t\t\t\t<h3 class=\"elementor-heading-title elementor-size-default\">Tatuajes en el brazo\n<\/h3>\t\t\t\t<\/div>\n\t\t\t\t<\/div>\n\t\t\t\t<div class=\"elementor-element elementor-element-44766f0 elementor-widget elementor-widget-text-editor\" data-id=\"44766f0\" data-element_type=\"widget\" data-widget_type=\"text-editor.default\">\n\t\t\t\t<div class=\"elementor-widget-container\">\n\t\t\t\t\t\t\t\t\tTatuarse el brazo se considera una ubicaci\u00f3n menos dolorosa para un tatuaje porque a menudo hay m\u00e1s carne entre la piel y el hueso, lo que significa que duele menos. Por ejemplo, un tatuaje en el antebrazo, donde tienes m\u00e1s grasa y m\u00fasculo, no es particularmente doloroso. Tatuarse el antebrazo es popular por esta raz\u00f3n. Sin embargo, los tatuajes en la mu\u00f1eca o el codo pueden ser m\u00e1s dolorosos porque la piel est\u00e1 cerca del hueso. Usa tatuajes falsos para ver si te gustar\u00e1 tu nuevo tatuaje si est\u00e1s nervioso \u2013 entonces sabr\u00e1s que \u00a1vale la pena!\t\t\t\t\t\t\t\t<\/div>\n\t\t\t\t<\/div>\n\t\t\t\t<\/div>\n\t\t<div class=\"elementor-element elementor-element-88b3357 e-con-full e-flex e-con e-child\" data-id=\"88b3357\" data-element_type=\"container\">\n\t\t\t\t<div class=\"elementor-element elementor-element-da22544 elementor-widget elementor-widget-heading\" data-id=\"da22544\" data-element_type=\"widget\" data-widget_type=\"heading.default\">\n\t\t\t\t<div class=\"elementor-widget-container\">\n\t\t\t\t\t<h3 class=\"elementor-heading-title elementor-size-default\">\u00bfD\u00f3nde duele m\u00e1s hacerse un tatuaje?\n<\/h3>\t\t\t\t<\/div>\n\t\t\t\t<\/div>\n\t\t\t\t<div class=\"elementor-element elementor-element-eab2cf7 elementor-widget elementor-widget-text-editor\" data-id=\"eab2cf7\" data-element_type=\"widget\" data-widget_type=\"text-editor.default\">\n\t\t\t\t<div class=\"elementor-widget-container\">\n\t\t\t\t\t\t\t\t\tEs inteligente considerar cuidadosamente los tatuajes antes de hacerte uno; un tatuaje doler\u00e1 y probablemente permanecer\u00e1 en tu cuerpo para siempre. Por otro lado, los tatuajes temporales de Like ink son completamente indoloros y f\u00e1ciles de lavar \u2013 intenta conseguir un tatuaje falso para decidir d\u00f3nde quieres tu tatuaje antes de hacerte uno real. A continuaci\u00f3n, explicamos en qu\u00e9 partes del cuerpo duele m\u00e1s hacerse un tatuaje.\t\t\t\t\t\t\t\t<\/div>\n\t\t\t\t<\/div>\n\t\t\t\t<\/div>\n\t\t<div class=\"elementor-element elementor-element-4e62442 e-con-full e-flex e-con e-child\" data-id=\"4e62442\" data-element_type=\"container\">\n\t\t\t\t<div class=\"elementor-element elementor-element-ce781a6 elementor-widget elementor-widget-heading\" data-id=\"ce781a6\" data-element_type=\"widget\" data-widget_type=\"heading.default\">\n\t\t\t\t<div class=\"elementor-widget-container\">\n\t\t\t\t\t<h3 class=\"elementor-heading-title elementor-size-default\">Tatuajes en el Cuello\n<\/h3>\t\t\t\t<\/div>\n\t\t\t\t<\/div>\n\t\t\t\t<div class=\"elementor-element elementor-element-59a6c7b elementor-widget elementor-widget-text-editor\" data-id=\"59a6c7b\" data-element_type=\"widget\" data-widget_type=\"text-editor.default\">\n\t\t\t\t<div class=\"elementor-widget-container\">\n\t\t\t\t\t\t\t\t\tTatuar la cabeza, el cuello y la garganta puede ser una experiencia dolorosa, principalmente debido a la limitada capa de grasa bajo la piel en estas \u00e1reas. Al considerar tatuar estas partes del cuerpo, es bueno entender por qu\u00e9 el dolor puede ser m\u00e1s intenso aqu\u00ed que en otros lugares. Tatuar el cuello es un ejemplo de esto, ya que usualmente tiene menos tejido graso que muchas otras \u00e1reas del cuerpo. Cuando la aguja del tatuaje penetra la piel en el cuello, se acerca a los nervios y huesos debajo de la superficie.\n\nEsta proximidad a los nervios y huesos puede hacer que el dolor se sienta m\u00e1s agudo e intenso. Por lo tanto, es importante estar mentalmente preparado y elegir un artista del tatuaje con experiencia al considerar un tatuaje en el cuello. El mismo principio se aplica al tatuar la garganta. La garganta usualmente tiene menos tejido graso y puede ser un \u00e1rea dolorosa para tatuar. Manejar el dolor puede ser m\u00e1s desafiante, por lo que es esencial considerar esto antes de decidir tatuar la garganta.Para ayudarte a decidir si tu tatuaje vale el dolor, es buena idea usar nuestros tatuajes temporales. Al utilizar tatuajes temporales, puedes probar diferentes dise\u00f1os y ubicaciones en tu cuerpo antes de comprometerte con un tatuaje permanente. Usa nuestros tatuajes falsos para considerar detenidamente si el tatuaje genial que est\u00e1s pensando realmente vale el dolor. Entonces, si no est\u00e1s seguro de hacerte un tatuaje en el pecho, \u00bfpor qu\u00e9 no probar un tatuaje temporal para asegurarte de que realmente te encantar\u00e1?\t\t\t\t\t\t\t\t<\/div>\n\t\t\t\t<\/div>\n\t\t\t\t<\/div>\n\t\t<div class=\"elementor-element elementor-element-6c4240a e-con-full e-flex e-con e-child\" data-id=\"6c4240a\" data-element_type=\"container\">\n\t\t\t\t<div class=\"elementor-element elementor-element-a342235 elementor-widget elementor-widget-heading\" data-id=\"a342235\" data-element_type=\"widget\" data-widget_type=\"heading.default\">\n\t\t\t\t<div class=\"elementor-widget-container\">\n\t\t\t\t\t<h3 class=\"elementor-heading-title elementor-size-default\">Tatuajes en la Mano\n<\/h3>\t\t\t\t<\/div>\n\t\t\t\t<\/div>\n\t\t\t\t<div class=\"elementor-element elementor-element-7a07e96 elementor-widget elementor-widget-text-editor\" data-id=\"7a07e96\" data-element_type=\"widget\" data-widget_type=\"text-editor.default\">\n\t\t\t\t<div class=\"elementor-widget-container\">\n\t\t\t\t\t\t\t\t\tTatuarse la mano no es para aquellos con baja tolerancia al dolor, ya que duele debido a que la piel est\u00e1 cerca del hueso. Por lo tanto, es posible que quieras considerar cuidadosamente hacerte un tatuaje en la mano. Lo mismo se aplica para un tatuaje en la mu\u00f1eca: duele tatuarse la mu\u00f1eca porque hay menos m\u00fasculo y grasa debajo de la piel. Los tatuajes en la mano tambi\u00e9n pueden significar que tu tatuaje se desvanecer\u00e1 r\u00e1pidamente. Los tatuajes en la palma y los dedos sufren mucho desgaste, lo que hace que se desvanezcan m\u00e1s r\u00e1pido que otros tatuajes.\n\nLa tinta se coloca superficialmente en la piel, y cuando usas tus manos todos los d\u00edas, la capa m\u00e1s externa de la piel se desgasta y es reemplazada por piel nueva: es entonces cuando el tatuaje se desvanecer\u00e1. Incluso los tatuajes peque\u00f1os en las manos pueden ser dolorosos. Por lo tanto, utiliza el servicio de Like ink para pedir tu propio tatuaje temporal con tu dise\u00f1o para asegurarte de que realmente te gusta tu dise\u00f1o y ubicaci\u00f3n antes de tatuarlo.\t\t\t\t\t\t\t\t<\/div>\n\t\t\t\t<\/div>\n\t\t\t\t<\/div>\n\t\t<div class=\"elementor-element elementor-element-a1bc236 e-con-full e-flex e-con e-child\" data-id=\"a1bc236\" data-element_type=\"container\">\n\t\t\t\t<div class=\"elementor-element elementor-element-247e5b0 elementor-widget elementor-widget-heading\" data-id=\"247e5b0\" data-element_type=\"widget\" data-widget_type=\"heading.default\">\n\t\t\t\t<div class=\"elementor-widget-container\">\n\t\t\t\t\t<h3 class=\"elementor-heading-title elementor-size-default\">Tatuajes en el Pie\n<\/h3>\t\t\t\t<\/div>\n\t\t\t\t<\/div>\n\t\t\t\t<div class=\"elementor-element elementor-element-b8db527 elementor-widget elementor-widget-text-editor\" data-id=\"b8db527\" data-element_type=\"widget\" data-widget_type=\"text-editor.default\">\n\t\t\t\t<div class=\"elementor-widget-container\">\n\t\t\t\t\t\t\t\t\t<p>Hacerse un tatuaje en el pie es una decisi\u00f3n que muchos entusiastas del tatuaje consideran, pero hay algunas cosas esenciales que pensar antes de hacerlo. Un tatuaje en el pie puede verse realmente genial, pero tambi\u00e9n es conocido por ser uno de los lugares m\u00e1s dolorosos para tatuarse en el cuerpo. Entonces, \u00bfpor qu\u00e9 duele hacerse un tatuaje en el pie? En primer lugar, el pie consiste en muchos huesos, tendones y nervios cerca de la superficie de la piel.<br \/>Cuando la aguja penetra estas \u00e1reas, el dolor puede ser m\u00e1s intenso que en lugares con piel m\u00e1s gruesa y menos sensibles. Adem\u00e1s, el pie es una parte del cuerpo que se usa constantemente, lo que puede complicar el proceso de curaci\u00f3n. El movimiento constante y la fricci\u00f3n de los zapatos y calcetines pueden afectar qu\u00e9 tan r\u00e1pido y sin problemas sana tu tatuaje. Es esencial seguir cuidadosamente los consejos de cuidado posterior del tatuador para evitar infecciones y otras complicaciones. Utiliza la funci\u00f3n de Like ink para pedir f\u00e1cil y r\u00e1pidamente tatuajes temporales con tus propios dise\u00f1os para asegurarte de que realmente te gusta tu tatuaje planeado para el pie.<\/p><h4><b>C\u00f3mo Hacer Tus Propios Tatuajes Temporales<\/b><\/h4><p>\u00a1Ya sea que quieras un tatuaje peque\u00f1o o uno grande, Like ink ofrece\u00a0<a href=\"https:\/\/likeink.es\/fake-tatuajes\/tatuajes-divertidos\/\">tatuajes divertidos<\/a>\u00a0y\u00a0<a href=\"https:\/\/likeink.es\/fake-tatuajes\/tatuajes-de-animales-y-naturaleza\/\">hermosos tatuajes para todos los gustos<\/a>! Ofrecemos tatuajes para adaptarse a diversas fiestas y celebraciones: incluso puedes **<a href=\"https:\/\/likeink.es\/\">dise\u00f1ar tu propio tatuaje temporal con nosotros<\/a>**.<br \/>Pedir tatuajes falsos con tu propio dise\u00f1o es r\u00e1pido y f\u00e1cil. Sube tu dise\u00f1o a nuestro sitio web, elige el tama\u00f1o y la cantidad, y haz clic para ordenarlo c\u00f3modamente. Utiliza tu tatuaje falso dise\u00f1ado a medida para ver c\u00f3mo se ver\u00eda tu idea de tatuaje en tu cuerpo, o usa el servicio para pedir tatuajes personalizados para tu pr\u00f3xima fiesta. Las posibilidades son infinitas, pero siempre sin dolor, r\u00e1pidas y con estilo con nosotros en Like ink.<\/p>\t\t\t\t\t\t\t\t<\/div>\n\t\t\t\t<\/div>\n\t\t\t\t<\/div>\n\t\t\t\t\t<\/div>\n\t\t\t\t<\/div>\n\t\t<div class=\"elementor-element elementor-element-9f94169 e-flex e-con-boxed e-con e-parent\" data-id=\"9f94169\" data-element_type=\"container\" id=\"real-tatto\" data-settings=\"{&quot;background_background&quot;:&quot;classic&quot;}\">\n\t\t\t\t\t<div class=\"e-con-inner\">\n\t\t<div class=\"elementor-element elementor-element-be1fb36 e-con-full e-flex e-con e-child\" data-id=\"be1fb36\" data-element_type=\"container\">\n\t\t<div class=\"elementor-element elementor-element-505584e e-con-full e-flex e-con e-child\" data-id=\"505584e\" data-element_type=\"container\">\n\t\t\t\t<div class=\"elementor-element elementor-element-2c992d8 elementor-position-left elementor-vertical-align-middle elementor-widget elementor-widget-image-box\" data-id=\"2c992d8\" data-element_type=\"widget\" data-widget_type=\"image-box.default\">\n\t\t\t\t<div class=\"elementor-widget-container\">\n\t\t\t\t\t<div class=\"elementor-image-box-wrapper\"><figure class=\"elementor-image-box-img\"><img decoding=\"async\" width=\"190\" height=\"310\" src=\"https:\/\/likeink.com\/wp-content\/uploads\/2023\/04\/thump_up.png\" class=\"attachment-full size-full wp-image-17281\" alt=\"thump logo\" srcset=\"https:\/\/likeink.com\/wp-content\/uploads\/2023\/04\/thump_up.png 190w, https:\/\/likeink.com\/wp-content\/uploads\/2023\/04\/thump_up-184x300.png 184w\" sizes=\"(max-width: 190px) 100vw, 190px\" \/><\/figure><div class=\"elementor-image-box-content\"><h3 class=\"elementor-image-box-title\">REAL FAKE TATTOOS<\/h3><\/div><\/div>\t\t\t\t<\/div>\n\t\t\t\t<\/div>\n\t\t\t\t<div class=\"elementor-element elementor-element-2a7d2ca elementor-widget elementor-widget-text-editor\" data-id=\"2a7d2ca\" data-element_type=\"widget\" data-widget_type=\"text-editor.default\">\n\t\t\t\t<div class=\"elementor-widget-container\">\n\t\t\t\t\t\t\t\t\t\u00a1Hacemos tatuajes temporales de calidad de tu dise\u00f1o, foto, texto o logotipo! \u00a1Los tatuajes temporales son perfectos para ferias y eventos, y como regalos! \u00a1Son populares para despedidas de soltero, despedidas de soltera, banquetes y fiestas! \u00a1Para quienes quieren un tatuaje real!\t\t\t\t\t\t\t\t<\/div>\n\t\t\t\t<\/div>\n\t\t\t\t<div class=\"elementor-element elementor-element-a108254 elementor-widget elementor-widget-button\" data-id=\"a108254\" data-element_type=\"widget\" data-widget_type=\"button.default\">\n\t\t\t\t<div class=\"elementor-widget-container\">\n\t\t\t\t\t\t\t\t\t<div class=\"elementor-button-wrapper\">\n\t\t\t\t\t<a class=\"elementor-button elementor-button-link elementor-size-sm\" href=\"https:\/\/likeink.com\/es\/tatuaje-falso\/custom-temporary-tattoos\/\">\n\t\t\t\t\t\t<span class=\"elementor-button-content-wrapper\">\n\t\t\t\t\t\t\t\t\t<span class=\"elementor-button-text\">HAZ TUS PROPIOS TATUAJES TEMPORALES<\/span>\n\t\t\t\t\t<\/span>\n\t\t\t\t\t<\/a>\n\t\t\t\t<\/div>\n\t\t\t\t\t\t\t\t<\/div>\n\t\t\t\t<\/div>\n\t\t\t\t<\/div>\n\t\t<div class=\"elementor-element elementor-element-b08d887 e-con-full e-flex e-con e-child\" data-id=\"b08d887\" data-element_type=\"container\">\n\t\t\t\t<div class=\"elementor-element elementor-element-2a89c27 elementor-widget elementor-widget-image\" data-id=\"2a89c27\" data-element_type=\"widget\" data-widget_type=\"image.default\">\n\t\t\t\t<div class=\"elementor-widget-container\">\n\t\t\t\t\t\t\t\t\t\t\t\t\t\t\t<img decoding=\"async\" width=\"591\" height=\"339\" src=\"https:\/\/likeink.com\/wp-content\/uploads\/2023\/05\/ezgif.com-crop.gif\" class=\"attachment-full size-full wp-image-17800\" alt=\"Gif for Like ink Fake Tattoos\" \/>\t\t\t\t\t\t\t\t\t\t\t\t\t\t\t<\/div>\n\t\t\t\t<\/div>\n\t\t\t\t<\/div>\n\t\t\t\t<\/div>\n\t\t\t\t\t<\/div>\n\t\t\t\t<\/div>\n\t\t\t\t<\/div>\n\t\t","protected":false},"excerpt":{"rendered":"<p>\u00bfCu\u00e1nto duelen realmente los tatuajes? Hacerse un tatuaje es una decisi\u00f3n de por vida que tambi\u00e9n puede ser dolorosa, por lo que es esencial planificar cuidadosamente c\u00f3mo quieres que luzcan tus tatuajes. Con los tatuajes temporales de Like ink, puedes planificar tus tatuajes hasta el m\u00e1s m\u00ednimo detalle para ver r\u00e1pidamente y con facilidad c\u00f3mo [&hellip;]<\/p>\n","protected":false},"author":4,"featured_media":0,"parent":0,"menu_order":0,"comment_status":"closed","ping_status":"closed","template":"","meta":{"footnotes":""},"class_list":["post-25236","page","type-page","status-publish","hentry"],"yoast_head":"<!-- This site is optimized with the Yoast SEO Premium plugin v26.2 (Yoast SEO v27.5) - https:\/\/yoast.com\/product\/yoast-seo-premium-wordpress\/ -->\n<title>\u00bfCu\u00e1nto duelen realmente los tatuajes? - Like ink<\/title>\n<meta name=\"description\" content=\"\u00bfCu\u00e1nto duele hacerse un tatuaje? \u00bfC\u00f3mo se siente tatuarse el pie, el pecho y otras partes del cuerpo? \u00a1Gran variedad de tatuajes temporales!\" \/>\n<meta name=\"robots\" content=\"index, follow, max-snippet:-1, max-image-preview:large, max-video-preview:-1\" \/>\n<link rel=\"canonical\" href=\"https:\/\/likeink.com\/es\/cuanto-duelen-realmente-los-tatuajes\/\" \/>\n<meta property=\"og:locale\" content=\"es_ES\" \/>\n<meta property=\"og:type\" content=\"article\" \/>\n<meta property=\"og:title\" content=\"\u00bfCu\u00e1nto duelen realmente los tatuajes?\" \/>\n<meta property=\"og:description\" content=\"\u00bfCu\u00e1nto duelen realmente los tatuajes? Hacerse un tatuaje es una decisi\u00f3n de por vida que tambi\u00e9n puede ser dolorosa, por lo que es esencial planificar\" \/>\n<meta property=\"og:url\" content=\"https:\/\/likeink.com\/es\/cuanto-duelen-realmente-los-tatuajes\/\" \/>\n<meta property=\"og:site_name\" content=\"Like ink\" \/>\n<meta property=\"article:publisher\" content=\"https:\/\/www.facebook.com\/LikeInkSe\" \/>\n<meta property=\"article:modified_time\" content=\"2025-06-24T06:41:21+00:00\" \/>\n<meta property=\"og:image\" content=\"https:\/\/likeink.com\/wp-content\/uploads\/2024\/02\/hur-ont-gor-det-att-tatuera-sig.jpg\" \/>\n<meta name=\"twitter:card\" content=\"summary_large_image\" \/>\n<meta name=\"twitter:label1\" content=\"Tiempo de lectura\" \/>\n\t<meta name=\"twitter:data1\" content=\"6 minutos\" \/>\n<!-- \/ Yoast SEO Premium plugin. -->","yoast_head_json":{"title":"\u00bfCu\u00e1nto duelen realmente los tatuajes? - Like ink","description":"\u00bfCu\u00e1nto duele hacerse un tatuaje? \u00bfC\u00f3mo se siente tatuarse el pie, el pecho y otras partes del cuerpo? \u00a1Gran variedad de tatuajes temporales!","robots":{"index":"index","follow":"follow","max-snippet":"max-snippet:-1","max-image-preview":"max-image-preview:large","max-video-preview":"max-video-preview:-1"},"canonical":"https:\/\/likeink.com\/es\/cuanto-duelen-realmente-los-tatuajes\/","og_locale":"es_ES","og_type":"article","og_title":"\u00bfCu\u00e1nto duelen realmente los tatuajes?","og_description":"\u00bfCu\u00e1nto duelen realmente los tatuajes? Hacerse un tatuaje es una decisi\u00f3n de por vida que tambi\u00e9n puede ser dolorosa, por lo que es esencial planificar","og_url":"https:\/\/likeink.com\/es\/cuanto-duelen-realmente-los-tatuajes\/","og_site_name":"Like ink","article_publisher":"https:\/\/www.facebook.com\/LikeInkSe","article_modified_time":"2025-06-24T06:41:21+00:00","og_image":[{"url":"https:\/\/likeink.com\/wp-content\/uploads\/2024\/02\/hur-ont-gor-det-att-tatuera-sig.jpg","type":"","width":"","height":""}],"twitter_card":"summary_large_image","twitter_misc":{"Tiempo de lectura":"6 minutos"},"schema":{"@context":"https:\/\/schema.org","@graph":[{"@type":"WebPage","@id":"https:\/\/likeink.com\/es\/cuanto-duelen-realmente-los-tatuajes\/","url":"https:\/\/likeink.com\/es\/cuanto-duelen-realmente-los-tatuajes\/","name":"\u00bfCu\u00e1nto duelen realmente los tatuajes? - Like ink","isPartOf":{"@id":"https:\/\/likeink.com\/es\/#website"},"primaryImageOfPage":{"@id":"https:\/\/likeink.com\/es\/cuanto-duelen-realmente-los-tatuajes\/#primaryimage"},"image":{"@id":"https:\/\/likeink.com\/es\/cuanto-duelen-realmente-los-tatuajes\/#primaryimage"},"thumbnailUrl":"https:\/\/likeink.com\/wp-content\/uploads\/2024\/02\/hur-ont-gor-det-att-tatuera-sig.jpg","datePublished":"2024-02-23T15:14:54+00:00","dateModified":"2025-06-24T06:41:21+00:00","description":"\u00bfCu\u00e1nto duele hacerse un tatuaje? \u00bfC\u00f3mo se siente tatuarse el pie, el pecho y otras partes del cuerpo? \u00a1Gran variedad de tatuajes temporales!","breadcrumb":{"@id":"https:\/\/likeink.com\/es\/cuanto-duelen-realmente-los-tatuajes\/#breadcrumb"},"inLanguage":"es","potentialAction":[{"@type":"ReadAction","target":["https:\/\/likeink.com\/es\/cuanto-duelen-realmente-los-tatuajes\/"]}]},{"@type":"ImageObject","inLanguage":"es","@id":"https:\/\/likeink.com\/es\/cuanto-duelen-realmente-los-tatuajes\/#primaryimage","url":"https:\/\/likeink.com\/wp-content\/uploads\/2024\/02\/hur-ont-gor-det-att-tatuera-sig.jpg","contentUrl":"https:\/\/likeink.com\/wp-content\/uploads\/2024\/02\/hur-ont-gor-det-att-tatuera-sig.jpg"},{"@type":"BreadcrumbList","@id":"https:\/\/likeink.com\/es\/cuanto-duelen-realmente-los-tatuajes\/#breadcrumb","itemListElement":[{"@type":"ListItem","position":1,"name":"Hem","item":"https:\/\/likeink.com\/es\/"},{"@type":"ListItem","position":2,"name":"\u00bfCu\u00e1nto duelen realmente los tatuajes?"}]},{"@type":"WebSite","@id":"https:\/\/likeink.com\/es\/#website","url":"https:\/\/likeink.com\/es\/","name":"Like ink","description":"HAZ TUS PROPIOS TATUAJES TEMPORALES","potentialAction":[{"@type":"SearchAction","target":{"@type":"EntryPoint","urlTemplate":"https:\/\/likeink.com\/es\/?s={search_term_string}"},"query-input":{"@type":"PropertyValueSpecification","valueRequired":true,"valueName":"search_term_string"}}],"inLanguage":"es"}]}},"_links":{"self":[{"href":"https:\/\/likeink.com\/es\/wp-json\/wp\/v2\/pages\/25236","targetHints":{"allow":["GET"]}}],"collection":[{"href":"https:\/\/likeink.com\/es\/wp-json\/wp\/v2\/pages"}],"about":[{"href":"https:\/\/likeink.com\/es\/wp-json\/wp\/v2\/types\/page"}],"author":[{"embeddable":true,"href":"https:\/\/likeink.com\/es\/wp-json\/wp\/v2\/users\/4"}],"replies":[{"embeddable":true,"href":"https:\/\/likeink.com\/es\/wp-json\/wp\/v2\/comments?post=25236"}],"version-history":[{"count":2,"href":"https:\/\/likeink.com\/es\/wp-json\/wp\/v2\/pages\/25236\/revisions"}],"predecessor-version":[{"id":46014,"href":"https:\/\/likeink.com\/es\/wp-json\/wp\/v2\/pages\/25236\/revisions\/46014"}],"wp:attachment":[{"href":"https:\/\/likeink.com\/es\/wp-json\/wp\/v2\/media?parent=25236"}],"curies":[{"name":"wp","href":"https:\/\/api.w.org\/{rel}","templated":true}]}}