{"id":58729,"date":"2026-02-09T14:07:07","date_gmt":"2026-02-09T14:07:07","guid":{"rendered":"https:\/\/likeink.com\/que-son-los-tatuajes-semipermanentes\/"},"modified":"2026-02-09T14:07:09","modified_gmt":"2026-02-09T14:07:09","slug":"que-son-los-tatuajes-semipermanentes","status":"publish","type":"page","link":"https:\/\/likeink.com\/es\/que-son-los-tatuajes-semipermanentes\/","title":{"rendered":"\u00bfQu\u00e9 son los tatuajes semipermanentes?"},"content":{"rendered":"\t\t<div data-elementor-type=\"wp-page\" data-elementor-id=\"58729\" class=\"elementor elementor-58729 elementor-29657\" data-elementor-post-type=\"page\">\n\t\t\t\t<div class=\"elementor-element elementor-element-25fb5ec2 e-flex e-con-boxed e-con e-parent\" data-id=\"25fb5ec2\" data-element_type=\"container\">\n\t\t\t\t\t<div class=\"e-con-inner\">\n\t\t<div class=\"elementor-element elementor-element-6f1b73d e-con-full e-flex e-con e-child\" data-id=\"6f1b73d\" data-element_type=\"container\">\n\t\t\t\t<div class=\"elementor-element elementor-element-13049ff elementor-widget elementor-widget-text-editor\" data-id=\"13049ff\" data-element_type=\"widget\" data-widget_type=\"text-editor.default\">\n\t\t\t\t<div class=\"elementor-widget-container\">\n\t\t\t\t\t\t\t\t\t<h1>\u00bfQu\u00e9 son los tatuajes semipermanentes?<\/h1>\n<p>Los tatuajes semipermanentes son un tipo de tatuaje que dura m\u00e1s tiempo que temporary tattoolos tatuajes permanentes, pero no son permanentes. Se aplican utilizando una t\u00e9cnica especial que permite que el color penetre en las capas superiores de la piel, proporcionando un aspecto natural y realista que puede durar varias semanas si se elige un proveedor fiable.<\/p>\n<h2>Ventajas de temporary tattoolos tatuajes temporales frente a los semipermanentes<\/h2>\n<p>temporary tattooLos tatuajes temporales, tambi\u00e9n conocidos como transferencias, son muy populares debido a su naturaleza temporal y a la facilidad con la que se aplican y se eliminan. Estas son algunas de las ventajas de temporary tattoolos tatuajes temporales:<\/p>\n<h3><b>F\u00e1cil aplicaci\u00f3n y eliminaci\u00f3n<\/b><\/h3>\n<p>temporary tattooLos s son f\u00e1ciles de aplicar con un poco de agua y se pueden eliminar con agua y jab\u00f3n o alcohol. Otro consejo es colocar un trozo de cinta adhesiva sobre el tatuaje y tirarlo.<\/p>\n<h3><b>Econ\u00f3micos<\/b><\/h3>\n<p>Los tatuajes de transferencia son mucho m\u00e1s baratos que los tatuajes semipermanentes.<\/p>\n<h3><b>Flexibilidad<\/b><\/h3>\n<p>Dado que los tatuajes transferibles son temporales, puedes cambiar de dise\u00f1o tantas veces como quieras sin preocuparte por las consecuencias a largo plazo.<\/p>\n<h3><b>Sin dolor<\/b><\/h3>\n<p>La aplicaci\u00f3n es indolora, lo que los hace ideales para ni\u00f1os y adultos que tienen miedo a las agujas. Like inkCumplen con todas las normativas cosm\u00e9ticas de latemporary tattoo UE y est\u00e1n testados dermatol\u00f3gicamente. Los tatuajes semipermanentes tampoco duelen al aplicarlos, pero no se pueden lavar como una transferencia normal. Un tatuaje semipermanente se desvanece con el tiempo.<\/p>\n<h3><b>Opciones personalizadas<\/b><\/h3>\n<p>Es muy f\u00e1cil encargar <a href=\"https:\/\/Likeink.com\/temporary-tattoo\/custom-temporary-tattoos\/\">dise\u00f1os<\/a><br><a href=\"https:\/\/Likeink.com\/temporary-tattoo\/custom-temporary-tattoos\/\">personalizados<\/a> con<a href=\"https:\/\/Likeink.com\/temporary-tattoo\/custom-temporary-tattoos\/\">temporary tattoo<\/a> dise\u00f1os y tama\u00f1os a medida, lo que es perfecto para empresas que desean promocionar su marca o para eventos especiales, probar antes de hacerse un tatuaje permanente y disfrazarse para fiestas de disfraces.<\/p>\n<h2>Limitaciones de los tatuajes semipermanentes<\/h2>\n<p>A pesar de sus ventajas, los tatuajes semipermanentes tienen algunas limitaciones importantes que hay que tener en cuenta:<\/p>\n<h3><b>Sin personalizaci\u00f3n<\/b><\/h3>\n<p>Por lo general, no es posible encargar tatuajes semipermanentes con dise\u00f1os personalizados. La mayor\u00eda de los fabricantes solo ofrecen motivos predise\u00f1ados en tama\u00f1os predeterminados.<\/p>\n<h3><b>No son adecuados para eventos corporativos<\/b><\/h3>\n<p>Dado que estos tatuajes se desarrollan con el tiempo y pueden tardar varios d\u00edas en alcanzar su efecto completo, no son ideales para regalarlos a empleados o clientes en carreras, festivales u otros eventos. La mayor\u00eda de las personas tambi\u00e9n quieren tener la opci\u00f3n de lav\u00e1rselos una vez quetemporary tattoo la fiesta, la carrera o el evento haya terminado.<\/p>\n<h3><b>Paleta de colores limitada<\/b><\/h3>\n<p>Los tatuajes semipermanentes suelen estar disponibles en un solo color, lo que limita su atractivo visual en comparaci\u00f3n con las opciones temporales multicolores. El color es divertido y llamativo.<\/p>\n<h2>Ventajas de los tatuajes semipermanentes<\/h2>\n<p>A pesar de sus limitaciones, los tatuajes semipermanentes tambi\u00e9n tienen algunas ventajas \u00fanicas:<\/p>\n<h3><b>Mayor duraci\u00f3n<\/b><\/h3>\n<p>Duran mucho m\u00e1s que temporary tattoolos tatuajes temporales, lo que es perfecto para quienes quieren probar un dise\u00f1o durante un periodo m\u00e1s largo.<\/p>\n<h3><b>Aspecto natural<\/b><\/h3>\n<p><i>Dado que<\/i> el color penetra m\u00e1s profundamente en la piel, los tatuajes semipermanentes tienen un aspecto m\u00e1s natural y realista que los tatuajes temporales.<\/p>\n<h3><b>Sin mantenimiento diario<\/b><\/h3>\n<p>No hay que preocuparse de que se borren en la ducha o se desvanezcan r\u00e1pidamente.<\/p>\n<h2>Conclusi\u00f3n<\/h2>\n<p>A la hora de elegir entre tatuajes temporales y semipermanentes, es importante tener en cuenta tus necesidades y usos espec\u00edficos. temporary tattooLos tatuajes temporales ofrecen flexibilidad, personalizaci\u00f3n y f\u00e1cil aplicaci\u00f3n, lo que los hace ideales para negocios, eventos, bodas, fiestas y uso personal. Por otro lado, si quieres algo que parezca m\u00e1s natural y dure m\u00e1s tiempo, los tatuajes semipermanentes pueden ser una mejor opci\u00f3n a pesar de sus limitaciones en cuanto a colores y dise\u00f1os. Los tatuajes semipermanentes son una alternativa a los tatuajes reales, mientras que las calcoman\u00edas son m\u00e1s adecuadas para empresas, fiestas y otras ocasiones m\u00e1s temporales.<br>Al comprender las ventajas y limitaciones de ambos tipos de tatuajes, puedes tomar una decisi\u00f3n informada que se adapte mejor a tus necesidades.<\/p>\n<p>En Like ink, puedes pedir calcoman\u00edastemporary tattoo cl\u00e1sicas con cualquier dise\u00f1o que te guste. En  tambi\u00e9nLike ink podemos crear <a href=\"https:\/\/likeink.com\/es\/para-empresas\/\">tatuajes semipermanentes<\/a> con dise\u00f1os personalizados para ti si lo solicitas. Se aplica un pedido m\u00ednimo de 100 piezas por dise\u00f1o. <span style=\"font-size: 1.1em;\">Para ver tatuajes semipermanentes predise\u00f1ados, visita <\/span><span style=\"font-size: 1.1em;\"><a href=\"http:\/\/For pre-designed semi-permanent tattoos, check out\">https:\/\/inkrebel.com\/.<\/a><\/span><\/p>\t\t\t\t\t\t\t\t<\/div>\n\t\t\t\t<\/div>\n\t\t\t\t<\/div>\n\t\t\t\t\t<\/div>\n\t\t\t\t<\/div>\n\t\t\t\t<\/div>\n\t\t","protected":false},"excerpt":{"rendered":"<p>\u00bfQu\u00e9 son los tatuajes semipermanentes? Los tatuajes semipermanentes son un tipo de tatuaje que dura m\u00e1s tiempo que temporary tattoolos tatuajes permanentes, pero no son permanentes. Se aplican utilizando una t\u00e9cnica especial que permite que el color penetre en las capas superiores de la piel, proporcionando un aspecto natural y realista que puede durar varias [&hellip;]<\/p>\n","protected":false},"author":4,"featured_media":0,"parent":0,"menu_order":0,"comment_status":"closed","ping_status":"closed","template":"","meta":{"footnotes":""},"class_list":["post-58729","page","type-page","status-publish","hentry"],"yoast_head":"<!-- This site is optimized with the Yoast SEO Premium plugin v26.2 (Yoast SEO v27.5) - https:\/\/yoast.com\/product\/yoast-seo-premium-wordpress\/ -->\n<title>Tatuajes semipermanentes: todo lo que necesitas saber - Like ink<\/title>\n<meta name=\"description\" content=\"Descubre las ventajas de temporary tattoolos tatuajes temporales frente a los semipermanentes: aplicaci\u00f3n r\u00e1pida e ideales para eventos y disfraces.\" \/>\n<meta name=\"robots\" content=\"index, follow, max-snippet:-1, max-image-preview:large, max-video-preview:-1\" \/>\n<link rel=\"canonical\" href=\"https:\/\/likeink.com\/es\/que-son-los-tatuajes-semipermanentes\/\" \/>\n<meta property=\"og:locale\" content=\"es_ES\" \/>\n<meta property=\"og:type\" content=\"article\" \/>\n<meta property=\"og:title\" content=\"\u00bfQu\u00e9 son los tatuajes semipermanentes?\" \/>\n<meta property=\"og:description\" content=\"\u00bfQu\u00e9 son los tatuajes semipermanentes? Los tatuajes semipermanentes son un tipo de tatuaje que dura m\u00e1s tiempo que temporary tattoolos tatuajes\" \/>\n<meta property=\"og:url\" content=\"https:\/\/likeink.com\/es\/que-son-los-tatuajes-semipermanentes\/\" \/>\n<meta property=\"og:site_name\" content=\"Like ink\" \/>\n<meta property=\"article:publisher\" content=\"https:\/\/www.facebook.com\/LikeInkSe\" \/>\n<meta property=\"article:modified_time\" content=\"2026-02-09T14:07:09+00:00\" \/>\n<meta name=\"twitter:card\" content=\"summary_large_image\" \/>\n<meta name=\"twitter:label1\" content=\"Tiempo de lectura\" \/>\n\t<meta name=\"twitter:data1\" content=\"4 minutos\" \/>\n<!-- \/ Yoast SEO Premium plugin. -->","yoast_head_json":{"title":"Tatuajes semipermanentes: todo lo que necesitas saber - Like ink","description":"Descubre las ventajas de temporary tattoolos tatuajes temporales frente a los semipermanentes: aplicaci\u00f3n r\u00e1pida e ideales para eventos y disfraces.","robots":{"index":"index","follow":"follow","max-snippet":"max-snippet:-1","max-image-preview":"max-image-preview:large","max-video-preview":"max-video-preview:-1"},"canonical":"https:\/\/likeink.com\/es\/que-son-los-tatuajes-semipermanentes\/","og_locale":"es_ES","og_type":"article","og_title":"\u00bfQu\u00e9 son los tatuajes semipermanentes?","og_description":"\u00bfQu\u00e9 son los tatuajes semipermanentes? Los tatuajes semipermanentes son un tipo de tatuaje que dura m\u00e1s tiempo que temporary tattoolos tatuajes","og_url":"https:\/\/likeink.com\/es\/que-son-los-tatuajes-semipermanentes\/","og_site_name":"Like ink","article_publisher":"https:\/\/www.facebook.com\/LikeInkSe","article_modified_time":"2026-02-09T14:07:09+00:00","twitter_card":"summary_large_image","twitter_misc":{"Tiempo de lectura":"4 minutos"},"schema":{"@context":"https:\/\/schema.org","@graph":[{"@type":"WebPage","@id":"https:\/\/likeink.com\/es\/que-son-los-tatuajes-semipermanentes\/","url":"https:\/\/likeink.com\/es\/que-son-los-tatuajes-semipermanentes\/","name":"Tatuajes semipermanentes: todo lo que necesitas saber - Like ink","isPartOf":{"@id":"https:\/\/likeink.com\/es\/#website"},"datePublished":"2026-02-09T14:07:07+00:00","dateModified":"2026-02-09T14:07:09+00:00","description":"Descubre las ventajas de temporary tattoolos tatuajes temporales frente a los semipermanentes: aplicaci\u00f3n r\u00e1pida e ideales para eventos y disfraces.","breadcrumb":{"@id":"https:\/\/likeink.com\/es\/que-son-los-tatuajes-semipermanentes\/#breadcrumb"},"inLanguage":"es","potentialAction":[{"@type":"ReadAction","target":["https:\/\/likeink.com\/es\/que-son-los-tatuajes-semipermanentes\/"]}]},{"@type":"BreadcrumbList","@id":"https:\/\/likeink.com\/es\/que-son-los-tatuajes-semipermanentes\/#breadcrumb","itemListElement":[{"@type":"ListItem","position":1,"name":"Hem","item":"https:\/\/likeink.com\/es\/"},{"@type":"ListItem","position":2,"name":"\u00bfQu\u00e9 son los tatuajes semipermanentes?"}]},{"@type":"WebSite","@id":"https:\/\/likeink.com\/es\/#website","url":"https:\/\/likeink.com\/es\/","name":"Like ink","description":"HAZ TUS PROPIOS TATUAJES TEMPORALES","potentialAction":[{"@type":"SearchAction","target":{"@type":"EntryPoint","urlTemplate":"https:\/\/likeink.com\/es\/?s={search_term_string}"},"query-input":{"@type":"PropertyValueSpecification","valueRequired":true,"valueName":"search_term_string"}}],"inLanguage":"es"}]}},"_links":{"self":[{"href":"https:\/\/likeink.com\/es\/wp-json\/wp\/v2\/pages\/58729","targetHints":{"allow":["GET"]}}],"collection":[{"href":"https:\/\/likeink.com\/es\/wp-json\/wp\/v2\/pages"}],"about":[{"href":"https:\/\/likeink.com\/es\/wp-json\/wp\/v2\/types\/page"}],"author":[{"embeddable":true,"href":"https:\/\/likeink.com\/es\/wp-json\/wp\/v2\/users\/4"}],"replies":[{"embeddable":true,"href":"https:\/\/likeink.com\/es\/wp-json\/wp\/v2\/comments?post=58729"}],"version-history":[{"count":1,"href":"https:\/\/likeink.com\/es\/wp-json\/wp\/v2\/pages\/58729\/revisions"}],"predecessor-version":[{"id":58730,"href":"https:\/\/likeink.com\/es\/wp-json\/wp\/v2\/pages\/58729\/revisions\/58730"}],"wp:attachment":[{"href":"https:\/\/likeink.com\/es\/wp-json\/wp\/v2\/media?parent=58729"}],"curies":[{"name":"wp","href":"https:\/\/api.w.org\/{rel}","templated":true}]}}