{"id":12079,"date":"2022-01-22T16:54:47","date_gmt":"2022-01-22T16:54:47","guid":{"rendered":"https:\/\/likeink.se\/produkt\/de-dodas-dag-svarta-doskalletatueringar\/"},"modified":"2026-03-16T21:13:28","modified_gmt":"2026-03-16T21:13:28","slug":"tatuajes-de-calaveras-negras-para-el-dia-de-los-muertos","status":"publish","type":"product","link":"https:\/\/likeink.com\/es\/tatuaje-falso\/tatuajes-de-calaveras-negras-para-el-dia-de-los-muertos\/","title":{"rendered":"Tatuajes de calaveras negras para el D\u00eda de los muertos"},"content":{"rendered":"","protected":false},"excerpt":{"rendered":"<p>En Like ink, puedes encargar l\u00e1minas ya listas con tatuajes temporales (que a veces tambi\u00e9n reciben el nombre de tatuajes falsos o calcoman\u00edas). <span style=\"font-family: Arial, Helvetica, sans-serif;\">\u00a1<\/span>Imprimimos y te enviamos tus tatuajes en un plazo de 24 horas!<br \/>\nDisponemos de un mont\u00f3n de tatuajes falsos ya dibujados y, adem\u00e1s, puedes subir los motivos que quieras y encargarnos calcoman\u00edas con tu propio dise\u00f1o. <\/p>\n<p>Esperamos que te gusten los dise\u00f1os\/los tatuajes de esta l\u00e1mina que se llama \u00abL\u00e1mina A5 con tatuajes de calaveras negras para el D\u00eda de los muertos\u00bb y te damos las gracias por encargar tus calcoman\u00edas a Like ink. <\/p>\n<h2>Tatuajes de calaveras negras mexicanos en distintos tama\u00f1os. Los tatuajes se env\u00edan en un plazo de 24\u00a0h. D\u00eda de los muertos<\/h2>\n<p>Tama\u00f1o de tu tatuaje:<br \/>\nNuestras l\u00e1minas con calcoman\u00edas tienen unas dimensiones de 20&#215;14 cm y est\u00e1n repletas de tatuajes, como puedes ver en las im\u00e1genes del producto. <\/p>\n<p>\u00bfCu\u00e1nto dura un tatuaje de calcoman\u00eda y c\u00f3mo funciona?<br \/>\nNuestras calcoman\u00edas duran de 1 a 10 d\u00edas, dependiendo de su ubicaci\u00f3n y del cuidado que les des. Los tatuajes falsos son f\u00e1ciles de aplicar y de eliminar y, junto con tu pedido, recibir\u00e1s las instrucciones. <\/p>\n<p>&#8211;                     Corta el tattoo individual como el de la imagen<br \/>\n&#8211;                     Quita la pel\u00edcula transparente del adhesivo<br \/>\n&#8211;                     Coloca el tattoo en la posici\u00f3n deseada<br \/>\n&#8211;                     Aplica agua con una esponja h\u00fameda o una toalla<br \/>\n&#8211;                     Al cabo de 15 segundos, quita el papel mojado<br \/>\n&#8211;                     Y listo. <span style=\"font-family: Arial, Helvetica, sans-serif;\">\u00a1<\/span>Divi\u00e9rtete y disfruta!<br \/>\n&#8211;                     Si deseas tener un acabado mate, aplica polvos de talco.<\/p>\n<p><span style=\"font-family: Arial, Helvetica, sans-serif;\">\u00a1<\/span>Otra informaci\u00f3n! <\/p>\n<p>Entrega:<br \/>\nEnviamos pedidos a diario a todo el mundo desde nuestra imprenta de Malm\u00f6, Suecia. Imprimimos y te enviamos tus tatuajes temporales en un plazo de 24 horas pero, aunque somos r\u00e1pidos, el plazo de entrega normal es de 5-10 d\u00edas fuera de Suecia. Por eso, encarga tus tatuajes con antelaci\u00f3n. <\/p>\n<p>\u00bfLos tatuajes falsos son respetuosos con el medio ambiente?<br \/>\nLos tatuajes son veganos y para nosotros en Like ink, el medio ambiente es importe. Todos los componentes est\u00e1n exentos de PVC y PCB.<br \/>\nCompensamos clim\u00e1ticamente todos los env\u00edos y utilizamos colores, sobres y art\u00edculos de imprenta con etiqueta ecol\u00f3gica n\u00f3rdica, seguros para ti y buenos para el medio ambiente.<br \/>\nCumplimos el Reglamento (CE) n.\u00ba 1223\/2009 (Directiva UE sobre los productos cosm\u00e9ticos y su seguridad)<\/p>\n<p><span style=\"font-family: Arial, Helvetica, sans-serif;\">\u00a1<\/span>Te deseamos un d\u00eda fant\u00e1stico! <\/p>\n<p>Like ink \u2013 <span style=\"font-family: Arial, Helvetica, sans-serif;\">\u00a1<\/span>Real Fake Tattoos!<\/p>\n","protected":false},"featured_media":11456,"template":"","meta":[],"product_brand":[],"product_cat":[240,252,248],"product_tag":[],"class_list":{"0":"post-12079","1":"product","2":"type-product","3":"status-publish","4":"has-post-thumbnail","6":"product_cat-hojas-pre-disenadas","7":"product_cat-tatuajes-de-calaveras","8":"product_cat-tatuajes-para-las-fiestas","10":"first","11":"instock","12":"taxable","13":"shipping-taxable","14":"purchasable","15":"product-type-simple"},"yoast_head":"<!-- This site is optimized with the Yoast SEO Premium plugin v26.2 (Yoast SEO v27.4) - https:\/\/yoast.com\/product\/yoast-seo-premium-wordpress\/ -->\n<title>L\u00e1mina A5 con tatuajes de calaveras negras para el D\u00eda de los muertos<\/title>\n<meta name=\"description\" content=\"Tatuajes de calaveras negras mexicanos en distintos tama\u00f1os. Los tatuajes se env\u00edan en un plazo de 24\u00a0h. D\u00eda de los muertos - Like ink\" \/>\n<meta name=\"robots\" content=\"index, follow, max-snippet:-1, max-image-preview:large, max-video-preview:-1\" \/>\n<link rel=\"canonical\" href=\"https:\/\/likeink.com\/es\/tatuaje-falso\/tatuajes-de-calaveras-negras-para-el-dia-de-los-muertos\/\" \/>\n<meta property=\"og:locale\" content=\"es_ES\" \/>\n<meta property=\"og:type\" content=\"article\" \/>\n<meta property=\"og:title\" content=\"Tatuajes de calaveras negras para el D\u00eda de los muertos\" \/>\n<meta property=\"og:description\" content=\"En Like ink, puedes encargar l\u00e1minas ya listas con tatuajes temporales (que a veces tambi\u00e9n reciben el nombre de tatuajes falsos o calcoman\u00edas). \u00a1Imprimimos y te enviamos tus tatuajes en un plazo de 24 horas!  Disponemos de un mont\u00f3n de tatuajes falsos ya dibujados y, adem\u00e1s, puedes subir los motivos que quieras y encargarnos calcoman\u00edas con tu propio dise\u00f1o.   Esperamos que te gusten los dise\u00f1os\/los tatuajes de esta l\u00e1mina que se llama \u00abL\u00e1mina A5 con tatuajes de calaveras negras para el D\u00eda de los muertos\u00bb y te damos las gracias por encargar tus calcoman\u00edas a Like ink.   Tatuajes de calaveras negras mexicanos en distintos tama\u00f1os. Los tatuajes se env\u00edan en un plazo de 24\u00a0h. D\u00eda de los muertos   Tama\u00f1o de tu tatuaje:  Nuestras l\u00e1minas con calcoman\u00edas tienen unas dimensiones de 20x14 cm y est\u00e1n repletas de tatuajes, como puedes ver en las im\u00e1genes del producto.   \u00bfCu\u00e1nto dura un tatuaje de calcoman\u00eda y c\u00f3mo funciona?  Nuestras calcoman\u00edas duran de 1 a 10 d\u00edas, dependiendo de su ubicaci\u00f3n y del cuidado que les des. Los tatuajes falsos son f\u00e1ciles de aplicar y de eliminar y, junto con tu pedido, recibir\u00e1s las instrucciones.   -           Corta el tattoo individual como el de la imagen -           Quita la pel\u00edcula transparente del adhesivo -           Coloca el tattoo en la posici\u00f3n deseada -           Aplica agua con una esponja h\u00fameda o una toalla -           Al cabo de 15 segundos, quita el papel mojado -           Y listo. \u00a1Divi\u00e9rtete y disfruta! -           Si deseas tener un acabado mate, aplica polvos de talco.  \u00a1Otra informaci\u00f3n!   Entrega:  Enviamos pedidos a diario a todo el mundo desde nuestra imprenta de Malm\u00f6, Suecia. Imprimimos y te enviamos tus tatuajes temporales en un plazo de 24 horas pero, aunque somos r\u00e1pidos, el plazo de entrega normal es de 5-10 d\u00edas fuera de Suecia. Por eso, encarga tus tatuajes con antelaci\u00f3n.   \u00bfLos tatuajes falsos son respetuosos con el medio ambiente?  Los tatuajes son veganos y para nosotros en Like ink, el medio ambiente es importe. Todos los componentes est\u00e1n exentos de PVC y PCB. Compensamos clim\u00e1ticamente todos los env\u00edos y utilizamos colores, sobres y art\u00edculos de imprenta con etiqueta ecol\u00f3gica n\u00f3rdica, seguros para ti y buenos para el medio ambiente.  Cumplimos el Reglamento (CE) n.\u00ba 1223\/2009 (Directiva UE sobre los productos cosm\u00e9ticos y su seguridad)    \u00a1Te deseamos un d\u00eda fant\u00e1stico!   Like ink \u2013 \u00a1Real Fake Tattoos!\" \/>\n<meta property=\"og:url\" content=\"https:\/\/likeink.com\/es\/tatuaje-falso\/tatuajes-de-calaveras-negras-para-el-dia-de-los-muertos\/\" \/>\n<meta property=\"og:site_name\" content=\"Like ink\" \/>\n<meta property=\"article:publisher\" content=\"https:\/\/www.facebook.com\/LikeInkSe\" \/>\n<meta property=\"article:modified_time\" content=\"2026-03-16T21:13:28+00:00\" \/>\n<meta property=\"og:image\" content=\"https:\/\/likeink.com\/wp-content\/uploads\/2022\/01\/Mexikanska-svarta-doskallar-likeink.jpg\" \/>\n\t<meta property=\"og:image:width\" content=\"900\" \/>\n\t<meta property=\"og:image:height\" content=\"634\" \/>\n\t<meta property=\"og:image:type\" content=\"image\/jpeg\" \/>\n<meta name=\"twitter:card\" content=\"summary_large_image\" \/>\n<script type=\"application\/ld+json\" class=\"yoast-schema-graph\">{\"@context\":\"https:\\\/\\\/schema.org\",\"@graph\":[{\"@type\":\"WebPage\",\"@id\":\"https:\\\/\\\/likeink.com\\\/es\\\/tatuaje-falso\\\/tatuajes-de-calaveras-negras-para-el-dia-de-los-muertos\\\/\",\"url\":\"https:\\\/\\\/likeink.com\\\/es\\\/tatuaje-falso\\\/tatuajes-de-calaveras-negras-para-el-dia-de-los-muertos\\\/\",\"name\":\"L\u00e1mina A5 con tatuajes de calaveras negras para el D\u00eda de los muertos\",\"isPartOf\":{\"@id\":\"https:\\\/\\\/likeink.com\\\/es\\\/#website\"},\"primaryImageOfPage\":{\"@id\":\"https:\\\/\\\/likeink.com\\\/es\\\/tatuaje-falso\\\/tatuajes-de-calaveras-negras-para-el-dia-de-los-muertos\\\/#primaryimage\"},\"image\":{\"@id\":\"https:\\\/\\\/likeink.com\\\/es\\\/tatuaje-falso\\\/tatuajes-de-calaveras-negras-para-el-dia-de-los-muertos\\\/#primaryimage\"},\"thumbnailUrl\":\"https:\\\/\\\/likeink.com\\\/wp-content\\\/uploads\\\/2022\\\/01\\\/Mexikanska-svarta-doskallar-likeink.jpg\",\"datePublished\":\"2022-01-22T16:54:47+00:00\",\"dateModified\":\"2026-03-16T21:13:28+00:00\",\"description\":\"Tatuajes de calaveras negras mexicanos en distintos tama\u00f1os. Los tatuajes se env\u00edan en un plazo de 24\u00a0h. D\u00eda de los muertos - Like ink\",\"breadcrumb\":{\"@id\":\"https:\\\/\\\/likeink.com\\\/es\\\/tatuaje-falso\\\/tatuajes-de-calaveras-negras-para-el-dia-de-los-muertos\\\/#breadcrumb\"},\"inLanguage\":\"es\",\"potentialAction\":[{\"@type\":\"ReadAction\",\"target\":[\"https:\\\/\\\/likeink.com\\\/es\\\/tatuaje-falso\\\/tatuajes-de-calaveras-negras-para-el-dia-de-los-muertos\\\/\"]}]},{\"@type\":\"ImageObject\",\"inLanguage\":\"es\",\"@id\":\"https:\\\/\\\/likeink.com\\\/es\\\/tatuaje-falso\\\/tatuajes-de-calaveras-negras-para-el-dia-de-los-muertos\\\/#primaryimage\",\"url\":\"https:\\\/\\\/likeink.com\\\/wp-content\\\/uploads\\\/2022\\\/01\\\/Mexikanska-svarta-doskallar-likeink.jpg\",\"contentUrl\":\"https:\\\/\\\/likeink.com\\\/wp-content\\\/uploads\\\/2022\\\/01\\\/Mexikanska-svarta-doskallar-likeink.jpg\",\"width\":900,\"height\":634,\"caption\":\"Hoja con calaveras mexicanas como tatuajes falsos.\"},{\"@type\":\"BreadcrumbList\",\"@id\":\"https:\\\/\\\/likeink.com\\\/es\\\/tatuaje-falso\\\/tatuajes-de-calaveras-negras-para-el-dia-de-los-muertos\\\/#breadcrumb\",\"itemListElement\":[{\"@type\":\"ListItem\",\"position\":1,\"name\":\"Hem\",\"item\":\"https:\\\/\\\/likeink.com\\\/es\\\/\"},{\"@type\":\"ListItem\",\"position\":2,\"name\":\"Shop\",\"item\":\"https:\\\/\\\/likeink.com\\\/es\\\/shop\\\/\"},{\"@type\":\"ListItem\",\"position\":3,\"name\":\"Tatuajes de calaveras negras para el D\u00eda de los muertos\"}]},{\"@type\":\"WebSite\",\"@id\":\"https:\\\/\\\/likeink.com\\\/es\\\/#website\",\"url\":\"https:\\\/\\\/likeink.com\\\/es\\\/\",\"name\":\"Like ink\",\"description\":\"HAZ TUS PROPIOS TATUAJES TEMPORALES\",\"potentialAction\":[{\"@type\":\"SearchAction\",\"target\":{\"@type\":\"EntryPoint\",\"urlTemplate\":\"https:\\\/\\\/likeink.com\\\/es\\\/?s={search_term_string}\"},\"query-input\":{\"@type\":\"PropertyValueSpecification\",\"valueRequired\":true,\"valueName\":\"search_term_string\"}}],\"inLanguage\":\"es\"}]}<\/script>\n<!-- \/ Yoast SEO Premium plugin. -->","yoast_head_json":{"title":"L\u00e1mina A5 con tatuajes de calaveras negras para el D\u00eda de los muertos","description":"Tatuajes de calaveras negras mexicanos en distintos tama\u00f1os. Los tatuajes se env\u00edan en un plazo de 24\u00a0h. D\u00eda de los muertos - Like ink","robots":{"index":"index","follow":"follow","max-snippet":"max-snippet:-1","max-image-preview":"max-image-preview:large","max-video-preview":"max-video-preview:-1"},"canonical":"https:\/\/likeink.com\/es\/tatuaje-falso\/tatuajes-de-calaveras-negras-para-el-dia-de-los-muertos\/","og_locale":"es_ES","og_type":"article","og_title":"Tatuajes de calaveras negras para el D\u00eda de los muertos","og_description":"En Like ink, puedes encargar l\u00e1minas ya listas con tatuajes temporales (que a veces tambi\u00e9n reciben el nombre de tatuajes falsos o calcoman\u00edas). \u00a1Imprimimos y te enviamos tus tatuajes en un plazo de 24 horas!  Disponemos de un mont\u00f3n de tatuajes falsos ya dibujados y, adem\u00e1s, puedes subir los motivos que quieras y encargarnos calcoman\u00edas con tu propio dise\u00f1o.   Esperamos que te gusten los dise\u00f1os\/los tatuajes de esta l\u00e1mina que se llama \u00abL\u00e1mina A5 con tatuajes de calaveras negras para el D\u00eda de los muertos\u00bb y te damos las gracias por encargar tus calcoman\u00edas a Like ink.   Tatuajes de calaveras negras mexicanos en distintos tama\u00f1os. Los tatuajes se env\u00edan en un plazo de 24\u00a0h. D\u00eda de los muertos   Tama\u00f1o de tu tatuaje:  Nuestras l\u00e1minas con calcoman\u00edas tienen unas dimensiones de 20x14 cm y est\u00e1n repletas de tatuajes, como puedes ver en las im\u00e1genes del producto.   \u00bfCu\u00e1nto dura un tatuaje de calcoman\u00eda y c\u00f3mo funciona?  Nuestras calcoman\u00edas duran de 1 a 10 d\u00edas, dependiendo de su ubicaci\u00f3n y del cuidado que les des. Los tatuajes falsos son f\u00e1ciles de aplicar y de eliminar y, junto con tu pedido, recibir\u00e1s las instrucciones.   -           Corta el tattoo individual como el de la imagen -           Quita la pel\u00edcula transparente del adhesivo -           Coloca el tattoo en la posici\u00f3n deseada -           Aplica agua con una esponja h\u00fameda o una toalla -           Al cabo de 15 segundos, quita el papel mojado -           Y listo. \u00a1Divi\u00e9rtete y disfruta! -           Si deseas tener un acabado mate, aplica polvos de talco.  \u00a1Otra informaci\u00f3n!   Entrega:  Enviamos pedidos a diario a todo el mundo desde nuestra imprenta de Malm\u00f6, Suecia. Imprimimos y te enviamos tus tatuajes temporales en un plazo de 24 horas pero, aunque somos r\u00e1pidos, el plazo de entrega normal es de 5-10 d\u00edas fuera de Suecia. Por eso, encarga tus tatuajes con antelaci\u00f3n.   \u00bfLos tatuajes falsos son respetuosos con el medio ambiente?  Los tatuajes son veganos y para nosotros en Like ink, el medio ambiente es importe. Todos los componentes est\u00e1n exentos de PVC y PCB. Compensamos clim\u00e1ticamente todos los env\u00edos y utilizamos colores, sobres y art\u00edculos de imprenta con etiqueta ecol\u00f3gica n\u00f3rdica, seguros para ti y buenos para el medio ambiente.  Cumplimos el Reglamento (CE) n.\u00ba 1223\/2009 (Directiva UE sobre los productos cosm\u00e9ticos y su seguridad)    \u00a1Te deseamos un d\u00eda fant\u00e1stico!   Like ink \u2013 \u00a1Real Fake Tattoos!","og_url":"https:\/\/likeink.com\/es\/tatuaje-falso\/tatuajes-de-calaveras-negras-para-el-dia-de-los-muertos\/","og_site_name":"Like ink","article_publisher":"https:\/\/www.facebook.com\/LikeInkSe","article_modified_time":"2026-03-16T21:13:28+00:00","og_image":[{"width":900,"height":634,"url":"https:\/\/likeink.com\/wp-content\/uploads\/2022\/01\/Mexikanska-svarta-doskallar-likeink.jpg","type":"image\/jpeg"}],"twitter_card":"summary_large_image","schema":{"@context":"https:\/\/schema.org","@graph":[{"@type":"WebPage","@id":"https:\/\/likeink.com\/es\/tatuaje-falso\/tatuajes-de-calaveras-negras-para-el-dia-de-los-muertos\/","url":"https:\/\/likeink.com\/es\/tatuaje-falso\/tatuajes-de-calaveras-negras-para-el-dia-de-los-muertos\/","name":"L\u00e1mina A5 con tatuajes de calaveras negras para el D\u00eda de los muertos","isPartOf":{"@id":"https:\/\/likeink.com\/es\/#website"},"primaryImageOfPage":{"@id":"https:\/\/likeink.com\/es\/tatuaje-falso\/tatuajes-de-calaveras-negras-para-el-dia-de-los-muertos\/#primaryimage"},"image":{"@id":"https:\/\/likeink.com\/es\/tatuaje-falso\/tatuajes-de-calaveras-negras-para-el-dia-de-los-muertos\/#primaryimage"},"thumbnailUrl":"https:\/\/likeink.com\/wp-content\/uploads\/2022\/01\/Mexikanska-svarta-doskallar-likeink.jpg","datePublished":"2022-01-22T16:54:47+00:00","dateModified":"2026-03-16T21:13:28+00:00","description":"Tatuajes de calaveras negras mexicanos en distintos tama\u00f1os. Los tatuajes se env\u00edan en un plazo de 24\u00a0h. D\u00eda de los muertos - Like ink","breadcrumb":{"@id":"https:\/\/likeink.com\/es\/tatuaje-falso\/tatuajes-de-calaveras-negras-para-el-dia-de-los-muertos\/#breadcrumb"},"inLanguage":"es","potentialAction":[{"@type":"ReadAction","target":["https:\/\/likeink.com\/es\/tatuaje-falso\/tatuajes-de-calaveras-negras-para-el-dia-de-los-muertos\/"]}]},{"@type":"ImageObject","inLanguage":"es","@id":"https:\/\/likeink.com\/es\/tatuaje-falso\/tatuajes-de-calaveras-negras-para-el-dia-de-los-muertos\/#primaryimage","url":"https:\/\/likeink.com\/wp-content\/uploads\/2022\/01\/Mexikanska-svarta-doskallar-likeink.jpg","contentUrl":"https:\/\/likeink.com\/wp-content\/uploads\/2022\/01\/Mexikanska-svarta-doskallar-likeink.jpg","width":900,"height":634,"caption":"Hoja con calaveras mexicanas como tatuajes falsos."},{"@type":"BreadcrumbList","@id":"https:\/\/likeink.com\/es\/tatuaje-falso\/tatuajes-de-calaveras-negras-para-el-dia-de-los-muertos\/#breadcrumb","itemListElement":[{"@type":"ListItem","position":1,"name":"Hem","item":"https:\/\/likeink.com\/es\/"},{"@type":"ListItem","position":2,"name":"Shop","item":"https:\/\/likeink.com\/es\/shop\/"},{"@type":"ListItem","position":3,"name":"Tatuajes de calaveras negras para el D\u00eda de los muertos"}]},{"@type":"WebSite","@id":"https:\/\/likeink.com\/es\/#website","url":"https:\/\/likeink.com\/es\/","name":"Like ink","description":"HAZ TUS PROPIOS TATUAJES TEMPORALES","potentialAction":[{"@type":"SearchAction","target":{"@type":"EntryPoint","urlTemplate":"https:\/\/likeink.com\/es\/?s={search_term_string}"},"query-input":{"@type":"PropertyValueSpecification","valueRequired":true,"valueName":"search_term_string"}}],"inLanguage":"es"}]}},"_links":{"self":[{"href":"https:\/\/likeink.com\/es\/wp-json\/wp\/v2\/product\/12079","targetHints":{"allow":["GET"]}}],"collection":[{"href":"https:\/\/likeink.com\/es\/wp-json\/wp\/v2\/product"}],"about":[{"href":"https:\/\/likeink.com\/es\/wp-json\/wp\/v2\/types\/product"}],"wp:featuredmedia":[{"embeddable":true,"href":"https:\/\/likeink.com\/es\/wp-json\/wp\/v2\/media\/11456"}],"wp:attachment":[{"href":"https:\/\/likeink.com\/es\/wp-json\/wp\/v2\/media?parent=12079"}],"wp:term":[{"taxonomy":"product_brand","embeddable":true,"href":"https:\/\/likeink.com\/es\/wp-json\/wp\/v2\/product_brand?post=12079"},{"taxonomy":"product_cat","embeddable":true,"href":"https:\/\/likeink.com\/es\/wp-json\/wp\/v2\/product_cat?post=12079"},{"taxonomy":"product_tag","embeddable":true,"href":"https:\/\/likeink.com\/es\/wp-json\/wp\/v2\/product_tag?post=12079"}],"curies":[{"name":"wp","href":"https:\/\/api.w.org\/{rel}","templated":true}]}}