{"id":12087,"date":"2022-01-21T18:54:50","date_gmt":"2022-01-21T18:54:50","guid":{"rendered":"https:\/\/likeink.se\/produkt\/sticker-tattoos-a5-ark\/"},"modified":"2026-03-16T21:35:54","modified_gmt":"2026-03-16T21:35:54","slug":"lamina-a5-con-tattoos-adhesivos","status":"publish","type":"product","link":"https:\/\/likeink.com\/es\/tatuaje-falso\/lamina-a5-con-tattoos-adhesivos\/","title":{"rendered":"Tatuajes adhesivos"},"content":{"rendered":"","protected":false},"excerpt":{"rendered":"<p>En Like ink, puedes encargar l\u00e1minas ya listas con tatuajes temporales (que a veces tambi\u00e9n reciben el nombre de tatuajes falsos o calcoman\u00edas). <span style=\"font-family: Arial, Helvetica, sans-serif;\">\u00a1<\/span>Imprimimos y te enviamos tus tatuajes en un plazo de 24 horas!<br \/>\nDisponemos de un mont\u00f3n de tatuajes falsos ya dibujados y, adem\u00e1s, puedes subir los motivos que quieras y encargarnos calcoman\u00edas con tu propio dise\u00f1o.<\/p>\n<p>Esperamos que te gusten los dise\u00f1os\/los tatuajes de esta l\u00e1mina que se llama \u00abL\u00e1mina A5 con tattoos adhesivos\u00bb y te damos las gracias por encargar tus calcoman\u00edas a Like ink.<\/p>\n<h2>La l\u00e1mina con tattoos adhesivos est\u00e1 repleta de calcoman\u00edas inspiradas en adhesivos cl\u00e1sicos en colores pastel. \u00a1Buena calidad y entrega r\u00e1pida!<\/h2>\n<p>Tama\u00f1o de tu tatuaje:<br \/>\nNuestras l\u00e1minas con calcoman\u00edas tienen unas dimensiones de 20&#215;14 cm y est\u00e1n repletas de tatuajes, como puedes ver en las im\u00e1genes del producto.<\/p>\n<p>\u00bfCu\u00e1nto dura un tatuaje de calcoman\u00eda y c\u00f3mo funciona?<br \/>\nNuestras calcoman\u00edas duran de 1 a 10 d\u00edas, dependiendo de su ubicaci\u00f3n y del cuidado que les des. Los tatuajes falsos son f\u00e1ciles de aplicar y de eliminar y, junto con tu pedido, recibir\u00e1s las instrucciones.<\/p>\n<p>&#8211; Corta el tattoo individual como el de la imagen<br \/>\n&#8211; Quita la pel\u00edcula transparente del adhesivo<br \/>\n&#8211; Coloca el tattoo en la posici\u00f3n deseada<br \/>\n&#8211; Aplica agua con una esponja h\u00fameda o una toalla<br \/>\n&#8211; Al cabo de 15 segundos, quita el papel mojado<br \/>\n&#8211; Y listo. <span style=\"font-family: Arial, Helvetica, sans-serif;\">\u00a1<\/span>Divi\u00e9rtete y disfruta!<br \/>\n&#8211; Si deseas tener un acabado mate, aplica polvos de talco.<\/p>\n<p><span style=\"font-family: Arial, Helvetica, sans-serif;\">\u00a1<\/span>Otra informaci\u00f3n!<\/p>\n<p>Entrega:<br \/>\nEnviamos pedidos a diario a todo el mundo desde nuestra imprenta de Malm\u00f6, Suecia. Imprimimos y te enviamos tus tatuajes temporales en un plazo de 24 horas pero, aunque somos r\u00e1pidos, el plazo de entrega normal es de 5-10 d\u00edas fuera de Suecia. Por eso, encarga tus tatuajes con antelaci\u00f3n.<\/p>\n<p>\u00bfLos tatuajes falsos son respetuosos con el medio ambiente?<br \/>\nLos tatuajes son veganos y para nosotros en Like ink, el medio ambiente es importe. Todos los componentes est\u00e1n exentos de PVC y PCB.<br \/>\nCompensamos clim\u00e1ticamente todos los env\u00edos y utilizamos colores, sobres y art\u00edculos de imprenta con etiqueta ecol\u00f3gica n\u00f3rdica, seguros para ti y buenos para el medio ambiente.<br \/>\nCumplimos el Reglamento (CE) n.\u00ba 1223\/2009 (Directiva UE sobre los productos cosm\u00e9ticos y su seguridad)<\/p>\n<p><span style=\"font-family: Arial, Helvetica, sans-serif;\">\u00a1<\/span>Te deseamos un d\u00eda fant\u00e1stico!<\/p>\n<p>Like ink \u2013 <span style=\"font-family: Arial, Helvetica, sans-serif;\">\u00a1<\/span>Real Fake Tattoos!<\/p>\n","protected":false},"featured_media":11452,"template":"","meta":[],"product_brand":[],"product_cat":[240,241],"product_tag":[],"class_list":{"0":"post-12087","1":"product","2":"type-product","3":"status-publish","4":"has-post-thumbnail","6":"product_cat-hojas-pre-disenadas","7":"product_cat-tatuajes-de-amor","9":"first","10":"instock","11":"taxable","12":"shipping-taxable","13":"purchasable","14":"product-type-simple"},"yoast_head":"<!-- This site is optimized with the Yoast SEO Premium plugin v26.2 (Yoast SEO v27.4) - https:\/\/yoast.com\/product\/yoast-seo-premium-wordpress\/ -->\n<title>L\u00e1mina A5 con tattoos adhesivos I tatuajes temporales - Like ink<\/title>\n<meta name=\"description\" content=\"La l\u00e1mina con tattoos adhesivos est\u00e1 repleta de calcoman\u00edas inspiradas en adhesivos cl\u00e1sicos en colores pastel. \u00a1Buena calidad y entrega r\u00e1pida! - Like ink\" \/>\n<meta name=\"robots\" content=\"index, follow, max-snippet:-1, max-image-preview:large, max-video-preview:-1\" \/>\n<link rel=\"canonical\" href=\"https:\/\/likeink.com\/es\/tatuaje-falso\/lamina-a5-con-tattoos-adhesivos\/\" \/>\n<meta property=\"og:locale\" content=\"es_ES\" \/>\n<meta property=\"og:type\" content=\"article\" \/>\n<meta property=\"og:title\" content=\"Tatuajes adhesivos\" \/>\n<meta property=\"og:description\" content=\"En Like ink, puedes encargar l\u00e1minas ya listas con tatuajes temporales (que a veces tambi\u00e9n reciben el nombre de tatuajes falsos o calcoman\u00edas). \u00a1Imprimimos y te enviamos tus tatuajes en un plazo de 24 horas! Disponemos de un mont\u00f3n de tatuajes falsos ya dibujados y, adem\u00e1s, puedes subir los motivos que quieras y encargarnos calcoman\u00edas con tu propio dise\u00f1o.  Esperamos que te gusten los dise\u00f1os\/los tatuajes de esta l\u00e1mina que se llama \u00abL\u00e1mina A5 con tattoos adhesivos\u00bb y te damos las gracias por encargar tus calcoman\u00edas a Like ink. La l\u00e1mina con tattoos adhesivos est\u00e1 repleta de calcoman\u00edas inspiradas en adhesivos cl\u00e1sicos en colores pastel. \u00a1Buena calidad y entrega r\u00e1pida! Tama\u00f1o de tu tatuaje: Nuestras l\u00e1minas con calcoman\u00edas tienen unas dimensiones de 20x14 cm y est\u00e1n repletas de tatuajes, como puedes ver en las im\u00e1genes del producto.  \u00bfCu\u00e1nto dura un tatuaje de calcoman\u00eda y c\u00f3mo funciona? Nuestras calcoman\u00edas duran de 1 a 10 d\u00edas, dependiendo de su ubicaci\u00f3n y del cuidado que les des. Los tatuajes falsos son f\u00e1ciles de aplicar y de eliminar y, junto con tu pedido, recibir\u00e1s las instrucciones.  - Corta el tattoo individual como el de la imagen - Quita la pel\u00edcula transparente del adhesivo - Coloca el tattoo en la posici\u00f3n deseada - Aplica agua con una esponja h\u00fameda o una toalla - Al cabo de 15 segundos, quita el papel mojado - Y listo. \u00a1Divi\u00e9rtete y disfruta! - Si deseas tener un acabado mate, aplica polvos de talco.  \u00a1Otra informaci\u00f3n!  Entrega: Enviamos pedidos a diario a todo el mundo desde nuestra imprenta de Malm\u00f6, Suecia. Imprimimos y te enviamos tus tatuajes temporales en un plazo de 24 horas pero, aunque somos r\u00e1pidos, el plazo de entrega normal es de 5-10 d\u00edas fuera de Suecia. Por eso, encarga tus tatuajes con antelaci\u00f3n.  \u00bfLos tatuajes falsos son respetuosos con el medio ambiente? Los tatuajes son veganos y para nosotros en Like ink, el medio ambiente es importe. Todos los componentes est\u00e1n exentos de PVC y PCB. Compensamos clim\u00e1ticamente todos los env\u00edos y utilizamos colores, sobres y art\u00edculos de imprenta con etiqueta ecol\u00f3gica n\u00f3rdica, seguros para ti y buenos para el medio ambiente. Cumplimos el Reglamento (CE) n.\u00ba 1223\/2009 (Directiva UE sobre los productos cosm\u00e9ticos y su seguridad)  \u00a1Te deseamos un d\u00eda fant\u00e1stico!  Like ink \u2013 \u00a1Real Fake Tattoos!\" \/>\n<meta property=\"og:url\" content=\"https:\/\/likeink.com\/es\/tatuaje-falso\/lamina-a5-con-tattoos-adhesivos\/\" \/>\n<meta property=\"og:site_name\" content=\"Like ink\" \/>\n<meta property=\"article:publisher\" content=\"https:\/\/www.facebook.com\/LikeInkSe\" \/>\n<meta property=\"article:modified_time\" content=\"2026-03-16T21:35:54+00:00\" \/>\n<meta property=\"og:image\" content=\"https:\/\/likeink.com\/wp-content\/uploads\/2022\/01\/StickerTattoos-Likeink.jpg\" \/>\n\t<meta property=\"og:image:width\" content=\"400\" \/>\n\t<meta property=\"og:image:height\" content=\"281\" \/>\n\t<meta property=\"og:image:type\" content=\"image\/jpeg\" \/>\n<meta name=\"twitter:card\" content=\"summary_large_image\" \/>\n<script type=\"application\/ld+json\" class=\"yoast-schema-graph\">{\"@context\":\"https:\\\/\\\/schema.org\",\"@graph\":[{\"@type\":\"WebPage\",\"@id\":\"https:\\\/\\\/likeink.com\\\/es\\\/tatuaje-falso\\\/lamina-a5-con-tattoos-adhesivos\\\/\",\"url\":\"https:\\\/\\\/likeink.com\\\/es\\\/tatuaje-falso\\\/lamina-a5-con-tattoos-adhesivos\\\/\",\"name\":\"L\u00e1mina A5 con tattoos adhesivos I tatuajes temporales - Like ink\",\"isPartOf\":{\"@id\":\"https:\\\/\\\/likeink.com\\\/es\\\/#website\"},\"primaryImageOfPage\":{\"@id\":\"https:\\\/\\\/likeink.com\\\/es\\\/tatuaje-falso\\\/lamina-a5-con-tattoos-adhesivos\\\/#primaryimage\"},\"image\":{\"@id\":\"https:\\\/\\\/likeink.com\\\/es\\\/tatuaje-falso\\\/lamina-a5-con-tattoos-adhesivos\\\/#primaryimage\"},\"thumbnailUrl\":\"https:\\\/\\\/likeink.com\\\/wp-content\\\/uploads\\\/2022\\\/01\\\/StickerTattoos-Likeink.jpg\",\"datePublished\":\"2022-01-21T18:54:50+00:00\",\"dateModified\":\"2026-03-16T21:35:54+00:00\",\"description\":\"La l\u00e1mina con tattoos adhesivos est\u00e1 repleta de calcoman\u00edas inspiradas en adhesivos cl\u00e1sicos en colores pastel. \u00a1Buena calidad y entrega r\u00e1pida! - Like ink\",\"breadcrumb\":{\"@id\":\"https:\\\/\\\/likeink.com\\\/es\\\/tatuaje-falso\\\/lamina-a5-con-tattoos-adhesivos\\\/#breadcrumb\"},\"inLanguage\":\"es\",\"potentialAction\":[{\"@type\":\"ReadAction\",\"target\":[\"https:\\\/\\\/likeink.com\\\/es\\\/tatuaje-falso\\\/lamina-a5-con-tattoos-adhesivos\\\/\"]}]},{\"@type\":\"ImageObject\",\"inLanguage\":\"es\",\"@id\":\"https:\\\/\\\/likeink.com\\\/es\\\/tatuaje-falso\\\/lamina-a5-con-tattoos-adhesivos\\\/#primaryimage\",\"url\":\"https:\\\/\\\/likeink.com\\\/wp-content\\\/uploads\\\/2022\\\/01\\\/StickerTattoos-Likeink.jpg\",\"contentUrl\":\"https:\\\/\\\/likeink.com\\\/wp-content\\\/uploads\\\/2022\\\/01\\\/StickerTattoos-Likeink.jpg\",\"width\":400,\"height\":281,\"caption\":\"Tatuajes temporales que parecen pegatinas y calcoman\u00edas.\"},{\"@type\":\"BreadcrumbList\",\"@id\":\"https:\\\/\\\/likeink.com\\\/es\\\/tatuaje-falso\\\/lamina-a5-con-tattoos-adhesivos\\\/#breadcrumb\",\"itemListElement\":[{\"@type\":\"ListItem\",\"position\":1,\"name\":\"Hem\",\"item\":\"https:\\\/\\\/likeink.com\\\/es\\\/\"},{\"@type\":\"ListItem\",\"position\":2,\"name\":\"Shop\",\"item\":\"https:\\\/\\\/likeink.com\\\/es\\\/shop\\\/\"},{\"@type\":\"ListItem\",\"position\":3,\"name\":\"Tatuajes adhesivos\"}]},{\"@type\":\"WebSite\",\"@id\":\"https:\\\/\\\/likeink.com\\\/es\\\/#website\",\"url\":\"https:\\\/\\\/likeink.com\\\/es\\\/\",\"name\":\"Like ink\",\"description\":\"HAZ TUS PROPIOS TATUAJES TEMPORALES\",\"potentialAction\":[{\"@type\":\"SearchAction\",\"target\":{\"@type\":\"EntryPoint\",\"urlTemplate\":\"https:\\\/\\\/likeink.com\\\/es\\\/?s={search_term_string}\"},\"query-input\":{\"@type\":\"PropertyValueSpecification\",\"valueRequired\":true,\"valueName\":\"search_term_string\"}}],\"inLanguage\":\"es\"}]}<\/script>\n<!-- \/ Yoast SEO Premium plugin. -->","yoast_head_json":{"title":"L\u00e1mina A5 con tattoos adhesivos I tatuajes temporales - Like ink","description":"La l\u00e1mina con tattoos adhesivos est\u00e1 repleta de calcoman\u00edas inspiradas en adhesivos cl\u00e1sicos en colores pastel. \u00a1Buena calidad y entrega r\u00e1pida! - Like ink","robots":{"index":"index","follow":"follow","max-snippet":"max-snippet:-1","max-image-preview":"max-image-preview:large","max-video-preview":"max-video-preview:-1"},"canonical":"https:\/\/likeink.com\/es\/tatuaje-falso\/lamina-a5-con-tattoos-adhesivos\/","og_locale":"es_ES","og_type":"article","og_title":"Tatuajes adhesivos","og_description":"En Like ink, puedes encargar l\u00e1minas ya listas con tatuajes temporales (que a veces tambi\u00e9n reciben el nombre de tatuajes falsos o calcoman\u00edas). \u00a1Imprimimos y te enviamos tus tatuajes en un plazo de 24 horas! Disponemos de un mont\u00f3n de tatuajes falsos ya dibujados y, adem\u00e1s, puedes subir los motivos que quieras y encargarnos calcoman\u00edas con tu propio dise\u00f1o.  Esperamos que te gusten los dise\u00f1os\/los tatuajes de esta l\u00e1mina que se llama \u00abL\u00e1mina A5 con tattoos adhesivos\u00bb y te damos las gracias por encargar tus calcoman\u00edas a Like ink. La l\u00e1mina con tattoos adhesivos est\u00e1 repleta de calcoman\u00edas inspiradas en adhesivos cl\u00e1sicos en colores pastel. \u00a1Buena calidad y entrega r\u00e1pida! Tama\u00f1o de tu tatuaje: Nuestras l\u00e1minas con calcoman\u00edas tienen unas dimensiones de 20x14 cm y est\u00e1n repletas de tatuajes, como puedes ver en las im\u00e1genes del producto.  \u00bfCu\u00e1nto dura un tatuaje de calcoman\u00eda y c\u00f3mo funciona? Nuestras calcoman\u00edas duran de 1 a 10 d\u00edas, dependiendo de su ubicaci\u00f3n y del cuidado que les des. Los tatuajes falsos son f\u00e1ciles de aplicar y de eliminar y, junto con tu pedido, recibir\u00e1s las instrucciones.  - Corta el tattoo individual como el de la imagen - Quita la pel\u00edcula transparente del adhesivo - Coloca el tattoo en la posici\u00f3n deseada - Aplica agua con una esponja h\u00fameda o una toalla - Al cabo de 15 segundos, quita el papel mojado - Y listo. \u00a1Divi\u00e9rtete y disfruta! - Si deseas tener un acabado mate, aplica polvos de talco.  \u00a1Otra informaci\u00f3n!  Entrega: Enviamos pedidos a diario a todo el mundo desde nuestra imprenta de Malm\u00f6, Suecia. Imprimimos y te enviamos tus tatuajes temporales en un plazo de 24 horas pero, aunque somos r\u00e1pidos, el plazo de entrega normal es de 5-10 d\u00edas fuera de Suecia. Por eso, encarga tus tatuajes con antelaci\u00f3n.  \u00bfLos tatuajes falsos son respetuosos con el medio ambiente? Los tatuajes son veganos y para nosotros en Like ink, el medio ambiente es importe. Todos los componentes est\u00e1n exentos de PVC y PCB. Compensamos clim\u00e1ticamente todos los env\u00edos y utilizamos colores, sobres y art\u00edculos de imprenta con etiqueta ecol\u00f3gica n\u00f3rdica, seguros para ti y buenos para el medio ambiente. Cumplimos el Reglamento (CE) n.\u00ba 1223\/2009 (Directiva UE sobre los productos cosm\u00e9ticos y su seguridad)  \u00a1Te deseamos un d\u00eda fant\u00e1stico!  Like ink \u2013 \u00a1Real Fake Tattoos!","og_url":"https:\/\/likeink.com\/es\/tatuaje-falso\/lamina-a5-con-tattoos-adhesivos\/","og_site_name":"Like ink","article_publisher":"https:\/\/www.facebook.com\/LikeInkSe","article_modified_time":"2026-03-16T21:35:54+00:00","og_image":[{"width":400,"height":281,"url":"https:\/\/likeink.com\/wp-content\/uploads\/2022\/01\/StickerTattoos-Likeink.jpg","type":"image\/jpeg"}],"twitter_card":"summary_large_image","schema":{"@context":"https:\/\/schema.org","@graph":[{"@type":"WebPage","@id":"https:\/\/likeink.com\/es\/tatuaje-falso\/lamina-a5-con-tattoos-adhesivos\/","url":"https:\/\/likeink.com\/es\/tatuaje-falso\/lamina-a5-con-tattoos-adhesivos\/","name":"L\u00e1mina A5 con tattoos adhesivos I tatuajes temporales - Like ink","isPartOf":{"@id":"https:\/\/likeink.com\/es\/#website"},"primaryImageOfPage":{"@id":"https:\/\/likeink.com\/es\/tatuaje-falso\/lamina-a5-con-tattoos-adhesivos\/#primaryimage"},"image":{"@id":"https:\/\/likeink.com\/es\/tatuaje-falso\/lamina-a5-con-tattoos-adhesivos\/#primaryimage"},"thumbnailUrl":"https:\/\/likeink.com\/wp-content\/uploads\/2022\/01\/StickerTattoos-Likeink.jpg","datePublished":"2022-01-21T18:54:50+00:00","dateModified":"2026-03-16T21:35:54+00:00","description":"La l\u00e1mina con tattoos adhesivos est\u00e1 repleta de calcoman\u00edas inspiradas en adhesivos cl\u00e1sicos en colores pastel. \u00a1Buena calidad y entrega r\u00e1pida! - Like ink","breadcrumb":{"@id":"https:\/\/likeink.com\/es\/tatuaje-falso\/lamina-a5-con-tattoos-adhesivos\/#breadcrumb"},"inLanguage":"es","potentialAction":[{"@type":"ReadAction","target":["https:\/\/likeink.com\/es\/tatuaje-falso\/lamina-a5-con-tattoos-adhesivos\/"]}]},{"@type":"ImageObject","inLanguage":"es","@id":"https:\/\/likeink.com\/es\/tatuaje-falso\/lamina-a5-con-tattoos-adhesivos\/#primaryimage","url":"https:\/\/likeink.com\/wp-content\/uploads\/2022\/01\/StickerTattoos-Likeink.jpg","contentUrl":"https:\/\/likeink.com\/wp-content\/uploads\/2022\/01\/StickerTattoos-Likeink.jpg","width":400,"height":281,"caption":"Tatuajes temporales que parecen pegatinas y calcoman\u00edas."},{"@type":"BreadcrumbList","@id":"https:\/\/likeink.com\/es\/tatuaje-falso\/lamina-a5-con-tattoos-adhesivos\/#breadcrumb","itemListElement":[{"@type":"ListItem","position":1,"name":"Hem","item":"https:\/\/likeink.com\/es\/"},{"@type":"ListItem","position":2,"name":"Shop","item":"https:\/\/likeink.com\/es\/shop\/"},{"@type":"ListItem","position":3,"name":"Tatuajes adhesivos"}]},{"@type":"WebSite","@id":"https:\/\/likeink.com\/es\/#website","url":"https:\/\/likeink.com\/es\/","name":"Like ink","description":"HAZ TUS PROPIOS TATUAJES TEMPORALES","potentialAction":[{"@type":"SearchAction","target":{"@type":"EntryPoint","urlTemplate":"https:\/\/likeink.com\/es\/?s={search_term_string}"},"query-input":{"@type":"PropertyValueSpecification","valueRequired":true,"valueName":"search_term_string"}}],"inLanguage":"es"}]}},"_links":{"self":[{"href":"https:\/\/likeink.com\/es\/wp-json\/wp\/v2\/product\/12087","targetHints":{"allow":["GET"]}}],"collection":[{"href":"https:\/\/likeink.com\/es\/wp-json\/wp\/v2\/product"}],"about":[{"href":"https:\/\/likeink.com\/es\/wp-json\/wp\/v2\/types\/product"}],"wp:featuredmedia":[{"embeddable":true,"href":"https:\/\/likeink.com\/es\/wp-json\/wp\/v2\/media\/11452"}],"wp:attachment":[{"href":"https:\/\/likeink.com\/es\/wp-json\/wp\/v2\/media?parent=12087"}],"wp:term":[{"taxonomy":"product_brand","embeddable":true,"href":"https:\/\/likeink.com\/es\/wp-json\/wp\/v2\/product_brand?post=12087"},{"taxonomy":"product_cat","embeddable":true,"href":"https:\/\/likeink.com\/es\/wp-json\/wp\/v2\/product_cat?post=12087"},{"taxonomy":"product_tag","embeddable":true,"href":"https:\/\/likeink.com\/es\/wp-json\/wp\/v2\/product_tag?post=12087"}],"curies":[{"name":"wp","href":"https:\/\/api.w.org\/{rel}","templated":true}]}}