{"id":12114,"date":"2021-05-03T11:44:57","date_gmt":"2021-05-03T11:44:57","guid":{"rendered":"https:\/\/likeink.se\/produkt\/mark-dina-golfbollar-med-gnuggisar\/"},"modified":"2024-02-14T16:18:39","modified_gmt":"2024-02-14T16:18:39","slug":"mark-dina-golfbollar-med-gnuggisar","status":"publish","type":"product","link":"https:\/\/likeink.com\/es\/tatuaje-falso\/mark-dina-golfbollar-med-gnuggisar\/","title":{"rendered":"\u00a1Marca tus bolas de golf con calcoman\u00edas!"},"content":{"rendered":"<p><strong>S\u00e5 h\u00e4r g\u00f6r du n\u00e4r du markerar din golfboll med tempor\u00e4ra tatueringar:<\/strong><\/p>\n<p>\u2013 Klipp ut motivet fr\u00e5n arket med s\u00e5 liten marginal som m\u00f6jligt.<br \/>\n\u2013 Pilla bort plastfilmen och placera den klistriga ytan p\u00e5 golfbollen.<br \/>\n\u2013 Tryck till s\u00e5 att hela motivet f\u00e5r kontakt med bollen.Tryck n\u00e5gra sekunder och arbeta in motivet mot bollen.<br \/>\n\u2013 Bl\u00f6t ner med en svamp \/ trasa och pressa mjukt.<br \/>\n\u2013 Efter ca 20 sekunder glider pappret av och du \u00e4r klar!<\/p>\n<p><strong>Hur stora ska tempor\u00e4ra tatueringar f\u00f6r golfbollar vara!<\/strong><\/p>\n<p>En golfbolls m\u00e5tt och vikt m\u00e5ste f\u00f6lja vissa standarder f\u00f6r att vara godk\u00e4nd enligt regelboken. Diametern f\u00e5r vara maximalt42,76 mmoch vikten f\u00e5r inte \u00f6verstiga 45,93 gram. Golfbollens yta \u00e4r f\u00f6rsedd med urgr\u00f6pningar vilket p\u00e5 engelska ben\u00e4mns som \u201ddimples\u201d.<strong>N\u00e4r det g\u00e4ller motivens tryck s\u00e5 rekommenderar vi max 2X2 cm stora motiv omde \u00e4r fyrkantiga och v\u00e4ljer du att anv\u00e4nda en text eller ett mer l\u00e5ngsmalt motiv<\/strong><br \/>\n<strong>v\u00e4lj max 3 cm l\u00e5ngt. 1.5cm tycker vi \u00e4r en lagom storlek f\u00f6r m\u00e4rkning av golfbollar.<\/strong> T\u00e4nk p\u00e5 att trycka dit motivet ordentligt p\u00e5 bollen s\u00e5 att alla delar av motivet f\u00e5t kontakt. Det \u00e4r lite sm\u00e5pilligt men ett bra s\u00e4tt att ladda mentalt inf\u00f6r n\u00e4sta parti.<\/p>\n<p><strong>Varf\u00f6r ska man m\u00e4rka golfbollen?<\/strong><\/p>\n<p>Det finns en regel inom golf, 6-5 som s\u00e4ger att varje spelare har ansvar f\u00f6r att spela r\u00e4tt boll och att varje spelare b\u00f6r s\u00e4tta ett identifieringsm\u00e4rkep\u00e5 bollen. Det kan du g\u00f6ra genom att ha personligt egentryckta bollar ellergenom att p\u00e5 n\u00e5got s\u00e4tt m\u00e4rka dina bollar. M\u00e4rkningen ska vara unik och kunna kopplas till dig.<\/p>\n<p><strong>S\u00e5 m\u00e4rker du din golfboll<\/strong><\/p>\n<p>Spelaren b\u00f6r s\u00e4tta ett identifieringsm\u00e4rke p\u00e5 bollen som ska spelas och det finns massor av olika sett att g\u00f6ra det p\u00e5.<\/p>\n<p><strong>\u2013 Det \u00e4r h\u00e4r vi p\u00e5 Like ink kommer in i matchen! Vi erbjuder n\u00e4mligen tempor\u00e4ra tatueringar \/ vattentatueringar med valfri design. V\u00e5ra tempor\u00e4ra tatueringar \u00e4r l\u00e4ttapplicerade och h\u00e5ller bra p\u00e5 b\u00e5de golfbollar, din hud och andra j\u00e4mna underlag.\u00a0<\/strong><\/p>\n<p><strong>Tryck p\u00e5 golfboll<\/strong><\/p>\n<p>Det finns m\u00e5nga s\u00e5klart \u00e4ven andra s\u00e4tt som du kan m\u00e4rka din boll p\u00e5, detena s\u00e4tter mer kreativt \u00e4n det andra. Det vanligaste \u00e4r att best\u00e4lla f\u00f6rtryckta golfbollar. Det \u00e4r ocks\u00e5 det som h\u00e5ller absolut b\u00e4st, nackdelen \u00e4r att man ofta m\u00e5ste best\u00e4lla stora voly-mer. Det finns ocks\u00e5 golfbollsst\u00e4mplar i olika varianter och olika markeringsmallar avsedda f\u00f6r golfbollar, en typ av schablon anpassad f\u00f6r att passa golfbollens storlek. Det vanligaste \u00e4r dock att man m\u00e4rker sin golfboll genom att kladda dit ettstreck med en m\u00e4rkpenna \/ markeringspenna.<\/p>\n<p><strong>Golfboll med egen logotype!<\/strong> Ska du anordna en golft\u00e4vling f\u00f6r dina v\u00e4nner, anst\u00e4llda kunder eller kollegor s\u00e5 \u00e4r personliga tempor\u00e4ra tatueringar superkul. <strong>Like inks tem-por\u00e4ra vattentatueringar fungerar perfekt p\u00e5 golfbollen men ocks\u00e5 p\u00e5 huden, vattenflaskan och liknande.<\/strong> De personliga m\u00e4rkningarna kommer h\u00f6ja teamk\u00e4nslan och g\u00f6r helheten komplett. Ska du best\u00e4lla golfbollar med tryck \u00e4r det ofta en stor minimumvolym vilket g\u00f6r det kostsamt och on\u00f6digt. Best\u00e4ll ist\u00e4llet gnuggistatueringar med ditt och dina kunders logotype ellerskapa en logga f\u00f6r evenemanget. Ett A5 ark med valfria tatueringar kostar98 kr och om du v\u00e4ljer att g\u00f6ra varje motiv 2X2 cm s\u00e5 ryms det \u00f6ver 50 motiv p\u00e5 ett ark. S\u00e5 bjussa deltagarna i t\u00e4vlingen p\u00e5 personligt m\u00e4rkta golfbollar. Det blir en rolig giveaway, vi lovar!<\/p>\n<p><strong>En gnuggis f\u00f6r golfbollar!<\/strong><\/p>\n<p>Med egendesignade motiv i form av vattentatueringar kan du enkelt skapalustig, rolig, kreativ m\u00e4rkning av din golfboll. Vattentatueringarna fungerar som en klockren bollmarkering och \u00e4r uppskattad av golfare \u00f6ver hela v\u00e4rlden.<\/p>\n<p><strong>Hur l\u00e4nge h\u00e5ller tempor\u00e4ra tatueringar p\u00e5 golfbollar?<\/strong><\/p>\n<p>Det v\u00e5ra golfande kunder brukar s\u00e4ga \u00e4r att vattentatueringarna \/ markeringen h\u00e5ller betydligt b\u00e4ttre \u00e4n man trott. S\u00e5 l\u00e4nge du applicerar gnuggis-motivet korrekt s\u00e5 h\u00e5ller motiven superbra. Spelar du inte bollen s\u00e5 h\u00e5ller motivet f\u00f6r evigt men det \u00e4r ju inte tanken. Sj\u00e4lva vattentatueringen best\u00e5r av pigment, klister och en tunn plastfilm. G\u00e5r plastfilmen s\u00f6nder s\u00e5 n\u00f6ts motivet ner och tr\u00e4ffar man motivet med ett slag och n\u00e4r bollen landar p\u00e5 n\u00e5got h\u00e5rt s\u00e5 g\u00e5r det sj\u00e4lvfallet s\u00f6nder. Tem-por\u00e4ra tatueringar \u00e4r allts\u00e5 ingen permanent l\u00f6sning men det \u00e4r ett roligt sett att skapa unika golfbollar som h\u00e5ller hyfsat bra. V\u00e5ra kunder \u00e4r n\u00f6jda och vi har hundratals \u00e5terkommande kunder som k\u00f6per sina temporary tattoos hos oss f\u00f6r att m\u00e4rka just golfbollar.<\/p>\n","protected":false},"excerpt":{"rendered":"<p>Ladda upp en bild s\u00e5 fyller vi ett A5 ark med l\u00e4mpliga storlekar anpassade f\u00f6r golfbollar. 50-100st beroende p\u00e5 motivet.<br \/>\n<span style=\"font-size: 14.4px;\">Du kommer att f\u00e5 50-100st gnuggisar till dina golfbollar beroende p\u00e5 motivet.<\/span><\/p>\n","protected":false},"featured_media":11407,"template":"","meta":[],"product_brand":[],"product_cat":[258],"product_tag":[],"class_list":{"0":"post-12114","1":"product","2":"type-product","3":"status-publish","4":"has-post-thumbnail","6":"product_cat-etiqueta-tu-pelota-de-golf","8":"first","9":"instock","10":"taxable","11":"shipping-taxable","12":"purchasable","13":"product-type-simple"},"yoast_head":"<!-- This site is optimized with the Yoast SEO Premium plugin v26.2 (Yoast SEO v27.4) - https:\/\/yoast.com\/product\/yoast-seo-premium-wordpress\/ -->\n<title>\u00a1Marca tus bolas de golf con calcoman\u00edas! - Like ink<\/title>\n<meta name=\"description\" content=\"\u00a1Encarga calcoman\u00edas para marcar tus bolas de golf y hacer que sean \u00fanicas! Fabricaci\u00f3n en Suecia, buenos precios y entrega r\u00e1pida - Like ink\" \/>\n<meta name=\"robots\" content=\"index, follow, max-snippet:-1, max-image-preview:large, max-video-preview:-1\" \/>\n<link rel=\"canonical\" href=\"https:\/\/likeink.com\/es\/tatuaje-falso\/mark-dina-golfbollar-med-gnuggisar\/\" \/>\n<meta property=\"og:locale\" content=\"es_ES\" \/>\n<meta property=\"og:type\" content=\"article\" \/>\n<meta property=\"og:title\" content=\"\u00a1Marca tus bolas de golf con calcoman\u00edas!\" \/>\n<meta property=\"og:description\" content=\"Ladda upp en bild s\u00e5 fyller vi ett A5 ark med l\u00e4mpliga storlekar anpassade f\u00f6r golfbollar. 50-100st beroende p\u00e5 motivet. Du kommer att f\u00e5 50-100st gnuggisar till dina golfbollar beroende p\u00e5 motivet.\" \/>\n<meta property=\"og:url\" content=\"https:\/\/likeink.com\/es\/tatuaje-falso\/mark-dina-golfbollar-med-gnuggisar\/\" \/>\n<meta property=\"og:site_name\" content=\"Like ink\" \/>\n<meta property=\"article:publisher\" content=\"https:\/\/www.facebook.com\/LikeInkSe\" \/>\n<meta property=\"article:modified_time\" content=\"2024-02-14T16:18:39+00:00\" \/>\n<meta property=\"og:image\" content=\"https:\/\/likeink.com\/wp-content\/uploads\/2021\/05\/Golfbollar-scaled-e1642703082613.jpg\" \/>\n\t<meta property=\"og:image:width\" content=\"1200\" \/>\n\t<meta property=\"og:image:height\" content=\"800\" \/>\n\t<meta property=\"og:image:type\" content=\"image\/jpeg\" \/>\n<meta name=\"twitter:card\" content=\"summary_large_image\" \/>\n<meta name=\"twitter:label1\" content=\"Tiempo de lectura\" \/>\n\t<meta name=\"twitter:data1\" content=\"4 minutos\" \/>\n<script type=\"application\/ld+json\" class=\"yoast-schema-graph\">{\"@context\":\"https:\\\/\\\/schema.org\",\"@graph\":[{\"@type\":\"WebPage\",\"@id\":\"https:\\\/\\\/likeink.com\\\/es\\\/tatuaje-falso\\\/mark-dina-golfbollar-med-gnuggisar\\\/\",\"url\":\"https:\\\/\\\/likeink.com\\\/es\\\/tatuaje-falso\\\/mark-dina-golfbollar-med-gnuggisar\\\/\",\"name\":\"\u00a1Marca tus bolas de golf con calcoman\u00edas! - Like ink\",\"isPartOf\":{\"@id\":\"https:\\\/\\\/likeink.com\\\/es\\\/#website\"},\"primaryImageOfPage\":{\"@id\":\"https:\\\/\\\/likeink.com\\\/es\\\/tatuaje-falso\\\/mark-dina-golfbollar-med-gnuggisar\\\/#primaryimage\"},\"image\":{\"@id\":\"https:\\\/\\\/likeink.com\\\/es\\\/tatuaje-falso\\\/mark-dina-golfbollar-med-gnuggisar\\\/#primaryimage\"},\"thumbnailUrl\":\"https:\\\/\\\/likeink.com\\\/wp-content\\\/uploads\\\/2021\\\/05\\\/Golfbollar-scaled-e1642703082613.jpg\",\"datePublished\":\"2021-05-03T11:44:57+00:00\",\"dateModified\":\"2024-02-14T16:18:39+00:00\",\"description\":\"\u00a1Encarga calcoman\u00edas para marcar tus bolas de golf y hacer que sean \u00fanicas! Fabricaci\u00f3n en Suecia, buenos precios y entrega r\u00e1pida - Like ink\",\"breadcrumb\":{\"@id\":\"https:\\\/\\\/likeink.com\\\/es\\\/tatuaje-falso\\\/mark-dina-golfbollar-med-gnuggisar\\\/#breadcrumb\"},\"inLanguage\":\"es\",\"potentialAction\":[{\"@type\":\"ReadAction\",\"target\":[\"https:\\\/\\\/likeink.com\\\/es\\\/tatuaje-falso\\\/mark-dina-golfbollar-med-gnuggisar\\\/\"]}]},{\"@type\":\"ImageObject\",\"inLanguage\":\"es\",\"@id\":\"https:\\\/\\\/likeink.com\\\/es\\\/tatuaje-falso\\\/mark-dina-golfbollar-med-gnuggisar\\\/#primaryimage\",\"url\":\"https:\\\/\\\/likeink.com\\\/wp-content\\\/uploads\\\/2021\\\/05\\\/Golfbollar-scaled-e1642703082613.jpg\",\"contentUrl\":\"https:\\\/\\\/likeink.com\\\/wp-content\\\/uploads\\\/2021\\\/05\\\/Golfbollar-scaled-e1642703082613.jpg\",\"width\":1200,\"height\":800,\"caption\":\"Pelota de golf con impresi\u00f3n de tatuaje temporal\"},{\"@type\":\"BreadcrumbList\",\"@id\":\"https:\\\/\\\/likeink.com\\\/es\\\/tatuaje-falso\\\/mark-dina-golfbollar-med-gnuggisar\\\/#breadcrumb\",\"itemListElement\":[{\"@type\":\"ListItem\",\"position\":1,\"name\":\"Hem\",\"item\":\"https:\\\/\\\/likeink.com\\\/es\\\/\"},{\"@type\":\"ListItem\",\"position\":2,\"name\":\"Shop\",\"item\":\"https:\\\/\\\/likeink.com\\\/es\\\/shop\\\/\"},{\"@type\":\"ListItem\",\"position\":3,\"name\":\"\u00a1Marca tus bolas de golf con calcoman\u00edas!\"}]},{\"@type\":\"WebSite\",\"@id\":\"https:\\\/\\\/likeink.com\\\/es\\\/#website\",\"url\":\"https:\\\/\\\/likeink.com\\\/es\\\/\",\"name\":\"Like ink\",\"description\":\"HAZ TUS PROPIOS TATUAJES TEMPORALES\",\"potentialAction\":[{\"@type\":\"SearchAction\",\"target\":{\"@type\":\"EntryPoint\",\"urlTemplate\":\"https:\\\/\\\/likeink.com\\\/es\\\/?s={search_term_string}\"},\"query-input\":{\"@type\":\"PropertyValueSpecification\",\"valueRequired\":true,\"valueName\":\"search_term_string\"}}],\"inLanguage\":\"es\"}]}<\/script>\n<!-- \/ Yoast SEO Premium plugin. -->","yoast_head_json":{"title":"\u00a1Marca tus bolas de golf con calcoman\u00edas! - Like ink","description":"\u00a1Encarga calcoman\u00edas para marcar tus bolas de golf y hacer que sean \u00fanicas! Fabricaci\u00f3n en Suecia, buenos precios y entrega r\u00e1pida - Like ink","robots":{"index":"index","follow":"follow","max-snippet":"max-snippet:-1","max-image-preview":"max-image-preview:large","max-video-preview":"max-video-preview:-1"},"canonical":"https:\/\/likeink.com\/es\/tatuaje-falso\/mark-dina-golfbollar-med-gnuggisar\/","og_locale":"es_ES","og_type":"article","og_title":"\u00a1Marca tus bolas de golf con calcoman\u00edas!","og_description":"Ladda upp en bild s\u00e5 fyller vi ett A5 ark med l\u00e4mpliga storlekar anpassade f\u00f6r golfbollar. 50-100st beroende p\u00e5 motivet. Du kommer att f\u00e5 50-100st gnuggisar till dina golfbollar beroende p\u00e5 motivet.","og_url":"https:\/\/likeink.com\/es\/tatuaje-falso\/mark-dina-golfbollar-med-gnuggisar\/","og_site_name":"Like ink","article_publisher":"https:\/\/www.facebook.com\/LikeInkSe","article_modified_time":"2024-02-14T16:18:39+00:00","og_image":[{"width":1200,"height":800,"url":"https:\/\/likeink.com\/wp-content\/uploads\/2021\/05\/Golfbollar-scaled-e1642703082613.jpg","type":"image\/jpeg"}],"twitter_card":"summary_large_image","twitter_misc":{"Tiempo de lectura":"4 minutos"},"schema":{"@context":"https:\/\/schema.org","@graph":[{"@type":"WebPage","@id":"https:\/\/likeink.com\/es\/tatuaje-falso\/mark-dina-golfbollar-med-gnuggisar\/","url":"https:\/\/likeink.com\/es\/tatuaje-falso\/mark-dina-golfbollar-med-gnuggisar\/","name":"\u00a1Marca tus bolas de golf con calcoman\u00edas! - Like ink","isPartOf":{"@id":"https:\/\/likeink.com\/es\/#website"},"primaryImageOfPage":{"@id":"https:\/\/likeink.com\/es\/tatuaje-falso\/mark-dina-golfbollar-med-gnuggisar\/#primaryimage"},"image":{"@id":"https:\/\/likeink.com\/es\/tatuaje-falso\/mark-dina-golfbollar-med-gnuggisar\/#primaryimage"},"thumbnailUrl":"https:\/\/likeink.com\/wp-content\/uploads\/2021\/05\/Golfbollar-scaled-e1642703082613.jpg","datePublished":"2021-05-03T11:44:57+00:00","dateModified":"2024-02-14T16:18:39+00:00","description":"\u00a1Encarga calcoman\u00edas para marcar tus bolas de golf y hacer que sean \u00fanicas! Fabricaci\u00f3n en Suecia, buenos precios y entrega r\u00e1pida - Like ink","breadcrumb":{"@id":"https:\/\/likeink.com\/es\/tatuaje-falso\/mark-dina-golfbollar-med-gnuggisar\/#breadcrumb"},"inLanguage":"es","potentialAction":[{"@type":"ReadAction","target":["https:\/\/likeink.com\/es\/tatuaje-falso\/mark-dina-golfbollar-med-gnuggisar\/"]}]},{"@type":"ImageObject","inLanguage":"es","@id":"https:\/\/likeink.com\/es\/tatuaje-falso\/mark-dina-golfbollar-med-gnuggisar\/#primaryimage","url":"https:\/\/likeink.com\/wp-content\/uploads\/2021\/05\/Golfbollar-scaled-e1642703082613.jpg","contentUrl":"https:\/\/likeink.com\/wp-content\/uploads\/2021\/05\/Golfbollar-scaled-e1642703082613.jpg","width":1200,"height":800,"caption":"Pelota de golf con impresi\u00f3n de tatuaje temporal"},{"@type":"BreadcrumbList","@id":"https:\/\/likeink.com\/es\/tatuaje-falso\/mark-dina-golfbollar-med-gnuggisar\/#breadcrumb","itemListElement":[{"@type":"ListItem","position":1,"name":"Hem","item":"https:\/\/likeink.com\/es\/"},{"@type":"ListItem","position":2,"name":"Shop","item":"https:\/\/likeink.com\/es\/shop\/"},{"@type":"ListItem","position":3,"name":"\u00a1Marca tus bolas de golf con calcoman\u00edas!"}]},{"@type":"WebSite","@id":"https:\/\/likeink.com\/es\/#website","url":"https:\/\/likeink.com\/es\/","name":"Like ink","description":"HAZ TUS PROPIOS TATUAJES TEMPORALES","potentialAction":[{"@type":"SearchAction","target":{"@type":"EntryPoint","urlTemplate":"https:\/\/likeink.com\/es\/?s={search_term_string}"},"query-input":{"@type":"PropertyValueSpecification","valueRequired":true,"valueName":"search_term_string"}}],"inLanguage":"es"}]}},"_links":{"self":[{"href":"https:\/\/likeink.com\/es\/wp-json\/wp\/v2\/product\/12114","targetHints":{"allow":["GET"]}}],"collection":[{"href":"https:\/\/likeink.com\/es\/wp-json\/wp\/v2\/product"}],"about":[{"href":"https:\/\/likeink.com\/es\/wp-json\/wp\/v2\/types\/product"}],"wp:featuredmedia":[{"embeddable":true,"href":"https:\/\/likeink.com\/es\/wp-json\/wp\/v2\/media\/11407"}],"wp:attachment":[{"href":"https:\/\/likeink.com\/es\/wp-json\/wp\/v2\/media?parent=12114"}],"wp:term":[{"taxonomy":"product_brand","embeddable":true,"href":"https:\/\/likeink.com\/es\/wp-json\/wp\/v2\/product_brand?post=12114"},{"taxonomy":"product_cat","embeddable":true,"href":"https:\/\/likeink.com\/es\/wp-json\/wp\/v2\/product_cat?post=12114"},{"taxonomy":"product_tag","embeddable":true,"href":"https:\/\/likeink.com\/es\/wp-json\/wp\/v2\/product_tag?post=12114"}],"curies":[{"name":"wp","href":"https:\/\/api.w.org\/{rel}","templated":true}]}}