{"id":13678,"date":"2022-10-03T15:00:27","date_gmt":"2022-10-03T15:00:27","guid":{"rendered":"https:\/\/likeink.se\/produkt\/harley-quinn-fake-tattoos-a5\/"},"modified":"2026-03-16T21:37:46","modified_gmt":"2026-03-16T21:37:46","slug":"harley-quinn-tatuajes-falsos-a5","status":"publish","type":"product","link":"https:\/\/likeink.com\/es\/tatuaje-falso\/harley-quinn-tatuajes-falsos-a5\/","title":{"rendered":"Harley Quinn Tatuajes Falsos"},"content":{"rendered":"","protected":false},"excerpt":{"rendered":"<p>Las l\u00e1minas de tatuajes falsos de Like ink tienen un tama\u00f1o de 20&#215;14 cm y esta l\u00e1mina est\u00e1 llena del dise\u00f1o de Harley Quinn de las pel\u00edculas Suicide Squad y Birds of Prey como se muestra en la imagen. \u00a1Imprimimos y enviamos tu pedido en 24 horas!<\/p>\n<h2>Compra tatuajes temporales de cuerpo de Harley Quinn para fiestas de disfraces y Halloween<\/h2>\n<p>Una selecci\u00f3n de tatuajes de Harley Quinn de las pel\u00edculas del Joker \u00abSuicide Squad\u00bb y \u00abBirds of Prey\u00bb.<br \/>\nHarley Quinn tiene el texto Rotten escrito en su mand\u00edbula y un coraz\u00f3n negro en su cara. Adem\u00e1s de eso, tiene textos y varios tatuajes en sus brazos y piernas.<br \/>\nRecuerda que los tatuajes en las piernas deben estar al rev\u00e9s.<\/p>\n<p>Harley Quinn es una chica ficticia, conocida principalmente como la novia del Joker. Harley Quinn es alegre y divertida, es traviesa y tiene la cantidad justa de maldad. Harley es la fan\u00e1tica m\u00e1s grande del Joker y su constante compa\u00f1era de confianza. Es ferozmente leal a su amado Joker, lo que la convierte en la \u00fanica en toda la ciudad de Gotham en la que \u00e9l puede confiar cuando necesita ayuda con sus planes malvados y a menudo perversos.<br \/>\n\u00a1Joker y Harley Quinn son algunos de los pocos personajes ficticios que tienen tatuajes y naturalmente los convierte en nuestros favoritos!<\/p>\n<p>Los tatuajes temporales de Like ink son de la m\u00e1s alta calidad, seguros y f\u00e1ciles de usar, \u00a1y los tatuajes se ven realmente bien!<\/p>\n","protected":false},"featured_media":13672,"template":"","meta":[],"product_brand":[],"product_cat":[240,249],"product_tag":[],"class_list":{"0":"post-13678","1":"product","2":"type-product","3":"status-publish","4":"has-post-thumbnail","6":"product_cat-hojas-pre-disenadas","7":"product_cat-tatuajes-de-halloween-es","9":"first","10":"instock","11":"taxable","12":"shipping-taxable","13":"purchasable","14":"product-type-simple"},"yoast_head":"<!-- This site is optimized with the Yoast SEO Premium plugin v26.2 (Yoast SEO v27.4) - https:\/\/yoast.com\/product\/yoast-seo-premium-wordpress\/ -->\n<title>Harley Quinn Tatuajes Falsos A5 - Like ink<\/title>\n<meta name=\"description\" content=\"Harley Quinn Tatuajes Falsos! Harley Quinn tatuajes, perfectos para Halloween, fiestas y mascaradas. - Like ink\" \/>\n<meta name=\"robots\" content=\"index, follow, max-snippet:-1, max-image-preview:large, max-video-preview:-1\" \/>\n<link rel=\"canonical\" href=\"https:\/\/likeink.com\/es\/tatuaje-falso\/harley-quinn-tatuajes-falsos-a5\/\" \/>\n<meta property=\"og:locale\" content=\"es_ES\" \/>\n<meta property=\"og:type\" content=\"article\" \/>\n<meta property=\"og:title\" content=\"Harley Quinn Tatuajes Falsos\" \/>\n<meta property=\"og:description\" content=\"Las l\u00e1minas de tatuajes falsos de Like ink tienen un tama\u00f1o de 20x14 cm y esta l\u00e1mina est\u00e1 llena del dise\u00f1o de Harley Quinn de las pel\u00edculas Suicide Squad y Birds of Prey como se muestra en la imagen. \u00a1Imprimimos y enviamos tu pedido en 24 horas!  Compra tatuajes temporales de cuerpo de Harley Quinn para fiestas de disfraces y Halloween  Una selecci\u00f3n de tatuajes de Harley Quinn de las pel\u00edculas del Joker &quot;Suicide Squad&quot; y &quot;Birds of Prey&quot;. Harley Quinn tiene el texto Rotten escrito en su mand\u00edbula y un coraz\u00f3n negro en su cara. Adem\u00e1s de eso, tiene textos y varios tatuajes en sus brazos y piernas. Recuerda que los tatuajes en las piernas deben estar al rev\u00e9s.  Harley Quinn es una chica ficticia, conocida principalmente como la novia del Joker. Harley Quinn es alegre y divertida, es traviesa y tiene la cantidad justa de maldad. Harley es la fan\u00e1tica m\u00e1s grande del Joker y su constante compa\u00f1era de confianza. Es ferozmente leal a su amado Joker, lo que la convierte en la \u00fanica en toda la ciudad de Gotham en la que \u00e9l puede confiar cuando necesita ayuda con sus planes malvados y a menudo perversos. \u00a1Joker y Harley Quinn son algunos de los pocos personajes ficticios que tienen tatuajes y naturalmente los convierte en nuestros favoritos!  Los tatuajes temporales de Like ink son de la m\u00e1s alta calidad, seguros y f\u00e1ciles de usar, \u00a1y los tatuajes se ven realmente bien!\" \/>\n<meta property=\"og:url\" content=\"https:\/\/likeink.com\/es\/tatuaje-falso\/harley-quinn-tatuajes-falsos-a5\/\" \/>\n<meta property=\"og:site_name\" content=\"Like ink\" \/>\n<meta property=\"article:publisher\" content=\"https:\/\/www.facebook.com\/LikeInkSe\" \/>\n<meta property=\"article:modified_time\" content=\"2026-03-16T21:37:46+00:00\" \/>\n<meta property=\"og:image\" content=\"https:\/\/likeink.com\/wp-content\/uploads\/2022\/10\/HarleyQuinn_Tatueringar_Likeink.jpg\" \/>\n\t<meta property=\"og:image:width\" content=\"1100\" \/>\n\t<meta property=\"og:image:height\" content=\"775\" \/>\n\t<meta property=\"og:image:type\" content=\"image\/jpeg\" \/>\n<meta name=\"twitter:card\" content=\"summary_large_image\" \/>\n<script type=\"application\/ld+json\" class=\"yoast-schema-graph\">{\"@context\":\"https:\\\/\\\/schema.org\",\"@graph\":[{\"@type\":\"WebPage\",\"@id\":\"https:\\\/\\\/likeink.com\\\/es\\\/tatuaje-falso\\\/harley-quinn-tatuajes-falsos-a5\\\/\",\"url\":\"https:\\\/\\\/likeink.com\\\/es\\\/tatuaje-falso\\\/harley-quinn-tatuajes-falsos-a5\\\/\",\"name\":\"Harley Quinn Tatuajes Falsos A5 - Like ink\",\"isPartOf\":{\"@id\":\"https:\\\/\\\/likeink.com\\\/es\\\/#website\"},\"primaryImageOfPage\":{\"@id\":\"https:\\\/\\\/likeink.com\\\/es\\\/tatuaje-falso\\\/harley-quinn-tatuajes-falsos-a5\\\/#primaryimage\"},\"image\":{\"@id\":\"https:\\\/\\\/likeink.com\\\/es\\\/tatuaje-falso\\\/harley-quinn-tatuajes-falsos-a5\\\/#primaryimage\"},\"thumbnailUrl\":\"https:\\\/\\\/likeink.com\\\/wp-content\\\/uploads\\\/2022\\\/10\\\/HarleyQuinn_Tatueringar_Likeink.jpg\",\"datePublished\":\"2022-10-03T15:00:27+00:00\",\"dateModified\":\"2026-03-16T21:37:46+00:00\",\"description\":\"Harley Quinn Tatuajes Falsos! Harley Quinn tatuajes, perfectos para Halloween, fiestas y mascaradas. - Like ink\",\"breadcrumb\":{\"@id\":\"https:\\\/\\\/likeink.com\\\/es\\\/tatuaje-falso\\\/harley-quinn-tatuajes-falsos-a5\\\/#breadcrumb\"},\"inLanguage\":\"es\",\"potentialAction\":[{\"@type\":\"ReadAction\",\"target\":[\"https:\\\/\\\/likeink.com\\\/es\\\/tatuaje-falso\\\/harley-quinn-tatuajes-falsos-a5\\\/\"]}]},{\"@type\":\"ImageObject\",\"inLanguage\":\"es\",\"@id\":\"https:\\\/\\\/likeink.com\\\/es\\\/tatuaje-falso\\\/harley-quinn-tatuajes-falsos-a5\\\/#primaryimage\",\"url\":\"https:\\\/\\\/likeink.com\\\/wp-content\\\/uploads\\\/2022\\\/10\\\/HarleyQuinn_Tatueringar_Likeink.jpg\",\"contentUrl\":\"https:\\\/\\\/likeink.com\\\/wp-content\\\/uploads\\\/2022\\\/10\\\/HarleyQuinn_Tatueringar_Likeink.jpg\",\"width\":1100,\"height\":775,\"caption\":\"Tatuajes temporales de Harley Quinn.\"},{\"@type\":\"BreadcrumbList\",\"@id\":\"https:\\\/\\\/likeink.com\\\/es\\\/tatuaje-falso\\\/harley-quinn-tatuajes-falsos-a5\\\/#breadcrumb\",\"itemListElement\":[{\"@type\":\"ListItem\",\"position\":1,\"name\":\"Hem\",\"item\":\"https:\\\/\\\/likeink.com\\\/es\\\/\"},{\"@type\":\"ListItem\",\"position\":2,\"name\":\"Shop\",\"item\":\"https:\\\/\\\/likeink.com\\\/es\\\/shop\\\/\"},{\"@type\":\"ListItem\",\"position\":3,\"name\":\"Harley Quinn Tatuajes Falsos\"}]},{\"@type\":\"WebSite\",\"@id\":\"https:\\\/\\\/likeink.com\\\/es\\\/#website\",\"url\":\"https:\\\/\\\/likeink.com\\\/es\\\/\",\"name\":\"Like ink\",\"description\":\"HAZ TUS PROPIOS TATUAJES TEMPORALES\",\"potentialAction\":[{\"@type\":\"SearchAction\",\"target\":{\"@type\":\"EntryPoint\",\"urlTemplate\":\"https:\\\/\\\/likeink.com\\\/es\\\/?s={search_term_string}\"},\"query-input\":{\"@type\":\"PropertyValueSpecification\",\"valueRequired\":true,\"valueName\":\"search_term_string\"}}],\"inLanguage\":\"es\"}]}<\/script>\n<!-- \/ Yoast SEO Premium plugin. -->","yoast_head_json":{"title":"Harley Quinn Tatuajes Falsos A5 - Like ink","description":"Harley Quinn Tatuajes Falsos! Harley Quinn tatuajes, perfectos para Halloween, fiestas y mascaradas. - Like ink","robots":{"index":"index","follow":"follow","max-snippet":"max-snippet:-1","max-image-preview":"max-image-preview:large","max-video-preview":"max-video-preview:-1"},"canonical":"https:\/\/likeink.com\/es\/tatuaje-falso\/harley-quinn-tatuajes-falsos-a5\/","og_locale":"es_ES","og_type":"article","og_title":"Harley Quinn Tatuajes Falsos","og_description":"Las l\u00e1minas de tatuajes falsos de Like ink tienen un tama\u00f1o de 20x14 cm y esta l\u00e1mina est\u00e1 llena del dise\u00f1o de Harley Quinn de las pel\u00edculas Suicide Squad y Birds of Prey como se muestra en la imagen. \u00a1Imprimimos y enviamos tu pedido en 24 horas!  Compra tatuajes temporales de cuerpo de Harley Quinn para fiestas de disfraces y Halloween  Una selecci\u00f3n de tatuajes de Harley Quinn de las pel\u00edculas del Joker \"Suicide Squad\" y \"Birds of Prey\". Harley Quinn tiene el texto Rotten escrito en su mand\u00edbula y un coraz\u00f3n negro en su cara. Adem\u00e1s de eso, tiene textos y varios tatuajes en sus brazos y piernas. Recuerda que los tatuajes en las piernas deben estar al rev\u00e9s.  Harley Quinn es una chica ficticia, conocida principalmente como la novia del Joker. Harley Quinn es alegre y divertida, es traviesa y tiene la cantidad justa de maldad. Harley es la fan\u00e1tica m\u00e1s grande del Joker y su constante compa\u00f1era de confianza. Es ferozmente leal a su amado Joker, lo que la convierte en la \u00fanica en toda la ciudad de Gotham en la que \u00e9l puede confiar cuando necesita ayuda con sus planes malvados y a menudo perversos. \u00a1Joker y Harley Quinn son algunos de los pocos personajes ficticios que tienen tatuajes y naturalmente los convierte en nuestros favoritos!  Los tatuajes temporales de Like ink son de la m\u00e1s alta calidad, seguros y f\u00e1ciles de usar, \u00a1y los tatuajes se ven realmente bien!","og_url":"https:\/\/likeink.com\/es\/tatuaje-falso\/harley-quinn-tatuajes-falsos-a5\/","og_site_name":"Like ink","article_publisher":"https:\/\/www.facebook.com\/LikeInkSe","article_modified_time":"2026-03-16T21:37:46+00:00","og_image":[{"width":1100,"height":775,"url":"https:\/\/likeink.com\/wp-content\/uploads\/2022\/10\/HarleyQuinn_Tatueringar_Likeink.jpg","type":"image\/jpeg"}],"twitter_card":"summary_large_image","schema":{"@context":"https:\/\/schema.org","@graph":[{"@type":"WebPage","@id":"https:\/\/likeink.com\/es\/tatuaje-falso\/harley-quinn-tatuajes-falsos-a5\/","url":"https:\/\/likeink.com\/es\/tatuaje-falso\/harley-quinn-tatuajes-falsos-a5\/","name":"Harley Quinn Tatuajes Falsos A5 - Like ink","isPartOf":{"@id":"https:\/\/likeink.com\/es\/#website"},"primaryImageOfPage":{"@id":"https:\/\/likeink.com\/es\/tatuaje-falso\/harley-quinn-tatuajes-falsos-a5\/#primaryimage"},"image":{"@id":"https:\/\/likeink.com\/es\/tatuaje-falso\/harley-quinn-tatuajes-falsos-a5\/#primaryimage"},"thumbnailUrl":"https:\/\/likeink.com\/wp-content\/uploads\/2022\/10\/HarleyQuinn_Tatueringar_Likeink.jpg","datePublished":"2022-10-03T15:00:27+00:00","dateModified":"2026-03-16T21:37:46+00:00","description":"Harley Quinn Tatuajes Falsos! Harley Quinn tatuajes, perfectos para Halloween, fiestas y mascaradas. - Like ink","breadcrumb":{"@id":"https:\/\/likeink.com\/es\/tatuaje-falso\/harley-quinn-tatuajes-falsos-a5\/#breadcrumb"},"inLanguage":"es","potentialAction":[{"@type":"ReadAction","target":["https:\/\/likeink.com\/es\/tatuaje-falso\/harley-quinn-tatuajes-falsos-a5\/"]}]},{"@type":"ImageObject","inLanguage":"es","@id":"https:\/\/likeink.com\/es\/tatuaje-falso\/harley-quinn-tatuajes-falsos-a5\/#primaryimage","url":"https:\/\/likeink.com\/wp-content\/uploads\/2022\/10\/HarleyQuinn_Tatueringar_Likeink.jpg","contentUrl":"https:\/\/likeink.com\/wp-content\/uploads\/2022\/10\/HarleyQuinn_Tatueringar_Likeink.jpg","width":1100,"height":775,"caption":"Tatuajes temporales de Harley Quinn."},{"@type":"BreadcrumbList","@id":"https:\/\/likeink.com\/es\/tatuaje-falso\/harley-quinn-tatuajes-falsos-a5\/#breadcrumb","itemListElement":[{"@type":"ListItem","position":1,"name":"Hem","item":"https:\/\/likeink.com\/es\/"},{"@type":"ListItem","position":2,"name":"Shop","item":"https:\/\/likeink.com\/es\/shop\/"},{"@type":"ListItem","position":3,"name":"Harley Quinn Tatuajes Falsos"}]},{"@type":"WebSite","@id":"https:\/\/likeink.com\/es\/#website","url":"https:\/\/likeink.com\/es\/","name":"Like ink","description":"HAZ TUS PROPIOS TATUAJES TEMPORALES","potentialAction":[{"@type":"SearchAction","target":{"@type":"EntryPoint","urlTemplate":"https:\/\/likeink.com\/es\/?s={search_term_string}"},"query-input":{"@type":"PropertyValueSpecification","valueRequired":true,"valueName":"search_term_string"}}],"inLanguage":"es"}]}},"_links":{"self":[{"href":"https:\/\/likeink.com\/es\/wp-json\/wp\/v2\/product\/13678","targetHints":{"allow":["GET"]}}],"collection":[{"href":"https:\/\/likeink.com\/es\/wp-json\/wp\/v2\/product"}],"about":[{"href":"https:\/\/likeink.com\/es\/wp-json\/wp\/v2\/types\/product"}],"wp:featuredmedia":[{"embeddable":true,"href":"https:\/\/likeink.com\/es\/wp-json\/wp\/v2\/media\/13672"}],"wp:attachment":[{"href":"https:\/\/likeink.com\/es\/wp-json\/wp\/v2\/media?parent=13678"}],"wp:term":[{"taxonomy":"product_brand","embeddable":true,"href":"https:\/\/likeink.com\/es\/wp-json\/wp\/v2\/product_brand?post=13678"},{"taxonomy":"product_cat","embeddable":true,"href":"https:\/\/likeink.com\/es\/wp-json\/wp\/v2\/product_cat?post=13678"},{"taxonomy":"product_tag","embeddable":true,"href":"https:\/\/likeink.com\/es\/wp-json\/wp\/v2\/product_tag?post=13678"}],"curies":[{"name":"wp","href":"https:\/\/api.w.org\/{rel}","templated":true}]}}