{"id":13818,"date":"2022-10-06T14:09:43","date_gmt":"2022-10-06T14:09:43","guid":{"rendered":"https:\/\/likeink.se\/produkt\/conor-mcgregor-tattooset\/"},"modified":"2024-02-14T16:19:40","modified_gmt":"2024-02-14T16:19:40","slug":"conjunto-de-tatuajes-de-conor-mcgregor","status":"publish","type":"product","link":"https:\/\/likeink.com\/es\/tatuaje-falso\/conjunto-de-tatuajes-de-conor-mcgregor\/","title":{"rendered":"Conjunto de tatuajes de Conor McGregor"},"content":{"rendered":"","protected":false},"excerpt":{"rendered":"<p>Conjunto de tatuajes de Conor McGregor. Tat\u00faate como el legendario luchador de MMA Conor McGregor.<br \/>\nImprimiremos y enviaremos las hojas de tatuajes en un plazo de 24 horas.<\/p>\n<p>Mono: 190 mm<br \/>\nTigre: 130 mm<br \/>\nTexto de McGregor: 160 mm<br \/>\nCuchillo: 160X65 mm<br \/>\nTexto: &#8220;Lento, R\u00e1pido&#8221;: 65X55 mm<br \/>\nRosa: 150X75 mm<br \/>\nHombre con sombrero: 100X65 mm<br \/>\nTatuaje en la espalda, alambre de p\u00faas: 30 mm<br \/>\nAlas: 180 mm<br \/>\nTama\u00f1o de la hoja: A4 X2<\/p>\n","protected":false},"featured_media":13809,"template":"","meta":[],"product_brand":[],"product_cat":[517,240],"product_tag":[],"class_list":{"0":"post-13818","1":"product","2":"type-product","3":"status-publish","4":"has-post-thumbnail","6":"product_cat-disfraz-temporada","7":"product_cat-hojas-pre-disenadas","9":"first","10":"instock","11":"taxable","12":"shipping-taxable","13":"purchasable","14":"product-type-simple"},"yoast_head":"<!-- This site is optimized with the Yoast SEO Premium plugin v26.2 (Yoast SEO v27.5) - https:\/\/yoast.com\/product\/yoast-seo-premium-wordpress\/ -->\n<title>Conjunto de tatuajes de Conor McGregor I Tatuajes falsos - Like ink<\/title>\n<meta name=\"description\" content=\"Conor McGregor Tattoo set, chest tattoo, back tattoo, arm tattoos. Ink up like the legend MMA fighter Conor McGregor. - Like ink\" \/>\n<meta name=\"robots\" content=\"index, follow, max-snippet:-1, max-image-preview:large, max-video-preview:-1\" \/>\n<link rel=\"canonical\" href=\"https:\/\/likeink.com\/es\/tatuaje-falso\/conjunto-de-tatuajes-de-conor-mcgregor\/\" \/>\n<meta property=\"og:locale\" content=\"es_ES\" \/>\n<meta property=\"og:type\" content=\"article\" \/>\n<meta property=\"og:title\" content=\"Conjunto de tatuajes de Conor McGregor\" \/>\n<meta property=\"og:description\" content=\"Conjunto de tatuajes de Conor McGregor. Tat\u00faate como el legendario luchador de MMA Conor McGregor. Imprimiremos y enviaremos las hojas de tatuajes en un plazo de 24 horas.  Mono: 190 mm Tigre: 130 mm Texto de McGregor: 160 mm Cuchillo: 160X65 mm Texto: &quot;Lento, R\u00e1pido&quot;: 65X55 mm Rosa: 150X75 mm Hombre con sombrero: 100X65 mm Tatuaje en la espalda, alambre de p\u00faas: 30 mm Alas: 180 mm Tama\u00f1o de la hoja: A4 X2\" \/>\n<meta property=\"og:url\" content=\"https:\/\/likeink.com\/es\/tatuaje-falso\/conjunto-de-tatuajes-de-conor-mcgregor\/\" \/>\n<meta property=\"og:site_name\" content=\"Like ink\" \/>\n<meta property=\"article:publisher\" content=\"https:\/\/www.facebook.com\/LikeInkSe\" \/>\n<meta property=\"article:modified_time\" content=\"2024-02-14T16:19:40+00:00\" \/>\n<meta property=\"og:image\" content=\"https:\/\/likeink.com\/wp-content\/uploads\/2022\/10\/McGregor_Tattoos_Likeink.jpg\" \/>\n\t<meta property=\"og:image:width\" content=\"1200\" \/>\n\t<meta property=\"og:image:height\" content=\"848\" \/>\n\t<meta property=\"og:image:type\" content=\"image\/jpeg\" \/>\n<meta name=\"twitter:card\" content=\"summary_large_image\" \/>\n<!-- \/ Yoast SEO Premium plugin. -->","yoast_head_json":{"title":"Conjunto de tatuajes de Conor McGregor I Tatuajes falsos - Like ink","description":"Conor McGregor Tattoo set, chest tattoo, back tattoo, arm tattoos. Ink up like the legend MMA fighter Conor McGregor. - Like ink","robots":{"index":"index","follow":"follow","max-snippet":"max-snippet:-1","max-image-preview":"max-image-preview:large","max-video-preview":"max-video-preview:-1"},"canonical":"https:\/\/likeink.com\/es\/tatuaje-falso\/conjunto-de-tatuajes-de-conor-mcgregor\/","og_locale":"es_ES","og_type":"article","og_title":"Conjunto de tatuajes de Conor McGregor","og_description":"Conjunto de tatuajes de Conor McGregor. Tat\u00faate como el legendario luchador de MMA Conor McGregor. Imprimiremos y enviaremos las hojas de tatuajes en un plazo de 24 horas.  Mono: 190 mm Tigre: 130 mm Texto de McGregor: 160 mm Cuchillo: 160X65 mm Texto: \"Lento, R\u00e1pido\": 65X55 mm Rosa: 150X75 mm Hombre con sombrero: 100X65 mm Tatuaje en la espalda, alambre de p\u00faas: 30 mm Alas: 180 mm Tama\u00f1o de la hoja: A4 X2","og_url":"https:\/\/likeink.com\/es\/tatuaje-falso\/conjunto-de-tatuajes-de-conor-mcgregor\/","og_site_name":"Like ink","article_publisher":"https:\/\/www.facebook.com\/LikeInkSe","article_modified_time":"2024-02-14T16:19:40+00:00","og_image":[{"width":1200,"height":848,"url":"https:\/\/likeink.com\/wp-content\/uploads\/2022\/10\/McGregor_Tattoos_Likeink.jpg","type":"image\/jpeg"}],"twitter_card":"summary_large_image","schema":{"@context":"https:\/\/schema.org","@graph":[{"@type":"WebPage","@id":"https:\/\/likeink.com\/es\/tatuaje-falso\/conjunto-de-tatuajes-de-conor-mcgregor\/","url":"https:\/\/likeink.com\/es\/tatuaje-falso\/conjunto-de-tatuajes-de-conor-mcgregor\/","name":"Conjunto de tatuajes de Conor McGregor I Tatuajes falsos - Like ink","isPartOf":{"@id":"https:\/\/likeink.com\/es\/#website"},"primaryImageOfPage":{"@id":"https:\/\/likeink.com\/es\/tatuaje-falso\/conjunto-de-tatuajes-de-conor-mcgregor\/#primaryimage"},"image":{"@id":"https:\/\/likeink.com\/es\/tatuaje-falso\/conjunto-de-tatuajes-de-conor-mcgregor\/#primaryimage"},"thumbnailUrl":"https:\/\/likeink.com\/wp-content\/uploads\/2022\/10\/McGregor_Tattoos_Likeink.jpg","datePublished":"2022-10-06T14:09:43+00:00","dateModified":"2024-02-14T16:19:40+00:00","description":"Conor McGregor Tattoo set, chest tattoo, back tattoo, arm tattoos. Ink up like the legend MMA fighter Conor McGregor. - Like ink","breadcrumb":{"@id":"https:\/\/likeink.com\/es\/tatuaje-falso\/conjunto-de-tatuajes-de-conor-mcgregor\/#breadcrumb"},"inLanguage":"es","potentialAction":[{"@type":"ReadAction","target":["https:\/\/likeink.com\/es\/tatuaje-falso\/conjunto-de-tatuajes-de-conor-mcgregor\/"]}]},{"@type":"ImageObject","inLanguage":"es","@id":"https:\/\/likeink.com\/es\/tatuaje-falso\/conjunto-de-tatuajes-de-conor-mcgregor\/#primaryimage","url":"https:\/\/likeink.com\/wp-content\/uploads\/2022\/10\/McGregor_Tattoos_Likeink.jpg","contentUrl":"https:\/\/likeink.com\/wp-content\/uploads\/2022\/10\/McGregor_Tattoos_Likeink.jpg","width":1200,"height":848,"caption":"Tatuajes temporales de McGregor Like ink."},{"@type":"BreadcrumbList","@id":"https:\/\/likeink.com\/es\/tatuaje-falso\/conjunto-de-tatuajes-de-conor-mcgregor\/#breadcrumb","itemListElement":[{"@type":"ListItem","position":1,"name":"Hem","item":"https:\/\/likeink.com\/es\/"},{"@type":"ListItem","position":2,"name":"Shop","item":"https:\/\/likeink.com\/es\/shop\/"},{"@type":"ListItem","position":3,"name":"Conjunto de tatuajes de Conor McGregor"}]},{"@type":"WebSite","@id":"https:\/\/likeink.com\/es\/#website","url":"https:\/\/likeink.com\/es\/","name":"Like ink","description":"HAZ TUS PROPIOS TATUAJES TEMPORALES","potentialAction":[{"@type":"SearchAction","target":{"@type":"EntryPoint","urlTemplate":"https:\/\/likeink.com\/es\/?s={search_term_string}"},"query-input":{"@type":"PropertyValueSpecification","valueRequired":true,"valueName":"search_term_string"}}],"inLanguage":"es"}]}},"_links":{"self":[{"href":"https:\/\/likeink.com\/es\/wp-json\/wp\/v2\/product\/13818","targetHints":{"allow":["GET"]}}],"collection":[{"href":"https:\/\/likeink.com\/es\/wp-json\/wp\/v2\/product"}],"about":[{"href":"https:\/\/likeink.com\/es\/wp-json\/wp\/v2\/types\/product"}],"wp:featuredmedia":[{"embeddable":true,"href":"https:\/\/likeink.com\/es\/wp-json\/wp\/v2\/media\/13809"}],"wp:attachment":[{"href":"https:\/\/likeink.com\/es\/wp-json\/wp\/v2\/media?parent=13818"}],"wp:term":[{"taxonomy":"product_brand","embeddable":true,"href":"https:\/\/likeink.com\/es\/wp-json\/wp\/v2\/product_brand?post=13818"},{"taxonomy":"product_cat","embeddable":true,"href":"https:\/\/likeink.com\/es\/wp-json\/wp\/v2\/product_cat?post=13818"},{"taxonomy":"product_tag","embeddable":true,"href":"https:\/\/likeink.com\/es\/wp-json\/wp\/v2\/product_tag?post=13818"}],"curies":[{"name":"wp","href":"https:\/\/api.w.org\/{rel}","templated":true}]}}