{"id":13862,"date":"2022-10-08T13:28:52","date_gmt":"2022-10-08T13:28:52","guid":{"rendered":"https:\/\/likeink.se\/produkt\/frankenstein-facetattoos-scars-a5\/"},"modified":"2026-03-16T21:37:58","modified_gmt":"2026-03-16T21:37:58","slug":"cicatrices-de-tatuaje-de-cara-de-frankenstein","status":"publish","type":"product","link":"https:\/\/likeink.com\/es\/tatuaje-falso\/cicatrices-de-tatuaje-de-cara-de-frankenstein\/","title":{"rendered":"Cicatrices de tatuaje de cara de Frankenstein"},"content":{"rendered":"","protected":false},"excerpt":{"rendered":"<p>Si vas a una fiesta de Halloween, deber\u00edas venir vestido como si no lo estuvieras. Con los tatuajes de esta hoja, puedes transformar r\u00e1pidamente y f\u00e1cilmente tu rostro en el de Frankenstein.<\/p>\n<p>Nuestras hojas de tatuajes temporales tienen un tama\u00f1o de 20&#215;14 cm y est\u00e1n llenas con el dise\u00f1o que se muestra en la imagen. \u00a1Imprimimos y enviamos tu pedido en 24 horas! \u00a1F\u00e1ciles de aplicar!<\/p>\n<h2>Ordena tatuajes de Halloween de Frankenstein con nosotros en Like ink<\/h2>\n<p>Tama\u00f1o de la hoja: A5<br \/>\nTama\u00f1o de los tatuajes: Las suturas miden 2 y 1,5 cm de alto y cada una mide 20 cm de largo.<\/p>\n","protected":false},"featured_media":13854,"template":"","meta":[],"product_brand":[],"product_cat":[517,240],"product_tag":[],"class_list":{"0":"post-13862","1":"product","2":"type-product","3":"status-publish","4":"has-post-thumbnail","6":"product_cat-disfraz-temporada","7":"product_cat-hojas-pre-disenadas","9":"first","10":"instock","11":"taxable","12":"shipping-taxable","13":"purchasable","14":"product-type-simple"},"yoast_head":"<!-- This site is optimized with the Yoast SEO Premium plugin v27.5 (Yoast SEO v27.6) - https:\/\/yoast.com\/product\/yoast-seo-premium-wordpress\/ -->\n<title>Cicatrices de tatuaje de cara de Frankenstein A5 - Like ink<\/title>\n<meta name=\"description\" content=\"Cicatrices de tatuaje de cara de Frankenstein. Si vas a una fiesta de Halloween, deber\u00edas ir vestido como si no lo estuvieras. - Like ink\" \/>\n<meta name=\"robots\" content=\"index, follow, max-snippet:-1, max-image-preview:large, max-video-preview:-1\" \/>\n<link rel=\"canonical\" href=\"https:\/\/likeink.com\/es\/tatuaje-falso\/cicatrices-de-tatuaje-de-cara-de-frankenstein\/\" \/>\n<meta property=\"og:locale\" content=\"es_ES\" \/>\n<meta property=\"og:type\" content=\"article\" \/>\n<meta property=\"og:title\" content=\"Cicatrices de tatuaje de cara de Frankenstein\" \/>\n<meta property=\"og:description\" content=\"Si vas a una fiesta de Halloween, deber\u00edas venir vestido como si no lo estuvieras. Con los tatuajes de esta hoja, puedes transformar r\u00e1pidamente y f\u00e1cilmente tu rostro en el de Frankenstein.  Nuestras hojas de tatuajes temporales tienen un tama\u00f1o de 20x14 cm y est\u00e1n llenas con el dise\u00f1o que se muestra en la imagen. \u00a1Imprimimos y enviamos tu pedido en 24 horas! \u00a1F\u00e1ciles de aplicar!  Ordena tatuajes de Halloween de Frankenstein con nosotros en Like ink  Tama\u00f1o de la hoja: A5 Tama\u00f1o de los tatuajes: Las suturas miden 2 y 1,5 cm de alto y cada una mide 20 cm de largo.\" \/>\n<meta property=\"og:url\" content=\"https:\/\/likeink.com\/es\/tatuaje-falso\/cicatrices-de-tatuaje-de-cara-de-frankenstein\/\" \/>\n<meta property=\"og:site_name\" content=\"Like ink\" \/>\n<meta property=\"article:publisher\" content=\"https:\/\/www.facebook.com\/LikeInkSe\" \/>\n<meta property=\"article:modified_time\" content=\"2026-03-16T21:37:58+00:00\" \/>\n<meta property=\"og:image\" content=\"https:\/\/likeink.com\/wp-content\/uploads\/2022\/10\/Frankenstein_FaceScars_Likeink-1.jpg\" \/>\n\t<meta property=\"og:image:width\" content=\"1200\" \/>\n\t<meta property=\"og:image:height\" content=\"845\" \/>\n\t<meta property=\"og:image:type\" content=\"image\/jpeg\" \/>\n<meta name=\"twitter:card\" content=\"summary_large_image\" \/>\n<!-- \/ Yoast SEO Premium plugin. -->","yoast_head_json":{"title":"Cicatrices de tatuaje de cara de Frankenstein A5 - Like ink","description":"Cicatrices de tatuaje de cara de Frankenstein. Si vas a una fiesta de Halloween, deber\u00edas ir vestido como si no lo estuvieras. - Like ink","robots":{"index":"index","follow":"follow","max-snippet":"max-snippet:-1","max-image-preview":"max-image-preview:large","max-video-preview":"max-video-preview:-1"},"canonical":"https:\/\/likeink.com\/es\/tatuaje-falso\/cicatrices-de-tatuaje-de-cara-de-frankenstein\/","og_locale":"es_ES","og_type":"article","og_title":"Cicatrices de tatuaje de cara de Frankenstein","og_description":"Si vas a una fiesta de Halloween, deber\u00edas venir vestido como si no lo estuvieras. Con los tatuajes de esta hoja, puedes transformar r\u00e1pidamente y f\u00e1cilmente tu rostro en el de Frankenstein.  Nuestras hojas de tatuajes temporales tienen un tama\u00f1o de 20x14 cm y est\u00e1n llenas con el dise\u00f1o que se muestra en la imagen. \u00a1Imprimimos y enviamos tu pedido en 24 horas! \u00a1F\u00e1ciles de aplicar!  Ordena tatuajes de Halloween de Frankenstein con nosotros en Like ink  Tama\u00f1o de la hoja: A5 Tama\u00f1o de los tatuajes: Las suturas miden 2 y 1,5 cm de alto y cada una mide 20 cm de largo.","og_url":"https:\/\/likeink.com\/es\/tatuaje-falso\/cicatrices-de-tatuaje-de-cara-de-frankenstein\/","og_site_name":"Like ink","article_publisher":"https:\/\/www.facebook.com\/LikeInkSe","article_modified_time":"2026-03-16T21:37:58+00:00","og_image":[{"width":1200,"height":845,"url":"https:\/\/likeink.com\/wp-content\/uploads\/2022\/10\/Frankenstein_FaceScars_Likeink-1.jpg","type":"image\/jpeg"}],"twitter_card":"summary_large_image","schema":{"@context":"https:\/\/schema.org","@graph":[{"@type":"WebPage","@id":"https:\/\/likeink.com\/es\/tatuaje-falso\/cicatrices-de-tatuaje-de-cara-de-frankenstein\/","url":"https:\/\/likeink.com\/es\/tatuaje-falso\/cicatrices-de-tatuaje-de-cara-de-frankenstein\/","name":"Cicatrices de tatuaje de cara de Frankenstein A5 - Like ink","isPartOf":{"@id":"https:\/\/likeink.com\/es\/#website"},"primaryImageOfPage":{"@id":"https:\/\/likeink.com\/es\/tatuaje-falso\/cicatrices-de-tatuaje-de-cara-de-frankenstein\/#primaryimage"},"image":{"@id":"https:\/\/likeink.com\/es\/tatuaje-falso\/cicatrices-de-tatuaje-de-cara-de-frankenstein\/#primaryimage"},"thumbnailUrl":"https:\/\/likeink.com\/wp-content\/uploads\/2022\/10\/Frankenstein_FaceScars_Likeink-1.jpg","datePublished":"2022-10-08T13:28:52+00:00","dateModified":"2026-03-16T21:37:58+00:00","description":"Cicatrices de tatuaje de cara de Frankenstein. Si vas a una fiesta de Halloween, deber\u00edas ir vestido como si no lo estuvieras. - Like ink","breadcrumb":{"@id":"https:\/\/likeink.com\/es\/tatuaje-falso\/cicatrices-de-tatuaje-de-cara-de-frankenstein\/#breadcrumb"},"inLanguage":"es","potentialAction":[{"@type":"ReadAction","target":["https:\/\/likeink.com\/es\/tatuaje-falso\/cicatrices-de-tatuaje-de-cara-de-frankenstein\/"]}]},{"@type":"ImageObject","inLanguage":"es","@id":"https:\/\/likeink.com\/es\/tatuaje-falso\/cicatrices-de-tatuaje-de-cara-de-frankenstein\/#primaryimage","url":"https:\/\/likeink.com\/wp-content\/uploads\/2022\/10\/Frankenstein_FaceScars_Likeink-1.jpg","contentUrl":"https:\/\/likeink.com\/wp-content\/uploads\/2022\/10\/Frankenstein_FaceScars_Likeink-1.jpg","width":1200,"height":845,"caption":"Tatuajes de Frankenstein en el rostro."},{"@type":"BreadcrumbList","@id":"https:\/\/likeink.com\/es\/tatuaje-falso\/cicatrices-de-tatuaje-de-cara-de-frankenstein\/#breadcrumb","itemListElement":[{"@type":"ListItem","position":1,"name":"Hem","item":"https:\/\/likeink.com\/es\/"},{"@type":"ListItem","position":2,"name":"Shop","item":"https:\/\/likeink.com\/es\/shop\/"},{"@type":"ListItem","position":3,"name":"Cicatrices de tatuaje de cara de Frankenstein"}]},{"@type":"WebSite","@id":"https:\/\/likeink.com\/es\/#website","url":"https:\/\/likeink.com\/es\/","name":"Like ink","description":"HAZ TUS PROPIOS TATUAJES TEMPORALES","potentialAction":[{"@type":"SearchAction","target":{"@type":"EntryPoint","urlTemplate":"https:\/\/likeink.com\/es\/?s={search_term_string}"},"query-input":{"@type":"PropertyValueSpecification","valueRequired":true,"valueName":"search_term_string"}}],"inLanguage":"es"}]}},"_links":{"self":[{"href":"https:\/\/likeink.com\/es\/wp-json\/wp\/v2\/product\/13862","targetHints":{"allow":["GET"]}}],"collection":[{"href":"https:\/\/likeink.com\/es\/wp-json\/wp\/v2\/product"}],"about":[{"href":"https:\/\/likeink.com\/es\/wp-json\/wp\/v2\/types\/product"}],"wp:featuredmedia":[{"embeddable":true,"href":"https:\/\/likeink.com\/es\/wp-json\/wp\/v2\/media\/13854"}],"wp:attachment":[{"href":"https:\/\/likeink.com\/es\/wp-json\/wp\/v2\/media?parent=13862"}],"wp:term":[{"taxonomy":"product_brand","embeddable":true,"href":"https:\/\/likeink.com\/es\/wp-json\/wp\/v2\/product_brand?post=13862"},{"taxonomy":"product_cat","embeddable":true,"href":"https:\/\/likeink.com\/es\/wp-json\/wp\/v2\/product_cat?post=13862"},{"taxonomy":"product_tag","embeddable":true,"href":"https:\/\/likeink.com\/es\/wp-json\/wp\/v2\/product_tag?post=13862"}],"curies":[{"name":"wp","href":"https:\/\/api.w.org\/{rel}","templated":true}]}}