{"id":14520,"date":"2022-11-11T18:38:29","date_gmt":"2022-11-11T18:38:29","guid":{"rendered":"https:\/\/likeink.se\/produkt\/flash-by-malin-carper-color-tattoos\/"},"modified":"2026-04-24T07:34:46","modified_gmt":"2026-04-24T07:34:46","slug":"flash-by-malin-carper-color-tattoos","status":"publish","type":"product","link":"https:\/\/likeink.com\/es\/tatuaje-falso\/flash-by-malin-carper-color-tattoos\/","title":{"rendered":"Flash &#8220;Tatuajes de color&#8221; by Malin Carper at Bad Mood Tattoo"},"content":{"rendered":"","protected":false},"excerpt":{"rendered":"<p>Las hojas listas para usar de tatuajes temporales de Like Ink miden 20&#215;14 cm y est\u00e1n llenas de los dise\u00f1os que ves en la imagen. Imprimimos y enviamos tu hoja de tatuajes dentro de 24 horas.<\/p>\n<h2>Compra tatuajes temporales dise\u00f1ados por la tatuadora Malin Carper<\/h2>\n<p>Esta hoja est\u00e1 dise\u00f1ada por la talentosa tatuadora Malin Carper de Bad Mood Tattoo en Helsingborg, Suecia. Nos alegra poder ofrecer arte de Malin, quien es una de las tatuadoras m\u00e1s impresionantes que hemos visto. Pide una hoja de tatuajes temporales para llevar su arte durante unos d\u00edas y, si quieres un tatuaje real, echa un vistazo al Instagram de Malin.<\/p>\n<p><strong>Esta es Malin:<\/strong><br \/>\nSoy Malin Carper, originalmente de Arboga y ahora trabajo en Bad Mood Tattoo en Helsingborg. Prefiero trabajar en realismo a color con un toque de abstracto.<br \/>\nHe estado en la industria del tatuaje desde 2010 y durante todos estos a\u00f1os he viajado a muchos lugares emocionantes, he trabajado como invitada con otros tatuadores, he tatuado en ferias, he tatuado a m\u00fasicos y he conocido a muchos buenos amigos. No podr\u00eda haber deseado nada mejor. Espero que te gusten mis peque\u00f1os flashes, algunos de ellos ya han sido tatuados.<\/p>\n<p>Un saludo<\/p>\n<p>Malin<\/p>\n<p>Tama\u00f1o de la hoja: A5<br \/>\nTama\u00f1o de los tatuajes: El motivo m\u00e1s grande es de 135&#215;50 mm y el m\u00e1s peque\u00f1o de 38&#215;18 mm<\/p>\n<p><strong>Ponte en contacto con Malin:<\/strong><\/p>\n<p><strong>Instagram:<\/strong><br \/>\n@malincarper<\/p>\n<p><strong>Studio:<\/strong><br \/>\nBad Mood Tattoo<\/p>\n<p><strong>Direcci\u00f3n:<\/strong><br \/>\nNedre L\u00e5ngvinkelsgatan 17, 25220 Helsingborg<\/p>\n<p><strong>Sitio web:<\/strong><br \/>\ncarperink.se<\/p>\n","protected":false},"featured_media":14504,"template":"","meta":[],"product_brand":[],"product_cat":[523,504,240],"product_tag":[],"class_list":{"0":"post-14520","1":"product","2":"type-product","3":"status-publish","4":"has-post-thumbnail","6":"product_cat-animales-naturaleza","7":"product_cat-colaboraciones-con-tatuadores","8":"product_cat-hojas-pre-disenadas","10":"first","11":"instock","12":"taxable","13":"shipping-taxable","14":"purchasable","15":"product-type-simple"},"yoast_head":"<!-- This site is optimized with the Yoast SEO Premium plugin v26.2 (Yoast SEO v27.5) - https:\/\/yoast.com\/product\/yoast-seo-premium-wordpress\/ -->\n<title>Tatuajes de color: Bonitos tatuajes temporales de color - Like ink<\/title>\n<meta name=\"description\" content=\"Hoja de tatuajes de color dise\u00f1ada por el tatuador Malin Carper en Bad Mood Tattoo! \u00a1Env\u00edo gratis y r\u00e1pido! - Like ink\" \/>\n<meta name=\"robots\" content=\"index, follow, max-snippet:-1, max-image-preview:large, max-video-preview:-1\" \/>\n<link rel=\"canonical\" href=\"https:\/\/likeink.com\/es\/tatuaje-falso\/flash-by-malin-carper-color-tattoos\/\" \/>\n<meta property=\"og:locale\" content=\"es_ES\" \/>\n<meta property=\"og:type\" content=\"article\" \/>\n<meta property=\"og:title\" content=\"Flash &quot;Tatuajes de color&quot; by Malin Carper at Bad Mood Tattoo\" \/>\n<meta property=\"og:description\" content=\"Las hojas listas para usar de tatuajes temporales de Like Ink miden 20x14 cm y est\u00e1n llenas de los dise\u00f1os que ves en la imagen. Imprimimos y enviamos tu hoja de tatuajes dentro de 24 horas. Compra tatuajes temporales dise\u00f1ados por la tatuadora Malin Carper Esta hoja est\u00e1 dise\u00f1ada por la talentosa tatuadora Malin Carper de Bad Mood Tattoo en Helsingborg, Suecia. Nos alegra poder ofrecer arte de Malin, quien es una de las tatuadoras m\u00e1s impresionantes que hemos visto. Pide una hoja de tatuajes temporales para llevar su arte durante unos d\u00edas y, si quieres un tatuaje real, echa un vistazo al Instagram de Malin.  Esta es Malin: Soy Malin Carper, originalmente de Arboga y ahora trabajo en Bad Mood Tattoo en Helsingborg. Prefiero trabajar en realismo a color con un toque de abstracto. He estado en la industria del tatuaje desde 2010 y durante todos estos a\u00f1os he viajado a muchos lugares emocionantes, he trabajado como invitada con otros tatuadores, he tatuado en ferias, he tatuado a m\u00fasicos y he conocido a muchos buenos amigos. No podr\u00eda haber deseado nada mejor. Espero que te gusten mis peque\u00f1os flashes, algunos de ellos ya han sido tatuados.  Un saludo  Malin  Tama\u00f1o de la hoja: A5 Tama\u00f1o de los tatuajes: El motivo m\u00e1s grande es de 135x50 mm y el m\u00e1s peque\u00f1o de 38x18 mm  Ponte en contacto con Malin:  Instagram: @malincarper  Studio: Bad Mood Tattoo  Direcci\u00f3n: Nedre L\u00e5ngvinkelsgatan 17, 25220 Helsingborg  Sitio web: carperink.se\" \/>\n<meta property=\"og:url\" content=\"https:\/\/likeink.com\/es\/tatuaje-falso\/flash-by-malin-carper-color-tattoos\/\" \/>\n<meta property=\"og:site_name\" content=\"Like ink\" \/>\n<meta property=\"article:publisher\" content=\"https:\/\/www.facebook.com\/LikeInkSe\" \/>\n<meta property=\"article:modified_time\" content=\"2026-04-24T07:34:46+00:00\" \/>\n<meta property=\"og:image\" content=\"https:\/\/likeink.com\/wp-content\/uploads\/2022\/11\/MalinCarper_Tatuerare_ColorTattoos_Likeink.jpg\" \/>\n\t<meta property=\"og:image:width\" content=\"1500\" \/>\n\t<meta property=\"og:image:height\" content=\"1057\" \/>\n\t<meta property=\"og:image:type\" content=\"image\/jpeg\" \/>\n<meta name=\"twitter:card\" content=\"summary_large_image\" \/>\n<meta name=\"twitter:label1\" content=\"Tiempo de lectura\" \/>\n\t<meta name=\"twitter:data1\" content=\"1 minuto\" \/>\n<!-- \/ Yoast SEO Premium plugin. -->","yoast_head_json":{"title":"Tatuajes de color: Bonitos tatuajes temporales de color - Like ink","description":"Hoja de tatuajes de color dise\u00f1ada por el tatuador Malin Carper en Bad Mood Tattoo! \u00a1Env\u00edo gratis y r\u00e1pido! - Like ink","robots":{"index":"index","follow":"follow","max-snippet":"max-snippet:-1","max-image-preview":"max-image-preview:large","max-video-preview":"max-video-preview:-1"},"canonical":"https:\/\/likeink.com\/es\/tatuaje-falso\/flash-by-malin-carper-color-tattoos\/","og_locale":"es_ES","og_type":"article","og_title":"Flash \"Tatuajes de color\" by Malin Carper at Bad Mood Tattoo","og_description":"Las hojas listas para usar de tatuajes temporales de Like Ink miden 20x14 cm y est\u00e1n llenas de los dise\u00f1os que ves en la imagen. Imprimimos y enviamos tu hoja de tatuajes dentro de 24 horas. Compra tatuajes temporales dise\u00f1ados por la tatuadora Malin Carper Esta hoja est\u00e1 dise\u00f1ada por la talentosa tatuadora Malin Carper de Bad Mood Tattoo en Helsingborg, Suecia. Nos alegra poder ofrecer arte de Malin, quien es una de las tatuadoras m\u00e1s impresionantes que hemos visto. Pide una hoja de tatuajes temporales para llevar su arte durante unos d\u00edas y, si quieres un tatuaje real, echa un vistazo al Instagram de Malin.  Esta es Malin: Soy Malin Carper, originalmente de Arboga y ahora trabajo en Bad Mood Tattoo en Helsingborg. Prefiero trabajar en realismo a color con un toque de abstracto. He estado en la industria del tatuaje desde 2010 y durante todos estos a\u00f1os he viajado a muchos lugares emocionantes, he trabajado como invitada con otros tatuadores, he tatuado en ferias, he tatuado a m\u00fasicos y he conocido a muchos buenos amigos. No podr\u00eda haber deseado nada mejor. Espero que te gusten mis peque\u00f1os flashes, algunos de ellos ya han sido tatuados.  Un saludo  Malin  Tama\u00f1o de la hoja: A5 Tama\u00f1o de los tatuajes: El motivo m\u00e1s grande es de 135x50 mm y el m\u00e1s peque\u00f1o de 38x18 mm  Ponte en contacto con Malin:  Instagram: @malincarper  Studio: Bad Mood Tattoo  Direcci\u00f3n: Nedre L\u00e5ngvinkelsgatan 17, 25220 Helsingborg  Sitio web: carperink.se","og_url":"https:\/\/likeink.com\/es\/tatuaje-falso\/flash-by-malin-carper-color-tattoos\/","og_site_name":"Like ink","article_publisher":"https:\/\/www.facebook.com\/LikeInkSe","article_modified_time":"2026-04-24T07:34:46+00:00","og_image":[{"width":1500,"height":1057,"url":"https:\/\/likeink.com\/wp-content\/uploads\/2022\/11\/MalinCarper_Tatuerare_ColorTattoos_Likeink.jpg","type":"image\/jpeg"}],"twitter_card":"summary_large_image","twitter_misc":{"Tiempo de lectura":"1 minuto"},"schema":{"@context":"https:\/\/schema.org","@graph":[{"@type":"WebPage","@id":"https:\/\/likeink.com\/es\/tatuaje-falso\/flash-by-malin-carper-color-tattoos\/","url":"https:\/\/likeink.com\/es\/tatuaje-falso\/flash-by-malin-carper-color-tattoos\/","name":"Tatuajes de color: Bonitos tatuajes temporales de color - Like ink","isPartOf":{"@id":"https:\/\/likeink.com\/es\/#website"},"primaryImageOfPage":{"@id":"https:\/\/likeink.com\/es\/tatuaje-falso\/flash-by-malin-carper-color-tattoos\/#primaryimage"},"image":{"@id":"https:\/\/likeink.com\/es\/tatuaje-falso\/flash-by-malin-carper-color-tattoos\/#primaryimage"},"thumbnailUrl":"https:\/\/likeink.com\/wp-content\/uploads\/2022\/11\/MalinCarper_Tatuerare_ColorTattoos_Likeink.jpg","datePublished":"2022-11-11T18:38:29+00:00","dateModified":"2026-04-24T07:34:46+00:00","description":"Hoja de tatuajes de color dise\u00f1ada por el tatuador Malin Carper en Bad Mood Tattoo! \u00a1Env\u00edo gratis y r\u00e1pido! - Like ink","breadcrumb":{"@id":"https:\/\/likeink.com\/es\/tatuaje-falso\/flash-by-malin-carper-color-tattoos\/#breadcrumb"},"inLanguage":"es","potentialAction":[{"@type":"ReadAction","target":["https:\/\/likeink.com\/es\/tatuaje-falso\/flash-by-malin-carper-color-tattoos\/"]}]},{"@type":"ImageObject","inLanguage":"es","@id":"https:\/\/likeink.com\/es\/tatuaje-falso\/flash-by-malin-carper-color-tattoos\/#primaryimage","url":"https:\/\/likeink.com\/wp-content\/uploads\/2022\/11\/MalinCarper_Tatuerare_ColorTattoos_Likeink.jpg","contentUrl":"https:\/\/likeink.com\/wp-content\/uploads\/2022\/11\/MalinCarper_Tatuerare_ColorTattoos_Likeink.jpg","width":1500,"height":1057,"caption":"Tatuaje de flor tatuajes falsos Like ink."},{"@type":"BreadcrumbList","@id":"https:\/\/likeink.com\/es\/tatuaje-falso\/flash-by-malin-carper-color-tattoos\/#breadcrumb","itemListElement":[{"@type":"ListItem","position":1,"name":"Hem","item":"https:\/\/likeink.com\/es\/"},{"@type":"ListItem","position":2,"name":"Shop","item":"https:\/\/likeink.com\/es\/shop\/"},{"@type":"ListItem","position":3,"name":"Flash &#8220;Tatuajes de color&#8221; by Malin Carper at Bad Mood Tattoo"}]},{"@type":"WebSite","@id":"https:\/\/likeink.com\/es\/#website","url":"https:\/\/likeink.com\/es\/","name":"Like ink","description":"HAZ TUS PROPIOS TATUAJES TEMPORALES","potentialAction":[{"@type":"SearchAction","target":{"@type":"EntryPoint","urlTemplate":"https:\/\/likeink.com\/es\/?s={search_term_string}"},"query-input":{"@type":"PropertyValueSpecification","valueRequired":true,"valueName":"search_term_string"}}],"inLanguage":"es"}]}},"_links":{"self":[{"href":"https:\/\/likeink.com\/es\/wp-json\/wp\/v2\/product\/14520","targetHints":{"allow":["GET"]}}],"collection":[{"href":"https:\/\/likeink.com\/es\/wp-json\/wp\/v2\/product"}],"about":[{"href":"https:\/\/likeink.com\/es\/wp-json\/wp\/v2\/types\/product"}],"wp:featuredmedia":[{"embeddable":true,"href":"https:\/\/likeink.com\/es\/wp-json\/wp\/v2\/media\/14504"}],"wp:attachment":[{"href":"https:\/\/likeink.com\/es\/wp-json\/wp\/v2\/media?parent=14520"}],"wp:term":[{"taxonomy":"product_brand","embeddable":true,"href":"https:\/\/likeink.com\/es\/wp-json\/wp\/v2\/product_brand?post=14520"},{"taxonomy":"product_cat","embeddable":true,"href":"https:\/\/likeink.com\/es\/wp-json\/wp\/v2\/product_cat?post=14520"},{"taxonomy":"product_tag","embeddable":true,"href":"https:\/\/likeink.com\/es\/wp-json\/wp\/v2\/product_tag?post=14520"}],"curies":[{"name":"wp","href":"https:\/\/api.w.org\/{rel}","templated":true}]}}