{"id":15890,"date":"2023-01-12T14:23:58","date_gmt":"2023-01-12T14:23:58","guid":{"rendered":"https:\/\/likeink.se\/produkt\/axl-rose-temporary-tattoos-a4\/"},"modified":"2026-03-16T21:38:10","modified_gmt":"2026-03-16T21:38:10","slug":"axl-rose-tatuajes-temporales","status":"publish","type":"product","link":"https:\/\/likeink.com\/es\/tatuaje-falso\/axl-rose-tatuajes-temporales\/","title":{"rendered":"Axl Rose Tatuajes Temporales"},"content":{"rendered":"","protected":false},"excerpt":{"rendered":"<p>El cantante de hard rock y l\u00edder de Guns n Roses, Axl Rose, tiene tatuajes como la mayor\u00eda de las estrellas de rock. Los tatuajes en esta hoja son casi id\u00e9nticos a los tatuajes reales de Axl Rose tanto en dise\u00f1o como en tama\u00f1o. As\u00ed que si quieres sentirte como una estrella de rock durante unos d\u00edas o si quieres vestirte como Axl Rose en un disfraz, \u00a1estos tatuajes son imprescindibles! Y recuerda, &#8220;\u00a1\u00fasalo como una estrella de rock!&#8221;<\/p>\n<h2>Pide tatuajes temporales de Axl Rose de Guns n Roses<\/h2>\n<p><strong>Tama\u00f1o de la hoja:<\/strong> A4<br \/>\n<strong>Tama\u00f1o de los tatuajes:<\/strong> La cruz de GNR mide 16&#215;11 cm.<\/p>\n<p>\u00bfCu\u00e1nto dura un tatuaje temporal y c\u00f3mo funciona?<br \/>\nNuestros tatuajes temporales duran de uno a diez d\u00edas dependiendo de d\u00f3nde coloques el tatuaje y de c\u00f3mo lo cuides. Los tatuajes falsos son f\u00e1ciles de aplicar y quitar, y recibir\u00e1s instrucciones con tu pedido.<br \/>\nRecorta el tatuaje individual cerca de la imagen.<br \/>\nQuita el revestimiento de pel\u00edcula transparente del adhesivo.<br \/>\nColoca el tatuaje en la posici\u00f3n deseada.<br \/>\nAplica agua con una esponja o toalla h\u00fameda.<br \/>\nDespu\u00e9s de 15 segundos, quita el papel mojado.<br \/>\n\u00a1Listo! \u00a1Divi\u00e9rtete y disfruta!<br \/>\nAplica polvo de beb\u00e9 para obtener un acabado mate si lo deseas.<br \/>\n\u00a1Otra informaci\u00f3n!<\/p>\n<p>Entrega:<br \/>\nEnviamos pedidos diariamente por todo el mundo desde nuestras impresoras en Malm\u00f6, Suecia. Imprimiremos y enviaremos tus tatuajes en 24 horas, pero el tiempo de entrega normal fuera de Suecia es de 5 a 10 d\u00edas.<br \/>\n\u00bfSon los tatuajes falsos respetuosos con el medio ambiente?<br \/>\nLos tatuajes son veganos y el medio ambiente es realmente importante para nosotros aqu\u00ed en Like ink. Todos los componentes son libres de PVC y PCB.<\/p>\n<p>Compensamos el clima de todos los env\u00edos y usamos pintura, sobres y materiales impresos que tienen la etiqueta ecol\u00f3gica n\u00f3rdica, son seguros para ti y buenos para el medio ambiente.<br \/>\nSeguimos las regulaciones de cosm\u00e9ticos EC1223-2009.<\/p>\n<p>\u00a1Que tengas un d\u00eda fant\u00e1stico!<br \/>\nLike ink &#8211; Tatuajes falsos reales!<\/p>\n","protected":false},"featured_media":15017,"template":"","meta":[],"product_brand":[],"product_cat":[517,240],"product_tag":[],"class_list":{"0":"post-15890","1":"product","2":"type-product","3":"status-publish","4":"has-post-thumbnail","6":"product_cat-disfraz-temporada","7":"product_cat-hojas-pre-disenadas","9":"first","10":"instock","11":"taxable","12":"shipping-taxable","13":"purchasable","14":"product-type-simple"},"yoast_head":"<!-- This site is optimized with the Yoast SEO Premium plugin v26.2 (Yoast SEO v27.5) - https:\/\/yoast.com\/product\/yoast-seo-premium-wordpress\/ -->\n<title>Axl Rose Tatuajes Temporales A4 - Like ink<\/title>\n<meta name=\"description\" content=\"\u00a1Tatuajes temporales de Axl Rose! \u00a1V\u00edstete como Axl Rose en Guns n Roses. Tatuajes de alta calidad! - Like ink\" \/>\n<meta name=\"robots\" content=\"index, follow, max-snippet:-1, max-image-preview:large, max-video-preview:-1\" \/>\n<link rel=\"canonical\" href=\"https:\/\/likeink.com\/es\/tatuaje-falso\/axl-rose-tatuajes-temporales\/\" \/>\n<meta property=\"og:locale\" content=\"es_ES\" \/>\n<meta property=\"og:type\" content=\"article\" \/>\n<meta property=\"og:title\" content=\"Axl Rose Tatuajes Temporales\" \/>\n<meta property=\"og:description\" content=\"El cantante de hard rock y l\u00edder de Guns n Roses, Axl Rose, tiene tatuajes como la mayor\u00eda de las estrellas de rock. Los tatuajes en esta hoja son casi id\u00e9nticos a los tatuajes reales de Axl Rose tanto en dise\u00f1o como en tama\u00f1o. As\u00ed que si quieres sentirte como una estrella de rock durante unos d\u00edas o si quieres vestirte como Axl Rose en un disfraz, \u00a1estos tatuajes son imprescindibles! Y recuerda, &quot;\u00a1\u00fasalo como una estrella de rock!&quot;  Pide tatuajes temporales de Axl Rose de Guns n Roses  Tama\u00f1o de la hoja: A4 Tama\u00f1o de los tatuajes: La cruz de GNR mide 16x11 cm.  \u00bfCu\u00e1nto dura un tatuaje temporal y c\u00f3mo funciona? Nuestros tatuajes temporales duran de uno a diez d\u00edas dependiendo de d\u00f3nde coloques el tatuaje y de c\u00f3mo lo cuides. Los tatuajes falsos son f\u00e1ciles de aplicar y quitar, y recibir\u00e1s instrucciones con tu pedido. Recorta el tatuaje individual cerca de la imagen. Quita el revestimiento de pel\u00edcula transparente del adhesivo. Coloca el tatuaje en la posici\u00f3n deseada. Aplica agua con una esponja o toalla h\u00fameda. Despu\u00e9s de 15 segundos, quita el papel mojado. \u00a1Listo! \u00a1Divi\u00e9rtete y disfruta! Aplica polvo de beb\u00e9 para obtener un acabado mate si lo deseas. \u00a1Otra informaci\u00f3n!  Entrega: Enviamos pedidos diariamente por todo el mundo desde nuestras impresoras en Malm\u00f6, Suecia. Imprimiremos y enviaremos tus tatuajes en 24 horas, pero el tiempo de entrega normal fuera de Suecia es de 5 a 10 d\u00edas. \u00bfSon los tatuajes falsos respetuosos con el medio ambiente? Los tatuajes son veganos y el medio ambiente es realmente importante para nosotros aqu\u00ed en Like ink. Todos los componentes son libres de PVC y PCB.  Compensamos el clima de todos los env\u00edos y usamos pintura, sobres y materiales impresos que tienen la etiqueta ecol\u00f3gica n\u00f3rdica, son seguros para ti y buenos para el medio ambiente. Seguimos las regulaciones de cosm\u00e9ticos EC1223-2009.  \u00a1Que tengas un d\u00eda fant\u00e1stico! Like ink - Tatuajes falsos reales!\" \/>\n<meta property=\"og:url\" content=\"https:\/\/likeink.com\/es\/tatuaje-falso\/axl-rose-tatuajes-temporales\/\" \/>\n<meta property=\"og:site_name\" content=\"Like ink\" \/>\n<meta property=\"article:publisher\" content=\"https:\/\/www.facebook.com\/LikeInkSe\" \/>\n<meta property=\"article:modified_time\" content=\"2026-03-16T21:38:10+00:00\" \/>\n<meta property=\"og:image\" content=\"https:\/\/likeink.com\/wp-content\/uploads\/2023\/01\/AxlRose-Tattoos-A4-Likeink.jpg\" \/>\n\t<meta property=\"og:image:width\" content=\"1200\" \/>\n\t<meta property=\"og:image:height\" content=\"848\" \/>\n\t<meta property=\"og:image:type\" content=\"image\/jpeg\" \/>\n<meta name=\"twitter:card\" content=\"summary_large_image\" \/>\n<!-- \/ Yoast SEO Premium plugin. -->","yoast_head_json":{"title":"Axl Rose Tatuajes Temporales A4 - Like ink","description":"\u00a1Tatuajes temporales de Axl Rose! \u00a1V\u00edstete como Axl Rose en Guns n Roses. Tatuajes de alta calidad! - Like ink","robots":{"index":"index","follow":"follow","max-snippet":"max-snippet:-1","max-image-preview":"max-image-preview:large","max-video-preview":"max-video-preview:-1"},"canonical":"https:\/\/likeink.com\/es\/tatuaje-falso\/axl-rose-tatuajes-temporales\/","og_locale":"es_ES","og_type":"article","og_title":"Axl Rose Tatuajes Temporales","og_description":"El cantante de hard rock y l\u00edder de Guns n Roses, Axl Rose, tiene tatuajes como la mayor\u00eda de las estrellas de rock. Los tatuajes en esta hoja son casi id\u00e9nticos a los tatuajes reales de Axl Rose tanto en dise\u00f1o como en tama\u00f1o. As\u00ed que si quieres sentirte como una estrella de rock durante unos d\u00edas o si quieres vestirte como Axl Rose en un disfraz, \u00a1estos tatuajes son imprescindibles! Y recuerda, \"\u00a1\u00fasalo como una estrella de rock!\"  Pide tatuajes temporales de Axl Rose de Guns n Roses  Tama\u00f1o de la hoja: A4 Tama\u00f1o de los tatuajes: La cruz de GNR mide 16x11 cm.  \u00bfCu\u00e1nto dura un tatuaje temporal y c\u00f3mo funciona? Nuestros tatuajes temporales duran de uno a diez d\u00edas dependiendo de d\u00f3nde coloques el tatuaje y de c\u00f3mo lo cuides. Los tatuajes falsos son f\u00e1ciles de aplicar y quitar, y recibir\u00e1s instrucciones con tu pedido. Recorta el tatuaje individual cerca de la imagen. Quita el revestimiento de pel\u00edcula transparente del adhesivo. Coloca el tatuaje en la posici\u00f3n deseada. Aplica agua con una esponja o toalla h\u00fameda. Despu\u00e9s de 15 segundos, quita el papel mojado. \u00a1Listo! \u00a1Divi\u00e9rtete y disfruta! Aplica polvo de beb\u00e9 para obtener un acabado mate si lo deseas. \u00a1Otra informaci\u00f3n!  Entrega: Enviamos pedidos diariamente por todo el mundo desde nuestras impresoras en Malm\u00f6, Suecia. Imprimiremos y enviaremos tus tatuajes en 24 horas, pero el tiempo de entrega normal fuera de Suecia es de 5 a 10 d\u00edas. \u00bfSon los tatuajes falsos respetuosos con el medio ambiente? Los tatuajes son veganos y el medio ambiente es realmente importante para nosotros aqu\u00ed en Like ink. Todos los componentes son libres de PVC y PCB.  Compensamos el clima de todos los env\u00edos y usamos pintura, sobres y materiales impresos que tienen la etiqueta ecol\u00f3gica n\u00f3rdica, son seguros para ti y buenos para el medio ambiente. Seguimos las regulaciones de cosm\u00e9ticos EC1223-2009.  \u00a1Que tengas un d\u00eda fant\u00e1stico! Like ink - Tatuajes falsos reales!","og_url":"https:\/\/likeink.com\/es\/tatuaje-falso\/axl-rose-tatuajes-temporales\/","og_site_name":"Like ink","article_publisher":"https:\/\/www.facebook.com\/LikeInkSe","article_modified_time":"2026-03-16T21:38:10+00:00","og_image":[{"width":1200,"height":848,"url":"https:\/\/likeink.com\/wp-content\/uploads\/2023\/01\/AxlRose-Tattoos-A4-Likeink.jpg","type":"image\/jpeg"}],"twitter_card":"summary_large_image","schema":{"@context":"https:\/\/schema.org","@graph":[{"@type":"WebPage","@id":"https:\/\/likeink.com\/es\/tatuaje-falso\/axl-rose-tatuajes-temporales\/","url":"https:\/\/likeink.com\/es\/tatuaje-falso\/axl-rose-tatuajes-temporales\/","name":"Axl Rose Tatuajes Temporales A4 - Like ink","isPartOf":{"@id":"https:\/\/likeink.com\/es\/#website"},"primaryImageOfPage":{"@id":"https:\/\/likeink.com\/es\/tatuaje-falso\/axl-rose-tatuajes-temporales\/#primaryimage"},"image":{"@id":"https:\/\/likeink.com\/es\/tatuaje-falso\/axl-rose-tatuajes-temporales\/#primaryimage"},"thumbnailUrl":"https:\/\/likeink.com\/wp-content\/uploads\/2023\/01\/AxlRose-Tattoos-A4-Likeink.jpg","datePublished":"2023-01-12T14:23:58+00:00","dateModified":"2026-03-16T21:38:10+00:00","description":"\u00a1Tatuajes temporales de Axl Rose! \u00a1V\u00edstete como Axl Rose en Guns n Roses. Tatuajes de alta calidad! - Like ink","breadcrumb":{"@id":"https:\/\/likeink.com\/es\/tatuaje-falso\/axl-rose-tatuajes-temporales\/#breadcrumb"},"inLanguage":"es","potentialAction":[{"@type":"ReadAction","target":["https:\/\/likeink.com\/es\/tatuaje-falso\/axl-rose-tatuajes-temporales\/"]}]},{"@type":"ImageObject","inLanguage":"es","@id":"https:\/\/likeink.com\/es\/tatuaje-falso\/axl-rose-tatuajes-temporales\/#primaryimage","url":"https:\/\/likeink.com\/wp-content\/uploads\/2023\/01\/AxlRose-Tattoos-A4-Likeink.jpg","contentUrl":"https:\/\/likeink.com\/wp-content\/uploads\/2023\/01\/AxlRose-Tattoos-A4-Likeink.jpg","width":1200,"height":848,"caption":"Tatuajes de Axl Rose Like ink."},{"@type":"BreadcrumbList","@id":"https:\/\/likeink.com\/es\/tatuaje-falso\/axl-rose-tatuajes-temporales\/#breadcrumb","itemListElement":[{"@type":"ListItem","position":1,"name":"Hem","item":"https:\/\/likeink.com\/es\/"},{"@type":"ListItem","position":2,"name":"Shop","item":"https:\/\/likeink.com\/es\/shop\/"},{"@type":"ListItem","position":3,"name":"Axl Rose Tatuajes Temporales"}]},{"@type":"WebSite","@id":"https:\/\/likeink.com\/es\/#website","url":"https:\/\/likeink.com\/es\/","name":"Like ink","description":"HAZ TUS PROPIOS TATUAJES TEMPORALES","potentialAction":[{"@type":"SearchAction","target":{"@type":"EntryPoint","urlTemplate":"https:\/\/likeink.com\/es\/?s={search_term_string}"},"query-input":{"@type":"PropertyValueSpecification","valueRequired":true,"valueName":"search_term_string"}}],"inLanguage":"es"}]}},"_links":{"self":[{"href":"https:\/\/likeink.com\/es\/wp-json\/wp\/v2\/product\/15890","targetHints":{"allow":["GET"]}}],"collection":[{"href":"https:\/\/likeink.com\/es\/wp-json\/wp\/v2\/product"}],"about":[{"href":"https:\/\/likeink.com\/es\/wp-json\/wp\/v2\/types\/product"}],"wp:featuredmedia":[{"embeddable":true,"href":"https:\/\/likeink.com\/es\/wp-json\/wp\/v2\/media\/15017"}],"wp:attachment":[{"href":"https:\/\/likeink.com\/es\/wp-json\/wp\/v2\/media?parent=15890"}],"wp:term":[{"taxonomy":"product_brand","embeddable":true,"href":"https:\/\/likeink.com\/es\/wp-json\/wp\/v2\/product_brand?post=15890"},{"taxonomy":"product_cat","embeddable":true,"href":"https:\/\/likeink.com\/es\/wp-json\/wp\/v2\/product_cat?post=15890"},{"taxonomy":"product_tag","embeddable":true,"href":"https:\/\/likeink.com\/es\/wp-json\/wp\/v2\/product_tag?post=15890"}],"curies":[{"name":"wp","href":"https:\/\/api.w.org\/{rel}","templated":true}]}}