{"id":16017,"date":"2023-03-31T18:10:09","date_gmt":"2023-03-31T18:10:09","guid":{"rendered":"https:\/\/likeink.se\/produkt\/flash-grim-reaper-tattoo-by-kain\/"},"modified":"2026-04-27T14:38:34","modified_gmt":"2026-04-27T14:38:34","slug":"grim-reaper-tattoo","status":"publish","type":"product","link":"https:\/\/likeink.com\/es\/tatuaje-falso\/grim-reaper-tattoo\/","title":{"rendered":"Flash &#8220;Grim Reaper&#8221; by Kain at Zoi Tattoo"},"content":{"rendered":"","protected":false},"excerpt":{"rendered":"<p>Nuestras hojas desechables listas con tatuajes temporales tienen un tama\u00f1o de 20\u00d714 cm y est\u00e1n llenas con el dise\u00f1o que ves en la imagen. Imprimimos y enviamos la hoja dentro de las 24 horas despu\u00e9s de que hayas realizado tu pedido.<\/p>\n<h2>Pide tatuajes temporales de la Parca, serpiente y calavera<\/h2>\n<p>Esta hoja est\u00e1 dise\u00f1ada por el talentoso tatuador Kain Toro en Zoi Tattoo.<\/p>\n<p><strong>Este es Kain:<\/strong> Un tatuador s\u00faper talentoso de Colombia que trabaja en Zoi Tattoo en Malm\u00f6, Suecia. A Kain le encantan el black and grey, las calaveras y el rock n roll. Hace unos a\u00f1os, Kain tatu\u00f3 un ancla en mi antebrazo. Me impresion\u00f3 lo r\u00e1pido que tatuaba, lo finas que quedaban las l\u00edneas y su sentido del detalle.<br \/>\nEstamos muy emocionados de poder ofrecer algunos de los dise\u00f1os de Kain como tatuajes temporales.<\/p>\n<p><strong>Ponte en contacto con Kain:<\/strong><\/p>\n<p><strong>Instagram:<\/strong><\/p>\n<p>@6kain6<\/p>\n<p><strong>Studio:<\/strong><\/p>\n<p>Zoi Tattoo<\/p>\n<p><strong>Direcci\u00f3n:<\/strong><\/p>\n<p>Stora Nygatan 42, MALM\u00d6<\/p>\n<p><strong>Sitio web:<\/strong> https:\/\/www.zoitattoo.com<\/p>\n","protected":false},"featured_media":16008,"template":"","meta":[],"product_brand":[],"product_cat":[504,240],"product_tag":[],"class_list":{"0":"post-16017","1":"product","2":"type-product","3":"status-publish","4":"has-post-thumbnail","6":"product_cat-colaboraciones-con-tatuadores","7":"product_cat-hojas-pre-disenadas","9":"first","10":"instock","11":"taxable","12":"shipping-taxable","13":"purchasable","14":"product-type-simple"},"yoast_head":"<!-- This site is optimized with the Yoast SEO Premium plugin v27.5 (Yoast SEO v27.6) - https:\/\/yoast.com\/product\/yoast-seo-premium-wordpress\/ -->\n<title>Tatuaje de la Parca por Kain en Zoi Tattoo A5 - Like ink<\/title>\n<meta name=\"description\" content=\"Pide un tatuaje de la parca junto con calaveras y serpientes Fake Tattoos del talentoso artista del tatuaje Kain. - Like ink\" \/>\n<meta name=\"robots\" content=\"index, follow, max-snippet:-1, max-image-preview:large, max-video-preview:-1\" \/>\n<link rel=\"canonical\" href=\"https:\/\/likeink.com\/es\/tatuaje-falso\/grim-reaper-tattoo\/\" \/>\n<meta property=\"og:locale\" content=\"es_ES\" \/>\n<meta property=\"og:type\" content=\"article\" \/>\n<meta property=\"og:title\" content=\"Flash &quot;Grim Reaper&quot; by Kain at Zoi Tattoo\" \/>\n<meta property=\"og:description\" content=\"Nuestras hojas desechables listas con tatuajes temporales tienen un tama\u00f1o de 20\u00d714 cm y est\u00e1n llenas con el dise\u00f1o que ves en la imagen. Imprimimos y enviamos la hoja dentro de las 24 horas despu\u00e9s de que hayas realizado tu pedido. Pide tatuajes temporales de la Parca, serpiente y calavera Esta hoja est\u00e1 dise\u00f1ada por el talentoso tatuador Kain Toro en Zoi Tattoo.  Este es Kain: Un tatuador s\u00faper talentoso de Colombia que trabaja en Zoi Tattoo en Malm\u00f6, Suecia. A Kain le encantan el black and grey, las calaveras y el rock n roll. Hace unos a\u00f1os, Kain tatu\u00f3 un ancla en mi antebrazo. Me impresion\u00f3 lo r\u00e1pido que tatuaba, lo finas que quedaban las l\u00edneas y su sentido del detalle. Estamos muy emocionados de poder ofrecer algunos de los dise\u00f1os de Kain como tatuajes temporales.  Ponte en contacto con Kain:  Instagram:  @6kain6  Studio:  Zoi Tattoo  Direcci\u00f3n:  Stora Nygatan 42, MALM\u00d6  Sitio web: https:\/\/www.zoitattoo.com\" \/>\n<meta property=\"og:url\" content=\"https:\/\/likeink.com\/es\/tatuaje-falso\/grim-reaper-tattoo\/\" \/>\n<meta property=\"og:site_name\" content=\"Like ink\" \/>\n<meta property=\"article:publisher\" content=\"https:\/\/www.facebook.com\/LikeInkSe\" \/>\n<meta property=\"article:modified_time\" content=\"2026-04-27T14:38:34+00:00\" \/>\n<meta property=\"og:image\" content=\"https:\/\/likeink.com\/wp-content\/uploads\/2023\/03\/Kain-Liemannen-Tatuering-Likeink.jpg\" \/>\n\t<meta property=\"og:image:width\" content=\"1100\" \/>\n\t<meta property=\"og:image:height\" content=\"775\" \/>\n\t<meta property=\"og:image:type\" content=\"image\/jpeg\" \/>\n<meta name=\"twitter:card\" content=\"summary_large_image\" \/>\n<meta name=\"twitter:label1\" content=\"Tiempo de lectura\" \/>\n\t<meta name=\"twitter:data1\" content=\"1 minuto\" \/>\n<!-- \/ Yoast SEO Premium plugin. -->","yoast_head_json":{"title":"Tatuaje de la Parca por Kain en Zoi Tattoo A5 - Like ink","description":"Pide un tatuaje de la parca junto con calaveras y serpientes Fake Tattoos del talentoso artista del tatuaje Kain. - Like ink","robots":{"index":"index","follow":"follow","max-snippet":"max-snippet:-1","max-image-preview":"max-image-preview:large","max-video-preview":"max-video-preview:-1"},"canonical":"https:\/\/likeink.com\/es\/tatuaje-falso\/grim-reaper-tattoo\/","og_locale":"es_ES","og_type":"article","og_title":"Flash \"Grim Reaper\" by Kain at Zoi Tattoo","og_description":"Nuestras hojas desechables listas con tatuajes temporales tienen un tama\u00f1o de 20\u00d714 cm y est\u00e1n llenas con el dise\u00f1o que ves en la imagen. Imprimimos y enviamos la hoja dentro de las 24 horas despu\u00e9s de que hayas realizado tu pedido. Pide tatuajes temporales de la Parca, serpiente y calavera Esta hoja est\u00e1 dise\u00f1ada por el talentoso tatuador Kain Toro en Zoi Tattoo.  Este es Kain: Un tatuador s\u00faper talentoso de Colombia que trabaja en Zoi Tattoo en Malm\u00f6, Suecia. A Kain le encantan el black and grey, las calaveras y el rock n roll. Hace unos a\u00f1os, Kain tatu\u00f3 un ancla en mi antebrazo. Me impresion\u00f3 lo r\u00e1pido que tatuaba, lo finas que quedaban las l\u00edneas y su sentido del detalle. Estamos muy emocionados de poder ofrecer algunos de los dise\u00f1os de Kain como tatuajes temporales.  Ponte en contacto con Kain:  Instagram:  @6kain6  Studio:  Zoi Tattoo  Direcci\u00f3n:  Stora Nygatan 42, MALM\u00d6  Sitio web: https:\/\/www.zoitattoo.com","og_url":"https:\/\/likeink.com\/es\/tatuaje-falso\/grim-reaper-tattoo\/","og_site_name":"Like ink","article_publisher":"https:\/\/www.facebook.com\/LikeInkSe","article_modified_time":"2026-04-27T14:38:34+00:00","og_image":[{"width":1100,"height":775,"url":"https:\/\/likeink.com\/wp-content\/uploads\/2023\/03\/Kain-Liemannen-Tatuering-Likeink.jpg","type":"image\/jpeg"}],"twitter_card":"summary_large_image","twitter_misc":{"Tiempo de lectura":"1 minuto"},"schema":{"@context":"https:\/\/schema.org","@graph":[{"@type":"WebPage","@id":"https:\/\/likeink.com\/es\/tatuaje-falso\/grim-reaper-tattoo\/","url":"https:\/\/likeink.com\/es\/tatuaje-falso\/grim-reaper-tattoo\/","name":"Tatuaje de la Parca por Kain en Zoi Tattoo A5 - Like ink","isPartOf":{"@id":"https:\/\/likeink.com\/es\/#website"},"primaryImageOfPage":{"@id":"https:\/\/likeink.com\/es\/tatuaje-falso\/grim-reaper-tattoo\/#primaryimage"},"image":{"@id":"https:\/\/likeink.com\/es\/tatuaje-falso\/grim-reaper-tattoo\/#primaryimage"},"thumbnailUrl":"https:\/\/likeink.com\/wp-content\/uploads\/2023\/03\/Kain-Liemannen-Tatuering-Likeink.jpg","datePublished":"2023-03-31T18:10:09+00:00","dateModified":"2026-04-27T14:38:34+00:00","description":"Pide un tatuaje de la parca junto con calaveras y serpientes Fake Tattoos del talentoso artista del tatuaje Kain. - Like ink","breadcrumb":{"@id":"https:\/\/likeink.com\/es\/tatuaje-falso\/grim-reaper-tattoo\/#breadcrumb"},"inLanguage":"es","potentialAction":[{"@type":"ReadAction","target":["https:\/\/likeink.com\/es\/tatuaje-falso\/grim-reaper-tattoo\/"]}]},{"@type":"ImageObject","inLanguage":"es","@id":"https:\/\/likeink.com\/es\/tatuaje-falso\/grim-reaper-tattoo\/#primaryimage","url":"https:\/\/likeink.com\/wp-content\/uploads\/2023\/03\/Kain-Liemannen-Tatuering-Likeink.jpg","contentUrl":"https:\/\/likeink.com\/wp-content\/uploads\/2023\/03\/Kain-Liemannen-Tatuering-Likeink.jpg","width":1100,"height":775,"caption":"Tatuajes del cr\u00e1neo del tatuador Liemannen."},{"@type":"BreadcrumbList","@id":"https:\/\/likeink.com\/es\/tatuaje-falso\/grim-reaper-tattoo\/#breadcrumb","itemListElement":[{"@type":"ListItem","position":1,"name":"Hem","item":"https:\/\/likeink.com\/es\/"},{"@type":"ListItem","position":2,"name":"Shop","item":"https:\/\/likeink.com\/es\/shop\/"},{"@type":"ListItem","position":3,"name":"Flash &#8220;Grim Reaper&#8221; by Kain at Zoi Tattoo"}]},{"@type":"WebSite","@id":"https:\/\/likeink.com\/es\/#website","url":"https:\/\/likeink.com\/es\/","name":"Like ink","description":"HAZ TUS PROPIOS TATUAJES TEMPORALES","potentialAction":[{"@type":"SearchAction","target":{"@type":"EntryPoint","urlTemplate":"https:\/\/likeink.com\/es\/?s={search_term_string}"},"query-input":{"@type":"PropertyValueSpecification","valueRequired":true,"valueName":"search_term_string"}}],"inLanguage":"es"}]}},"_links":{"self":[{"href":"https:\/\/likeink.com\/es\/wp-json\/wp\/v2\/product\/16017","targetHints":{"allow":["GET"]}}],"collection":[{"href":"https:\/\/likeink.com\/es\/wp-json\/wp\/v2\/product"}],"about":[{"href":"https:\/\/likeink.com\/es\/wp-json\/wp\/v2\/types\/product"}],"wp:featuredmedia":[{"embeddable":true,"href":"https:\/\/likeink.com\/es\/wp-json\/wp\/v2\/media\/16008"}],"wp:attachment":[{"href":"https:\/\/likeink.com\/es\/wp-json\/wp\/v2\/media?parent=16017"}],"wp:term":[{"taxonomy":"product_brand","embeddable":true,"href":"https:\/\/likeink.com\/es\/wp-json\/wp\/v2\/product_brand?post=16017"},{"taxonomy":"product_cat","embeddable":true,"href":"https:\/\/likeink.com\/es\/wp-json\/wp\/v2\/product_cat?post=16017"},{"taxonomy":"product_tag","embeddable":true,"href":"https:\/\/likeink.com\/es\/wp-json\/wp\/v2\/product_tag?post=16017"}],"curies":[{"name":"wp","href":"https:\/\/api.w.org\/{rel}","templated":true}]}}