{"id":17047,"date":"2023-04-19T15:58:19","date_gmt":"2023-04-19T15:58:19","guid":{"rendered":"https:\/\/likeink.se\/produkt\/flash-mix-sheet-by-zoi-tattoo\/"},"modified":"2026-04-27T11:30:40","modified_gmt":"2026-04-27T11:30:40","slug":"flash-sheet-by-zoi-tattoo","status":"publish","type":"product","link":"https:\/\/likeink.com\/es\/tatuaje-falso\/flash-sheet-by-zoi-tattoo\/","title":{"rendered":"Flash &#8220;Mix Sheet&#8221; by Zoi Tattoo"},"content":{"rendered":"","protected":false},"excerpt":{"rendered":"<p>Las hojas listas para usar de tatuajes temporales de Like Ink tienen un tama\u00f1o aproximado de 20&#215;14 cm y est\u00e1n llenas de los dise\u00f1os que ves en la imagen. Imprimimos y enviamos tu hoja con estos elegantes tatuajes dentro de las 24 horas posteriores a tu pedido. Los tatuajes se ven muy bien, son de alta calidad y son f\u00e1ciles de aplicar y quitar. Like Ink cumple con toda la normativa de la UE para productos cosm\u00e9ticos, por lo que puedes sentirte seguro al pedir tatuajes temporales con nosotros.<\/p>\n<p>En Like Ink colaboramos con varios de los artistas de Zoi Tattoo y esta hoja es una mezcla de dise\u00f1os \u00fanicos creados por cuatro tatuadores diferentes, Kain, Oliver, Dominic y Nicklas.<\/p>\n<p>Zoi Tattoo en Malm\u00f6 es un estudio de tatuajes con su propio equipo de 15 tatuadores experimentados. Cada uno tiene su propio estilo \u00fanico, por lo que sin importar tus preferencias de estilo y dise\u00f1o, en Zoi encontrar\u00e1s un tatuador que puede ayudarte a crear el tatuaje de tus sue\u00f1os. Adem\u00e1s, Zoi recibe la visita de reconocidos artistas invitados y tatuadores de todo el mundo.<\/p>\n<h2>Pide tatuajes temporales dise\u00f1ados por algunos de los tatuadores de Zoi Tattoo<\/h2>\n<p>Tatuadores reales dise\u00f1an tatuajes temporales para Like Ink<br \/>\nEn el mundo del arte corporal, la colaboraci\u00f3n entre tatuadores reales y Like Ink est\u00e1 revolucionando la industria al crear tatuajes temporales de alta calidad para quienes a\u00fan no est\u00e1n listos para un compromiso permanente.<\/p>\n<p>La colaboraci\u00f3n con estos talentosos profesionales permite a Like Ink ofrecer una amplia gama de dise\u00f1os detallados y llamativos que reflejan la calidad y el arte de los tatuajes reales.<\/p>\n<p><strong>Ponte en contacto con Zoi Tattoo:<\/strong><\/p>\n<p><strong>Instagram:<\/strong><\/p>\n<p>@zoitattoo<\/p>\n<p><strong>Studio:<\/strong><\/p>\n<p>Zoi Tattoo<\/p>\n<p><strong>Web:<\/strong><\/p>\n<p>https:\/\/www.zoitattoo.com<\/p>\n<p><strong>Direcci\u00f3n:<\/strong><\/p>\n<p>Sora Nygatan 42, Malm\u00f6<\/p>\n","protected":false},"featured_media":16986,"template":"","meta":[],"product_brand":[],"product_cat":[504,240],"product_tag":[],"class_list":{"0":"post-17047","1":"product","2":"type-product","3":"status-publish","4":"has-post-thumbnail","6":"product_cat-colaboraciones-con-tatuadores","7":"product_cat-hojas-pre-disenadas","9":"first","10":"instock","11":"taxable","12":"shipping-taxable","13":"purchasable","14":"product-type-simple"},"yoast_head":"<!-- This site is optimized with the Yoast SEO Premium plugin v26.2 (Yoast SEO v27.5) - https:\/\/yoast.com\/product\/yoast-seo-premium-wordpress\/ -->\n<title>Flash &quot;Mix Sheet&quot; by Zoi Tattoo - Like ink<\/title>\n<meta name=\"description\" content=\"\u00a1Ordene tatuajes temporales dise\u00f1ados por cuatro artistas del tatuaje del estudio Zoi Tattoo. \u00a1Tatuajes falsos reales! - Like ink\" \/>\n<meta name=\"robots\" content=\"index, follow, max-snippet:-1, max-image-preview:large, max-video-preview:-1\" \/>\n<link rel=\"canonical\" href=\"https:\/\/likeink.com\/es\/tatuaje-falso\/flash-sheet-by-zoi-tattoo\/\" \/>\n<meta property=\"og:locale\" content=\"es_ES\" \/>\n<meta property=\"og:type\" content=\"article\" \/>\n<meta property=\"og:title\" content=\"Flash &quot;Mix Sheet&quot; by Zoi Tattoo\" \/>\n<meta property=\"og:description\" content=\"Las hojas listas para usar de tatuajes temporales de Like Ink tienen un tama\u00f1o aproximado de 20x14 cm y est\u00e1n llenas de los dise\u00f1os que ves en la imagen. Imprimimos y enviamos tu hoja con estos elegantes tatuajes dentro de las 24 horas posteriores a tu pedido. Los tatuajes se ven muy bien, son de alta calidad y son f\u00e1ciles de aplicar y quitar. Like Ink cumple con toda la normativa de la UE para productos cosm\u00e9ticos, por lo que puedes sentirte seguro al pedir tatuajes temporales con nosotros.  En Like Ink colaboramos con varios de los artistas de Zoi Tattoo y esta hoja es una mezcla de dise\u00f1os \u00fanicos creados por cuatro tatuadores diferentes, Kain, Oliver, Dominic y Nicklas.  Zoi Tattoo en Malm\u00f6 es un estudio de tatuajes con su propio equipo de 15 tatuadores experimentados. Cada uno tiene su propio estilo \u00fanico, por lo que sin importar tus preferencias de estilo y dise\u00f1o, en Zoi encontrar\u00e1s un tatuador que puede ayudarte a crear el tatuaje de tus sue\u00f1os. Adem\u00e1s, Zoi recibe la visita de reconocidos artistas invitados y tatuadores de todo el mundo.  Pide tatuajes temporales dise\u00f1ados por algunos de los tatuadores de Zoi Tattoo  Tatuadores reales dise\u00f1an tatuajes temporales para Like Ink En el mundo del arte corporal, la colaboraci\u00f3n entre tatuadores reales y Like Ink est\u00e1 revolucionando la industria al crear tatuajes temporales de alta calidad para quienes a\u00fan no est\u00e1n listos para un compromiso permanente.  La colaboraci\u00f3n con estos talentosos profesionales permite a Like Ink ofrecer una amplia gama de dise\u00f1os detallados y llamativos que reflejan la calidad y el arte de los tatuajes reales.  Ponte en contacto con Zoi Tattoo:  Instagram:  @zoitattoo  Studio:  Zoi Tattoo  Web:  https:\/\/www.zoitattoo.com  Direcci\u00f3n:  Sora Nygatan 42, Malm\u00f6\" \/>\n<meta property=\"og:url\" content=\"https:\/\/likeink.com\/es\/tatuaje-falso\/flash-sheet-by-zoi-tattoo\/\" \/>\n<meta property=\"og:site_name\" content=\"Like ink\" \/>\n<meta property=\"article:publisher\" content=\"https:\/\/www.facebook.com\/LikeInkSe\" \/>\n<meta property=\"article:modified_time\" content=\"2026-04-27T11:30:40+00:00\" \/>\n<meta property=\"og:image\" content=\"https:\/\/likeink.com\/wp-content\/uploads\/2023\/04\/ZoiTattoo-Mixed-Likeink-faketattoos.jpg\" \/>\n\t<meta property=\"og:image:width\" content=\"2481\" \/>\n\t<meta property=\"og:image:height\" content=\"1749\" \/>\n\t<meta property=\"og:image:type\" content=\"image\/jpeg\" \/>\n<meta name=\"twitter:card\" content=\"summary_large_image\" \/>\n<meta name=\"twitter:label1\" content=\"Tiempo de lectura\" \/>\n\t<meta name=\"twitter:data1\" content=\"1 minuto\" \/>\n<!-- \/ Yoast SEO Premium plugin. -->","yoast_head_json":{"title":"Flash \"Mix Sheet\" by Zoi Tattoo - Like ink","description":"\u00a1Ordene tatuajes temporales dise\u00f1ados por cuatro artistas del tatuaje del estudio Zoi Tattoo. \u00a1Tatuajes falsos reales! - Like ink","robots":{"index":"index","follow":"follow","max-snippet":"max-snippet:-1","max-image-preview":"max-image-preview:large","max-video-preview":"max-video-preview:-1"},"canonical":"https:\/\/likeink.com\/es\/tatuaje-falso\/flash-sheet-by-zoi-tattoo\/","og_locale":"es_ES","og_type":"article","og_title":"Flash \"Mix Sheet\" by Zoi Tattoo","og_description":"Las hojas listas para usar de tatuajes temporales de Like Ink tienen un tama\u00f1o aproximado de 20x14 cm y est\u00e1n llenas de los dise\u00f1os que ves en la imagen. Imprimimos y enviamos tu hoja con estos elegantes tatuajes dentro de las 24 horas posteriores a tu pedido. Los tatuajes se ven muy bien, son de alta calidad y son f\u00e1ciles de aplicar y quitar. Like Ink cumple con toda la normativa de la UE para productos cosm\u00e9ticos, por lo que puedes sentirte seguro al pedir tatuajes temporales con nosotros.  En Like Ink colaboramos con varios de los artistas de Zoi Tattoo y esta hoja es una mezcla de dise\u00f1os \u00fanicos creados por cuatro tatuadores diferentes, Kain, Oliver, Dominic y Nicklas.  Zoi Tattoo en Malm\u00f6 es un estudio de tatuajes con su propio equipo de 15 tatuadores experimentados. Cada uno tiene su propio estilo \u00fanico, por lo que sin importar tus preferencias de estilo y dise\u00f1o, en Zoi encontrar\u00e1s un tatuador que puede ayudarte a crear el tatuaje de tus sue\u00f1os. Adem\u00e1s, Zoi recibe la visita de reconocidos artistas invitados y tatuadores de todo el mundo.  Pide tatuajes temporales dise\u00f1ados por algunos de los tatuadores de Zoi Tattoo  Tatuadores reales dise\u00f1an tatuajes temporales para Like Ink En el mundo del arte corporal, la colaboraci\u00f3n entre tatuadores reales y Like Ink est\u00e1 revolucionando la industria al crear tatuajes temporales de alta calidad para quienes a\u00fan no est\u00e1n listos para un compromiso permanente.  La colaboraci\u00f3n con estos talentosos profesionales permite a Like Ink ofrecer una amplia gama de dise\u00f1os detallados y llamativos que reflejan la calidad y el arte de los tatuajes reales.  Ponte en contacto con Zoi Tattoo:  Instagram:  @zoitattoo  Studio:  Zoi Tattoo  Web:  https:\/\/www.zoitattoo.com  Direcci\u00f3n:  Sora Nygatan 42, Malm\u00f6","og_url":"https:\/\/likeink.com\/es\/tatuaje-falso\/flash-sheet-by-zoi-tattoo\/","og_site_name":"Like ink","article_publisher":"https:\/\/www.facebook.com\/LikeInkSe","article_modified_time":"2026-04-27T11:30:40+00:00","og_image":[{"width":2481,"height":1749,"url":"https:\/\/likeink.com\/wp-content\/uploads\/2023\/04\/ZoiTattoo-Mixed-Likeink-faketattoos.jpg","type":"image\/jpeg"}],"twitter_card":"summary_large_image","twitter_misc":{"Tiempo de lectura":"1 minuto"},"schema":{"@context":"https:\/\/schema.org","@graph":[{"@type":"WebPage","@id":"https:\/\/likeink.com\/es\/tatuaje-falso\/flash-sheet-by-zoi-tattoo\/","url":"https:\/\/likeink.com\/es\/tatuaje-falso\/flash-sheet-by-zoi-tattoo\/","name":"Flash \"Mix Sheet\" by Zoi Tattoo - Like ink","isPartOf":{"@id":"https:\/\/likeink.com\/es\/#website"},"primaryImageOfPage":{"@id":"https:\/\/likeink.com\/es\/tatuaje-falso\/flash-sheet-by-zoi-tattoo\/#primaryimage"},"image":{"@id":"https:\/\/likeink.com\/es\/tatuaje-falso\/flash-sheet-by-zoi-tattoo\/#primaryimage"},"thumbnailUrl":"https:\/\/likeink.com\/wp-content\/uploads\/2023\/04\/ZoiTattoo-Mixed-Likeink-faketattoos.jpg","datePublished":"2023-04-19T15:58:19+00:00","dateModified":"2026-04-27T11:30:40+00:00","description":"\u00a1Ordene tatuajes temporales dise\u00f1ados por cuatro artistas del tatuaje del estudio Zoi Tattoo. \u00a1Tatuajes falsos reales! - Like ink","breadcrumb":{"@id":"https:\/\/likeink.com\/es\/tatuaje-falso\/flash-sheet-by-zoi-tattoo\/#breadcrumb"},"inLanguage":"es","potentialAction":[{"@type":"ReadAction","target":["https:\/\/likeink.com\/es\/tatuaje-falso\/flash-sheet-by-zoi-tattoo\/"]}]},{"@type":"ImageObject","inLanguage":"es","@id":"https:\/\/likeink.com\/es\/tatuaje-falso\/flash-sheet-by-zoi-tattoo\/#primaryimage","url":"https:\/\/likeink.com\/wp-content\/uploads\/2023\/04\/ZoiTattoo-Mixed-Likeink-faketattoos.jpg","contentUrl":"https:\/\/likeink.com\/wp-content\/uploads\/2023\/04\/ZoiTattoo-Mixed-Likeink-faketattoos.jpg","width":2481,"height":1749,"caption":"Zoi Tattoo - Like ink Collab - Fake Tattoos"},{"@type":"BreadcrumbList","@id":"https:\/\/likeink.com\/es\/tatuaje-falso\/flash-sheet-by-zoi-tattoo\/#breadcrumb","itemListElement":[{"@type":"ListItem","position":1,"name":"Hem","item":"https:\/\/likeink.com\/es\/"},{"@type":"ListItem","position":2,"name":"Shop","item":"https:\/\/likeink.com\/es\/shop\/"},{"@type":"ListItem","position":3,"name":"Flash &#8220;Mix Sheet&#8221; by Zoi Tattoo"}]},{"@type":"WebSite","@id":"https:\/\/likeink.com\/es\/#website","url":"https:\/\/likeink.com\/es\/","name":"Like ink","description":"HAZ TUS PROPIOS TATUAJES TEMPORALES","potentialAction":[{"@type":"SearchAction","target":{"@type":"EntryPoint","urlTemplate":"https:\/\/likeink.com\/es\/?s={search_term_string}"},"query-input":{"@type":"PropertyValueSpecification","valueRequired":true,"valueName":"search_term_string"}}],"inLanguage":"es"}]}},"_links":{"self":[{"href":"https:\/\/likeink.com\/es\/wp-json\/wp\/v2\/product\/17047","targetHints":{"allow":["GET"]}}],"collection":[{"href":"https:\/\/likeink.com\/es\/wp-json\/wp\/v2\/product"}],"about":[{"href":"https:\/\/likeink.com\/es\/wp-json\/wp\/v2\/types\/product"}],"wp:featuredmedia":[{"embeddable":true,"href":"https:\/\/likeink.com\/es\/wp-json\/wp\/v2\/media\/16986"}],"wp:attachment":[{"href":"https:\/\/likeink.com\/es\/wp-json\/wp\/v2\/media?parent=17047"}],"wp:term":[{"taxonomy":"product_brand","embeddable":true,"href":"https:\/\/likeink.com\/es\/wp-json\/wp\/v2\/product_brand?post=17047"},{"taxonomy":"product_cat","embeddable":true,"href":"https:\/\/likeink.com\/es\/wp-json\/wp\/v2\/product_cat?post=17047"},{"taxonomy":"product_tag","embeddable":true,"href":"https:\/\/likeink.com\/es\/wp-json\/wp\/v2\/product_tag?post=17047"}],"curies":[{"name":"wp","href":"https:\/\/api.w.org\/{rel}","templated":true}]}}