{"id":17053,"date":"2023-04-19T14:10:12","date_gmt":"2023-04-19T14:10:12","guid":{"rendered":"https:\/\/likeink.se\/produkt\/flash-dom-tatus-by-dominic-rhead\/"},"modified":"2026-04-27T11:16:11","modified_gmt":"2026-04-27T11:16:11","slug":"flash-dom-tatus-by-dominic-rhead","status":"publish","type":"product","link":"https:\/\/likeink.com\/es\/tatuaje-falso\/flash-dom-tatus-by-dominic-rhead\/","title":{"rendered":"Flash &#8220;Dom Tatus&#8221; by Dominic Rhead at Zoi Tattoo"},"content":{"rendered":"","protected":false},"excerpt":{"rendered":"<p>Las hojas listas para usar de tatuajes temporales de Like Ink tienen un tama\u00f1o aproximado de 20&#215;14 cm y est\u00e1n llenas de los dise\u00f1os que ves en la imagen. Imprimimos y enviamos tu hoja con estos elegantes tatuajes dentro de las 24 horas posteriores a tu pedido. Los tatuajes se ven muy bien, son de alta calidad y son f\u00e1ciles de aplicar y quitar. Like Ink cumple con toda la normativa de la UE para productos cosm\u00e9ticos, por lo que puedes sentirte seguro al pedir tatuajes temporales con nosotros.<\/p>\n<h2>Pide tatuajes temporales dise\u00f1ados por el tatuador Dominic Rhead<\/h2>\n<p>Esta hoja est\u00e1 dise\u00f1ada por el muy talentoso tatuador Dominic Rhead, un artista experimentado y muy bueno con base en Malm\u00f6 en el estudio de tatuajes Zoi Tattoo. Estamos muy contentos de poder ofrecer hojas flash de este artista de tatuajes tan genial. No time for pocketwatches.<\/p>\n<p><strong>Ponte en contacto con Dominic:<\/strong><\/p>\n<p><strong>Instagram:<\/strong><\/p>\n<p>@aumdom_tatu<\/p>\n<p><strong>Studio:<\/strong><\/p>\n<p>Zoi Tattoo<\/p>\n<p><strong>Direcci\u00f3n:<\/strong><\/p>\n<p>Sora Nygatan 42,<\/p>\n<p>Malm\u00f6<\/p>\n","protected":false},"featured_media":16972,"template":"","meta":[],"product_brand":[],"product_cat":[504,240],"product_tag":[],"class_list":{"0":"post-17053","1":"product","2":"type-product","3":"status-publish","4":"has-post-thumbnail","6":"product_cat-colaboraciones-con-tatuadores","7":"product_cat-hojas-pre-disenadas","9":"first","10":"instock","11":"taxable","12":"shipping-taxable","13":"purchasable","14":"product-type-simple"},"yoast_head":"<!-- This site is optimized with the Yoast SEO Premium plugin v26.2 (Yoast SEO v27.5) - https:\/\/yoast.com\/product\/yoast-seo-premium-wordpress\/ -->\n<title>Flash &#039;Dom Tatus&#039; por el tatuador Dominic Rhead - Like ink<\/title>\n<meta name=\"description\" content=\"Ordena tatuajes falsos de alta calidad dise\u00f1ados por el talentoso artista del tatuaje Dominic Rhead de Zoi Tattoo en Malm\u00f6 - Like ink\" \/>\n<meta name=\"robots\" content=\"index, follow, max-snippet:-1, max-image-preview:large, max-video-preview:-1\" \/>\n<link rel=\"canonical\" href=\"https:\/\/likeink.com\/es\/tatuaje-falso\/flash-dom-tatus-by-dominic-rhead\/\" \/>\n<meta property=\"og:locale\" content=\"es_ES\" \/>\n<meta property=\"og:type\" content=\"article\" \/>\n<meta property=\"og:title\" content=\"Flash &quot;Dom Tatus&quot; by Dominic Rhead at Zoi Tattoo\" \/>\n<meta property=\"og:description\" content=\"Las hojas listas para usar de tatuajes temporales de Like Ink tienen un tama\u00f1o aproximado de 20x14 cm y est\u00e1n llenas de los dise\u00f1os que ves en la imagen. Imprimimos y enviamos tu hoja con estos elegantes tatuajes dentro de las 24 horas posteriores a tu pedido. Los tatuajes se ven muy bien, son de alta calidad y son f\u00e1ciles de aplicar y quitar. Like Ink cumple con toda la normativa de la UE para productos cosm\u00e9ticos, por lo que puedes sentirte seguro al pedir tatuajes temporales con nosotros. Pide tatuajes temporales dise\u00f1ados por el tatuador Dominic Rhead Esta hoja est\u00e1 dise\u00f1ada por el muy talentoso tatuador Dominic Rhead, un artista experimentado y muy bueno con base en Malm\u00f6 en el estudio de tatuajes Zoi Tattoo. Estamos muy contentos de poder ofrecer hojas flash de este artista de tatuajes tan genial. No time for pocketwatches.  Ponte en contacto con Dominic:  Instagram:  @aumdom_tatu  Studio:  Zoi Tattoo  Direcci\u00f3n:  Sora Nygatan 42,  Malm\u00f6\" \/>\n<meta property=\"og:url\" content=\"https:\/\/likeink.com\/es\/tatuaje-falso\/flash-dom-tatus-by-dominic-rhead\/\" \/>\n<meta property=\"og:site_name\" content=\"Like ink\" \/>\n<meta property=\"article:publisher\" content=\"https:\/\/www.facebook.com\/LikeInkSe\" \/>\n<meta property=\"article:modified_time\" content=\"2026-04-27T11:16:11+00:00\" \/>\n<meta property=\"og:image\" content=\"https:\/\/likeink.com\/wp-content\/uploads\/2023\/04\/Dominic-DomTatus-Faketattoos.jpg\" \/>\n\t<meta property=\"og:image:width\" content=\"1200\" \/>\n\t<meta property=\"og:image:height\" content=\"845\" \/>\n\t<meta property=\"og:image:type\" content=\"image\/jpeg\" \/>\n<meta name=\"twitter:card\" content=\"summary_large_image\" \/>\n<meta name=\"twitter:label1\" content=\"Tiempo de lectura\" \/>\n\t<meta name=\"twitter:data1\" content=\"1 minuto\" \/>\n<!-- \/ Yoast SEO Premium plugin. -->","yoast_head_json":{"title":"Flash 'Dom Tatus' por el tatuador Dominic Rhead - Like ink","description":"Ordena tatuajes falsos de alta calidad dise\u00f1ados por el talentoso artista del tatuaje Dominic Rhead de Zoi Tattoo en Malm\u00f6 - Like ink","robots":{"index":"index","follow":"follow","max-snippet":"max-snippet:-1","max-image-preview":"max-image-preview:large","max-video-preview":"max-video-preview:-1"},"canonical":"https:\/\/likeink.com\/es\/tatuaje-falso\/flash-dom-tatus-by-dominic-rhead\/","og_locale":"es_ES","og_type":"article","og_title":"Flash \"Dom Tatus\" by Dominic Rhead at Zoi Tattoo","og_description":"Las hojas listas para usar de tatuajes temporales de Like Ink tienen un tama\u00f1o aproximado de 20x14 cm y est\u00e1n llenas de los dise\u00f1os que ves en la imagen. Imprimimos y enviamos tu hoja con estos elegantes tatuajes dentro de las 24 horas posteriores a tu pedido. Los tatuajes se ven muy bien, son de alta calidad y son f\u00e1ciles de aplicar y quitar. Like Ink cumple con toda la normativa de la UE para productos cosm\u00e9ticos, por lo que puedes sentirte seguro al pedir tatuajes temporales con nosotros. Pide tatuajes temporales dise\u00f1ados por el tatuador Dominic Rhead Esta hoja est\u00e1 dise\u00f1ada por el muy talentoso tatuador Dominic Rhead, un artista experimentado y muy bueno con base en Malm\u00f6 en el estudio de tatuajes Zoi Tattoo. Estamos muy contentos de poder ofrecer hojas flash de este artista de tatuajes tan genial. No time for pocketwatches.  Ponte en contacto con Dominic:  Instagram:  @aumdom_tatu  Studio:  Zoi Tattoo  Direcci\u00f3n:  Sora Nygatan 42,  Malm\u00f6","og_url":"https:\/\/likeink.com\/es\/tatuaje-falso\/flash-dom-tatus-by-dominic-rhead\/","og_site_name":"Like ink","article_publisher":"https:\/\/www.facebook.com\/LikeInkSe","article_modified_time":"2026-04-27T11:16:11+00:00","og_image":[{"width":1200,"height":845,"url":"https:\/\/likeink.com\/wp-content\/uploads\/2023\/04\/Dominic-DomTatus-Faketattoos.jpg","type":"image\/jpeg"}],"twitter_card":"summary_large_image","twitter_misc":{"Tiempo de lectura":"1 minuto"},"schema":{"@context":"https:\/\/schema.org","@graph":[{"@type":"WebPage","@id":"https:\/\/likeink.com\/es\/tatuaje-falso\/flash-dom-tatus-by-dominic-rhead\/","url":"https:\/\/likeink.com\/es\/tatuaje-falso\/flash-dom-tatus-by-dominic-rhead\/","name":"Flash 'Dom Tatus' por el tatuador Dominic Rhead - Like ink","isPartOf":{"@id":"https:\/\/likeink.com\/es\/#website"},"primaryImageOfPage":{"@id":"https:\/\/likeink.com\/es\/tatuaje-falso\/flash-dom-tatus-by-dominic-rhead\/#primaryimage"},"image":{"@id":"https:\/\/likeink.com\/es\/tatuaje-falso\/flash-dom-tatus-by-dominic-rhead\/#primaryimage"},"thumbnailUrl":"https:\/\/likeink.com\/wp-content\/uploads\/2023\/04\/Dominic-DomTatus-Faketattoos.jpg","datePublished":"2023-04-19T14:10:12+00:00","dateModified":"2026-04-27T11:16:11+00:00","description":"Ordena tatuajes falsos de alta calidad dise\u00f1ados por el talentoso artista del tatuaje Dominic Rhead de Zoi Tattoo en Malm\u00f6 - Like ink","breadcrumb":{"@id":"https:\/\/likeink.com\/es\/tatuaje-falso\/flash-dom-tatus-by-dominic-rhead\/#breadcrumb"},"inLanguage":"es","potentialAction":[{"@type":"ReadAction","target":["https:\/\/likeink.com\/es\/tatuaje-falso\/flash-dom-tatus-by-dominic-rhead\/"]}]},{"@type":"ImageObject","inLanguage":"es","@id":"https:\/\/likeink.com\/es\/tatuaje-falso\/flash-dom-tatus-by-dominic-rhead\/#primaryimage","url":"https:\/\/likeink.com\/wp-content\/uploads\/2023\/04\/Dominic-DomTatus-Faketattoos.jpg","contentUrl":"https:\/\/likeink.com\/wp-content\/uploads\/2023\/04\/Dominic-DomTatus-Faketattoos.jpg","width":1200,"height":845,"caption":"Tatuador Dominic en la hoja de flash de Zoo Tattoo - Tatuajes falsos - Like ink."},{"@type":"BreadcrumbList","@id":"https:\/\/likeink.com\/es\/tatuaje-falso\/flash-dom-tatus-by-dominic-rhead\/#breadcrumb","itemListElement":[{"@type":"ListItem","position":1,"name":"Hem","item":"https:\/\/likeink.com\/es\/"},{"@type":"ListItem","position":2,"name":"Shop","item":"https:\/\/likeink.com\/es\/shop\/"},{"@type":"ListItem","position":3,"name":"Flash &#8220;Dom Tatus&#8221; by Dominic Rhead at Zoi Tattoo"}]},{"@type":"WebSite","@id":"https:\/\/likeink.com\/es\/#website","url":"https:\/\/likeink.com\/es\/","name":"Like ink","description":"HAZ TUS PROPIOS TATUAJES TEMPORALES","potentialAction":[{"@type":"SearchAction","target":{"@type":"EntryPoint","urlTemplate":"https:\/\/likeink.com\/es\/?s={search_term_string}"},"query-input":{"@type":"PropertyValueSpecification","valueRequired":true,"valueName":"search_term_string"}}],"inLanguage":"es"}]}},"_links":{"self":[{"href":"https:\/\/likeink.com\/es\/wp-json\/wp\/v2\/product\/17053","targetHints":{"allow":["GET"]}}],"collection":[{"href":"https:\/\/likeink.com\/es\/wp-json\/wp\/v2\/product"}],"about":[{"href":"https:\/\/likeink.com\/es\/wp-json\/wp\/v2\/types\/product"}],"wp:featuredmedia":[{"embeddable":true,"href":"https:\/\/likeink.com\/es\/wp-json\/wp\/v2\/media\/16972"}],"wp:attachment":[{"href":"https:\/\/likeink.com\/es\/wp-json\/wp\/v2\/media?parent=17053"}],"wp:term":[{"taxonomy":"product_brand","embeddable":true,"href":"https:\/\/likeink.com\/es\/wp-json\/wp\/v2\/product_brand?post=17053"},{"taxonomy":"product_cat","embeddable":true,"href":"https:\/\/likeink.com\/es\/wp-json\/wp\/v2\/product_cat?post=17053"},{"taxonomy":"product_tag","embeddable":true,"href":"https:\/\/likeink.com\/es\/wp-json\/wp\/v2\/product_tag?post=17053"}],"curies":[{"name":"wp","href":"https:\/\/api.w.org\/{rel}","templated":true}]}}