{"id":17193,"date":"2020-01-14T13:46:57","date_gmt":"2020-01-14T13:46:57","guid":{"rendered":"https:\/\/likeink.se\/produkt\/flash-by-asin-at-squidink\/"},"modified":"2026-04-28T14:07:38","modified_gmt":"2026-04-28T14:07:38","slug":"flash-by-asin-at-squidink","status":"publish","type":"product","link":"https:\/\/likeink.com\/es\/tatuaje-falso\/flash-by-asin-at-squidink\/","title":{"rendered":"Flash &#8220;Pink&#8221; by Asin at Squid&#038;Ink"},"content":{"rendered":"","protected":false},"excerpt":{"rendered":"<p>Nuestras hojas listas con tatuajes temporales miden aproximadamente 20\u00d715 cm y est\u00e1n llenas con el dise\u00f1o que ves en la imagen. Imprimimos y enviamos tu hoja con tatuajes temporales dentro de las 24 horas despu\u00e9s de tu pedido.<\/p>\n<h2>Tatuajes temporales Flash &#8220;Pink&#8221; de Asin<\/h2>\n<p>Esta hoja est\u00e1 dise\u00f1ada por el talentoso tatuador Asin, que dirige el estudio SQUID&amp;INK en Estocolmo.<\/p>\n<p><strong>Este es Asin:<\/strong><br \/>\nTatuador y propietario de SQUID&amp;INK en Estocolmo, Gamla Stan. Asin ha trabajado como tatuador durante 10 a\u00f1os y tiene una gran pasi\u00f3n por los tatuajes con cientos de l\u00edneas.<\/p>\n<p><strong>Si quieres contactar con Asin:<\/strong><\/p>\n<p><strong>Instagram<\/strong><br \/>\nasintattoo<br \/>\nhttps:\/\/instagram.com\/asintattoo?igshid=1al135ve57876<\/p>\n<p><strong>Facebook<\/strong><br \/>\nasintattoo<br \/>\nhttps:\/\/m.facebook.com\/asintattoo\/?locale2=sv_SE<\/p>\n<p><strong>Direcci\u00f3n:<\/strong><br \/>\nSQUID&amp;INK<br \/>\nStora Gr\u00e5munkegr\u00e4nd 3<br \/>\n111 27 Stockholm<br \/>\nwww.squidandinksthlm.com<\/p>\n","protected":false},"featured_media":60067,"template":"","meta":[],"product_brand":[],"product_cat":[504,240],"product_tag":[],"class_list":{"0":"post-17193","1":"product","2":"type-product","3":"status-publish","4":"has-post-thumbnail","6":"product_cat-colaboraciones-con-tatuadores","7":"product_cat-hojas-pre-disenadas","9":"first","10":"instock","11":"taxable","12":"shipping-taxable","13":"purchasable","14":"product-type-simple"},"yoast_head":"<!-- This site is optimized with the Yoast SEO Premium plugin v26.2 (Yoast SEO v27.4) - https:\/\/yoast.com\/product\/yoast-seo-premium-wordpress\/ -->\n<title>Asin Tattoo: Tatuajes falsos del tatuador Asin - Like ink<\/title>\n<meta name=\"description\" content=\"Asin Tattoo: Elegantes tatuajes peque\u00f1os de color rosa de buena calidad y f\u00e1ciles de aplicar. \u00a1Entrega r\u00e1pida y buen precio - Like ink\" \/>\n<meta name=\"robots\" content=\"index, follow, max-snippet:-1, max-image-preview:large, max-video-preview:-1\" \/>\n<link rel=\"canonical\" href=\"https:\/\/likeink.com\/es\/tatuaje-falso\/flash-by-asin-at-squidink\/\" \/>\n<meta property=\"og:locale\" content=\"es_ES\" \/>\n<meta property=\"og:type\" content=\"article\" \/>\n<meta property=\"og:title\" content=\"Flash &quot;Pink&quot; by Asin at Squid&amp;Ink\" \/>\n<meta property=\"og:description\" content=\"Nuestras hojas listas con tatuajes temporales miden aproximadamente 20\u00d715 cm y est\u00e1n llenas con el dise\u00f1o que ves en la imagen. Imprimimos y enviamos tu hoja con tatuajes temporales dentro de las 24 horas despu\u00e9s de tu pedido. Tatuajes temporales Flash &quot;Pink&quot; de Asin Esta hoja est\u00e1 dise\u00f1ada por el talentoso tatuador Asin, que dirige el estudio SQUID&amp;INK en Estocolmo.  Este es Asin: Tatuador y propietario de SQUID&amp;INK en Estocolmo, Gamla Stan. Asin ha trabajado como tatuador durante 10 a\u00f1os y tiene una gran pasi\u00f3n por los tatuajes con cientos de l\u00edneas.  Si quieres contactar con Asin:  Instagram asintattoo https:\/\/instagram.com\/asintattoo?igshid=1al135ve57876  Facebook asintattoo https:\/\/m.facebook.com\/asintattoo\/?locale2=sv_SE  Direcci\u00f3n: SQUID&amp;INK Stora Gr\u00e5munkegr\u00e4nd 3 111 27 Stockholm www.squidandinksthlm.com\" \/>\n<meta property=\"og:url\" content=\"https:\/\/likeink.com\/es\/tatuaje-falso\/flash-by-asin-at-squidink\/\" \/>\n<meta property=\"og:site_name\" content=\"Like ink\" \/>\n<meta property=\"article:publisher\" content=\"https:\/\/www.facebook.com\/LikeInkSe\" \/>\n<meta property=\"article:modified_time\" content=\"2026-04-28T14:07:38+00:00\" \/>\n<meta property=\"og:image\" content=\"https:\/\/likeink.com\/wp-content\/uploads\/2026\/03\/AsinTattoo-Temporara-tatueringar-flash-likeink.png\" \/>\n\t<meta property=\"og:image:width\" content=\"2481\" \/>\n\t<meta property=\"og:image:height\" content=\"1749\" \/>\n\t<meta property=\"og:image:type\" content=\"image\/png\" \/>\n<meta name=\"twitter:card\" content=\"summary_large_image\" \/>\n<meta name=\"twitter:label1\" content=\"Tiempo de lectura\" \/>\n\t<meta name=\"twitter:data1\" content=\"1 minuto\" \/>\n<!-- \/ Yoast SEO Premium plugin. -->","yoast_head_json":{"title":"Asin Tattoo: Tatuajes falsos del tatuador Asin - Like ink","description":"Asin Tattoo: Elegantes tatuajes peque\u00f1os de color rosa de buena calidad y f\u00e1ciles de aplicar. \u00a1Entrega r\u00e1pida y buen precio - Like ink","robots":{"index":"index","follow":"follow","max-snippet":"max-snippet:-1","max-image-preview":"max-image-preview:large","max-video-preview":"max-video-preview:-1"},"canonical":"https:\/\/likeink.com\/es\/tatuaje-falso\/flash-by-asin-at-squidink\/","og_locale":"es_ES","og_type":"article","og_title":"Flash \"Pink\" by Asin at Squid&Ink","og_description":"Nuestras hojas listas con tatuajes temporales miden aproximadamente 20\u00d715 cm y est\u00e1n llenas con el dise\u00f1o que ves en la imagen. Imprimimos y enviamos tu hoja con tatuajes temporales dentro de las 24 horas despu\u00e9s de tu pedido. Tatuajes temporales Flash \"Pink\" de Asin Esta hoja est\u00e1 dise\u00f1ada por el talentoso tatuador Asin, que dirige el estudio SQUID&amp;INK en Estocolmo.  Este es Asin: Tatuador y propietario de SQUID&amp;INK en Estocolmo, Gamla Stan. Asin ha trabajado como tatuador durante 10 a\u00f1os y tiene una gran pasi\u00f3n por los tatuajes con cientos de l\u00edneas.  Si quieres contactar con Asin:  Instagram asintattoo https:\/\/instagram.com\/asintattoo?igshid=1al135ve57876  Facebook asintattoo https:\/\/m.facebook.com\/asintattoo\/?locale2=sv_SE  Direcci\u00f3n: SQUID&amp;INK Stora Gr\u00e5munkegr\u00e4nd 3 111 27 Stockholm www.squidandinksthlm.com","og_url":"https:\/\/likeink.com\/es\/tatuaje-falso\/flash-by-asin-at-squidink\/","og_site_name":"Like ink","article_publisher":"https:\/\/www.facebook.com\/LikeInkSe","article_modified_time":"2026-04-28T14:07:38+00:00","og_image":[{"width":2481,"height":1749,"url":"https:\/\/likeink.com\/wp-content\/uploads\/2026\/03\/AsinTattoo-Temporara-tatueringar-flash-likeink.png","type":"image\/png"}],"twitter_card":"summary_large_image","twitter_misc":{"Tiempo de lectura":"1 minuto"},"schema":{"@context":"https:\/\/schema.org","@graph":[{"@type":"WebPage","@id":"https:\/\/likeink.com\/es\/tatuaje-falso\/flash-by-asin-at-squidink\/","url":"https:\/\/likeink.com\/es\/tatuaje-falso\/flash-by-asin-at-squidink\/","name":"Asin Tattoo: Tatuajes falsos del tatuador Asin - Like ink","isPartOf":{"@id":"https:\/\/likeink.com\/es\/#website"},"primaryImageOfPage":{"@id":"https:\/\/likeink.com\/es\/tatuaje-falso\/flash-by-asin-at-squidink\/#primaryimage"},"image":{"@id":"https:\/\/likeink.com\/es\/tatuaje-falso\/flash-by-asin-at-squidink\/#primaryimage"},"thumbnailUrl":"https:\/\/likeink.com\/wp-content\/uploads\/2026\/03\/AsinTattoo-Temporara-tatueringar-flash-likeink.png","datePublished":"2020-01-14T13:46:57+00:00","dateModified":"2026-04-28T14:07:38+00:00","description":"Asin Tattoo: Elegantes tatuajes peque\u00f1os de color rosa de buena calidad y f\u00e1ciles de aplicar. \u00a1Entrega r\u00e1pida y buen precio - Like ink","breadcrumb":{"@id":"https:\/\/likeink.com\/es\/tatuaje-falso\/flash-by-asin-at-squidink\/#breadcrumb"},"inLanguage":"es","potentialAction":[{"@type":"ReadAction","target":["https:\/\/likeink.com\/es\/tatuaje-falso\/flash-by-asin-at-squidink\/"]}]},{"@type":"ImageObject","inLanguage":"es","@id":"https:\/\/likeink.com\/es\/tatuaje-falso\/flash-by-asin-at-squidink\/#primaryimage","url":"https:\/\/likeink.com\/wp-content\/uploads\/2026\/03\/AsinTattoo-Temporara-tatueringar-flash-likeink.png","contentUrl":"https:\/\/likeink.com\/wp-content\/uploads\/2026\/03\/AsinTattoo-Temporara-tatueringar-flash-likeink.png","width":2481,"height":1749,"caption":"Una colecci\u00f3n de dise\u00f1os flash de tatuajes de tem\u00e1tica femenina con arte lineal rosa y negro, que incluye c\u00f3cteles, un diamante, flores, un ojo, un coraz\u00f3n, labios, joyas y s\u00edmbolos astrol\u00f3gicos y femeninos. @ASINTATTOO est\u00e1 escrito en vertical."},{"@type":"BreadcrumbList","@id":"https:\/\/likeink.com\/es\/tatuaje-falso\/flash-by-asin-at-squidink\/#breadcrumb","itemListElement":[{"@type":"ListItem","position":1,"name":"Hem","item":"https:\/\/likeink.com\/es\/"},{"@type":"ListItem","position":2,"name":"Shop","item":"https:\/\/likeink.com\/es\/shop\/"},{"@type":"ListItem","position":3,"name":"Flash &#8220;Pink&#8221; by Asin at Squid&#038;Ink"}]},{"@type":"WebSite","@id":"https:\/\/likeink.com\/es\/#website","url":"https:\/\/likeink.com\/es\/","name":"Like ink","description":"HAZ TUS PROPIOS TATUAJES TEMPORALES","potentialAction":[{"@type":"SearchAction","target":{"@type":"EntryPoint","urlTemplate":"https:\/\/likeink.com\/es\/?s={search_term_string}"},"query-input":{"@type":"PropertyValueSpecification","valueRequired":true,"valueName":"search_term_string"}}],"inLanguage":"es"}]}},"_links":{"self":[{"href":"https:\/\/likeink.com\/es\/wp-json\/wp\/v2\/product\/17193","targetHints":{"allow":["GET"]}}],"collection":[{"href":"https:\/\/likeink.com\/es\/wp-json\/wp\/v2\/product"}],"about":[{"href":"https:\/\/likeink.com\/es\/wp-json\/wp\/v2\/types\/product"}],"wp:featuredmedia":[{"embeddable":true,"href":"https:\/\/likeink.com\/es\/wp-json\/wp\/v2\/media\/60067"}],"wp:attachment":[{"href":"https:\/\/likeink.com\/es\/wp-json\/wp\/v2\/media?parent=17193"}],"wp:term":[{"taxonomy":"product_brand","embeddable":true,"href":"https:\/\/likeink.com\/es\/wp-json\/wp\/v2\/product_brand?post=17193"},{"taxonomy":"product_cat","embeddable":true,"href":"https:\/\/likeink.com\/es\/wp-json\/wp\/v2\/product_cat?post=17193"},{"taxonomy":"product_tag","embeddable":true,"href":"https:\/\/likeink.com\/es\/wp-json\/wp\/v2\/product_tag?post=17193"}],"curies":[{"name":"wp","href":"https:\/\/api.w.org\/{rel}","templated":true}]}}