{"id":17196,"date":"2021-03-18T13:47:16","date_gmt":"2021-03-18T13:47:16","guid":{"rendered":"https:\/\/likeink.se\/produkt\/flash-4-by-annica-at-akkas-tattoo\/"},"modified":"2024-02-14T16:20:42","modified_gmt":"2024-02-14T16:20:42","slug":"flash-faces-tattoo","status":"publish","type":"product","link":"https:\/\/likeink.com\/es\/tatuaje-falso\/flash-faces-tattoo\/","title":{"rendered":"Flash &#8220;Faces&#8221; by Studio by Akka"},"content":{"rendered":"","protected":false},"excerpt":{"rendered":"<p>V\u00e5ra f\u00e4rdiga ark med eng\u00e5ngstatueringar \u00e4r cirka 20\u00d715 cm stora och fyllda med designen du ser p\u00e5 bilden. Vi trycker och skickar ditt ark med eng\u00e5ngstatueringar inom 24 timmar efter det att du best\u00e4llt.<br \/>\nDet h\u00e4r arket \u00e4r designat av Annica som driver studion Akkas Tattoo. Riktigt nice tatueringsmotiv, eller hur?<\/p>\n<h2>Eng\u00e5ngstatueringar Flash 4 av Annica<\/h2>\n<p><strong>Detta \u00e4r Annica:<\/strong> Jag har alltid \u00e4lskat att rita och att arbeta med mina h\u00e4nder. Dr\u00f6mmen att bli tatuerare v\u00e4xte f\u00f6r varje \u00e5r och en dag s\u00e5 \u00f6ppnade jag \u00e4ntligen min egna studio Akkas Tattoo. Jag \u00e4r helt sj\u00e4lvl\u00e4rd och har jobbat h\u00e5rt f\u00f6r att komma dit jag \u00e4r idag. Nu har jag arbetat som tatuerare i \u00e5tta \u00e5r och jag \u00e4lskar mitt jobb.<br \/>\nJag deltar ofta p\u00e5 tatueringsm\u00e4ssor och 2018 vann jag mitt f\u00f6rsta pris. 2019 blev jag ocks\u00e5 sponsrad av IQ Tattoocare och Supply-division Denmark.<br \/>\nJag gillar att g\u00f6ra flera olika stilar, avantgarde, trash polka och vattenf\u00e4rg. Jag vill inte l\u00e5sa in mig i ett fack s\u00e5 av den anledningen tatuerar jag allt.<br \/>\nOm ni vill kontakta Annica:<\/p>\n<p><strong>Instagram<\/strong><br \/>\nakkas_tattoo<\/p>\n<p><strong>Facebook:<\/strong><br \/>\nAkkas Tattoo<\/p>\n<p><strong>Studio:<\/strong><br \/>\nAkkas Tattoo<\/p>\n<p><strong>Adress:<\/strong><br \/>\nS\u00f6dra J\u00e4rnv\u00e4gsgatan 27 i Vinsl\u00f6v<\/p>\n<p><strong>Hemsida:<\/strong> https:\/\/studiobyakka.se<\/p>\n","protected":false},"featured_media":11396,"template":"","meta":[],"product_brand":[],"product_cat":[240],"product_tag":[],"class_list":{"0":"post-17196","1":"product","2":"type-product","3":"status-publish","4":"has-post-thumbnail","6":"product_cat-hojas-pre-disenadas","8":"first","9":"instock","10":"taxable","11":"shipping-taxable","12":"purchasable","13":"product-type-simple"},"yoast_head":"<!-- This site is optimized with the Yoast SEO Premium plugin v26.2 (Yoast SEO v27.5) - https:\/\/yoast.com\/product\/yoast-seo-premium-wordpress\/ -->\n<title>Flash &quot;Faces&quot; by Studio by Akka - Like ink<\/title>\n<meta name=\"description\" content=\"Tatuajes falsos con dise\u00f1o de la tatuadora Annica en Akkas Tattoo. Grandes tatuajes coloridos. Entregas r\u00e1pidas y env\u00edo gratuito. - Like ink\" \/>\n<meta name=\"robots\" content=\"index, follow, max-snippet:-1, max-image-preview:large, max-video-preview:-1\" \/>\n<link rel=\"canonical\" href=\"https:\/\/likeink.com\/es\/tatuaje-falso\/flash-faces-tattoo\/\" \/>\n<meta property=\"og:locale\" content=\"es_ES\" \/>\n<meta property=\"og:type\" content=\"article\" \/>\n<meta property=\"og:title\" content=\"Flash &quot;Faces&quot; by Studio by Akka\" \/>\n<meta property=\"og:description\" content=\"V\u00e5ra f\u00e4rdiga ark med eng\u00e5ngstatueringar \u00e4r cirka 20\u00d715 cm stora och fyllda med designen du ser p\u00e5 bilden. Vi trycker och skickar ditt ark med eng\u00e5ngstatueringar inom 24 timmar efter det att du best\u00e4llt. Det h\u00e4r arket \u00e4r designat av Annica som driver studion Akkas Tattoo. Riktigt nice tatueringsmotiv, eller hur? Eng\u00e5ngstatueringar Flash 4 av Annica Detta \u00e4r Annica: Jag har alltid \u00e4lskat att rita och att arbeta med mina h\u00e4nder. Dr\u00f6mmen att bli tatuerare v\u00e4xte f\u00f6r varje \u00e5r och en dag s\u00e5 \u00f6ppnade jag \u00e4ntligen min egna studio Akkas Tattoo. Jag \u00e4r helt sj\u00e4lvl\u00e4rd och har jobbat h\u00e5rt f\u00f6r att komma dit jag \u00e4r idag. Nu har jag arbetat som tatuerare i \u00e5tta \u00e5r och jag \u00e4lskar mitt jobb. Jag deltar ofta p\u00e5 tatueringsm\u00e4ssor och 2018 vann jag mitt f\u00f6rsta pris. 2019 blev jag ocks\u00e5 sponsrad av IQ Tattoocare och Supply-division Denmark. Jag gillar att g\u00f6ra flera olika stilar, avantgarde, trash polka och vattenf\u00e4rg. Jag vill inte l\u00e5sa in mig i ett fack s\u00e5 av den anledningen tatuerar jag allt. Om ni vill kontakta Annica:  Instagram akkas_tattoo  Facebook: Akkas Tattoo  Studio: Akkas Tattoo  Adress: S\u00f6dra J\u00e4rnv\u00e4gsgatan 27 i Vinsl\u00f6v  Hemsida: https:\/\/studiobyakka.se\" \/>\n<meta property=\"og:url\" content=\"https:\/\/likeink.com\/es\/tatuaje-falso\/flash-faces-tattoo\/\" \/>\n<meta property=\"og:site_name\" content=\"Like ink\" \/>\n<meta property=\"article:publisher\" content=\"https:\/\/www.facebook.com\/LikeInkSe\" \/>\n<meta property=\"article:modified_time\" content=\"2024-02-14T16:20:42+00:00\" \/>\n<meta property=\"og:image\" content=\"https:\/\/likeink.com\/wp-content\/uploads\/2021\/03\/Akka4.jpeg\" \/>\n\t<meta property=\"og:image:width\" content=\"1668\" \/>\n\t<meta property=\"og:image:height\" content=\"1179\" \/>\n\t<meta property=\"og:image:type\" content=\"image\/jpeg\" \/>\n<meta name=\"twitter:card\" content=\"summary_large_image\" \/>\n<!-- \/ Yoast SEO Premium plugin. -->","yoast_head_json":{"title":"Flash \"Faces\" by Studio by Akka - Like ink","description":"Tatuajes falsos con dise\u00f1o de la tatuadora Annica en Akkas Tattoo. Grandes tatuajes coloridos. Entregas r\u00e1pidas y env\u00edo gratuito. - Like ink","robots":{"index":"index","follow":"follow","max-snippet":"max-snippet:-1","max-image-preview":"max-image-preview:large","max-video-preview":"max-video-preview:-1"},"canonical":"https:\/\/likeink.com\/es\/tatuaje-falso\/flash-faces-tattoo\/","og_locale":"es_ES","og_type":"article","og_title":"Flash \"Faces\" by Studio by Akka","og_description":"V\u00e5ra f\u00e4rdiga ark med eng\u00e5ngstatueringar \u00e4r cirka 20\u00d715 cm stora och fyllda med designen du ser p\u00e5 bilden. Vi trycker och skickar ditt ark med eng\u00e5ngstatueringar inom 24 timmar efter det att du best\u00e4llt. Det h\u00e4r arket \u00e4r designat av Annica som driver studion Akkas Tattoo. Riktigt nice tatueringsmotiv, eller hur? Eng\u00e5ngstatueringar Flash 4 av Annica Detta \u00e4r Annica: Jag har alltid \u00e4lskat att rita och att arbeta med mina h\u00e4nder. Dr\u00f6mmen att bli tatuerare v\u00e4xte f\u00f6r varje \u00e5r och en dag s\u00e5 \u00f6ppnade jag \u00e4ntligen min egna studio Akkas Tattoo. Jag \u00e4r helt sj\u00e4lvl\u00e4rd och har jobbat h\u00e5rt f\u00f6r att komma dit jag \u00e4r idag. Nu har jag arbetat som tatuerare i \u00e5tta \u00e5r och jag \u00e4lskar mitt jobb. Jag deltar ofta p\u00e5 tatueringsm\u00e4ssor och 2018 vann jag mitt f\u00f6rsta pris. 2019 blev jag ocks\u00e5 sponsrad av IQ Tattoocare och Supply-division Denmark. Jag gillar att g\u00f6ra flera olika stilar, avantgarde, trash polka och vattenf\u00e4rg. Jag vill inte l\u00e5sa in mig i ett fack s\u00e5 av den anledningen tatuerar jag allt. Om ni vill kontakta Annica:  Instagram akkas_tattoo  Facebook: Akkas Tattoo  Studio: Akkas Tattoo  Adress: S\u00f6dra J\u00e4rnv\u00e4gsgatan 27 i Vinsl\u00f6v  Hemsida: https:\/\/studiobyakka.se","og_url":"https:\/\/likeink.com\/es\/tatuaje-falso\/flash-faces-tattoo\/","og_site_name":"Like ink","article_publisher":"https:\/\/www.facebook.com\/LikeInkSe","article_modified_time":"2024-02-14T16:20:42+00:00","og_image":[{"width":1668,"height":1179,"url":"https:\/\/likeink.com\/wp-content\/uploads\/2021\/03\/Akka4.jpeg","type":"image\/jpeg"}],"twitter_card":"summary_large_image","schema":{"@context":"https:\/\/schema.org","@graph":[{"@type":"WebPage","@id":"https:\/\/likeink.com\/es\/tatuaje-falso\/flash-faces-tattoo\/","url":"https:\/\/likeink.com\/es\/tatuaje-falso\/flash-faces-tattoo\/","name":"Flash \"Faces\" by Studio by Akka - Like ink","isPartOf":{"@id":"https:\/\/likeink.com\/es\/#website"},"primaryImageOfPage":{"@id":"https:\/\/likeink.com\/es\/tatuaje-falso\/flash-faces-tattoo\/#primaryimage"},"image":{"@id":"https:\/\/likeink.com\/es\/tatuaje-falso\/flash-faces-tattoo\/#primaryimage"},"thumbnailUrl":"https:\/\/likeink.com\/wp-content\/uploads\/2021\/03\/Akka4.jpeg","datePublished":"2021-03-18T13:47:16+00:00","dateModified":"2024-02-14T16:20:42+00:00","description":"Tatuajes falsos con dise\u00f1o de la tatuadora Annica en Akkas Tattoo. Grandes tatuajes coloridos. Entregas r\u00e1pidas y env\u00edo gratuito. - Like ink","breadcrumb":{"@id":"https:\/\/likeink.com\/es\/tatuaje-falso\/flash-faces-tattoo\/#breadcrumb"},"inLanguage":"es","potentialAction":[{"@type":"ReadAction","target":["https:\/\/likeink.com\/es\/tatuaje-falso\/flash-faces-tattoo\/"]}]},{"@type":"ImageObject","inLanguage":"es","@id":"https:\/\/likeink.com\/es\/tatuaje-falso\/flash-faces-tattoo\/#primaryimage","url":"https:\/\/likeink.com\/wp-content\/uploads\/2021\/03\/Akka4.jpeg","contentUrl":"https:\/\/likeink.com\/wp-content\/uploads\/2021\/03\/Akka4.jpeg","width":1668,"height":1179,"caption":"Ordena Tatuajes temporales con dise\u00f1os de Akkas Tattoo."},{"@type":"BreadcrumbList","@id":"https:\/\/likeink.com\/es\/tatuaje-falso\/flash-faces-tattoo\/#breadcrumb","itemListElement":[{"@type":"ListItem","position":1,"name":"Hem","item":"https:\/\/likeink.com\/es\/"},{"@type":"ListItem","position":2,"name":"Shop","item":"https:\/\/likeink.com\/es\/shop\/"},{"@type":"ListItem","position":3,"name":"Flash \u00abFaces\u00bb by Studio by Akka"}]},{"@type":"WebSite","@id":"https:\/\/likeink.com\/es\/#website","url":"https:\/\/likeink.com\/es\/","name":"Like ink","description":"HAZ TUS PROPIOS TATUAJES TEMPORALES","potentialAction":[{"@type":"SearchAction","target":{"@type":"EntryPoint","urlTemplate":"https:\/\/likeink.com\/es\/?s={search_term_string}"},"query-input":{"@type":"PropertyValueSpecification","valueRequired":true,"valueName":"search_term_string"}}],"inLanguage":"es"}]}},"_links":{"self":[{"href":"https:\/\/likeink.com\/es\/wp-json\/wp\/v2\/product\/17196","targetHints":{"allow":["GET"]}}],"collection":[{"href":"https:\/\/likeink.com\/es\/wp-json\/wp\/v2\/product"}],"about":[{"href":"https:\/\/likeink.com\/es\/wp-json\/wp\/v2\/types\/product"}],"wp:featuredmedia":[{"embeddable":true,"href":"https:\/\/likeink.com\/es\/wp-json\/wp\/v2\/media\/11396"}],"wp:attachment":[{"href":"https:\/\/likeink.com\/es\/wp-json\/wp\/v2\/media?parent=17196"}],"wp:term":[{"taxonomy":"product_brand","embeddable":true,"href":"https:\/\/likeink.com\/es\/wp-json\/wp\/v2\/product_brand?post=17196"},{"taxonomy":"product_cat","embeddable":true,"href":"https:\/\/likeink.com\/es\/wp-json\/wp\/v2\/product_cat?post=17196"},{"taxonomy":"product_tag","embeddable":true,"href":"https:\/\/likeink.com\/es\/wp-json\/wp\/v2\/product_tag?post=17196"}],"curies":[{"name":"wp","href":"https:\/\/api.w.org\/{rel}","templated":true}]}}