{"id":17198,"date":"2021-03-18T13:35:13","date_gmt":"2021-03-18T13:35:13","guid":{"rendered":"https:\/\/likeink.se\/produkt\/flash-3-by-annica-at-accas-tattoo\/"},"modified":"2026-04-28T08:24:58","modified_gmt":"2026-04-28T08:24:58","slug":"flash-flowers-by-studio-by-akka","status":"publish","type":"product","link":"https:\/\/likeink.com\/es\/tatuaje-falso\/flash-flowers-by-studio-by-akka\/","title":{"rendered":"Flash &#8220;Flowers&#8221; by Studio by Akka"},"content":{"rendered":"","protected":false},"excerpt":{"rendered":"<p>Nuestras hojas listas con tatuajes temporales miden aproximadamente 20\u00d715 cm y est\u00e1n llenas con el dise\u00f1o que ves en la imagen. Imprimimos y enviamos tu hoja con tatuajes temporales dentro de las 24 horas despu\u00e9s de tu pedido.<\/p>\n<p>Esta hoja est\u00e1 dise\u00f1ada por Annica, quien dirige el estudio Akkas Tattoo. Motivos de tatuaje realmente geniales, \u00bfverdad?<\/p>\n<h2>Tatuajes temporales Flash &#8220;Flowers&#8221; de Annica<\/h2>\n<p><strong>Esta es Annica:<\/strong><br \/>\nSiempre me ha encantado dibujar y trabajar con mis manos. El sue\u00f1o de convertirme en tatuadora creci\u00f3 cada a\u00f1o y un d\u00eda finalmente abr\u00ed mi propio estudio, Akkas Tattoo. Soy completamente autodidacta y he trabajado duro para llegar a donde estoy hoy. Ahora llevo ocho a\u00f1os trabajando como tatuadora y me encanta mi trabajo.<\/p>\n<p>Participo a menudo en convenciones de tatuajes y en 2018 gan\u00e9 mi primer premio. En 2019 tambi\u00e9n fui patrocinada por IQ Tattoocare y Supply Division Denmark.<\/p>\n<p>Me gusta trabajar en varios estilos como avant garde, trash polka y acuarela. No quiero limitarme a un solo estilo, por eso tat\u00fao en todos los estilos.<\/p>\n<p>Si quieres contactar con Annica:<\/p>\n<p><strong>Instagram<\/strong><br \/>\nakkas_tattoo<\/p>\n<p><strong>Facebook:<\/strong><br \/>\nAkkas Tattoo<\/p>\n<p><strong>Studio:<\/strong><br \/>\nAkkas Tattoo<\/p>\n<p>Web: https:\/\/studiobyakka.se<\/p>\n","protected":false},"featured_media":11395,"template":"","meta":[],"product_brand":[],"product_cat":[523,504,240],"product_tag":[],"class_list":{"0":"post-17198","1":"product","2":"type-product","3":"status-publish","4":"has-post-thumbnail","6":"product_cat-animales-naturaleza","7":"product_cat-colaboraciones-con-tatuadores","8":"product_cat-hojas-pre-disenadas","10":"first","11":"instock","12":"taxable","13":"shipping-taxable","14":"purchasable","15":"product-type-simple"},"yoast_head":"<!-- This site is optimized with the Yoast SEO Premium plugin v27.5 (Yoast SEO v27.6) - https:\/\/yoast.com\/product\/yoast-seo-premium-wordpress\/ -->\n<title>Tatuajes de flamenco: Compra tatuaje falso - Like ink<\/title>\n<meta name=\"description\" content=\"Tatuajes de flamenco y otros motivos coloridos: Dise\u00f1o de Annica en Akkas Tattoo. - Entregas r\u00e1pidas y env\u00edo gratuito - Like ink\" \/>\n<meta name=\"robots\" content=\"index, follow, max-snippet:-1, max-image-preview:large, max-video-preview:-1\" \/>\n<link rel=\"canonical\" href=\"https:\/\/likeink.com\/es\/tatuaje-falso\/flash-flowers-by-studio-by-akka\/\" \/>\n<meta property=\"og:locale\" content=\"es_ES\" \/>\n<meta property=\"og:type\" content=\"article\" \/>\n<meta property=\"og:title\" content=\"Flash &quot;Flowers&quot; by Studio by Akka\" \/>\n<meta property=\"og:description\" content=\"Nuestras hojas listas con tatuajes temporales miden aproximadamente 20\u00d715 cm y est\u00e1n llenas con el dise\u00f1o que ves en la imagen. Imprimimos y enviamos tu hoja con tatuajes temporales dentro de las 24 horas despu\u00e9s de tu pedido.  Esta hoja est\u00e1 dise\u00f1ada por Annica, quien dirige el estudio Akkas Tattoo. Motivos de tatuaje realmente geniales, \u00bfverdad? Tatuajes temporales Flash &quot;Flowers&quot; de Annica Esta es Annica: Siempre me ha encantado dibujar y trabajar con mis manos. El sue\u00f1o de convertirme en tatuadora creci\u00f3 cada a\u00f1o y un d\u00eda finalmente abr\u00ed mi propio estudio, Akkas Tattoo. Soy completamente autodidacta y he trabajado duro para llegar a donde estoy hoy. Ahora llevo ocho a\u00f1os trabajando como tatuadora y me encanta mi trabajo.  Participo a menudo en convenciones de tatuajes y en 2018 gan\u00e9 mi primer premio. En 2019 tambi\u00e9n fui patrocinada por IQ Tattoocare y Supply Division Denmark.  Me gusta trabajar en varios estilos como avant garde, trash polka y acuarela. No quiero limitarme a un solo estilo, por eso tat\u00fao en todos los estilos.  Si quieres contactar con Annica:  Instagram akkas_tattoo  Facebook: Akkas Tattoo  Studio: Akkas Tattoo  Web: https:\/\/studiobyakka.se\" \/>\n<meta property=\"og:url\" content=\"https:\/\/likeink.com\/es\/tatuaje-falso\/flash-flowers-by-studio-by-akka\/\" \/>\n<meta property=\"og:site_name\" content=\"Like ink\" \/>\n<meta property=\"article:publisher\" content=\"https:\/\/www.facebook.com\/LikeInkSe\" \/>\n<meta property=\"article:modified_time\" content=\"2026-04-28T08:24:58+00:00\" \/>\n<meta property=\"og:image\" content=\"https:\/\/likeink.com\/wp-content\/uploads\/2021\/03\/Akka3.jpeg\" \/>\n\t<meta property=\"og:image:width\" content=\"1668\" \/>\n\t<meta property=\"og:image:height\" content=\"1179\" \/>\n\t<meta property=\"og:image:type\" content=\"image\/jpeg\" \/>\n<meta name=\"twitter:card\" content=\"summary_large_image\" \/>\n<meta name=\"twitter:label1\" content=\"Tiempo de lectura\" \/>\n\t<meta name=\"twitter:data1\" content=\"1 minuto\" \/>\n<!-- \/ Yoast SEO Premium plugin. -->","yoast_head_json":{"title":"Tatuajes de flamenco: Compra tatuaje falso - Like ink","description":"Tatuajes de flamenco y otros motivos coloridos: Dise\u00f1o de Annica en Akkas Tattoo. - Entregas r\u00e1pidas y env\u00edo gratuito - Like ink","robots":{"index":"index","follow":"follow","max-snippet":"max-snippet:-1","max-image-preview":"max-image-preview:large","max-video-preview":"max-video-preview:-1"},"canonical":"https:\/\/likeink.com\/es\/tatuaje-falso\/flash-flowers-by-studio-by-akka\/","og_locale":"es_ES","og_type":"article","og_title":"Flash \"Flowers\" by Studio by Akka","og_description":"Nuestras hojas listas con tatuajes temporales miden aproximadamente 20\u00d715 cm y est\u00e1n llenas con el dise\u00f1o que ves en la imagen. Imprimimos y enviamos tu hoja con tatuajes temporales dentro de las 24 horas despu\u00e9s de tu pedido.  Esta hoja est\u00e1 dise\u00f1ada por Annica, quien dirige el estudio Akkas Tattoo. Motivos de tatuaje realmente geniales, \u00bfverdad? Tatuajes temporales Flash \"Flowers\" de Annica Esta es Annica: Siempre me ha encantado dibujar y trabajar con mis manos. El sue\u00f1o de convertirme en tatuadora creci\u00f3 cada a\u00f1o y un d\u00eda finalmente abr\u00ed mi propio estudio, Akkas Tattoo. Soy completamente autodidacta y he trabajado duro para llegar a donde estoy hoy. Ahora llevo ocho a\u00f1os trabajando como tatuadora y me encanta mi trabajo.  Participo a menudo en convenciones de tatuajes y en 2018 gan\u00e9 mi primer premio. En 2019 tambi\u00e9n fui patrocinada por IQ Tattoocare y Supply Division Denmark.  Me gusta trabajar en varios estilos como avant garde, trash polka y acuarela. No quiero limitarme a un solo estilo, por eso tat\u00fao en todos los estilos.  Si quieres contactar con Annica:  Instagram akkas_tattoo  Facebook: Akkas Tattoo  Studio: Akkas Tattoo  Web: https:\/\/studiobyakka.se","og_url":"https:\/\/likeink.com\/es\/tatuaje-falso\/flash-flowers-by-studio-by-akka\/","og_site_name":"Like ink","article_publisher":"https:\/\/www.facebook.com\/LikeInkSe","article_modified_time":"2026-04-28T08:24:58+00:00","og_image":[{"width":1668,"height":1179,"url":"https:\/\/likeink.com\/wp-content\/uploads\/2021\/03\/Akka3.jpeg","type":"image\/jpeg"}],"twitter_card":"summary_large_image","twitter_misc":{"Tiempo de lectura":"1 minuto"},"schema":{"@context":"https:\/\/schema.org","@graph":[{"@type":"WebPage","@id":"https:\/\/likeink.com\/es\/tatuaje-falso\/flash-flowers-by-studio-by-akka\/","url":"https:\/\/likeink.com\/es\/tatuaje-falso\/flash-flowers-by-studio-by-akka\/","name":"Tatuajes de flamenco: Compra tatuaje falso - Like ink","isPartOf":{"@id":"https:\/\/likeink.com\/es\/#website"},"primaryImageOfPage":{"@id":"https:\/\/likeink.com\/es\/tatuaje-falso\/flash-flowers-by-studio-by-akka\/#primaryimage"},"image":{"@id":"https:\/\/likeink.com\/es\/tatuaje-falso\/flash-flowers-by-studio-by-akka\/#primaryimage"},"thumbnailUrl":"https:\/\/likeink.com\/wp-content\/uploads\/2021\/03\/Akka3.jpeg","datePublished":"2021-03-18T13:35:13+00:00","dateModified":"2026-04-28T08:24:58+00:00","description":"Tatuajes de flamenco y otros motivos coloridos: Dise\u00f1o de Annica en Akkas Tattoo. - Entregas r\u00e1pidas y env\u00edo gratuito - Like ink","breadcrumb":{"@id":"https:\/\/likeink.com\/es\/tatuaje-falso\/flash-flowers-by-studio-by-akka\/#breadcrumb"},"inLanguage":"es","potentialAction":[{"@type":"ReadAction","target":["https:\/\/likeink.com\/es\/tatuaje-falso\/flash-flowers-by-studio-by-akka\/"]}]},{"@type":"ImageObject","inLanguage":"es","@id":"https:\/\/likeink.com\/es\/tatuaje-falso\/flash-flowers-by-studio-by-akka\/#primaryimage","url":"https:\/\/likeink.com\/wp-content\/uploads\/2021\/03\/Akka3.jpeg","contentUrl":"https:\/\/likeink.com\/wp-content\/uploads\/2021\/03\/Akka3.jpeg","width":1668,"height":1179,"caption":"Compra Tatuajes temporales con motivos de flores dise\u00f1ados por Akkas Tattoo."},{"@type":"BreadcrumbList","@id":"https:\/\/likeink.com\/es\/tatuaje-falso\/flash-flowers-by-studio-by-akka\/#breadcrumb","itemListElement":[{"@type":"ListItem","position":1,"name":"Hem","item":"https:\/\/likeink.com\/es\/"},{"@type":"ListItem","position":2,"name":"Shop","item":"https:\/\/likeink.com\/es\/shop\/"},{"@type":"ListItem","position":3,"name":"Flash &#8220;Flowers&#8221; by Studio by Akka"}]},{"@type":"WebSite","@id":"https:\/\/likeink.com\/es\/#website","url":"https:\/\/likeink.com\/es\/","name":"Like ink","description":"HAZ TUS PROPIOS TATUAJES TEMPORALES","potentialAction":[{"@type":"SearchAction","target":{"@type":"EntryPoint","urlTemplate":"https:\/\/likeink.com\/es\/?s={search_term_string}"},"query-input":{"@type":"PropertyValueSpecification","valueRequired":true,"valueName":"search_term_string"}}],"inLanguage":"es"}]}},"_links":{"self":[{"href":"https:\/\/likeink.com\/es\/wp-json\/wp\/v2\/product\/17198","targetHints":{"allow":["GET"]}}],"collection":[{"href":"https:\/\/likeink.com\/es\/wp-json\/wp\/v2\/product"}],"about":[{"href":"https:\/\/likeink.com\/es\/wp-json\/wp\/v2\/types\/product"}],"wp:featuredmedia":[{"embeddable":true,"href":"https:\/\/likeink.com\/es\/wp-json\/wp\/v2\/media\/11395"}],"wp:attachment":[{"href":"https:\/\/likeink.com\/es\/wp-json\/wp\/v2\/media?parent=17198"}],"wp:term":[{"taxonomy":"product_brand","embeddable":true,"href":"https:\/\/likeink.com\/es\/wp-json\/wp\/v2\/product_brand?post=17198"},{"taxonomy":"product_cat","embeddable":true,"href":"https:\/\/likeink.com\/es\/wp-json\/wp\/v2\/product_cat?post=17198"},{"taxonomy":"product_tag","embeddable":true,"href":"https:\/\/likeink.com\/es\/wp-json\/wp\/v2\/product_tag?post=17198"}],"curies":[{"name":"wp","href":"https:\/\/api.w.org\/{rel}","templated":true}]}}