{"id":17370,"date":"2021-10-08T12:53:28","date_gmt":"2021-10-08T12:53:28","guid":{"rendered":"https:\/\/likeink.se\/gnuggis\/flash-symbols-by-studio-black\/"},"modified":"2024-02-14T16:20:49","modified_gmt":"2024-02-14T16:20:49","slug":"flash-simbolos","status":"publish","type":"product","link":"https:\/\/likeink.com\/es\/tatuaje-falso\/flash-simbolos\/","title":{"rendered":"Flash \u00abS\u00edmbolos\u00bb by Hel\u00e9ne at Studio Bl\u00e4ck"},"content":{"rendered":"","protected":false},"excerpt":{"rendered":"<p>Our finished disposable sheets with fake tattoos are approximately 20\u00d715 cm large and filled with the design you see in the picture.o ensure your satisfaction, we will print and send the sheet within 24 hours after you have ordered. This sheet is designed by the talented tattoo artist Hel\u00e9ne at Studio Bl\u00e4ck.<\/p>\n<p>This is Hel\u00e9ne: Tattoo artist from Sweden, who LOVEs tattoos and tattooing. The process of making the idea\u2019s of my client into a tattoo is the most inspirational way of creating art. Because of this, I tattoo all styles. From bold line Old-School to Photo Realism. What fits my client\u2019s vision, personality and style. When it comes to small tattoos I like simple designs with a nice flow. Classic fine lines and maybe a dash of colour. The beauty lies in the small details in life. As in tattoos. I hope you enjoy these tattoo flash-sheets. And feel free to hashtag Like Ink and me when you post your temporary tattoos on social media. I hope to see you at Studio Bl\u00e4ck in the enchanting forest\u2019s of V\u00e4rmland.<\/p>\n<p>Get in touch with Hel\u00e9ne:<\/p>\n<p>Instagram:<\/p>\n<p>helene_studioblack<\/p>\n<p>Facebook:<\/p>\n<p>Facebook.com\/studioblack.forshaga<\/p>\n<p>Studio:<\/p>\n<p>Studio Bl\u00e4ck<\/p>\n<p>Adress:<\/p>\n<p>Storgatan 33, 667 30 FORSHAGA<\/p>\n<p>Hemsida: studioblack.se<\/p>\n","protected":false},"featured_media":11446,"template":"","meta":[],"product_brand":[],"product_cat":[254,240],"product_tag":[],"class_list":{"0":"post-17370","1":"product","2":"type-product","3":"status-publish","4":"has-post-thumbnail","6":"product_cat-colaboraciones-de-artistas-tatuadores","7":"product_cat-hojas-pre-disenadas","9":"first","10":"instock","11":"taxable","12":"shipping-taxable","13":"purchasable","14":"product-type-simple"},"yoast_head":"<!-- This site is optimized with the Yoast SEO Premium plugin v26.2 (Yoast SEO v27.4) - https:\/\/yoast.com\/product\/yoast-seo-premium-wordpress\/ -->\n<title>Flash &quot;S\u00edmbolos&quot; Tattoo temporal por artistas tatuadores- Like ink<\/title>\n<meta name=\"description\" content=\"Flash &quot;S\u00edmbolos&quot; Hoja de Flash Tattoo hecha por Studio Bl\u00e4ck en Suecia. Obt\u00e9n tatuajes temporales realistas de alta calidad. - Like ink\" \/>\n<meta name=\"robots\" content=\"index, follow, max-snippet:-1, max-image-preview:large, max-video-preview:-1\" \/>\n<link rel=\"canonical\" href=\"https:\/\/likeink.com\/es\/tatuaje-falso\/flash-simbolos\/\" \/>\n<meta property=\"og:locale\" content=\"es_ES\" \/>\n<meta property=\"og:type\" content=\"article\" \/>\n<meta property=\"og:title\" content=\"Flash &quot;S\u00edmbolos&quot; by Hel\u00e9ne at Studio Bl\u00e4ck\" \/>\n<meta property=\"og:description\" content=\"Our finished disposable sheets with fake tattoos are approximately 20\u00d715 cm large and filled with the design you see in the picture.o ensure your satisfaction, we will print and send the sheet within 24 hours after you have ordered. This sheet is designed by the talented tattoo artist Hel\u00e9ne at Studio Bl\u00e4ck.  This is Hel\u00e9ne: Tattoo artist from Sweden, who LOVEs tattoos and tattooing. The process of making the idea\u2019s of my client into a tattoo is the most inspirational way of creating art. Because of this, I tattoo all styles. From bold line Old-School to Photo Realism. What fits my client\u2019s vision, personality and style. When it comes to small tattoos I like simple designs with a nice flow. Classic fine lines and maybe a dash of colour. The beauty lies in the small details in life. As in tattoos. I hope you enjoy these tattoo flash-sheets. And feel free to hashtag Like Ink and me when you post your temporary tattoos on social media. I hope to see you at Studio Bl\u00e4ck in the enchanting forest\u2019s of V\u00e4rmland.  Get in touch with Hel\u00e9ne:  Instagram:  helene_studioblack  Facebook:  Facebook.com\/studioblack.forshaga  Studio:  Studio Bl\u00e4ck  Adress:  Storgatan 33, 667 30 FORSHAGA  Hemsida: studioblack.se\" \/>\n<meta property=\"og:url\" content=\"https:\/\/likeink.com\/es\/tatuaje-falso\/flash-simbolos\/\" \/>\n<meta property=\"og:site_name\" content=\"Like ink\" \/>\n<meta property=\"article:publisher\" content=\"https:\/\/www.facebook.com\/LikeInkSe\" \/>\n<meta property=\"article:modified_time\" content=\"2024-02-14T16:20:49+00:00\" \/>\n<meta property=\"og:image\" content=\"https:\/\/likeink.com\/wp-content\/uploads\/2021\/10\/Flash6-StudioBlack-scaled-e1642702388142.jpg\" \/>\n\t<meta property=\"og:image:width\" content=\"800\" \/>\n\t<meta property=\"og:image:height\" content=\"566\" \/>\n\t<meta property=\"og:image:type\" content=\"image\/jpeg\" \/>\n<meta name=\"twitter:card\" content=\"summary_large_image\" \/>\n<script type=\"application\/ld+json\" class=\"yoast-schema-graph\">{\"@context\":\"https:\\\/\\\/schema.org\",\"@graph\":[{\"@type\":\"WebPage\",\"@id\":\"https:\\\/\\\/likeink.com\\\/es\\\/tatuaje-falso\\\/flash-simbolos\\\/\",\"url\":\"https:\\\/\\\/likeink.com\\\/es\\\/tatuaje-falso\\\/flash-simbolos\\\/\",\"name\":\"Flash \\\"S\u00edmbolos\\\" Tattoo temporal por artistas tatuadores- Like ink\",\"isPartOf\":{\"@id\":\"https:\\\/\\\/likeink.com\\\/es\\\/#website\"},\"primaryImageOfPage\":{\"@id\":\"https:\\\/\\\/likeink.com\\\/es\\\/tatuaje-falso\\\/flash-simbolos\\\/#primaryimage\"},\"image\":{\"@id\":\"https:\\\/\\\/likeink.com\\\/es\\\/tatuaje-falso\\\/flash-simbolos\\\/#primaryimage\"},\"thumbnailUrl\":\"https:\\\/\\\/likeink.com\\\/wp-content\\\/uploads\\\/2021\\\/10\\\/Flash6-StudioBlack-scaled-e1642702388142.jpg\",\"datePublished\":\"2021-10-08T12:53:28+00:00\",\"dateModified\":\"2024-02-14T16:20:49+00:00\",\"description\":\"Flash \\\"S\u00edmbolos\\\" Hoja de Flash Tattoo hecha por Studio Bl\u00e4ck en Suecia. Obt\u00e9n tatuajes temporales realistas de alta calidad. - Like ink\",\"breadcrumb\":{\"@id\":\"https:\\\/\\\/likeink.com\\\/es\\\/tatuaje-falso\\\/flash-simbolos\\\/#breadcrumb\"},\"inLanguage\":\"es\",\"potentialAction\":[{\"@type\":\"ReadAction\",\"target\":[\"https:\\\/\\\/likeink.com\\\/es\\\/tatuaje-falso\\\/flash-simbolos\\\/\"]}]},{\"@type\":\"ImageObject\",\"inLanguage\":\"es\",\"@id\":\"https:\\\/\\\/likeink.com\\\/es\\\/tatuaje-falso\\\/flash-simbolos\\\/#primaryimage\",\"url\":\"https:\\\/\\\/likeink.com\\\/wp-content\\\/uploads\\\/2021\\\/10\\\/Flash6-StudioBlack-scaled-e1642702388142.jpg\",\"contentUrl\":\"https:\\\/\\\/likeink.com\\\/wp-content\\\/uploads\\\/2021\\\/10\\\/Flash6-StudioBlack-scaled-e1642702388142.jpg\",\"width\":800,\"height\":566,\"caption\":\"Tatuajes falsos con varios motivos. Tatuaje falso de drag\u00f3n, rosa, flor.\"},{\"@type\":\"BreadcrumbList\",\"@id\":\"https:\\\/\\\/likeink.com\\\/es\\\/tatuaje-falso\\\/flash-simbolos\\\/#breadcrumb\",\"itemListElement\":[{\"@type\":\"ListItem\",\"position\":1,\"name\":\"Hem\",\"item\":\"https:\\\/\\\/likeink.com\\\/es\\\/\"},{\"@type\":\"ListItem\",\"position\":2,\"name\":\"Shop\",\"item\":\"https:\\\/\\\/likeink.com\\\/es\\\/shop\\\/\"},{\"@type\":\"ListItem\",\"position\":3,\"name\":\"Flash \u00abS\u00edmbolos\u00bb by Hel\u00e9ne at Studio Bl\u00e4ck\"}]},{\"@type\":\"WebSite\",\"@id\":\"https:\\\/\\\/likeink.com\\\/es\\\/#website\",\"url\":\"https:\\\/\\\/likeink.com\\\/es\\\/\",\"name\":\"Like ink\",\"description\":\"HAZ TUS PROPIOS TATUAJES TEMPORALES\",\"potentialAction\":[{\"@type\":\"SearchAction\",\"target\":{\"@type\":\"EntryPoint\",\"urlTemplate\":\"https:\\\/\\\/likeink.com\\\/es\\\/?s={search_term_string}\"},\"query-input\":{\"@type\":\"PropertyValueSpecification\",\"valueRequired\":true,\"valueName\":\"search_term_string\"}}],\"inLanguage\":\"es\"}]}<\/script>\n<!-- \/ Yoast SEO Premium plugin. -->","yoast_head_json":{"title":"Flash \"S\u00edmbolos\" Tattoo temporal por artistas tatuadores- Like ink","description":"Flash \"S\u00edmbolos\" Hoja de Flash Tattoo hecha por Studio Bl\u00e4ck en Suecia. Obt\u00e9n tatuajes temporales realistas de alta calidad. - Like ink","robots":{"index":"index","follow":"follow","max-snippet":"max-snippet:-1","max-image-preview":"max-image-preview:large","max-video-preview":"max-video-preview:-1"},"canonical":"https:\/\/likeink.com\/es\/tatuaje-falso\/flash-simbolos\/","og_locale":"es_ES","og_type":"article","og_title":"Flash \"S\u00edmbolos\" by Hel\u00e9ne at Studio Bl\u00e4ck","og_description":"Our finished disposable sheets with fake tattoos are approximately 20\u00d715 cm large and filled with the design you see in the picture.o ensure your satisfaction, we will print and send the sheet within 24 hours after you have ordered. This sheet is designed by the talented tattoo artist Hel\u00e9ne at Studio Bl\u00e4ck.  This is Hel\u00e9ne: Tattoo artist from Sweden, who LOVEs tattoos and tattooing. The process of making the idea\u2019s of my client into a tattoo is the most inspirational way of creating art. Because of this, I tattoo all styles. From bold line Old-School to Photo Realism. What fits my client\u2019s vision, personality and style. When it comes to small tattoos I like simple designs with a nice flow. Classic fine lines and maybe a dash of colour. The beauty lies in the small details in life. As in tattoos. I hope you enjoy these tattoo flash-sheets. And feel free to hashtag Like Ink and me when you post your temporary tattoos on social media. I hope to see you at Studio Bl\u00e4ck in the enchanting forest\u2019s of V\u00e4rmland.  Get in touch with Hel\u00e9ne:  Instagram:  helene_studioblack  Facebook:  Facebook.com\/studioblack.forshaga  Studio:  Studio Bl\u00e4ck  Adress:  Storgatan 33, 667 30 FORSHAGA  Hemsida: studioblack.se","og_url":"https:\/\/likeink.com\/es\/tatuaje-falso\/flash-simbolos\/","og_site_name":"Like ink","article_publisher":"https:\/\/www.facebook.com\/LikeInkSe","article_modified_time":"2024-02-14T16:20:49+00:00","og_image":[{"width":800,"height":566,"url":"https:\/\/likeink.com\/wp-content\/uploads\/2021\/10\/Flash6-StudioBlack-scaled-e1642702388142.jpg","type":"image\/jpeg"}],"twitter_card":"summary_large_image","schema":{"@context":"https:\/\/schema.org","@graph":[{"@type":"WebPage","@id":"https:\/\/likeink.com\/es\/tatuaje-falso\/flash-simbolos\/","url":"https:\/\/likeink.com\/es\/tatuaje-falso\/flash-simbolos\/","name":"Flash \"S\u00edmbolos\" Tattoo temporal por artistas tatuadores- Like ink","isPartOf":{"@id":"https:\/\/likeink.com\/es\/#website"},"primaryImageOfPage":{"@id":"https:\/\/likeink.com\/es\/tatuaje-falso\/flash-simbolos\/#primaryimage"},"image":{"@id":"https:\/\/likeink.com\/es\/tatuaje-falso\/flash-simbolos\/#primaryimage"},"thumbnailUrl":"https:\/\/likeink.com\/wp-content\/uploads\/2021\/10\/Flash6-StudioBlack-scaled-e1642702388142.jpg","datePublished":"2021-10-08T12:53:28+00:00","dateModified":"2024-02-14T16:20:49+00:00","description":"Flash \"S\u00edmbolos\" Hoja de Flash Tattoo hecha por Studio Bl\u00e4ck en Suecia. Obt\u00e9n tatuajes temporales realistas de alta calidad. - Like ink","breadcrumb":{"@id":"https:\/\/likeink.com\/es\/tatuaje-falso\/flash-simbolos\/#breadcrumb"},"inLanguage":"es","potentialAction":[{"@type":"ReadAction","target":["https:\/\/likeink.com\/es\/tatuaje-falso\/flash-simbolos\/"]}]},{"@type":"ImageObject","inLanguage":"es","@id":"https:\/\/likeink.com\/es\/tatuaje-falso\/flash-simbolos\/#primaryimage","url":"https:\/\/likeink.com\/wp-content\/uploads\/2021\/10\/Flash6-StudioBlack-scaled-e1642702388142.jpg","contentUrl":"https:\/\/likeink.com\/wp-content\/uploads\/2021\/10\/Flash6-StudioBlack-scaled-e1642702388142.jpg","width":800,"height":566,"caption":"Tatuajes falsos con varios motivos. Tatuaje falso de drag\u00f3n, rosa, flor."},{"@type":"BreadcrumbList","@id":"https:\/\/likeink.com\/es\/tatuaje-falso\/flash-simbolos\/#breadcrumb","itemListElement":[{"@type":"ListItem","position":1,"name":"Hem","item":"https:\/\/likeink.com\/es\/"},{"@type":"ListItem","position":2,"name":"Shop","item":"https:\/\/likeink.com\/es\/shop\/"},{"@type":"ListItem","position":3,"name":"Flash \u00abS\u00edmbolos\u00bb by Hel\u00e9ne at Studio Bl\u00e4ck"}]},{"@type":"WebSite","@id":"https:\/\/likeink.com\/es\/#website","url":"https:\/\/likeink.com\/es\/","name":"Like ink","description":"HAZ TUS PROPIOS TATUAJES TEMPORALES","potentialAction":[{"@type":"SearchAction","target":{"@type":"EntryPoint","urlTemplate":"https:\/\/likeink.com\/es\/?s={search_term_string}"},"query-input":{"@type":"PropertyValueSpecification","valueRequired":true,"valueName":"search_term_string"}}],"inLanguage":"es"}]}},"_links":{"self":[{"href":"https:\/\/likeink.com\/es\/wp-json\/wp\/v2\/product\/17370","targetHints":{"allow":["GET"]}}],"collection":[{"href":"https:\/\/likeink.com\/es\/wp-json\/wp\/v2\/product"}],"about":[{"href":"https:\/\/likeink.com\/es\/wp-json\/wp\/v2\/types\/product"}],"wp:featuredmedia":[{"embeddable":true,"href":"https:\/\/likeink.com\/es\/wp-json\/wp\/v2\/media\/11446"}],"wp:attachment":[{"href":"https:\/\/likeink.com\/es\/wp-json\/wp\/v2\/media?parent=17370"}],"wp:term":[{"taxonomy":"product_brand","embeddable":true,"href":"https:\/\/likeink.com\/es\/wp-json\/wp\/v2\/product_brand?post=17370"},{"taxonomy":"product_cat","embeddable":true,"href":"https:\/\/likeink.com\/es\/wp-json\/wp\/v2\/product_cat?post=17370"},{"taxonomy":"product_tag","embeddable":true,"href":"https:\/\/likeink.com\/es\/wp-json\/wp\/v2\/product_tag?post=17370"}],"curies":[{"name":"wp","href":"https:\/\/api.w.org\/{rel}","templated":true}]}}