{"id":17525,"date":"2023-04-21T14:02:49","date_gmt":"2023-04-21T14:02:49","guid":{"rendered":"https:\/\/likeink.se\/gnuggis\/djurens-ratt-im-vegan\/"},"modified":"2024-02-14T16:21:03","modified_gmt":"2024-02-14T16:21:03","slug":"djurens-ratt-im-vegan","status":"publish","type":"product","link":"https:\/\/likeink.com\/es\/tatuaje-falso\/djurens-ratt-im-vegan\/","title":{"rendered":"Djurens R\u00e4tt I`m Vegan"},"content":{"rendered":"","protected":false},"excerpt":{"rendered":"<p>Consigue un tatuaje temporal en apoyo a los animales con tatuajes falsos de nosotros en Like ink!<br \/>\nLike ink imprime tatuajes falsos elegantes, veganos y probados contra alergias que ahora est\u00e1n etiquetados con I&#8217;M VEGAN de Djurens R\u00e4tt.<\/p>\n<p>\u00a1En este momento, tenemos una campa\u00f1a junto con Djurens R\u00e4tt! El 30% de los ingresos de las hojas pre-dise\u00f1adas en la categor\u00eda Djurens R\u00e4tt en la tienda en l\u00ednea de Like ink se destina al trabajo de Djurens R\u00e4tt para mejorar las condiciones de los animales en Suecia que lo tienen peor.<\/p>\n<h2>Pide tatuajes falsos con verduras ilustradas y apoya a Djurens R\u00e4tt <\/h2>\n<p>Una hoja A5 cuesta 11 euros, y cuantas m\u00e1s hojas pidas, \u00a1m\u00e1s grande ser\u00e1 el descuento! Comienza a comprar ahora y recuerda etiquetar todas las fotos de estos tatuajes falsos con @likeinkse en Instagram y TikTok, donaremos 1 euro adicional por cada etiqueta y, por supuesto, compartiremos tu foto tambi\u00e9n.<\/p>\n<p>Tama\u00f1o de la hoja: A5<br \/>\nTama\u00f1o del tatuaje: 3-7cm<\/p>\n","protected":false},"featured_media":17034,"template":"","meta":[],"product_brand":[],"product_cat":[523,540,240],"product_tag":[],"class_list":{"0":"post-17525","1":"product","2":"type-product","3":"status-publish","4":"has-post-thumbnail","6":"product_cat-animales-naturaleza","7":"product_cat-colaboraciones-con-empresas","8":"product_cat-hojas-pre-disenadas","10":"first","11":"instock","12":"taxable","13":"shipping-taxable","14":"purchasable","15":"product-type-simple"},"yoast_head":"<!-- This site is optimized with the Yoast SEO Premium plugin v26.2 (Yoast SEO v27.5) - https:\/\/yoast.com\/product\/yoast-seo-premium-wordpress\/ -->\n<title>Tatuajes falsos veganos - Like ink<\/title>\n<meta name=\"description\" content=\"Tatuajes falsos veganos! Pide tatuajes falsos con verduras ilustradas y apoya a Djurens R\u00e4tt - Like ink\" \/>\n<meta name=\"robots\" content=\"index, follow, max-snippet:-1, max-image-preview:large, max-video-preview:-1\" \/>\n<link rel=\"canonical\" href=\"https:\/\/likeink.com\/es\/tatuaje-falso\/djurens-ratt-im-vegan\/\" \/>\n<meta property=\"og:locale\" content=\"es_ES\" \/>\n<meta property=\"og:type\" content=\"article\" \/>\n<meta property=\"og:title\" content=\"Djurens R\u00e4tt I`m Vegan\" \/>\n<meta property=\"og:description\" content=\"Consigue un tatuaje temporal en apoyo a los animales con tatuajes falsos de nosotros en Like ink! Like ink imprime tatuajes falsos elegantes, veganos y probados contra alergias que ahora est\u00e1n etiquetados con I&#039;M VEGAN de Djurens R\u00e4tt.  \u00a1En este momento, tenemos una campa\u00f1a junto con Djurens R\u00e4tt! El 30% de los ingresos de las hojas pre-dise\u00f1adas en la categor\u00eda Djurens R\u00e4tt en la tienda en l\u00ednea de Like ink se destina al trabajo de Djurens R\u00e4tt para mejorar las condiciones de los animales en Suecia que lo tienen peor.  Pide tatuajes falsos con verduras ilustradas y apoya a Djurens R\u00e4tt   Una hoja A5 cuesta 11 euros, y cuantas m\u00e1s hojas pidas, \u00a1m\u00e1s grande ser\u00e1 el descuento! Comienza a comprar ahora y recuerda etiquetar todas las fotos de estos tatuajes falsos con @likeinkse en Instagram y TikTok, donaremos 1 euro adicional por cada etiqueta y, por supuesto, compartiremos tu foto tambi\u00e9n.  Tama\u00f1o de la hoja: A5 Tama\u00f1o del tatuaje: 3-7cm\" \/>\n<meta property=\"og:url\" content=\"https:\/\/likeink.com\/es\/tatuaje-falso\/djurens-ratt-im-vegan\/\" \/>\n<meta property=\"og:site_name\" content=\"Like ink\" \/>\n<meta property=\"article:publisher\" content=\"https:\/\/www.facebook.com\/LikeInkSe\" \/>\n<meta property=\"article:modified_time\" content=\"2024-02-14T16:21:03+00:00\" \/>\n<meta property=\"og:image\" content=\"https:\/\/likeink.com\/wp-content\/uploads\/2023\/04\/DjurensRatt-Gronsaker-Likeink.png\" \/>\n\t<meta property=\"og:image:width\" content=\"400\" \/>\n\t<meta property=\"og:image:height\" content=\"281\" \/>\n\t<meta property=\"og:image:type\" content=\"image\/png\" \/>\n<meta name=\"twitter:card\" content=\"summary_large_image\" \/>\n<!-- \/ Yoast SEO Premium plugin. -->","yoast_head_json":{"title":"Tatuajes falsos veganos - Like ink","description":"Tatuajes falsos veganos! Pide tatuajes falsos con verduras ilustradas y apoya a Djurens R\u00e4tt - Like ink","robots":{"index":"index","follow":"follow","max-snippet":"max-snippet:-1","max-image-preview":"max-image-preview:large","max-video-preview":"max-video-preview:-1"},"canonical":"https:\/\/likeink.com\/es\/tatuaje-falso\/djurens-ratt-im-vegan\/","og_locale":"es_ES","og_type":"article","og_title":"Djurens R\u00e4tt I`m Vegan","og_description":"Consigue un tatuaje temporal en apoyo a los animales con tatuajes falsos de nosotros en Like ink! Like ink imprime tatuajes falsos elegantes, veganos y probados contra alergias que ahora est\u00e1n etiquetados con I'M VEGAN de Djurens R\u00e4tt.  \u00a1En este momento, tenemos una campa\u00f1a junto con Djurens R\u00e4tt! El 30% de los ingresos de las hojas pre-dise\u00f1adas en la categor\u00eda Djurens R\u00e4tt en la tienda en l\u00ednea de Like ink se destina al trabajo de Djurens R\u00e4tt para mejorar las condiciones de los animales en Suecia que lo tienen peor.  Pide tatuajes falsos con verduras ilustradas y apoya a Djurens R\u00e4tt   Una hoja A5 cuesta 11 euros, y cuantas m\u00e1s hojas pidas, \u00a1m\u00e1s grande ser\u00e1 el descuento! Comienza a comprar ahora y recuerda etiquetar todas las fotos de estos tatuajes falsos con @likeinkse en Instagram y TikTok, donaremos 1 euro adicional por cada etiqueta y, por supuesto, compartiremos tu foto tambi\u00e9n.  Tama\u00f1o de la hoja: A5 Tama\u00f1o del tatuaje: 3-7cm","og_url":"https:\/\/likeink.com\/es\/tatuaje-falso\/djurens-ratt-im-vegan\/","og_site_name":"Like ink","article_publisher":"https:\/\/www.facebook.com\/LikeInkSe","article_modified_time":"2024-02-14T16:21:03+00:00","og_image":[{"width":400,"height":281,"url":"https:\/\/likeink.com\/wp-content\/uploads\/2023\/04\/DjurensRatt-Gronsaker-Likeink.png","type":"image\/png"}],"twitter_card":"summary_large_image","schema":{"@context":"https:\/\/schema.org","@graph":[{"@type":"WebPage","@id":"https:\/\/likeink.com\/es\/tatuaje-falso\/djurens-ratt-im-vegan\/","url":"https:\/\/likeink.com\/es\/tatuaje-falso\/djurens-ratt-im-vegan\/","name":"Tatuajes falsos veganos - Like ink","isPartOf":{"@id":"https:\/\/likeink.com\/es\/#website"},"primaryImageOfPage":{"@id":"https:\/\/likeink.com\/es\/tatuaje-falso\/djurens-ratt-im-vegan\/#primaryimage"},"image":{"@id":"https:\/\/likeink.com\/es\/tatuaje-falso\/djurens-ratt-im-vegan\/#primaryimage"},"thumbnailUrl":"https:\/\/likeink.com\/wp-content\/uploads\/2023\/04\/DjurensRatt-Gronsaker-Likeink.png","datePublished":"2023-04-21T14:02:49+00:00","dateModified":"2024-02-14T16:21:03+00:00","description":"Tatuajes falsos veganos! Pide tatuajes falsos con verduras ilustradas y apoya a Djurens R\u00e4tt - Like ink","breadcrumb":{"@id":"https:\/\/likeink.com\/es\/tatuaje-falso\/djurens-ratt-im-vegan\/#breadcrumb"},"inLanguage":"es","potentialAction":[{"@type":"ReadAction","target":["https:\/\/likeink.com\/es\/tatuaje-falso\/djurens-ratt-im-vegan\/"]}]},{"@type":"ImageObject","inLanguage":"es","@id":"https:\/\/likeink.com\/es\/tatuaje-falso\/djurens-ratt-im-vegan\/#primaryimage","url":"https:\/\/likeink.com\/wp-content\/uploads\/2023\/04\/DjurensRatt-Gronsaker-Likeink.png","contentUrl":"https:\/\/likeink.com\/wp-content\/uploads\/2023\/04\/DjurensRatt-Gronsaker-Likeink.png","width":400,"height":281,"caption":"Djurens R\u00e4tt gr\u00f6nsaker"},{"@type":"BreadcrumbList","@id":"https:\/\/likeink.com\/es\/tatuaje-falso\/djurens-ratt-im-vegan\/#breadcrumb","itemListElement":[{"@type":"ListItem","position":1,"name":"Hem","item":"https:\/\/likeink.com\/es\/"},{"@type":"ListItem","position":2,"name":"Shop","item":"https:\/\/likeink.com\/es\/shop\/"},{"@type":"ListItem","position":3,"name":"Djurens R\u00e4tt I`m Vegan"}]},{"@type":"WebSite","@id":"https:\/\/likeink.com\/es\/#website","url":"https:\/\/likeink.com\/es\/","name":"Like ink","description":"HAZ TUS PROPIOS TATUAJES TEMPORALES","potentialAction":[{"@type":"SearchAction","target":{"@type":"EntryPoint","urlTemplate":"https:\/\/likeink.com\/es\/?s={search_term_string}"},"query-input":{"@type":"PropertyValueSpecification","valueRequired":true,"valueName":"search_term_string"}}],"inLanguage":"es"}]}},"_links":{"self":[{"href":"https:\/\/likeink.com\/es\/wp-json\/wp\/v2\/product\/17525","targetHints":{"allow":["GET"]}}],"collection":[{"href":"https:\/\/likeink.com\/es\/wp-json\/wp\/v2\/product"}],"about":[{"href":"https:\/\/likeink.com\/es\/wp-json\/wp\/v2\/types\/product"}],"wp:featuredmedia":[{"embeddable":true,"href":"https:\/\/likeink.com\/es\/wp-json\/wp\/v2\/media\/17034"}],"wp:attachment":[{"href":"https:\/\/likeink.com\/es\/wp-json\/wp\/v2\/media?parent=17525"}],"wp:term":[{"taxonomy":"product_brand","embeddable":true,"href":"https:\/\/likeink.com\/es\/wp-json\/wp\/v2\/product_brand?post=17525"},{"taxonomy":"product_cat","embeddable":true,"href":"https:\/\/likeink.com\/es\/wp-json\/wp\/v2\/product_cat?post=17525"},{"taxonomy":"product_tag","embeddable":true,"href":"https:\/\/likeink.com\/es\/wp-json\/wp\/v2\/product_tag?post=17525"}],"curies":[{"name":"wp","href":"https:\/\/api.w.org\/{rel}","templated":true}]}}