{"id":17531,"date":"2023-04-21T14:02:01","date_gmt":"2023-04-21T14:02:01","guid":{"rendered":"https:\/\/likeink.se\/gnuggis\/djurens-ratt-vegan-vibes\/"},"modified":"2026-03-06T08:14:43","modified_gmt":"2026-03-06T08:14:43","slug":"djurens-ratt-vegan-vibes","status":"publish","type":"product","link":"https:\/\/likeink.com\/es\/tatuaje-falso\/djurens-ratt-vegan-vibes\/","title":{"rendered":"Djurens R\u00e4tt Vegan Vibes"},"content":{"rendered":"","protected":false},"excerpt":{"rendered":"<p>Consigue un tatuaje temporal en apoyo a los animales con tatuajes falsos de nosotros en Like ink!<br \/>\nLike ink imprime tatuajes falsos elegantes, veganos y probados contra alergias que ahora est\u00e1n etiquetados con I&#8217;M VEGAN de Djurens R\u00e4tt.<\/p>\n<p>\u00a1En este momento, tenemos una campa\u00f1a junto con Djurens R\u00e4tt! El 30% de los ingresos de las hojas pre-dise\u00f1adas en la categor\u00eda Djurens R\u00e4tt en la tienda en l\u00ednea de Like ink se destina al trabajo de Djurens R\u00e4tt para mejorar las condiciones de los animales en Suecia que lo tienen peor.<\/p>\n<h2> Ordena tatuajes falsos \u00abVegan Vibes\u00bb y apoya a los animales <\/h2>\n<p>Una hoja A5 cuesta 11 euros, y cuantas m\u00e1s hojas pidas, \u00a1m\u00e1s grande ser\u00e1 el descuento! Comienza a comprar ahora y recuerda etiquetar todas las fotos de estos tatuajes falsos con @likeinkse en Instagram y TikTok, donaremos 1 euro adicional por cada etiqueta y, por supuesto, compartiremos tu foto tambi\u00e9n.<\/p>\n<p>Tama\u00f1o de la hoja: A4<br \/>\nTama\u00f1o del tatuaje: 3-7cm<\/p>\n","protected":false},"featured_media":60041,"template":"","meta":[],"product_brand":[],"product_cat":[293,240],"product_tag":[],"class_list":{"0":"post-17531","1":"product","2":"type-product","3":"status-publish","4":"has-post-thumbnail","6":"product_cat-caridad-es","7":"product_cat-hojas-pre-disenadas","9":"first","10":"instock","11":"taxable","12":"shipping-taxable","13":"purchasable","14":"product-type-simple"},"yoast_head":"<!-- This site is optimized with the Yoast SEO Premium plugin v26.2 (Yoast SEO v27.4) - https:\/\/yoast.com\/product\/yoast-seo-premium-wordpress\/ -->\n<title>Tatuajes Vegan Vibes donde las ganancias van para los animales.<\/title>\n<meta name=\"description\" content=\"Tatuajes Vegan Vibes en hojas tama\u00f1o A5 fabricados por nosotros en Like Ink en Malm\u00f6. \u00a1Entrega s\u00faper r\u00e1pida! - Like ink\" \/>\n<meta name=\"robots\" content=\"index, follow, max-snippet:-1, max-image-preview:large, max-video-preview:-1\" \/>\n<link rel=\"canonical\" href=\"https:\/\/likeink.com\/es\/tatuaje-falso\/djurens-ratt-vegan-vibes\/\" \/>\n<meta property=\"og:locale\" content=\"es_ES\" \/>\n<meta property=\"og:type\" content=\"article\" \/>\n<meta property=\"og:title\" content=\"Djurens R\u00e4tt Vegan Vibes\" \/>\n<meta property=\"og:description\" content=\"Consigue un tatuaje temporal en apoyo a los animales con tatuajes falsos de nosotros en Like ink! Like ink imprime tatuajes falsos elegantes, veganos y probados contra alergias que ahora est\u00e1n etiquetados con I&#039;M VEGAN de Djurens R\u00e4tt.  \u00a1En este momento, tenemos una campa\u00f1a junto con Djurens R\u00e4tt! El 30% de los ingresos de las hojas pre-dise\u00f1adas en la categor\u00eda Djurens R\u00e4tt en la tienda en l\u00ednea de Like ink se destina al trabajo de Djurens R\u00e4tt para mejorar las condiciones de los animales en Suecia que lo tienen peor.   Ordena tatuajes falsos &quot;Vegan Vibes&quot; y apoya a los animales   Una hoja A5 cuesta 11 euros, y cuantas m\u00e1s hojas pidas, \u00a1m\u00e1s grande ser\u00e1 el descuento! Comienza a comprar ahora y recuerda etiquetar todas las fotos de estos tatuajes falsos con @likeinkse en Instagram y TikTok, donaremos 1 euro adicional por cada etiqueta y, por supuesto, compartiremos tu foto tambi\u00e9n.  Tama\u00f1o de la hoja: A4 Tama\u00f1o del tatuaje: 3-7cm\" \/>\n<meta property=\"og:url\" content=\"https:\/\/likeink.com\/es\/tatuaje-falso\/djurens-ratt-vegan-vibes\/\" \/>\n<meta property=\"og:site_name\" content=\"Like ink\" \/>\n<meta property=\"article:publisher\" content=\"https:\/\/www.facebook.com\/LikeInkSe\" \/>\n<meta property=\"article:modified_time\" content=\"2026-03-06T08:14:43+00:00\" \/>\n<meta property=\"og:image\" content=\"https:\/\/likeink.com\/wp-content\/uploads\/2026\/03\/Vegan-TemporaryTattoos-Djurensratt-Likeink-1024x724.png\" \/>\n\t<meta property=\"og:image:width\" content=\"1024\" \/>\n\t<meta property=\"og:image:height\" content=\"724\" \/>\n\t<meta property=\"og:image:type\" content=\"image\/png\" \/>\n<meta name=\"twitter:card\" content=\"summary_large_image\" \/>\n<meta name=\"twitter:label1\" content=\"Tiempo de lectura\" \/>\n\t<meta name=\"twitter:data1\" content=\"1 minuto\" \/>\n<script type=\"application\/ld+json\" class=\"yoast-schema-graph\">{\"@context\":\"https:\\\/\\\/schema.org\",\"@graph\":[{\"@type\":\"WebPage\",\"@id\":\"https:\\\/\\\/likeink.com\\\/es\\\/tatuaje-falso\\\/djurens-ratt-vegan-vibes\\\/\",\"url\":\"https:\\\/\\\/likeink.com\\\/es\\\/tatuaje-falso\\\/djurens-ratt-vegan-vibes\\\/\",\"name\":\"Tatuajes Vegan Vibes donde las ganancias van para los animales.\",\"isPartOf\":{\"@id\":\"https:\\\/\\\/likeink.com\\\/es\\\/#website\"},\"primaryImageOfPage\":{\"@id\":\"https:\\\/\\\/likeink.com\\\/es\\\/tatuaje-falso\\\/djurens-ratt-vegan-vibes\\\/#primaryimage\"},\"image\":{\"@id\":\"https:\\\/\\\/likeink.com\\\/es\\\/tatuaje-falso\\\/djurens-ratt-vegan-vibes\\\/#primaryimage\"},\"thumbnailUrl\":\"https:\\\/\\\/likeink.com\\\/wp-content\\\/uploads\\\/2026\\\/03\\\/Vegan-TemporaryTattoos-Djurensratt-Likeink-scaled.png\",\"datePublished\":\"2023-04-21T14:02:01+00:00\",\"dateModified\":\"2026-03-06T08:14:43+00:00\",\"description\":\"Tatuajes Vegan Vibes en hojas tama\u00f1o A5 fabricados por nosotros en Like Ink en Malm\u00f6. \u00a1Entrega s\u00faper r\u00e1pida! - Like ink\",\"breadcrumb\":{\"@id\":\"https:\\\/\\\/likeink.com\\\/es\\\/tatuaje-falso\\\/djurens-ratt-vegan-vibes\\\/#breadcrumb\"},\"inLanguage\":\"es\",\"potentialAction\":[{\"@type\":\"ReadAction\",\"target\":[\"https:\\\/\\\/likeink.com\\\/es\\\/tatuaje-falso\\\/djurens-ratt-vegan-vibes\\\/\"]}]},{\"@type\":\"ImageObject\",\"inLanguage\":\"es\",\"@id\":\"https:\\\/\\\/likeink.com\\\/es\\\/tatuaje-falso\\\/djurens-ratt-vegan-vibes\\\/#primaryimage\",\"url\":\"https:\\\/\\\/likeink.com\\\/wp-content\\\/uploads\\\/2026\\\/03\\\/Vegan-TemporaryTattoos-Djurensratt-Likeink-scaled.png\",\"contentUrl\":\"https:\\\/\\\/likeink.com\\\/wp-content\\\/uploads\\\/2026\\\/03\\\/Vegan-TemporaryTattoos-Djurensratt-Likeink-scaled.png\",\"width\":2560,\"height\":1811,\"caption\":\"Un collage de gr\u00e1ficos y esl\u00f3ganes de tem\u00e1tica vegana, que incluye una simp\u00e1tica vaca, verduras, corazones y frases como \\\"Cruelty Free\\\", \\\"VEGAN\\\", \\\"Vegan Vibes\\\", \\\"Go Vegan\\\" y \\\"Plant Power\\\".\"},{\"@type\":\"BreadcrumbList\",\"@id\":\"https:\\\/\\\/likeink.com\\\/es\\\/tatuaje-falso\\\/djurens-ratt-vegan-vibes\\\/#breadcrumb\",\"itemListElement\":[{\"@type\":\"ListItem\",\"position\":1,\"name\":\"Hem\",\"item\":\"https:\\\/\\\/likeink.com\\\/es\\\/\"},{\"@type\":\"ListItem\",\"position\":2,\"name\":\"Shop\",\"item\":\"https:\\\/\\\/likeink.com\\\/es\\\/shop\\\/\"},{\"@type\":\"ListItem\",\"position\":3,\"name\":\"Djurens R\u00e4tt Vegan Vibes\"}]},{\"@type\":\"WebSite\",\"@id\":\"https:\\\/\\\/likeink.com\\\/es\\\/#website\",\"url\":\"https:\\\/\\\/likeink.com\\\/es\\\/\",\"name\":\"Like ink\",\"description\":\"HAZ TUS PROPIOS TATUAJES TEMPORALES\",\"potentialAction\":[{\"@type\":\"SearchAction\",\"target\":{\"@type\":\"EntryPoint\",\"urlTemplate\":\"https:\\\/\\\/likeink.com\\\/es\\\/?s={search_term_string}\"},\"query-input\":{\"@type\":\"PropertyValueSpecification\",\"valueRequired\":true,\"valueName\":\"search_term_string\"}}],\"inLanguage\":\"es\"}]}<\/script>\n<!-- \/ Yoast SEO Premium plugin. -->","yoast_head_json":{"title":"Tatuajes Vegan Vibes donde las ganancias van para los animales.","description":"Tatuajes Vegan Vibes en hojas tama\u00f1o A5 fabricados por nosotros en Like Ink en Malm\u00f6. \u00a1Entrega s\u00faper r\u00e1pida! - Like ink","robots":{"index":"index","follow":"follow","max-snippet":"max-snippet:-1","max-image-preview":"max-image-preview:large","max-video-preview":"max-video-preview:-1"},"canonical":"https:\/\/likeink.com\/es\/tatuaje-falso\/djurens-ratt-vegan-vibes\/","og_locale":"es_ES","og_type":"article","og_title":"Djurens R\u00e4tt Vegan Vibes","og_description":"Consigue un tatuaje temporal en apoyo a los animales con tatuajes falsos de nosotros en Like ink! Like ink imprime tatuajes falsos elegantes, veganos y probados contra alergias que ahora est\u00e1n etiquetados con I'M VEGAN de Djurens R\u00e4tt.  \u00a1En este momento, tenemos una campa\u00f1a junto con Djurens R\u00e4tt! El 30% de los ingresos de las hojas pre-dise\u00f1adas en la categor\u00eda Djurens R\u00e4tt en la tienda en l\u00ednea de Like ink se destina al trabajo de Djurens R\u00e4tt para mejorar las condiciones de los animales en Suecia que lo tienen peor.   Ordena tatuajes falsos \"Vegan Vibes\" y apoya a los animales   Una hoja A5 cuesta 11 euros, y cuantas m\u00e1s hojas pidas, \u00a1m\u00e1s grande ser\u00e1 el descuento! Comienza a comprar ahora y recuerda etiquetar todas las fotos de estos tatuajes falsos con @likeinkse en Instagram y TikTok, donaremos 1 euro adicional por cada etiqueta y, por supuesto, compartiremos tu foto tambi\u00e9n.  Tama\u00f1o de la hoja: A4 Tama\u00f1o del tatuaje: 3-7cm","og_url":"https:\/\/likeink.com\/es\/tatuaje-falso\/djurens-ratt-vegan-vibes\/","og_site_name":"Like ink","article_publisher":"https:\/\/www.facebook.com\/LikeInkSe","article_modified_time":"2026-03-06T08:14:43+00:00","og_image":[{"width":1024,"height":724,"url":"https:\/\/likeink.com\/wp-content\/uploads\/2026\/03\/Vegan-TemporaryTattoos-Djurensratt-Likeink-1024x724.png","type":"image\/png"}],"twitter_card":"summary_large_image","twitter_misc":{"Tiempo de lectura":"1 minuto"},"schema":{"@context":"https:\/\/schema.org","@graph":[{"@type":"WebPage","@id":"https:\/\/likeink.com\/es\/tatuaje-falso\/djurens-ratt-vegan-vibes\/","url":"https:\/\/likeink.com\/es\/tatuaje-falso\/djurens-ratt-vegan-vibes\/","name":"Tatuajes Vegan Vibes donde las ganancias van para los animales.","isPartOf":{"@id":"https:\/\/likeink.com\/es\/#website"},"primaryImageOfPage":{"@id":"https:\/\/likeink.com\/es\/tatuaje-falso\/djurens-ratt-vegan-vibes\/#primaryimage"},"image":{"@id":"https:\/\/likeink.com\/es\/tatuaje-falso\/djurens-ratt-vegan-vibes\/#primaryimage"},"thumbnailUrl":"https:\/\/likeink.com\/wp-content\/uploads\/2026\/03\/Vegan-TemporaryTattoos-Djurensratt-Likeink-scaled.png","datePublished":"2023-04-21T14:02:01+00:00","dateModified":"2026-03-06T08:14:43+00:00","description":"Tatuajes Vegan Vibes en hojas tama\u00f1o A5 fabricados por nosotros en Like Ink en Malm\u00f6. \u00a1Entrega s\u00faper r\u00e1pida! - Like ink","breadcrumb":{"@id":"https:\/\/likeink.com\/es\/tatuaje-falso\/djurens-ratt-vegan-vibes\/#breadcrumb"},"inLanguage":"es","potentialAction":[{"@type":"ReadAction","target":["https:\/\/likeink.com\/es\/tatuaje-falso\/djurens-ratt-vegan-vibes\/"]}]},{"@type":"ImageObject","inLanguage":"es","@id":"https:\/\/likeink.com\/es\/tatuaje-falso\/djurens-ratt-vegan-vibes\/#primaryimage","url":"https:\/\/likeink.com\/wp-content\/uploads\/2026\/03\/Vegan-TemporaryTattoos-Djurensratt-Likeink-scaled.png","contentUrl":"https:\/\/likeink.com\/wp-content\/uploads\/2026\/03\/Vegan-TemporaryTattoos-Djurensratt-Likeink-scaled.png","width":2560,"height":1811,"caption":"Un collage de gr\u00e1ficos y esl\u00f3ganes de tem\u00e1tica vegana, que incluye una simp\u00e1tica vaca, verduras, corazones y frases como \"Cruelty Free\", \"VEGAN\", \"Vegan Vibes\", \"Go Vegan\" y \"Plant Power\"."},{"@type":"BreadcrumbList","@id":"https:\/\/likeink.com\/es\/tatuaje-falso\/djurens-ratt-vegan-vibes\/#breadcrumb","itemListElement":[{"@type":"ListItem","position":1,"name":"Hem","item":"https:\/\/likeink.com\/es\/"},{"@type":"ListItem","position":2,"name":"Shop","item":"https:\/\/likeink.com\/es\/shop\/"},{"@type":"ListItem","position":3,"name":"Djurens R\u00e4tt Vegan Vibes"}]},{"@type":"WebSite","@id":"https:\/\/likeink.com\/es\/#website","url":"https:\/\/likeink.com\/es\/","name":"Like ink","description":"HAZ TUS PROPIOS TATUAJES TEMPORALES","potentialAction":[{"@type":"SearchAction","target":{"@type":"EntryPoint","urlTemplate":"https:\/\/likeink.com\/es\/?s={search_term_string}"},"query-input":{"@type":"PropertyValueSpecification","valueRequired":true,"valueName":"search_term_string"}}],"inLanguage":"es"}]}},"_links":{"self":[{"href":"https:\/\/likeink.com\/es\/wp-json\/wp\/v2\/product\/17531","targetHints":{"allow":["GET"]}}],"collection":[{"href":"https:\/\/likeink.com\/es\/wp-json\/wp\/v2\/product"}],"about":[{"href":"https:\/\/likeink.com\/es\/wp-json\/wp\/v2\/types\/product"}],"wp:featuredmedia":[{"embeddable":true,"href":"https:\/\/likeink.com\/es\/wp-json\/wp\/v2\/media\/60041"}],"wp:attachment":[{"href":"https:\/\/likeink.com\/es\/wp-json\/wp\/v2\/media?parent=17531"}],"wp:term":[{"taxonomy":"product_brand","embeddable":true,"href":"https:\/\/likeink.com\/es\/wp-json\/wp\/v2\/product_brand?post=17531"},{"taxonomy":"product_cat","embeddable":true,"href":"https:\/\/likeink.com\/es\/wp-json\/wp\/v2\/product_cat?post=17531"},{"taxonomy":"product_tag","embeddable":true,"href":"https:\/\/likeink.com\/es\/wp-json\/wp\/v2\/product_tag?post=17531"}],"curies":[{"name":"wp","href":"https:\/\/api.w.org\/{rel}","templated":true}]}}