{"id":17727,"date":"2023-05-02T15:17:52","date_gmt":"2023-05-02T15:17:52","guid":{"rendered":"https:\/\/likeink.se\/gnuggis\/old-school-orm-tatuering-a5-ark\/"},"modified":"2026-03-16T21:38:33","modified_gmt":"2026-03-16T21:38:33","slug":"tatuaje-de-serpiente-estilo-old-school","status":"publish","type":"product","link":"https:\/\/likeink.com\/es\/tatuaje-falso\/tatuaje-de-serpiente-estilo-old-school\/","title":{"rendered":"Tatuaje de serpiente estilo Old School"},"content":{"rendered":"","protected":false},"excerpt":{"rendered":"<p>Nuestras hojas de tatuajes falsos tienen un tama\u00f1o de 20X14 cm y esta hoja est\u00e1 llena de serpientes en varias combinaciones en un verdadero estilo de tatuaje old school. \u00a1Imprimimos y enviamos su pedido en un plazo de 24 horas!<br \/>\nAqu\u00ed obtienes dise\u00f1os de tatuajes de serpientes, flores y calaveras en hermosos colores mate.<\/p>\n<h2>Pide tatuajes falsos con serpientes en estilo old school<\/h2>\n<p><strong>\u00bfQu\u00e9 significa un tatuaje de serpiente?<\/strong><br \/>\nLas serpientes tienen una larga historia y aparecen en muchas culturas y mitolog\u00edas de todo el mundo, por lo que su simbolismo puede variar.<br \/>\nEn algunas culturas y mitolog\u00edas, la serpiente se considera un s\u00edmbolo de nacimiento, muerte y renacimiento, ya que muda su piel y experimenta un proceso de renovaci\u00f3n. La serpiente tambi\u00e9n puede representar sabidur\u00eda, sanaci\u00f3n y transformaci\u00f3n. En la mitolog\u00eda griega, Asclepio, el dios de la medicina y la sanaci\u00f3n, a menudo era representado con una serpiente enrollada alrededor de su bast\u00f3n.<br \/>\nEn otras culturas, las serpientes pueden simbolizar la tentaci\u00f3n y el pecado, como en la historia de Ad\u00e1n y Eva en la Biblia, donde la serpiente tienta a Eva a comer la fruta prohibida.<br \/>\nComo tatuaje, una serpiente puede significar muchas cosas diferentes seg\u00fan el portador y su significado personal. Puede representar cambio, sanaci\u00f3n, sabidur\u00eda, creatividad o superaci\u00f3n de desaf\u00edos y adversidades. Es importante tener en cuenta que los tatuajes de serpientes pueden interpretarse de manera diferente seg\u00fan su dise\u00f1o y el contexto en el que se utilizan.<\/p>\n<p>Todos los tatuajes falsos de nosotros en Like ink est\u00e1n hechos en Suecia y son f\u00e1ciles de aplicar y lavar. Los tatuajes se ven geniales, son veganos y aptos para al\u00e9rgicos.<\/p>\n<p>Tama\u00f1o de la hoja: A5<br \/>\nN\u00famero de tatuajes: 7<br \/>\nTama\u00f1o de los tatuajes: 3-12 cm + l\u00e1grimas 1 cm<\/p>\n","protected":false},"featured_media":17594,"template":"","meta":[],"product_brand":[],"product_cat":[523,240,510],"product_tag":[],"class_list":{"0":"post-17727","1":"product","2":"type-product","3":"status-publish","4":"has-post-thumbnail","6":"product_cat-animales-naturaleza","7":"product_cat-hojas-pre-disenadas","8":"product_cat-old-school-retro-es","10":"first","11":"instock","12":"taxable","13":"shipping-taxable","14":"purchasable","15":"product-type-simple"},"yoast_head":"<!-- This site is optimized with the Yoast SEO Premium plugin v26.2 (Yoast SEO v27.4) - https:\/\/yoast.com\/product\/yoast-seo-premium-wordpress\/ -->\n<title>Tatuaje de serpiente estilo Old School I Fake tattoos - Like ink<\/title>\n<meta name=\"description\" content=\"Tatuaje de serpiente estilo Old School. Old school tatuaje de serpiente en bonitos colores! \u00a1Serpiente, calavera y flor! \u00a1Env\u00edo gratuito y entrega r\u00e1pida!\" \/>\n<meta name=\"robots\" content=\"index, follow, max-snippet:-1, max-image-preview:large, max-video-preview:-1\" \/>\n<link rel=\"canonical\" href=\"https:\/\/likeink.com\/es\/tatuaje-falso\/tatuaje-de-serpiente-estilo-old-school\/\" \/>\n<meta property=\"og:locale\" content=\"es_ES\" \/>\n<meta property=\"og:type\" content=\"article\" \/>\n<meta property=\"og:title\" content=\"Tatuaje de serpiente estilo Old School\" \/>\n<meta property=\"og:description\" content=\"Nuestras hojas de tatuajes falsos tienen un tama\u00f1o de 20X14 cm y esta hoja est\u00e1 llena de serpientes en varias combinaciones en un verdadero estilo de tatuaje old school. \u00a1Imprimimos y enviamos su pedido en un plazo de 24 horas! Aqu\u00ed obtienes dise\u00f1os de tatuajes de serpientes, flores y calaveras en hermosos colores mate.  Pide tatuajes falsos con serpientes en estilo old school  \u00bfQu\u00e9 significa un tatuaje de serpiente? Las serpientes tienen una larga historia y aparecen en muchas culturas y mitolog\u00edas de todo el mundo, por lo que su simbolismo puede variar. En algunas culturas y mitolog\u00edas, la serpiente se considera un s\u00edmbolo de nacimiento, muerte y renacimiento, ya que muda su piel y experimenta un proceso de renovaci\u00f3n. La serpiente tambi\u00e9n puede representar sabidur\u00eda, sanaci\u00f3n y transformaci\u00f3n. En la mitolog\u00eda griega, Asclepio, el dios de la medicina y la sanaci\u00f3n, a menudo era representado con una serpiente enrollada alrededor de su bast\u00f3n. En otras culturas, las serpientes pueden simbolizar la tentaci\u00f3n y el pecado, como en la historia de Ad\u00e1n y Eva en la Biblia, donde la serpiente tienta a Eva a comer la fruta prohibida. Como tatuaje, una serpiente puede significar muchas cosas diferentes seg\u00fan el portador y su significado personal. Puede representar cambio, sanaci\u00f3n, sabidur\u00eda, creatividad o superaci\u00f3n de desaf\u00edos y adversidades. Es importante tener en cuenta que los tatuajes de serpientes pueden interpretarse de manera diferente seg\u00fan su dise\u00f1o y el contexto en el que se utilizan.  Todos los tatuajes falsos de nosotros en Like ink est\u00e1n hechos en Suecia y son f\u00e1ciles de aplicar y lavar. Los tatuajes se ven geniales, son veganos y aptos para al\u00e9rgicos.  Tama\u00f1o de la hoja: A5 N\u00famero de tatuajes: 7 Tama\u00f1o de los tatuajes: 3-12 cm + l\u00e1grimas 1 cm\" \/>\n<meta property=\"og:url\" content=\"https:\/\/likeink.com\/es\/tatuaje-falso\/tatuaje-de-serpiente-estilo-old-school\/\" \/>\n<meta property=\"og:site_name\" content=\"Like ink\" \/>\n<meta property=\"article:publisher\" content=\"https:\/\/www.facebook.com\/LikeInkSe\" \/>\n<meta property=\"article:modified_time\" content=\"2026-03-16T21:38:33+00:00\" \/>\n<meta property=\"og:image\" content=\"https:\/\/likeink.com\/wp-content\/uploads\/2023\/05\/Oldschool-snake-tattoos-Likeink.jpg\" \/>\n\t<meta property=\"og:image:width\" content=\"1200\" \/>\n\t<meta property=\"og:image:height\" content=\"845\" \/>\n\t<meta property=\"og:image:type\" content=\"image\/jpeg\" \/>\n<meta name=\"twitter:card\" content=\"summary_large_image\" \/>\n<!-- \/ Yoast SEO Premium plugin. -->","yoast_head_json":{"title":"Tatuaje de serpiente estilo Old School I Fake tattoos - Like ink","description":"Tatuaje de serpiente estilo Old School. Old school tatuaje de serpiente en bonitos colores! \u00a1Serpiente, calavera y flor! \u00a1Env\u00edo gratuito y entrega r\u00e1pida!","robots":{"index":"index","follow":"follow","max-snippet":"max-snippet:-1","max-image-preview":"max-image-preview:large","max-video-preview":"max-video-preview:-1"},"canonical":"https:\/\/likeink.com\/es\/tatuaje-falso\/tatuaje-de-serpiente-estilo-old-school\/","og_locale":"es_ES","og_type":"article","og_title":"Tatuaje de serpiente estilo Old School","og_description":"Nuestras hojas de tatuajes falsos tienen un tama\u00f1o de 20X14 cm y esta hoja est\u00e1 llena de serpientes en varias combinaciones en un verdadero estilo de tatuaje old school. \u00a1Imprimimos y enviamos su pedido en un plazo de 24 horas! Aqu\u00ed obtienes dise\u00f1os de tatuajes de serpientes, flores y calaveras en hermosos colores mate.  Pide tatuajes falsos con serpientes en estilo old school  \u00bfQu\u00e9 significa un tatuaje de serpiente? Las serpientes tienen una larga historia y aparecen en muchas culturas y mitolog\u00edas de todo el mundo, por lo que su simbolismo puede variar. En algunas culturas y mitolog\u00edas, la serpiente se considera un s\u00edmbolo de nacimiento, muerte y renacimiento, ya que muda su piel y experimenta un proceso de renovaci\u00f3n. La serpiente tambi\u00e9n puede representar sabidur\u00eda, sanaci\u00f3n y transformaci\u00f3n. En la mitolog\u00eda griega, Asclepio, el dios de la medicina y la sanaci\u00f3n, a menudo era representado con una serpiente enrollada alrededor de su bast\u00f3n. En otras culturas, las serpientes pueden simbolizar la tentaci\u00f3n y el pecado, como en la historia de Ad\u00e1n y Eva en la Biblia, donde la serpiente tienta a Eva a comer la fruta prohibida. Como tatuaje, una serpiente puede significar muchas cosas diferentes seg\u00fan el portador y su significado personal. Puede representar cambio, sanaci\u00f3n, sabidur\u00eda, creatividad o superaci\u00f3n de desaf\u00edos y adversidades. Es importante tener en cuenta que los tatuajes de serpientes pueden interpretarse de manera diferente seg\u00fan su dise\u00f1o y el contexto en el que se utilizan.  Todos los tatuajes falsos de nosotros en Like ink est\u00e1n hechos en Suecia y son f\u00e1ciles de aplicar y lavar. Los tatuajes se ven geniales, son veganos y aptos para al\u00e9rgicos.  Tama\u00f1o de la hoja: A5 N\u00famero de tatuajes: 7 Tama\u00f1o de los tatuajes: 3-12 cm + l\u00e1grimas 1 cm","og_url":"https:\/\/likeink.com\/es\/tatuaje-falso\/tatuaje-de-serpiente-estilo-old-school\/","og_site_name":"Like ink","article_publisher":"https:\/\/www.facebook.com\/LikeInkSe","article_modified_time":"2026-03-16T21:38:33+00:00","og_image":[{"width":1200,"height":845,"url":"https:\/\/likeink.com\/wp-content\/uploads\/2023\/05\/Oldschool-snake-tattoos-Likeink.jpg","type":"image\/jpeg"}],"twitter_card":"summary_large_image","schema":{"@context":"https:\/\/schema.org","@graph":[{"@type":"WebPage","@id":"https:\/\/likeink.com\/es\/tatuaje-falso\/tatuaje-de-serpiente-estilo-old-school\/","url":"https:\/\/likeink.com\/es\/tatuaje-falso\/tatuaje-de-serpiente-estilo-old-school\/","name":"Tatuaje de serpiente estilo Old School I Fake tattoos - Like ink","isPartOf":{"@id":"https:\/\/likeink.com\/es\/#website"},"primaryImageOfPage":{"@id":"https:\/\/likeink.com\/es\/tatuaje-falso\/tatuaje-de-serpiente-estilo-old-school\/#primaryimage"},"image":{"@id":"https:\/\/likeink.com\/es\/tatuaje-falso\/tatuaje-de-serpiente-estilo-old-school\/#primaryimage"},"thumbnailUrl":"https:\/\/likeink.com\/wp-content\/uploads\/2023\/05\/Oldschool-snake-tattoos-Likeink.jpg","datePublished":"2023-05-02T15:17:52+00:00","dateModified":"2026-03-16T21:38:33+00:00","description":"Tatuaje de serpiente estilo Old School. Old school tatuaje de serpiente en bonitos colores! \u00a1Serpiente, calavera y flor! \u00a1Env\u00edo gratuito y entrega r\u00e1pida!","breadcrumb":{"@id":"https:\/\/likeink.com\/es\/tatuaje-falso\/tatuaje-de-serpiente-estilo-old-school\/#breadcrumb"},"inLanguage":"es","potentialAction":[{"@type":"ReadAction","target":["https:\/\/likeink.com\/es\/tatuaje-falso\/tatuaje-de-serpiente-estilo-old-school\/"]}]},{"@type":"ImageObject","inLanguage":"es","@id":"https:\/\/likeink.com\/es\/tatuaje-falso\/tatuaje-de-serpiente-estilo-old-school\/#primaryimage","url":"https:\/\/likeink.com\/wp-content\/uploads\/2023\/05\/Oldschool-snake-tattoos-Likeink.jpg","contentUrl":"https:\/\/likeink.com\/wp-content\/uploads\/2023\/05\/Oldschool-snake-tattoos-Likeink.jpg","width":1200,"height":845,"caption":"Oldschool snake tattoo sheet"},{"@type":"BreadcrumbList","@id":"https:\/\/likeink.com\/es\/tatuaje-falso\/tatuaje-de-serpiente-estilo-old-school\/#breadcrumb","itemListElement":[{"@type":"ListItem","position":1,"name":"Hem","item":"https:\/\/likeink.com\/es\/"},{"@type":"ListItem","position":2,"name":"Shop","item":"https:\/\/likeink.com\/es\/shop\/"},{"@type":"ListItem","position":3,"name":"Tatuaje de serpiente estilo Old School"}]},{"@type":"WebSite","@id":"https:\/\/likeink.com\/es\/#website","url":"https:\/\/likeink.com\/es\/","name":"Like ink","description":"HAZ TUS PROPIOS TATUAJES TEMPORALES","potentialAction":[{"@type":"SearchAction","target":{"@type":"EntryPoint","urlTemplate":"https:\/\/likeink.com\/es\/?s={search_term_string}"},"query-input":{"@type":"PropertyValueSpecification","valueRequired":true,"valueName":"search_term_string"}}],"inLanguage":"es"}]}},"_links":{"self":[{"href":"https:\/\/likeink.com\/es\/wp-json\/wp\/v2\/product\/17727","targetHints":{"allow":["GET"]}}],"collection":[{"href":"https:\/\/likeink.com\/es\/wp-json\/wp\/v2\/product"}],"about":[{"href":"https:\/\/likeink.com\/es\/wp-json\/wp\/v2\/types\/product"}],"wp:featuredmedia":[{"embeddable":true,"href":"https:\/\/likeink.com\/es\/wp-json\/wp\/v2\/media\/17594"}],"wp:attachment":[{"href":"https:\/\/likeink.com\/es\/wp-json\/wp\/v2\/media?parent=17727"}],"wp:term":[{"taxonomy":"product_brand","embeddable":true,"href":"https:\/\/likeink.com\/es\/wp-json\/wp\/v2\/product_brand?post=17727"},{"taxonomy":"product_cat","embeddable":true,"href":"https:\/\/likeink.com\/es\/wp-json\/wp\/v2\/product_cat?post=17727"},{"taxonomy":"product_tag","embeddable":true,"href":"https:\/\/likeink.com\/es\/wp-json\/wp\/v2\/product_tag?post=17727"}],"curies":[{"name":"wp","href":"https:\/\/api.w.org\/{rel}","templated":true}]}}