{"id":18302,"date":"2023-05-23T15:49:15","date_gmt":"2023-05-23T15:49:15","guid":{"rendered":"https:\/\/likeink.se\/gnuggis\/keltiska-tatueringar\/"},"modified":"2026-03-16T21:38:56","modified_gmt":"2026-03-16T21:38:56","slug":"tatuajes-celtas","status":"publish","type":"product","link":"https:\/\/likeink.com\/es\/tatuaje-falso\/tatuajes-celtas\/","title":{"rendered":"Tatuajes Celtas"},"content":{"rendered":"","protected":false},"excerpt":{"rendered":"<p>\u00a1Este es un emocionante conjunto de tatuajes con dise\u00f1os inspirados en las culturas celta y vikinga: tatuajes celtas con tem\u00e1tica vikinga, para decirlo de manera sencilla! Estos tatuajes temporales combinan los ic\u00f3nicos s\u00edmbolos y patrones de ambas tradiciones celtas y vikingas, creando un dise\u00f1o \u00fanico y poderoso. Los tatuajes celtas pueden tener diferentes significados y simbolismos para la persona que los lleva, pero a menudo se asocian con fuerza, creatividad, espiritualidad y una conexi\u00f3n con la naturaleza.<br \/>\nCada tatuaje est\u00e1 cuidadosamente dise\u00f1ado para brindarte una aut\u00e9ntica sensaci\u00f3n de las tradiciones celtas y vikingas.<\/p>\n<h2>Ordena tatuajes celtas de Like ink<\/h2>\n<p>Nuestros tatuajes temporales son f\u00e1ciles de aplicar y lucen geniales. Adem\u00e1s, son seguros para la piel y cumplen con todas las regulaciones cosm\u00e9ticas.<br \/>\n\u00a1Ordena hoy mismo nuestros tatuajes celtas con tem\u00e1tica vikinga y experimenta la fascinante fusi\u00f3n cultural que representan estos tatuajes temporales!<br \/>\nTodos los tatuajes son fabricados por vikingos espa\u00f1oles y enviamos tu pedido en un plazo de 24 horas.<\/p>\n<p>Tama\u00f1o de la l\u00e1mina: A5<br \/>\nCantidad de tatuajes: 15<br \/>\nTama\u00f1o del tatuaje: 2-7 cm<\/p>\n","protected":false},"featured_media":18269,"template":"","meta":[],"product_brand":[],"product_cat":[240,253],"product_tag":[],"class_list":{"0":"post-18302","1":"product","2":"type-product","3":"status-publish","4":"has-post-thumbnail","6":"product_cat-hojas-pre-disenadas","7":"product_cat-tatuajes-de-simbolos","9":"first","10":"instock","11":"taxable","12":"shipping-taxable","13":"purchasable","14":"product-type-simple"},"yoast_head":"<!-- This site is optimized with the Yoast SEO Premium plugin v26.2 (Yoast SEO v27.4) - https:\/\/yoast.com\/product\/yoast-seo-premium-wordpress\/ -->\n<title>Tatuajes celtas en hoja A5 - tatuajes falsos - Like ink<\/title>\n<meta name=\"description\" content=\"Tatuajes celtas en hojas A5 - tatuajes falsos!Tatuajes celtas de la era vikinga. Ordena tatuajes falsos celtas de alta calidad, entrega r\u00e1pida. - Like ink\" \/>\n<meta name=\"robots\" content=\"index, follow, max-snippet:-1, max-image-preview:large, max-video-preview:-1\" \/>\n<link rel=\"canonical\" href=\"https:\/\/likeink.com\/es\/tatuaje-falso\/tatuajes-celtas\/\" \/>\n<meta property=\"og:locale\" content=\"es_ES\" \/>\n<meta property=\"og:type\" content=\"article\" \/>\n<meta property=\"og:title\" content=\"Tatuajes Celtas\" \/>\n<meta property=\"og:description\" content=\"\u00a1Este es un emocionante conjunto de tatuajes con dise\u00f1os inspirados en las culturas celta y vikinga: tatuajes celtas con tem\u00e1tica vikinga, para decirlo de manera sencilla! Estos tatuajes temporales combinan los ic\u00f3nicos s\u00edmbolos y patrones de ambas tradiciones celtas y vikingas, creando un dise\u00f1o \u00fanico y poderoso. Los tatuajes celtas pueden tener diferentes significados y simbolismos para la persona que los lleva, pero a menudo se asocian con fuerza, creatividad, espiritualidad y una conexi\u00f3n con la naturaleza. Cada tatuaje est\u00e1 cuidadosamente dise\u00f1ado para brindarte una aut\u00e9ntica sensaci\u00f3n de las tradiciones celtas y vikingas.  Ordena tatuajes celtas de Like ink  Nuestros tatuajes temporales son f\u00e1ciles de aplicar y lucen geniales. Adem\u00e1s, son seguros para la piel y cumplen con todas las regulaciones cosm\u00e9ticas. \u00a1Ordena hoy mismo nuestros tatuajes celtas con tem\u00e1tica vikinga y experimenta la fascinante fusi\u00f3n cultural que representan estos tatuajes temporales! Todos los tatuajes son fabricados por vikingos espa\u00f1oles y enviamos tu pedido en un plazo de 24 horas.  Tama\u00f1o de la l\u00e1mina: A5 Cantidad de tatuajes: 15 Tama\u00f1o del tatuaje: 2-7 cm\" \/>\n<meta property=\"og:url\" content=\"https:\/\/likeink.com\/es\/tatuaje-falso\/tatuajes-celtas\/\" \/>\n<meta property=\"og:site_name\" content=\"Like ink\" \/>\n<meta property=\"article:publisher\" content=\"https:\/\/www.facebook.com\/LikeInkSe\" \/>\n<meta property=\"article:modified_time\" content=\"2026-03-16T21:38:56+00:00\" \/>\n<meta property=\"og:image\" content=\"https:\/\/likeink.com\/wp-content\/uploads\/2023\/05\/Viking-Celtic-Tattoo-Set-Likeink.jpg\" \/>\n\t<meta property=\"og:image:width\" content=\"1400\" \/>\n\t<meta property=\"og:image:height\" content=\"986\" \/>\n\t<meta property=\"og:image:type\" content=\"image\/jpeg\" \/>\n<meta name=\"twitter:card\" content=\"summary_large_image\" \/>\n<script type=\"application\/ld+json\" class=\"yoast-schema-graph\">{\"@context\":\"https:\\\/\\\/schema.org\",\"@graph\":[{\"@type\":\"WebPage\",\"@id\":\"https:\\\/\\\/likeink.com\\\/es\\\/tatuaje-falso\\\/tatuajes-celtas\\\/\",\"url\":\"https:\\\/\\\/likeink.com\\\/es\\\/tatuaje-falso\\\/tatuajes-celtas\\\/\",\"name\":\"Tatuajes celtas en hoja A5 - tatuajes falsos - Like ink\",\"isPartOf\":{\"@id\":\"https:\\\/\\\/likeink.com\\\/es\\\/#website\"},\"primaryImageOfPage\":{\"@id\":\"https:\\\/\\\/likeink.com\\\/es\\\/tatuaje-falso\\\/tatuajes-celtas\\\/#primaryimage\"},\"image\":{\"@id\":\"https:\\\/\\\/likeink.com\\\/es\\\/tatuaje-falso\\\/tatuajes-celtas\\\/#primaryimage\"},\"thumbnailUrl\":\"https:\\\/\\\/likeink.com\\\/wp-content\\\/uploads\\\/2023\\\/05\\\/Viking-Celtic-Tattoo-Set-Likeink.jpg\",\"datePublished\":\"2023-05-23T15:49:15+00:00\",\"dateModified\":\"2026-03-16T21:38:56+00:00\",\"description\":\"Tatuajes celtas en hojas A5 - tatuajes falsos!Tatuajes celtas de la era vikinga. Ordena tatuajes falsos celtas de alta calidad, entrega r\u00e1pida. - Like ink\",\"breadcrumb\":{\"@id\":\"https:\\\/\\\/likeink.com\\\/es\\\/tatuaje-falso\\\/tatuajes-celtas\\\/#breadcrumb\"},\"inLanguage\":\"es\",\"potentialAction\":[{\"@type\":\"ReadAction\",\"target\":[\"https:\\\/\\\/likeink.com\\\/es\\\/tatuaje-falso\\\/tatuajes-celtas\\\/\"]}]},{\"@type\":\"ImageObject\",\"inLanguage\":\"es\",\"@id\":\"https:\\\/\\\/likeink.com\\\/es\\\/tatuaje-falso\\\/tatuajes-celtas\\\/#primaryimage\",\"url\":\"https:\\\/\\\/likeink.com\\\/wp-content\\\/uploads\\\/2023\\\/05\\\/Viking-Celtic-Tattoo-Set-Likeink.jpg\",\"contentUrl\":\"https:\\\/\\\/likeink.com\\\/wp-content\\\/uploads\\\/2023\\\/05\\\/Viking-Celtic-Tattoo-Set-Likeink.jpg\",\"width\":1400,\"height\":986,\"caption\":\"Tatuajes celtas bellamente ilustrados.\"},{\"@type\":\"BreadcrumbList\",\"@id\":\"https:\\\/\\\/likeink.com\\\/es\\\/tatuaje-falso\\\/tatuajes-celtas\\\/#breadcrumb\",\"itemListElement\":[{\"@type\":\"ListItem\",\"position\":1,\"name\":\"Hem\",\"item\":\"https:\\\/\\\/likeink.com\\\/es\\\/\"},{\"@type\":\"ListItem\",\"position\":2,\"name\":\"Shop\",\"item\":\"https:\\\/\\\/likeink.com\\\/es\\\/shop\\\/\"},{\"@type\":\"ListItem\",\"position\":3,\"name\":\"Tatuajes Celtas\"}]},{\"@type\":\"WebSite\",\"@id\":\"https:\\\/\\\/likeink.com\\\/es\\\/#website\",\"url\":\"https:\\\/\\\/likeink.com\\\/es\\\/\",\"name\":\"Like ink\",\"description\":\"HAZ TUS PROPIOS TATUAJES TEMPORALES\",\"potentialAction\":[{\"@type\":\"SearchAction\",\"target\":{\"@type\":\"EntryPoint\",\"urlTemplate\":\"https:\\\/\\\/likeink.com\\\/es\\\/?s={search_term_string}\"},\"query-input\":{\"@type\":\"PropertyValueSpecification\",\"valueRequired\":true,\"valueName\":\"search_term_string\"}}],\"inLanguage\":\"es\"}]}<\/script>\n<!-- \/ Yoast SEO Premium plugin. -->","yoast_head_json":{"title":"Tatuajes celtas en hoja A5 - tatuajes falsos - Like ink","description":"Tatuajes celtas en hojas A5 - tatuajes falsos!Tatuajes celtas de la era vikinga. Ordena tatuajes falsos celtas de alta calidad, entrega r\u00e1pida. - Like ink","robots":{"index":"index","follow":"follow","max-snippet":"max-snippet:-1","max-image-preview":"max-image-preview:large","max-video-preview":"max-video-preview:-1"},"canonical":"https:\/\/likeink.com\/es\/tatuaje-falso\/tatuajes-celtas\/","og_locale":"es_ES","og_type":"article","og_title":"Tatuajes Celtas","og_description":"\u00a1Este es un emocionante conjunto de tatuajes con dise\u00f1os inspirados en las culturas celta y vikinga: tatuajes celtas con tem\u00e1tica vikinga, para decirlo de manera sencilla! Estos tatuajes temporales combinan los ic\u00f3nicos s\u00edmbolos y patrones de ambas tradiciones celtas y vikingas, creando un dise\u00f1o \u00fanico y poderoso. Los tatuajes celtas pueden tener diferentes significados y simbolismos para la persona que los lleva, pero a menudo se asocian con fuerza, creatividad, espiritualidad y una conexi\u00f3n con la naturaleza. Cada tatuaje est\u00e1 cuidadosamente dise\u00f1ado para brindarte una aut\u00e9ntica sensaci\u00f3n de las tradiciones celtas y vikingas.  Ordena tatuajes celtas de Like ink  Nuestros tatuajes temporales son f\u00e1ciles de aplicar y lucen geniales. Adem\u00e1s, son seguros para la piel y cumplen con todas las regulaciones cosm\u00e9ticas. \u00a1Ordena hoy mismo nuestros tatuajes celtas con tem\u00e1tica vikinga y experimenta la fascinante fusi\u00f3n cultural que representan estos tatuajes temporales! Todos los tatuajes son fabricados por vikingos espa\u00f1oles y enviamos tu pedido en un plazo de 24 horas.  Tama\u00f1o de la l\u00e1mina: A5 Cantidad de tatuajes: 15 Tama\u00f1o del tatuaje: 2-7 cm","og_url":"https:\/\/likeink.com\/es\/tatuaje-falso\/tatuajes-celtas\/","og_site_name":"Like ink","article_publisher":"https:\/\/www.facebook.com\/LikeInkSe","article_modified_time":"2026-03-16T21:38:56+00:00","og_image":[{"width":1400,"height":986,"url":"https:\/\/likeink.com\/wp-content\/uploads\/2023\/05\/Viking-Celtic-Tattoo-Set-Likeink.jpg","type":"image\/jpeg"}],"twitter_card":"summary_large_image","schema":{"@context":"https:\/\/schema.org","@graph":[{"@type":"WebPage","@id":"https:\/\/likeink.com\/es\/tatuaje-falso\/tatuajes-celtas\/","url":"https:\/\/likeink.com\/es\/tatuaje-falso\/tatuajes-celtas\/","name":"Tatuajes celtas en hoja A5 - tatuajes falsos - Like ink","isPartOf":{"@id":"https:\/\/likeink.com\/es\/#website"},"primaryImageOfPage":{"@id":"https:\/\/likeink.com\/es\/tatuaje-falso\/tatuajes-celtas\/#primaryimage"},"image":{"@id":"https:\/\/likeink.com\/es\/tatuaje-falso\/tatuajes-celtas\/#primaryimage"},"thumbnailUrl":"https:\/\/likeink.com\/wp-content\/uploads\/2023\/05\/Viking-Celtic-Tattoo-Set-Likeink.jpg","datePublished":"2023-05-23T15:49:15+00:00","dateModified":"2026-03-16T21:38:56+00:00","description":"Tatuajes celtas en hojas A5 - tatuajes falsos!Tatuajes celtas de la era vikinga. Ordena tatuajes falsos celtas de alta calidad, entrega r\u00e1pida. - Like ink","breadcrumb":{"@id":"https:\/\/likeink.com\/es\/tatuaje-falso\/tatuajes-celtas\/#breadcrumb"},"inLanguage":"es","potentialAction":[{"@type":"ReadAction","target":["https:\/\/likeink.com\/es\/tatuaje-falso\/tatuajes-celtas\/"]}]},{"@type":"ImageObject","inLanguage":"es","@id":"https:\/\/likeink.com\/es\/tatuaje-falso\/tatuajes-celtas\/#primaryimage","url":"https:\/\/likeink.com\/wp-content\/uploads\/2023\/05\/Viking-Celtic-Tattoo-Set-Likeink.jpg","contentUrl":"https:\/\/likeink.com\/wp-content\/uploads\/2023\/05\/Viking-Celtic-Tattoo-Set-Likeink.jpg","width":1400,"height":986,"caption":"Tatuajes celtas bellamente ilustrados."},{"@type":"BreadcrumbList","@id":"https:\/\/likeink.com\/es\/tatuaje-falso\/tatuajes-celtas\/#breadcrumb","itemListElement":[{"@type":"ListItem","position":1,"name":"Hem","item":"https:\/\/likeink.com\/es\/"},{"@type":"ListItem","position":2,"name":"Shop","item":"https:\/\/likeink.com\/es\/shop\/"},{"@type":"ListItem","position":3,"name":"Tatuajes Celtas"}]},{"@type":"WebSite","@id":"https:\/\/likeink.com\/es\/#website","url":"https:\/\/likeink.com\/es\/","name":"Like ink","description":"HAZ TUS PROPIOS TATUAJES TEMPORALES","potentialAction":[{"@type":"SearchAction","target":{"@type":"EntryPoint","urlTemplate":"https:\/\/likeink.com\/es\/?s={search_term_string}"},"query-input":{"@type":"PropertyValueSpecification","valueRequired":true,"valueName":"search_term_string"}}],"inLanguage":"es"}]}},"_links":{"self":[{"href":"https:\/\/likeink.com\/es\/wp-json\/wp\/v2\/product\/18302","targetHints":{"allow":["GET"]}}],"collection":[{"href":"https:\/\/likeink.com\/es\/wp-json\/wp\/v2\/product"}],"about":[{"href":"https:\/\/likeink.com\/es\/wp-json\/wp\/v2\/types\/product"}],"wp:featuredmedia":[{"embeddable":true,"href":"https:\/\/likeink.com\/es\/wp-json\/wp\/v2\/media\/18269"}],"wp:attachment":[{"href":"https:\/\/likeink.com\/es\/wp-json\/wp\/v2\/media?parent=18302"}],"wp:term":[{"taxonomy":"product_brand","embeddable":true,"href":"https:\/\/likeink.com\/es\/wp-json\/wp\/v2\/product_brand?post=18302"},{"taxonomy":"product_cat","embeddable":true,"href":"https:\/\/likeink.com\/es\/wp-json\/wp\/v2\/product_cat?post=18302"},{"taxonomy":"product_tag","embeddable":true,"href":"https:\/\/likeink.com\/es\/wp-json\/wp\/v2\/product_tag?post=18302"}],"curies":[{"name":"wp","href":"https:\/\/api.w.org\/{rel}","templated":true}]}}