{"id":18364,"date":"2023-05-25T13:31:18","date_gmt":"2023-05-25T13:31:18","guid":{"rendered":"https:\/\/likeink.se\/gnuggis\/6-kanda-viking-symboler\/"},"modified":"2026-03-16T21:38:56","modified_gmt":"2026-03-16T21:38:56","slug":"6-conocidos-simbolos-vikingos","status":"publish","type":"product","link":"https:\/\/likeink.com\/es\/tatuaje-falso\/6-conocidos-simbolos-vikingos\/","title":{"rendered":"6 conocidos s\u00edmbolos vikingos"},"content":{"rendered":"","protected":false},"excerpt":{"rendered":"<p>Ordena tatuajes falsos de 6 reconocidos s\u00edmbolos vikingos. \u00a1Ideal para la fiesta vikinga o para probar un tatuaje potencial!<\/p>\n<p>A continuaci\u00f3n, describiremos su significado.<br \/>\n<strong>Valknuten<\/strong>, tambi\u00e9n conocido con diferentes nombres como <strong>nudo de Od\u00edn<\/strong>, coraz\u00f3n de Hrungnir, nudo del guerrero ca\u00eddo y coraz\u00f3n de Vala, es sin duda uno de los s\u00edmbolos vikingos m\u00e1s prominentes y queridos. Tiene un profundo significado como un s\u00edmbolo asociado con Od\u00edn, el poderoso dios n\u00f3rdico.<br \/>\n<strong>Yggdrasil, el \u00e1rbol de la vida<\/strong>, tiene un gran significado tanto como un prominente s\u00edmbolo vikingo como una parte importante de la fe n\u00f3rdica. Seg\u00fan la mitolog\u00eda n\u00f3rdica, Yggdrasil es el majestuoso \u00e1rbol que act\u00faa como una conexi\u00f3n c\u00f3smica entre los nueve mundos, incluyendo Asgard, Midgard, Muspelheim, Jotunheim, Vanaheim, Nifelheim, Alfheim, Svartalfheim y Helheim.<br \/>\n<strong>Aegishjalmr<\/strong>, tambi\u00e9n conocido como el casco del terror y el temor, es otro s\u00edmbolo vikingo que representa la protecci\u00f3n. Es un bast\u00f3n de runas formado al combinar las palabras del antiguo island\u00e9s &#8220;aegis&#8221;, que significa escudo, y &#8220;hjalmr&#8221;, que significa casco.<br \/>\nEl <strong>comp\u00e1s vikingo<\/strong>, tambi\u00e9n conocido como el comp\u00e1s de runas o Vegvisir, a menudo se asocia con Aegishjalmr debido a su similitud. Es un s\u00edmbolo vikingo compuesto por varas de runas entrelazadas y se asocia con la gu\u00eda.<br \/>\n<strong>Tres cuernos de Od\u00edn<\/strong>, tambi\u00e9n conocido como el triskelion de cuernos, es un s\u00edmbolo vikingo que representa los tres cuernos en el mito de la b\u00fasqueda de Od\u00edn del hidromiel m\u00e1gico, Odhroerir\/\u00d3\u00f0rerir, tambi\u00e9n conocido como el hidromiel de la poes\u00eda.<br \/>\n<strong>Mj\u00f6lnir<\/strong>, el martillo de Thor, tiene un gran significado y se considera uno de los s\u00edmbolos vikingos\/n\u00f3rdicos m\u00e1s importantes. Simboliza la fuerza y la protecci\u00f3n, y su papel en la mitolog\u00eda n\u00f3rdica es muy venerado.<\/p>\n<h2>\u00a1Ordena tatuajes falsos con seis reconocidos s\u00edmbolos vikingos!<\/h2>\n<p>Todas las tatuajes son fabricadas por vikingos tatuados y enviaremos tu pedido en un plazo de 24 horas.<\/p>\n<p>Tama\u00f1o de la l\u00e1mina: A5<br \/>\nCantidad de tatuajes: 6<br \/>\nTama\u00f1o del tatuaje: 7 cm<\/p>\n","protected":false},"featured_media":18356,"template":"","meta":[],"product_brand":[],"product_cat":[240,546],"product_tag":[],"class_list":{"0":"post-18364","1":"product","2":"type-product","3":"status-publish","4":"has-post-thumbnail","6":"product_cat-hojas-pre-disenadas","7":"product_cat-tribal-simbolos-runas","9":"first","10":"instock","11":"taxable","12":"shipping-taxable","13":"purchasable","14":"product-type-simple"},"yoast_head":"<!-- This site is optimized with the Yoast SEO Premium plugin v26.2 (Yoast SEO v27.4) - https:\/\/yoast.com\/product\/yoast-seo-premium-wordpress\/ -->\n<title>6 conocidos s\u00edmbolos vikingos como tatuajes falsos - Like ink<\/title>\n<meta name=\"description\" content=\"\u00a1Compra una l\u00e1mina con 6 conocidos s\u00edmbolos vikingos como tatuajes! \u00a1Entrega r\u00e1pida y env\u00edo gratuito! - Like ink\" \/>\n<meta name=\"robots\" content=\"index, follow, max-snippet:-1, max-image-preview:large, max-video-preview:-1\" \/>\n<link rel=\"canonical\" href=\"https:\/\/likeink.com\/es\/tatuaje-falso\/6-conocidos-simbolos-vikingos\/\" \/>\n<meta property=\"og:locale\" content=\"es_ES\" \/>\n<meta property=\"og:type\" content=\"article\" \/>\n<meta property=\"og:title\" content=\"6 conocidos s\u00edmbolos vikingos\" \/>\n<meta property=\"og:description\" content=\"Ordena tatuajes falsos de 6 reconocidos s\u00edmbolos vikingos. \u00a1Ideal para la fiesta vikinga o para probar un tatuaje potencial!  A continuaci\u00f3n, describiremos su significado. Valknuten, tambi\u00e9n conocido con diferentes nombres como nudo de Od\u00edn, coraz\u00f3n de Hrungnir, nudo del guerrero ca\u00eddo y coraz\u00f3n de Vala, es sin duda uno de los s\u00edmbolos vikingos m\u00e1s prominentes y queridos. Tiene un profundo significado como un s\u00edmbolo asociado con Od\u00edn, el poderoso dios n\u00f3rdico. Yggdrasil, el \u00e1rbol de la vida, tiene un gran significado tanto como un prominente s\u00edmbolo vikingo como una parte importante de la fe n\u00f3rdica. Seg\u00fan la mitolog\u00eda n\u00f3rdica, Yggdrasil es el majestuoso \u00e1rbol que act\u00faa como una conexi\u00f3n c\u00f3smica entre los nueve mundos, incluyendo Asgard, Midgard, Muspelheim, Jotunheim, Vanaheim, Nifelheim, Alfheim, Svartalfheim y Helheim. Aegishjalmr, tambi\u00e9n conocido como el casco del terror y el temor, es otro s\u00edmbolo vikingo que representa la protecci\u00f3n. Es un bast\u00f3n de runas formado al combinar las palabras del antiguo island\u00e9s &quot;aegis&quot;, que significa escudo, y &quot;hjalmr&quot;, que significa casco. El comp\u00e1s vikingo, tambi\u00e9n conocido como el comp\u00e1s de runas o Vegvisir, a menudo se asocia con Aegishjalmr debido a su similitud. Es un s\u00edmbolo vikingo compuesto por varas de runas entrelazadas y se asocia con la gu\u00eda. Tres cuernos de Od\u00edn, tambi\u00e9n conocido como el triskelion de cuernos, es un s\u00edmbolo vikingo que representa los tres cuernos en el mito de la b\u00fasqueda de Od\u00edn del hidromiel m\u00e1gico, Odhroerir\/\u00d3\u00f0rerir, tambi\u00e9n conocido como el hidromiel de la poes\u00eda. Mj\u00f6lnir, el martillo de Thor, tiene un gran significado y se considera uno de los s\u00edmbolos vikingos\/n\u00f3rdicos m\u00e1s importantes. Simboliza la fuerza y la protecci\u00f3n, y su papel en la mitolog\u00eda n\u00f3rdica es muy venerado.  \u00a1Ordena tatuajes falsos con seis reconocidos s\u00edmbolos vikingos!  Todas las tatuajes son fabricadas por vikingos tatuados y enviaremos tu pedido en un plazo de 24 horas.  Tama\u00f1o de la l\u00e1mina: A5 Cantidad de tatuajes: 6 Tama\u00f1o del tatuaje: 7 cm\" \/>\n<meta property=\"og:url\" content=\"https:\/\/likeink.com\/es\/tatuaje-falso\/6-conocidos-simbolos-vikingos\/\" \/>\n<meta property=\"og:site_name\" content=\"Like ink\" \/>\n<meta property=\"article:publisher\" content=\"https:\/\/www.facebook.com\/LikeInkSe\" \/>\n<meta property=\"article:modified_time\" content=\"2026-03-16T21:38:56+00:00\" \/>\n<meta property=\"og:image\" content=\"https:\/\/likeink.com\/wp-content\/uploads\/2023\/05\/Viking-symboler-faketattoo-likeink.jpg\" \/>\n\t<meta property=\"og:image:width\" content=\"2481\" \/>\n\t<meta property=\"og:image:height\" content=\"1749\" \/>\n\t<meta property=\"og:image:type\" content=\"image\/jpeg\" \/>\n<meta name=\"twitter:card\" content=\"summary_large_image\" \/>\n<!-- \/ Yoast SEO Premium plugin. -->","yoast_head_json":{"title":"6 conocidos s\u00edmbolos vikingos como tatuajes falsos - Like ink","description":"\u00a1Compra una l\u00e1mina con 6 conocidos s\u00edmbolos vikingos como tatuajes! \u00a1Entrega r\u00e1pida y env\u00edo gratuito! - Like ink","robots":{"index":"index","follow":"follow","max-snippet":"max-snippet:-1","max-image-preview":"max-image-preview:large","max-video-preview":"max-video-preview:-1"},"canonical":"https:\/\/likeink.com\/es\/tatuaje-falso\/6-conocidos-simbolos-vikingos\/","og_locale":"es_ES","og_type":"article","og_title":"6 conocidos s\u00edmbolos vikingos","og_description":"Ordena tatuajes falsos de 6 reconocidos s\u00edmbolos vikingos. \u00a1Ideal para la fiesta vikinga o para probar un tatuaje potencial!  A continuaci\u00f3n, describiremos su significado. Valknuten, tambi\u00e9n conocido con diferentes nombres como nudo de Od\u00edn, coraz\u00f3n de Hrungnir, nudo del guerrero ca\u00eddo y coraz\u00f3n de Vala, es sin duda uno de los s\u00edmbolos vikingos m\u00e1s prominentes y queridos. Tiene un profundo significado como un s\u00edmbolo asociado con Od\u00edn, el poderoso dios n\u00f3rdico. Yggdrasil, el \u00e1rbol de la vida, tiene un gran significado tanto como un prominente s\u00edmbolo vikingo como una parte importante de la fe n\u00f3rdica. Seg\u00fan la mitolog\u00eda n\u00f3rdica, Yggdrasil es el majestuoso \u00e1rbol que act\u00faa como una conexi\u00f3n c\u00f3smica entre los nueve mundos, incluyendo Asgard, Midgard, Muspelheim, Jotunheim, Vanaheim, Nifelheim, Alfheim, Svartalfheim y Helheim. Aegishjalmr, tambi\u00e9n conocido como el casco del terror y el temor, es otro s\u00edmbolo vikingo que representa la protecci\u00f3n. Es un bast\u00f3n de runas formado al combinar las palabras del antiguo island\u00e9s \"aegis\", que significa escudo, y \"hjalmr\", que significa casco. El comp\u00e1s vikingo, tambi\u00e9n conocido como el comp\u00e1s de runas o Vegvisir, a menudo se asocia con Aegishjalmr debido a su similitud. Es un s\u00edmbolo vikingo compuesto por varas de runas entrelazadas y se asocia con la gu\u00eda. Tres cuernos de Od\u00edn, tambi\u00e9n conocido como el triskelion de cuernos, es un s\u00edmbolo vikingo que representa los tres cuernos en el mito de la b\u00fasqueda de Od\u00edn del hidromiel m\u00e1gico, Odhroerir\/\u00d3\u00f0rerir, tambi\u00e9n conocido como el hidromiel de la poes\u00eda. Mj\u00f6lnir, el martillo de Thor, tiene un gran significado y se considera uno de los s\u00edmbolos vikingos\/n\u00f3rdicos m\u00e1s importantes. Simboliza la fuerza y la protecci\u00f3n, y su papel en la mitolog\u00eda n\u00f3rdica es muy venerado.  \u00a1Ordena tatuajes falsos con seis reconocidos s\u00edmbolos vikingos!  Todas las tatuajes son fabricadas por vikingos tatuados y enviaremos tu pedido en un plazo de 24 horas.  Tama\u00f1o de la l\u00e1mina: A5 Cantidad de tatuajes: 6 Tama\u00f1o del tatuaje: 7 cm","og_url":"https:\/\/likeink.com\/es\/tatuaje-falso\/6-conocidos-simbolos-vikingos\/","og_site_name":"Like ink","article_publisher":"https:\/\/www.facebook.com\/LikeInkSe","article_modified_time":"2026-03-16T21:38:56+00:00","og_image":[{"width":2481,"height":1749,"url":"https:\/\/likeink.com\/wp-content\/uploads\/2023\/05\/Viking-symboler-faketattoo-likeink.jpg","type":"image\/jpeg"}],"twitter_card":"summary_large_image","schema":{"@context":"https:\/\/schema.org","@graph":[{"@type":"WebPage","@id":"https:\/\/likeink.com\/es\/tatuaje-falso\/6-conocidos-simbolos-vikingos\/","url":"https:\/\/likeink.com\/es\/tatuaje-falso\/6-conocidos-simbolos-vikingos\/","name":"6 conocidos s\u00edmbolos vikingos como tatuajes falsos - Like ink","isPartOf":{"@id":"https:\/\/likeink.com\/es\/#website"},"primaryImageOfPage":{"@id":"https:\/\/likeink.com\/es\/tatuaje-falso\/6-conocidos-simbolos-vikingos\/#primaryimage"},"image":{"@id":"https:\/\/likeink.com\/es\/tatuaje-falso\/6-conocidos-simbolos-vikingos\/#primaryimage"},"thumbnailUrl":"https:\/\/likeink.com\/wp-content\/uploads\/2023\/05\/Viking-symboler-faketattoo-likeink.jpg","datePublished":"2023-05-25T13:31:18+00:00","dateModified":"2026-03-16T21:38:56+00:00","description":"\u00a1Compra una l\u00e1mina con 6 conocidos s\u00edmbolos vikingos como tatuajes! \u00a1Entrega r\u00e1pida y env\u00edo gratuito! - Like ink","breadcrumb":{"@id":"https:\/\/likeink.com\/es\/tatuaje-falso\/6-conocidos-simbolos-vikingos\/#breadcrumb"},"inLanguage":"es","potentialAction":[{"@type":"ReadAction","target":["https:\/\/likeink.com\/es\/tatuaje-falso\/6-conocidos-simbolos-vikingos\/"]}]},{"@type":"ImageObject","inLanguage":"es","@id":"https:\/\/likeink.com\/es\/tatuaje-falso\/6-conocidos-simbolos-vikingos\/#primaryimage","url":"https:\/\/likeink.com\/wp-content\/uploads\/2023\/05\/Viking-symboler-faketattoo-likeink.jpg","contentUrl":"https:\/\/likeink.com\/wp-content\/uploads\/2023\/05\/Viking-symboler-faketattoo-likeink.jpg","width":2481,"height":1749,"caption":"Compra tatuajes falsos con 6 s\u00edmbolos vikingos conocidos."},{"@type":"BreadcrumbList","@id":"https:\/\/likeink.com\/es\/tatuaje-falso\/6-conocidos-simbolos-vikingos\/#breadcrumb","itemListElement":[{"@type":"ListItem","position":1,"name":"Hem","item":"https:\/\/likeink.com\/es\/"},{"@type":"ListItem","position":2,"name":"Shop","item":"https:\/\/likeink.com\/es\/shop\/"},{"@type":"ListItem","position":3,"name":"6 conocidos s\u00edmbolos vikingos"}]},{"@type":"WebSite","@id":"https:\/\/likeink.com\/es\/#website","url":"https:\/\/likeink.com\/es\/","name":"Like ink","description":"HAZ TUS PROPIOS TATUAJES TEMPORALES","potentialAction":[{"@type":"SearchAction","target":{"@type":"EntryPoint","urlTemplate":"https:\/\/likeink.com\/es\/?s={search_term_string}"},"query-input":{"@type":"PropertyValueSpecification","valueRequired":true,"valueName":"search_term_string"}}],"inLanguage":"es"}]}},"_links":{"self":[{"href":"https:\/\/likeink.com\/es\/wp-json\/wp\/v2\/product\/18364","targetHints":{"allow":["GET"]}}],"collection":[{"href":"https:\/\/likeink.com\/es\/wp-json\/wp\/v2\/product"}],"about":[{"href":"https:\/\/likeink.com\/es\/wp-json\/wp\/v2\/types\/product"}],"wp:featuredmedia":[{"embeddable":true,"href":"https:\/\/likeink.com\/es\/wp-json\/wp\/v2\/media\/18356"}],"wp:attachment":[{"href":"https:\/\/likeink.com\/es\/wp-json\/wp\/v2\/media?parent=18364"}],"wp:term":[{"taxonomy":"product_brand","embeddable":true,"href":"https:\/\/likeink.com\/es\/wp-json\/wp\/v2\/product_brand?post=18364"},{"taxonomy":"product_cat","embeddable":true,"href":"https:\/\/likeink.com\/es\/wp-json\/wp\/v2\/product_cat?post=18364"},{"taxonomy":"product_tag","embeddable":true,"href":"https:\/\/likeink.com\/es\/wp-json\/wp\/v2\/product_tag?post=18364"}],"curies":[{"name":"wp","href":"https:\/\/api.w.org\/{rel}","templated":true}]}}