{"id":18830,"date":"2023-06-14T17:30:29","date_gmt":"2023-06-14T17:30:29","guid":{"rendered":"https:\/\/likeink.se\/gnuggis\/satanism-tatueringar\/"},"modified":"2026-03-16T21:38:56","modified_gmt":"2026-03-16T21:38:56","slug":"tatuajes-de-satanismo","status":"publish","type":"product","link":"https:\/\/likeink.com\/es\/tatuaje-falso\/tatuajes-de-satanismo\/","title":{"rendered":"Tatuajes de Satanismo"},"content":{"rendered":"","protected":false},"excerpt":{"rendered":"<p>\u00a1Ordena tatuajes de Satanismo con pentagramas, cruces invertidas y otros dise\u00f1os!<br \/>\nLa hoja de tatuajes &#8220;Tatuajes de Satanismo&#8221; presenta una selecci\u00f3n visualmente cautivadora de tatuajes temporales, todos inspirados en la rica y fascinante simbolog\u00eda del Satanismo.<\/p>\n<h2>Ordena tatuajes de Satanismo con s\u00edmbolos como el Pentagrama y la Cruz<\/h2>\n<p>Desde la presencia dominante de un pentagrama hasta el poderoso atractivo de una cruz invertida, estos tatuajes sat\u00e1nicos expresan un estilo alternativo que es llamativo y genera conversaci\u00f3n. Aplica y remueve estos tatuajes temporales f\u00e1cilmente para expresar tu estilo personal o cuando quieras llamar un poco m\u00e1s de atenci\u00f3n. Los tatuajes temporales de Like Ink te ofrecen la libertad de cambiar tu estilo cuando lo desees. \u00bfQui\u00e9n sabe? Tal vez quieras ser budista la pr\u00f3xima semana.<br \/>\n\u00a1Imprimimos y enviamos en 24 horas!<\/p>\n<p><strong>Tama\u00f1o de la hoja: A5<\/strong><br \/>\n<strong>N\u00famero de tatuajes: 18<\/strong><br \/>\n<strong>Tama\u00f1o del pentagrama m\u00e1s grande: 60 mm<\/strong><\/p>\n","protected":false},"featured_media":18740,"template":"","meta":[],"product_brand":[],"product_cat":[240,546],"product_tag":[],"class_list":{"0":"post-18830","1":"product","2":"type-product","3":"status-publish","4":"has-post-thumbnail","6":"product_cat-hojas-pre-disenadas","7":"product_cat-tribal-simbolos-runas","9":"first","10":"instock","11":"taxable","12":"shipping-taxable","13":"purchasable","14":"product-type-simple"},"yoast_head":"<!-- This site is optimized with the Yoast SEO Premium plugin v26.2 (Yoast SEO v27.4) - https:\/\/yoast.com\/product\/yoast-seo-premium-wordpress\/ -->\n<title>Tatuajes de Satanismo - Alta Calidad y Env\u00edo R\u00e1pido - Like ink<\/title>\n<meta name=\"description\" content=\"\u00a1Ordena tatuajes de Satanismo con pentagramas, cruces invertidas y otros dise\u00f1os! - Like ink\" \/>\n<meta name=\"robots\" content=\"index, follow, max-snippet:-1, max-image-preview:large, max-video-preview:-1\" \/>\n<link rel=\"canonical\" href=\"https:\/\/likeink.com\/es\/tatuaje-falso\/tatuajes-de-satanismo\/\" \/>\n<meta property=\"og:locale\" content=\"es_ES\" \/>\n<meta property=\"og:type\" content=\"article\" \/>\n<meta property=\"og:title\" content=\"Tatuajes de Satanismo\" \/>\n<meta property=\"og:description\" content=\"\u00a1Ordena tatuajes de Satanismo con pentagramas, cruces invertidas y otros dise\u00f1os! La hoja de tatuajes &quot;Tatuajes de Satanismo&quot; presenta una selecci\u00f3n visualmente cautivadora de tatuajes temporales, todos inspirados en la rica y fascinante simbolog\u00eda del Satanismo. Ordena tatuajes de Satanismo con s\u00edmbolos como el Pentagrama y la Cruz Desde la presencia dominante de un pentagrama hasta el poderoso atractivo de una cruz invertida, estos tatuajes sat\u00e1nicos expresan un estilo alternativo que es llamativo y genera conversaci\u00f3n. Aplica y remueve estos tatuajes temporales f\u00e1cilmente para expresar tu estilo personal o cuando quieras llamar un poco m\u00e1s de atenci\u00f3n. Los tatuajes temporales de Like Ink te ofrecen la libertad de cambiar tu estilo cuando lo desees. \u00bfQui\u00e9n sabe? Tal vez quieras ser budista la pr\u00f3xima semana. \u00a1Imprimimos y enviamos en 24 horas!  Tama\u00f1o de la hoja: A5 N\u00famero de tatuajes: 18 Tama\u00f1o del pentagrama m\u00e1s grande: 60 mm\" \/>\n<meta property=\"og:url\" content=\"https:\/\/likeink.com\/es\/tatuaje-falso\/tatuajes-de-satanismo\/\" \/>\n<meta property=\"og:site_name\" content=\"Like ink\" \/>\n<meta property=\"article:publisher\" content=\"https:\/\/www.facebook.com\/LikeInkSe\" \/>\n<meta property=\"article:modified_time\" content=\"2026-03-16T21:38:56+00:00\" \/>\n<meta property=\"og:image\" content=\"https:\/\/likeink.com\/wp-content\/uploads\/2023\/06\/Satanism-tatueringar-likeink.jpg\" \/>\n\t<meta property=\"og:image:width\" content=\"1200\" \/>\n\t<meta property=\"og:image:height\" content=\"845\" \/>\n\t<meta property=\"og:image:type\" content=\"image\/jpeg\" \/>\n<meta name=\"twitter:card\" content=\"summary_large_image\" \/>\n<!-- \/ Yoast SEO Premium plugin. -->","yoast_head_json":{"title":"Tatuajes de Satanismo - Alta Calidad y Env\u00edo R\u00e1pido - Like ink","description":"\u00a1Ordena tatuajes de Satanismo con pentagramas, cruces invertidas y otros dise\u00f1os! - Like ink","robots":{"index":"index","follow":"follow","max-snippet":"max-snippet:-1","max-image-preview":"max-image-preview:large","max-video-preview":"max-video-preview:-1"},"canonical":"https:\/\/likeink.com\/es\/tatuaje-falso\/tatuajes-de-satanismo\/","og_locale":"es_ES","og_type":"article","og_title":"Tatuajes de Satanismo","og_description":"\u00a1Ordena tatuajes de Satanismo con pentagramas, cruces invertidas y otros dise\u00f1os! La hoja de tatuajes \"Tatuajes de Satanismo\" presenta una selecci\u00f3n visualmente cautivadora de tatuajes temporales, todos inspirados en la rica y fascinante simbolog\u00eda del Satanismo. Ordena tatuajes de Satanismo con s\u00edmbolos como el Pentagrama y la Cruz Desde la presencia dominante de un pentagrama hasta el poderoso atractivo de una cruz invertida, estos tatuajes sat\u00e1nicos expresan un estilo alternativo que es llamativo y genera conversaci\u00f3n. Aplica y remueve estos tatuajes temporales f\u00e1cilmente para expresar tu estilo personal o cuando quieras llamar un poco m\u00e1s de atenci\u00f3n. Los tatuajes temporales de Like Ink te ofrecen la libertad de cambiar tu estilo cuando lo desees. \u00bfQui\u00e9n sabe? Tal vez quieras ser budista la pr\u00f3xima semana. \u00a1Imprimimos y enviamos en 24 horas!  Tama\u00f1o de la hoja: A5 N\u00famero de tatuajes: 18 Tama\u00f1o del pentagrama m\u00e1s grande: 60 mm","og_url":"https:\/\/likeink.com\/es\/tatuaje-falso\/tatuajes-de-satanismo\/","og_site_name":"Like ink","article_publisher":"https:\/\/www.facebook.com\/LikeInkSe","article_modified_time":"2026-03-16T21:38:56+00:00","og_image":[{"width":1200,"height":845,"url":"https:\/\/likeink.com\/wp-content\/uploads\/2023\/06\/Satanism-tatueringar-likeink.jpg","type":"image\/jpeg"}],"twitter_card":"summary_large_image","schema":{"@context":"https:\/\/schema.org","@graph":[{"@type":"WebPage","@id":"https:\/\/likeink.com\/es\/tatuaje-falso\/tatuajes-de-satanismo\/","url":"https:\/\/likeink.com\/es\/tatuaje-falso\/tatuajes-de-satanismo\/","name":"Tatuajes de Satanismo - Alta Calidad y Env\u00edo R\u00e1pido - Like ink","isPartOf":{"@id":"https:\/\/likeink.com\/es\/#website"},"primaryImageOfPage":{"@id":"https:\/\/likeink.com\/es\/tatuaje-falso\/tatuajes-de-satanismo\/#primaryimage"},"image":{"@id":"https:\/\/likeink.com\/es\/tatuaje-falso\/tatuajes-de-satanismo\/#primaryimage"},"thumbnailUrl":"https:\/\/likeink.com\/wp-content\/uploads\/2023\/06\/Satanism-tatueringar-likeink.jpg","datePublished":"2023-06-14T17:30:29+00:00","dateModified":"2026-03-16T21:38:56+00:00","description":"\u00a1Ordena tatuajes de Satanismo con pentagramas, cruces invertidas y otros dise\u00f1os! - Like ink","breadcrumb":{"@id":"https:\/\/likeink.com\/es\/tatuaje-falso\/tatuajes-de-satanismo\/#breadcrumb"},"inLanguage":"es","potentialAction":[{"@type":"ReadAction","target":["https:\/\/likeink.com\/es\/tatuaje-falso\/tatuajes-de-satanismo\/"]}]},{"@type":"ImageObject","inLanguage":"es","@id":"https:\/\/likeink.com\/es\/tatuaje-falso\/tatuajes-de-satanismo\/#primaryimage","url":"https:\/\/likeink.com\/wp-content\/uploads\/2023\/06\/Satanism-tatueringar-likeink.jpg","contentUrl":"https:\/\/likeink.com\/wp-content\/uploads\/2023\/06\/Satanism-tatueringar-likeink.jpg","width":1200,"height":845,"caption":"Tatuajes de satanismo, pentagrama, cruces invertidas y otros tatuajes sat\u00e1nicos."},{"@type":"BreadcrumbList","@id":"https:\/\/likeink.com\/es\/tatuaje-falso\/tatuajes-de-satanismo\/#breadcrumb","itemListElement":[{"@type":"ListItem","position":1,"name":"Hem","item":"https:\/\/likeink.com\/es\/"},{"@type":"ListItem","position":2,"name":"Shop","item":"https:\/\/likeink.com\/es\/shop\/"},{"@type":"ListItem","position":3,"name":"Tatuajes de Satanismo"}]},{"@type":"WebSite","@id":"https:\/\/likeink.com\/es\/#website","url":"https:\/\/likeink.com\/es\/","name":"Like ink","description":"HAZ TUS PROPIOS TATUAJES TEMPORALES","potentialAction":[{"@type":"SearchAction","target":{"@type":"EntryPoint","urlTemplate":"https:\/\/likeink.com\/es\/?s={search_term_string}"},"query-input":{"@type":"PropertyValueSpecification","valueRequired":true,"valueName":"search_term_string"}}],"inLanguage":"es"}]}},"_links":{"self":[{"href":"https:\/\/likeink.com\/es\/wp-json\/wp\/v2\/product\/18830","targetHints":{"allow":["GET"]}}],"collection":[{"href":"https:\/\/likeink.com\/es\/wp-json\/wp\/v2\/product"}],"about":[{"href":"https:\/\/likeink.com\/es\/wp-json\/wp\/v2\/types\/product"}],"wp:featuredmedia":[{"embeddable":true,"href":"https:\/\/likeink.com\/es\/wp-json\/wp\/v2\/media\/18740"}],"wp:attachment":[{"href":"https:\/\/likeink.com\/es\/wp-json\/wp\/v2\/media?parent=18830"}],"wp:term":[{"taxonomy":"product_brand","embeddable":true,"href":"https:\/\/likeink.com\/es\/wp-json\/wp\/v2\/product_brand?post=18830"},{"taxonomy":"product_cat","embeddable":true,"href":"https:\/\/likeink.com\/es\/wp-json\/wp\/v2\/product_cat?post=18830"},{"taxonomy":"product_tag","embeddable":true,"href":"https:\/\/likeink.com\/es\/wp-json\/wp\/v2\/product_tag?post=18830"}],"curies":[{"name":"wp","href":"https:\/\/api.w.org\/{rel}","templated":true}]}}