{"id":19135,"date":"2023-06-30T19:31:51","date_gmt":"2023-06-30T19:31:51","guid":{"rendered":"https:\/\/likeink.se\/gnuggis\/fotbollstatueringar\/"},"modified":"2026-03-16T21:39:09","modified_gmt":"2026-03-16T21:39:09","slug":"tatuajes-de-futbol","status":"publish","type":"product","link":"https:\/\/likeink.com\/es\/tatuaje-falso\/tatuajes-de-futbol\/","title":{"rendered":"Tatuajes de f\u00fatbol"},"content":{"rendered":"","protected":false},"excerpt":{"rendered":"<p>Like Ink Tatuajes Falsos: \u00a1Perfectos para todos los fans del f\u00fatbol!<br \/>\nCon nuestros fant\u00e1sticos tatuajes falsos, puedes mostrar tu amor por el f\u00fatbol. Aqu\u00ed obtienes una l\u00e1mina llena de diversos balones de f\u00fatbol ilustrados que son adecuados para el entrenamiento de f\u00fatbol, animar desde las gradas en un partido de f\u00fatbol o cuando deseas agregar un toque extra en casa en el sof\u00e1. Nuestros tatuajes tambi\u00e9n son populares para repartir en fiestas, eventos y reuniones.<\/p>\n<h2>Ordena hermosos tatuajes de f\u00fatbol<\/h2>\n<p>Los tatuajes son suaves para la piel, de alta calidad y f\u00e1ciles de aplicar.<\/p>\n<p><strong>Tama\u00f1o de la l\u00e1mina: A5<\/strong><br \/>\n<strong>N\u00famero de tatuajes: 14<\/strong><br \/>\n<strong>Tama\u00f1o del tatuaje: 3-5 cm<\/strong><\/p>\n","protected":false},"featured_media":18885,"template":"","meta":[],"product_brand":[],"product_cat":[531,240],"product_tag":[],"class_list":{"0":"post-19135","1":"product","2":"type-product","3":"status-publish","4":"has-post-thumbnail","6":"product_cat-fiesta-infantil","7":"product_cat-hojas-pre-disenadas","9":"first","10":"instock","11":"taxable","12":"shipping-taxable","13":"purchasable","14":"product-type-simple"},"yoast_head":"<!-- This site is optimized with the Yoast SEO Premium plugin v26.2 (Yoast SEO v27.4) - https:\/\/yoast.com\/product\/yoast-seo-premium-wordpress\/ -->\n<title>Tatuajes de f\u00fatbol I \u00a1Alta calidad y env\u00edo r\u00e1pido! - Like ink<\/title>\n<meta name=\"description\" content=\"Tatuajes de f\u00fatbol: \u00a1Divertidos para el equipo de animadoras de f\u00fatbol, en la comodidad de tu sof\u00e1 de televisi\u00f3n y durante las sesiones de entrenamiento! \u00a1Entrega r\u00e1pida y env\u00edo gratuito!\" \/>\n<meta name=\"robots\" content=\"index, follow, max-snippet:-1, max-image-preview:large, max-video-preview:-1\" \/>\n<link rel=\"canonical\" href=\"https:\/\/likeink.com\/es\/tatuaje-falso\/tatuajes-de-futbol\/\" \/>\n<meta property=\"og:locale\" content=\"es_ES\" \/>\n<meta property=\"og:type\" content=\"article\" \/>\n<meta property=\"og:title\" content=\"Tatuajes de f\u00fatbol\" \/>\n<meta property=\"og:description\" content=\"Like Ink Tatuajes Falsos: \u00a1Perfectos para todos los fans del f\u00fatbol! Con nuestros fant\u00e1sticos tatuajes falsos, puedes mostrar tu amor por el f\u00fatbol. Aqu\u00ed obtienes una l\u00e1mina llena de diversos balones de f\u00fatbol ilustrados que son adecuados para el entrenamiento de f\u00fatbol, animar desde las gradas en un partido de f\u00fatbol o cuando deseas agregar un toque extra en casa en el sof\u00e1. Nuestros tatuajes tambi\u00e9n son populares para repartir en fiestas, eventos y reuniones. Ordena hermosos tatuajes de f\u00fatbol Los tatuajes son suaves para la piel, de alta calidad y f\u00e1ciles de aplicar.  Tama\u00f1o de la l\u00e1mina: A5 N\u00famero de tatuajes: 14 Tama\u00f1o del tatuaje: 3-5 cm\" \/>\n<meta property=\"og:url\" content=\"https:\/\/likeink.com\/es\/tatuaje-falso\/tatuajes-de-futbol\/\" \/>\n<meta property=\"og:site_name\" content=\"Like ink\" \/>\n<meta property=\"article:publisher\" content=\"https:\/\/www.facebook.com\/LikeInkSe\" \/>\n<meta property=\"article:modified_time\" content=\"2026-03-16T21:39:09+00:00\" \/>\n<meta property=\"og:image\" content=\"https:\/\/likeink.com\/wp-content\/uploads\/2023\/06\/Football-faketattoos-likeink-gnuggisar.jpg\" \/>\n\t<meta property=\"og:image:width\" content=\"1600\" \/>\n\t<meta property=\"og:image:height\" content=\"1127\" \/>\n\t<meta property=\"og:image:type\" content=\"image\/jpeg\" \/>\n<meta name=\"twitter:card\" content=\"summary_large_image\" \/>\n<!-- \/ Yoast SEO Premium plugin. -->","yoast_head_json":{"title":"Tatuajes de f\u00fatbol I \u00a1Alta calidad y env\u00edo r\u00e1pido! - Like ink","description":"Tatuajes de f\u00fatbol: \u00a1Divertidos para el equipo de animadoras de f\u00fatbol, en la comodidad de tu sof\u00e1 de televisi\u00f3n y durante las sesiones de entrenamiento! \u00a1Entrega r\u00e1pida y env\u00edo gratuito!","robots":{"index":"index","follow":"follow","max-snippet":"max-snippet:-1","max-image-preview":"max-image-preview:large","max-video-preview":"max-video-preview:-1"},"canonical":"https:\/\/likeink.com\/es\/tatuaje-falso\/tatuajes-de-futbol\/","og_locale":"es_ES","og_type":"article","og_title":"Tatuajes de f\u00fatbol","og_description":"Like Ink Tatuajes Falsos: \u00a1Perfectos para todos los fans del f\u00fatbol! Con nuestros fant\u00e1sticos tatuajes falsos, puedes mostrar tu amor por el f\u00fatbol. Aqu\u00ed obtienes una l\u00e1mina llena de diversos balones de f\u00fatbol ilustrados que son adecuados para el entrenamiento de f\u00fatbol, animar desde las gradas en un partido de f\u00fatbol o cuando deseas agregar un toque extra en casa en el sof\u00e1. Nuestros tatuajes tambi\u00e9n son populares para repartir en fiestas, eventos y reuniones. Ordena hermosos tatuajes de f\u00fatbol Los tatuajes son suaves para la piel, de alta calidad y f\u00e1ciles de aplicar.  Tama\u00f1o de la l\u00e1mina: A5 N\u00famero de tatuajes: 14 Tama\u00f1o del tatuaje: 3-5 cm","og_url":"https:\/\/likeink.com\/es\/tatuaje-falso\/tatuajes-de-futbol\/","og_site_name":"Like ink","article_publisher":"https:\/\/www.facebook.com\/LikeInkSe","article_modified_time":"2026-03-16T21:39:09+00:00","og_image":[{"width":1600,"height":1127,"url":"https:\/\/likeink.com\/wp-content\/uploads\/2023\/06\/Football-faketattoos-likeink-gnuggisar.jpg","type":"image\/jpeg"}],"twitter_card":"summary_large_image","schema":{"@context":"https:\/\/schema.org","@graph":[{"@type":"WebPage","@id":"https:\/\/likeink.com\/es\/tatuaje-falso\/tatuajes-de-futbol\/","url":"https:\/\/likeink.com\/es\/tatuaje-falso\/tatuajes-de-futbol\/","name":"Tatuajes de f\u00fatbol I \u00a1Alta calidad y env\u00edo r\u00e1pido! - Like ink","isPartOf":{"@id":"https:\/\/likeink.com\/es\/#website"},"primaryImageOfPage":{"@id":"https:\/\/likeink.com\/es\/tatuaje-falso\/tatuajes-de-futbol\/#primaryimage"},"image":{"@id":"https:\/\/likeink.com\/es\/tatuaje-falso\/tatuajes-de-futbol\/#primaryimage"},"thumbnailUrl":"https:\/\/likeink.com\/wp-content\/uploads\/2023\/06\/Football-faketattoos-likeink-gnuggisar.jpg","datePublished":"2023-06-30T19:31:51+00:00","dateModified":"2026-03-16T21:39:09+00:00","description":"Tatuajes de f\u00fatbol: \u00a1Divertidos para el equipo de animadoras de f\u00fatbol, en la comodidad de tu sof\u00e1 de televisi\u00f3n y durante las sesiones de entrenamiento! \u00a1Entrega r\u00e1pida y env\u00edo gratuito!","breadcrumb":{"@id":"https:\/\/likeink.com\/es\/tatuaje-falso\/tatuajes-de-futbol\/#breadcrumb"},"inLanguage":"es","potentialAction":[{"@type":"ReadAction","target":["https:\/\/likeink.com\/es\/tatuaje-falso\/tatuajes-de-futbol\/"]}]},{"@type":"ImageObject","inLanguage":"es","@id":"https:\/\/likeink.com\/es\/tatuaje-falso\/tatuajes-de-futbol\/#primaryimage","url":"https:\/\/likeink.com\/wp-content\/uploads\/2023\/06\/Football-faketattoos-likeink-gnuggisar.jpg","contentUrl":"https:\/\/likeink.com\/wp-content\/uploads\/2023\/06\/Football-faketattoos-likeink-gnuggisar.jpg","width":1600,"height":1127,"caption":"Encuentra balones de f\u00fatbol en blanco y negro como tatuajes falsos."},{"@type":"BreadcrumbList","@id":"https:\/\/likeink.com\/es\/tatuaje-falso\/tatuajes-de-futbol\/#breadcrumb","itemListElement":[{"@type":"ListItem","position":1,"name":"Hem","item":"https:\/\/likeink.com\/es\/"},{"@type":"ListItem","position":2,"name":"Shop","item":"https:\/\/likeink.com\/es\/shop\/"},{"@type":"ListItem","position":3,"name":"Tatuajes de f\u00fatbol"}]},{"@type":"WebSite","@id":"https:\/\/likeink.com\/es\/#website","url":"https:\/\/likeink.com\/es\/","name":"Like ink","description":"HAZ TUS PROPIOS TATUAJES TEMPORALES","potentialAction":[{"@type":"SearchAction","target":{"@type":"EntryPoint","urlTemplate":"https:\/\/likeink.com\/es\/?s={search_term_string}"},"query-input":{"@type":"PropertyValueSpecification","valueRequired":true,"valueName":"search_term_string"}}],"inLanguage":"es"}]}},"_links":{"self":[{"href":"https:\/\/likeink.com\/es\/wp-json\/wp\/v2\/product\/19135","targetHints":{"allow":["GET"]}}],"collection":[{"href":"https:\/\/likeink.com\/es\/wp-json\/wp\/v2\/product"}],"about":[{"href":"https:\/\/likeink.com\/es\/wp-json\/wp\/v2\/types\/product"}],"wp:featuredmedia":[{"embeddable":true,"href":"https:\/\/likeink.com\/es\/wp-json\/wp\/v2\/media\/18885"}],"wp:attachment":[{"href":"https:\/\/likeink.com\/es\/wp-json\/wp\/v2\/media?parent=19135"}],"wp:term":[{"taxonomy":"product_brand","embeddable":true,"href":"https:\/\/likeink.com\/es\/wp-json\/wp\/v2\/product_brand?post=19135"},{"taxonomy":"product_cat","embeddable":true,"href":"https:\/\/likeink.com\/es\/wp-json\/wp\/v2\/product_cat?post=19135"},{"taxonomy":"product_tag","embeddable":true,"href":"https:\/\/likeink.com\/es\/wp-json\/wp\/v2\/product_tag?post=19135"}],"curies":[{"name":"wp","href":"https:\/\/api.w.org\/{rel}","templated":true}]}}