{"id":19146,"date":"2023-06-30T19:48:18","date_gmt":"2023-06-30T19:48:19","guid":{"rendered":"https:\/\/likeink.se\/?post_type=product&#038;p=19146"},"modified":"2026-03-16T21:39:09","modified_gmt":"2026-03-16T21:39:09","slug":"tatuajes-de-futbol-esqueleto","status":"publish","type":"product","link":"https:\/\/likeink.com\/es\/tatuaje-falso\/tatuajes-de-futbol-esqueleto\/","title":{"rendered":"Tatuajes de f\u00fatbol \u00abesqueleto\u00bb"},"content":{"rendered":"","protected":false},"excerpt":{"rendered":"<p>Like Ink Tatuajes Falsos: \u00a1Perfectos para todos los fans del f\u00fatbol!<br \/>\nCon nuestros fant\u00e1sticos tatuajes falsos, puedes mostrar tu amor por el f\u00fatbol. Aqu\u00ed obtienes una l\u00e1mina llena de diversos balones de f\u00fatbol ilustrados que son adecuados para el entrenamiento de f\u00fatbol, animar desde las gradas en un partido de f\u00fatbol o cuando deseas agregar un toque extra en casa en el sof\u00e1. Nuestros tatuajes tambi\u00e9n son populares para repartir en fiestas, eventos y reuniones.<\/p>\n<h2>Ordena hermosos esqueleto tatuajes de f\u00fatbol<\/h2>\n<p>Los tatuajes son suaves para la piel, de alta calidad y f\u00e1ciles de aplicar.<\/p>\n<p><strong>Tama\u00f1o de la l\u00e1mina: A5<\/strong><br \/>\n<strong>N\u00famero de tatuajes: 9<\/strong><br \/>\n<strong>Tama\u00f1o del tatuaje: 3-12 cm<\/strong><\/p>\n","protected":false},"featured_media":18878,"template":"","meta":[],"product_brand":[],"product_cat":[240,242],"product_tag":[],"class_list":{"0":"post-19146","1":"product","2":"type-product","3":"status-publish","4":"has-post-thumbnail","6":"product_cat-hojas-pre-disenadas","7":"product_cat-otros-tatuajes","9":"first","10":"instock","11":"taxable","12":"shipping-taxable","13":"purchasable","14":"product-type-simple"},"yoast_head":"<!-- This site is optimized with the Yoast SEO Premium plugin v26.2 (Yoast SEO v27.4) - https:\/\/yoast.com\/product\/yoast-seo-premium-wordpress\/ -->\n<title>Tatuajes de f\u00fatbol #esqueleto&quot; I \u00a1Alta calidad y env\u00edo r\u00e1pido!<\/title>\n<meta name=\"description\" content=\"Explora en likeink.es nuestra selecci\u00f3n exclusiva de tatuajes de f\u00fatbol temporales y vive tu pasi\u00f3n por el deporte rey con estilo.\" \/>\n<meta name=\"robots\" content=\"index, follow, max-snippet:-1, max-image-preview:large, max-video-preview:-1\" \/>\n<link rel=\"canonical\" href=\"https:\/\/likeink.com\/es\/tatuaje-falso\/tatuajes-de-futbol-esqueleto\/\" \/>\n<meta property=\"og:locale\" content=\"es_ES\" \/>\n<meta property=\"og:type\" content=\"article\" \/>\n<meta property=\"og:title\" content=\"Tatuajes de f\u00fatbol &quot;esqueleto&quot;\" \/>\n<meta property=\"og:description\" content=\"Like Ink Tatuajes Falsos: \u00a1Perfectos para todos los fans del f\u00fatbol! Con nuestros fant\u00e1sticos tatuajes falsos, puedes mostrar tu amor por el f\u00fatbol. Aqu\u00ed obtienes una l\u00e1mina llena de diversos balones de f\u00fatbol ilustrados que son adecuados para el entrenamiento de f\u00fatbol, animar desde las gradas en un partido de f\u00fatbol o cuando deseas agregar un toque extra en casa en el sof\u00e1. Nuestros tatuajes tambi\u00e9n son populares para repartir en fiestas, eventos y reuniones. Ordena hermosos esqueleto tatuajes de f\u00fatbol Los tatuajes son suaves para la piel, de alta calidad y f\u00e1ciles de aplicar.  Tama\u00f1o de la l\u00e1mina: A5 N\u00famero de tatuajes: 9 Tama\u00f1o del tatuaje: 3-12 cm\" \/>\n<meta property=\"og:url\" content=\"https:\/\/likeink.com\/es\/tatuaje-falso\/tatuajes-de-futbol-esqueleto\/\" \/>\n<meta property=\"og:site_name\" content=\"Like ink\" \/>\n<meta property=\"article:publisher\" content=\"https:\/\/www.facebook.com\/LikeInkSe\" \/>\n<meta property=\"article:modified_time\" content=\"2026-03-16T21:39:09+00:00\" \/>\n<meta property=\"og:image\" content=\"https:\/\/likeink.com\/wp-content\/uploads\/2023\/06\/Fotboll-skelett-fejktatueringar-likeink.jpg\" \/>\n\t<meta property=\"og:image:width\" content=\"1200\" \/>\n\t<meta property=\"og:image:height\" content=\"845\" \/>\n\t<meta property=\"og:image:type\" content=\"image\/jpeg\" \/>\n<meta name=\"twitter:card\" content=\"summary_large_image\" \/>\n<meta name=\"twitter:label1\" content=\"Tiempo de lectura\" \/>\n\t<meta name=\"twitter:data1\" content=\"1 minuto\" \/>\n<script type=\"application\/ld+json\" class=\"yoast-schema-graph\">{\"@context\":\"https:\\\/\\\/schema.org\",\"@graph\":[{\"@type\":\"WebPage\",\"@id\":\"https:\\\/\\\/likeink.com\\\/es\\\/tatuaje-falso\\\/tatuajes-de-futbol-esqueleto\\\/\",\"url\":\"https:\\\/\\\/likeink.com\\\/es\\\/tatuaje-falso\\\/tatuajes-de-futbol-esqueleto\\\/\",\"name\":\"Tatuajes de f\u00fatbol #esqueleto\\\" I \u00a1Alta calidad y env\u00edo r\u00e1pido!\",\"isPartOf\":{\"@id\":\"https:\\\/\\\/likeink.com\\\/es\\\/#website\"},\"primaryImageOfPage\":{\"@id\":\"https:\\\/\\\/likeink.com\\\/es\\\/tatuaje-falso\\\/tatuajes-de-futbol-esqueleto\\\/#primaryimage\"},\"image\":{\"@id\":\"https:\\\/\\\/likeink.com\\\/es\\\/tatuaje-falso\\\/tatuajes-de-futbol-esqueleto\\\/#primaryimage\"},\"thumbnailUrl\":\"https:\\\/\\\/likeink.com\\\/wp-content\\\/uploads\\\/2023\\\/06\\\/Fotboll-skelett-fejktatueringar-likeink.jpg\",\"datePublished\":\"2023-06-30T19:48:19+00:00\",\"dateModified\":\"2026-03-16T21:39:09+00:00\",\"description\":\"Explora en likeink.es nuestra selecci\u00f3n exclusiva de tatuajes de f\u00fatbol temporales y vive tu pasi\u00f3n por el deporte rey con estilo.\",\"breadcrumb\":{\"@id\":\"https:\\\/\\\/likeink.com\\\/es\\\/tatuaje-falso\\\/tatuajes-de-futbol-esqueleto\\\/#breadcrumb\"},\"inLanguage\":\"es\",\"potentialAction\":[{\"@type\":\"ReadAction\",\"target\":[\"https:\\\/\\\/likeink.com\\\/es\\\/tatuaje-falso\\\/tatuajes-de-futbol-esqueleto\\\/\"]}]},{\"@type\":\"ImageObject\",\"inLanguage\":\"es\",\"@id\":\"https:\\\/\\\/likeink.com\\\/es\\\/tatuaje-falso\\\/tatuajes-de-futbol-esqueleto\\\/#primaryimage\",\"url\":\"https:\\\/\\\/likeink.com\\\/wp-content\\\/uploads\\\/2023\\\/06\\\/Fotboll-skelett-fejktatueringar-likeink.jpg\",\"contentUrl\":\"https:\\\/\\\/likeink.com\\\/wp-content\\\/uploads\\\/2023\\\/06\\\/Fotboll-skelett-fejktatueringar-likeink.jpg\",\"width\":1200,\"height\":845,\"caption\":\"Tatuajes de esqueletos y calaveras con tem\u00e1tica de f\u00fatbol. Ordena en Like ink.\"},{\"@type\":\"BreadcrumbList\",\"@id\":\"https:\\\/\\\/likeink.com\\\/es\\\/tatuaje-falso\\\/tatuajes-de-futbol-esqueleto\\\/#breadcrumb\",\"itemListElement\":[{\"@type\":\"ListItem\",\"position\":1,\"name\":\"Hem\",\"item\":\"https:\\\/\\\/likeink.com\\\/es\\\/\"},{\"@type\":\"ListItem\",\"position\":2,\"name\":\"Shop\",\"item\":\"https:\\\/\\\/likeink.com\\\/es\\\/shop\\\/\"},{\"@type\":\"ListItem\",\"position\":3,\"name\":\"Tatuajes de f\u00fatbol &#8220;esqueleto&#8221;\"}]},{\"@type\":\"WebSite\",\"@id\":\"https:\\\/\\\/likeink.com\\\/es\\\/#website\",\"url\":\"https:\\\/\\\/likeink.com\\\/es\\\/\",\"name\":\"Like ink\",\"description\":\"HAZ TUS PROPIOS TATUAJES TEMPORALES\",\"potentialAction\":[{\"@type\":\"SearchAction\",\"target\":{\"@type\":\"EntryPoint\",\"urlTemplate\":\"https:\\\/\\\/likeink.com\\\/es\\\/?s={search_term_string}\"},\"query-input\":{\"@type\":\"PropertyValueSpecification\",\"valueRequired\":true,\"valueName\":\"search_term_string\"}}],\"inLanguage\":\"es\"}]}<\/script>\n<!-- \/ Yoast SEO Premium plugin. -->","yoast_head_json":{"title":"Tatuajes de f\u00fatbol #esqueleto\" I \u00a1Alta calidad y env\u00edo r\u00e1pido!","description":"Explora en likeink.es nuestra selecci\u00f3n exclusiva de tatuajes de f\u00fatbol temporales y vive tu pasi\u00f3n por el deporte rey con estilo.","robots":{"index":"index","follow":"follow","max-snippet":"max-snippet:-1","max-image-preview":"max-image-preview:large","max-video-preview":"max-video-preview:-1"},"canonical":"https:\/\/likeink.com\/es\/tatuaje-falso\/tatuajes-de-futbol-esqueleto\/","og_locale":"es_ES","og_type":"article","og_title":"Tatuajes de f\u00fatbol \"esqueleto\"","og_description":"Like Ink Tatuajes Falsos: \u00a1Perfectos para todos los fans del f\u00fatbol! Con nuestros fant\u00e1sticos tatuajes falsos, puedes mostrar tu amor por el f\u00fatbol. Aqu\u00ed obtienes una l\u00e1mina llena de diversos balones de f\u00fatbol ilustrados que son adecuados para el entrenamiento de f\u00fatbol, animar desde las gradas en un partido de f\u00fatbol o cuando deseas agregar un toque extra en casa en el sof\u00e1. Nuestros tatuajes tambi\u00e9n son populares para repartir en fiestas, eventos y reuniones. Ordena hermosos esqueleto tatuajes de f\u00fatbol Los tatuajes son suaves para la piel, de alta calidad y f\u00e1ciles de aplicar.  Tama\u00f1o de la l\u00e1mina: A5 N\u00famero de tatuajes: 9 Tama\u00f1o del tatuaje: 3-12 cm","og_url":"https:\/\/likeink.com\/es\/tatuaje-falso\/tatuajes-de-futbol-esqueleto\/","og_site_name":"Like ink","article_publisher":"https:\/\/www.facebook.com\/LikeInkSe","article_modified_time":"2026-03-16T21:39:09+00:00","og_image":[{"width":1200,"height":845,"url":"https:\/\/likeink.com\/wp-content\/uploads\/2023\/06\/Fotboll-skelett-fejktatueringar-likeink.jpg","type":"image\/jpeg"}],"twitter_card":"summary_large_image","twitter_misc":{"Tiempo de lectura":"1 minuto"},"schema":{"@context":"https:\/\/schema.org","@graph":[{"@type":"WebPage","@id":"https:\/\/likeink.com\/es\/tatuaje-falso\/tatuajes-de-futbol-esqueleto\/","url":"https:\/\/likeink.com\/es\/tatuaje-falso\/tatuajes-de-futbol-esqueleto\/","name":"Tatuajes de f\u00fatbol #esqueleto\" I \u00a1Alta calidad y env\u00edo r\u00e1pido!","isPartOf":{"@id":"https:\/\/likeink.com\/es\/#website"},"primaryImageOfPage":{"@id":"https:\/\/likeink.com\/es\/tatuaje-falso\/tatuajes-de-futbol-esqueleto\/#primaryimage"},"image":{"@id":"https:\/\/likeink.com\/es\/tatuaje-falso\/tatuajes-de-futbol-esqueleto\/#primaryimage"},"thumbnailUrl":"https:\/\/likeink.com\/wp-content\/uploads\/2023\/06\/Fotboll-skelett-fejktatueringar-likeink.jpg","datePublished":"2023-06-30T19:48:19+00:00","dateModified":"2026-03-16T21:39:09+00:00","description":"Explora en likeink.es nuestra selecci\u00f3n exclusiva de tatuajes de f\u00fatbol temporales y vive tu pasi\u00f3n por el deporte rey con estilo.","breadcrumb":{"@id":"https:\/\/likeink.com\/es\/tatuaje-falso\/tatuajes-de-futbol-esqueleto\/#breadcrumb"},"inLanguage":"es","potentialAction":[{"@type":"ReadAction","target":["https:\/\/likeink.com\/es\/tatuaje-falso\/tatuajes-de-futbol-esqueleto\/"]}]},{"@type":"ImageObject","inLanguage":"es","@id":"https:\/\/likeink.com\/es\/tatuaje-falso\/tatuajes-de-futbol-esqueleto\/#primaryimage","url":"https:\/\/likeink.com\/wp-content\/uploads\/2023\/06\/Fotboll-skelett-fejktatueringar-likeink.jpg","contentUrl":"https:\/\/likeink.com\/wp-content\/uploads\/2023\/06\/Fotboll-skelett-fejktatueringar-likeink.jpg","width":1200,"height":845,"caption":"Tatuajes de esqueletos y calaveras con tem\u00e1tica de f\u00fatbol. Ordena en Like ink."},{"@type":"BreadcrumbList","@id":"https:\/\/likeink.com\/es\/tatuaje-falso\/tatuajes-de-futbol-esqueleto\/#breadcrumb","itemListElement":[{"@type":"ListItem","position":1,"name":"Hem","item":"https:\/\/likeink.com\/es\/"},{"@type":"ListItem","position":2,"name":"Shop","item":"https:\/\/likeink.com\/es\/shop\/"},{"@type":"ListItem","position":3,"name":"Tatuajes de f\u00fatbol &#8220;esqueleto&#8221;"}]},{"@type":"WebSite","@id":"https:\/\/likeink.com\/es\/#website","url":"https:\/\/likeink.com\/es\/","name":"Like ink","description":"HAZ TUS PROPIOS TATUAJES TEMPORALES","potentialAction":[{"@type":"SearchAction","target":{"@type":"EntryPoint","urlTemplate":"https:\/\/likeink.com\/es\/?s={search_term_string}"},"query-input":{"@type":"PropertyValueSpecification","valueRequired":true,"valueName":"search_term_string"}}],"inLanguage":"es"}]}},"_links":{"self":[{"href":"https:\/\/likeink.com\/es\/wp-json\/wp\/v2\/product\/19146","targetHints":{"allow":["GET"]}}],"collection":[{"href":"https:\/\/likeink.com\/es\/wp-json\/wp\/v2\/product"}],"about":[{"href":"https:\/\/likeink.com\/es\/wp-json\/wp\/v2\/types\/product"}],"wp:featuredmedia":[{"embeddable":true,"href":"https:\/\/likeink.com\/es\/wp-json\/wp\/v2\/media\/18878"}],"wp:attachment":[{"href":"https:\/\/likeink.com\/es\/wp-json\/wp\/v2\/media?parent=19146"}],"wp:term":[{"taxonomy":"product_brand","embeddable":true,"href":"https:\/\/likeink.com\/es\/wp-json\/wp\/v2\/product_brand?post=19146"},{"taxonomy":"product_cat","embeddable":true,"href":"https:\/\/likeink.com\/es\/wp-json\/wp\/v2\/product_cat?post=19146"},{"taxonomy":"product_tag","embeddable":true,"href":"https:\/\/likeink.com\/es\/wp-json\/wp\/v2\/product_tag?post=19146"}],"curies":[{"name":"wp","href":"https:\/\/api.w.org\/{rel}","templated":true}]}}