{"id":21547,"date":"2023-09-17T07:02:25","date_gmt":"2023-09-17T07:02:25","guid":{"rendered":"https:\/\/likeink.se\/gnuggis\/barbie-och-ken-tatueringar\/"},"modified":"2026-03-16T21:39:21","modified_gmt":"2026-03-16T21:39:21","slug":"barbie-y-ken-tatuajes","status":"publish","type":"product","link":"https:\/\/likeink.com\/es\/tatuaje-falso\/barbie-y-ken-tatuajes\/","title":{"rendered":"Barbie y Ken Tatuajes"},"content":{"rendered":"","protected":false},"excerpt":{"rendered":"<p><strong>Tatuajes Falsos de Barbie y Ken<\/strong><br \/>\nBienvenido al mundo rosa de Barbie y Ken con estos bonitos tatuajes falsos de Like ink. Transforma un buen disfraz y una fiesta divertida en una noche m\u00e1gica con estos tatuajes, perfectos para complementar tu disfraz de Barbie o Ken.<br \/>\nLa hoja de tatuajes contiene tatuajes falsos con citas famosas, logos e \u00edconos del mundo Barbie! Puedes optar por tener el c\u00f3digo de barras en la nuca, donde todas las mu\u00f1ecas reales tienen su marca.<\/p>\n<h2>Opta por tatuajes falsos elegantes con logos, citas y motivos inspirados en Barbie y Ken.<\/h2>\n<p>Los tatuajes son f\u00e1ciles de aplicar, duraderos, hipoalerg\u00e9nicos y f\u00e1ciles de lavar despu\u00e9s de una noche divertida! Imprimimos y enviamos tus tatuajes de Barbie y Ken en 24 horas.<\/p>\n<p><strong>Tama\u00f1o de la hoja: A5<\/strong><br \/>\n<strong>N\u00famero de tatuajes: 16<\/strong><br \/>\n<strong>Tama\u00f1o del tatuaje: 2-8 cm<\/strong><\/p>\n","protected":false},"featured_media":21538,"template":"","meta":[],"product_brand":[],"product_cat":[517,531,240],"product_tag":[],"class_list":{"0":"post-21547","1":"product","2":"type-product","3":"status-publish","4":"has-post-thumbnail","6":"product_cat-disfraz-temporada","7":"product_cat-fiesta-infantil","8":"product_cat-hojas-pre-disenadas","10":"first","11":"instock","12":"taxable","13":"shipping-taxable","14":"purchasable","15":"product-type-simple"},"yoast_head":"<!-- This site is optimized with the Yoast SEO Premium plugin v26.2 (Yoast SEO v27.5) - https:\/\/yoast.com\/product\/yoast-seo-premium-wordpress\/ -->\n<title>Barbie y Ken Tatuajes Barbie y Ken Tatuajes A5 - Like ink<\/title>\n<meta name=\"description\" content=\"Tatuajes de Barbie y Ken: \u00a1Tatuajes falsos de Barbie y Ken para disfraces, m\u00e1scaras y fiestas! \u00a1Pide tus tatuajes de Barbie y Ken hoy! - Like ink\" \/>\n<meta name=\"robots\" content=\"index, follow, max-snippet:-1, max-image-preview:large, max-video-preview:-1\" \/>\n<link rel=\"canonical\" href=\"https:\/\/likeink.com\/es\/tatuaje-falso\/barbie-y-ken-tatuajes\/\" \/>\n<meta property=\"og:locale\" content=\"es_ES\" \/>\n<meta property=\"og:type\" content=\"article\" \/>\n<meta property=\"og:title\" content=\"Barbie y Ken Tatuajes\" \/>\n<meta property=\"og:description\" content=\"Tatuajes Falsos de Barbie y Ken Bienvenido al mundo rosa de Barbie y Ken con estos bonitos tatuajes falsos de Like ink. Transforma un buen disfraz y una fiesta divertida en una noche m\u00e1gica con estos tatuajes, perfectos para complementar tu disfraz de Barbie o Ken. La hoja de tatuajes contiene tatuajes falsos con citas famosas, logos e \u00edconos del mundo Barbie! Puedes optar por tener el c\u00f3digo de barras en la nuca, donde todas las mu\u00f1ecas reales tienen su marca. Opta por tatuajes falsos elegantes con logos, citas y motivos inspirados en Barbie y Ken. Los tatuajes son f\u00e1ciles de aplicar, duraderos, hipoalerg\u00e9nicos y f\u00e1ciles de lavar despu\u00e9s de una noche divertida! Imprimimos y enviamos tus tatuajes de Barbie y Ken en 24 horas.  Tama\u00f1o de la hoja: A5 N\u00famero de tatuajes: 16 Tama\u00f1o del tatuaje: 2-8 cm\" \/>\n<meta property=\"og:url\" content=\"https:\/\/likeink.com\/es\/tatuaje-falso\/barbie-y-ken-tatuajes\/\" \/>\n<meta property=\"og:site_name\" content=\"Like ink\" \/>\n<meta property=\"article:publisher\" content=\"https:\/\/www.facebook.com\/LikeInkSe\" \/>\n<meta property=\"article:modified_time\" content=\"2026-03-16T21:39:21+00:00\" \/>\n<meta property=\"og:image\" content=\"https:\/\/likeink.com\/wp-content\/uploads\/2023\/09\/Barbie-and-Ken-Tattoos-Likeink.jpg\" \/>\n\t<meta property=\"og:image:width\" content=\"1500\" \/>\n\t<meta property=\"og:image:height\" content=\"1057\" \/>\n\t<meta property=\"og:image:type\" content=\"image\/jpeg\" \/>\n<meta name=\"twitter:card\" content=\"summary_large_image\" \/>\n<!-- \/ Yoast SEO Premium plugin. -->","yoast_head_json":{"title":"Barbie y Ken Tatuajes Barbie y Ken Tatuajes A5 - Like ink","description":"Tatuajes de Barbie y Ken: \u00a1Tatuajes falsos de Barbie y Ken para disfraces, m\u00e1scaras y fiestas! \u00a1Pide tus tatuajes de Barbie y Ken hoy! - Like ink","robots":{"index":"index","follow":"follow","max-snippet":"max-snippet:-1","max-image-preview":"max-image-preview:large","max-video-preview":"max-video-preview:-1"},"canonical":"https:\/\/likeink.com\/es\/tatuaje-falso\/barbie-y-ken-tatuajes\/","og_locale":"es_ES","og_type":"article","og_title":"Barbie y Ken Tatuajes","og_description":"Tatuajes Falsos de Barbie y Ken Bienvenido al mundo rosa de Barbie y Ken con estos bonitos tatuajes falsos de Like ink. Transforma un buen disfraz y una fiesta divertida en una noche m\u00e1gica con estos tatuajes, perfectos para complementar tu disfraz de Barbie o Ken. La hoja de tatuajes contiene tatuajes falsos con citas famosas, logos e \u00edconos del mundo Barbie! Puedes optar por tener el c\u00f3digo de barras en la nuca, donde todas las mu\u00f1ecas reales tienen su marca. Opta por tatuajes falsos elegantes con logos, citas y motivos inspirados en Barbie y Ken. Los tatuajes son f\u00e1ciles de aplicar, duraderos, hipoalerg\u00e9nicos y f\u00e1ciles de lavar despu\u00e9s de una noche divertida! Imprimimos y enviamos tus tatuajes de Barbie y Ken en 24 horas.  Tama\u00f1o de la hoja: A5 N\u00famero de tatuajes: 16 Tama\u00f1o del tatuaje: 2-8 cm","og_url":"https:\/\/likeink.com\/es\/tatuaje-falso\/barbie-y-ken-tatuajes\/","og_site_name":"Like ink","article_publisher":"https:\/\/www.facebook.com\/LikeInkSe","article_modified_time":"2026-03-16T21:39:21+00:00","og_image":[{"width":1500,"height":1057,"url":"https:\/\/likeink.com\/wp-content\/uploads\/2023\/09\/Barbie-and-Ken-Tattoos-Likeink.jpg","type":"image\/jpeg"}],"twitter_card":"summary_large_image","schema":{"@context":"https:\/\/schema.org","@graph":[{"@type":"WebPage","@id":"https:\/\/likeink.com\/es\/tatuaje-falso\/barbie-y-ken-tatuajes\/","url":"https:\/\/likeink.com\/es\/tatuaje-falso\/barbie-y-ken-tatuajes\/","name":"Barbie y Ken Tatuajes Barbie y Ken Tatuajes A5 - Like ink","isPartOf":{"@id":"https:\/\/likeink.com\/es\/#website"},"primaryImageOfPage":{"@id":"https:\/\/likeink.com\/es\/tatuaje-falso\/barbie-y-ken-tatuajes\/#primaryimage"},"image":{"@id":"https:\/\/likeink.com\/es\/tatuaje-falso\/barbie-y-ken-tatuajes\/#primaryimage"},"thumbnailUrl":"https:\/\/likeink.com\/wp-content\/uploads\/2023\/09\/Barbie-and-Ken-Tattoos-Likeink.jpg","datePublished":"2023-09-17T07:02:25+00:00","dateModified":"2026-03-16T21:39:21+00:00","description":"Tatuajes de Barbie y Ken: \u00a1Tatuajes falsos de Barbie y Ken para disfraces, m\u00e1scaras y fiestas! \u00a1Pide tus tatuajes de Barbie y Ken hoy! - Like ink","breadcrumb":{"@id":"https:\/\/likeink.com\/es\/tatuaje-falso\/barbie-y-ken-tatuajes\/#breadcrumb"},"inLanguage":"es","potentialAction":[{"@type":"ReadAction","target":["https:\/\/likeink.com\/es\/tatuaje-falso\/barbie-y-ken-tatuajes\/"]}]},{"@type":"ImageObject","inLanguage":"es","@id":"https:\/\/likeink.com\/es\/tatuaje-falso\/barbie-y-ken-tatuajes\/#primaryimage","url":"https:\/\/likeink.com\/wp-content\/uploads\/2023\/09\/Barbie-and-Ken-Tattoos-Likeink.jpg","contentUrl":"https:\/\/likeink.com\/wp-content\/uploads\/2023\/09\/Barbie-and-Ken-Tattoos-Likeink.jpg","width":1500,"height":1057,"caption":"Tatuajes de la pel\u00edcula de Barbie. Tatuajes de Ken y Barbie. Ella es todo, \u00e9l es solo Ken."},{"@type":"BreadcrumbList","@id":"https:\/\/likeink.com\/es\/tatuaje-falso\/barbie-y-ken-tatuajes\/#breadcrumb","itemListElement":[{"@type":"ListItem","position":1,"name":"Hem","item":"https:\/\/likeink.com\/es\/"},{"@type":"ListItem","position":2,"name":"Shop","item":"https:\/\/likeink.com\/es\/shop\/"},{"@type":"ListItem","position":3,"name":"Barbie y Ken Tatuajes"}]},{"@type":"WebSite","@id":"https:\/\/likeink.com\/es\/#website","url":"https:\/\/likeink.com\/es\/","name":"Like ink","description":"HAZ TUS PROPIOS TATUAJES TEMPORALES","potentialAction":[{"@type":"SearchAction","target":{"@type":"EntryPoint","urlTemplate":"https:\/\/likeink.com\/es\/?s={search_term_string}"},"query-input":{"@type":"PropertyValueSpecification","valueRequired":true,"valueName":"search_term_string"}}],"inLanguage":"es"}]}},"_links":{"self":[{"href":"https:\/\/likeink.com\/es\/wp-json\/wp\/v2\/product\/21547","targetHints":{"allow":["GET"]}}],"collection":[{"href":"https:\/\/likeink.com\/es\/wp-json\/wp\/v2\/product"}],"about":[{"href":"https:\/\/likeink.com\/es\/wp-json\/wp\/v2\/types\/product"}],"wp:featuredmedia":[{"embeddable":true,"href":"https:\/\/likeink.com\/es\/wp-json\/wp\/v2\/media\/21538"}],"wp:attachment":[{"href":"https:\/\/likeink.com\/es\/wp-json\/wp\/v2\/media?parent=21547"}],"wp:term":[{"taxonomy":"product_brand","embeddable":true,"href":"https:\/\/likeink.com\/es\/wp-json\/wp\/v2\/product_brand?post=21547"},{"taxonomy":"product_cat","embeddable":true,"href":"https:\/\/likeink.com\/es\/wp-json\/wp\/v2\/product_cat?post=21547"},{"taxonomy":"product_tag","embeddable":true,"href":"https:\/\/likeink.com\/es\/wp-json\/wp\/v2\/product_tag?post=21547"}],"curies":[{"name":"wp","href":"https:\/\/api.w.org\/{rel}","templated":true}]}}